{"id":40869,"date":"2022-12-07T08:06:28","date_gmt":"2022-12-07T08:06:28","guid":{"rendered":"https:\/\/jackpotlotteryonline.com\/?page_id=40869"},"modified":"2022-12-28T16:07:51","modified_gmt":"2022-12-28T16:07:51","slug":"german-lotto","status":"publish","type":"page","link":"https:\/\/jackpotlotteryonline.com\/et\/winning-numbers\/german-lotto\/","title":{"rendered":"Saksamaa Lotto loosimise tulemused"},"content":{"rendered":"<p>Saksa Lotto loosimise tulemusedKui olete<a href=\"https:\/\/jackpotlotteryonline.com\/et\/kuidas-mangida\/german-lotto\"> m\u00e4nginud Saksa Lottot<\/a> v\u00f5i soovite seda proovida, siis on v\u00f5itnud numbrite kontrollimine h\u00e4davajalik. Loteriiv\u00f5it on elu muutev kogemus.<\/p>\n<p>Tuntud kui 6 aus 49 v\u00f5i 6 out of 49, on see \u00fcks populaarsemaid loteriid Euroopas. Uskumatute t\u00f5en\u00e4osuste ja elumuutvate jackpot-v\u00f5itudega Saksa lotos on \u00fcheksa erinevat auhinnaklassi.<\/p>\n<p>Seda on lihtne m\u00e4ngida ja n\u00fc\u00fcd saab Saksamaa lotosse siseneda \u00fcksk\u00f5ik kust maailma punktist. Samuti saate oma v\u00f5idunumbreid kontrollida, kui m\u00e4ngite jackpotlottoonline.com veebilehel<\/p>\n<h2>Kuidas m\u00e4ngida Saksa lotot<\/h2>\n<p><img loading=\"lazy\" decoding=\"async\" class=\"alignright size-medium wp-image-29156\" src=\"http:\/\/jackpotlotteryonline.com\/wp-content\/uploads\/2022\/11\/1_play_lotto_to_win-300x214.jpg\" alt=\"sisestage Saksa loto, et v\u00f5ita auhindu\" width=\"300\" height=\"214\" srcset=\"https:\/\/jackpotlotteryonline.com\/wp-content\/uploads\/2022\/11\/1_play_lotto_to_win-300x214.jpg 300w, https:\/\/jackpotlotteryonline.com\/wp-content\/uploads\/2022\/11\/1_play_lotto_to_win.jpg 320w\" sizes=\"auto, (max-width: 300px) 100vw, 300px\" \/>P\u00f5him\u00f5tteliselt peavad m\u00e4ngijad lihtsalt valima 6 numbrit vahemikust 1 kuni 49 ja kes vastab loositud tulemustele, see v\u00f5idab jackpoti. On olemas ka boonusnumber, mida nimetatakse supernumbriks. See valitakse juhuslikult ja seda kasutatakse kolme tasandi v\u00f5itjate, sealhulgas jackpoti kindlaksm\u00e4\u00e4ramiseks.<\/p>\n<p>Jackpoti summa on garanteeritud \u00fcks miljon eurot, kuid kui p\u00e4rast loosimist ei leia v\u00f5itjat, siis l\u00e4heb see \u00fcle. Saksa loto jackpot v\u00f5ib ulatuda kuni 14 000 000 euroni, mis meie arvates on p\u00e4ris vinge.<\/p>\n<h2>M\u00e4ngimine jackpotlottoonline.com veebilehel<\/h2>\n<p>Kui<a href=\"https:\/\/jackpotlotteryonline.com\/et\/kuidas-osta-loteriipileteid-internetis\/lotto-germany\"> ostate meilt pileti<\/a>, osalete tegelikult lotos. Me ei tegutse nagu m\u00f5ned online-loto saidid, mis annavad m\u00e4ngijatele lihtsalt v\u00f5imaluse panustada tulemusele. Kui te panustate tulemusele, siis isegi kui saate v\u00f5idunumbrid, ei v\u00f5ida te loto.<\/p>\n<p>Me oleme kontorisait, mis annab meie klientidele v\u00f5imaluse osaleda loteriides \u00fcle kogu maailma. Kui ostate Saksamaa loto pileti veebist, ostavad meie agendid riigis f\u00fc\u00fcsilise pileti. F\u00fc\u00fcsilisel Saksa loto piletil on samad numbrid, mis te valisite. Seej\u00e4rel skaneerime selle teie kontole.<\/p>\n<p><strong>Et meiega koos lotot m\u00e4ngida:<\/strong><\/p>\n<ul>\n<li>Valige 6 numbrit 49-st. V\u00f5ite kasutada ka meie automaatset generaatorit, et valida juhuslikke loto numbreid.<\/li>\n<li>Sisestage loosimised. Saate sisestada \u00fche v\u00f5i mitu loosimist.<\/li>\n<li>Valige, mitu n\u00e4dalat ette saate m\u00e4ngida (v\u00f5i saate m\u00e4ngida ainult \u00fche korra).<\/li>\n<li>Registreeruge oma makse t\u00f6\u00f6tlemiseks (see on selleks, et me saaksime teid teavitada, kui olete loto v\u00f5itnud).<\/li>\n<\/ul>\n<h2>Saksa loto v\u00f5itmine (auhindade jaotus)<\/h2>\n<p><img loading=\"lazy\" decoding=\"async\" class=\"alignright size-medium wp-image-28616\" src=\"http:\/\/jackpotlotteryonline.com\/wp-content\/uploads\/2022\/11\/1_online_lotto-300x128.jpg\" alt=\"M\u00e4ngi Saksa lotot\" width=\"300\" height=\"128\" srcset=\"https:\/\/jackpotlotteryonline.com\/wp-content\/uploads\/2022\/11\/1_online_lotto-300x128.jpg 300w, https:\/\/jackpotlotteryonline.com\/wp-content\/uploads\/2022\/11\/1_online_lotto.jpg 320w\" sizes=\"auto, (max-width: 300px) 100vw, 300px\" \/>Me juba mainisime, et selles Euroopa lotos on 9 erinevat auhinnaklassi. See on palju auhindu, mida m\u00e4ngija v\u00f5ib v\u00f5ita, mis seletab, miks see loto on mandril nii populaarne. T\u00f5en\u00e4osus v\u00f5ita jackpot on 1:139 838 160.<\/p>\n<p>Jagame auhindade jaotust erinevate auhinnaklasside kohta, samuti iga tasandi koefitsiente. Samuti lisame iga jaotise hinnangulise auhinna. Auhinnad m\u00e4\u00e4ratakse kindlaks \u00fcldise lotofondi alusel, kuid varasemate v\u00f5itude p\u00f5hjal on v\u00f5imalik saada ligikaudne arv.<\/p>\n<p>1. tasand: 6 + supernumber &#8211; 12 585 434,40 eurot (jackpot) &#8211; 1:139 838 160<\/p>\n<p>Tase 2: ainult 6 numbrit &#8211; 1 003 509,30 eurot &#8211; 1: 15 537 573 eurot.<\/p>\n<p>Tase 3: 5 + supernumber &#8211; 12 135,40 \u20ac &#8211; 1:524 008<\/p>\n<p>M\u00e4\u00e4ramistasand 4: ainult 5 numbrit &#8211; 4,019.20 \u20ac &#8211; 1:60,223<\/p>\n<p>tasand 5: 4 + supernumber &#8211; 191,10 \u20ac &#8211; 1:10,324<\/p>\n<p>M\u00e4\u00e4ramistasand 6: ainult 4 numbrit &#8211; 50,30 \u20ac &#8211; 1:1,147<\/p>\n<p>M\u00e4\u00e4ramistasand 7: 3 + supernumber &#8211; 21,20 eurot &#8211; 1:567<\/p>\n<p>Tase 8: ainult 3 numbrit &#8211; 11,10 \u20ac &#8211; 1:63<\/p>\n<p>Tase 9: 2 + supernumber &#8211; 6 \u20ac &#8211; 1:76<\/p>\n<section class=\"layout\" style=\"border: solid 1px; width: 100%;\">\n<div class=\"img-div\" style=\"margin-top: 5px;\"><img decoding=\"async\" class=\"wp-image-17212 alignleft\" style=\"height: 45px; margin: 8px 8px 0px;\" src=\"http:\/\/jackpotlotteryonline.com\/wp-content\/uploads\/2022\/11\/read1.jpg\" alt=\"loe\" width=\"\" height=\"\" \/><\/div>\n<div style=\"padding-left: 5px;\">\n<div style=\"font-size: 1.1em;\">\n<p><strong>Teie riigi loterii rahvusvahelises v\u00f5rdluses<\/strong><\/p>\n<p style=\"font-size: 0.85em; margin-top: -1.5em;\">Teie kohalik loterii v\u00f5ib olla teie halvim valik &#8211; miks on m\u00f5istlikum maksta rohkem, kuid minna suuremate jackpotite peale\u00a0<a href=\"https:\/\/jackpotlotteryonline.com\/et\/teie-riigi-loterii-internatsionaalses-vordluses\"> loe edasi<\/a><\/p>\n<\/div>\n<\/div>\n<\/section>\n<h2>Kontrollige oma v\u00f5idunumbreid internetis<\/h2>\n<p>Nii nagu Saksa loto m\u00e4ngimine on uskumatult lihtne, oleme lihtsustanud ka tulemuste kontrollimist. Kui m\u00e4ngite seda loto, siis saate h\u00f5lpsasti kontrollida oma v\u00f5idunumbreid internetis. Kontrollige p\u00e4rast iga loosimist, kas olete v\u00f5itnud auhinna. Kuna me avaldame loosimise tulemused siinsamas.<\/p>\n<p>Kuid isegi kui te unustate p\u00e4rast loosimisi kontrollida, anname teile teada, kas olete v\u00f5itnud auhindu. Me mitte ainult ei teavita teid oma konto kaudu, vaid saadame teile ka e-kirja.<\/p>\n<h2>Kuidas n\u00f5uda oma auhinda<\/h2>\n<p>Saksa loto loosimised toimuvad kord n\u00e4dalas kolmap\u00e4eviti. P\u00e4rast loosimisi teatatakse v\u00f5idunumbrid. Loterii v\u00f5itmine t\u00e4hendab lihtsalt seda, et teil on pilet, mis vastab loositud tulemustele.<\/p>\n<p>Kui v\u00f5idate auhinna, saate oma auhinna h\u00f5lpsasti k\u00e4tte, v\u00f5ttes selle meie platvormilt oma kontole. Nii ongi. Iga auhinna, mis on v\u00e4iksem kui 2500 eurot, saab otse oma kontole v\u00e4lja v\u00f5tta.<\/p>\n<p>Summade puhul, mis on suuremad kui 2500 eurot, peate v\u00f5ib-olla t\u00e4itma lotoettev\u00f5tte n\u00f5udeavalduse vormi. Kuid me juhatame teid selle protsessi kaudu. Seega, kui te pole veel oma Saksa lotopiletit ostnud, siis tehke seda kohe. Ja \u00e4rge unustage kontrollida v\u00f5idunumbreid.<\/p>\n","protected":false},"excerpt":{"rendered":"<p>Saksa Lotto loosimise tulemusedKui olete m\u00e4nginud Saksa Lottot v\u00f5i soovite seda proovida, siis on v\u00f5itnud numbrite kontrollimine h\u00e4davajalik. Loteriiv\u00f5it on elu muutev kogemus. Tuntud kui 6 aus 49 v\u00f5i 6 out of 49, on see \u00fcks populaarsemaid loteriid Euroopas. Uskumatute t\u00f5en\u00e4osuste ja elumuutvate jackpot-v\u00f5itudega Saksa lotos on \u00fcheksa erinevat auhinnaklassi. Seda on lihtne m\u00e4ngida ja [&hellip;]<\/p>\n","protected":false},"author":1,"featured_media":0,"parent":35822,"menu_order":8,"comment_status":"closed","ping_status":"closed","template":"lotto-german-results.php","meta":{"_et_pb_use_builder":"","_et_pb_old_content":"","_et_gb_content_width":"","exclude_from_search":false,"footnotes":""},"class_list":["post-40869","page","type-page","status-publish","hentry"],"yoast_head":"<!-- This site is optimized with the Yoast SEO plugin v23.3 - https:\/\/yoast.com\/wordpress\/plugins\/seo\/ -->\n<title>Saksa loto v\u00f5idunumbrid ja loosimise tulemused<\/title>\n<meta name=\"description\" content=\"Loetelu siin k\u00f5ik praegused ja varasemad v\u00f5idunumbrid, loosimise tulemused Saksamaa loto jaoks.\" \/>\n<meta name=\"robots\" content=\"index, follow, max-snippet:-1, max-image-preview:large, max-video-preview:-1\" \/>\n<link rel=\"canonical\" href=\"https:\/\/jackpotlotteryonline.com\/et\/winning-numbers\/german-lotto\/\" \/>\n<meta property=\"og:locale\" content=\"et_EE\" \/>\n<meta property=\"og:type\" content=\"article\" \/>\n<meta property=\"og:title\" content=\"Saksa loto v\u00f5idunumbrid ja loosimise tulemused\" \/>\n<meta property=\"og:description\" content=\"Loetelu siin k\u00f5ik praegused ja varasemad v\u00f5idunumbrid, loosimise tulemused Saksamaa loto jaoks.\" \/>\n<meta property=\"og:url\" content=\"https:\/\/jackpotlotteryonline.com\/et\/winning-numbers\/german-lotto\/\" \/>\n<meta property=\"og:site_name\" content=\"Lotto Online - Crack The International Lottery Jackpots\" \/>\n<meta property=\"article:modified_time\" content=\"2022-12-28T16:07:51+00:00\" \/>\n<meta property=\"og:image\" content=\"http:\/\/jackpotlotteryonline.com\/wp-content\/uploads\/2022\/11\/1_play_lotto_to_win-300x214.jpg\" \/>\n<meta name=\"twitter:card\" content=\"summary_large_image\" \/>\n<meta name=\"twitter:label1\" content=\"Est. reading time\" \/>\n\t<meta name=\"twitter:data1\" content=\"4 minutit\" \/>\n<!-- \/ Yoast SEO plugin. -->","yoast_head_json":{"title":"Saksa loto v\u00f5idunumbrid ja loosimise tulemused","description":"Loetelu siin k\u00f5ik praegused ja varasemad v\u00f5idunumbrid, loosimise tulemused Saksamaa loto jaoks.","robots":{"index":"index","follow":"follow","max-snippet":"max-snippet:-1","max-image-preview":"max-image-preview:large","max-video-preview":"max-video-preview:-1"},"canonical":"https:\/\/jackpotlotteryonline.com\/et\/winning-numbers\/german-lotto\/","og_locale":"et_EE","og_type":"article","og_title":"Saksa loto v\u00f5idunumbrid ja loosimise tulemused","og_description":"Loetelu siin k\u00f5ik praegused ja varasemad v\u00f5idunumbrid, loosimise tulemused Saksamaa loto jaoks.","og_url":"https:\/\/jackpotlotteryonline.com\/et\/winning-numbers\/german-lotto\/","og_site_name":"Lotto Online - Crack The International Lottery Jackpots","article_modified_time":"2022-12-28T16:07:51+00:00","og_image":[{"url":"http:\/\/jackpotlotteryonline.com\/wp-content\/uploads\/2022\/11\/1_play_lotto_to_win-300x214.jpg"}],"twitter_card":"summary_large_image","twitter_misc":{"Est. reading time":"4 minutit"},"schema":{"@context":"https:\/\/schema.org","@graph":[{"@type":"WebPage","@id":"https:\/\/jackpotlotteryonline.com\/et\/winning-numbers\/german-lotto\/","url":"https:\/\/jackpotlotteryonline.com\/et\/winning-numbers\/german-lotto\/","name":"Saksa loto v\u00f5idunumbrid ja loosimise tulemused","isPartOf":{"@id":"https:\/\/jackpotlotteryonline.com\/#website"},"primaryImageOfPage":{"@id":"https:\/\/jackpotlotteryonline.com\/et\/winning-numbers\/german-lotto\/#primaryimage"},"image":{"@id":"https:\/\/jackpotlotteryonline.com\/et\/winning-numbers\/german-lotto\/#primaryimage"},"thumbnailUrl":"http:\/\/jackpotlotteryonline.com\/wp-content\/uploads\/2022\/11\/1_play_lotto_to_win-300x214.jpg","datePublished":"2022-12-07T08:06:28+00:00","dateModified":"2022-12-28T16:07:51+00:00","description":"Loetelu siin k\u00f5ik praegused ja varasemad v\u00f5idunumbrid, loosimise tulemused Saksamaa loto jaoks.","breadcrumb":{"@id":"https:\/\/jackpotlotteryonline.com\/et\/winning-numbers\/german-lotto\/#breadcrumb"},"inLanguage":"et","potentialAction":[{"@type":"ReadAction","target":["https:\/\/jackpotlotteryonline.com\/et\/winning-numbers\/german-lotto\/"]}]},{"@type":"ImageObject","inLanguage":"et","@id":"https:\/\/jackpotlotteryonline.com\/et\/winning-numbers\/german-lotto\/#primaryimage","url":"http:\/\/jackpotlotteryonline.com\/wp-content\/uploads\/2022\/11\/1_play_lotto_to_win-300x214.jpg","contentUrl":"http:\/\/jackpotlotteryonline.com\/wp-content\/uploads\/2022\/11\/1_play_lotto_to_win-300x214.jpg"},{"@type":"BreadcrumbList","@id":"https:\/\/jackpotlotteryonline.com\/et\/winning-numbers\/german-lotto\/#breadcrumb","itemListElement":[{"@type":"ListItem","position":1,"name":"Home","item":"https:\/\/jackpotlotteryonline.com\/et\/"},{"@type":"ListItem","position":2,"name":"Loterii tulemused","item":"https:\/\/jackpotlotteryonline.com\/winning-numbers\/"},{"@type":"ListItem","position":3,"name":"Saksamaa Lotto loosimise tulemused"}]},{"@type":"WebSite","@id":"https:\/\/jackpotlotteryonline.com\/#website","url":"https:\/\/jackpotlotteryonline.com\/","name":"Lotto Online - Crack The International Lottery Jackpots","description":"","potentialAction":[{"@type":"SearchAction","target":{"@type":"EntryPoint","urlTemplate":"https:\/\/jackpotlotteryonline.com\/?s={search_term_string}"},"query-input":"required name=search_term_string"}],"inLanguage":"et"}]}},"_links":{"self":[{"href":"https:\/\/jackpotlotteryonline.com\/et\/wp-json\/wp\/v2\/pages\/40869","targetHints":{"allow":["GET"]}}],"collection":[{"href":"https:\/\/jackpotlotteryonline.com\/et\/wp-json\/wp\/v2\/pages"}],"about":[{"href":"https:\/\/jackpotlotteryonline.com\/et\/wp-json\/wp\/v2\/types\/page"}],"author":[{"embeddable":true,"href":"https:\/\/jackpotlotteryonline.com\/et\/wp-json\/wp\/v2\/users\/1"}],"replies":[{"embeddable":true,"href":"https:\/\/jackpotlotteryonline.com\/et\/wp-json\/wp\/v2\/comments?post=40869"}],"version-history":[{"count":0,"href":"https:\/\/jackpotlotteryonline.com\/et\/wp-json\/wp\/v2\/pages\/40869\/revisions"}],"up":[{"embeddable":true,"href":"https:\/\/jackpotlotteryonline.com\/et\/wp-json\/wp\/v2\/pages\/35822"}],"wp:attachment":[{"href":"https:\/\/jackpotlotteryonline.com\/et\/wp-json\/wp\/v2\/media?parent=40869"}],"curies":[{"name":"wp","href":"https:\/\/api.w.org\/{rel}","templated":true}]}}