{"id":40923,"date":"2022-12-07T10:02:17","date_gmt":"2022-12-07T10:02:17","guid":{"rendered":"https:\/\/jackpotlotteryonline.com\/?page_id=40923"},"modified":"2022-12-28T20:36:12","modified_gmt":"2022-12-28T20:36:12","slug":"france-lotto-2","status":"publish","type":"page","link":"https:\/\/jackpotlotteryonline.com\/et\/winning-numbers\/france-lotto-2\/","title":{"rendered":"Prantsusmaa loterii tulemused"},"content":{"rendered":"<p>Prantsusmaa loto on Euroopa loto, mis toodab v\u00f5itjaid kolm korda n\u00e4dalas. See k\u00e4ivitati 1976. aastal ja selle loosimisp\u00e4evad on esmasp\u00e4eviti, kolmap\u00e4eviti ja laup\u00e4eviti. Prantsusmaa Loto v\u00f5idunumbrid kuulutatakse v\u00e4lja nendel p\u00e4evadel. V\u00f5itjad kogu maailmast saavad osaleda Prantsusmaa lotos, ostes piletid internetis.<\/p>\n<h2>Miks peaksite kontrollima v\u00f5idunumbreid<\/h2>\n<p>\u00dcldiselt ei tea France Lotto ettev\u00f5te k\u00f5igi piletid toonud isikute identiteeti. Seega ei ole neil v\u00f5imalik v\u00f5tta \u00fchendust loto v\u00f5idupiletitega. Seep\u00e4rast peate pidevalt kontrollima oma piletit loositud numbritega, et teada saada, kas olete v\u00f5itnud.<\/p>\n<p>Samuti on Prantsusmaa lotos 10 auhinnajagamist. On v\u00f5imalik, et m\u00e4ngija ei v\u00f5itnud k\u00fcll jackpotit, kuid v\u00f5is v\u00f5ita teisi auhindu.<\/p>\n<h2>Prantsusmaa Loto v\u00f5idutulemuste kontrollimise viisid<\/h2>\n<p><img loading=\"lazy\" decoding=\"async\" class=\"alignright wp-image-31748\" src=\"https:\/\/jackpotlotteryonline.com\/wp-content\/uploads\/2022\/11\/rf_results_page-300x225.jpg\" alt=\"Prantsusmaa Lotto v\u00f5idutulemused\" width=\"244\" height=\"183\" srcset=\"https:\/\/jackpotlotteryonline.com\/wp-content\/uploads\/2022\/11\/rf_results_page-300x225.jpg 300w, https:\/\/jackpotlotteryonline.com\/wp-content\/uploads\/2022\/11\/rf_results_page-600x449.jpg 600w, https:\/\/jackpotlotteryonline.com\/wp-content\/uploads\/2022\/11\/rf_results_page-768x575.jpg 768w, https:\/\/jackpotlotteryonline.com\/wp-content\/uploads\/2022\/11\/rf_results_page.jpg 801w\" sizes=\"auto, (max-width: 244px) 100vw, 244px\" \/>Prantsusmaa loto loosimise tulemuste kontrollimiseks on mitu v\u00f5imalust. See on oluline, et v\u00e4lja selgitada jackpoti v\u00f5itnud pilet. Pidage meeles, et v\u00f5itja on see, kes vastab loositud numbritele. Kui ostate Prantsusmaa loto pileteid, saate kontrollida loosimise tulemusi \u00fcksk\u00f5ik millisel j\u00e4rgmistest viisidest:<\/p>\n<h3>Vaadake otse\u00fclekannet televisiooni loosimisest<\/h3>\n<p>See on t\u00f5esti \u00fcsna p\u00f5nev, sest numbrid kuulutatakse v\u00e4lja ja saate kohe teada, kas olete v\u00f5itnud. Probleemiks on see, et Prantsusmaa loto otse\u00fclekannete vaatamiseks peate elama Prantsusmaal.<\/p>\n<section class=\"layout\" style=\"border: solid 1px; width: 100%;\">\n<div class=\"img-div\" style=\"margin-top: 5px;\"><img decoding=\"async\" class=\"wp-image-17212 alignleft\" style=\"height: 45px; margin: 8px 8px 0px;\" src=\"https:\/\/jackpotlotteryonline.com\/wp-content\/uploads\/2022\/11\/read1.jpg\" alt=\"loe\" width=\"\" height=\"\" \/><\/div>\n<div style=\"padding-left: 5px;\">\n<div style=\"font-size: 1.1em;\">\n<p><strong>\u00c4ra j\u00e4ta vahele maailma suurimate loteriide jackpotide loosimise aegasid<\/strong><\/p>\n<p style=\"font-size: 0.85em; margin-top: -1.5em;\">Loetelu rahvusvaheliste loteriide loosimise aegadest\u00a0 <a href=\"https:\/\/jackpotlotteryonline.com\/et\/millal-on-rahvusvaheliste-loteriide-loosimise-ajad?\"> loe edasi<\/a><\/p>\n<\/div>\n<\/div>\n<\/section>\n<h3>K\u00fclastage uudiste veebilehti<\/h3>\n<p>Teine v\u00f5imalus kontrollida loosimise tulemusi on vaadata uudiste saite. Erinevad uudistesaidid avaldavad oma lehek\u00fclgedel v\u00f5itnud kombinatsioone. Eriti kehtib see Euroopa uudistesaitide kohta. Kui sa v\u00f5idad jackpoti, siis on see suurep\u00e4rane v\u00f5imalus. Siiski on mitmeid teisi auhinnajagusid, mida m\u00e4ngija v\u00f5ib v\u00f5ita. Kahjuks ei avalda need saidid tavaliselt nende jaotuste v\u00f5idukombinatsioone. Seega, kui v\u00f5idate n\u00e4iteks teise astme auhinna, v\u00f5ite sellest ilma j\u00e4\u00e4da.<\/p>\n<h3>Vaata jackpotlotteryonline.com<\/h3>\n<p>Kui registreerite end meie juures, saate h\u00f5lpsasti kontrollida Prantsusmaa loto v\u00f5idunumbreid. P\u00e4rast iga loosimist avaldame tulemused siinsamas meie lehel. Samuti, kui sa v\u00f5idad m\u00f5ne auhinna, teavitame sind kohe, olenemata sellest, millise auhinnar\u00fchma sa oled v\u00f5itnud. Lisaks saate oma lotov\u00f5idud otse meie lehelt oma kontole v\u00e4lja v\u00f5tta.<\/p>\n<h3>Online m\u00e4ngimise eelised<\/h3>\n<p>V\u00f5imalus mugavalt kontrollida loosimistulemusi on vaid \u00fcks<a href=\"https:\/\/jackpotlotteryonline.com\/et\/kuidas-mangida\/france-lotto\"> loto online m\u00e4ngimise<\/a> eeliseid. Kuid me peame n\u00f5ustuma, et see on suur eelis. Siin on m\u00f5ned eelised l\u00fchidalt:<\/p>\n<ul>\n<li>Juurdep\u00e4\u00e4s rahvusvahelistele tipplotodele k\u00f5ikjalt<\/li>\n<li>Mugavus m\u00e4ngida oma arvutist v\u00f5i mobiilseadmest<\/li>\n<li>Mitmete loosimiste h\u00f5lpsasti ette planeerimine<\/li>\n<li>Kontrollida loosimise tulemusi mugavalt<\/li>\n<li>V\u00f5itude v\u00e4ljav\u00f5tmine otse oma kontole<\/li>\n<\/ul>\n<h2>Prantsusmaa Lotto v\u00f5idukombinatsioonid<\/h2>\n<p>\u00d5igete kombinatsioonide valimine oma Prantsusmaa loto piletile v\u00f5ib olla \u00fcsna keeruline. Paljudel m\u00e4ngijatel on erinevaid n\u00f5uandeid, mida nad kasutavad, et suurendada oma v\u00f5iduv\u00f5imalusi loteriis. Mida me v\u00f5ime teile \u00f6elda, on see, et ei ole olemas garanteeritud meetodit loteriiv\u00f5idu saamiseks. See on \u00f5nne k\u00fcsimus. Siiski saame jagada m\u00f5ningaid strateegiaid, mida m\u00e4ngijad kasutavad oma v\u00f5idunumbrite valimiseks.<\/p>\n<p>M\u00f5nedele m\u00e4ngijatele meeldib vaadata l\u00e4bi varasemad v\u00f5idukombinatsioonid, et leida numbrid, mis esinevad regulaarselt v\u00f5i harva. Nad suudavad tuvastada mustri ja kasutada seda, et luua strateegia loteriim\u00e4nguks. Kas see t\u00f6\u00f6tab v\u00f5i mitte, on raske \u00f6elda.<\/p>\n<p>Teised m\u00e4ngijad otsustavad m\u00e4ngida sageli, ostes mitu piletit ja osaledes mitmes loosimises. Selle loogika seisneb selles, et mida rohkem kordi loteriid m\u00e4ngida, seda suuremad on v\u00f5iduv\u00f5imalused. Huvitav on see, et enamik v\u00f5itjaid m\u00e4ngis aastaid enne loteriiv\u00f5itu. Siiski on ka neid, kes v\u00f5itsid esimesel m\u00e4ngimisel.<\/p>\n<h2>Kokkuv\u00f5te<\/h2>\n<p>Kokkuv\u00f5tteks v\u00f5ib \u00f6elda, et Prantsusmaa loto on \u00f5nnem\u00e4ng. Saate<a href=\"https:\/\/jackpotlotteryonline.com\/et\/kuidas-osta-loteriipileteid-internetis\/lotto-france\"> osta oma Prantsusmaa loto pileteid<\/a> ja kontrollida v\u00f5idukombinatsioone siinsamas jackpotlotteryonline.com veebilehel<\/p>\n","protected":false},"excerpt":{"rendered":"<p>Prantsusmaa loto on Euroopa loto, mis toodab v\u00f5itjaid kolm korda n\u00e4dalas. See k\u00e4ivitati 1976. aastal ja selle loosimisp\u00e4evad on esmasp\u00e4eviti, kolmap\u00e4eviti ja laup\u00e4eviti. Prantsusmaa Loto v\u00f5idunumbrid kuulutatakse v\u00e4lja nendel p\u00e4evadel. V\u00f5itjad kogu maailmast saavad osaleda Prantsusmaa lotos, ostes piletid internetis. Miks peaksite kontrollima v\u00f5idunumbreid \u00dcldiselt ei tea France Lotto ettev\u00f5te k\u00f5igi piletid toonud isikute identiteeti. [&hellip;]<\/p>\n","protected":false},"author":1,"featured_media":0,"parent":35822,"menu_order":9,"comment_status":"closed","ping_status":"closed","template":"lotto-fr-results.php","meta":{"_et_pb_use_builder":"","_et_pb_old_content":"","_et_gb_content_width":"","exclude_from_search":false,"footnotes":""},"class_list":["post-40923","page","type-page","status-publish","hentry"],"yoast_head":"<!-- This site is optimized with the Yoast SEO plugin v23.3 - https:\/\/yoast.com\/wordpress\/plugins\/seo\/ -->\n<title>Prantsusmaa Lotto v\u00f5idunumbrid ja loosimise tulemused<\/title>\n<meta name=\"description\" content=\"Tahad teada Prantsuse loterii v\u00f5idunumbreid ja loosimise tulemusi? Vaadake meie Lotto Prantsusmaa tulemuste lehek\u00fclge ja meie arhiivi\" \/>\n<meta name=\"robots\" content=\"index, follow, max-snippet:-1, max-image-preview:large, max-video-preview:-1\" \/>\n<link rel=\"canonical\" href=\"https:\/\/jackpotlotteryonline.com\/et\/winning-numbers\/france-lotto-2\/\" \/>\n<meta property=\"og:locale\" content=\"et_EE\" \/>\n<meta property=\"og:type\" content=\"article\" \/>\n<meta property=\"og:title\" content=\"Prantsusmaa Lotto v\u00f5idunumbrid ja loosimise tulemused\" \/>\n<meta property=\"og:description\" content=\"Tahad teada Prantsuse loterii v\u00f5idunumbreid ja loosimise tulemusi? Vaadake meie Lotto Prantsusmaa tulemuste lehek\u00fclge ja meie arhiivi\" \/>\n<meta property=\"og:url\" content=\"https:\/\/jackpotlotteryonline.com\/et\/winning-numbers\/france-lotto-2\/\" \/>\n<meta property=\"og:site_name\" content=\"Lotto Online - Crack The International Lottery Jackpots\" \/>\n<meta property=\"article:modified_time\" content=\"2022-12-28T20:36:12+00:00\" \/>\n<meta property=\"og:image\" content=\"https:\/\/jackpotlotteryonline.com\/wp-content\/uploads\/2022\/11\/rf_results_page-300x225.jpg\" \/>\n<meta name=\"twitter:card\" content=\"summary_large_image\" \/>\n<meta name=\"twitter:label1\" content=\"Est. reading time\" \/>\n\t<meta name=\"twitter:data1\" content=\"3 minutit\" \/>\n<!-- \/ Yoast SEO plugin. -->","yoast_head_json":{"title":"Prantsusmaa Lotto v\u00f5idunumbrid ja loosimise tulemused","description":"Tahad teada Prantsuse loterii v\u00f5idunumbreid ja loosimise tulemusi? Vaadake meie Lotto Prantsusmaa tulemuste lehek\u00fclge ja meie arhiivi","robots":{"index":"index","follow":"follow","max-snippet":"max-snippet:-1","max-image-preview":"max-image-preview:large","max-video-preview":"max-video-preview:-1"},"canonical":"https:\/\/jackpotlotteryonline.com\/et\/winning-numbers\/france-lotto-2\/","og_locale":"et_EE","og_type":"article","og_title":"Prantsusmaa Lotto v\u00f5idunumbrid ja loosimise tulemused","og_description":"Tahad teada Prantsuse loterii v\u00f5idunumbreid ja loosimise tulemusi? Vaadake meie Lotto Prantsusmaa tulemuste lehek\u00fclge ja meie arhiivi","og_url":"https:\/\/jackpotlotteryonline.com\/et\/winning-numbers\/france-lotto-2\/","og_site_name":"Lotto Online - Crack The International Lottery Jackpots","article_modified_time":"2022-12-28T20:36:12+00:00","og_image":[{"url":"https:\/\/jackpotlotteryonline.com\/wp-content\/uploads\/2022\/11\/rf_results_page-300x225.jpg"}],"twitter_card":"summary_large_image","twitter_misc":{"Est. reading time":"3 minutit"},"schema":{"@context":"https:\/\/schema.org","@graph":[{"@type":"WebPage","@id":"https:\/\/jackpotlotteryonline.com\/et\/winning-numbers\/france-lotto-2\/","url":"https:\/\/jackpotlotteryonline.com\/et\/winning-numbers\/france-lotto-2\/","name":"Prantsusmaa Lotto v\u00f5idunumbrid ja loosimise tulemused","isPartOf":{"@id":"https:\/\/jackpotlotteryonline.com\/#website"},"primaryImageOfPage":{"@id":"https:\/\/jackpotlotteryonline.com\/et\/winning-numbers\/france-lotto-2\/#primaryimage"},"image":{"@id":"https:\/\/jackpotlotteryonline.com\/et\/winning-numbers\/france-lotto-2\/#primaryimage"},"thumbnailUrl":"https:\/\/jackpotlotteryonline.com\/wp-content\/uploads\/2022\/11\/rf_results_page-300x225.jpg","datePublished":"2022-12-07T10:02:17+00:00","dateModified":"2022-12-28T20:36:12+00:00","description":"Tahad teada Prantsuse loterii v\u00f5idunumbreid ja loosimise tulemusi? Vaadake meie Lotto Prantsusmaa tulemuste lehek\u00fclge ja meie arhiivi","breadcrumb":{"@id":"https:\/\/jackpotlotteryonline.com\/et\/winning-numbers\/france-lotto-2\/#breadcrumb"},"inLanguage":"et","potentialAction":[{"@type":"ReadAction","target":["https:\/\/jackpotlotteryonline.com\/et\/winning-numbers\/france-lotto-2\/"]}]},{"@type":"ImageObject","inLanguage":"et","@id":"https:\/\/jackpotlotteryonline.com\/et\/winning-numbers\/france-lotto-2\/#primaryimage","url":"https:\/\/jackpotlotteryonline.com\/wp-content\/uploads\/2022\/11\/rf_results_page-300x225.jpg","contentUrl":"https:\/\/jackpotlotteryonline.com\/wp-content\/uploads\/2022\/11\/rf_results_page-300x225.jpg"},{"@type":"BreadcrumbList","@id":"https:\/\/jackpotlotteryonline.com\/et\/winning-numbers\/france-lotto-2\/#breadcrumb","itemListElement":[{"@type":"ListItem","position":1,"name":"Home","item":"https:\/\/jackpotlotteryonline.com\/et\/"},{"@type":"ListItem","position":2,"name":"Loterii tulemused","item":"https:\/\/jackpotlotteryonline.com\/winning-numbers\/"},{"@type":"ListItem","position":3,"name":"Prantsusmaa loterii tulemused"}]},{"@type":"WebSite","@id":"https:\/\/jackpotlotteryonline.com\/#website","url":"https:\/\/jackpotlotteryonline.com\/","name":"Lotto Online - Crack The International Lottery Jackpots","description":"","potentialAction":[{"@type":"SearchAction","target":{"@type":"EntryPoint","urlTemplate":"https:\/\/jackpotlotteryonline.com\/?s={search_term_string}"},"query-input":"required name=search_term_string"}],"inLanguage":"et"}]}},"_links":{"self":[{"href":"https:\/\/jackpotlotteryonline.com\/et\/wp-json\/wp\/v2\/pages\/40923","targetHints":{"allow":["GET"]}}],"collection":[{"href":"https:\/\/jackpotlotteryonline.com\/et\/wp-json\/wp\/v2\/pages"}],"about":[{"href":"https:\/\/jackpotlotteryonline.com\/et\/wp-json\/wp\/v2\/types\/page"}],"author":[{"embeddable":true,"href":"https:\/\/jackpotlotteryonline.com\/et\/wp-json\/wp\/v2\/users\/1"}],"replies":[{"embeddable":true,"href":"https:\/\/jackpotlotteryonline.com\/et\/wp-json\/wp\/v2\/comments?post=40923"}],"version-history":[{"count":0,"href":"https:\/\/jackpotlotteryonline.com\/et\/wp-json\/wp\/v2\/pages\/40923\/revisions"}],"up":[{"embeddable":true,"href":"https:\/\/jackpotlotteryonline.com\/et\/wp-json\/wp\/v2\/pages\/35822"}],"wp:attachment":[{"href":"https:\/\/jackpotlotteryonline.com\/et\/wp-json\/wp\/v2\/media?parent=40923"}],"curies":[{"name":"wp","href":"https:\/\/api.w.org\/{rel}","templated":true}]}}