{"id":40978,"date":"2022-12-07T11:50:44","date_gmt":"2022-12-07T11:50:44","guid":{"rendered":"https:\/\/jackpotlotteryonline.com\/?page_id=40978"},"modified":"2023-01-03T09:07:12","modified_gmt":"2023-01-03T09:07:12","slug":"uk-lottery","status":"publish","type":"page","link":"https:\/\/jackpotlotteryonline.com\/et\/kuidas-mangida\/uk-lottery\/","title":{"rendered":"M\u00e4ngi \u00dchendkuningriigi loteriid \u00fcksk\u00f5ik kust"},"content":{"rendered":"<p>\u00dchendkuningriigi loterii on loteriim\u00e4ng, mida m\u00e4ngitakse \u00dchendkuningriigis. Selles riigis m\u00e4ngitakse palju loteriim\u00e4nge, sealhulgas Set for Life m\u00e4ngu, mis on annuiteet. Kuid me ei ole siin, et r\u00e4\u00e4kida Set for Life&#8217;ist. See on m\u00e4ng, mida m\u00e4ngijad m\u00e4ngivad l\u00f5bu p\u00e4rast ja n\u00fc\u00fcd saab seda m\u00e4ngu m\u00e4ngida internetis. Kuigi selle m\u00e4nguga on aeg-ajalt tehtud miljon\u00e4re, ei ole v\u00e4ljamaksed v\u00e4ga helded. Peamiselt seet\u00f5ttu, et v\u00e4ljamaksed s\u00f5ltuvad loteriipotist.<\/p>\n<p>Seda ja teisi parimaid rahvusvahelisi loteriisid saate m\u00e4ngida internetis meie saidil. Lihtsalt k\u00fclastage jackpotlotteryonline.com ja registreeruge meil, et saada v\u00f5imalus v\u00f5ita suurelt.<\/p>\n<h2>Kuidas m\u00e4ngida \u00dchendkuningriigi loteriid<\/h2>\n<p><img loading=\"lazy\" decoding=\"async\" class=\"alignright size-full wp-image-31370\" src=\"http:\/\/jackpotlotteryonline.com\/wp-content\/uploads\/2022\/11\/lotteryticket.jpg\" alt=\"M\u00e4ngi \u00dchendkuningriigi loteriid\" width=\"212\" height=\"142\" \/>See m\u00e4ng on v\u00e4ga sarnane teiste loteriim\u00e4ngudega. M\u00e4ngureeglid n\u00e4evad ette, et m\u00e4ngija peab valima 6 numbrit 1 kuni 49 hulgast. Samuti on olemas boonusnumber, mis valitakse loosimise ajal. Seda kasutatakse teiste auhinnakategooriate v\u00f5itjate m\u00e4\u00e4ramiseks. Boonusnumber valitakse loosimise ajal juhuslikult, mitte m\u00e4ngijate poolt.<\/p>\n<p>Kui aus olla, siis me ei ole \u00dchendkuningriigi loterii f\u00e4nnid, sest v\u00e4ljamaksed on v\u00e4ikesed. Isegi kui sa tabad v\u00e4lja loositud numbreid, ei saa me garanteerida, mida sa koju saad.<\/p>\n<p>Miks mitte k\u00fclastada meie saiti, et m\u00e4ngida teisi loteriim\u00e4nge, nagu USA Powerball ja Mega Millions. Nende loteriide puhul on minimaalne jackpot 40 miljonit dollarit. On ka teisi Euroopa loteriisid, mida saate m\u00e4ngida, n\u00e4iteks Euromillions ja Eurojackpot. Meie unistus meie klientide jaoks on, et nad peaksid suurelt v\u00f5itma.<\/p>\n<h2>Kuidas siseneda \u00dchendkuningriigi loterii online<\/h2>\n<p>Internetis m\u00e4ngimine erineb natuke f\u00fc\u00fcsilise m\u00fc\u00fcja kasutamisest. See erinevus ei ole halb. Tegelikult muudab see loteriis m\u00e4ngimise \u00fclipraktiliseks. J\u00e4rgige neid samme, et m\u00e4ngida \u00dchendkuningriigi loteriid meie saidil.<\/p>\n<ol>\n<li>K\u00fclastage \u00dchendkuningriigi loterii lehek\u00fclge<\/li>\n<li>Valige 6 numbrit vahemikust 1 kuni 49 (kui te ei ole kindel, milliseid numbreid kasutada, proovige automaatset numbrigeneraatorit).<\/li>\n<li><a href=\"https:\/\/jackpotlotteryonline.com\/et\/kuidas-osta-loteriipileteid-internetis\/uk-lottery\">Ostke t\u00e4iendavaid numbriridu<\/a> suurema v\u00f5iduv\u00f5imaluse saamiseks<\/li>\n<li>V\u00f5ta osa loosimisest (v\u00f5id osaleda rohkem kui \u00fches loosimises)<\/li>\n<li>Registreeruge ja makske oma osaluste eest.<\/li>\n<\/ol>\n<section class=\"layout\" style=\"border: solid 1px; width: 100%;\">\n<div class=\"img-div\" style=\"margin-top: 5px;\"><img decoding=\"async\" class=\"wp-image-17212 alignleft\" style=\"height: 45px; margin: 8px 8px 0px;\" src=\"http:\/\/jackpotlotteryonline.com\/wp-content\/uploads\/2022\/11\/read1.jpg\" alt=\"loe\" width=\"\" height=\"\" \/><\/div>\n<div style=\"padding-left: 5px;\">\n<div style=\"font-size: 1.1em;\">\n<p><strong>Loterii n\u00e4pun\u00e4ited<\/strong><\/p>\n<p style=\"font-size: 0.85em; margin-top: -1.5em;\">Nipid, mis aitavad teil loteriis v\u00f5ita\u00a0<a href=\"https:\/\/jackpotlotteryonline.com\/et\/napunaiteid-mis-aitavad-teil-voita-loterii\"> loe edasi<\/a><\/p>\n<\/div>\n<\/div>\n<\/section>\n<h2>Loterii loosimiste kontrollimine<\/h2>\n<p><a href=\"https:\/\/jackpotlotteryonline.com\/et\/winning-numbers\/uk-lottery\">\u00dchendkuningriigi loteriil on kaks loosimisp\u00e4eva<\/a> n\u00e4dalas, kolmap\u00e4ev ja laup\u00e4ev. V\u00f5ite osaleda mitmel loosimisel, et suurendada oma v\u00f5iduv\u00f5imalusi \u00dchendkuningriigi loteriis. Samuti saate h\u00f5lpsasti osaleda loosimistel mitu n\u00e4dalat ette, kasutades meie tellimusteenust.<\/p>\n<p>V\u00f5idupilet kuulutatakse v\u00e4lja loosimiste ajal. Jackpoti v\u00f5itmiseks tuleb lihtsalt 6 loositud numbrit kokku viia. \u00dchendkuningriigi loterii jackpoti auhinnad algavad 2 miljonist naelsterlingist ja v\u00f5ivad edasi veereda, kui p\u00e4rast loosimist ei ole v\u00f5itjat. Kuna see rullib p\u00e4rast iga loosimist (kui v\u00f5itjat ei ole), v\u00f5ib see saada veidi k\u00f5rgemaks kui 2 miljoni naelsterlingi piir.<\/p>\n<p>P\u00e4rast iga loosimist saate meie veebisaidil tagasi vaadata, et teada saada, kas olete v\u00f5itnud auhinna. \u00dchendkuningriigi loteriil on 6 erinevat auhinnakategooriat ja kui sa v\u00f5idad m\u00f5ne auhinna, saadame sulle e-kirja, mis hoiatab sind.<\/p>\n<h2>Mis on tellimusteenus?<\/h2>\n<p><img loading=\"lazy\" decoding=\"async\" class=\"alignright wp-image-28427\" src=\"http:\/\/jackpotlotteryonline.com\/wp-content\/uploads\/2022\/11\/1_mega_win-300x279.jpg\" alt=\"v\u00f5ita \u00dchendkuningriigi loterii\" width=\"237\" height=\"220\" srcset=\"https:\/\/jackpotlotteryonline.com\/wp-content\/uploads\/2022\/11\/1_mega_win-300x279.jpg 300w, https:\/\/jackpotlotteryonline.com\/wp-content\/uploads\/2022\/11\/1_mega_win.jpg 320w\" sizes=\"auto, (max-width: 237px) 100vw, 237px\" \/>Kui kasutate sellist saiti nagu meie, siis on olemas nn tellimusteenus, mis v\u00f5imaldab m\u00e4ngijatel sujuvalt ja stressivabalt m\u00e4ngida. Kuigi on t\u00e4iesti okei olla \u00fchekordne m\u00e4ngija (kui te seda eelistate), m\u00e4ngib enamik m\u00e4ngijaid sageli. Parim viis m\u00e4ngida ja v\u00f5ita \u00dchendkuningriigi loteriid on m\u00e4ngida regulaarselt ja see ongi selle teenuse eesm\u00e4rk.<\/p>\n<p>Saate seadistada selle nii, et teid v\u00f5etakse automaatselt arvesse tulevastes loosimistes. \u00dchendkuningriigi loteriil on 2 igan\u00e4dalast joonistust: Kolmap\u00e4eviti ja laup\u00e4eviti. Olgem ausad, v\u00f5ib muutuda veidi v\u00e4sitavaks, kui p\u00fc\u00fcate meeles pidada, et m\u00e4ngida ja sisestada iga loosimine, kuid sellep\u00e4rast me siin olemegi.<\/p>\n<p>Kui olete seadistanud tellimusteenuse, saate l\u00f5\u00f5gastuda ja teada, et te ei pea \u00dchendkuningriigi loterii \u00fchegi joonistuse vahele j\u00e4tma.<\/p>\n<h2>Auhinnad<\/h2>\n<p>Me mainisime, et selle loterii auhinnad s\u00f5ltuvad loteriifondist. Seega saame jagada ainult konkreetse loosimise auhindu. Pange t\u00e4hele, et kui on mitu v\u00f5itjat, jagatakse auhind nende vahel.<\/p>\n<p>Jaotis 1: Match 6 &#8211; 2 000 000 naelsterlingit (jackpot)<\/p>\n<p>2. divisjon: Match 5 + boonus &#8211; 1 000 000 naelsterlingit.<\/p>\n<p>3. divisjon: 5. m\u00e4ng &#8211; 1 750 naelsterlingit.<\/p>\n<p>4. divisjon: 4. m\u00e4ng &#8211; 140 naelsterlingit<\/p>\n<p>5. divisjon: 3. m\u00e4ng &#8211; 30 naelsterlingit<\/p>\n<p>Division 6: Match 2 &#8211; tasuta loto lucky dip<\/p>\n<p>M\u00f5istke, et isegi kui te v\u00f5idate need auhinnad, ei ole n\u00e4idatud summa see, mida te saate v\u00e4ljamaksena. Seda seet\u00f5ttu, et umbes 45% loteriifondidest l\u00e4heb auhinnarahaks. Seega v\u00f5ib see olla v\u00e4hem v\u00f5i rohkem, s\u00f5ltuvalt sellest, mis on fondis.<\/p>\n<h2>Kuidas taotleda oma v\u00f5itu<\/h2>\n<p>Kui olete meie juures registreeritud, siis on oma v\u00f5idu taotlemine lihtne ja sirgjooneline. Kui teie v\u00f5it on 2500 eurot v\u00f5i v\u00e4hem, saate selle k\u00e4tte siinsamas meie veebisaidil. Seda seet\u00f5ttu, et loteriifirma maksab selle otse meie saidile ja seej\u00e4rel saate selle oma kontole v\u00e4lja v\u00f5tta.<\/p>\n<p>Kui see on suurem kui 2500 eurot, peate oma v\u00f5idu taotlema otse loteriifirmalt. Me aitame teid selles, andes teile n\u00f5udeavalduse vormi, mida saate t\u00e4ita, nii et ei ole vaja muretseda.<\/p>\n<p><strong>Loteriiettev\u00f5ttel on m\u00f5ned eeskirjad, mis puudutavad teie v\u00f5idu taotlemist.<\/strong><\/p>\n<ul>\n<li>Loterii m\u00e4ngimiseks peate olema 18+<\/li>\n<li>V\u00f5idud tuleb taotleda 180 p\u00e4eva jooksul p\u00e4rast loosimist. Ainus erand on see, kui olete alustanud menetlust 7 p\u00e4eva jooksul.<\/li>\n<li>Kohese v\u00f5idu m\u00e4nge tuleb taotleda 180 p\u00e4eva jooksul, kui ostsite kohese v\u00f5idu m\u00e4ngu<\/li>\n<li>Raaputuskaardim\u00e4ngud tuleb samuti taotleda 180 p\u00e4eva jooksul alates sellest, kui ostsite rabanduskaardi.<\/li>\n<\/ul>\n<h2>Meie concierge-teenuste kohta<\/h2>\n<p>Soovime v\u00f5tta hetkeks aega, et selgitada, mida me teeme ja miks me pakume concierge-teenust. On mitmeid online loteriisaite, mis v\u00e4idavad, et annavad m\u00e4ngijatele osalemise \u00fclemaailmsetes loteriides. Kuid tegelikult lasevad nad teil hoopis tulemuste peale panustada. Meie seda ei tee. Me anname m\u00e4ngijatele v\u00f5imaluse m\u00e4ngida parimaid rahvusvahelisi loteriisid.<\/p>\n<p>Kui m\u00e4ngite meie saidil \u00dchendkuningriigi loteriid, siis juhtub see nii. Kui olete valinud oma numbrid ja teinud makse, ostab meie agent USAs f\u00fc\u00fcsilise pileti, kasutades teie numbreid. See on muidugi teie valitud loosimiseks. Seej\u00e4rel skaneeritakse see pilet ja laaditakse teie kontole.<\/p>\n<p>See on t\u00e4iesti seaduslik viis m\u00e4ngida \u00dchendkuningriigi loteriid internetis \u00fcksk\u00f5ik millisest maailma osast. Lisaks tagab see, et te t\u00f5esti osalete oma valitud loteriis. Veelgi enam, me avaldame loosimise tulemused siinsamas meie veebilehel ja teavitame sind, kui sa v\u00f5idad. Me oleme concierge-teenus, sest me tegeleme teie eest k\u00f5igi t\u00fc\u00fctute pisiasjadega, et saaksite nautida oma loteriikogemust.<\/p>\n<h2>Registreeru meiega, et m\u00e4ngida parimaid rahvusvahelisi loteriisid internetis.<\/h2>\n<p>\u00dchendkuningriigis on palju loteriisid, mida saate m\u00e4ngida internetis. Kui soovite proovida loteriid, siis saate seda teha. Kui aga vajad laiemat valikut, siis miks mitte proovida Set for Life&#8217;i loteriid, mis on annuiteet. V\u00f5i v\u00f5id m\u00e4ngida Eurojackpot-loteriat ja Euromillions&#8217;i. K\u00f5iki neid leiad internetis siinsamas meie veebisaidil. Nii et registreeruge kohe, et saada v\u00f5imalus v\u00f5ita suurelt.<\/p>\n","protected":false},"excerpt":{"rendered":"<p>\u00dchendkuningriigi loterii on loteriim\u00e4ng, mida m\u00e4ngitakse \u00dchendkuningriigis. Selles riigis m\u00e4ngitakse palju loteriim\u00e4nge, sealhulgas Set for Life m\u00e4ngu, mis on annuiteet. Kuid me ei ole siin, et r\u00e4\u00e4kida Set for Life&#8217;ist. See on m\u00e4ng, mida m\u00e4ngijad m\u00e4ngivad l\u00f5bu p\u00e4rast ja n\u00fc\u00fcd saab seda m\u00e4ngu m\u00e4ngida internetis. Kuigi selle m\u00e4nguga on aeg-ajalt tehtud miljon\u00e4re, ei ole v\u00e4ljamaksed [&hellip;]<\/p>\n","protected":false},"author":1,"featured_media":0,"parent":35684,"menu_order":10,"comment_status":"closed","ping_status":"closed","template":"lotto-uk.php","meta":{"_et_pb_use_builder":"","_et_pb_old_content":"","_et_gb_content_width":"","exclude_from_search":false,"footnotes":""},"class_list":["post-40978","page","type-page","status-publish","hentry"],"yoast_head":"<!-- This site is optimized with the Yoast SEO plugin v23.3 - https:\/\/yoast.com\/wordpress\/plugins\/seo\/ -->\n<title>M\u00e4ngi \u00dchendkuningriigi loteriid internetis, isegi kui sa ei ela \u00dchendkuningriigis.<\/title>\n<meta name=\"description\" content=\"Tahad m\u00e4ngida \u00dchendkuningriigi loteriid, kuid asud v\u00e4ljaspool \u00dchendkuningriiki? Pole probleemi, saate kasutada meie veebiteenust, et m\u00e4ngida seda lotot \u00fcksk\u00f5ik kust...\" \/>\n<meta name=\"robots\" content=\"index, follow, max-snippet:-1, max-image-preview:large, max-video-preview:-1\" \/>\n<link rel=\"canonical\" href=\"https:\/\/jackpotlotteryonline.com\/et\/kuidas-mangida\/uk-lottery\/\" \/>\n<meta property=\"og:locale\" content=\"et_EE\" \/>\n<meta property=\"og:type\" content=\"article\" \/>\n<meta property=\"og:title\" content=\"M\u00e4ngi \u00dchendkuningriigi loteriid internetis, isegi kui sa ei ela \u00dchendkuningriigis.\" \/>\n<meta property=\"og:description\" content=\"Tahad m\u00e4ngida \u00dchendkuningriigi loteriid, kuid asud v\u00e4ljaspool \u00dchendkuningriiki? Pole probleemi, saate kasutada meie veebiteenust, et m\u00e4ngida seda lotot \u00fcksk\u00f5ik kust...\" \/>\n<meta property=\"og:url\" content=\"https:\/\/jackpotlotteryonline.com\/et\/kuidas-mangida\/uk-lottery\/\" \/>\n<meta property=\"og:site_name\" content=\"Lotto Online - Crack The International Lottery Jackpots\" \/>\n<meta property=\"article:modified_time\" content=\"2023-01-03T09:07:12+00:00\" \/>\n<meta property=\"og:image\" content=\"http:\/\/jackpotlotteryonline.com\/wp-content\/uploads\/2022\/11\/lotteryticket.jpg\" \/>\n<meta name=\"twitter:card\" content=\"summary_large_image\" \/>\n<meta name=\"twitter:label1\" content=\"Est. reading time\" \/>\n\t<meta name=\"twitter:data1\" content=\"5 minutit\" \/>\n<!-- \/ Yoast SEO plugin. -->","yoast_head_json":{"title":"M\u00e4ngi \u00dchendkuningriigi loteriid internetis, isegi kui sa ei ela \u00dchendkuningriigis.","description":"Tahad m\u00e4ngida \u00dchendkuningriigi loteriid, kuid asud v\u00e4ljaspool \u00dchendkuningriiki? Pole probleemi, saate kasutada meie veebiteenust, et m\u00e4ngida seda lotot \u00fcksk\u00f5ik kust...","robots":{"index":"index","follow":"follow","max-snippet":"max-snippet:-1","max-image-preview":"max-image-preview:large","max-video-preview":"max-video-preview:-1"},"canonical":"https:\/\/jackpotlotteryonline.com\/et\/kuidas-mangida\/uk-lottery\/","og_locale":"et_EE","og_type":"article","og_title":"M\u00e4ngi \u00dchendkuningriigi loteriid internetis, isegi kui sa ei ela \u00dchendkuningriigis.","og_description":"Tahad m\u00e4ngida \u00dchendkuningriigi loteriid, kuid asud v\u00e4ljaspool \u00dchendkuningriiki? Pole probleemi, saate kasutada meie veebiteenust, et m\u00e4ngida seda lotot \u00fcksk\u00f5ik kust...","og_url":"https:\/\/jackpotlotteryonline.com\/et\/kuidas-mangida\/uk-lottery\/","og_site_name":"Lotto Online - Crack The International Lottery Jackpots","article_modified_time":"2023-01-03T09:07:12+00:00","og_image":[{"url":"http:\/\/jackpotlotteryonline.com\/wp-content\/uploads\/2022\/11\/lotteryticket.jpg"}],"twitter_card":"summary_large_image","twitter_misc":{"Est. reading time":"5 minutit"},"schema":{"@context":"https:\/\/schema.org","@graph":[{"@type":"WebPage","@id":"https:\/\/jackpotlotteryonline.com\/et\/kuidas-mangida\/uk-lottery\/","url":"https:\/\/jackpotlotteryonline.com\/et\/kuidas-mangida\/uk-lottery\/","name":"M\u00e4ngi \u00dchendkuningriigi loteriid internetis, isegi kui sa ei ela \u00dchendkuningriigis.","isPartOf":{"@id":"https:\/\/jackpotlotteryonline.com\/#website"},"primaryImageOfPage":{"@id":"https:\/\/jackpotlotteryonline.com\/et\/kuidas-mangida\/uk-lottery\/#primaryimage"},"image":{"@id":"https:\/\/jackpotlotteryonline.com\/et\/kuidas-mangida\/uk-lottery\/#primaryimage"},"thumbnailUrl":"http:\/\/jackpotlotteryonline.com\/wp-content\/uploads\/2022\/11\/lotteryticket.jpg","datePublished":"2022-12-07T11:50:44+00:00","dateModified":"2023-01-03T09:07:12+00:00","description":"Tahad m\u00e4ngida \u00dchendkuningriigi loteriid, kuid asud v\u00e4ljaspool \u00dchendkuningriiki? Pole probleemi, saate kasutada meie veebiteenust, et m\u00e4ngida seda lotot \u00fcksk\u00f5ik kust...","breadcrumb":{"@id":"https:\/\/jackpotlotteryonline.com\/et\/kuidas-mangida\/uk-lottery\/#breadcrumb"},"inLanguage":"et","potentialAction":[{"@type":"ReadAction","target":["https:\/\/jackpotlotteryonline.com\/et\/kuidas-mangida\/uk-lottery\/"]}]},{"@type":"ImageObject","inLanguage":"et","@id":"https:\/\/jackpotlotteryonline.com\/et\/kuidas-mangida\/uk-lottery\/#primaryimage","url":"http:\/\/jackpotlotteryonline.com\/wp-content\/uploads\/2022\/11\/lotteryticket.jpg","contentUrl":"http:\/\/jackpotlotteryonline.com\/wp-content\/uploads\/2022\/11\/lotteryticket.jpg"},{"@type":"BreadcrumbList","@id":"https:\/\/jackpotlotteryonline.com\/et\/kuidas-mangida\/uk-lottery\/#breadcrumb","itemListElement":[{"@type":"ListItem","position":1,"name":"Home","item":"https:\/\/jackpotlotteryonline.com\/et\/"},{"@type":"ListItem","position":2,"name":"Kuidas m\u00e4ngida","item":"https:\/\/jackpotlotteryonline.com\/et\/kuidas-mangida\/"},{"@type":"ListItem","position":3,"name":"M\u00e4ngi \u00dchendkuningriigi loteriid \u00fcksk\u00f5ik kust"}]},{"@type":"WebSite","@id":"https:\/\/jackpotlotteryonline.com\/#website","url":"https:\/\/jackpotlotteryonline.com\/","name":"Lotto Online - Crack The International Lottery Jackpots","description":"","potentialAction":[{"@type":"SearchAction","target":{"@type":"EntryPoint","urlTemplate":"https:\/\/jackpotlotteryonline.com\/?s={search_term_string}"},"query-input":"required name=search_term_string"}],"inLanguage":"et"}]}},"_links":{"self":[{"href":"https:\/\/jackpotlotteryonline.com\/et\/wp-json\/wp\/v2\/pages\/40978","targetHints":{"allow":["GET"]}}],"collection":[{"href":"https:\/\/jackpotlotteryonline.com\/et\/wp-json\/wp\/v2\/pages"}],"about":[{"href":"https:\/\/jackpotlotteryonline.com\/et\/wp-json\/wp\/v2\/types\/page"}],"author":[{"embeddable":true,"href":"https:\/\/jackpotlotteryonline.com\/et\/wp-json\/wp\/v2\/users\/1"}],"replies":[{"embeddable":true,"href":"https:\/\/jackpotlotteryonline.com\/et\/wp-json\/wp\/v2\/comments?post=40978"}],"version-history":[{"count":0,"href":"https:\/\/jackpotlotteryonline.com\/et\/wp-json\/wp\/v2\/pages\/40978\/revisions"}],"up":[{"embeddable":true,"href":"https:\/\/jackpotlotteryonline.com\/et\/wp-json\/wp\/v2\/pages\/35684"}],"wp:attachment":[{"href":"https:\/\/jackpotlotteryonline.com\/et\/wp-json\/wp\/v2\/media?parent=40978"}],"curies":[{"name":"wp","href":"https:\/\/api.w.org\/{rel}","templated":true}]}}