{"id":41033,"date":"2022-12-08T06:45:05","date_gmt":"2022-12-08T06:45:05","guid":{"rendered":"https:\/\/jackpotlotteryonline.com\/?page_id=41033"},"modified":"2022-12-31T13:49:59","modified_gmt":"2022-12-31T13:49:59","slug":"thunderball","status":"publish","type":"page","link":"https:\/\/jackpotlotteryonline.com\/et\/kuidas-mangida\/thunderball\/","title":{"rendered":"Thunderball online &#8211; m\u00e4ngi seda \u00dchendkuningriigi loteriid k\u00f5ikjalt"},"content":{"rendered":"<p>\u00dchendkuningriigi Thunderball on olnud juba m\u00f5nda aega olemas. Mitte nii vana kui m\u00f5ned teised Euroopa loteriid (nagu La Primitiva), sest esimene loosimine toimus 1999. aastal. Selle aja jooksul on Thunderball aga muutnud ja muudab j\u00e4tkuvalt paljude elusid. Viiesaja tuhande naela suurune jackpot ei tundu palju, kuid see on elu muutev summa. Ja \u00dchendkuningriigi m\u00e4ngurid on sellega n\u00f5us, sest mitmed m\u00e4ngijad ostavad pileteid Thunderballi loosimisteks.<\/p>\n<p>Kui olete m\u00e4ngija v\u00e4ljaspool \u00dchendkuningriiki, siis saate Thunderballi m\u00e4ngida ka internetis. Saate <a href=\"https:\/\/jackpotlotteryonline.com\/et\/kuidas-osta-loteriipileteid-internetis\/thunderball\">osta pileteid<\/a>, kontrollida<a href=\"https:\/\/jackpotlotteryonline.com\/et\/winning-numbers\/thunderball\"> loosimise tulemusi<\/a> ja v\u00f5tta oma v\u00f5idud v\u00e4lja mugavalt arvutist v\u00f5i mobiilseadmest. Loe edasi, et teada saada, kuidas Thunderballi internetis m\u00e4ngida.<\/p>\n<h2>Thunderballi v\u00f5itjad<\/h2>\n<p><img loading=\"lazy\" decoding=\"async\" class=\"alignright size-full wp-image-31370\" src=\"https:\/\/jackpotlotteryonline.com\/wp-content\/uploads\/2022\/11\/lotteryticket.jpg\" alt=\"m\u00e4ngida Thunderballi internetis.\" width=\"212\" height=\"142\" \/>Kui on \u00fcks loterii, mis on viimaste aastak\u00fcmnete jooksul v\u00e4lja toonud mitmeid v\u00f5itjaid, siis on see Thunderball. See \u00dchendkuningriigi loterii on v\u00e4lja teeninud elu muutva maine, sest see on toonud v\u00e4lja palju v\u00f5itjaid. On olemas lugu Knowlesi perekonnast, kes oli aastaid m\u00e4nginud ja j\u00e4tkas ka p\u00e4rast ema surma. V\u00f5it oli nende jaoks \u00fcsna eriline.<\/p>\n<p>Karen ja David Ainger on paar, kes v\u00f5itis elu muutva Thunderballi jackpoti. V\u00f5it oli \u00fcsna teretulnud, sest nad \u00fctlesid, et see l\u00e4heb nende pensionip\u00f5lve jaoks. Teine paar, kes v\u00f5itis Thunderballi, oli Alf ja Rita Boorman. Nende v\u00f5it oli \u00fcsna huvitav, sest 30 aastat enne seda oli ka Alfi isa v\u00f5itnud. R\u00e4\u00e4gime p\u00f5lvkondade vahelisest v\u00f5idust.<\/p>\n<h2>Kuidas m\u00e4ngida Thunderballi internetis<\/h2>\n<p>Thunderballi m\u00e4ngimine on l\u00f5bus ja kui oled kogenud m\u00e4ngija, siis on t\u00f5en\u00e4oline, et tead juba, mida teha. M\u00e4ngijad peavad valima 5 numbrit vahemikust 1 kuni 39 ja \u00fche erinumbri vahemikust 1 kuni 14. Erinumbrit nimetatakse &#8220;Thunderball&#8221;.<\/p>\n<p>Kui m\u00e4ngite Thunderballi internetis, saate juhuslike numbrite valimiseks kasutada numbrigeneraatorit. See on justkui &#8220;\u00f5nneloos&#8221; neile, kes on harjunud f\u00fc\u00fcsiliste piletitega. Saate valida mitu rida ja mitu piletit, et suurendada oma v\u00f5iduv\u00f5imalusi Thunderballil. J\u00e4rgmine samm on osaleda loosimises ja see on parim osa.<\/p>\n<p>Thunderballil on igal n\u00e4dalal neli loosimist. See t\u00e4hendab, et teil on Thunderballiga neli korda suurem t\u00f5en\u00e4osus v\u00f5ita jackpot. Sa v\u00f5id osaleda \u00fches loosimises, kuid t\u00f5en\u00e4oliselt on k\u00f5ige parem osaleda mitmes loosimises, nii et sul on palju suurem v\u00f5imalus v\u00f5ita. Kui m\u00e4ngid meiega, palume sul end registreerida. See on selleks, et me saaksime teid teavitada, kui te v\u00f5idate auhinna.<\/p>\n<section class=\"layout\" style=\"border: solid 1px; width: 100%;\">\n<div class=\"img-div\" style=\"margin-top: 5px;\"><img decoding=\"async\" class=\"wp-image-17212 alignleft\" style=\"height: 45px; margin: 8px 8px 0px;\" src=\"https:\/\/jackpotlotteryonline.com\/wp-content\/uploads\/2022\/11\/read1.jpg\" alt=\"Loe \" width=\"\" height=\"\" \/><\/div>\n<div style=\"padding-left: 5px;\">\n<div style=\"font-size: 1.1em;\">\n<p><strong>Kas teiste riikide loteriide m\u00e4ngimine internetis on seaduslik?<\/strong><\/p>\n<p style=\"font-size: 0.85em; margin-top: -1.5em;\">Kas on seaduslik saada loteriipiletit internetis ja kas ma tegelikult saan raha?\u00a0<a href=\"https:\/\/jackpotlotteryonline.com\/et\/kas-teiste-riikide-loteriide-mangimine-internetis-on-seaduslik\"> loe edasi<\/a><\/p>\n<\/div>\n<\/div>\n<\/section>\n<h2>Mida teha, kui sa v\u00f5idad<\/h2>\n<p>Kui sa v\u00f5idad auhinna, saadame sulle e-kirja, et sind teavitada. Meie platvormil kuvatakse ka hoiatus, et saaksid teate, kui j\u00e4rgmine kord sisse logid. Kuid see l\u00e4heb ka sellest kaugemale.<\/p>\n<p>Kui teie auhind on v\u00e4iksem kui 2500 eurot, siis saate selle lihtsalt otse meie platvormilt v\u00e4lja v\u00f5tta. Ei ole vaja mingit protokolli ega ebavajalikku protseduuri; lihtsalt v\u00f5tke oma raha v\u00e4lja. Summade puhul, mis on suuremad kui 2500 eurot, peate v\u00f5ib-olla t\u00e4itma n\u00f5udeavalduse vormi, et seda loteriifirmalt n\u00f5uda. Aga \u00e4rge muretsege, me oleme siin, et aidata ka selles.<\/p>\n<h2>Auhinnad, mida v\u00f5id v\u00f5ita<\/h2>\n<p>Seda \u00f6eldes, mida t\u00e4pselt v\u00f5id v\u00f5ita, kui m\u00e4ngid Thunderball loteriid? Sellel \u00dchendkuningriigi Thunderballil on mitu auhinnakategooriat ja on isegi auhind ainult Thunderballi kokkulangemise eest. Seega on t\u00f5en\u00e4osus midagi v\u00f5ita \u00fcsna suur. Siin on \u00dchendkuningriigi Thunderballi auhinnakategooriate jaotus ning v\u00f5idut\u00f5en\u00e4osused.<\/p>\n<p>Kategooria 1: Match 5 + Thunderball &#8211; 1:8,060,598 &#8211; 500,000 naelsterlingit<\/p>\n<p>Kategooria 2: Ainult Match 5 &#8211; 1:620,046 &#8211; 5000 naelsterlingi.<\/p>\n<p>Kategooria 3: Match 4 + Thunderball &#8211; 1:47,416 &#8211; 250 naelsterlingit.<\/p>\n<p>Kategooria 4: Ainult 4. mat\u0161 &#8211; 1:3,648 &#8211; 100 naelsterlingit.<\/p>\n<p>Kategooria 5: 3. mat\u0161 + Thunderball &#8211; 1:1,437 &#8211; 20 \u00a3<\/p>\n<p>Kategooria 6: Ainult 3. mat\u0161 &#8211; 1:111 &#8211; 10 naelsterlingit.<\/p>\n<p>Kategooria 7: Match 2 + Thunderball &#8211; 1:135 &#8211; 10 naelsterlingit.<\/p>\n<p>Kategooria 8: 1. mat\u0161 + Thunderball &#8211; 1:35 &#8211; 5 naelsterlingit.<\/p>\n<p>Kategooria 9: Match Thunderball &#8211; 1:29 &#8211; 3 \u00a3<\/p>\n<p>Thunderballi puhul on midagi iga\u00fchele ja ei ole oluline, kas elate \u00dchendkuningriigis v\u00f5i mitte. Saate n\u00fc\u00fcd m\u00e4ngida seda \u00dchendkuningriigi loteriid, et saada v\u00f5imalus v\u00f5ita ja kui m\u00e4ngite meiega, saate oma v\u00f5idud h\u00f5lpsasti v\u00e4lja v\u00f5tta.<\/p>\n<h2>Concierge-saidi eelised<\/h2>\n<p><img loading=\"lazy\" decoding=\"async\" class=\"alignright size-full wp-image-28940\" src=\"https:\/\/jackpotlotteryonline.com\/wp-content\/uploads\/2022\/11\/1_pick_winning_numbers_lottery.jpg\" alt=\"osta oma Thunderball loteriipileti\" width=\"300\" height=\"200\" \/>H\u00e4mmastav asi concierge-saidi puhul on see, et te ei pea kunagi m\u00f5tlema, kas olete tegelikult loteriisse sattunud. See on t\u00f5eline probleem, sest paljud saite seal ei anna oma klientidele tegelikult juurdep\u00e4\u00e4su loteriile. Mida nad teevad, on see, et nad lasevad kasutajatel panustada loterii tulemusele, mis ei ole \u00fcldse sama asi.<\/p>\n<p>Jackpotlotteryonline.com-ga anname oma kasutajatele juurdep\u00e4\u00e4su maailma tipplottodele. Seda seet\u00f5ttu, et meil on concierge-sait, kus meil on agendid erinevates maailma osades. Kui ostate meilt loteriipileteid, ostab meie agent selles riigis f\u00fc\u00fcsilise pileti koos vastavate numbritega. Seej\u00e4rel skaneeritakse pilet ja saadetakse teile.<\/p>\n<p>Kui ostate meilt Thunderballi loteriipileti, on teil kindel, et kui teil vastavad loositud numbrid, siis v\u00f5idate loteriis. See on nii lihtne, kuid see on \u00fcks asi, mis annab meie klientidele meelerahu, et m\u00e4ngida loteriid internetis.<\/p>\n<h2>M\u00e4ngi \u00dchendkuningriigi Thunderballi internetis<\/h2>\n<p>Kui teil on s\u00fcgelenud soov m\u00e4ngida Thunderball&#8217;i loteriid ja elate v\u00e4ljaspool \u00dchendkuningriiki, siis on teil \u00f5nne. Kui k\u00fclastate jackpotlotteryonline.com, saate juurdep\u00e4\u00e4su rahvusvahelistele tipplotodele, sealhulgas Thunderballile. Me oleme concierge-sait, nii et kui sa meiega m\u00e4ngid, siis saad t\u00f5elise pakkumise.<\/p>\n<p>On aeg proovida v\u00f5imalust v\u00f5ita elu muutev auhind Thunderballiga. M\u00e4ngi Thunderballi internetis juba t\u00e4na, et saada v\u00f5imalus v\u00f5ita loteriis.<\/p>\n","protected":false},"excerpt":{"rendered":"<p>\u00dchendkuningriigi Thunderball on olnud juba m\u00f5nda aega olemas. Mitte nii vana kui m\u00f5ned teised Euroopa loteriid (nagu La Primitiva), sest esimene loosimine toimus 1999. aastal. Selle aja jooksul on Thunderball aga muutnud ja muudab j\u00e4tkuvalt paljude elusid. Viiesaja tuhande naela suurune jackpot ei tundu palju, kuid see on elu muutev summa. Ja \u00dchendkuningriigi m\u00e4ngurid on [&hellip;]<\/p>\n","protected":false},"author":1,"featured_media":0,"parent":35684,"menu_order":12,"comment_status":"closed","ping_status":"closed","template":"thunderball.php","meta":{"_et_pb_use_builder":"","_et_pb_old_content":"","_et_gb_content_width":"","exclude_from_search":false,"footnotes":""},"class_list":["post-41033","page","type-page","status-publish","hentry"],"yoast_head":"<!-- This site is optimized with the Yoast SEO plugin v23.3 - https:\/\/yoast.com\/wordpress\/plugins\/seo\/ -->\n<title>M\u00e4ngi \u00dchendkuningriigi Thunderballi loteriid internetis, isegi v\u00e4ljastpoolt \u00dchendkuningriiki.<\/title>\n<meta name=\"description\" content=\"Loteriif\u00e4nnid v\u00e4ljastpoolt \u00dchendkuningriiki saavad n\u00fc\u00fcd Thunderballi m\u00e4ngida internetis - saada piletid internetis meie s\u00f5numiteenuse kaudu.\" \/>\n<meta name=\"robots\" content=\"index, follow, max-snippet:-1, max-image-preview:large, max-video-preview:-1\" \/>\n<link rel=\"canonical\" href=\"https:\/\/jackpotlotteryonline.com\/et\/kuidas-mangida\/thunderball\/\" \/>\n<meta property=\"og:locale\" content=\"et_EE\" \/>\n<meta property=\"og:type\" content=\"article\" \/>\n<meta property=\"og:title\" content=\"M\u00e4ngi \u00dchendkuningriigi Thunderballi loteriid internetis, isegi v\u00e4ljastpoolt \u00dchendkuningriiki.\" \/>\n<meta property=\"og:description\" content=\"Loteriif\u00e4nnid v\u00e4ljastpoolt \u00dchendkuningriiki saavad n\u00fc\u00fcd Thunderballi m\u00e4ngida internetis - saada piletid internetis meie s\u00f5numiteenuse kaudu.\" \/>\n<meta property=\"og:url\" content=\"https:\/\/jackpotlotteryonline.com\/et\/kuidas-mangida\/thunderball\/\" \/>\n<meta property=\"og:site_name\" content=\"Lotto Online - Crack The International Lottery Jackpots\" \/>\n<meta property=\"article:modified_time\" content=\"2022-12-31T13:49:59+00:00\" \/>\n<meta property=\"og:image\" content=\"https:\/\/jackpotlotteryonline.com\/wp-content\/uploads\/2022\/11\/lotteryticket.jpg\" \/>\n<meta name=\"twitter:card\" content=\"summary_large_image\" \/>\n<meta name=\"twitter:label1\" content=\"Est. reading time\" \/>\n\t<meta name=\"twitter:data1\" content=\"5 minutit\" \/>\n<!-- \/ Yoast SEO plugin. -->","yoast_head_json":{"title":"M\u00e4ngi \u00dchendkuningriigi Thunderballi loteriid internetis, isegi v\u00e4ljastpoolt \u00dchendkuningriiki.","description":"Loteriif\u00e4nnid v\u00e4ljastpoolt \u00dchendkuningriiki saavad n\u00fc\u00fcd Thunderballi m\u00e4ngida internetis - saada piletid internetis meie s\u00f5numiteenuse kaudu.","robots":{"index":"index","follow":"follow","max-snippet":"max-snippet:-1","max-image-preview":"max-image-preview:large","max-video-preview":"max-video-preview:-1"},"canonical":"https:\/\/jackpotlotteryonline.com\/et\/kuidas-mangida\/thunderball\/","og_locale":"et_EE","og_type":"article","og_title":"M\u00e4ngi \u00dchendkuningriigi Thunderballi loteriid internetis, isegi v\u00e4ljastpoolt \u00dchendkuningriiki.","og_description":"Loteriif\u00e4nnid v\u00e4ljastpoolt \u00dchendkuningriiki saavad n\u00fc\u00fcd Thunderballi m\u00e4ngida internetis - saada piletid internetis meie s\u00f5numiteenuse kaudu.","og_url":"https:\/\/jackpotlotteryonline.com\/et\/kuidas-mangida\/thunderball\/","og_site_name":"Lotto Online - Crack The International Lottery Jackpots","article_modified_time":"2022-12-31T13:49:59+00:00","og_image":[{"url":"https:\/\/jackpotlotteryonline.com\/wp-content\/uploads\/2022\/11\/lotteryticket.jpg"}],"twitter_card":"summary_large_image","twitter_misc":{"Est. reading time":"5 minutit"},"schema":{"@context":"https:\/\/schema.org","@graph":[{"@type":"WebPage","@id":"https:\/\/jackpotlotteryonline.com\/et\/kuidas-mangida\/thunderball\/","url":"https:\/\/jackpotlotteryonline.com\/et\/kuidas-mangida\/thunderball\/","name":"M\u00e4ngi \u00dchendkuningriigi Thunderballi loteriid internetis, isegi v\u00e4ljastpoolt \u00dchendkuningriiki.","isPartOf":{"@id":"https:\/\/jackpotlotteryonline.com\/#website"},"primaryImageOfPage":{"@id":"https:\/\/jackpotlotteryonline.com\/et\/kuidas-mangida\/thunderball\/#primaryimage"},"image":{"@id":"https:\/\/jackpotlotteryonline.com\/et\/kuidas-mangida\/thunderball\/#primaryimage"},"thumbnailUrl":"https:\/\/jackpotlotteryonline.com\/wp-content\/uploads\/2022\/11\/lotteryticket.jpg","datePublished":"2022-12-08T06:45:05+00:00","dateModified":"2022-12-31T13:49:59+00:00","description":"Loteriif\u00e4nnid v\u00e4ljastpoolt \u00dchendkuningriiki saavad n\u00fc\u00fcd Thunderballi m\u00e4ngida internetis - saada piletid internetis meie s\u00f5numiteenuse kaudu.","breadcrumb":{"@id":"https:\/\/jackpotlotteryonline.com\/et\/kuidas-mangida\/thunderball\/#breadcrumb"},"inLanguage":"et","potentialAction":[{"@type":"ReadAction","target":["https:\/\/jackpotlotteryonline.com\/et\/kuidas-mangida\/thunderball\/"]}]},{"@type":"ImageObject","inLanguage":"et","@id":"https:\/\/jackpotlotteryonline.com\/et\/kuidas-mangida\/thunderball\/#primaryimage","url":"https:\/\/jackpotlotteryonline.com\/wp-content\/uploads\/2022\/11\/lotteryticket.jpg","contentUrl":"https:\/\/jackpotlotteryonline.com\/wp-content\/uploads\/2022\/11\/lotteryticket.jpg"},{"@type":"BreadcrumbList","@id":"https:\/\/jackpotlotteryonline.com\/et\/kuidas-mangida\/thunderball\/#breadcrumb","itemListElement":[{"@type":"ListItem","position":1,"name":"Home","item":"https:\/\/jackpotlotteryonline.com\/et\/"},{"@type":"ListItem","position":2,"name":"Kuidas m\u00e4ngida","item":"https:\/\/jackpotlotteryonline.com\/et\/kuidas-mangida\/"},{"@type":"ListItem","position":3,"name":"Thunderball online &#8211; m\u00e4ngi seda \u00dchendkuningriigi loteriid k\u00f5ikjalt"}]},{"@type":"WebSite","@id":"https:\/\/jackpotlotteryonline.com\/#website","url":"https:\/\/jackpotlotteryonline.com\/","name":"Lotto Online - Crack The International Lottery Jackpots","description":"","potentialAction":[{"@type":"SearchAction","target":{"@type":"EntryPoint","urlTemplate":"https:\/\/jackpotlotteryonline.com\/?s={search_term_string}"},"query-input":"required name=search_term_string"}],"inLanguage":"et"}]}},"_links":{"self":[{"href":"https:\/\/jackpotlotteryonline.com\/et\/wp-json\/wp\/v2\/pages\/41033","targetHints":{"allow":["GET"]}}],"collection":[{"href":"https:\/\/jackpotlotteryonline.com\/et\/wp-json\/wp\/v2\/pages"}],"about":[{"href":"https:\/\/jackpotlotteryonline.com\/et\/wp-json\/wp\/v2\/types\/page"}],"author":[{"embeddable":true,"href":"https:\/\/jackpotlotteryonline.com\/et\/wp-json\/wp\/v2\/users\/1"}],"replies":[{"embeddable":true,"href":"https:\/\/jackpotlotteryonline.com\/et\/wp-json\/wp\/v2\/comments?post=41033"}],"version-history":[{"count":0,"href":"https:\/\/jackpotlotteryonline.com\/et\/wp-json\/wp\/v2\/pages\/41033\/revisions"}],"up":[{"embeddable":true,"href":"https:\/\/jackpotlotteryonline.com\/et\/wp-json\/wp\/v2\/pages\/35684"}],"wp:attachment":[{"href":"https:\/\/jackpotlotteryonline.com\/et\/wp-json\/wp\/v2\/media?parent=41033"}],"curies":[{"name":"wp","href":"https:\/\/api.w.org\/{rel}","templated":true}]}}