{"id":41085,"date":"2022-12-08T08:29:29","date_gmt":"2022-12-08T08:29:29","guid":{"rendered":"https:\/\/jackpotlotteryonline.com\/?page_id=41085"},"modified":"2022-12-29T08:27:14","modified_gmt":"2022-12-29T08:27:14","slug":"uk-lottery","status":"publish","type":"page","link":"https:\/\/jackpotlotteryonline.com\/et\/winning-numbers\/uk-lottery\/","title":{"rendered":"\u00dchendkuningriigi loterii tulemused"},"content":{"rendered":"<p>\u00dchendkuningriigi loterii on huvitav m\u00e4ng selles m\u00f5ttes, et see v\u00f5ib teha m\u00e4ngijatest miljon\u00e4re. Kuigi see on \u00dchendkuningriigi m\u00e4ngijate seas populaarne, ei ole see rahvusvahelistele m\u00e4ngijatele v\u00e4ga tuntud. Seega, kui soovite proovida k\u00e4tt rahvusvahelises loteriis, siis miks mitte proovida seda? Kuigi auhinnad ei ole garanteeritud, on v\u00f5idunumbri valimine lihtne.<\/p>\n<p>\u00dchest asjast peaksite siiski teadlik olema. Kui sa v\u00f5idad selle loto, ei saa me tegelikult \u00f6elda, kui palju sa koju saad. Seda seet\u00f5ttu, et jackpoti auhind on 52% lotofondist. Kui m\u00fc\u00fcdud pileteid ei ole palju, siis ei l\u00e4he te palju koju. Ei, see ei ole meiega seotud ja see on loteriifirma reegel.<\/p>\n<p>V\u00f5ite vaadata meie saidi aadressil jackpotlottery.com, et osaleda selles lotos v\u00f5i valida paljude teiste loteriide vahel. Meie saidil saab m\u00e4ngida ka rahvusvahelisi tipplototeriisid ja need lubavad teil oma v\u00f5idud endale j\u00e4tta. V\u00f5i v\u00f5ite proovida hoopis seda. See on t\u00e4iesti teie otsustada.<\/p>\n<section class=\"layout\" style=\"border: solid 1px; width: 100%;\">\n<div class=\"img-div\" style=\"margin-top: 5px;\"><img decoding=\"async\" class=\"wp-image-17212 alignleft\" style=\"height: 45px; margin: 8px 8px 0px;\" src=\"https:\/\/jackpotlotteryonline.com\/wp-content\/uploads\/2022\/11\/read1.jpg\" alt=\"loe\" width=\"\" height=\"\" \/><\/div>\n<div style=\"padding-left: 5px;\">\n<div style=\"font-size: 1.1em;\">\n<p><strong>Milline rahvusvaheline loterii on parim?<\/strong><\/p>\n<p style=\"font-size: 0.85em; margin-top: -1.5em;\">Millistel rahvusvahelistel loteriidel on parimad koefitsiendid v\u00f5ita\u00a0\u00a0 <a href=\"https:\/\/jackpotlotteryonline.com\/et\/milline-rahvusvaheline-loterii-on-parim\"> loe edasi<\/a><\/p>\n<\/div>\n<\/div>\n<\/section>\n<h2>Kuidas m\u00e4ngida \u00dchendkuningriigi loteriid<\/h2>\n<p><img loading=\"lazy\" decoding=\"async\" class=\"alignright size-full wp-image-27482\" src=\"https:\/\/jackpotlotteryonline.com\/wp-content\/uploads\/2022\/11\/1_lottery_jackpot3.jpg\" alt=\"m\u00e4ngige \u00dchendkuningriigi loteriid\" width=\"245\" height=\"123\" \/>Sarnaselt teiste lotom\u00e4ngudega peate valima 6 numbrit 1 kuni 49 hulgast. Loosimise ajal valitakse juhuslikult ka boonusnumber, mida kasutatakse auhinna m\u00e4\u00e4ramisel. Me ei soovita seda lotot eriti innukalt. Isegi kui tabate loositud numbreid, ei saa me garanteerida, mida te koju v\u00f5tate.<\/p>\n<p>Kui k\u00fclastate meie veebisaiti, saate osaleda teistes m\u00e4ngudes, nagu USA Powerball ja Mega Millions. Nende loteriide puhul on minimaalne jackpot 40 miljonit dollarit. On ka teisi Euroopa loteriisid, mida saate m\u00e4ngida, n\u00e4iteks Euromillions ja Eurojackpot.<\/p>\n<p>Nende m\u00e4ngude m\u00e4ngimise sisuks on suurv\u00f5it ja see on meie klientide jaoks meie unistus.<\/p>\n<h2>Loosimised<\/h2>\n<p>\u00dchendkuningriigi loterii korraldab igal n\u00e4dalal kaks loosimist, kolmap\u00e4eval ja laup\u00e4eval. Seega, kui ostate lotopileti, saate valida, kas osaleda \u00fches v\u00f5i mitmes loosimises. Mitmes loosimises osalemine on suurep\u00e4rane v\u00f5imalus suurendada oma v\u00f5iduv\u00f5imalusi.<\/p>\n<h2>\u00dchendkuningriigi loterii v\u00f5itmine<\/h2>\n<p>Selle lotom\u00e4ngu v\u00f5itmiseks peaksid m\u00e4ngijad vastama v\u00e4hemalt kolmele loositud p\u00f5hinumbrile. Jackpot on tavaliselt umbes 3 000 000 naelsterlingit, kuigi see v\u00f5ib olla rohkem v\u00f5i v\u00e4hem. Jackpoti v\u00f5itmiseks peate vastama k\u00f5igile kuuele loositud numbrile.<\/p>\n<p>Selle lotom\u00e4ngu puhul on ka teisi auhinnajagamisi ja me mainime neid kohe.<\/p>\n<p>Pidage meeles, et loto on \u00f5nnem\u00e4ng ja kindlat v\u00f5imalust v\u00f5ita ei ole. Seni parim strateegia on osta mitu piletit ja osaleda mitmes loosimises. Nii saate suurendada oma v\u00f5iduv\u00f5imalusi. See kehtib mis tahes loto m\u00e4ngu puhul, mida otsustate m\u00e4ngida.<\/p>\n<h2>Auhindade jaotamine<\/h2>\n<p>See, mida me jagame, on n\u00e4ide \u00fche konkreetse \u00dchendkuningriigi loterii loosimise auhinnajaotusest. Pange t\u00e4hele, et muud auhinnad on protsentuaalne osa auhinnafondist. See t\u00e4hendab, et kui v\u00f5itjaid on mitu, jagatakse auhind nende vahel.<\/p>\n<p>Jaotus 1: Match 6 &#8211; 2 000 000 naelsterlingit (jackpot)<\/p>\n<p>2. divisjon: 5. mat\u0161 + boonus &#8211; 1 000 000 naelsterlingit.<\/p>\n<p>3. divisjon: 5. m\u00e4ng &#8211; 1 750 naelsterlingit.<\/p>\n<p>4. divisjon: 4. m\u00e4ng &#8211; 140 naelsterlingit<\/p>\n<p>5. divisjon: 3. m\u00e4ng &#8211; 30 naelsterlingit<\/p>\n<p>Division 6: Match 2 &#8211; tasuta loto lucky dip<\/p>\n<p>M\u00f5istke, et isegi kui te v\u00f5idate need auhinnad, ei ole n\u00e4idatud summa see, mida te saate v\u00e4ljamaksena. Seda seet\u00f5ttu, et umbes 45% lotovahenditest l\u00e4heb auhinnarahaks. Seega v\u00f5ib see olla v\u00e4hem v\u00f5i rohkem, s\u00f5ltuvalt sellest, mis on fondis.<\/p>\n<h2>V\u00f5itude taotlemine<\/h2>\n<p>Lotoettev\u00f5ttel on m\u00f5ned eeskirjad, mis puudutavad teie v\u00f5itude taotlemist.<\/p>\n<ul>\n<li>Loos osalemiseks peate olema 18+.<\/li>\n<li>V\u00f5idud tuleb taotleda 180 p\u00e4eva jooksul p\u00e4rast loosimist. Ainus erand on see, kui olete alustanud menetlust 7 p\u00e4eva jooksul.<\/li>\n<li>Kohese v\u00f5idu m\u00e4nge tuleb n\u00f5uda 180 p\u00e4eva jooksul, kui ostsite kohese v\u00f5idu m\u00e4ngu<\/li>\n<li>Kraapimiskaardim\u00e4nge tuleb samuti taotleda 180 p\u00e4eva jooksul alates sellest, kui ostsite kraapimiskaardi.<\/li>\n<\/ul>\n<p>Kui <a href=\"https:\/\/jackpotlotteryonline.com\/et\/kuidas-mangida\/uk-lottery\">m\u00e4ngite meie saidil loteriid,<\/a> teeme oma v\u00f5itude taotlemise lihtsaks. V\u00f5itude puhul, mis on kuni 2500 eurot, saate neile ligi siinsamas meie saidil. Seda seet\u00f5ttu, et lotofirma maksab selle otse meie saidile ja seej\u00e4rel saate selle oma kontole v\u00e4lja v\u00f5tta. Kui see on suurem kui 2500 eurot, peate oma v\u00f5idu n\u00f5udma otse lotoettev\u00f5ttelt. Me aitame teid selles, andes teile n\u00f5udeavalduse vormi, mille saate t\u00e4ita, nii et seal ei pea muretsema.<\/p>\n<h2>Kuidas kontrollida oma v\u00f5idunumbreid<\/h2>\n<p><img loading=\"lazy\" decoding=\"async\" class=\"alignright size-medium wp-image-27563\" src=\"https:\/\/jackpotlotteryonline.com\/wp-content\/uploads\/2022\/11\/1_lottery_numbers_draw_results-300x201.jpg\" alt=\"v\u00f5ita \u00dchendkuningriigi loterii\" width=\"300\" height=\"201\" srcset=\"https:\/\/jackpotlotteryonline.com\/wp-content\/uploads\/2022\/11\/1_lottery_numbers_draw_results-300x201.jpg 300w, https:\/\/jackpotlotteryonline.com\/wp-content\/uploads\/2022\/11\/1_lottery_numbers_draw_results.jpg 320w\" sizes=\"auto, (max-width: 300px) 100vw, 300px\" \/>Et teada saada, kas olete v\u00f5itnud auhinna v\u00f5i mitte, peate k\u00f5igepealt kontrollima loositud numbreid. Kui m\u00e4ngite internetis, on selleks mitu v\u00f5imalust. Kuid kaugelt k\u00f5ige t\u00f5husam on naasta siia, et kontrollida loosimise tulemusi. Me avaldame loositud numbrid p\u00e4rast iga loosimist.<\/p>\n<p>Samuti, kui olete meie juures registreerunud, siis saadame teile e-kirja, et anda teile teada, kas olete v\u00f5itnud auhinna. See on tegelikult \u00fcks peamisi eeliseid, kui m\u00e4ngite meiega lotot. Peale selle, et saate juurdep\u00e4\u00e4su tonnidele rahvusvahelistele loteriidele. Kui m\u00e4ngite meiega, ei pea te muretsema, et j\u00e4\u00e4te auhinnast ilma. Me anname teile teada, kui olete v\u00f5itnud auhinna. Samuti, kui see on v\u00e4iksem kui 2500 eurot, on see kenasti sinu kontol, kui j\u00e4rgmine kord sisse logid.<\/p>\n<h2>Meiega loterii m\u00e4ngimise eelised<\/h2>\n<ul>\n<li>Saate juurdep\u00e4\u00e4su rahvusvahelistele tipplotodele \u00fchest mugavast kohast<\/li>\n<li>Me oleme concierge sait. See t\u00e4hendab, et te ei panusta loterii tulemusele. Te tegelikult ostate loteriis osalemise, kus iganes te ka ei oleksite<\/li>\n<li>Saate osaleda loosimistel mitu n\u00e4dalat ette, kasutades meie tellimusteenust<\/li>\n<li>Saate teada loosimise tulemused siinsamas meie saidil<\/li>\n<li>Me teavitame teid, kui te v\u00f5idate m\u00f5ne auhinna<\/li>\n<li>Saate oma v\u00f5idud h\u00f5lpsasti meie saidilt oma panka v\u00e4lja maksta<\/li>\n<\/ul>\n<p>Meie saidilt loterii m\u00e4ngimisel on nii palju eeliseid. Keskendume sellele, et pakkuda oma klientidele k\u00f5ige mugavamat ja sujuvamat teenust, et nad saaksid nautida lotom\u00e4nge.<\/p>\n<h2>Kontrollige oma loto v\u00f5idunumbreid siin<\/h2>\n<p>Me mainisime, et pakume juurdep\u00e4\u00e4su mitmetele rahvusvahelistele loteriidele. Te ei saa mitte ainult <a href=\"https:\/\/jackpotlotteryonline.com\/et\/kuidas-osta-loteriipileteid-internetis\/uk-lottery\">osta oma pileteid \u00fcksk\u00f5ik<\/a> kust, vaid saate kontrollida ka loositud numbreid. Olenemata sellest, millise loto m\u00e4ngu te valite, avaldame tulemused siinsamas meie saidil.<\/p>\n<p>Mis k\u00f5ige parem, kui sa v\u00f5idad m\u00f5ne auhinna, ei pea sa muretsema, mis juhtub sinu v\u00f5iduga. Me ei v\u00f5ta teie v\u00f5itudest mingit protsenti; k\u00f5ik, mida te v\u00f5idate, on teie p\u00e4ralt. Ja sa saad selle h\u00f5lpsasti meie platvormilt v\u00e4lja v\u00f5tta.<\/p>\n<p>T\u00f5esti, loteriide m\u00e4ngimine pole kunagi varem olnud lihtsam ja muretut. Miks mitte registreeruda meil juba t\u00e4na, et kogeda mugavate ja stressivabade lotom\u00e4ngude r\u00f5\u00f5mu?<\/p>\n","protected":false},"excerpt":{"rendered":"<p>\u00dchendkuningriigi loterii on huvitav m\u00e4ng selles m\u00f5ttes, et see v\u00f5ib teha m\u00e4ngijatest miljon\u00e4re. Kuigi see on \u00dchendkuningriigi m\u00e4ngijate seas populaarne, ei ole see rahvusvahelistele m\u00e4ngijatele v\u00e4ga tuntud. Seega, kui soovite proovida k\u00e4tt rahvusvahelises loteriis, siis miks mitte proovida seda? Kuigi auhinnad ei ole garanteeritud, on v\u00f5idunumbri valimine lihtne. \u00dchest asjast peaksite siiski teadlik olema. Kui [&hellip;]<\/p>\n","protected":false},"author":1,"featured_media":0,"parent":35822,"menu_order":10,"comment_status":"closed","ping_status":"closed","template":"lotto-uk-results.php","meta":{"_et_pb_use_builder":"","_et_pb_old_content":"","_et_gb_content_width":"","exclude_from_search":false,"footnotes":""},"class_list":["post-41085","page","type-page","status-publish","hentry"],"yoast_head":"<!-- This site is optimized with the Yoast SEO plugin v23.3 - https:\/\/yoast.com\/wordpress\/plugins\/seo\/ -->\n<title>UK Lottery v\u00f5idunumbrid ja loosimise tulemused<\/title>\n<meta name=\"description\" content=\"Kohe p\u00e4rast loosimist leiad siit k\u00f5ik \u00dchendkuningriigi loterii tulemused ja v\u00f5idunumbrid\" \/>\n<meta name=\"robots\" content=\"index, follow, max-snippet:-1, max-image-preview:large, max-video-preview:-1\" \/>\n<link rel=\"canonical\" href=\"https:\/\/jackpotlotteryonline.com\/et\/winning-numbers\/uk-lottery\/\" \/>\n<meta property=\"og:locale\" content=\"et_EE\" \/>\n<meta property=\"og:type\" content=\"article\" \/>\n<meta property=\"og:title\" content=\"UK Lottery v\u00f5idunumbrid ja loosimise tulemused\" \/>\n<meta property=\"og:description\" content=\"Kohe p\u00e4rast loosimist leiad siit k\u00f5ik \u00dchendkuningriigi loterii tulemused ja v\u00f5idunumbrid\" \/>\n<meta property=\"og:url\" content=\"https:\/\/jackpotlotteryonline.com\/et\/winning-numbers\/uk-lottery\/\" \/>\n<meta property=\"og:site_name\" content=\"Lotto Online - Crack The International Lottery Jackpots\" \/>\n<meta property=\"article:modified_time\" content=\"2022-12-29T08:27:14+00:00\" \/>\n<meta property=\"og:image\" content=\"https:\/\/jackpotlotteryonline.com\/wp-content\/uploads\/2022\/11\/read1.jpg\" \/>\n<meta name=\"twitter:card\" content=\"summary_large_image\" \/>\n<meta name=\"twitter:label1\" content=\"Est. reading time\" \/>\n\t<meta name=\"twitter:data1\" content=\"5 minutit\" \/>\n<!-- \/ Yoast SEO plugin. -->","yoast_head_json":{"title":"UK Lottery v\u00f5idunumbrid ja loosimise tulemused","description":"Kohe p\u00e4rast loosimist leiad siit k\u00f5ik \u00dchendkuningriigi loterii tulemused ja v\u00f5idunumbrid","robots":{"index":"index","follow":"follow","max-snippet":"max-snippet:-1","max-image-preview":"max-image-preview:large","max-video-preview":"max-video-preview:-1"},"canonical":"https:\/\/jackpotlotteryonline.com\/et\/winning-numbers\/uk-lottery\/","og_locale":"et_EE","og_type":"article","og_title":"UK Lottery v\u00f5idunumbrid ja loosimise tulemused","og_description":"Kohe p\u00e4rast loosimist leiad siit k\u00f5ik \u00dchendkuningriigi loterii tulemused ja v\u00f5idunumbrid","og_url":"https:\/\/jackpotlotteryonline.com\/et\/winning-numbers\/uk-lottery\/","og_site_name":"Lotto Online - Crack The International Lottery Jackpots","article_modified_time":"2022-12-29T08:27:14+00:00","og_image":[{"url":"https:\/\/jackpotlotteryonline.com\/wp-content\/uploads\/2022\/11\/read1.jpg"}],"twitter_card":"summary_large_image","twitter_misc":{"Est. reading time":"5 minutit"},"schema":{"@context":"https:\/\/schema.org","@graph":[{"@type":"WebPage","@id":"https:\/\/jackpotlotteryonline.com\/et\/winning-numbers\/uk-lottery\/","url":"https:\/\/jackpotlotteryonline.com\/et\/winning-numbers\/uk-lottery\/","name":"UK Lottery v\u00f5idunumbrid ja loosimise tulemused","isPartOf":{"@id":"https:\/\/jackpotlotteryonline.com\/#website"},"primaryImageOfPage":{"@id":"https:\/\/jackpotlotteryonline.com\/et\/winning-numbers\/uk-lottery\/#primaryimage"},"image":{"@id":"https:\/\/jackpotlotteryonline.com\/et\/winning-numbers\/uk-lottery\/#primaryimage"},"thumbnailUrl":"https:\/\/jackpotlotteryonline.com\/wp-content\/uploads\/2022\/11\/read1.jpg","datePublished":"2022-12-08T08:29:29+00:00","dateModified":"2022-12-29T08:27:14+00:00","description":"Kohe p\u00e4rast loosimist leiad siit k\u00f5ik \u00dchendkuningriigi loterii tulemused ja v\u00f5idunumbrid","breadcrumb":{"@id":"https:\/\/jackpotlotteryonline.com\/et\/winning-numbers\/uk-lottery\/#breadcrumb"},"inLanguage":"et","potentialAction":[{"@type":"ReadAction","target":["https:\/\/jackpotlotteryonline.com\/et\/winning-numbers\/uk-lottery\/"]}]},{"@type":"ImageObject","inLanguage":"et","@id":"https:\/\/jackpotlotteryonline.com\/et\/winning-numbers\/uk-lottery\/#primaryimage","url":"https:\/\/jackpotlotteryonline.com\/wp-content\/uploads\/2022\/11\/read1.jpg","contentUrl":"https:\/\/jackpotlotteryonline.com\/wp-content\/uploads\/2022\/11\/read1.jpg"},{"@type":"BreadcrumbList","@id":"https:\/\/jackpotlotteryonline.com\/et\/winning-numbers\/uk-lottery\/#breadcrumb","itemListElement":[{"@type":"ListItem","position":1,"name":"Home","item":"https:\/\/jackpotlotteryonline.com\/et\/"},{"@type":"ListItem","position":2,"name":"Loterii tulemused","item":"https:\/\/jackpotlotteryonline.com\/winning-numbers\/"},{"@type":"ListItem","position":3,"name":"\u00dchendkuningriigi loterii tulemused"}]},{"@type":"WebSite","@id":"https:\/\/jackpotlotteryonline.com\/#website","url":"https:\/\/jackpotlotteryonline.com\/","name":"Lotto Online - Crack The International Lottery Jackpots","description":"","potentialAction":[{"@type":"SearchAction","target":{"@type":"EntryPoint","urlTemplate":"https:\/\/jackpotlotteryonline.com\/?s={search_term_string}"},"query-input":"required name=search_term_string"}],"inLanguage":"et"}]}},"_links":{"self":[{"href":"https:\/\/jackpotlotteryonline.com\/et\/wp-json\/wp\/v2\/pages\/41085","targetHints":{"allow":["GET"]}}],"collection":[{"href":"https:\/\/jackpotlotteryonline.com\/et\/wp-json\/wp\/v2\/pages"}],"about":[{"href":"https:\/\/jackpotlotteryonline.com\/et\/wp-json\/wp\/v2\/types\/page"}],"author":[{"embeddable":true,"href":"https:\/\/jackpotlotteryonline.com\/et\/wp-json\/wp\/v2\/users\/1"}],"replies":[{"embeddable":true,"href":"https:\/\/jackpotlotteryonline.com\/et\/wp-json\/wp\/v2\/comments?post=41085"}],"version-history":[{"count":0,"href":"https:\/\/jackpotlotteryonline.com\/et\/wp-json\/wp\/v2\/pages\/41085\/revisions"}],"up":[{"embeddable":true,"href":"https:\/\/jackpotlotteryonline.com\/et\/wp-json\/wp\/v2\/pages\/35822"}],"wp:attachment":[{"href":"https:\/\/jackpotlotteryonline.com\/et\/wp-json\/wp\/v2\/media?parent=41085"}],"curies":[{"name":"wp","href":"https:\/\/api.w.org\/{rel}","templated":true}]}}