{"id":41137,"date":"2022-12-08T10:41:16","date_gmt":"2022-12-08T10:41:16","guid":{"rendered":"https:\/\/jackpotlotteryonline.com\/?page_id=41137"},"modified":"2022-12-29T10:26:50","modified_gmt":"2022-12-29T10:26:50","slug":"set-for-life","status":"publish","type":"page","link":"https:\/\/jackpotlotteryonline.com\/et\/winning-numbers\/set-for-life\/","title":{"rendered":"Set for Life loosimise tulemused"},"content":{"rendered":"<p>Set for Life loterii on \u00dchendkuningriigi annuiteetide loterii, mis annab m\u00e4ngijatele v\u00f5imaluse v\u00f5ita elu muutev auhind. Elu muutev selles m\u00f5ttes, et v\u00f5itja saab 30 aasta jooksul iga kuu 10 000 naelsterlingit. See on peaaegu nagu jackpoti v\u00f5itmine iga kuu kogu \u00fclej\u00e4\u00e4nud elu jooksul.<\/p>\n<p>M\u00e4ngijad \u00fcle maailma saavad n\u00fc\u00fcd<a href=\"https:\/\/jackpotlotteryonline.com\/et\/kuidas-osta-loteriipileteid-internetis\/set-for-life\"> osaleda \u00dchendkuningriigi annuiteetide loteriis, ostes pileteid veebist<\/a>. Samuti saavad nad kontrollida v\u00f5idunumbreid internetis ja saada ligip\u00e4\u00e4su ka oma v\u00f5idule.<\/p>\n<p>Kui <a href=\"https:\/\/jackpotlotteryonline.com\/et\/kuidas-mangida\/mangida-set-for-life-online\">m\u00e4ngite loteriid jackpotlotteryonline.com kaudu<\/a>, on teil praktiliselt k\u00f5ik loteriivajadused \u00fches kohas. Saate keskenduda loteriiv\u00f5itudele, ostes pileteid rahvusvahelistele tipplotodele internetis.<\/p>\n<section class=\"layout\" style=\"border: solid 1px; width: 100%;\">\n<div class=\"img-div\" style=\"margin-top: 5px;\"><img decoding=\"async\" class=\"wp-image-17212 alignleft\" style=\"height: 45px; margin: 8px 8px 0px;\" src=\"http:\/\/jackpotlotteryonline.com\/wp-content\/uploads\/2022\/11\/read1.jpg\" alt=\"loe\" width=\"\" height=\"\" \/><\/div>\n<div style=\"padding-left: 5px;\">\n<div style=\"font-size: 1.1em;\">\n<p><strong>Kas teiste riikide loteriide m\u00e4ngimine internetis on seaduslik?<\/strong><\/p>\n<p style=\"font-size: 0.85em; margin-top: -1.5em;\">Kas on seaduslik saada loteriipiletit internetis ja kas ma tegelikult saan raha?\u00a0 <a href=\"https:\/\/jackpotlotteryonline.com\/et\/kas-teiste-riikide-loteriide-mangimine-internetis-on-seaduslik\">loe edasi<\/a><\/p>\n<\/div>\n<\/div>\n<\/section>\n<h2>Miks m\u00e4ngida internetis?<\/h2>\n<p>Esiteks, kui te ei ela \u00dchendkuningriigis, siis on teil \u00fcsna raske osta piletit sellele loteriile. P\u00f5him\u00f5tteliselt on ainus v\u00f5imalus v\u00e4ljaspool \u00dchendkuningriiki Set for Life&#8217;i m\u00e4ngida ainult internetis. Teiseks, kui sa n\u00e4ed, kui mugav on m\u00e4ngida internetis, ei taha sa loteriid enam muul viisil m\u00e4ngida.<\/p>\n<p><strong>L\u00fchidalt \u00f6eldes on siin m\u00f5ned peamised eelised, mida loterii m\u00e4ngimine internetis annab:<\/strong><img loading=\"lazy\" decoding=\"async\" class=\"alignright size-medium wp-image-27941\" src=\"http:\/\/jackpotlotteryonline.com\/wp-content\/uploads\/2022\/11\/1_lottery_winner_ticket-200x300.jpg\" alt=\"m\u00e4ngi Set for Life\" width=\"200\" height=\"300\" srcset=\"https:\/\/jackpotlotteryonline.com\/wp-content\/uploads\/2022\/11\/1_lottery_winner_ticket-200x300.jpg 200w, https:\/\/jackpotlotteryonline.com\/wp-content\/uploads\/2022\/11\/1_lottery_winner_ticket.jpg 320w\" sizes=\"auto, (max-width: 200px) 100vw, 200px\" \/><\/p>\n<ul>\n<li>Saate kohe juurdep\u00e4\u00e4su oma v\u00f5idunumbrite m\u00e4ngimisele iga loosimise puhul<\/li>\n<li>Saate m\u00e4\u00e4rata oma sissekanded n\u00e4dalaid ette<\/li>\n<li>Saate h\u00f5lpsasti kontrollida v\u00f5idunumbreid<\/li>\n<li>Juurdep\u00e4\u00e4s oma v\u00f5itudele ilma stressita<\/li>\n<\/ul>\n<p>Internetis loteriid m\u00e4ngides on nii palju eeliseid. Ja kui m\u00e4ngite meiega jackpotlotteryonline.com, kogete loterii lihtsust ja mugavust, mis on teie k\u00e4eulatuses. Concierge-saitina haldame teie eest k\u00f5iki \u00fcksikasju, samal ajal kui te keskendute oma v\u00f5idunumbrite kergek\u00e4eliselt valimisele. Sellest v\u00f5idavad k\u00f5ik.<\/p>\n<h2>Millised on Set for Life&#8217;i v\u00f5idunumbrid?<\/h2>\n<p>Ainus viis teada saada, kas teil on v\u00f5idunumbrid, on teada, kuidas seda \u00dchendkuningriigi loteriid m\u00e4ngida. M\u00e4ngimiseks peate valima 5 numbrit vahemikust 1 kuni 47 ja 1 Life Ball numbri vahemikust 1 kuni 10. Kui olete numbrid v\u00e4lja valinud, on j\u00e4rgmine samm teie valitud loosimised.<\/p>\n<p>Set for Life&#8217;il on kaks loosimisp\u00e4eva n\u00e4dalas, esmasp\u00e4eviti ja neljap\u00e4eviti. See t\u00e4hendab, et teil on kaks v\u00f5imalust loteriiv\u00f5iduks. Loomulikult v\u00f5ite osaleda m\u00f5lemas loosimises, sest nii saate suurendada oma v\u00f5iduv\u00f5imalusi.<\/p>\n<p>P\u00e4rast loosimisi peate kontrollima tulemusi, et n\u00e4ha, kas teil on v\u00f5idukombinatsioon. See, kellel on v\u00f5idunumbrid, v\u00f5idab loterii.<\/p>\n<h2>Kolm v\u00f5imalust, kuidas kontrollida loosimise tulemusi<\/h2>\n<p>Selle \u00dchendkuningriigi loterii v\u00f5itjakombinatsiooni saate kontrollida kolmel viisil. Kui elate \u00dchendkuningriigis, saate h\u00f5lpsasti vaadata otse\u00fclekandeid telerist. Kui te aga sel ajal t\u00f6\u00f6tate v\u00f5i teil on m\u00f5ni muu funktsioon, siis see teie jaoks ei toimi.<\/p>\n<p>Teine alternatiiv on vaadata loosimise tulemusi internetis. Erinevad veebisaidid avaldavad tulemusi, eelk\u00f5ige jackpot&#8217;i v\u00f5idukombinatsiooni. Loomulikult, kuna loteriil on ka teisi auhinnakategooriaid, v\u00f5ib teid huvitada ka muud v\u00f5idukombinatsioonid peale jackpot&#8217;i.<\/p>\n<p>Parim viis loosimistulemuste kontrollimiseks on p\u00e4rast iga loosimist sellele lehele tagasi p\u00f6\u00f6rduda. Me avaldame loosimise tulemused siinsamas ja v\u00f5tame aega, et n\u00e4idata v\u00f5idukombinatsioone igas auhinnaklassis. Lisaks, kui ostsite pileti meilt, saadame teile e-kirja, kui teil on v\u00f5itnud pilet.<\/p>\n<h2>Set for Life auhinnakategooriad<\/h2>\n<p>Selle \u00dchendkuningriigi loterii peaauhind on h\u00e4mmastav 10 000 naelsterlingit iga kuu j\u00e4rgmise 30 aasta jooksul. Kujutage ette, et v\u00f5idate sellise summa iga kuu 30 aasta jooksul. Sellise auhinna puhul on lihtne m\u00f5ista, miks m\u00e4ngurid \u00fcle kogu maailma soovivad innukalt saada selle loterii v\u00f5idukombinatsiooni.<\/p>\n<p>Lisaks esimese auhinna v\u00f5itmisele on ka teisi p\u00f5nevaid auhindu, mida m\u00e4ngijad v\u00f5ivad selle loteriiga v\u00f5ita. Siin on auhinnakategooriad.<\/p>\n<p>Kategooria 1: Match 5 + Life Ball &#8211; 10 000 naelsterlingit iga kuu 30 aasta jooksul<\/p>\n<p>Kategooria 2: Ainult Match 5 &#8211; 10 000 naelsterlingit iga kuu 1 aasta jooksul<\/p>\n<p>Kategooria 3: Match 4 + LIfe Ball &#8211; 250 naelsterlingit.<\/p>\n<p>Kategooria 4: Ainult Match 4 &#8211; 50 \u00a3<\/p>\n<p>Kategooria 5: Match 3 + Life Ball &#8211; 30 \u00a3.<\/p>\n<p>Kategooria 6: Ainult 3. mat\u0161 &#8211; 20 \u00a3<\/p>\n<p>Kategooria 7: Match 2 + Life Ball &#8211; 10 \u00a3<\/p>\n<p>Kategooria 8: Ainult 2. mat\u0161 &#8211; 5 \u00a3<\/p>\n<h2>V\u00f5itude v\u00e4ljav\u00f5tmine<\/h2>\n<p>Me mainisime, et teavitame teid e-posti teel ja teie konto kaudu, kui teil on v\u00f5idupilet. Kuid kuidas saate oma v\u00f5idud v\u00e4lja v\u00f5tta, kui elate v\u00e4ljaspool \u00dchendkuningriiki? See on k\u00fcsimus, mille p\u00e4rast paljud m\u00e4ngurid muretsevad. Noh, me oleme siin, et teie s\u00fcda teie v\u00f5idu osas rahule j\u00e4tta.<\/p>\n<p>Kui registreerite end meie juures ja ostate meilt oma loteriipileteid, lihtsustame teie jaoks protsessi. Concierge-saitina oleme loonud sujuvaks protsessiks, mille abil saate oma v\u00f5idud h\u00f5lpsasti v\u00e4lja v\u00f5tta. Alla 2500 euro suuruse v\u00f5idu puhul piisab sellest, kui saate selle meie saidilt oma kontole v\u00e4lja maksta.<\/p>\n<p>Kui olete v\u00f5itnud auhinna, mis \u00fcletab seda summat, esitame teile n\u00f5udeavalduse vormi. Nii saate oma v\u00f5idud otse loteriifirmalt sisse n\u00f5uda. Nii et mine edasi ja osta loteriipilet t\u00e4na, et saada v\u00f5imalus saada v\u00f5idukombinatsioon.<\/p>\n","protected":false},"excerpt":{"rendered":"<p>Set for Life loterii on \u00dchendkuningriigi annuiteetide loterii, mis annab m\u00e4ngijatele v\u00f5imaluse v\u00f5ita elu muutev auhind. Elu muutev selles m\u00f5ttes, et v\u00f5itja saab 30 aasta jooksul iga kuu 10 000 naelsterlingit. See on peaaegu nagu jackpoti v\u00f5itmine iga kuu kogu \u00fclej\u00e4\u00e4nud elu jooksul. M\u00e4ngijad \u00fcle maailma saavad n\u00fc\u00fcd osaleda \u00dchendkuningriigi annuiteetide loteriis, ostes pileteid veebist. [&hellip;]<\/p>\n","protected":false},"author":1,"featured_media":0,"parent":35822,"menu_order":11,"comment_status":"closed","ping_status":"closed","template":"set-for-life-results.php","meta":{"_et_pb_use_builder":"","_et_pb_old_content":"","_et_gb_content_width":"","exclude_from_search":false,"footnotes":""},"class_list":["post-41137","page","type-page","status-publish","hentry"],"yoast_head":"<!-- This site is optimized with the Yoast SEO plugin v23.3 - https:\/\/yoast.com\/wordpress\/plugins\/seo\/ -->\n<title>Set for Life v\u00f5idunumbrid ja loosimise tulemus<\/title>\n<meta name=\"description\" content=\"Set For Life loterii tulemused, samuti v\u00f5idunumbrid siin Jackpotlotteryonline.com&#039;il\" \/>\n<meta name=\"robots\" content=\"index, follow, max-snippet:-1, max-image-preview:large, max-video-preview:-1\" \/>\n<link rel=\"canonical\" href=\"https:\/\/jackpotlotteryonline.com\/et\/winning-numbers\/set-for-life\/\" \/>\n<meta property=\"og:locale\" content=\"et_EE\" \/>\n<meta property=\"og:type\" content=\"article\" \/>\n<meta property=\"og:title\" content=\"Set for Life v\u00f5idunumbrid ja loosimise tulemus\" \/>\n<meta property=\"og:description\" content=\"Set For Life loterii tulemused, samuti v\u00f5idunumbrid siin Jackpotlotteryonline.com&#039;il\" \/>\n<meta property=\"og:url\" content=\"https:\/\/jackpotlotteryonline.com\/et\/winning-numbers\/set-for-life\/\" \/>\n<meta property=\"og:site_name\" content=\"Lotto Online - Crack The International Lottery Jackpots\" \/>\n<meta property=\"article:modified_time\" content=\"2022-12-29T10:26:50+00:00\" \/>\n<meta property=\"og:image\" content=\"http:\/\/jackpotlotteryonline.com\/wp-content\/uploads\/2022\/11\/read1.jpg\" \/>\n<meta name=\"twitter:card\" content=\"summary_large_image\" \/>\n<meta name=\"twitter:label1\" content=\"Est. reading time\" \/>\n\t<meta name=\"twitter:data1\" content=\"4 minutit\" \/>\n<!-- \/ Yoast SEO plugin. -->","yoast_head_json":{"title":"Set for Life v\u00f5idunumbrid ja loosimise tulemus","description":"Set For Life loterii tulemused, samuti v\u00f5idunumbrid siin Jackpotlotteryonline.com'il","robots":{"index":"index","follow":"follow","max-snippet":"max-snippet:-1","max-image-preview":"max-image-preview:large","max-video-preview":"max-video-preview:-1"},"canonical":"https:\/\/jackpotlotteryonline.com\/et\/winning-numbers\/set-for-life\/","og_locale":"et_EE","og_type":"article","og_title":"Set for Life v\u00f5idunumbrid ja loosimise tulemus","og_description":"Set For Life loterii tulemused, samuti v\u00f5idunumbrid siin Jackpotlotteryonline.com'il","og_url":"https:\/\/jackpotlotteryonline.com\/et\/winning-numbers\/set-for-life\/","og_site_name":"Lotto Online - Crack The International Lottery Jackpots","article_modified_time":"2022-12-29T10:26:50+00:00","og_image":[{"url":"http:\/\/jackpotlotteryonline.com\/wp-content\/uploads\/2022\/11\/read1.jpg"}],"twitter_card":"summary_large_image","twitter_misc":{"Est. reading time":"4 minutit"},"schema":{"@context":"https:\/\/schema.org","@graph":[{"@type":"WebPage","@id":"https:\/\/jackpotlotteryonline.com\/et\/winning-numbers\/set-for-life\/","url":"https:\/\/jackpotlotteryonline.com\/et\/winning-numbers\/set-for-life\/","name":"Set for Life v\u00f5idunumbrid ja loosimise tulemus","isPartOf":{"@id":"https:\/\/jackpotlotteryonline.com\/#website"},"primaryImageOfPage":{"@id":"https:\/\/jackpotlotteryonline.com\/et\/winning-numbers\/set-for-life\/#primaryimage"},"image":{"@id":"https:\/\/jackpotlotteryonline.com\/et\/winning-numbers\/set-for-life\/#primaryimage"},"thumbnailUrl":"http:\/\/jackpotlotteryonline.com\/wp-content\/uploads\/2022\/11\/read1.jpg","datePublished":"2022-12-08T10:41:16+00:00","dateModified":"2022-12-29T10:26:50+00:00","description":"Set For Life loterii tulemused, samuti v\u00f5idunumbrid siin Jackpotlotteryonline.com'il","breadcrumb":{"@id":"https:\/\/jackpotlotteryonline.com\/et\/winning-numbers\/set-for-life\/#breadcrumb"},"inLanguage":"et","potentialAction":[{"@type":"ReadAction","target":["https:\/\/jackpotlotteryonline.com\/et\/winning-numbers\/set-for-life\/"]}]},{"@type":"ImageObject","inLanguage":"et","@id":"https:\/\/jackpotlotteryonline.com\/et\/winning-numbers\/set-for-life\/#primaryimage","url":"http:\/\/jackpotlotteryonline.com\/wp-content\/uploads\/2022\/11\/read1.jpg","contentUrl":"http:\/\/jackpotlotteryonline.com\/wp-content\/uploads\/2022\/11\/read1.jpg"},{"@type":"BreadcrumbList","@id":"https:\/\/jackpotlotteryonline.com\/et\/winning-numbers\/set-for-life\/#breadcrumb","itemListElement":[{"@type":"ListItem","position":1,"name":"Home","item":"https:\/\/jackpotlotteryonline.com\/et\/"},{"@type":"ListItem","position":2,"name":"Loterii tulemused","item":"https:\/\/jackpotlotteryonline.com\/winning-numbers\/"},{"@type":"ListItem","position":3,"name":"Set for Life loosimise tulemused"}]},{"@type":"WebSite","@id":"https:\/\/jackpotlotteryonline.com\/#website","url":"https:\/\/jackpotlotteryonline.com\/","name":"Lotto Online - Crack The International Lottery Jackpots","description":"","potentialAction":[{"@type":"SearchAction","target":{"@type":"EntryPoint","urlTemplate":"https:\/\/jackpotlotteryonline.com\/?s={search_term_string}"},"query-input":"required name=search_term_string"}],"inLanguage":"et"}]}},"_links":{"self":[{"href":"https:\/\/jackpotlotteryonline.com\/et\/wp-json\/wp\/v2\/pages\/41137","targetHints":{"allow":["GET"]}}],"collection":[{"href":"https:\/\/jackpotlotteryonline.com\/et\/wp-json\/wp\/v2\/pages"}],"about":[{"href":"https:\/\/jackpotlotteryonline.com\/et\/wp-json\/wp\/v2\/types\/page"}],"author":[{"embeddable":true,"href":"https:\/\/jackpotlotteryonline.com\/et\/wp-json\/wp\/v2\/users\/1"}],"replies":[{"embeddable":true,"href":"https:\/\/jackpotlotteryonline.com\/et\/wp-json\/wp\/v2\/comments?post=41137"}],"version-history":[{"count":0,"href":"https:\/\/jackpotlotteryonline.com\/et\/wp-json\/wp\/v2\/pages\/41137\/revisions"}],"up":[{"embeddable":true,"href":"https:\/\/jackpotlotteryonline.com\/et\/wp-json\/wp\/v2\/pages\/35822"}],"wp:attachment":[{"href":"https:\/\/jackpotlotteryonline.com\/et\/wp-json\/wp\/v2\/media?parent=41137"}],"curies":[{"name":"wp","href":"https:\/\/api.w.org\/{rel}","templated":true}]}}