{"id":41191,"date":"2022-12-08T13:13:33","date_gmt":"2022-12-08T13:13:33","guid":{"rendered":"https:\/\/jackpotlotteryonline.com\/?page_id=41191"},"modified":"2022-12-29T20:05:57","modified_gmt":"2022-12-29T20:05:57","slug":"mega-sena","status":"publish","type":"page","link":"https:\/\/jackpotlotteryonline.com\/et\/winning-numbers\/mega-sena\/","title":{"rendered":"Mega-Sena loterii tulemused"},"content":{"rendered":"<p>M\u00e4ngijad \u00fcle maailma saavad n\u00fc\u00fcd osta Mega-Sena loterii pileteid. Ja mitte ainult seda, vaid p\u00e4rast loteriim\u00e4ngu saab Mega-Sena v\u00f5idunumbreid internetis kontrollida. Oluline osa loteriim\u00e4ngust on loosimise tulemuste kontrollimine, et sa ei j\u00e4\u00e4ks auhindadest ilma. Brasiilia loterii v\u00f5idunumbrite kontrollimiseks on mitu v\u00f5imalust ja selle juurde j\u00f5uame kohe.<\/p>\n<p>Kuid kui teil on kiire teada saada viimase loosimise tulemusi, v\u00f5ite k\u00fclastada jackpotlotteryonline.com, et p\u00e4\u00e4seda ligi rahvusvahelistele tipplotodele.<\/p>\n<section class=\"layout\" style=\"border: solid 1px; width: 100%;\">\n<div class=\"img-div\" style=\"margin-top: 5px;\"><img decoding=\"async\" class=\"wp-image-17212 alignleft\" style=\"height: 45px; margin: 8px 8px 0px;\" src=\"https:\/\/jackpotlotteryonline.com\/wp-content\/uploads\/2022\/11\/read1.jpg\" alt=\"loe\" width=\"\" height=\"\" \/><\/div>\n<div style=\"padding-left: 5px;\">\n<div style=\"font-size: 1.1em;\">\n<p><strong>Euroopa loteriid<\/strong><\/p>\n<p style=\"font-size: 0.85em; margin-top: -1.5em;\">Millised Euroopa loteriid on parimad?\u00a0<a href=\"https:\/\/jackpotlotteryonline.com\/et\/millised-euroopa-loteriid-on-parimad\"> loe edasi<\/a><\/p>\n<\/div>\n<\/div>\n<\/section>\n<h2>Mega-Sena loterii p\u00f5hit\u00f5ed<\/h2>\n<p>Mega-Sena on nagu iga teine loterii selle m\u00e4ngimise viisi poolest. Sa pead lihtsalt valima numbrid teatud vahemikust. Brasiilia loterii puhul valite 6 vahemikust 1 kuni 60. Ja see ongi k\u00f5ik. Selles loteriis ei ole mingeid lisa- v\u00f5i boonusnumbreid, vaid ainult kuus.<\/p>\n<p>Kui olete soovitud numbrid v\u00e4lja valinud, on j\u00e4rgmine samm loosimisse sisenemine. Mega-Sena-l on kaks igan\u00e4dalast loosimist, kolmap\u00e4eviti ja neljap\u00e4eviti.<\/p>\n<h2>Mega-Sena v\u00f5idunumbrid<\/h2>\n<p><img loading=\"lazy\" decoding=\"async\" class=\"size-full wp-image-29102 alignright\" src=\"https:\/\/jackpotlotteryonline.com\/wp-content\/uploads\/2022\/11\/1_play_lottery_international.jpg\" alt=\"Mega-Sena v\u00f5idunumbrid\" width=\"205\" height=\"147\" \/>Kuidas valida Mega-Sena v\u00f5idunumbrid? Erinevatel m\u00e4ngijatel on erinevad valikud, mis neile sobivad. V\u00f5id valida oma v\u00f5idunumbrid, kasutades kuup\u00e4evi, mis on sinu jaoks erilised. Kui teil on \u00f5nnelikud kuup\u00e4evad v\u00f5i numbrid, v\u00f5ivad need aidata teil numbrit valida.<\/p>\n<p>Kui sul ei ole \u00fchtegi erilist numbrit meeles, siis \u00e4ra muretse selle p\u00e4rast. Kui <a href=\"https:\/\/jackpotlotteryonline.com\/et\/kuidas-mangida\/mega-sena-2\">m\u00e4ngite Mega-Sena&#8217;t meiega<\/a>, saate kasutada meie automaatset generaatorit juhuslike numbrite valimiseks. L\u00f5ppkokkuv\u00f5ttes on oluline meeles pidada, et loterii on \u00f5nnem\u00e4ng. Ainus reaalne viis oma v\u00f5iduv\u00f5imaluste suurendamiseks on osta mitu piletit ja osaleda mitmes loosimises.<\/p>\n<p>V\u00f5ite m\u00e4ngida loteriid internetis, k\u00fclastades meie Mega-Sena lehek\u00fclge. Teeme teile lihtsaks \u00fche v\u00f5i mitme loosimise osalemise. Samuti saate osta mitu rida piletile, mis annab teile mitu osalemist loteriis.<\/p>\n<h2>Mega-Sena auhinnad<\/h2>\n<p>Mega-Sena loteriil on tagatud 3 miljoni Brasiilia reaali suurune algne jackpot. See on umbes 549467,87 eurot. Kuid kui p\u00e4rast loosimist ei ole v\u00f5itjat, l\u00e4heb jackpot \u00fcle j\u00e4rgmisele loosimisele. Seega v\u00f5ib jackpoti summa kasvada \u00fcsna suureks, mis teeb sellest k\u00f5ikjal m\u00e4ngijatele magusa pakkumise.<\/p>\n<p>Lisaks on Mega-Sena v\u00f5idu t\u00f5en\u00e4osus 1:50 miljonit. Kui v\u00f5rrelda seda teiste rahvusvaheliste tipploteriidega, on selge, miks Brasiilia loterii on m\u00e4ngijate seas populaarne.<\/p>\n<p>Brasiilia loterii erineb teistest loteriidest ka selle poolest, et seal pakutakse ainult 3 auhinnakategooriat, jackpot kaasa arvatud. Seega t\u00e4hendab loteriiv\u00f5it, et v\u00f5ite v\u00f5ita mis tahes j\u00e4rgmise auhinna.<\/p>\n<p>Jackpot &#8211; Sena: Match 6 &#8211; 35% auhinnafondist<\/p>\n<p>2. tasand &#8211; Quina: Match 5 &#8211; 19% auhinnafondist<\/p>\n<p>Tase 3 &#8211; Quadra: M\u00e4ng 4 &#8211; 19% auhinnafondist.<\/p>\n<h2>Auhinna taotlemine<\/h2>\n<p>J\u00e4rgmise sammuna peate loosimises osaledes taotlema v\u00f5idetud auhinda. Kuidas te oma auhinda taotlete, s\u00f5ltub sellest, kust te oma pileti ostsite. Kui m\u00e4ngite internetis loteriid, on oluline osta pilet sellelt veebisaidilt, mis annab teile v\u00f5imaluse loteriiv\u00f5iduks. M\u00f5ned saidid lubavad teil panustada ainult loterii tulemusele.<\/p>\n<p>Kui <a href=\"https:\/\/jackpotlotteryonline.com\/et\/kuidas-osta-loteriipileteid-internetis\/mega-sena\">ostate oma loteriipileti meilt<\/a>, saate juurdep\u00e4\u00e4su loteriile. Seda seet\u00f5ttu, et meie agent Brasiilias ostab f\u00fc\u00fcsilised piletid teie vastavate numbritega. Andes teile v\u00f5imaluse v\u00f5ita loterii.<\/p>\n<p>Seega, kui sa v\u00f5idad mingeid auhindu, siis k\u00f5ik, mida sa pead tegema, on oma auhinna v\u00e4ljav\u00f5tmine meie saidilt oma kontole. Nii lihtne see ongi. K\u00fclastage meie tingimusi, et teada saada, kuidas oma Mega-Sena v\u00f5idunumbreid sisse maksta.<\/p>\n","protected":false},"excerpt":{"rendered":"<p>M\u00e4ngijad \u00fcle maailma saavad n\u00fc\u00fcd osta Mega-Sena loterii pileteid. Ja mitte ainult seda, vaid p\u00e4rast loteriim\u00e4ngu saab Mega-Sena v\u00f5idunumbreid internetis kontrollida. Oluline osa loteriim\u00e4ngust on loosimise tulemuste kontrollimine, et sa ei j\u00e4\u00e4ks auhindadest ilma. Brasiilia loterii v\u00f5idunumbrite kontrollimiseks on mitu v\u00f5imalust ja selle juurde j\u00f5uame kohe. Kuid kui teil on kiire teada saada viimase loosimise [&hellip;]<\/p>\n","protected":false},"author":1,"featured_media":0,"parent":35822,"menu_order":14,"comment_status":"closed","ping_status":"closed","template":"megasena-results.php","meta":{"_et_pb_use_builder":"","_et_pb_old_content":"","_et_gb_content_width":"","exclude_from_search":false,"footnotes":""},"class_list":["post-41191","page","type-page","status-publish","hentry"],"yoast_head":"<!-- This site is optimized with the Yoast SEO plugin v23.3 - https:\/\/yoast.com\/wordpress\/plugins\/seo\/ -->\n<title>Mega-Sena loterii tulemused ja v\u00f5idunumbrid<\/title>\n<meta name=\"description\" content=\"Brasiilia Mega-Sena loterii tulemused on raske leida - meie kodulehel loetleme t\u00e4nased ja eilsed v\u00f5idunumbrid ja loosimise tulemused.\" \/>\n<meta name=\"robots\" content=\"index, follow, max-snippet:-1, max-image-preview:large, max-video-preview:-1\" \/>\n<link rel=\"canonical\" href=\"https:\/\/jackpotlotteryonline.com\/et\/winning-numbers\/mega-sena\/\" \/>\n<meta property=\"og:locale\" content=\"et_EE\" \/>\n<meta property=\"og:type\" content=\"article\" \/>\n<meta property=\"og:title\" content=\"Mega-Sena loterii tulemused ja v\u00f5idunumbrid\" \/>\n<meta property=\"og:description\" content=\"Brasiilia Mega-Sena loterii tulemused on raske leida - meie kodulehel loetleme t\u00e4nased ja eilsed v\u00f5idunumbrid ja loosimise tulemused.\" \/>\n<meta property=\"og:url\" content=\"https:\/\/jackpotlotteryonline.com\/et\/winning-numbers\/mega-sena\/\" \/>\n<meta property=\"og:site_name\" content=\"Lotto Online - Crack The International Lottery Jackpots\" \/>\n<meta property=\"article:modified_time\" content=\"2022-12-29T20:05:57+00:00\" \/>\n<meta property=\"og:image\" content=\"https:\/\/jackpotlotteryonline.com\/wp-content\/uploads\/2022\/11\/read1.jpg\" \/>\n<meta name=\"twitter:card\" content=\"summary_large_image\" \/>\n<meta name=\"twitter:label1\" content=\"Est. reading time\" \/>\n\t<meta name=\"twitter:data1\" content=\"3 minutit\" \/>\n<!-- \/ Yoast SEO plugin. -->","yoast_head_json":{"title":"Mega-Sena loterii tulemused ja v\u00f5idunumbrid","description":"Brasiilia Mega-Sena loterii tulemused on raske leida - meie kodulehel loetleme t\u00e4nased ja eilsed v\u00f5idunumbrid ja loosimise tulemused.","robots":{"index":"index","follow":"follow","max-snippet":"max-snippet:-1","max-image-preview":"max-image-preview:large","max-video-preview":"max-video-preview:-1"},"canonical":"https:\/\/jackpotlotteryonline.com\/et\/winning-numbers\/mega-sena\/","og_locale":"et_EE","og_type":"article","og_title":"Mega-Sena loterii tulemused ja v\u00f5idunumbrid","og_description":"Brasiilia Mega-Sena loterii tulemused on raske leida - meie kodulehel loetleme t\u00e4nased ja eilsed v\u00f5idunumbrid ja loosimise tulemused.","og_url":"https:\/\/jackpotlotteryonline.com\/et\/winning-numbers\/mega-sena\/","og_site_name":"Lotto Online - Crack The International Lottery Jackpots","article_modified_time":"2022-12-29T20:05:57+00:00","og_image":[{"url":"https:\/\/jackpotlotteryonline.com\/wp-content\/uploads\/2022\/11\/read1.jpg"}],"twitter_card":"summary_large_image","twitter_misc":{"Est. reading time":"3 minutit"},"schema":{"@context":"https:\/\/schema.org","@graph":[{"@type":"WebPage","@id":"https:\/\/jackpotlotteryonline.com\/et\/winning-numbers\/mega-sena\/","url":"https:\/\/jackpotlotteryonline.com\/et\/winning-numbers\/mega-sena\/","name":"Mega-Sena loterii tulemused ja v\u00f5idunumbrid","isPartOf":{"@id":"https:\/\/jackpotlotteryonline.com\/#website"},"primaryImageOfPage":{"@id":"https:\/\/jackpotlotteryonline.com\/et\/winning-numbers\/mega-sena\/#primaryimage"},"image":{"@id":"https:\/\/jackpotlotteryonline.com\/et\/winning-numbers\/mega-sena\/#primaryimage"},"thumbnailUrl":"https:\/\/jackpotlotteryonline.com\/wp-content\/uploads\/2022\/11\/read1.jpg","datePublished":"2022-12-08T13:13:33+00:00","dateModified":"2022-12-29T20:05:57+00:00","description":"Brasiilia Mega-Sena loterii tulemused on raske leida - meie kodulehel loetleme t\u00e4nased ja eilsed v\u00f5idunumbrid ja loosimise tulemused.","breadcrumb":{"@id":"https:\/\/jackpotlotteryonline.com\/et\/winning-numbers\/mega-sena\/#breadcrumb"},"inLanguage":"et","potentialAction":[{"@type":"ReadAction","target":["https:\/\/jackpotlotteryonline.com\/et\/winning-numbers\/mega-sena\/"]}]},{"@type":"ImageObject","inLanguage":"et","@id":"https:\/\/jackpotlotteryonline.com\/et\/winning-numbers\/mega-sena\/#primaryimage","url":"https:\/\/jackpotlotteryonline.com\/wp-content\/uploads\/2022\/11\/read1.jpg","contentUrl":"https:\/\/jackpotlotteryonline.com\/wp-content\/uploads\/2022\/11\/read1.jpg"},{"@type":"BreadcrumbList","@id":"https:\/\/jackpotlotteryonline.com\/et\/winning-numbers\/mega-sena\/#breadcrumb","itemListElement":[{"@type":"ListItem","position":1,"name":"Home","item":"https:\/\/jackpotlotteryonline.com\/et\/"},{"@type":"ListItem","position":2,"name":"Loterii tulemused","item":"https:\/\/jackpotlotteryonline.com\/winning-numbers\/"},{"@type":"ListItem","position":3,"name":"Mega-Sena loterii tulemused"}]},{"@type":"WebSite","@id":"https:\/\/jackpotlotteryonline.com\/#website","url":"https:\/\/jackpotlotteryonline.com\/","name":"Lotto Online - Crack The International Lottery Jackpots","description":"","potentialAction":[{"@type":"SearchAction","target":{"@type":"EntryPoint","urlTemplate":"https:\/\/jackpotlotteryonline.com\/?s={search_term_string}"},"query-input":"required name=search_term_string"}],"inLanguage":"et"}]}},"_links":{"self":[{"href":"https:\/\/jackpotlotteryonline.com\/et\/wp-json\/wp\/v2\/pages\/41191","targetHints":{"allow":["GET"]}}],"collection":[{"href":"https:\/\/jackpotlotteryonline.com\/et\/wp-json\/wp\/v2\/pages"}],"about":[{"href":"https:\/\/jackpotlotteryonline.com\/et\/wp-json\/wp\/v2\/types\/page"}],"author":[{"embeddable":true,"href":"https:\/\/jackpotlotteryonline.com\/et\/wp-json\/wp\/v2\/users\/1"}],"replies":[{"embeddable":true,"href":"https:\/\/jackpotlotteryonline.com\/et\/wp-json\/wp\/v2\/comments?post=41191"}],"version-history":[{"count":0,"href":"https:\/\/jackpotlotteryonline.com\/et\/wp-json\/wp\/v2\/pages\/41191\/revisions"}],"up":[{"embeddable":true,"href":"https:\/\/jackpotlotteryonline.com\/et\/wp-json\/wp\/v2\/pages\/35822"}],"wp:attachment":[{"href":"https:\/\/jackpotlotteryonline.com\/et\/wp-json\/wp\/v2\/media?parent=41191"}],"curies":[{"name":"wp","href":"https:\/\/api.w.org\/{rel}","templated":true}]}}