{"id":41247,"date":"2022-12-08T19:09:20","date_gmt":"2022-12-08T19:09:20","guid":{"rendered":"https:\/\/jackpotlotteryonline.com\/?page_id=41247"},"modified":"2022-12-30T14:54:33","modified_gmt":"2022-12-30T14:54:33","slug":"saturday-lotto","status":"publish","type":"page","link":"https:\/\/jackpotlotteryonline.com\/et\/winning-numbers\/saturday-lotto\/","title":{"rendered":"Laup\u00e4evane loterii tulemused"},"content":{"rendered":"<p>Laup\u00e4evane loto, mida tuntakse ka kui Tattsi loto, on \u00fcks Austraalia suurima v\u00f5iduga loteriid. Ja n\u00fc\u00fcd, kui m\u00e4ngijad \u00fcle kogu maailma saavad osaleda lotos, on v\u00f5idunumbrite valimine veelgi olulisem. Selle Austraalia loteriiv\u00f5idu v\u00f5itmine t\u00e4hendab, et saad koju v\u00e4hemalt 5 miljonit dollarit. See summa l\u00e4heb \u00fcle, kui p\u00e4rast loosimist ei ole \u00fchtegi v\u00f5idupiletit. Lisaks, kui sa osaled megaloosis, mida korraldatakse kord aastas j\u00f5ulude ajal, siis v\u00f5id sa v\u00e4lja v\u00f5tta 30 miljonit dollarit!<\/p>\n<p>Kui sa ei ole veel ostnud oma v\u00f5idupiletit lotosse, siis suundu jackpotlotteryonline.com lehele ja <a href=\"https:\/\/jackpotlotteryonline.com\/et\/kuidas-osta-loteriipileteid-internetis\/saturday-lotto\">hangi oma pilet kohe<\/a>. Seej\u00e4rel tule tagasi v\u00f5itnud numbrite vaatamiseks.<\/p>\n<h2>Laup\u00e4evase loto v\u00f5itmine<\/h2>\n<p><img loading=\"lazy\" decoding=\"async\" class=\"alignright size-medium wp-image-28157\" src=\"https:\/\/jackpotlotteryonline.com\/wp-content\/uploads\/2022\/11\/1_lotto_money_win-300x150.jpg\" alt=\"v\u00f5ita laup\u00e4evane Lotto\" width=\"300\" height=\"150\" srcset=\"https:\/\/jackpotlotteryonline.com\/wp-content\/uploads\/2022\/11\/1_lotto_money_win-300x150.jpg 300w, https:\/\/jackpotlotteryonline.com\/wp-content\/uploads\/2022\/11\/1_lotto_money_win.jpg 320w\" sizes=\"auto, (max-width: 300px) 100vw, 300px\" \/>Tatti loto on lihtne m\u00e4ngida, eriti kui m\u00e4ngid internetis. P\u00f5him\u00f5tteliselt peavad m\u00e4ngijad valima 6 p\u00f5hinumbrit vahemikus 1 kuni 45. Seej\u00e4rel 2 lisanumbrit vahemikus 1 kuni 6. T\u00e4iendavatel numbritel ei ole jackpot&#8217;i m\u00e4\u00e4ramisel tegelikult palju pistmist. Jackpoti v\u00f5itmine t\u00e4hendab, et peate lihtsalt vastama kaheksale loositud numbrile.<\/p>\n<p>Seega t\u00e4hendab loto v\u00f5itmine seda, et teie pilet vastab kuuele pallile, mis valitakse juhuslikult 45 pallist koosnevast t\u00fcnnist. Seej\u00e4rel valitakse veel kaks palli teisest kuue palliga t\u00fcnnist. Neid lisapalle kasutatakse teiste auhinnakategooriate v\u00f5itmiseks.<\/p>\n<p>Loosimised toimuvad kord n\u00e4dalas, laup\u00e4eval. Seega, kui soovite v\u00f5idupiletit, peate ostma oma osaluse \u00f5igeaegselt. Loosimised l\u00f5ppevad laup\u00e4eval kell 19:25 AEST. M\u00e4ngijad, kes soovivad osaleda selle n\u00e4dala loosimises, peavad ostma oma v\u00f5idupiletid enne sulgemisaega.<\/p>\n<h2>M\u00e4ngimine internetis<\/h2>\n<p>R\u00e4\u00e4gime l\u00fchidalt loto v\u00f5itmisest internetis. Kui k\u00fclastate jackpotlotteryonline.com laup\u00e4evase loto lehek\u00fclge, palutakse teil valida oma v\u00f5idunumbrid. Kui teil on m\u00f5ned erilised kuup\u00e4evad, mis on teile \u00f5nne toonud, siis v\u00f5ite neid kasutada.<\/p>\n<p>Kuid need, kellel ei ole konkreetseid numbreid, mille hulgast valida, ei pea kunagi kartma. Meil on automaatne numbrivalmistaja, mis genereerib teie jaoks juhuslikud v\u00f5idunumbrid. Paljud loteriiv\u00f5itjad on v\u00f5itnud juhusliku numbrivaliku abil.<\/p>\n<p>Kui olete oma v\u00f5idunumbrid v\u00e4lja valinud, saate seej\u00e4rel osaleda igan\u00e4dalases loosimises. Enne makse t\u00f6\u00f6tlemist palume teil registreeruda. See on selleks, et hoida oma piletit turvaliselt ja aidata teil oma v\u00f5idu v\u00e4ljamaksmisel. Selle juurde j\u00f5uame peagi.<\/p>\n<section class=\"layout\" style=\"border: solid 1px; width: 100%;\">\n<div class=\"img-div\" style=\"margin-top: 5px;\"><img decoding=\"async\" class=\"wp-image-17212 alignleft\" style=\"height: 45px; margin: 8px 8px 0px;\" src=\"https:\/\/jackpotlotteryonline.com\/wp-content\/uploads\/2022\/11\/read1.jpg\" alt=\"loe\" width=\"\" height=\"\" \/><\/div>\n<div style=\"padding-left: 5px;\">\n<div style=\"font-size: 1.1em;\">\n<p><strong>Vaata oma loterii numbrid loositakse otse\u00fclekandes<\/strong><\/p>\n<p style=\"font-size: 0.85em; margin-top: -1.5em;\">Kuidas vaadata oma lemmikloteriide otse\u00fclekandeid\u00a0<a href=\"https:\/\/jackpotlotteryonline.com\/et\/vaadata-oma-loterii-numbrid-tommatakse-live\"> loe edasi<\/a><\/p>\n<\/div>\n<\/div>\n<\/section>\n<h2>Auhindade jaotused<\/h2>\n<p>Tattsi loto v\u00f5itmine ei t\u00e4henda ainult jackpoti v\u00f5itmist. Selles lotos on kokku kaheksa auhinnajagamist. Kui ostate lotopileti, on teil v\u00f5imalus saada \u00fcksk\u00f5ik millises neist auhinnakategooriatest. Iga jaotuse v\u00f5idunumbrid on esitatud allpool.<\/p>\n<p>Jaotis 1: M\u00e4ng 6 (jackpot)<\/p>\n<p>2. jaotis: Match 5 + 1 lisanumber<\/p>\n<p>3. divisjon: m\u00e4rts 5<\/p>\n<p>4. divisjon: 4. mat\u0161<\/p>\n<p>5. divisjon: 3. m\u00e4ng + 1 lisanumber<\/p>\n<p>6. divisjon: 3. m\u00e4ng<\/p>\n<p>Ilmselt on \u00fcks p\u00f5hjusi, miks austraallased seda loteriid nii v\u00e4ga armastavad, just see, kui lihtne on seda v\u00f5ita. V\u00f5idut\u00f5en\u00e4osus on fantastiline ja kuna minimaalne jackpot on 5 miljonit Austraalia dollarit, on see vaevalt \u00fcllatav. Kui te pole seda veel teinud, on praegu hea aeg m\u00f5elda v\u00f5idupileti ostmisele.<\/p>\n<h2>T\u00e4iendavad numbrid<\/h2>\n<p>Me mainisime lisanumbreid ja olete ilmselt juba m\u00e4rganud, et m\u00f5ned jaotused kasutavad neid. Pange t\u00e4hele, et need genereeritakse juhuslikult loosimiste ajal ja neid kasutatakse 2. ja 5. jaotuse m\u00e4\u00e4ramiseks. M\u00e4ngijad ei vali neid numbreid ja neil ei ole nende \u00fcle mingit kontrolli. Seega \u00e4rge tundke hirmu, kui te ei n\u00e4e seda v\u00f5imalust pileteid ostes.<\/p>\n<h2>Kuidas kontrollida v\u00f5idutulemusi<\/h2>\n<p>N\u00fc\u00fcd, kui olete oma osaluse ostnud, kuidas kontrollida, kas teil on v\u00f5idupilet? Parim viis seda teha on p\u00f6\u00f6rduda tagasi siia. P\u00e4rast loosimisi avaldame sellel lehek\u00fcljel laup\u00e4evase loto v\u00f5idutulemused.<\/p>\n<p>Me ei avalda ainult jackpoti numbreid. Avaldame ka k\u00f5igi teiste jaotuste v\u00f5idunumbrid. Nii et saate kohe n\u00e4ha, kui l\u00e4hedal sa olid loto v\u00f5itmisele.<\/p>\n<p>Kui olete meie juures registreerunud, siis on see veelgi lihtsam. Te ei pea kuskile minema, et teada saada, kas olete loto v\u00f5itnud. Ei, sest me saadame teile teate kohe, kui olete v\u00f5itnud auhinna. Nii ongi. Saate e-kirja, mis teavitab teid sellest, et teil on loto v\u00f5idunumbrid. Me anname endast parima, et teha loto m\u00e4ngimine lihtsaks ja stressivabaks \u00fcksk\u00f5ik kust.<\/p>\n<h2>V\u00f5itude v\u00e4ljamaksmine<\/h2>\n<p><img loading=\"lazy\" decoding=\"async\" class=\"alignright size-medium wp-image-34997\" src=\"https:\/\/jackpotlotteryonline.com\/wp-content\/uploads\/2022\/11\/2_ticket_saturday_lotto_au-1-166x300.jpg\" alt=\"Laup\u00e4evane Lotto online kviitung\" width=\"166\" height=\"300\" srcset=\"https:\/\/jackpotlotteryonline.com\/wp-content\/uploads\/2022\/11\/2_ticket_saturday_lotto_au-1-166x300.jpg 166w, https:\/\/jackpotlotteryonline.com\/wp-content\/uploads\/2022\/11\/2_ticket_saturday_lotto_au-1.jpg 250w\" sizes=\"auto, (max-width: 166px) 100vw, 166px\" \/>Kui olete v\u00f5itnud loto, on j\u00e4rgmine samm oma v\u00f5idu k\u00e4ttesaamine. Loto v\u00f5itmisel Austraalias pole m\u00f5tet, kui te ei saa oma v\u00f5itu k\u00e4tte. Ja just siin muutub asi v\u00e4ga huvitavaks.<\/p>\n<p>Kui olete v\u00f5itnud alla 2500 euro suuruse lotov\u00f5idu, siis on teie auhinna k\u00e4ttesaamine uskumatult lihtne. V\u00f5ta lihtsalt oma v\u00f5idud meie platvormilt otse oma panka v\u00e4lja. Meil on mitu meetodit, mida saate kasutada, et oma v\u00f5idud mugavalt v\u00e4lja maksta.<\/p>\n<p>Kui teie v\u00f5it on \u00fcle 2500 euro, siis peate v\u00f5ib-olla v\u00f5tma \u00fchendust loteriifirmaga, et esitada n\u00f5ue. Me pakume selleks vajalikku tuge, saates teile n\u00f5udeavalduse vormi, mille saate t\u00e4ita. See on lihtne protsess, mis on praktiliselt ilma probleemideta.<\/p>\n<h2>Kokkuv\u00f5te<\/h2>\n<p>Meie k\u00e4est loteriipiletite ostmise eelis on see, et te teate, et olete ostnud loteriipileti. Meiega ei panusta te tulemuse peale. Te tegelikult ostate osaluse. Nii et kui v\u00f5idate, saate oma v\u00f5idu k\u00e4tte.<\/p>\n<p>Me teeme m\u00e4ngijate jaoks lihtsaks m\u00e4ngida parimaid rahvusvahelisi loteriisid. Saate osta pileteid, kontrollida oma v\u00f5idukombinatsiooni ja h\u00f5lpsasti oma v\u00f5idud v\u00e4lja maksta. Me oleme hoolitsenud detailide eest, et saaksite l\u00f5\u00f5gastuda ja l\u00f5butseda. Kui <a href=\"https:\/\/jackpotlotteryonline.com\/et\/kuidas-mangida\/saturday-lotto\">m\u00e4ngite loteriid jackpotlotteryonline.com<\/a>-iga, siis saate selle, mida te saate, on win-win olukord. Registreeru meiega juba t\u00e4na.<\/p>\n","protected":false},"excerpt":{"rendered":"<p>Laup\u00e4evane loto, mida tuntakse ka kui Tattsi loto, on \u00fcks Austraalia suurima v\u00f5iduga loteriid. Ja n\u00fc\u00fcd, kui m\u00e4ngijad \u00fcle kogu maailma saavad osaleda lotos, on v\u00f5idunumbrite valimine veelgi olulisem. Selle Austraalia loteriiv\u00f5idu v\u00f5itmine t\u00e4hendab, et saad koju v\u00e4hemalt 5 miljonit dollarit. See summa l\u00e4heb \u00fcle, kui p\u00e4rast loosimist ei ole \u00fchtegi v\u00f5idupiletit. Lisaks, kui sa [&hellip;]<\/p>\n","protected":false},"author":1,"featured_media":0,"parent":35822,"menu_order":18,"comment_status":"closed","ping_status":"closed","template":"saturday-lotto-results.php","meta":{"_et_pb_use_builder":"","_et_pb_old_content":"","_et_gb_content_width":"","exclude_from_search":false,"footnotes":""},"class_list":["post-41247","page","type-page","status-publish","hentry"],"yoast_head":"<!-- This site is optimized with the Yoast SEO plugin v23.3 - https:\/\/yoast.com\/wordpress\/plugins\/seo\/ -->\n<title>Laup\u00e4ev Lotto v\u00f5idu numbrid ja loosimise tulemused<\/title>\n<meta name=\"description\" content=\"V\u00f5rdle oma lotopiletit viimase laup\u00e4evase Lotto loosimise tulemustega - vaata v\u00f5idunumbreid siit!\" \/>\n<meta name=\"robots\" content=\"index, follow, max-snippet:-1, max-image-preview:large, max-video-preview:-1\" \/>\n<link rel=\"canonical\" href=\"https:\/\/jackpotlotteryonline.com\/et\/winning-numbers\/saturday-lotto\/\" \/>\n<meta property=\"og:locale\" content=\"et_EE\" \/>\n<meta property=\"og:type\" content=\"article\" \/>\n<meta property=\"og:title\" content=\"Laup\u00e4ev Lotto v\u00f5idu numbrid ja loosimise tulemused\" \/>\n<meta property=\"og:description\" content=\"V\u00f5rdle oma lotopiletit viimase laup\u00e4evase Lotto loosimise tulemustega - vaata v\u00f5idunumbreid siit!\" \/>\n<meta property=\"og:url\" content=\"https:\/\/jackpotlotteryonline.com\/et\/winning-numbers\/saturday-lotto\/\" \/>\n<meta property=\"og:site_name\" content=\"Lotto Online - Crack The International Lottery Jackpots\" \/>\n<meta property=\"article:modified_time\" content=\"2022-12-30T14:54:33+00:00\" \/>\n<meta property=\"og:image\" content=\"https:\/\/jackpotlotteryonline.com\/wp-content\/uploads\/2022\/11\/1_lotto_money_win-300x150.jpg\" \/>\n<meta name=\"twitter:card\" content=\"summary_large_image\" \/>\n<meta name=\"twitter:label1\" content=\"Est. reading time\" \/>\n\t<meta name=\"twitter:data1\" content=\"4 minutit\" \/>\n<!-- \/ Yoast SEO plugin. -->","yoast_head_json":{"title":"Laup\u00e4ev Lotto v\u00f5idu numbrid ja loosimise tulemused","description":"V\u00f5rdle oma lotopiletit viimase laup\u00e4evase Lotto loosimise tulemustega - vaata v\u00f5idunumbreid siit!","robots":{"index":"index","follow":"follow","max-snippet":"max-snippet:-1","max-image-preview":"max-image-preview:large","max-video-preview":"max-video-preview:-1"},"canonical":"https:\/\/jackpotlotteryonline.com\/et\/winning-numbers\/saturday-lotto\/","og_locale":"et_EE","og_type":"article","og_title":"Laup\u00e4ev Lotto v\u00f5idu numbrid ja loosimise tulemused","og_description":"V\u00f5rdle oma lotopiletit viimase laup\u00e4evase Lotto loosimise tulemustega - vaata v\u00f5idunumbreid siit!","og_url":"https:\/\/jackpotlotteryonline.com\/et\/winning-numbers\/saturday-lotto\/","og_site_name":"Lotto Online - Crack The International Lottery Jackpots","article_modified_time":"2022-12-30T14:54:33+00:00","og_image":[{"url":"https:\/\/jackpotlotteryonline.com\/wp-content\/uploads\/2022\/11\/1_lotto_money_win-300x150.jpg"}],"twitter_card":"summary_large_image","twitter_misc":{"Est. reading time":"4 minutit"},"schema":{"@context":"https:\/\/schema.org","@graph":[{"@type":"WebPage","@id":"https:\/\/jackpotlotteryonline.com\/et\/winning-numbers\/saturday-lotto\/","url":"https:\/\/jackpotlotteryonline.com\/et\/winning-numbers\/saturday-lotto\/","name":"Laup\u00e4ev Lotto v\u00f5idu numbrid ja loosimise tulemused","isPartOf":{"@id":"https:\/\/jackpotlotteryonline.com\/#website"},"primaryImageOfPage":{"@id":"https:\/\/jackpotlotteryonline.com\/et\/winning-numbers\/saturday-lotto\/#primaryimage"},"image":{"@id":"https:\/\/jackpotlotteryonline.com\/et\/winning-numbers\/saturday-lotto\/#primaryimage"},"thumbnailUrl":"https:\/\/jackpotlotteryonline.com\/wp-content\/uploads\/2022\/11\/1_lotto_money_win-300x150.jpg","datePublished":"2022-12-08T19:09:20+00:00","dateModified":"2022-12-30T14:54:33+00:00","description":"V\u00f5rdle oma lotopiletit viimase laup\u00e4evase Lotto loosimise tulemustega - vaata v\u00f5idunumbreid siit!","breadcrumb":{"@id":"https:\/\/jackpotlotteryonline.com\/et\/winning-numbers\/saturday-lotto\/#breadcrumb"},"inLanguage":"et","potentialAction":[{"@type":"ReadAction","target":["https:\/\/jackpotlotteryonline.com\/et\/winning-numbers\/saturday-lotto\/"]}]},{"@type":"ImageObject","inLanguage":"et","@id":"https:\/\/jackpotlotteryonline.com\/et\/winning-numbers\/saturday-lotto\/#primaryimage","url":"https:\/\/jackpotlotteryonline.com\/wp-content\/uploads\/2022\/11\/1_lotto_money_win-300x150.jpg","contentUrl":"https:\/\/jackpotlotteryonline.com\/wp-content\/uploads\/2022\/11\/1_lotto_money_win-300x150.jpg"},{"@type":"BreadcrumbList","@id":"https:\/\/jackpotlotteryonline.com\/et\/winning-numbers\/saturday-lotto\/#breadcrumb","itemListElement":[{"@type":"ListItem","position":1,"name":"Home","item":"https:\/\/jackpotlotteryonline.com\/et\/"},{"@type":"ListItem","position":2,"name":"Loterii tulemused","item":"https:\/\/jackpotlotteryonline.com\/winning-numbers\/"},{"@type":"ListItem","position":3,"name":"Laup\u00e4evane loterii tulemused"}]},{"@type":"WebSite","@id":"https:\/\/jackpotlotteryonline.com\/#website","url":"https:\/\/jackpotlotteryonline.com\/","name":"Lotto Online - Crack The International Lottery Jackpots","description":"","potentialAction":[{"@type":"SearchAction","target":{"@type":"EntryPoint","urlTemplate":"https:\/\/jackpotlotteryonline.com\/?s={search_term_string}"},"query-input":"required name=search_term_string"}],"inLanguage":"et"}]}},"_links":{"self":[{"href":"https:\/\/jackpotlotteryonline.com\/et\/wp-json\/wp\/v2\/pages\/41247","targetHints":{"allow":["GET"]}}],"collection":[{"href":"https:\/\/jackpotlotteryonline.com\/et\/wp-json\/wp\/v2\/pages"}],"about":[{"href":"https:\/\/jackpotlotteryonline.com\/et\/wp-json\/wp\/v2\/types\/page"}],"author":[{"embeddable":true,"href":"https:\/\/jackpotlotteryonline.com\/et\/wp-json\/wp\/v2\/users\/1"}],"replies":[{"embeddable":true,"href":"https:\/\/jackpotlotteryonline.com\/et\/wp-json\/wp\/v2\/comments?post=41247"}],"version-history":[{"count":0,"href":"https:\/\/jackpotlotteryonline.com\/et\/wp-json\/wp\/v2\/pages\/41247\/revisions"}],"up":[{"embeddable":true,"href":"https:\/\/jackpotlotteryonline.com\/et\/wp-json\/wp\/v2\/pages\/35822"}],"wp:attachment":[{"href":"https:\/\/jackpotlotteryonline.com\/et\/wp-json\/wp\/v2\/media?parent=41247"}],"curies":[{"name":"wp","href":"https:\/\/api.w.org\/{rel}","templated":true}]}}