{"id":41301,"date":"2022-12-09T05:51:17","date_gmt":"2022-12-09T05:51:17","guid":{"rendered":"https:\/\/jackpotlotteryonline.com\/?page_id=41301"},"modified":"2022-12-29T13:08:23","modified_gmt":"2022-12-29T13:08:23","slug":"thunderball","status":"publish","type":"page","link":"https:\/\/jackpotlotteryonline.com\/et\/winning-numbers\/thunderball\/","title":{"rendered":"Thunderball loterii tulemused"},"content":{"rendered":"<p>Thunderball on \u00fcks \u00dchendkuningriigi populaarsemaid loteriid. Juba v\u00e4ikese summa eest v\u00f5ivad m\u00e4ngijad v\u00f5ita pool miljonit naela, mis on fantastiline. Seal on palju loteriisid, kuid Thunderballis on lihtsalt midagi, mis t\u00f5mbab m\u00e4ngijaid ligi. See v\u00f5ib olla uskumatult soodne koefitsient v\u00f5i asjaolu, et see toob palju v\u00f5itjaid. Mis iganes see ka poleks, m\u00e4ngijad \u00fcle kogu maailma ostavad Thunderballi loteriipileteid ka internetis.<\/p>\n<p>Kui<a href=\"https:\/\/jackpotlotteryonline.com\/et\/kuidas-mangida\/thunderball\"> m\u00e4ngite internetis loteriid<\/a>, on oluline kontrollida v\u00f5idunumbreid. Seda selleks, et te teaksite, kas teie pilet vastab loositud numbritele. Kui te m\u00f5tlete, kuidas kontrollida loosimise tulemusi, siis olete \u00f5iges kohas. Me jagame ka parimat viisi, kuidas kontrollida loosimise tulemusi<\/p>\n<p>Kui <a href=\"https:\/\/jackpotlotteryonline.com\/et\/kuidas-osta-loteriipileteid-internetis\/thunderball\">ostate oma piletid jackpotlotteryonline.com<\/a>, siis lugege edasi, et teada saada, kuidas oma v\u00f5itu n\u00f5uda.<\/p>\n<h2>Thunderballi v\u00f5idunumbrite valimine<\/h2>\n<p><img loading=\"lazy\" decoding=\"async\" class=\"alignright size-medium wp-image-29480\" src=\"https:\/\/jackpotlotteryonline.com\/wp-content\/uploads\/2022\/11\/1_rain_lottery_money_win-282x300.jpg\" alt=\"Thunderballi v\u00f5idunumbrid\" width=\"282\" height=\"300\" srcset=\"https:\/\/jackpotlotteryonline.com\/wp-content\/uploads\/2022\/11\/1_rain_lottery_money_win-282x300.jpg 282w, https:\/\/jackpotlotteryonline.com\/wp-content\/uploads\/2022\/11\/1_rain_lottery_money_win.jpg 300w\" sizes=\"auto, (max-width: 282px) 100vw, 282px\" \/>On kaks peamist viisi, mida m\u00e4ngijad kasutavad soovitud numbrite valimiseks. Enamiku loteriide puhul tuleb valida teatud vahemikust. Nii et m\u00f5nedele m\u00e4ngijatele meeldib valida kuup\u00e4evi, mis on nende jaoks erilised; n\u00e4iteks s\u00fcnnip\u00e4evad v\u00f5i t\u00e4htp\u00e4evad. Neid nimetatakse \u00f5nnelikud kuup\u00e4evadeks.<\/p>\n<p>M\u00f5nedes maailma osades on m\u00f5nedel inimestel numbrid, mida nad peavad \u00f5nnelikuks. N\u00e4iteks m\u00f5ned v\u00f5ivad pidada numbrit 7 \u00f5nnelikuks numbriks, samas kui teised peavad numbrit 13 eba\u00f5nnestunuks. See s\u00f5ltub t\u00f5esti sellest, mida te peate \u00f5nnelikuks. See on meetod, mida eelistavad paljud m\u00e4ngijad \u00fcle maailma ja see v\u00f5ib t\u00f6\u00f6tada ka sinu puhul.<\/p>\n<p>Teine v\u00f5imalus on kasutada meie automaatset generaatorit, et valida oma arvud juhuslikult. See t\u00f6\u00f6tab m\u00f5nede inimeste puhul lihtsalt seet\u00f5ttu, et loterii on \u00f5nnem\u00e4ng. Kuigi sa v\u00f5id teha asju, et end \u00f5nnelikuks muuta, ei ole v\u00f5imalik v\u00f5itu garanteerida.<\/p>\n<h2>Kuidas m\u00e4ngida Thunderballi internetis<\/h2>\n<p>\u00dchendkuningriigi Thunderball on p\u00f5nev m\u00e4ng, mida m\u00e4ngida. Protsess on nagu iga teine lotom\u00e4ng. P\u00f5him\u00f5tteliselt tuleb valida 5 numbrit vahemikust 1 kuni 39 ja \u00fcks erinumber vahemikus 1 kuni 14. Erinumbrit nimetatakse &#8220;Thunderball&#8221; ja seda kasutatakse kuue auhinnakategooria, sealhulgas jackpoti m\u00e4\u00e4ramiseks.<\/p>\n<p>Internetis m\u00e4ngimine ei erine nii palju, lihtsalt saate kasutada numbrigeneraatorit juhuslike numbrite valimiseks. See on justkui &#8220;\u00f5nneloos&#8221; neile, kes on harjunud f\u00fc\u00fcsiliste piletitega. Saate valida mitu rida ja mitu piletit, et suurendada oma v\u00f5iduv\u00f5imalusi Thunderballis.<\/p>\n<p>J\u00e4rgmine samm on osaleda loosimises ja see on parim osa. Pange t\u00e4hele, et on t\u00e4iesti okei osaleda mitmes loosimises. Ja kui ostate pileti meilt, saate loosimisele ka mitu n\u00e4dalat ette kandideerida. See annab teile eelise selle \u00f5nnem\u00e4ngu m\u00e4ngimisel.<\/p>\n<section class=\"layout\" style=\"border: solid 1px; width: 100%;\">\n<div class=\"img-div\" style=\"margin-top: 5px;\"><img decoding=\"async\" class=\"wp-image-17212 alignleft\" style=\"height: 45px; margin: 8px 8px 0px;\" src=\"https:\/\/jackpotlotteryonline.com\/wp-content\/uploads\/2022\/11\/read1.jpg\" alt=\"loe\" width=\"\" height=\"\" \/><\/div>\n<div style=\"padding-left: 5px;\">\n<div style=\"font-size: 1.1em;\">\n<p><strong>Loteriid, millel on parimad v\u00f5imalused suurv\u00f5iduks<\/strong><\/p>\n<p style=\"font-size: 0.85em; margin-top: -1.5em;\">Millisel loteriil on parimad v\u00f5iduv\u00f5imalused?\u00a0<a href=\"https:\/\/jackpotlotteryonline.com\/et\/milline-loterii-on-parimad-voiduvoimalused\"> loe edasi<\/a><\/p>\n<\/div>\n<\/div>\n<\/section>\n<h2>Thunderballi loosimise p\u00e4evad<\/h2>\n<p>Loosimisp\u00e4evad on neli korda n\u00e4dalas, teisip\u00e4eviti, kolmap\u00e4eviti, reedeti ja laup\u00e4eviti. Selles \u00dchendkuningriigi loteriis on igal n\u00e4dalal neli loosimist. M\u00e4ngijate jaoks t\u00e4hendab see, et teil on neli korda suurem t\u00f5en\u00e4osus v\u00f5ita Thunderballi jackpot.<\/p>\n<p>V\u00f5ite osaleda \u00fches loosimises, kuid t\u00f5en\u00e4oliselt on parem osaleda mitmes loosimises, et teil oleks palju suurem v\u00f5imalus v\u00f5ita. Pidage meeles, et mitme osalemisega on teil suurem t\u00f5en\u00e4osus v\u00f5ita.<\/p>\n<h2>Kuidas kontrollida Thunderballi loosimise tulemusi<\/h2>\n<p>N\u00fc\u00fcd j\u00f5uame parima osa juurde, milleks on loosimise tulemuste kontrollimine. Ainus viis teada saada, kas teil on \u00f5ige kombinatsioon, on kontrollida loosimise tulemusi. Enamik loteriid korraldavad live-loosimisi ja Thunderball ei ole erandiks. Nii et saate vaadata live-loosimist internetis. Oluline on t\u00e4hele panna, et live-loosimised toimuvad kindlal ajal ja kui sa j\u00e4id v\u00f5itmise korral auhinnast ilma.<\/p>\n<p>Loomulikult v\u00f5ite alati internetis uurida, kas olete v\u00f5itja. Kahjuks, kuigi te v\u00f5ite saada kombinatsiooni jackpoti jaoks, ei ole see teiste auhinnakategooriate puhul nii lihtne. Thunderballi teise astme auhind on 5000 naelsterlingit ja seda ei tahaks sa kindlasti vahele j\u00e4tta.<\/p>\n<p>Parim v\u00f5imalus on vaadata seda lehek\u00fclge p\u00e4rast iga loosimist. Avaldame viimased loosimise tulemused k\u00f5igis kategooriates. Lisaks, kui ostsid pileti meilt, teavitame sind, kui sa v\u00f5idad m\u00f5ne auhinna.<\/p>\n<h2>Auhinnad, mida v\u00f5id v\u00f5ita<\/h2>\n<p>See t\u00e4hendab, millised on erinevad auhinnad erinevates kategooriates? \u00dchendkuningriigi Thunderballil on mitu auhinnakategooriat, kus on auhind ainult Thunderballi kokkulangemise eest. On suur t\u00f5en\u00e4osus, et m\u00e4ngija v\u00f5ib v\u00f5ita auhinna.<\/p>\n<p>Siin on \u00dchendkuningriigi Thunderballi auhinnakategooriate jaotus ning v\u00f5idut\u00f5en\u00e4osused.<\/p>\n<p>Kategooria 1: Match 5 + Thunderball &#8211; 1:8,060,598 &#8211; 500,000 naelsterlingit.<\/p>\n<p>Kategooria 2: Ainult 5. mat\u0161 &#8211; 1:620 046 &#8211; 5000 naelsterlingi.<\/p>\n<p>Kategooria 3: Match 4 + Thunderball &#8211; 1:47,416 &#8211; 250 naelsterlingit.<\/p>\n<p>Kategooria 4: Ainult 4. mat\u0161 &#8211; 1:3,648 &#8211; 100 naelsterlingit.<\/p>\n<p>Kategooria 5: 3. mat\u0161 + Thunderball &#8211; 1:1,437 &#8211; 20 naelsterlingit.<\/p>\n<p>Kategooria 6: Ainult 3. mat\u0161 &#8211; 1:111 &#8211; 10 naelsterlingit.<\/p>\n<p>Kategooria 7: Match 2 + Thunderball &#8211; 1:135 &#8211; 10 naelsterlingit.<\/p>\n<p>Kategooria 8: 1. mat\u0161 + Thunderball &#8211; 1:35 &#8211; 5 naelsterlingit.<\/p>\n<p>Kategooria 9: Match Thunderball &#8211; 1:29 &#8211; 3 \u00a3<\/p>\n<p>Iga\u00fcks v\u00f5ib v\u00f5ita Thunderballi auhinna, isegi kui ta elab v\u00e4ljaspool \u00dchendkuningriiki. Ostke lihtsalt pilet internetis, et v\u00f5ita suures koguses.<\/p>\n<h2>V\u00f5itude v\u00e4ljamaksmine<\/h2>\n<p><img loading=\"lazy\" decoding=\"async\" class=\"alignright size-full wp-image-28832\" src=\"https:\/\/jackpotlotteryonline.com\/wp-content\/uploads\/2022\/11\/1_online_win_lottery.jpg\" alt=\"Thunderballi auhinna taotlemine\" width=\"250\" height=\"167\" \/>Mainisime, et teavitame teid e-posti teel ja teie konto kaudu, kui teil on v\u00f5idupilet. Kuid kuidas saate oma v\u00f5idud v\u00e4lja v\u00f5tta, kui elate v\u00e4ljaspool \u00dchendkuningriiki? See on k\u00fcsimus, mille p\u00e4rast paljud m\u00e4ngurid muretsevad. Noh, me oleme siin, et teie s\u00fcda teie v\u00f5itudega seoses rahule j\u00e4\u00e4da.<\/p>\n<p>Kui registreerite end meie juures ja ostate meilt oma loteriipileteid, lihtsustame protsessi teie jaoks. Concierge-saitina oleme loonud sujuvaks protsessi, mille abil saate oma v\u00f5idud h\u00f5lpsasti v\u00e4lja v\u00f5tta. Alla 2500 euro suuruste v\u00f5itude puhul piisab sellest, kui saate need meie saidilt oma kontole v\u00e4lja maksta.<\/p>\n<p>Kui olete v\u00f5itnud auhinna, mis \u00fcletab seda summat, peate oma v\u00f5idu taotlema otse loteriifirmalt. Me anname teile n\u00f5ude vormi ja juhatame teid protsessi k\u00e4igus. Seega ei pea kartma, me hoolitseme selle eest, et k\u00f5ik oleks lihtne ja stressivaba.<\/p>\n<h2>Asjad, mida peaksite teadma enne oma auhinna taotlemist<\/h2>\n<p>Enne auhinna k\u00e4ttesaamist on oluline teada m\u00f5ningaid asju loteriim\u00e4ngu kohta \u00dchendkuningriigis. Me juba teame, et loterii on avatud k\u00f5igile, olenemata kodakondsusest, kuid siin on siiski m\u00f5ned asjad, mida tuleb t\u00e4hele panna:<\/p>\n<ul>\n<li>Loterii on avatud m\u00e4ngijatele, kes on vanemad kui 16-aastased.<\/li>\n<li>Auhinnad makstakse v\u00e4lja \u00fchekordse summana<\/li>\n<li>Loteriiv\u00f5idud ei kuulu riigis maksustamisele. Kui aga m\u00e4ngite v\u00e4ljastpoolt riiki, peaksite kontrollima oma riigi maksuseadusi.<\/li>\n<li>Teil on 180 p\u00e4eva aega, et n\u00f5uda mis tahes v\u00f5itu, enne kui see l\u00e4heb tagasi fondi.<\/li>\n<li>Kui osalesite loteriis f\u00fc\u00fcsilise m\u00fc\u00fcja kaudu, peate v\u00f5idu n\u00f5udmiseks p\u00f6\u00f6rduma loteriikorraldajate poole.<\/li>\n<\/ul>\n<h2>Loterii m\u00e4ngimise eelised Jackpotlotteryonline.com-iga<\/h2>\n<ul>\n<li>Saate kiire ja kohese juurdep\u00e4\u00e4su loteriile. Loterii m\u00e4ngimiseks ei pea elama \u00dchendkuningriigis<\/li>\n<li>See on super mugav, kuna te ei pea lahkuma oma kodu mugavusest. Kontrollige oma kombinatsiooni arvutist v\u00f5i mobiilseadmest.<\/li>\n<li>See on ka turvalisem, sest teie pilet on salvestatud digitaalselt. See on oluline, sest see on ainus viis oma v\u00f5idu k\u00e4ttesaamiseks.<\/li>\n<li>Pole vaja oma v\u00f5idu vahele j\u00e4tta, sest me teavitame sind kohe, kui sa v\u00f5idad mis tahes auhinna.<\/li>\n<li>Saate h\u00f5lpsasti iga v\u00f5idu v\u00e4lja v\u00f5tta internetis, ilma et peaksite kuhugi minema<\/li>\n<\/ul>\n<p>Kui te ei ole veel oma Thunderballi piletit ostnud, siis on praegu suurep\u00e4rane aeg seda teha, et saaksite osaleda j\u00e4rgmises loosimises.<\/p>\n<h2>Mis on concierge&#8217;i sait?<\/h2>\n<p>Me mainisime, et me oleme concierge&#8217;i sait, ja te v\u00f5ib-olla m\u00f5tlete, mida see endast kujutab. Noh, \u00fcks probleem, mis m\u00e4ngijatel on piletite ostmisel internetist, on see, et nad ei tea kunagi, kas nad on loosimisse sattunud. Paljud saidid lasevad oma m\u00e4ngijatel panustada loterii tulemusele, mis on midagi t\u00e4iesti erinevat.<\/p>\n<p>Meie jackpotlotteryonline.com-is anname oma kasutajatele ligip\u00e4\u00e4su maailma parimatele rahvusvahelistele loteriidele. Seda seet\u00f5ttu, et meil on concierge-sait, kus meil on agendid erinevates maailma osades. Kui ostate meilt loteriipileteid, ostab meie agent selles riigis f\u00fc\u00fcsilise pileti koos vastavate numbritega. Seej\u00e4rel skaneeritakse pilet ja saadetakse teile.<\/p>\n<p>Kui ostate meilt Thunderballi loteriipileti, on teil kindel, et kui teil vastavad loositud numbrid, siis v\u00f5idate loteriis. See on nii lihtne, kuid see on \u00fcks asi, mis annab meie klientidele meelerahu, et m\u00e4ngida loteriid internetis.<\/p>\n<h2>N\u00e4pun\u00e4iteid Thunderballi v\u00f5itmiseks<\/h2>\n<p>Kuigi Thunderball on \u00f5nnem\u00e4ng, on asju, mida saate teha, et suurendada oma v\u00f5idut\u00f5en\u00e4osust. Loetleme allpool m\u00f5ned neist:<\/p>\n<ul>\n<li>Valige oma \u00f5nnenumbrid. Thunderballi m\u00e4ngides ei saa teil olla liiga palju \u00f5nne.<\/li>\n<li>Ostke rohkem pileteid ja osalege mitmes loosimises. Sest mida rohkem osalemisi, seda suuremad on teie v\u00f5iduv\u00f5imalused.<\/li>\n<li>Liituge v\u00f5i moodustage s\u00fcndikaat. See on grupp inimesi, kes \u00fchendavad oma ressursid, et nad saaksid osta rohkem pileteid.<\/li>\n<li>Olge kindlalt veendunud, et te v\u00f5idate. Kogu s\u00fcdamest uskumises on midagi sellist, mis t\u00f5mbab \u00f5nne ligi. Mitmed loteriiv\u00f5itjad on r\u00e4\u00e4kinud oma veendumusest, et nad v\u00f5idavad.<\/li>\n<\/ul>\n<h2>Kontrollige oma v\u00f5idukombinatsiooni jackpotlotteryonline.com&#8217;il<\/h2>\n<p>Me teeme m\u00e4ngijatele lihtsaks juurdep\u00e4\u00e4su rahvusvahelistele tipplotodele, pakkudes pileteid internetis. Peale selle saate meie saidilt kontrollida ka loosimistulemusi ja oma v\u00f5idud v\u00e4lja maksta. Thunderballi m\u00e4ngimine pole kunagi varem olnud l\u00f5\u00f5gastavam ja stressivabam. Ja me oleme teinud k\u00f5vasti t\u00f6\u00f6d, et see ka edaspidi nii j\u00e4\u00e4ks.<\/p>\n<p>Kui soovite proovida \u00dchendkuningriigi Thunderballi, \u00e4rge k\u00f5hkle ostke oma piletid kohe. K\u00fclastage meie saiti p\u00e4rast iga loosimist, et teada saada loosimise tulemused ja oma v\u00f5idud h\u00f5lpsasti v\u00e4lja maksta.<\/p>\n","protected":false},"excerpt":{"rendered":"<p>Thunderball on \u00fcks \u00dchendkuningriigi populaarsemaid loteriid. Juba v\u00e4ikese summa eest v\u00f5ivad m\u00e4ngijad v\u00f5ita pool miljonit naela, mis on fantastiline. Seal on palju loteriisid, kuid Thunderballis on lihtsalt midagi, mis t\u00f5mbab m\u00e4ngijaid ligi. See v\u00f5ib olla uskumatult soodne koefitsient v\u00f5i asjaolu, et see toob palju v\u00f5itjaid. Mis iganes see ka poleks, m\u00e4ngijad \u00fcle kogu maailma ostavad [&hellip;]<\/p>\n","protected":false},"author":1,"featured_media":0,"parent":35822,"menu_order":12,"comment_status":"closed","ping_status":"closed","template":"thunderball-results.php","meta":{"_et_pb_use_builder":"","_et_pb_old_content":"","_et_gb_content_width":"","exclude_from_search":false,"footnotes":""},"class_list":["post-41301","page","type-page","status-publish","hentry"],"yoast_head":"<!-- This site is optimized with the Yoast SEO plugin v23.3 - https:\/\/yoast.com\/wordpress\/plugins\/seo\/ -->\n<title>Thunderball Loterii v\u00f5idunumbrid ja loosimise tulemused<\/title>\n<meta name=\"description\" content=\"Kontrollida oma piletit viimase Thunderballi loosimise v\u00f5idunumbrite ja tulemustega v\u00f5i leida ajaloolisi loosimise tulemusi\" \/>\n<meta name=\"robots\" content=\"index, follow, max-snippet:-1, max-image-preview:large, max-video-preview:-1\" \/>\n<link rel=\"canonical\" href=\"https:\/\/jackpotlotteryonline.com\/et\/winning-numbers\/thunderball\/\" \/>\n<meta property=\"og:locale\" content=\"et_EE\" \/>\n<meta property=\"og:type\" content=\"article\" \/>\n<meta property=\"og:title\" content=\"Thunderball Loterii v\u00f5idunumbrid ja loosimise tulemused\" \/>\n<meta property=\"og:description\" content=\"Kontrollida oma piletit viimase Thunderballi loosimise v\u00f5idunumbrite ja tulemustega v\u00f5i leida ajaloolisi loosimise tulemusi\" \/>\n<meta property=\"og:url\" content=\"https:\/\/jackpotlotteryonline.com\/et\/winning-numbers\/thunderball\/\" \/>\n<meta property=\"og:site_name\" content=\"Lotto Online - Crack The International Lottery Jackpots\" \/>\n<meta property=\"article:modified_time\" content=\"2022-12-29T13:08:23+00:00\" \/>\n<meta property=\"og:image\" content=\"https:\/\/jackpotlotteryonline.com\/wp-content\/uploads\/2022\/11\/1_rain_lottery_money_win-282x300.jpg\" \/>\n<meta name=\"twitter:card\" content=\"summary_large_image\" \/>\n<meta name=\"twitter:label1\" content=\"Est. reading time\" \/>\n\t<meta name=\"twitter:data1\" content=\"7 minutit\" \/>\n<!-- \/ Yoast SEO plugin. -->","yoast_head_json":{"title":"Thunderball Loterii v\u00f5idunumbrid ja loosimise tulemused","description":"Kontrollida oma piletit viimase Thunderballi loosimise v\u00f5idunumbrite ja tulemustega v\u00f5i leida ajaloolisi loosimise tulemusi","robots":{"index":"index","follow":"follow","max-snippet":"max-snippet:-1","max-image-preview":"max-image-preview:large","max-video-preview":"max-video-preview:-1"},"canonical":"https:\/\/jackpotlotteryonline.com\/et\/winning-numbers\/thunderball\/","og_locale":"et_EE","og_type":"article","og_title":"Thunderball Loterii v\u00f5idunumbrid ja loosimise tulemused","og_description":"Kontrollida oma piletit viimase Thunderballi loosimise v\u00f5idunumbrite ja tulemustega v\u00f5i leida ajaloolisi loosimise tulemusi","og_url":"https:\/\/jackpotlotteryonline.com\/et\/winning-numbers\/thunderball\/","og_site_name":"Lotto Online - Crack The International Lottery Jackpots","article_modified_time":"2022-12-29T13:08:23+00:00","og_image":[{"url":"https:\/\/jackpotlotteryonline.com\/wp-content\/uploads\/2022\/11\/1_rain_lottery_money_win-282x300.jpg"}],"twitter_card":"summary_large_image","twitter_misc":{"Est. reading time":"7 minutit"},"schema":{"@context":"https:\/\/schema.org","@graph":[{"@type":"WebPage","@id":"https:\/\/jackpotlotteryonline.com\/et\/winning-numbers\/thunderball\/","url":"https:\/\/jackpotlotteryonline.com\/et\/winning-numbers\/thunderball\/","name":"Thunderball Loterii v\u00f5idunumbrid ja loosimise tulemused","isPartOf":{"@id":"https:\/\/jackpotlotteryonline.com\/#website"},"primaryImageOfPage":{"@id":"https:\/\/jackpotlotteryonline.com\/et\/winning-numbers\/thunderball\/#primaryimage"},"image":{"@id":"https:\/\/jackpotlotteryonline.com\/et\/winning-numbers\/thunderball\/#primaryimage"},"thumbnailUrl":"https:\/\/jackpotlotteryonline.com\/wp-content\/uploads\/2022\/11\/1_rain_lottery_money_win-282x300.jpg","datePublished":"2022-12-09T05:51:17+00:00","dateModified":"2022-12-29T13:08:23+00:00","description":"Kontrollida oma piletit viimase Thunderballi loosimise v\u00f5idunumbrite ja tulemustega v\u00f5i leida ajaloolisi loosimise tulemusi","breadcrumb":{"@id":"https:\/\/jackpotlotteryonline.com\/et\/winning-numbers\/thunderball\/#breadcrumb"},"inLanguage":"et","potentialAction":[{"@type":"ReadAction","target":["https:\/\/jackpotlotteryonline.com\/et\/winning-numbers\/thunderball\/"]}]},{"@type":"ImageObject","inLanguage":"et","@id":"https:\/\/jackpotlotteryonline.com\/et\/winning-numbers\/thunderball\/#primaryimage","url":"https:\/\/jackpotlotteryonline.com\/wp-content\/uploads\/2022\/11\/1_rain_lottery_money_win-282x300.jpg","contentUrl":"https:\/\/jackpotlotteryonline.com\/wp-content\/uploads\/2022\/11\/1_rain_lottery_money_win-282x300.jpg"},{"@type":"BreadcrumbList","@id":"https:\/\/jackpotlotteryonline.com\/et\/winning-numbers\/thunderball\/#breadcrumb","itemListElement":[{"@type":"ListItem","position":1,"name":"Home","item":"https:\/\/jackpotlotteryonline.com\/et\/"},{"@type":"ListItem","position":2,"name":"Loterii tulemused","item":"https:\/\/jackpotlotteryonline.com\/winning-numbers\/"},{"@type":"ListItem","position":3,"name":"Thunderball loterii tulemused"}]},{"@type":"WebSite","@id":"https:\/\/jackpotlotteryonline.com\/#website","url":"https:\/\/jackpotlotteryonline.com\/","name":"Lotto Online - Crack The International Lottery Jackpots","description":"","potentialAction":[{"@type":"SearchAction","target":{"@type":"EntryPoint","urlTemplate":"https:\/\/jackpotlotteryonline.com\/?s={search_term_string}"},"query-input":"required name=search_term_string"}],"inLanguage":"et"}]}},"_links":{"self":[{"href":"https:\/\/jackpotlotteryonline.com\/et\/wp-json\/wp\/v2\/pages\/41301","targetHints":{"allow":["GET"]}}],"collection":[{"href":"https:\/\/jackpotlotteryonline.com\/et\/wp-json\/wp\/v2\/pages"}],"about":[{"href":"https:\/\/jackpotlotteryonline.com\/et\/wp-json\/wp\/v2\/types\/page"}],"author":[{"embeddable":true,"href":"https:\/\/jackpotlotteryonline.com\/et\/wp-json\/wp\/v2\/users\/1"}],"replies":[{"embeddable":true,"href":"https:\/\/jackpotlotteryonline.com\/et\/wp-json\/wp\/v2\/comments?post=41301"}],"version-history":[{"count":0,"href":"https:\/\/jackpotlotteryonline.com\/et\/wp-json\/wp\/v2\/pages\/41301\/revisions"}],"up":[{"embeddable":true,"href":"https:\/\/jackpotlotteryonline.com\/et\/wp-json\/wp\/v2\/pages\/35822"}],"wp:attachment":[{"href":"https:\/\/jackpotlotteryonline.com\/et\/wp-json\/wp\/v2\/media?parent=41301"}],"curies":[{"name":"wp","href":"https:\/\/api.w.org\/{rel}","templated":true}]}}