{"id":41354,"date":"2022-12-09T08:05:13","date_gmt":"2022-12-09T08:05:13","guid":{"rendered":"https:\/\/jackpotlotteryonline.com\/?page_id=41354"},"modified":"2022-12-30T09:12:50","modified_gmt":"2022-12-30T09:12:50","slug":"new-york-lottery","status":"publish","type":"page","link":"https:\/\/jackpotlotteryonline.com\/et\/winning-numbers\/new-york-lottery\/","title":{"rendered":"New York loterii tulemused"},"content":{"rendered":"<p>New Yorgi loto oli varem \u00fcks neist t\u00e4helepanuta j\u00e4\u00e4nud loteriidest. Peamiselt seet\u00f5ttu, et loteriis sai osaleda ainult New Yorgi elanikuna. N\u00fc\u00fcd on see k\u00f5ik muutunud, sest m\u00e4ngijad \u00fcle kogu maailma saavad osta loteriipileteid. N\u00fc\u00fcd valivad \u00fcha rohkem loteriihuvilisi v\u00f5idunumbreid, m\u00e4ngides internetis. See New Yorgi loto loodi selleks, et koguda raha hariduse jaoks, seega on selle algup\u00e4ra heal eesm\u00e4rgil. Iga kord, kui ostate pileti, annate hariduse rahastamiseks.<\/p>\n<p>Saate valida oma New Yorgi loto kombinatsiooni, kui <a href=\"https:\/\/jackpotlotteryonline.com\/et\/kuidas-osta-loteriipileteid-internetis\/new-york-lottery\">ostate loteriipileti aadressil jackpotlotteryonline.com.<\/a><\/p>\n<h2>Kuidas m\u00e4ngida New Yorgi loto internetis<\/h2>\n<p>Loterii m\u00e4ngimine on l\u00f5bus ja p\u00f5nev. Kuid see kogemus on veelgi suurem, kui m\u00e4ngite internetis. Loteriis osalemine internetis on kiire, lihtne ja t\u00e4iesti sirgjooneline. Kui m\u00e4ngite New Yorgi lotot, on allpool toodud j\u00e4rgmised sammud:<\/p>\n<ul>\n<li>K\u00fclastage valitud veebilehte (n\u00e4iteks jackpotlotteryonline.com) ja kl\u00f5psake loteriil, mida soovite m\u00e4ngida.<\/li>\n<li>Valige 6 vahemikust 1 kuni 59. On olemas ka 7. number, kuid see loositakse juhuslikult lotoettev\u00f5tte poolt ja see ei ole teie pileti osa.<\/li>\n<li>Sisestage loosimised, mis toimuvad iga n\u00e4dala kolmap\u00e4eviti ja laup\u00e4eviti. V\u00f5ite osaleda ainult \u00fches v\u00f5i m\u00f5lemas loosimises.<\/li>\n<li>L\u00f5petage oma makse. Enamik loteriisaite n\u00f5uab, et te registreeruksite, et oma makse l\u00f5pule viia. Seda selleks, et saaksite p\u00e4rast pileti ostmist h\u00f5lpsasti oma piletile ligi p\u00e4\u00e4seda.<\/li>\n<\/ul>\n<p>Internetis loteriis m\u00e4ngimine on t\u00f5esti nii lihtne. V\u00e4ljaspool New Yorki ei ole muud v\u00f5imalust pileteid saada. Seep\u00e4rast pakume me \u00fclimat v\u00f5imalust m\u00e4ngijatele, kes elavad m\u00f5nes teises maailma osas.<\/p>\n<h2>Kuidas valida v\u00f5idunumbreid<\/h2>\n<p><img loading=\"lazy\" decoding=\"async\" class=\"alignright size-full wp-image-29534\" src=\"http:\/\/jackpotlotteryonline.com\/wp-content\/uploads\/2022\/11\/1_results_lottery_online5.jpg\" alt=\"m\u00e4ngi New Yorgi loto internetis\" width=\"300\" height=\"200\" \/>Okei, kas t\u00f5esti on olemas v\u00f5itnud strateegia, kuidas valida kombinatsioone, mis garanteeritult v\u00f5idavad loteriis? Me ei usu, et seda on olemas sel lihtsal p\u00f5hjusel, et loterii on \u00f5nnem\u00e4ng. On \u00fcsna raske \u00f6elda, milline kombinatsioon aitab teil loteriid v\u00f5ita, eriti kuna loosimised on juhuslikud.<\/p>\n<p>Sellegipoolest saate oma \u00f5nne suurendada, valides v\u00f5idunumbrid, mis panevad teid end \u00f5nnelikuks tundma. Nii v\u00f5ite valida s\u00fcnnip\u00e4evad, t\u00e4htp\u00e4evad, numbrid, mis on teile kogu elu \u00f5nne toonud jne. V\u00f5i v\u00f5ite lihtsalt kasutada meie saidi automaatse generaatori t\u00f6\u00f6riista, et valida juhuslikke numbreid.<\/p>\n<h2>New Yorgi loto auhinnakategooriad<\/h2>\n<p>Selle New Yorgi loto minimaalne jackpoti summa on 2 miljonit dollarit. Kuid kui keegi ei v\u00f5ida p\u00e4rast loosimisi jackpotit, suureneb see 300 000 dollari v\u00f5rra. See auhind j\u00e4tkab suurenemist, kuni v\u00f5itja selgub.<\/p>\n<p>Kokku on viis auhinnakategooriat, sealhulgas jackpot. Ja auhinna \u00fcldv\u00f5idu t\u00f5en\u00e4osus on 1:92,05. Auhindade jaotamine s\u00f5ltub \u00fcldisest m\u00fc\u00fcgist. Seega jaotatakse iga loto puhul 40% m\u00fc\u00fcgist auhinnarahaks. Jackpot on sellest protsentuaalne osa ja see ei ole kindel summa. New Yorgi loto auhinnakategooriad on esitatud allpool:<\/p>\n<p>Kategooria 1: 6 numbrit &#8211; jackpot (30%)<\/p>\n<p>Kategooria 2: 5 + boonusnumber &#8211; 2,9% m\u00fc\u00fcgist.<\/p>\n<p>Kategooria 3: 5 numbrit &#8211; 2,2% m\u00fc\u00fcgist<\/p>\n<p>Kategooria 4: 4 numbrit &#8211; 2,5% m\u00fc\u00fcgist<\/p>\n<p>Kategooria 5: 3 numbrit &#8211; 2,4% m\u00fc\u00fcgist<\/p>\n<h2>Kuidas kontrollida v\u00f5idunumbreid<\/h2>\n<p>Kuidas te teate, kas olete v\u00f5itnud auhinna? P\u00f5him\u00f5tteliselt, kui m\u00e4ngite New Yorgi lotot aadressil jackpotlotteryonline.com, siis teavitame teid, kui olete v\u00f5itnud auhinna. Me teeme seda, saates s\u00f5numi teie kontole ja teie e-postile. Kui olete meie juures registreeritud, ei saa te t\u00f5esti kuidagi oma auhinnast ilma j\u00e4\u00e4da.<\/p>\n<p>Isegi kui sa ei v\u00f5ida auhinda, saad selle lehek\u00fclje kaudu ikkagi kontrollida v\u00f5idunumbreid. Me avaldame loosimise tulemused siin p\u00e4rast iga loosimist. Nii et vaadake tagasi ja vaadake, milline kombinatsioon v\u00f5itis jackpot&#8217;i v\u00f5i teiste kategooriate auhindu.<\/p>\n<h2>Kuidas oma auhindu tagasi v\u00f5tta<\/h2>\n<p><img loading=\"lazy\" decoding=\"async\" class=\"alignright size-medium wp-image-29183\" src=\"http:\/\/jackpotlotteryonline.com\/wp-content\/uploads\/2022\/11\/1_play_lotto-online-300x199.jpg\" alt=\"New Yorgi loto v\u00f5idunumbrid\" width=\"300\" height=\"199\" srcset=\"https:\/\/jackpotlotteryonline.com\/wp-content\/uploads\/2022\/11\/1_play_lotto-online-300x199.jpg 300w, https:\/\/jackpotlotteryonline.com\/wp-content\/uploads\/2022\/11\/1_play_lotto-online.jpg 350w\" sizes=\"auto, (max-width: 300px) 100vw, 300px\" \/>Kui oled v\u00f5itnud auhinna, saad oma v\u00f5idule h\u00f5lpsasti ligi siinsamas meie saidil. Alla 2500 euro suuruste auhindade puhul saate oma v\u00f5idud meie platvormilt otse oma panka v\u00e4lja v\u00f5tta. See on vaid paari kliki k\u00fcsimus ja saad oma auhinna ilma probleemideta k\u00e4tte.<\/p>\n<p>Kui teie v\u00f5it on aga suurem kui 2500 eurot, peate v\u00f5ib-olla v\u00f5tma otse \u00fchendust loteriifirmaga. Sellisel juhul saadame teile n\u00f5udeavalduse vormi, mille saate t\u00e4ita ja mis aitab teil oma v\u00f5itu menetleda.<\/p>\n<h2>N\u00e4pun\u00e4iteid New Yorgi loto m\u00e4ngimiseks<\/h2>\n<p>Kui vajate m\u00f5ned n\u00f5uanded loteriim\u00e4ngu m\u00e4ngimiseks, siis lugege edasi. Need n\u00e4pun\u00e4ited on kasulikud, kui m\u00e4ngite mis tahes rahvusvahelist tipplotot. Seega ei piirdu need ainult New Yorgi lotoga.<\/p>\n<ul>\n<li style=\"list-style-type: none;\">\n<ul>\n<li>Valige oma v\u00f5idunumbrid hoolikalt. Kuigi sa ei saa ennustada loteriiv\u00f5itjat, on alati hea m\u00f5te valida kombinatsioon, millel on sinu jaoks t\u00e4hendus.<\/li>\n<li>Selle New Yorgi loto puhul on boonusnumber oluline, sest see m\u00e4\u00e4rab auhinna teises kategoorias. Nii et \u00e4rge ignoreerige seda, sest v\u00f5ite minna koju kopsaka v\u00f5iduga isegi siis, kui te ei v\u00f5ida jackpotit.<\/li>\n<li>P\u00f6\u00f6rake t\u00e4helepanu loosimisp\u00e4evadele, sest siis saame teada, milline number v\u00f5idab. Samuti, kui te ei osale loosimises, siis ei saa te selle loosimise ajal \u00fchtegi auhinda v\u00f5ita. Nii et loosimisp\u00e4evad on t\u00f5esti olulised. Saate loosimistele ka mitu n\u00e4dalat ette kandideerida (n\u00e4itame hiljem, kuidas).<\/li>\n<\/ul>\n<\/li>\n<\/ul>\n<section class=\"layout\" style=\"border: solid 1px; width: 100%;\">\n<div class=\"img-div\" style=\"margin-top: 5px;\"><img decoding=\"async\" class=\"wp-image-17212 alignleft\" style=\"height: 45px; margin: 8px 8px 0px;\" src=\"http:\/\/jackpotlotteryonline.com\/wp-content\/uploads\/2022\/11\/read1.jpg\" alt=\"loe\" width=\"\" height=\"\" \/><\/div>\n<div style=\"padding-left: 5px;\">\n<div style=\"font-size: 1.1em;\">\n<p><strong>Mis on loterii edu saladus?<\/strong><\/p>\n<p style=\"font-size: 0.85em; margin-top: -1.5em;\">Kuidas edukalt loteriid m\u00e4ngida\u00a0<a href=\"https:\/\/jackpotlotteryonline.com\/et\/mis-on-loterii-edu-saladus\"> loe edasi<\/a><\/p>\n<\/div>\n<\/div>\n<\/section>\n<h2>Vaata loosimistulemusi jackpotlotteryonline.com lehelt<\/h2>\n<p>Me oleme concierge&#8217;i sait, mis hoolitseb detailide eest, et meie kliendid saaksid nautida loteriim\u00e4ngu kogemust. Me m\u00f5istame, et keegi ei taha muretseda v\u00e4ikeste asjade p\u00e4rast. See aeg v\u00f5iks olla paremini kulutatud oma loteriistrateegia t\u00e4iustamiseks. Ja sellep\u00e4rast oleme meie siin.<\/p>\n<p>Anname oma klientidele v\u00f5imaluse osaleda loteriides \u00fcle maailma. Samuti avaldame loteriitulemused siinsamas ja pakume sujuvat s\u00fcsteemi, et saaksite oma v\u00f5itudele ligi.<\/p>\n<p><a href=\"https:\/\/jackpotlotteryonline.com\/et\/kuidas-mangida\/new-york-lottery-2\">New Yorgi loto m\u00e4ngimine koos meiega<\/a> on v\u00f5itnud.<\/p>\n","protected":false},"excerpt":{"rendered":"<p>New Yorgi loto oli varem \u00fcks neist t\u00e4helepanuta j\u00e4\u00e4nud loteriidest. Peamiselt seet\u00f5ttu, et loteriis sai osaleda ainult New Yorgi elanikuna. N\u00fc\u00fcd on see k\u00f5ik muutunud, sest m\u00e4ngijad \u00fcle kogu maailma saavad osta loteriipileteid. N\u00fc\u00fcd valivad \u00fcha rohkem loteriihuvilisi v\u00f5idunumbreid, m\u00e4ngides internetis. See New Yorgi loto loodi selleks, et koguda raha hariduse jaoks, seega on selle [&hellip;]<\/p>\n","protected":false},"author":1,"featured_media":0,"parent":35822,"menu_order":15,"comment_status":"closed","ping_status":"closed","template":"newyork-results.php","meta":{"_et_pb_use_builder":"","_et_pb_old_content":"","_et_gb_content_width":"","exclude_from_search":false,"footnotes":""},"class_list":["post-41354","page","type-page","status-publish","hentry"],"yoast_head":"<!-- This site is optimized with the Yoast SEO plugin v23.3 - https:\/\/yoast.com\/wordpress\/plugins\/seo\/ -->\n<title>New York loterii v\u00f5itnud numbrid ja loosimise tulemused<\/title>\n<meta name=\"description\" content=\"New Yorgi loterii tulemused - v\u00f5idunumbrid, v\u00f5idetud summad k\u00f5igi varasemate ja praeguste loosimiste kohta.\" \/>\n<meta name=\"robots\" content=\"index, follow, max-snippet:-1, max-image-preview:large, max-video-preview:-1\" \/>\n<link rel=\"canonical\" href=\"https:\/\/jackpotlotteryonline.com\/et\/winning-numbers\/new-york-lottery\/\" \/>\n<meta property=\"og:locale\" content=\"et_EE\" \/>\n<meta property=\"og:type\" content=\"article\" \/>\n<meta property=\"og:title\" content=\"New York loterii v\u00f5itnud numbrid ja loosimise tulemused\" \/>\n<meta property=\"og:description\" content=\"New Yorgi loterii tulemused - v\u00f5idunumbrid, v\u00f5idetud summad k\u00f5igi varasemate ja praeguste loosimiste kohta.\" \/>\n<meta property=\"og:url\" content=\"https:\/\/jackpotlotteryonline.com\/et\/winning-numbers\/new-york-lottery\/\" \/>\n<meta property=\"og:site_name\" content=\"Lotto Online - Crack The International Lottery Jackpots\" \/>\n<meta property=\"article:modified_time\" content=\"2022-12-30T09:12:50+00:00\" \/>\n<meta property=\"og:image\" content=\"http:\/\/jackpotlotteryonline.com\/wp-content\/uploads\/2022\/11\/1_results_lottery_online5.jpg\" \/>\n<meta name=\"twitter:card\" content=\"summary_large_image\" \/>\n<meta name=\"twitter:label1\" content=\"Est. reading time\" \/>\n\t<meta name=\"twitter:data1\" content=\"4 minutit\" \/>\n<!-- \/ Yoast SEO plugin. -->","yoast_head_json":{"title":"New York loterii v\u00f5itnud numbrid ja loosimise tulemused","description":"New Yorgi loterii tulemused - v\u00f5idunumbrid, v\u00f5idetud summad k\u00f5igi varasemate ja praeguste loosimiste kohta.","robots":{"index":"index","follow":"follow","max-snippet":"max-snippet:-1","max-image-preview":"max-image-preview:large","max-video-preview":"max-video-preview:-1"},"canonical":"https:\/\/jackpotlotteryonline.com\/et\/winning-numbers\/new-york-lottery\/","og_locale":"et_EE","og_type":"article","og_title":"New York loterii v\u00f5itnud numbrid ja loosimise tulemused","og_description":"New Yorgi loterii tulemused - v\u00f5idunumbrid, v\u00f5idetud summad k\u00f5igi varasemate ja praeguste loosimiste kohta.","og_url":"https:\/\/jackpotlotteryonline.com\/et\/winning-numbers\/new-york-lottery\/","og_site_name":"Lotto Online - Crack The International Lottery Jackpots","article_modified_time":"2022-12-30T09:12:50+00:00","og_image":[{"url":"http:\/\/jackpotlotteryonline.com\/wp-content\/uploads\/2022\/11\/1_results_lottery_online5.jpg"}],"twitter_card":"summary_large_image","twitter_misc":{"Est. reading time":"4 minutit"},"schema":{"@context":"https:\/\/schema.org","@graph":[{"@type":"WebPage","@id":"https:\/\/jackpotlotteryonline.com\/et\/winning-numbers\/new-york-lottery\/","url":"https:\/\/jackpotlotteryonline.com\/et\/winning-numbers\/new-york-lottery\/","name":"New York loterii v\u00f5itnud numbrid ja loosimise tulemused","isPartOf":{"@id":"https:\/\/jackpotlotteryonline.com\/#website"},"primaryImageOfPage":{"@id":"https:\/\/jackpotlotteryonline.com\/et\/winning-numbers\/new-york-lottery\/#primaryimage"},"image":{"@id":"https:\/\/jackpotlotteryonline.com\/et\/winning-numbers\/new-york-lottery\/#primaryimage"},"thumbnailUrl":"http:\/\/jackpotlotteryonline.com\/wp-content\/uploads\/2022\/11\/1_results_lottery_online5.jpg","datePublished":"2022-12-09T08:05:13+00:00","dateModified":"2022-12-30T09:12:50+00:00","description":"New Yorgi loterii tulemused - v\u00f5idunumbrid, v\u00f5idetud summad k\u00f5igi varasemate ja praeguste loosimiste kohta.","breadcrumb":{"@id":"https:\/\/jackpotlotteryonline.com\/et\/winning-numbers\/new-york-lottery\/#breadcrumb"},"inLanguage":"et","potentialAction":[{"@type":"ReadAction","target":["https:\/\/jackpotlotteryonline.com\/et\/winning-numbers\/new-york-lottery\/"]}]},{"@type":"ImageObject","inLanguage":"et","@id":"https:\/\/jackpotlotteryonline.com\/et\/winning-numbers\/new-york-lottery\/#primaryimage","url":"http:\/\/jackpotlotteryonline.com\/wp-content\/uploads\/2022\/11\/1_results_lottery_online5.jpg","contentUrl":"http:\/\/jackpotlotteryonline.com\/wp-content\/uploads\/2022\/11\/1_results_lottery_online5.jpg"},{"@type":"BreadcrumbList","@id":"https:\/\/jackpotlotteryonline.com\/et\/winning-numbers\/new-york-lottery\/#breadcrumb","itemListElement":[{"@type":"ListItem","position":1,"name":"Home","item":"https:\/\/jackpotlotteryonline.com\/et\/"},{"@type":"ListItem","position":2,"name":"Loterii tulemused","item":"https:\/\/jackpotlotteryonline.com\/winning-numbers\/"},{"@type":"ListItem","position":3,"name":"New York loterii tulemused"}]},{"@type":"WebSite","@id":"https:\/\/jackpotlotteryonline.com\/#website","url":"https:\/\/jackpotlotteryonline.com\/","name":"Lotto Online - Crack The International Lottery Jackpots","description":"","potentialAction":[{"@type":"SearchAction","target":{"@type":"EntryPoint","urlTemplate":"https:\/\/jackpotlotteryonline.com\/?s={search_term_string}"},"query-input":"required name=search_term_string"}],"inLanguage":"et"}]}},"_links":{"self":[{"href":"https:\/\/jackpotlotteryonline.com\/et\/wp-json\/wp\/v2\/pages\/41354","targetHints":{"allow":["GET"]}}],"collection":[{"href":"https:\/\/jackpotlotteryonline.com\/et\/wp-json\/wp\/v2\/pages"}],"about":[{"href":"https:\/\/jackpotlotteryonline.com\/et\/wp-json\/wp\/v2\/types\/page"}],"author":[{"embeddable":true,"href":"https:\/\/jackpotlotteryonline.com\/et\/wp-json\/wp\/v2\/users\/1"}],"replies":[{"embeddable":true,"href":"https:\/\/jackpotlotteryonline.com\/et\/wp-json\/wp\/v2\/comments?post=41354"}],"version-history":[{"count":0,"href":"https:\/\/jackpotlotteryonline.com\/et\/wp-json\/wp\/v2\/pages\/41354\/revisions"}],"up":[{"embeddable":true,"href":"https:\/\/jackpotlotteryonline.com\/et\/wp-json\/wp\/v2\/pages\/35822"}],"wp:attachment":[{"href":"https:\/\/jackpotlotteryonline.com\/et\/wp-json\/wp\/v2\/media?parent=41354"}],"curies":[{"name":"wp","href":"https:\/\/api.w.org\/{rel}","templated":true}]}}