{"id":41408,"date":"2022-12-09T09:47:35","date_gmt":"2022-12-09T09:47:35","guid":{"rendered":"https:\/\/jackpotlotteryonline.com\/?page_id=41408"},"modified":"2022-12-30T11:43:09","modified_gmt":"2022-12-30T11:43:09","slug":"oz-lotto","status":"publish","type":"page","link":"https:\/\/jackpotlotteryonline.com\/et\/winning-numbers\/oz-lotto\/","title":{"rendered":"Oz Lotto tulemused"},"content":{"rendered":"<h2>Oz Lotto loosimise tulemused Teave<\/h2>\n<p><img loading=\"lazy\" decoding=\"async\" class=\"alignright size-full wp-image-26942\" src=\"http:\/\/jackpotlotteryonline.com\/wp-content\/uploads\/2022\/11\/1_euromillions_results.jpg\" alt=\"oz loto loosimise tulemused\" width=\"300\" height=\"200\" \/>Kas olete huvitatud Oz Lotto loosimise tulemustest v\u00f5i sellest, mis juhtub p\u00e4rast seda, kui keegi on v\u00f5itnud? Noh, see artikkel juhatab teid, kuidas nendele k\u00fcsimustele vastata.<\/p>\n<p>See Austraalia loto loositakse igal teisip\u00e4eval ja laup\u00e4eval kell 19:30 AEST, nii et p\u00e4rast numbrite valimist v\u00f5ite istuda ja oodata loosimist. Loosimised toimuvad Sydneys arvutip\u00f5hise numbrigeneraatori abil.<\/p>\n<p>Oz Lotto on \u00fcsna tasuv m\u00e4ng, millel on seitse auhinnaloosi, kus kui 1. jaotust (jackpot) ei v\u00f5ida, saab v\u00f5ita teisi auhindu, kui m\u00e4ngija tabab viis v\u00f5i neli numbrit. Lisaks sellele antakse k\u00fcmme auhinda suurusega 2 miljonit dollarit iga\u00fchele, kui \u00fckski m\u00e4ngija ei suuda tabada k\u00f5iki seitset loositud numbrit.<\/p>\n<p>Samuti avaldatakse loterii loosimise tulemused n\u00e4dal p\u00e4rast loosimist Viktoriaania valitsuse veebisaidil. Loosimise aeg on privaatne, et kaitsta osalejate eraelu puutumatust.<\/p>\n<h2>Kuidas saab Austraalia Oz Lotto v\u00f5ita?<\/h2>\n<p>Selleks, et v\u00f5ita Oz Lotto mis tahes auhindu, peaksite teadma j\u00e4rgmist:<\/p>\n<ol>\n<li><a href=\"https:\/\/jackpotlotteryonline.com\/et\/kuidas-mangida\/oz-lotto\">Oz Lotto m\u00e4ngimiseks<\/a> peab m\u00e4ngija t\u00f5mbama 47 numbri hulgast v\u00e4lja k\u00fcmme numbrit.<\/li>\n<li>Esimesed seitse loositud numbrit loetakse jackpot-v\u00f5idu v\u00f5itnud numbriteks.<\/li>\n<li>\u00dclej\u00e4\u00e4nud kolm loositud numbrit on lisanumbrid, mida kasutatakse teiste jaotuste auhindade kindlaksm\u00e4\u00e4ramiseks.<\/li>\n<li>Mida rohkem kokkulangevaid numbreid on m\u00e4ngijal, seda suurem on auhind.<\/li>\n<li>Oz Lotto m\u00e4ngus osalemine on \u00f5nnem\u00e4ng; te v\u00f5ite kas v\u00f5ita v\u00f5i kaotada.<\/li>\n<\/ol>\n<h2>Kuidas ma saan kontrollida, kas ma olen konkreetses loosimises v\u00f5itnud?<\/h2>\n<p><img loading=\"lazy\" decoding=\"async\" class=\"alignright size-full wp-image-26159\" src=\"http:\/\/jackpotlotteryonline.com\/wp-content\/uploads\/2022\/11\/1_buy_lottery_online.jpg\" alt=\"oz loto loosimise tulemused\" width=\"212\" height=\"142\" \/>Kui <a href=\"https:\/\/jackpotlotteryonline.com\/et\/kuidas-osta-loteriipileteid-internetis\/oz-lotto\">olete meilt pileti ostnud<\/a>, kontrollige lahkesti meie veebisaidil loosimise tulemusi. K\u00f5ige lihtsam viis teada saada, kas olete v\u00f5itnud, on logida sisse oma m\u00e4ngijakontole meie veebisaidil. Seej\u00e4rel minge rubriiki &#8220;minu piletid&#8221; ja n\u00e4ete oma pileti skaneeringut koos numbritega, millega m\u00e4ngisite. P\u00e4rast loosimist on k\u00f5ik sobivad numbrid esile t\u00f5stetud.<\/p>\n<p>Teine v\u00f5imalus teada saada, kas olete v\u00f5itnud, on kontrollida oma e-posti aadressi. Kohe p\u00e4rast loosimist saadetakse teile e-kiri, mis teavitab teid sellest. Kasutage seda teavet, et teada saada, kas olete selles loosimises v\u00f5itnud.<\/p>\n<p>Samuti v\u00f5ite k\u00fclastada Austraalia Oz Lotto ametlikku veebisaiti, et saada rohkem teavet varasemate tulemuste ja loteriiga seotud \u00fcldise teabe kohta.<\/p>\n<h2>Kuidas parandada oma v\u00f5iduv\u00f5imalusi<\/h2>\n<p>Et suurendada oma v\u00f5imalusi jackpoti saamiseks, v\u00f5ite osaleda mitmes loosimises, ostes pileteid j\u00e4rjestikuste loosimiste jaoks. See v\u00f5imaldab m\u00e4ngida sama valikut paar n\u00e4dalat. Noh, sellisel viisil m\u00e4ngimine suurendab teie tellimuste maksumust, kuid see v\u00f5imaldab teil m\u00e4ngida rohkemates loosimistes.<\/p>\n<section class=\"layout\" style=\"border: solid 1px; width: 100%;\">\n<div class=\"img-div\" style=\"margin-top: 5px;\"><img decoding=\"async\" class=\"wp-image-17212 alignleft\" style=\"height: 45px; margin: 8px 8px 0px;\" src=\"http:\/\/jackpotlotteryonline.com\/wp-content\/uploads\/2022\/11\/read1.jpg\" alt=\"loe\" width=\"\" height=\"\" \/><\/div>\n<div style=\"padding-left: 5px;\">\n<div style=\"font-size: 1.1em;\">\n<p><strong>Valige v\u00f5itnud loto numbrid k\u00e4sitsi v\u00f5i kasutades RNG-d.<\/strong><\/p>\n<p style=\"font-size: 0.85em; margin-top: -1.5em;\">Kuidas genereerida v\u00f5itnud loto numbreid?\u00a0<a href=\"https:\/\/jackpotlotteryonline.com\/et\/kuidas-genereerida-voitnud-loto-numbrid\"> loe edasi<\/a><\/p>\n<\/div>\n<\/div>\n<\/section>\n<h2>Kuidas ma saan oma auhinna k\u00e4tte?<\/h2>\n<p>Mis tahes auhinna v\u00f5itmise korral v\u00f5tke arvesse j\u00e4rgmist:<\/p>\n<ul>\n<li>Alla 2500 euro suurused v\u00f5idud kantakse automaatselt teie m\u00e4ngijakontole. V\u00f5id auhinnaraha v\u00e4lja v\u00f5tta v\u00f5i j\u00e4tkata uute piletite ostmist.<\/li>\n<li>\u00dcle 2500 euro suuruste v\u00f5itude puhul makstakse auhind otse loteriikomisjonilt ning saate selle kas panga\u00fclekande v\u00f5i t\u0161eki teel k\u00e4tte.<\/li>\n<\/ul>\n<p>Kindlasti ei tohi loosimisest ilma j\u00e4\u00e4da. Selleks, et kindlasti ei j\u00e4\u00e4ks teabest ilma, soovitame m\u00e4ngijatel kanda jackpotlotteryonline.com-i kui usaldusv\u00e4\u00e4rset e-posti teenusepakkujat valges nimekirjas.<\/p>\n<p><strong>L\u00f5petuseks&#8230;<\/strong><\/p>\n<p>Oz Lotto on olnud \u00fcks populaarsemaid loteriim\u00e4nge Austraalias alates 1994. aastast. Paljud inimesed on selle tulemusena \u00fcle\u00f6\u00f6 saanud miljon\u00e4rideks. Mis siis paneb teid mitte m\u00e4ngima? Osalege selles Austraalia loteriis ja teil on v\u00f5imalus v\u00f5ita \u00fcks paljudest auhindadest, kui mitte jackpot.<\/p>\n<p><strong>Registreeru juba t\u00e4na, et v\u00f5ita!<\/strong><\/p>\n","protected":false},"excerpt":{"rendered":"<p>Oz Lotto loosimise tulemused Teave Kas olete huvitatud Oz Lotto loosimise tulemustest v\u00f5i sellest, mis juhtub p\u00e4rast seda, kui keegi on v\u00f5itnud? Noh, see artikkel juhatab teid, kuidas nendele k\u00fcsimustele vastata. See Austraalia loto loositakse igal teisip\u00e4eval ja laup\u00e4eval kell 19:30 AEST, nii et p\u00e4rast numbrite valimist v\u00f5ite istuda ja oodata loosimist. Loosimised toimuvad Sydneys [&hellip;]<\/p>\n","protected":false},"author":1,"featured_media":0,"parent":35822,"menu_order":16,"comment_status":"closed","ping_status":"closed","template":"","meta":{"_et_pb_use_builder":"","_et_pb_old_content":"","_et_gb_content_width":"","exclude_from_search":false,"footnotes":""},"class_list":["post-41408","page","type-page","status-publish","hentry"],"yoast_head":"<!-- This site is optimized with the Yoast SEO plugin v23.3 - https:\/\/yoast.com\/wordpress\/plugins\/seo\/ -->\n<title>Oz Lotto v\u00f5idunumbrid ja loosimise tulemus<\/title>\n<meta name=\"description\" content=\"Vaata Austraalia Oz Lotto v\u00f5idunumbreid ja varasemaid tulemusi meie loosimise tulemuste lehel. Veenduge, et te ei j\u00e4\u00e4ks vahele!\" \/>\n<meta name=\"robots\" content=\"index, follow, max-snippet:-1, max-image-preview:large, max-video-preview:-1\" \/>\n<link rel=\"canonical\" href=\"https:\/\/jackpotlotteryonline.com\/et\/winning-numbers\/oz-lotto\/\" \/>\n<meta property=\"og:locale\" content=\"et_EE\" \/>\n<meta property=\"og:type\" content=\"article\" \/>\n<meta property=\"og:title\" content=\"Oz Lotto v\u00f5idunumbrid ja loosimise tulemus\" \/>\n<meta property=\"og:description\" content=\"Vaata Austraalia Oz Lotto v\u00f5idunumbreid ja varasemaid tulemusi meie loosimise tulemuste lehel. Veenduge, et te ei j\u00e4\u00e4ks vahele!\" \/>\n<meta property=\"og:url\" content=\"https:\/\/jackpotlotteryonline.com\/et\/winning-numbers\/oz-lotto\/\" \/>\n<meta property=\"og:site_name\" content=\"Lotto Online - Crack The International Lottery Jackpots\" \/>\n<meta property=\"article:modified_time\" content=\"2022-12-30T11:43:09+00:00\" \/>\n<meta property=\"og:image\" content=\"http:\/\/jackpotlotteryonline.com\/wp-content\/uploads\/2022\/11\/1_euromillions_results.jpg\" \/>\n<meta name=\"twitter:card\" content=\"summary_large_image\" \/>\n<meta name=\"twitter:label1\" content=\"Est. reading time\" \/>\n\t<meta name=\"twitter:data1\" content=\"3 minutit\" \/>\n<!-- \/ Yoast SEO plugin. -->","yoast_head_json":{"title":"Oz Lotto v\u00f5idunumbrid ja loosimise tulemus","description":"Vaata Austraalia Oz Lotto v\u00f5idunumbreid ja varasemaid tulemusi meie loosimise tulemuste lehel. Veenduge, et te ei j\u00e4\u00e4ks vahele!","robots":{"index":"index","follow":"follow","max-snippet":"max-snippet:-1","max-image-preview":"max-image-preview:large","max-video-preview":"max-video-preview:-1"},"canonical":"https:\/\/jackpotlotteryonline.com\/et\/winning-numbers\/oz-lotto\/","og_locale":"et_EE","og_type":"article","og_title":"Oz Lotto v\u00f5idunumbrid ja loosimise tulemus","og_description":"Vaata Austraalia Oz Lotto v\u00f5idunumbreid ja varasemaid tulemusi meie loosimise tulemuste lehel. Veenduge, et te ei j\u00e4\u00e4ks vahele!","og_url":"https:\/\/jackpotlotteryonline.com\/et\/winning-numbers\/oz-lotto\/","og_site_name":"Lotto Online - Crack The International Lottery Jackpots","article_modified_time":"2022-12-30T11:43:09+00:00","og_image":[{"url":"http:\/\/jackpotlotteryonline.com\/wp-content\/uploads\/2022\/11\/1_euromillions_results.jpg"}],"twitter_card":"summary_large_image","twitter_misc":{"Est. reading time":"3 minutit"},"schema":{"@context":"https:\/\/schema.org","@graph":[{"@type":"WebPage","@id":"https:\/\/jackpotlotteryonline.com\/et\/winning-numbers\/oz-lotto\/","url":"https:\/\/jackpotlotteryonline.com\/et\/winning-numbers\/oz-lotto\/","name":"Oz Lotto v\u00f5idunumbrid ja loosimise tulemus","isPartOf":{"@id":"https:\/\/jackpotlotteryonline.com\/#website"},"primaryImageOfPage":{"@id":"https:\/\/jackpotlotteryonline.com\/et\/winning-numbers\/oz-lotto\/#primaryimage"},"image":{"@id":"https:\/\/jackpotlotteryonline.com\/et\/winning-numbers\/oz-lotto\/#primaryimage"},"thumbnailUrl":"http:\/\/jackpotlotteryonline.com\/wp-content\/uploads\/2022\/11\/1_euromillions_results.jpg","datePublished":"2022-12-09T09:47:35+00:00","dateModified":"2022-12-30T11:43:09+00:00","description":"Vaata Austraalia Oz Lotto v\u00f5idunumbreid ja varasemaid tulemusi meie loosimise tulemuste lehel. Veenduge, et te ei j\u00e4\u00e4ks vahele!","breadcrumb":{"@id":"https:\/\/jackpotlotteryonline.com\/et\/winning-numbers\/oz-lotto\/#breadcrumb"},"inLanguage":"et","potentialAction":[{"@type":"ReadAction","target":["https:\/\/jackpotlotteryonline.com\/et\/winning-numbers\/oz-lotto\/"]}]},{"@type":"ImageObject","inLanguage":"et","@id":"https:\/\/jackpotlotteryonline.com\/et\/winning-numbers\/oz-lotto\/#primaryimage","url":"http:\/\/jackpotlotteryonline.com\/wp-content\/uploads\/2022\/11\/1_euromillions_results.jpg","contentUrl":"http:\/\/jackpotlotteryonline.com\/wp-content\/uploads\/2022\/11\/1_euromillions_results.jpg"},{"@type":"BreadcrumbList","@id":"https:\/\/jackpotlotteryonline.com\/et\/winning-numbers\/oz-lotto\/#breadcrumb","itemListElement":[{"@type":"ListItem","position":1,"name":"Home","item":"https:\/\/jackpotlotteryonline.com\/et\/"},{"@type":"ListItem","position":2,"name":"Loterii tulemused","item":"https:\/\/jackpotlotteryonline.com\/winning-numbers\/"},{"@type":"ListItem","position":3,"name":"Oz Lotto tulemused"}]},{"@type":"WebSite","@id":"https:\/\/jackpotlotteryonline.com\/#website","url":"https:\/\/jackpotlotteryonline.com\/","name":"Lotto Online - Crack The International Lottery Jackpots","description":"","potentialAction":[{"@type":"SearchAction","target":{"@type":"EntryPoint","urlTemplate":"https:\/\/jackpotlotteryonline.com\/?s={search_term_string}"},"query-input":"required name=search_term_string"}],"inLanguage":"et"}]}},"_links":{"self":[{"href":"https:\/\/jackpotlotteryonline.com\/et\/wp-json\/wp\/v2\/pages\/41408","targetHints":{"allow":["GET"]}}],"collection":[{"href":"https:\/\/jackpotlotteryonline.com\/et\/wp-json\/wp\/v2\/pages"}],"about":[{"href":"https:\/\/jackpotlotteryonline.com\/et\/wp-json\/wp\/v2\/types\/page"}],"author":[{"embeddable":true,"href":"https:\/\/jackpotlotteryonline.com\/et\/wp-json\/wp\/v2\/users\/1"}],"replies":[{"embeddable":true,"href":"https:\/\/jackpotlotteryonline.com\/et\/wp-json\/wp\/v2\/comments?post=41408"}],"version-history":[{"count":0,"href":"https:\/\/jackpotlotteryonline.com\/et\/wp-json\/wp\/v2\/pages\/41408\/revisions"}],"up":[{"embeddable":true,"href":"https:\/\/jackpotlotteryonline.com\/et\/wp-json\/wp\/v2\/pages\/35822"}],"wp:attachment":[{"href":"https:\/\/jackpotlotteryonline.com\/et\/wp-json\/wp\/v2\/media?parent=41408"}],"curies":[{"name":"wp","href":"https:\/\/api.w.org\/{rel}","templated":true}]}}