{"id":41460,"date":"2022-12-09T12:08:41","date_gmt":"2022-12-09T12:08:41","guid":{"rendered":"https:\/\/jackpotlotteryonline.com\/?page_id=41460"},"modified":"2022-12-30T13:18:10","modified_gmt":"2022-12-30T13:18:10","slug":"powerball-australia","status":"publish","type":"page","link":"https:\/\/jackpotlotteryonline.com\/et\/winning-numbers\/powerball-australia\/","title":{"rendered":"Powerball Austraalia loosimise tulemused"},"content":{"rendered":"<p><a href=\"https:\/\/jackpotlotteryonline.com\/et\/kuidas-mangida\/powerball-australia\">Austraalia Powerballi m\u00e4ngimine<\/a> on lihtne, kui ostad piletid internetis. Nii saad Powerballile ligip\u00e4\u00e4su \u00fcksk\u00f5ik millisest maailma paigast. Kuid pileti ostmine on ainult osa Powerballi m\u00e4ngimisest. Sa pead ka kontrollima loosimise tulemusi, et leida v\u00f5idunumbrid. Nii saate teada, kas olete loteriiv\u00f5idu v\u00f5itnud v\u00f5i mitte. Siinkohal anname n\u00f5uandeid ja teavet selle kohta, kuidas kontrollida loosimise tulemusi ja p\u00e4\u00e4seda ligi oma v\u00f5idule.<\/p>\n<h2>Kuidas kontrollida Powerball Austraalia v\u00f5idunumbreid<\/h2>\n<p>Powerballi m\u00e4ngimiseks tuleb valida 7 numbrit vahemikus 1 kuni 35, millele lisandub Powerballi number vahemikus 1 kuni 20. Loosimise ajal loositakse juhuslikult 8 numbrit. Kes vastab loositud numbritele, see on Powerballi v\u00f5idupilet.<\/p>\n<p>V\u00f5ib-olla ei ole teil v\u00f5imalik Powerballi otse\u00fclekannet telerist vaadata. Kuid te v\u00f5ite kontrollida Powerballi v\u00f5idunumbreid veebiuudiste saitidelt. Need saidid avaldavad aga enamasti ainult kombinatsiooni, mis v\u00f5idab jackpoti. Ja Powerballil on mitu muud auhinnaklassi.<\/p>\n<p>Seega, et teada saada Powerballi v\u00f5idunumbreid k\u00f5igi auhinnatasandite kohta, v\u00f5ite p\u00e4rast iga loosimist tagasi tulla siia. Meie avaldame Powerballi v\u00f5idunumbrid oma saidil. Samuti, kui ostsite Powerballi pileti meilt, teavitame teid, kui teil on m\u00f5ni v\u00f5idunumber. Saadame teile e-kirja ja paneme teate teie kontole. Nii ei pea te kartma, et j\u00e4\u00e4te oma v\u00f5itudest ilma.<\/p>\n<h2>Milline on Powerballi v\u00f5idu t\u00f5en\u00e4osus?<\/h2>\n<p><img loading=\"lazy\" decoding=\"async\" class=\"alignright size-full wp-image-31181\" src=\"http:\/\/jackpotlotteryonline.com\/wp-content\/uploads\/2022\/11\/logo_powerball-300x50-1.jpg\" alt=\"v\u00f5ita Powerball\" width=\"300\" height=\"50\" \/>Loterii v\u00f5itmine ei ole lihtne asi. Enamik inimesi \u00fctleks, et t\u00f5en\u00e4osus on uskumatult suur. Ometi kuuleme inimestest, kes on v\u00f5itnud elu muutvaid summasid. Eriti Powerball Austraalias on pikk nimekiri lotov\u00f5itjatest ja see on ilmselt tingitud t\u00f5en\u00e4osusest.<\/p>\n<p>Powerballi loteriiv\u00f5idu t\u00f5en\u00e4osus on 1:70 miljonit. See t\u00e4hendab, et s\u00f5na otseses m\u00f5ttes v\u00f5ib iga\u00fcks v\u00f5ita Powerballi loteriis.<\/p>\n<p>Peale selle on Powerballil kokku 9 auhinnakategooriat, mis suurendab veelgi selle loterii v\u00f5itmise v\u00f5imalusi.<\/p>\n<h2>Powerballi auhinnad<\/h2>\n<p>Powerballi jackpot on tavaliselt keskmiselt 8 miljonit Austraalia dollarit. Kuid on ka mitmeid teisi auhindu, mida v\u00f5ite v\u00f5ita, kui teil on Powerball Austraalia v\u00f5idunumbrid.<\/p>\n<p>Siin on auhinnakategooriad ja v\u00e4ljamaksed \u00fches Powerballi loosimises. Pange t\u00e4hele, et v\u00e4ljamakse ei ole igal loosimisel sama, sest auhinnad s\u00f5ltuvad loteriipotist. Kuid see on lihtsalt selleks, et anda teile aimu, mida te v\u00f5ite oodata, kui teil on Powerballi v\u00f5idunumbrid.<\/p>\n<p>Jaotis 1: 7 + Powerball &#8211; 8 000 000,00 $ (jackpot)<\/p>\n<p>2. divisjon: ainult m\u00e4ngu 7 &#8211; 95 726,15 $.<\/p>\n<p>3. divisjon: 6 + Powerball &#8211; 5,661.20 $<\/p>\n<p>Diviis 4: ainult 6. m\u00e4ng &#8211; 501,70 $.<\/p>\n<p>Diviis 5: m\u00e4ng 5 + Powerball &#8211; 166,75 $.<\/p>\n<p>Diviis 6: ainult 5. mat\u0161 &#8211; 73,10 $<\/p>\n<p>Diviis 7: 4. m\u00e4ngu + Powerball &#8211; 41,60 $<\/p>\n<p>Diviis 8: 3. mat\u0161 + Powerball &#8211; 18,05 $<\/p>\n<p>Diviis 9: 2. m\u00e4ngu + Powerball &#8211; 10,95 $.<\/p>\n<h2>Mida teha, kui teil on v\u00f5idunumbrid<\/h2>\n<p>Kui te vaatate loosimise tulemusi ja n\u00e4ete, et teil on Powerballi v\u00f5idunumbrid, on j\u00e4rgmine samm, kuidas oma v\u00f5itu k\u00e4tte saada. N\u00e4hes, et m\u00e4ngid Powerballi v\u00e4ljaspool Oz&#8217;i, otsid t\u00f5en\u00e4oliselt mugavat viisi, kuidas raha v\u00e4lja v\u00f5tta.<\/p>\n<p>Kui <a href=\"https:\/\/jackpotlotteryonline.com\/et\/kuidas-osta-loteriipileteid-internetis\/powerball-australia\">ostate meilt Powerballi pileti<\/a>, saate oma v\u00f5itudele ligi ka k\u00f5ikjalt. Teatud summast v\u00e4iksema v\u00f5idu puhul piisab sellest, kui v\u00f5tate oma v\u00f5idud meie platvormilt v\u00e4lja. V\u00f5ite selle otse oma pangakontole v\u00e4lja v\u00f5tta.<\/p>\n<p>Kui teie v\u00f5it on suurem kui m\u00e4rgitud summa, pakume teile n\u00f5udeavalduse vormi, mille saate t\u00e4ita. Nii saate oma v\u00f5idud otse Powerball loteriifirmalt n\u00f5uda ilma igasuguse vaevata.<\/p>\n<section class=\"layout\" style=\"border: solid 1px; width: 100%;\">\n<div class=\"img-div\" style=\"margin-top: 5px;\"><img decoding=\"async\" class=\"wp-image-17212 alignleft\" style=\"height: 45px; margin: 8px 8px 0px;\" src=\"http:\/\/jackpotlotteryonline.com\/wp-content\/uploads\/2022\/11\/read1.jpg\" alt=\"loe\" width=\"\" height=\"\" \/><\/div>\n<div style=\"padding-left: 5px;\">\n<div style=\"font-size: 1.1em;\">\n<p><strong>Millise auto ostaksid sa, kui v\u00f5idaksid loteriis?<\/strong><\/p>\n<p style=\"font-size: 0.85em; margin-top: -1.5em;\">V\u00f5ida loteriis ja saada uus auto\u00a0 <a href=\"https:\/\/jackpotlotteryonline.com\/et\/millise-auto-te-ostaksite-kui-te-voidaksite-loteriis\">loe edasi<\/a><\/p>\n<\/div>\n<\/div>\n<\/section>\n<h2>Powerballi m\u00e4ngimise eelised Jackpotlotteryonline.com-iga<\/h2>\n<ul>\n<li>Saate kiire ja kohese juurdep\u00e4\u00e4su loteriile. Sa ei pea Powerballi m\u00e4ngimiseks elama Austraalias<\/li>\n<li>See on super mugav, kuna te ei pea lahkuma oma kodu mugavusest. Kontrollige oma v\u00f5idunumbreid arvutist v\u00f5i mobiilseadmest.<\/li>\n<li>See on ka turvalisem, sest teie pilet on salvestatud digitaalselt. See on oluline, sest see on ainus viis oma v\u00f5idu k\u00e4ttesaamiseks.<\/li>\n<li>Pole vaja oma v\u00f5idu vahele j\u00e4tta, sest me teavitame sind kohe, kui sa v\u00f5idad m\u00f5ne auhinna<\/li>\n<li>Saate h\u00f5lpsasti iga v\u00f5idu v\u00e4lja v\u00f5tta internetis, ilma et peaksite kuhugi minema<\/li>\n<\/ul>\n<h2>Kontrollige oma v\u00f5idunumbreid koos meiega<\/h2>\n<p>Oleme aja jooksul p\u00fchendanud palju ressursse ja j\u00f5upingutusi, et tagada meie m\u00e4ngijatele parim kogemus. Me mitte ainult ei tee teile piletite ostmist rahvusvahelistele tipplotodele lihtsaks, vaid l\u00e4heme mitu sammu kaugemale. Me teeme seda, pakkudes ajakohaseid loosimise tulemusi, nii et saate h\u00f5lpsasti kontrollida v\u00f5idunumbreid.<\/p>\n<p>L\u00f5puks ei pea te muretsema selle p\u00e4rast, kuidas p\u00e4\u00e4sete oma v\u00f5itudele ligi, kui olete v\u00f5itnud auhinna. Me oleme k\u00f5igele m\u00f5elnud, et te saaksite keskenduda sellele, mis on oluline. Registreeru meiega juba t\u00e4na.<\/p>\n","protected":false},"excerpt":{"rendered":"<p>Austraalia Powerballi m\u00e4ngimine on lihtne, kui ostad piletid internetis. Nii saad Powerballile ligip\u00e4\u00e4su \u00fcksk\u00f5ik millisest maailma paigast. Kuid pileti ostmine on ainult osa Powerballi m\u00e4ngimisest. Sa pead ka kontrollima loosimise tulemusi, et leida v\u00f5idunumbrid. Nii saate teada, kas olete loteriiv\u00f5idu v\u00f5itnud v\u00f5i mitte. Siinkohal anname n\u00f5uandeid ja teavet selle kohta, kuidas kontrollida loosimise tulemusi ja [&hellip;]<\/p>\n","protected":false},"author":1,"featured_media":0,"parent":35822,"menu_order":17,"comment_status":"closed","ping_status":"closed","template":"powerball-au-results.php","meta":{"_et_pb_use_builder":"","_et_pb_old_content":"","_et_gb_content_width":"","exclude_from_search":false,"footnotes":""},"class_list":["post-41460","page","type-page","status-publish","hentry"],"yoast_head":"<!-- This site is optimized with the Yoast SEO plugin v23.3 - https:\/\/yoast.com\/wordpress\/plugins\/seo\/ -->\n<title>Powerball Austraalia v\u00f5idunumbrid ja loosimise tulemused<\/title>\n<meta name=\"description\" content=\"Otsid Powerball Austraalia v\u00f5idunumbreid? Siit leiate Austraalia loteriide loosimistulemused\" \/>\n<meta name=\"robots\" content=\"index, follow, max-snippet:-1, max-image-preview:large, max-video-preview:-1\" \/>\n<link rel=\"canonical\" href=\"https:\/\/jackpotlotteryonline.com\/et\/winning-numbers\/powerball-australia\/\" \/>\n<meta property=\"og:locale\" content=\"et_EE\" \/>\n<meta property=\"og:type\" content=\"article\" \/>\n<meta property=\"og:title\" content=\"Powerball Austraalia v\u00f5idunumbrid ja loosimise tulemused\" \/>\n<meta property=\"og:description\" content=\"Otsid Powerball Austraalia v\u00f5idunumbreid? Siit leiate Austraalia loteriide loosimistulemused\" \/>\n<meta property=\"og:url\" content=\"https:\/\/jackpotlotteryonline.com\/et\/winning-numbers\/powerball-australia\/\" \/>\n<meta property=\"og:site_name\" content=\"Lotto Online - Crack The International Lottery Jackpots\" \/>\n<meta property=\"article:modified_time\" content=\"2022-12-30T13:18:10+00:00\" \/>\n<meta property=\"og:image\" content=\"http:\/\/jackpotlotteryonline.com\/wp-content\/uploads\/2022\/11\/logo_powerball-300x50-1.jpg\" \/>\n<meta name=\"twitter:card\" content=\"summary_large_image\" \/>\n<meta name=\"twitter:label1\" content=\"Est. reading time\" \/>\n\t<meta name=\"twitter:data1\" content=\"4 minutit\" \/>\n<!-- \/ Yoast SEO plugin. -->","yoast_head_json":{"title":"Powerball Austraalia v\u00f5idunumbrid ja loosimise tulemused","description":"Otsid Powerball Austraalia v\u00f5idunumbreid? Siit leiate Austraalia loteriide loosimistulemused","robots":{"index":"index","follow":"follow","max-snippet":"max-snippet:-1","max-image-preview":"max-image-preview:large","max-video-preview":"max-video-preview:-1"},"canonical":"https:\/\/jackpotlotteryonline.com\/et\/winning-numbers\/powerball-australia\/","og_locale":"et_EE","og_type":"article","og_title":"Powerball Austraalia v\u00f5idunumbrid ja loosimise tulemused","og_description":"Otsid Powerball Austraalia v\u00f5idunumbreid? Siit leiate Austraalia loteriide loosimistulemused","og_url":"https:\/\/jackpotlotteryonline.com\/et\/winning-numbers\/powerball-australia\/","og_site_name":"Lotto Online - Crack The International Lottery Jackpots","article_modified_time":"2022-12-30T13:18:10+00:00","og_image":[{"url":"http:\/\/jackpotlotteryonline.com\/wp-content\/uploads\/2022\/11\/logo_powerball-300x50-1.jpg"}],"twitter_card":"summary_large_image","twitter_misc":{"Est. reading time":"4 minutit"},"schema":{"@context":"https:\/\/schema.org","@graph":[{"@type":"WebPage","@id":"https:\/\/jackpotlotteryonline.com\/et\/winning-numbers\/powerball-australia\/","url":"https:\/\/jackpotlotteryonline.com\/et\/winning-numbers\/powerball-australia\/","name":"Powerball Austraalia v\u00f5idunumbrid ja loosimise tulemused","isPartOf":{"@id":"https:\/\/jackpotlotteryonline.com\/#website"},"primaryImageOfPage":{"@id":"https:\/\/jackpotlotteryonline.com\/et\/winning-numbers\/powerball-australia\/#primaryimage"},"image":{"@id":"https:\/\/jackpotlotteryonline.com\/et\/winning-numbers\/powerball-australia\/#primaryimage"},"thumbnailUrl":"http:\/\/jackpotlotteryonline.com\/wp-content\/uploads\/2022\/11\/logo_powerball-300x50-1.jpg","datePublished":"2022-12-09T12:08:41+00:00","dateModified":"2022-12-30T13:18:10+00:00","description":"Otsid Powerball Austraalia v\u00f5idunumbreid? Siit leiate Austraalia loteriide loosimistulemused","breadcrumb":{"@id":"https:\/\/jackpotlotteryonline.com\/et\/winning-numbers\/powerball-australia\/#breadcrumb"},"inLanguage":"et","potentialAction":[{"@type":"ReadAction","target":["https:\/\/jackpotlotteryonline.com\/et\/winning-numbers\/powerball-australia\/"]}]},{"@type":"ImageObject","inLanguage":"et","@id":"https:\/\/jackpotlotteryonline.com\/et\/winning-numbers\/powerball-australia\/#primaryimage","url":"http:\/\/jackpotlotteryonline.com\/wp-content\/uploads\/2022\/11\/logo_powerball-300x50-1.jpg","contentUrl":"http:\/\/jackpotlotteryonline.com\/wp-content\/uploads\/2022\/11\/logo_powerball-300x50-1.jpg"},{"@type":"BreadcrumbList","@id":"https:\/\/jackpotlotteryonline.com\/et\/winning-numbers\/powerball-australia\/#breadcrumb","itemListElement":[{"@type":"ListItem","position":1,"name":"Home","item":"https:\/\/jackpotlotteryonline.com\/et\/"},{"@type":"ListItem","position":2,"name":"Loterii tulemused","item":"https:\/\/jackpotlotteryonline.com\/winning-numbers\/"},{"@type":"ListItem","position":3,"name":"Powerball Austraalia loosimise tulemused"}]},{"@type":"WebSite","@id":"https:\/\/jackpotlotteryonline.com\/#website","url":"https:\/\/jackpotlotteryonline.com\/","name":"Lotto Online - Crack The International Lottery Jackpots","description":"","potentialAction":[{"@type":"SearchAction","target":{"@type":"EntryPoint","urlTemplate":"https:\/\/jackpotlotteryonline.com\/?s={search_term_string}"},"query-input":"required name=search_term_string"}],"inLanguage":"et"}]}},"_links":{"self":[{"href":"https:\/\/jackpotlotteryonline.com\/et\/wp-json\/wp\/v2\/pages\/41460","targetHints":{"allow":["GET"]}}],"collection":[{"href":"https:\/\/jackpotlotteryonline.com\/et\/wp-json\/wp\/v2\/pages"}],"about":[{"href":"https:\/\/jackpotlotteryonline.com\/et\/wp-json\/wp\/v2\/types\/page"}],"author":[{"embeddable":true,"href":"https:\/\/jackpotlotteryonline.com\/et\/wp-json\/wp\/v2\/users\/1"}],"replies":[{"embeddable":true,"href":"https:\/\/jackpotlotteryonline.com\/et\/wp-json\/wp\/v2\/comments?post=41460"}],"version-history":[{"count":0,"href":"https:\/\/jackpotlotteryonline.com\/et\/wp-json\/wp\/v2\/pages\/41460\/revisions"}],"up":[{"embeddable":true,"href":"https:\/\/jackpotlotteryonline.com\/et\/wp-json\/wp\/v2\/pages\/35822"}],"wp:attachment":[{"href":"https:\/\/jackpotlotteryonline.com\/et\/wp-json\/wp\/v2\/media?parent=41460"}],"curies":[{"name":"wp","href":"https:\/\/api.w.org\/{rel}","templated":true}]}}