{"id":41513,"date":"2022-12-09T13:46:03","date_gmt":"2022-12-09T13:46:03","guid":{"rendered":"https:\/\/jackpotlotteryonline.com\/?page_id=41513"},"modified":"2022-12-29T18:37:19","modified_gmt":"2022-12-29T18:37:19","slug":"lotto-america","status":"publish","type":"page","link":"https:\/\/jackpotlotteryonline.com\/et\/winning-numbers\/lotto-america\/","title":{"rendered":"Lotto Ameerika loterii tulemused"},"content":{"rendered":"<p>Lotto America on USAs toimuv loteriim\u00e4ng, mis on andnud palju miljon\u00e4re. Loteriiv\u00f5idu t\u00f5en\u00e4osus on fantastiline, mis teeb selle m\u00e4ngu atraktiivseks loteriif\u00e4nnide jaoks. N\u00fc\u00fcd saavad m\u00e4ngijad \u00fcle kogu maailma <a href=\"https:\/\/jackpotlotteryonline.com\/et\/kuidas-osta-loteriipileteid-internetis\/lotto-america\">osta selle USA loterii pileteid internetis<\/a>. Mitte ainult seda, vaid nad saavad ka kontrollida v\u00f5idunumbreid, et teada saada, kas nad on loteriiv\u00f5idu v\u00f5itnud.<\/p>\n<p>Saate osta pileteid rahvusvahelistele tipplotodele jackpotlotteryonline.com ja kontrollida ka siin v\u00f5idunumbreid. Ja kui te m\u00f5tlete, kuidas p\u00e4\u00e4sete oma v\u00f5itudele internetis ligi, siis lugege edasi. Me jagame sinuga k\u00f5iki \u00fcksikasju ja kiiresti saab selgeks, et online m\u00e4ngimine on \u00f5ige tee.<\/p>\n<h2>Lotto America online m\u00e4ngimine<\/h2>\n<p><img loading=\"lazy\" decoding=\"async\" class=\"size-full wp-image-32081 alignright\" src=\"http:\/\/jackpotlotteryonline.com\/wp-content\/uploads\/2022\/11\/1_mega_lotto_win-213x300-1.jpg\" alt=\"M\u00e4ngi Lotto America online\" width=\"213\" height=\"300\" \/>Me mainisime, et seda <a href=\"https:\/\/jackpotlotteryonline.com\/et\/kuidas-mangida\/lotto-america-2\">loteriid saab m\u00e4ngida internetis<\/a> ja see ei ole oluline, kus sa elad. Tavaliselt m\u00fc\u00fcakse pileteid USAs, kuid neid saab osta ka siit aadressil jackpotlotteryonline.com.<\/p>\n<p>On ka teisi saite, mis m\u00fc\u00fcvad loteriipileteid, kuid need lasevad m\u00e4ngijatel panustada ainult loterii tulemusele. See t\u00e4hendab, et loteriipileti ostmine sellel saidil ei anna teile osalemist loteriis. Seega, isegi kui te tabate k\u00f5iki loositud numbreid, ei v\u00f5ida te jackpotit. Seega on kasutatava saidi valimine v\u00e4ga oluline.<\/p>\n<h2>Interneti-loterii m\u00e4ngimise sammud<\/h2>\n<p>Kui olete saidi kasuks otsustanud, j\u00e4rgige allj\u00e4rgnevaid samme:<\/p>\n<ol>\n<li>K\u00fclastage saiti, mida soovite kasutada, ja kl\u00f5psake Lotto America<\/li>\n<li>Valige 5 numbrit vahemikust 1 kuni 52 (kui te ei ole kindel, milliseid numbreid kasutada, proovige automaatset numbrigeneraatorit).<\/li>\n<li>Seej\u00e4rel valige boonusnumber (Star Ball) vahemikus 1 kuni 10.<\/li>\n<li>Ostke t\u00e4iendavaid numbriridu suurema v\u00f5iduv\u00f5imaluse saamiseks<\/li>\n<li>V\u00f5ta osa loosimisest (v\u00f5id osaleda rohkem kui \u00fches loosimises).<\/li>\n<li>Registreerige ja makske oma osaluste eest.<\/li>\n<\/ol>\n<p>Palume teil registreeruda mitmel p\u00f5hjusel. Esiteks tahame tagada, et teie digitaalne pilet on turvaline. Teiseks, me kasutame teie kontot selleks, et v\u00f5tta teiega \u00fchendust juhul, kui te v\u00f5idate m\u00f5ne auhinna. Sellest r\u00e4\u00e4gime hiljem l\u00e4hemalt.<\/p>\n<h2>Lotto Ameerika loosimise p\u00e4evad ja jackpot<\/h2>\n<p>Sellel USA loteriil on kolm igan\u00e4dalast loosimist, esmasp\u00e4ev, kolmap\u00e4ev ja laup\u00e4ev. Loosimiste ajal kuulutatakse v\u00e4lja v\u00f5idupilet. Jackpoti v\u00f5itmiseks peab teie pilet vastama kuuele loositud numbrile.<\/p>\n<p>Lotto America jackpoti auhinnad algavad 2 miljonist dollarist ja need v\u00f5ivad edasi veereda, kui p\u00e4rast loosimist ei ole v\u00f5itjat. Kuna p\u00e4rast iga loosimist (kui v\u00f5itjat ei ole), siis v\u00f5ib see ulatuda kuni 18 miljoni dollarini. See on korralik summa, mida v\u00f5ita, eks?<\/p>\n<p>Tegelikult oli Lotto America rekordiline jackpot 23 miljonit dollarit ja selle v\u00f5itis 2018. aastal \u00fcks pere.<\/p>\n<section class=\"layout\" style=\"border: solid 1px; width: 100%;\">\n<div class=\"img-div\" style=\"margin-top: 5px;\"><img decoding=\"async\" class=\"wp-image-17212 alignleft\" style=\"height: 45px; margin: 8px 8px 0px;\" src=\"http:\/\/jackpotlotteryonline.com\/wp-content\/uploads\/2022\/11\/read1.jpg\" alt=\"loe\" width=\"\" height=\"\" \/><\/div>\n<div style=\"padding-left: 5px;\">\n<div style=\"font-size: 1.1em;\">\n<p><strong>M\u00f5ned loterii v\u00f5itjad andsid tagasi kogukonnale<\/strong><\/p>\n<p style=\"font-size: 0.85em; margin-top: -1.5em;\">M\u00f5ned huvitavad ja s\u00fcdantsoojendavad lood loteriiv\u00f5itjate tagasip\u00f6\u00f6rdumisest\u00a0<a href=\"https:\/\/jackpotlotteryonline.com\/et\/lugusid-loterii-voitjad-andes-tagasi\"> loe edasi<\/a><\/p>\n<\/div>\n<\/div>\n<\/section>\n<h2>Auhinnakategooriad<\/h2>\n<p>Jackpot on loomulikult loterii peaauhind. Kuid sellel loteriil on 9 erinevat auhinnakategooriat, mis annavad m\u00e4ngijatele v\u00f5imaluse v\u00f5ita huvitavaid auhindu.<\/p>\n<p>Isegi kui sa ei v\u00f5ida jackpotit, v\u00f5id teiste kategooriate v\u00f5idunumbrite kokkulangemisega ikkagi suure v\u00f5iduga koju minna. Siin on auhindade jaotus koos iga auhinnakategooria v\u00f5idu t\u00f5en\u00e4osusega.<\/p>\n<p>Jaotis 1: 5 + Star Ball &#8211; 1:25,989,600 &#8211; Jackpot<\/p>\n<p>2. divisjon: 5 &#8211; 1:2 887 733 &#8211; 20 000 dollarit.<\/p>\n<p>Diviis 3: 4 + Star Ball &#8211; 1:110,594 &#8211; 1,000 dollarit<\/p>\n<p>4. divisjon: 4 &#8211; 1 12,288-st &#8211; 100 dollarit.<\/p>\n<p>Jaotis 5: 3 + T\u00e4hepall &#8211; 1 2,404-st &#8211; 20 dollarit.<\/p>\n<p>6. divisjon: 3 &#8211; 1:267 &#8211; 5 dollarit<\/p>\n<p>Diviis 7: 2 + T\u00e4hepall &#8211; 1 160-st &#8211; 5 dollarit.<\/p>\n<p>Diviis 8: 1 + Star Ball &#8211; 1 29-st &#8211; 2 dollarit.<\/p>\n<p>9. rajoon: 0 + Star Ball &#8211; 1 17-st &#8211; 2 dollarit.<\/p>\n<h2>Kuidas kontrollida v\u00f5idunumbreid<\/h2>\n<p>Kontrollida, kas olete v\u00f5itnud m\u00f5ne auhinna, on nii lihtne, kui p\u00f6\u00f6rdute p\u00e4rast loosimist tagasi sellele lehele. P\u00e4rast iga loosimist avaldame iga auhinnakategooria loosimise tulemused. Nii et saate meie lehte mugavalt ja ilma stressita kontrollida.<\/p>\n<p>Samuti, kui ostsite oma pileti meilt, siis olete ka meie juures registreerunud. See t\u00e4hendab, et kui sa v\u00f5idad auhinna, saame sind teavitada oma konto kaudu ja ka e-posti teel.<\/p>\n<p>Te ei pea kunagi j\u00e4\u00e4ma ilma \u00fchestki v\u00f5idust, kui ostate oma loteriipileti meilt.<\/p>\n<h2>Oma auhinna v\u00e4ljamaksmine<\/h2>\n<p><img loading=\"lazy\" decoding=\"async\" class=\"alignright size-full wp-image-31532\" src=\"http:\/\/jackpotlotteryonline.com\/wp-content\/uploads\/2022\/11\/lottoballs.jpg\" alt=\"Lotto Ameerika v\u00f5idunumbrid\" width=\"245\" height=\"123\" \/>\u00dcks k\u00fcsimus, mida me m\u00e4ngijatelt sageli kuuleme, on see, kuidas p\u00e4\u00e4seda ligi oma v\u00f5itudele, kui nad Lotto America&#8217;sse internetis sisenevad. Kui ostate loteriipileteid meie saidi kaudu, pakume lihtsat ja muretut meetodit oma v\u00f5idu k\u00e4ttesaamiseks.<\/p>\n<p>V\u00f5idud, mis on 2500 eurot, kantakse teie kontole ja seej\u00e4rel saate selle ilma lisakuludeta v\u00e4lja v\u00f5tta. Samas kui suuremad v\u00f5idud n\u00f5uavad veidi teistsugust protseduuri. Suuremate v\u00f5itude puhul peate v\u00f5idu n\u00f5udma loteriifirmalt. Siiski pakume teile n\u00f5ude vormi, mille saate t\u00e4ita ja kui olete seda teinud, t\u00f6\u00f6tleme n\u00f5ude teie eest.<\/p>\n<p>Selle p\u00f5hjuseks on see, et peate end identifitseerima. Samuti v\u00f5ib m\u00f5nel loteriiettev\u00f5ttel olla vaja, et suuremate summade k\u00e4ttesaamiseks ilmuksite isiklikult kohale. Kui see juhtub, anname teile sellest kohe teada.<\/p>\n<h2>Osta oma Lotto Ameerika pileteid jackpotlotteryonline.com<\/h2>\n<p>On nii palju p\u00f5hjusi, miks te peaksite ostma oma Lotto America piletid meilt. Esiteks, me oleme concierge sait. See t\u00e4hendab, et saate istuda ja l\u00f5\u00f5gastuda, samal ajal kui meie tegeleme teie eest peenemate \u00fcksikasjadega. Seega aitame teil saada juurdep\u00e4\u00e4su sellistele rahvusvahelistele tipplotodele nagu Lotto America.<\/p>\n<p>Kuid me ei peatu siinkohal. Pakume ka s\u00fcsteemi, mis aitab teil oma loteriim\u00e4nge hallata. Saate s\u00f5na otseses m\u00f5ttes, sisestada mitu loteriid ja joonistused otse meie saidilt. Pole vaja minna kuhugi mujale. Samuti pakume teile mugavat v\u00f5imalust kontrollida Lotto America tulemusi, k\u00f5ik \u00fches kohas.<\/p>\n<p>L\u00f5puks saate h\u00f5lpsasti kontrollida v\u00f5idunumbreid ja v\u00f5tta oma v\u00f5idud meie platvormilt otse oma kontole. Me t\u00f6\u00f6tame iga p\u00e4ev k\u00f5vasti, et t\u00e4iustada teie jaoks sujuvat s\u00fcsteemi. Lase meil v\u00f5tta \u00e4ra stress, et saaksid keskenduda l\u00f5butsemisele. Registreeru meiega, et m\u00e4ngida loteriid juba t\u00e4na.<\/p>\n","protected":false},"excerpt":{"rendered":"<p>Lotto America on USAs toimuv loteriim\u00e4ng, mis on andnud palju miljon\u00e4re. Loteriiv\u00f5idu t\u00f5en\u00e4osus on fantastiline, mis teeb selle m\u00e4ngu atraktiivseks loteriif\u00e4nnide jaoks. N\u00fc\u00fcd saavad m\u00e4ngijad \u00fcle kogu maailma osta selle USA loterii pileteid internetis. Mitte ainult seda, vaid nad saavad ka kontrollida v\u00f5idunumbreid, et teada saada, kas nad on loteriiv\u00f5idu v\u00f5itnud. Saate osta pileteid rahvusvahelistele [&hellip;]<\/p>\n","protected":false},"author":1,"featured_media":0,"parent":35822,"menu_order":13,"comment_status":"closed","ping_status":"closed","template":"lotto-america-results.php","meta":{"_et_pb_use_builder":"","_et_pb_old_content":"","_et_gb_content_width":"","exclude_from_search":false,"footnotes":""},"class_list":["post-41513","page","type-page","status-publish","hentry"],"yoast_head":"<!-- This site is optimized with the Yoast SEO plugin v23.3 - https:\/\/yoast.com\/wordpress\/plugins\/seo\/ -->\n<title>Lotto Ameerika v\u00f5idunumbrid ja loosimise tulemused<\/title>\n<meta name=\"description\" content=\"Otsid Lotto Ameerika v\u00f5idunumbreid? K\u00f5ikide suurte Ameerika loteriide loosimistulemused leiad meie veebilehelt!\" \/>\n<meta name=\"robots\" content=\"index, follow, max-snippet:-1, max-image-preview:large, max-video-preview:-1\" \/>\n<link rel=\"canonical\" href=\"https:\/\/jackpotlotteryonline.com\/et\/winning-numbers\/lotto-america\/\" \/>\n<meta property=\"og:locale\" content=\"et_EE\" \/>\n<meta property=\"og:type\" content=\"article\" \/>\n<meta property=\"og:title\" content=\"Lotto Ameerika v\u00f5idunumbrid ja loosimise tulemused\" \/>\n<meta property=\"og:description\" content=\"Otsid Lotto Ameerika v\u00f5idunumbreid? K\u00f5ikide suurte Ameerika loteriide loosimistulemused leiad meie veebilehelt!\" \/>\n<meta property=\"og:url\" content=\"https:\/\/jackpotlotteryonline.com\/et\/winning-numbers\/lotto-america\/\" \/>\n<meta property=\"og:site_name\" content=\"Lotto Online - Crack The International Lottery Jackpots\" \/>\n<meta property=\"article:modified_time\" content=\"2022-12-29T18:37:19+00:00\" \/>\n<meta property=\"og:image\" content=\"http:\/\/jackpotlotteryonline.com\/wp-content\/uploads\/2022\/11\/1_mega_lotto_win-213x300-1.jpg\" \/>\n<meta name=\"twitter:card\" content=\"summary_large_image\" \/>\n<meta name=\"twitter:label1\" content=\"Est. reading time\" \/>\n\t<meta name=\"twitter:data1\" content=\"5 minutit\" \/>\n<!-- \/ Yoast SEO plugin. -->","yoast_head_json":{"title":"Lotto Ameerika v\u00f5idunumbrid ja loosimise tulemused","description":"Otsid Lotto Ameerika v\u00f5idunumbreid? K\u00f5ikide suurte Ameerika loteriide loosimistulemused leiad meie veebilehelt!","robots":{"index":"index","follow":"follow","max-snippet":"max-snippet:-1","max-image-preview":"max-image-preview:large","max-video-preview":"max-video-preview:-1"},"canonical":"https:\/\/jackpotlotteryonline.com\/et\/winning-numbers\/lotto-america\/","og_locale":"et_EE","og_type":"article","og_title":"Lotto Ameerika v\u00f5idunumbrid ja loosimise tulemused","og_description":"Otsid Lotto Ameerika v\u00f5idunumbreid? K\u00f5ikide suurte Ameerika loteriide loosimistulemused leiad meie veebilehelt!","og_url":"https:\/\/jackpotlotteryonline.com\/et\/winning-numbers\/lotto-america\/","og_site_name":"Lotto Online - Crack The International Lottery Jackpots","article_modified_time":"2022-12-29T18:37:19+00:00","og_image":[{"url":"http:\/\/jackpotlotteryonline.com\/wp-content\/uploads\/2022\/11\/1_mega_lotto_win-213x300-1.jpg"}],"twitter_card":"summary_large_image","twitter_misc":{"Est. reading time":"5 minutit"},"schema":{"@context":"https:\/\/schema.org","@graph":[{"@type":"WebPage","@id":"https:\/\/jackpotlotteryonline.com\/et\/winning-numbers\/lotto-america\/","url":"https:\/\/jackpotlotteryonline.com\/et\/winning-numbers\/lotto-america\/","name":"Lotto Ameerika v\u00f5idunumbrid ja loosimise tulemused","isPartOf":{"@id":"https:\/\/jackpotlotteryonline.com\/#website"},"primaryImageOfPage":{"@id":"https:\/\/jackpotlotteryonline.com\/et\/winning-numbers\/lotto-america\/#primaryimage"},"image":{"@id":"https:\/\/jackpotlotteryonline.com\/et\/winning-numbers\/lotto-america\/#primaryimage"},"thumbnailUrl":"http:\/\/jackpotlotteryonline.com\/wp-content\/uploads\/2022\/11\/1_mega_lotto_win-213x300-1.jpg","datePublished":"2022-12-09T13:46:03+00:00","dateModified":"2022-12-29T18:37:19+00:00","description":"Otsid Lotto Ameerika v\u00f5idunumbreid? K\u00f5ikide suurte Ameerika loteriide loosimistulemused leiad meie veebilehelt!","breadcrumb":{"@id":"https:\/\/jackpotlotteryonline.com\/et\/winning-numbers\/lotto-america\/#breadcrumb"},"inLanguage":"et","potentialAction":[{"@type":"ReadAction","target":["https:\/\/jackpotlotteryonline.com\/et\/winning-numbers\/lotto-america\/"]}]},{"@type":"ImageObject","inLanguage":"et","@id":"https:\/\/jackpotlotteryonline.com\/et\/winning-numbers\/lotto-america\/#primaryimage","url":"http:\/\/jackpotlotteryonline.com\/wp-content\/uploads\/2022\/11\/1_mega_lotto_win-213x300-1.jpg","contentUrl":"http:\/\/jackpotlotteryonline.com\/wp-content\/uploads\/2022\/11\/1_mega_lotto_win-213x300-1.jpg"},{"@type":"BreadcrumbList","@id":"https:\/\/jackpotlotteryonline.com\/et\/winning-numbers\/lotto-america\/#breadcrumb","itemListElement":[{"@type":"ListItem","position":1,"name":"Home","item":"https:\/\/jackpotlotteryonline.com\/et\/"},{"@type":"ListItem","position":2,"name":"Loterii tulemused","item":"https:\/\/jackpotlotteryonline.com\/winning-numbers\/"},{"@type":"ListItem","position":3,"name":"Lotto Ameerika loterii tulemused"}]},{"@type":"WebSite","@id":"https:\/\/jackpotlotteryonline.com\/#website","url":"https:\/\/jackpotlotteryonline.com\/","name":"Lotto Online - Crack The International Lottery Jackpots","description":"","potentialAction":[{"@type":"SearchAction","target":{"@type":"EntryPoint","urlTemplate":"https:\/\/jackpotlotteryonline.com\/?s={search_term_string}"},"query-input":"required name=search_term_string"}],"inLanguage":"et"}]}},"_links":{"self":[{"href":"https:\/\/jackpotlotteryonline.com\/et\/wp-json\/wp\/v2\/pages\/41513","targetHints":{"allow":["GET"]}}],"collection":[{"href":"https:\/\/jackpotlotteryonline.com\/et\/wp-json\/wp\/v2\/pages"}],"about":[{"href":"https:\/\/jackpotlotteryonline.com\/et\/wp-json\/wp\/v2\/types\/page"}],"author":[{"embeddable":true,"href":"https:\/\/jackpotlotteryonline.com\/et\/wp-json\/wp\/v2\/users\/1"}],"replies":[{"embeddable":true,"href":"https:\/\/jackpotlotteryonline.com\/et\/wp-json\/wp\/v2\/comments?post=41513"}],"version-history":[{"count":0,"href":"https:\/\/jackpotlotteryonline.com\/et\/wp-json\/wp\/v2\/pages\/41513\/revisions"}],"up":[{"embeddable":true,"href":"https:\/\/jackpotlotteryonline.com\/et\/wp-json\/wp\/v2\/pages\/35822"}],"wp:attachment":[{"href":"https:\/\/jackpotlotteryonline.com\/et\/wp-json\/wp\/v2\/media?parent=41513"}],"curies":[{"name":"wp","href":"https:\/\/api.w.org\/{rel}","templated":true}]}}