{"id":72929,"date":"2025-02-02T15:37:14","date_gmt":"2025-02-02T15:37:14","guid":{"rendered":"https:\/\/jackpotlotteryonline.com\/?page_id=72929"},"modified":"2025-02-02T15:37:14","modified_gmt":"2025-02-02T15:37:14","slug":"privaatsuspoliitika","status":"publish","type":"page","link":"https:\/\/jackpotlotteryonline.com\/et\/privaatsuspoliitika\/","title":{"rendered":"Privaatsuspoliitika"},"content":{"rendered":"<p>Playlottoonline Privaatsuspoliitika (edaspidi Privaatsuspoliitika) kehtib Playlottoonline.net veebisaidi (edaspidi Veebisait), mille haldab LLL World Marketing Limited, aadressil Peiraios 30, 1. korrus, kontor 1, 2023 Strovolos, Nikosia \u2013 K\u00fcpros. Veebisaidi kasutamisega n\u00f5ustute k\u00e4esoleva Privaatsuspoliitikaga ja meie Kasutustingimustega.<\/p>\n<p><strong>Kogutud teave<\/strong><\/p>\n<p><strong>Avatud kogumine teilt<\/strong><\/p>\n<p>Kui loote kasutajakonto, annate oma e-posti aadressi, et seda kasutada oma konto ainulaadseks tuvastamiseks ja valikulise aktiveerimise tegemiseks. E-posti aadressi kasutatakse ka parooli meenutamise funktsiooni t\u00e4itmiseks.<\/p>\n<p>Me v\u00f5ime kasutada teie e-posti aadressi ja telefoninumbrit, et saata teateid veebisaidi toimimisest (sh seadusega n\u00f5utavad teated), veebisaidi uudiseid, teavet veebisaidil olevate toodete ja teenuste kohta, samuti muid turunduslikke eesm\u00e4rke, sealhulgas kolmandate isikute tooteid v\u00f5i teenuseid, mis v\u00f5ivad teid huvitada (edaspidi teated). Saate igal ajal l\u00f5petada turundusteatiste saamise, kasutades iga saadetud e-posti s\u00f5numi l\u00f5pus olevat t\u00fchistamislinki v\u00f5i v\u00f5tke meiega \u00fchendust, kasutades meie kontaktiv\u00f5imalusi: e-post, telefon v\u00f5i kontaktivorm.<\/p>\n<p>P\u00e4rast konto loomist saate oma profiili t\u00e4iendamiseks sisestada j\u00e4rgmisi andmeid: eesnimi, perekonnanimi, elukoha aadress, s\u00fcnnikuup\u00e4ev, telefoninumber ja ajav\u00f6\u00f6nd. Seda teavet kasutatakse maksete, sissemaksete ja v\u00e4ljamaksete protsessi t\u00e4iustamiseks, veebisaidi kohandamiseks (sealhulgas teated) ning v\u00f5itude haldamiseks, mis \u00fcletavad 2500 USD, vastavalt Kasutustingimuste l\u00f5ikele 3.5.<\/p>\n<p>Samuti v\u00f5ime hoida andmete registrit, mis on vabatahtlikult meile antud kontaktvormi, telefonivestluse, postiteate, Facebooki, Twitteri v\u00f5i muude kontaktivahendite kaudu, sealhulgas nimi, e-posti aadress, telefoninumber ja aadress. Nimi ja e-posti aadress on vajalikud, et saata s\u00f5num kontaktvormi kaudu.<\/p>\n<p>Meediaga, nagu Facebook v\u00f5i Twitter, \u00fchenduse v\u00f5tmist ei tohiks pidada ametlikuks suhtluseks. J\u00e4tame endale \u00f5iguse mitte vastata nende kanalite kaudu saadetud s\u00f5numitele, kuigi anname endast parima, et neile vastata. \u00dcksikasjaliku teabe saamiseks sotsiaalmeedia kaudu kogutud andmete kohta tuleb tutvuda j\u00e4rgmiste dokumentidega:<\/p>\n<p>Facebook: privaatsuspoliitika ja teenuse tingimused;<br \/>\nTwitter: privaatsuspoliitika ja teenuse tingimused.<\/p>\n<p>Samuti t\u00f6\u00f6tleme maksekaartide andmeid (number, kehtivusaeg, kaardi omaniku ees- ja perekonnanimi, CVV-kood), et teostada maksekaartide makseprotsess \u2013 lisateabe saamiseks.<\/p>\n<p><strong>Mitte avatud kogumine<\/strong><\/p>\n<p>Kui kasutate veebisaiti, kogume automaatselt teatud teavet ja kasutame seda veebisaidi p\u00f5hifunktsioonide haldamiseks, veebisaidi kohandamiseks (sh teated), sissetuleva liikluse j\u00e4lgimiseks ja turvalisuse tagamiseks. See sisaldab muu hulgas j\u00e4rgmist:<\/p>\n<ul>\n<li>IP-aadress;<\/li>\n<li>veebibrauseri kaudu saadetud p\u00e4ised, eriti \u201cUser-Agent\u201d, \u201cAccept-Language\u201d ja \u201cReferer\u201d, mis sisaldavad sellist teavet nagu brauseri t\u00fc\u00fcp, versioon ja keel, operatsioonis\u00fcsteemi t\u00fc\u00fcp ja versioon ning veebiaadress, mille kaudu veebisait leiti;<\/li>\n<li>s\u00fcsteemi aeg;<\/li>\n<li>HTTP-p\u00e4ringud;<\/li>\n<li>k\u00fcpsised, mis on salvestatud Playlottoonline.org domeenis v\u00f5i alamdomeenides.<\/li>\n<\/ul>\n<p>V\u00f5ime kasutada ka IP-aadressi, et koguda ja t\u00f6\u00f6delda teavet teie tegeliku asukoha kohta, et t\u00e4iustada andmete v\u00e4rskendamise protsessi ja veebisaidi kohandamist (sh teated).<\/p>\n<p>M\u00f5ned veebibrauserite poolt automaatselt saadetud andmed salvestatakse serveri logidesse, sealhulgas t\u00e4ielikud HTTP-p\u00e4ringud, nende saabumise aeg, IP-aadress ja p\u00e4ringuga seotud URL-aadressid.<\/p>\n<p>Veebisaidi toimimine kasutab teie brauseri vahem\u00e4lu. See v\u00f5imaldab optimeerida veebisaidi laadimisaja ning muudab veebisaidi kasutamise lihtsamaks, salvestades andmeid sessioonide vahel isegi p\u00e4rast brauseri taask\u00e4ivitamist.<\/p>\n<p>Mitte avatud kogutavad andmed sisaldavad muu hulgas j\u00e4rgmisi andmeid, mida kasutatakse makseprotsessi k\u00e4sitlemiseks ja t\u00e4iustamiseks:<\/p>\n<ul>\n<li>e-posti aadress, isikuandmed (eesnimi, perekonnanimi, aadress, kontaktandmed) ja tehingu ID maksete tegemiseks; teie selges\u00f5nalise n\u00f5usolekuga salvestame ka maksekaartide mitte-sensitiivseid andmeid, mida kasutate edasiste maksete tegemiseks kiiremini;<\/li>\n<li>e-posti aadress, kuup\u00e4ev, staatus, summa ja tehingu ID, mida kasutatakse v\u00f5i mis on genereeritud tpay.com maksete tegemiseks;<\/li>\n<li>e-posti aadress, kasutajakonto ID, staatus, summa ja tehingu ID, mida kasutatakse v\u00f5i mis on genereeritud Skrill maksete tegemiseks;<\/li>\n<li>e-posti aadress, kasutajakonto ID, isikuandmed (eesnimi, perekonnanimi, aadress, s\u00fcnnikuup\u00e4ev, sugu, kontaktandmed, konto saldo, konto keel ja valuuta) ja arveldusandmed, mida kasutatakse v\u00f5i mis on genereeritud Neteller maksete tegemiseks;<\/li>\n<li>sihtkoha bitcoin aadress ja tehingu ID, mida kasutatakse v\u00f5i mis on genereeritud maksete tegemiseks;<\/li>\n<li>e-posti aadress, telefoninumber, riik ja tehingu ID, mida kasutatakse v\u00f5i mis on genereeritud Sofort maksete tegemiseks.<\/li>\n<\/ul>\n<p>L\u00e4hemalt teabe saamiseks maksete k\u00e4igus kogutud andmete kohta kutsume teid tutvuma erinevate makseportaalide privaatsuspoliitikatega (lisateave).<\/p>\n<p>Mitte avatud kogutud andmeid kasutatakse ka kolmanda osapoole teenuste poolt (lisateave).<\/p>\n<p><strong>Kolmanda osapoole teenused<\/strong><\/p>\n<p>Statistika, reklaam ja turvalisus<\/p>\n<p>Veebisaidi turvalisuse haldamiseks ning teabe kogumiseks ja anal\u00fc\u00fcsimiseks selle toimimise kohta kasutame j\u00e4rgmisi kolmanda osapoole teenuseid:<\/p>\n<ul>\n<li><strong>Google Analytics<\/strong> \u2013 liikluse j\u00e4lgimiseks ja detailsete statistika kogumiseks, mis v\u00f5imaldavad meil tuvastada k\u00fclastuste allikaid ja anal\u00fc\u00fcsida veebisaidi toimimist;<\/li>\n<li><strong>Google reCAPTCHA<\/strong> \u2013 veebisaidi turvalisuse t\u00e4iustamiseks automaatsete skriptide vastu kaitsmiseks;<\/li>\n<li><strong>Facebook Pixel<\/strong> \u2013 liikluse j\u00e4lgimiseks ja detailsete statistika kogumiseks, mis v\u00f5imaldavad meil luua paremaid reklaamikampaaniaid.<\/li>\n<\/ul>\n<p>\u00dclaltoodud teenused koguvad ja kasutavad teavet oma t\u00f6\u00f6ks. Google teenustes kogutud andmete kohta leiate teavet Google teenuse tingimustest ja Google privaatsuspoliitikast. Facebook teenustes kogutud andmete kohta leiate teavet Facebooki poliitikast.<\/p>\n","protected":false},"excerpt":{"rendered":"<p>Playlottoonline Privaatsuspoliitika (edaspidi Privaatsuspoliitika) kehtib Playlottoonline.net veebisaidi (edaspidi Veebisait), mille haldab LLL World Marketing Limited, aadressil Peiraios 30, 1. korrus, kontor 1, 2023 Strovolos, Nikosia \u2013 K\u00fcpros. Veebisaidi kasutamisega n\u00f5ustute k\u00e4esoleva Privaatsuspoliitikaga ja meie Kasutustingimustega. Kogutud teave Avatud kogumine teilt Kui loote kasutajakonto, annate oma e-posti aadressi, et seda kasutada oma konto ainulaadseks tuvastamiseks ja [&hellip;]<\/p>\n","protected":false},"author":7,"featured_media":0,"parent":0,"menu_order":0,"comment_status":"closed","ping_status":"closed","template":"","meta":{"_et_pb_use_builder":"","_et_pb_old_content":"","_et_gb_content_width":"","exclude_from_search":false,"footnotes":""},"class_list":["post-72929","page","type-page","status-publish","hentry"],"yoast_head":"<!-- This site is optimized with the Yoast SEO plugin v23.3 - https:\/\/yoast.com\/wordpress\/plugins\/seo\/ -->\n<title>Privaatsuspoliitika - Lotto Online - Crack The International Lottery Jackpots<\/title>\n<meta name=\"robots\" content=\"index, follow, max-snippet:-1, max-image-preview:large, max-video-preview:-1\" \/>\n<link rel=\"canonical\" href=\"https:\/\/jackpotlotteryonline.com\/privacy-policy-2\/\" \/>\n<meta property=\"og:locale\" content=\"et_EE\" \/>\n<meta property=\"og:type\" content=\"article\" \/>\n<meta property=\"og:title\" content=\"Privaatsuspoliitika - Lotto Online - Crack The International Lottery Jackpots\" \/>\n<meta property=\"og:description\" content=\"Playlottoonline Privaatsuspoliitika (edaspidi Privaatsuspoliitika) kehtib Playlottoonline.net veebisaidi (edaspidi Veebisait), mille haldab LLL World Marketing Limited, aadressil Peiraios 30, 1. korrus, kontor 1, 2023 Strovolos, Nikosia \u2013 K\u00fcpros. Veebisaidi kasutamisega n\u00f5ustute k\u00e4esoleva Privaatsuspoliitikaga ja meie Kasutustingimustega. Kogutud teave Avatud kogumine teilt Kui loote kasutajakonto, annate oma e-posti aadressi, et seda kasutada oma konto ainulaadseks tuvastamiseks ja [&hellip;]\" \/>\n<meta property=\"og:url\" content=\"https:\/\/jackpotlotteryonline.com\/privacy-policy-2\/\" \/>\n<meta property=\"og:site_name\" content=\"Lotto Online - Crack The International Lottery Jackpots\" \/>\n<meta name=\"twitter:card\" content=\"summary_large_image\" \/>\n<meta name=\"twitter:label1\" content=\"Est. reading time\" \/>\n\t<meta name=\"twitter:data1\" content=\"3 minutit\" \/>\n<!-- \/ Yoast SEO plugin. -->","yoast_head_json":{"title":"Privaatsuspoliitika - Lotto Online - Crack The International Lottery Jackpots","robots":{"index":"index","follow":"follow","max-snippet":"max-snippet:-1","max-image-preview":"max-image-preview:large","max-video-preview":"max-video-preview:-1"},"canonical":"https:\/\/jackpotlotteryonline.com\/privacy-policy-2\/","og_locale":"et_EE","og_type":"article","og_title":"Privaatsuspoliitika - Lotto Online - Crack The International Lottery Jackpots","og_description":"Playlottoonline Privaatsuspoliitika (edaspidi Privaatsuspoliitika) kehtib Playlottoonline.net veebisaidi (edaspidi Veebisait), mille haldab LLL World Marketing Limited, aadressil Peiraios 30, 1. korrus, kontor 1, 2023 Strovolos, Nikosia \u2013 K\u00fcpros. Veebisaidi kasutamisega n\u00f5ustute k\u00e4esoleva Privaatsuspoliitikaga ja meie Kasutustingimustega. Kogutud teave Avatud kogumine teilt Kui loote kasutajakonto, annate oma e-posti aadressi, et seda kasutada oma konto ainulaadseks tuvastamiseks ja [&hellip;]","og_url":"https:\/\/jackpotlotteryonline.com\/privacy-policy-2\/","og_site_name":"Lotto Online - Crack The International Lottery Jackpots","twitter_card":"summary_large_image","twitter_misc":{"Est. reading time":"3 minutit"},"schema":{"@context":"https:\/\/schema.org","@graph":[{"@type":"WebPage","@id":"https:\/\/jackpotlotteryonline.com\/privacy-policy-2\/","url":"https:\/\/jackpotlotteryonline.com\/privacy-policy-2\/","name":"Privaatsuspoliitika - Lotto Online - Crack The International Lottery Jackpots","isPartOf":{"@id":"https:\/\/jackpotlotteryonline.com\/#website"},"datePublished":"2025-02-02T15:37:14+00:00","dateModified":"2025-02-02T15:37:14+00:00","breadcrumb":{"@id":"https:\/\/jackpotlotteryonline.com\/privacy-policy-2\/#breadcrumb"},"inLanguage":"et","potentialAction":[{"@type":"ReadAction","target":["https:\/\/jackpotlotteryonline.com\/privacy-policy-2\/"]}]},{"@type":"BreadcrumbList","@id":"https:\/\/jackpotlotteryonline.com\/privacy-policy-2\/#breadcrumb","itemListElement":[{"@type":"ListItem","position":1,"name":"Home","item":"https:\/\/jackpotlotteryonline.com\/et\/"},{"@type":"ListItem","position":2,"name":"Privaatsuspoliitika"}]},{"@type":"WebSite","@id":"https:\/\/jackpotlotteryonline.com\/#website","url":"https:\/\/jackpotlotteryonline.com\/","name":"Lotto Online - Crack The International Lottery Jackpots","description":"","potentialAction":[{"@type":"SearchAction","target":{"@type":"EntryPoint","urlTemplate":"https:\/\/jackpotlotteryonline.com\/?s={search_term_string}"},"query-input":"required name=search_term_string"}],"inLanguage":"et"}]}},"_links":{"self":[{"href":"https:\/\/jackpotlotteryonline.com\/et\/wp-json\/wp\/v2\/pages\/72929","targetHints":{"allow":["GET"]}}],"collection":[{"href":"https:\/\/jackpotlotteryonline.com\/et\/wp-json\/wp\/v2\/pages"}],"about":[{"href":"https:\/\/jackpotlotteryonline.com\/et\/wp-json\/wp\/v2\/types\/page"}],"author":[{"embeddable":true,"href":"https:\/\/jackpotlotteryonline.com\/et\/wp-json\/wp\/v2\/users\/7"}],"replies":[{"embeddable":true,"href":"https:\/\/jackpotlotteryonline.com\/et\/wp-json\/wp\/v2\/comments?post=72929"}],"version-history":[{"count":0,"href":"https:\/\/jackpotlotteryonline.com\/et\/wp-json\/wp\/v2\/pages\/72929\/revisions"}],"wp:attachment":[{"href":"https:\/\/jackpotlotteryonline.com\/et\/wp-json\/wp\/v2\/media?parent=72929"}],"curies":[{"name":"wp","href":"https:\/\/api.w.org\/{rel}","templated":true}]}}