{"id":72993,"date":"2025-02-02T18:09:42","date_gmt":"2025-02-02T18:09:42","guid":{"rendered":"https:\/\/jackpotlotteryonline.com\/?page_id=72993"},"modified":"2025-02-02T18:09:42","modified_gmt":"2025-02-02T18:09:42","slug":"tingimused","status":"publish","type":"page","link":"https:\/\/jackpotlotteryonline.com\/et\/tingimused\/","title":{"rendered":"Tingimused"},"content":{"rendered":"<p>Jackpot Lottery Online kasutustingimused (edaspidi \u201ekasutustingimused\u201c) kehtivad jackpotlotteryonline.com veebisaidi (edaspidi \u201eveebisait\u201c) suhtes, mida haldab LLL World Marketing Limited, Peiraios 30, 1. korrus, b\u00fcroo 1, 2023 Strovolos, Nicosia &#8211; K\u00fcpros.<\/p>\n<p>Kui m\u00e4ngija kuvab, sirvib v\u00f5i kasutab jackpotlotteryonline.com veebisaiti mis tahes viisil, siis allub ta j\u00e4rgmistele kasutustingimustele ja meie privaatsuspoliitikale. Juhul kui m\u00e4ngija ei n\u00f5ustu kummagi neist, palume m\u00e4ngijal l\u00f5petada jackpotlotteryonline.com kasutamine.<\/p>\n<p>Kui teil on k\u00fcsimusi meie kasutustingimuste v\u00f5i privaatsuspoliitikaga seoses, v\u00f5tke meiega \u00fchendust meie kontaktvormi kaudu.<\/p>\n<p>K\u00e4esolevate kasutustingimuste suhtes kohaldatakse K\u00fcprose seadusi.<\/p>\n<p>1. M\u00f5isted<br \/>\nLoterii &#8211; numbrim\u00e4ng, mille raames toimub loosimine.<br \/>\nLoosimine &#8211; kindla arvu numbrite loosimine standardnumbrite v\u00f5i standard- ja boonusnumbrite kindlatest vahemikest konkreetse loterii raames. Loosimised toimuvad korduvalt sellistel p\u00e4evadel ja kellaaegadel, mille on kindlaks m\u00e4\u00e4ranud konkreetse loterii korraldaja.<br \/>\nOperaator &#8211; \u00fcksus, kes korraldab konkreetse loterii loosimise.<br \/>\nM\u00e4ngija &#8211; isik, kes osaleb \u00fches jackpotlotteryonline.com pakutavas loteriis.<br \/>\nPilet &#8211; elektrooniline pilet, mille m\u00e4ngija valib konkreetse Loterii loosimiseks ja mis sisaldab \u00fchte v\u00f5i mitut rida.<br \/>\nRida &#8211; \u00fcks numbrite kogum, mille m\u00e4ngija on valinud konkreetseks loterii loosimiseks. S\u00f5ltuvalt loteriist v\u00f5ib see sisaldada erinevat summat ja\/v\u00f5i muud (erineva vahemiku) standard- ja boonusnumbrite (kui need on olemas) kogumahtu.<br \/>\nV\u00f5idud &#8211; summa, mis v\u00f5idetakse, kui m\u00e4ngija loodud rida vastab eelnevalt m\u00e4\u00e4ratud numbrite kogumile, mis loositakse loosimisel, mille jaoks rida sisaldav pilet osteti.<br \/>\nDeposit &#8211; M\u00e4ngija kontole hoiustatud raha, mida hiljem kasutatakse piletite ostmiseks.<br \/>\nKonto &#8211; m\u00e4ngija kasutajakonto, millele on m\u00e4\u00e4ratud m\u00e4ngija rahalised vahendid, ostetud piletid ja m\u00e4ngija andmed.<br \/>\n2. \u00dcldine teave<br \/>\n2.1 Veebileht jackpotlotteryonline.com pakub juurdep\u00e4\u00e4su loteriidele veebiplatvormi kaudu.<br \/>\n2.2 M\u00e4ngijad peavad veebilehe kasutamiseks olema v\u00e4hemalt 18-aastased.<br \/>\n2.3 M\u00e4ngija peab ise kontrollima, kas osalemine online-loteriates on tema jurisdiktsioonis seaduslik.<br \/>\n2.4 Ettev\u00f5te LLL World Marketing Limited ei ole ametlik loterii korraldaja. Pakutavad teenused on seotud juurdep\u00e4\u00e4suga loteriipiletitele.<\/p>\n<p>3. Kasutajakonto<br \/>\n3.1 M\u00e4ngijad peavad piletite ostmiseks registreerima konto aadressil jackpotlotteryonline.com.<br \/>\n3.2 Registreerimise k\u00e4igus esitatud isikuandmed peavad olema t\u00e4psed. Mis tahes vale v\u00f5i eksitav teave v\u00f5ib p\u00f5hjustada konto peatamist v\u00f5i sulgemist.<br \/>\n3.3 M\u00e4ngijad vastutavad oma sisselogimise andmete konfidentsiaalsuse eest. Ettev\u00f5te ei vastuta hooletusest tingitud volitamata juurdep\u00e4\u00e4su eest.<\/p>\n<p>4. Hoiused ja maksed<br \/>\n4.1 Hoiuseid saab teha jackpotlotteryonline.com&#8217;is k\u00e4ttesaadavate makseviiside kaudu.<br \/>\n4.2 M\u00e4ngijad vastutavad selle eest, et nende kontol oleks piisavalt raha piletite ostmiseks.<br \/>\n4.3 K\u00f5iki makseid t\u00f6\u00f6deldakse turvaliselt. Ettev\u00f5te j\u00e4tab endale \u00f5iguse n\u00f5uda vajadusel t\u00e4iendavat kinnitust.<\/p>\n<p>5. Piletite ostmine<br \/>\n5.1 M\u00e4ngijad v\u00f5ivad osta pileteid erinevate jackpotlotteryonline.com-i pakutavate loteriide jaoks.<br \/>\n5.2 Piletid loetakse kehtivaks alles p\u00e4rast edukat maksekinnitust.<\/p>\n<p>6. V\u00f5idud<br \/>\n6.1 V\u00f5idud arvutatakse m\u00e4ngija valitud numbrite ja ametliku loterii korraldaja poolt v\u00e4lja loositud numbrite kokkulangevuse alusel.<br \/>\n6.2 Ettev\u00f5te teeb k\u00f5ik endast oleneva, et jaotada v\u00f5idud m\u00e4ngijale viivitamatult.<br \/>\n6.3 Suuremate v\u00f5itude puhul v\u00f5ib enne m\u00e4ngijale v\u00e4ljamaksmist olla vajalik t\u00e4iendav isikusamasuse kontroll.<\/p>\n<p>7. Vastutuse piiramine<br \/>\n7.1 Ettev\u00f5te ei vastuta tehniliste vigade v\u00f5i h\u00e4irete eest, mis v\u00f5ivad tekkida jackpotlotteryonline.com kasutamise ajal.<br \/>\n7.2 Ettev\u00f5te ei vastuta mingil juhul veebilehe kasutamisest tulenevate kaudsete, juhuslike v\u00f5i kaudsete kahjude eest.<\/p>\n<p>8. L\u00f5petamine<br \/>\n8.1 Ettev\u00f5te j\u00e4tab endale \u00f5iguse l\u00f5petada v\u00f5i peatada mis tahes m\u00e4ngija konto kasutustingimuste rikkumise korral.<br \/>\n8.2 M\u00e4ngijad v\u00f5ivad igal ajal taotleda konto sulgemist, v\u00f5ttes \u00fchendust klienditoega kontaktivormi kaudu.<\/p>\n<p>9. Kohaldatav \u00f5igus<br \/>\n9.1 K\u00e4esolevate kasutustingimuste suhtes kohaldatakse ja neid t\u00f5lgendatakse vastavalt K\u00fcprose seadustele.<\/p>\n<p>Kasutades jackpotlotteryonline.com, n\u00f5ustub m\u00e4ngija j\u00e4rgima k\u00f5iki \u00fclaltoodud kasutustingimusi.<\/p>\n","protected":false},"excerpt":{"rendered":"<p>Jackpot Lottery Online kasutustingimused (edaspidi \u201ekasutustingimused\u201c) kehtivad jackpotlotteryonline.com veebisaidi (edaspidi \u201eveebisait\u201c) suhtes, mida haldab LLL World Marketing Limited, Peiraios 30, 1. korrus, b\u00fcroo 1, 2023 Strovolos, Nicosia &#8211; K\u00fcpros. Kui m\u00e4ngija kuvab, sirvib v\u00f5i kasutab jackpotlotteryonline.com veebisaiti mis tahes viisil, siis allub ta j\u00e4rgmistele kasutustingimustele ja meie privaatsuspoliitikale. Juhul kui m\u00e4ngija ei n\u00f5ustu kummagi neist, [&hellip;]<\/p>\n","protected":false},"author":7,"featured_media":0,"parent":0,"menu_order":0,"comment_status":"closed","ping_status":"closed","template":"","meta":{"_et_pb_use_builder":"","_et_pb_old_content":"","_et_gb_content_width":"","exclude_from_search":false,"footnotes":""},"class_list":["post-72993","page","type-page","status-publish","hentry"],"yoast_head":"<!-- This site is optimized with the Yoast SEO plugin v23.3 - https:\/\/yoast.com\/wordpress\/plugins\/seo\/ -->\n<title>Tingimused - Lotto Online - Crack The International Lottery Jackpots<\/title>\n<meta name=\"robots\" content=\"index, follow, max-snippet:-1, max-image-preview:large, max-video-preview:-1\" \/>\n<link rel=\"canonical\" href=\"https:\/\/jackpotlotteryonline.com\/et\/tingimused\/\" \/>\n<meta property=\"og:locale\" content=\"et_EE\" \/>\n<meta property=\"og:type\" content=\"article\" \/>\n<meta property=\"og:title\" content=\"Tingimused - Lotto Online - Crack The International Lottery Jackpots\" \/>\n<meta property=\"og:description\" content=\"Jackpot Lottery Online kasutustingimused (edaspidi \u201ekasutustingimused\u201c) kehtivad jackpotlotteryonline.com veebisaidi (edaspidi \u201eveebisait\u201c) suhtes, mida haldab LLL World Marketing Limited, Peiraios 30, 1. korrus, b\u00fcroo 1, 2023 Strovolos, Nicosia &#8211; K\u00fcpros. Kui m\u00e4ngija kuvab, sirvib v\u00f5i kasutab jackpotlotteryonline.com veebisaiti mis tahes viisil, siis allub ta j\u00e4rgmistele kasutustingimustele ja meie privaatsuspoliitikale. Juhul kui m\u00e4ngija ei n\u00f5ustu kummagi neist, [&hellip;]\" \/>\n<meta property=\"og:url\" content=\"https:\/\/jackpotlotteryonline.com\/et\/tingimused\/\" \/>\n<meta property=\"og:site_name\" content=\"Lotto Online - Crack The International Lottery Jackpots\" \/>\n<meta name=\"twitter:card\" content=\"summary_large_image\" \/>\n<meta name=\"twitter:label1\" content=\"Est. reading time\" \/>\n\t<meta name=\"twitter:data1\" content=\"3 minutit\" \/>\n<!-- \/ Yoast SEO plugin. -->","yoast_head_json":{"title":"Tingimused - Lotto Online - Crack The International Lottery Jackpots","robots":{"index":"index","follow":"follow","max-snippet":"max-snippet:-1","max-image-preview":"max-image-preview:large","max-video-preview":"max-video-preview:-1"},"canonical":"https:\/\/jackpotlotteryonline.com\/et\/tingimused\/","og_locale":"et_EE","og_type":"article","og_title":"Tingimused - Lotto Online - Crack The International Lottery Jackpots","og_description":"Jackpot Lottery Online kasutustingimused (edaspidi \u201ekasutustingimused\u201c) kehtivad jackpotlotteryonline.com veebisaidi (edaspidi \u201eveebisait\u201c) suhtes, mida haldab LLL World Marketing Limited, Peiraios 30, 1. korrus, b\u00fcroo 1, 2023 Strovolos, Nicosia &#8211; K\u00fcpros. Kui m\u00e4ngija kuvab, sirvib v\u00f5i kasutab jackpotlotteryonline.com veebisaiti mis tahes viisil, siis allub ta j\u00e4rgmistele kasutustingimustele ja meie privaatsuspoliitikale. Juhul kui m\u00e4ngija ei n\u00f5ustu kummagi neist, [&hellip;]","og_url":"https:\/\/jackpotlotteryonline.com\/et\/tingimused\/","og_site_name":"Lotto Online - Crack The International Lottery Jackpots","twitter_card":"summary_large_image","twitter_misc":{"Est. reading time":"3 minutit"},"schema":{"@context":"https:\/\/schema.org","@graph":[{"@type":"WebPage","@id":"https:\/\/jackpotlotteryonline.com\/et\/tingimused\/","url":"https:\/\/jackpotlotteryonline.com\/et\/tingimused\/","name":"Tingimused - Lotto Online - Crack The International Lottery Jackpots","isPartOf":{"@id":"https:\/\/jackpotlotteryonline.com\/#website"},"datePublished":"2025-02-02T18:09:42+00:00","dateModified":"2025-02-02T18:09:42+00:00","breadcrumb":{"@id":"https:\/\/jackpotlotteryonline.com\/et\/tingimused\/#breadcrumb"},"inLanguage":"et","potentialAction":[{"@type":"ReadAction","target":["https:\/\/jackpotlotteryonline.com\/et\/tingimused\/"]}]},{"@type":"BreadcrumbList","@id":"https:\/\/jackpotlotteryonline.com\/et\/tingimused\/#breadcrumb","itemListElement":[{"@type":"ListItem","position":1,"name":"Home","item":"https:\/\/jackpotlotteryonline.com\/et\/"},{"@type":"ListItem","position":2,"name":"Tingimused"}]},{"@type":"WebSite","@id":"https:\/\/jackpotlotteryonline.com\/#website","url":"https:\/\/jackpotlotteryonline.com\/","name":"Lotto Online - Crack The International Lottery Jackpots","description":"","potentialAction":[{"@type":"SearchAction","target":{"@type":"EntryPoint","urlTemplate":"https:\/\/jackpotlotteryonline.com\/?s={search_term_string}"},"query-input":"required name=search_term_string"}],"inLanguage":"et"}]}},"_links":{"self":[{"href":"https:\/\/jackpotlotteryonline.com\/et\/wp-json\/wp\/v2\/pages\/72993","targetHints":{"allow":["GET"]}}],"collection":[{"href":"https:\/\/jackpotlotteryonline.com\/et\/wp-json\/wp\/v2\/pages"}],"about":[{"href":"https:\/\/jackpotlotteryonline.com\/et\/wp-json\/wp\/v2\/types\/page"}],"author":[{"embeddable":true,"href":"https:\/\/jackpotlotteryonline.com\/et\/wp-json\/wp\/v2\/users\/7"}],"replies":[{"embeddable":true,"href":"https:\/\/jackpotlotteryonline.com\/et\/wp-json\/wp\/v2\/comments?post=72993"}],"version-history":[{"count":0,"href":"https:\/\/jackpotlotteryonline.com\/et\/wp-json\/wp\/v2\/pages\/72993\/revisions"}],"wp:attachment":[{"href":"https:\/\/jackpotlotteryonline.com\/et\/wp-json\/wp\/v2\/media?parent=72993"}],"curies":[{"name":"wp","href":"https:\/\/api.w.org\/{rel}","templated":true}]}}