{"id":73145,"date":"2025-02-03T06:12:23","date_gmt":"2025-02-03T06:12:23","guid":{"rendered":"https:\/\/jackpotlotteryonline.com\/?page_id=73145"},"modified":"2025-02-03T06:12:23","modified_gmt":"2025-02-03T06:12:23","slug":"privaatsuspoliitika-2","status":"publish","type":"page","link":"https:\/\/jackpotlotteryonline.com\/et\/privaatsuspoliitika-2\/","title":{"rendered":"Privaatsuspoliitika"},"content":{"rendered":"<p>Jackpotlottery jaoks on teie privaatsus oluline. K\u00e4esolev privaatsuspoliitika kirjeldab, kuidas me kogume, kasutame ja kaitseme teie isikuandmeid, kui k\u00fclastate v\u00f5i kasutate meie veebisaiti (jackpotlottery.org).<\/p>\n<p>Veebisaidile juurdep\u00e4\u00e4suga ja selle kasutamisega n\u00f5ustute k\u00e4esoleva privaatsuspoliitika tingimustega. Kui te ei n\u00f5ustu, l\u00f5petage viivitamatult veebisaidi kasutamine.<\/p>\n<h3><strong>Millist teavet me kogume?<\/strong><\/h3>\n<h4><strong>Teie poolt esitatud teave<\/strong><\/h4>\n<p>Kogume isikuandmeid, mida te meile vabatahtlikult esitate, kui:<\/p>\n<ul>\n<li>Loote konto Jackpotlottery veebisaidil.<\/li>\n<li>Teete ostu v\u00f5i osalete loteriis.<\/li>\n<li>Suhtlete meie klienditeenindusega.<\/li>\n<li>Esitate vorme v\u00f5i p\u00e4ringuid veebisaidi kaudu.<\/li>\n<\/ul>\n<p>See teave sisaldab muu hulgas j\u00e4rgmist:<\/p>\n<ul>\n<li>Nimi<\/li>\n<li>E-posti aadress<\/li>\n<li>Telefoninumber<\/li>\n<li>Makseandmed<\/li>\n<li>Aadress<\/li>\n<li>S\u00fcnnikuup\u00e4ev<\/li>\n<\/ul>\n<h4><strong>Automaatne andmete kogumine<\/strong><\/h4>\n<p>Kui k\u00fclastate meie veebisaiti, v\u00f5ime automaatselt koguda j\u00e4rgmist teavet:<\/p>\n<ul>\n<li>IP-aadress<\/li>\n<li>Brauseri t\u00fc\u00fcp ja versioon<\/li>\n<li>Ajav\u00f6\u00f6ndi seaded<\/li>\n<li>Brauseri pistikprogrammide t\u00fc\u00fcbid ja versioonid<\/li>\n<li>Operatsioonis\u00fcsteem ja platvorm<\/li>\n<li>Teave teie k\u00fclastuse kohta, sealhulgas vaadatud lehed, lehel veedetud aeg ja suhtlus veebisaidiga (nt kerimine, kl\u00f5psud).<\/li>\n<\/ul>\n<p>See teave kogutakse k\u00fcpsiste ja sarnaste j\u00e4lgimistehnoloogiate abil.<\/p>\n<h3><strong>Kuidas me teie andmeid kasutame?<\/strong><\/h3>\n<p>Kogutud andmeid kasutatakse j\u00e4rgmistel eesm\u00e4rkidel:<\/p>\n<ul>\n<li>Teie konto haldamiseks ja teenuste osutamiseks.<\/li>\n<li>Makse, v\u00e4ljamaksete ja sissemaksete t\u00f6\u00f6tlemiseks.<\/li>\n<li>Kasutajakogemuse kohandamiseks ja t\u00e4iustamiseks.<\/li>\n<li>Teiega suhtlemiseks teenuste, uuenduste v\u00f5i kampaaniate osas.<\/li>\n<li>\u00d5iguslike n\u00f5uete t\u00e4itmiseks.<\/li>\n<\/ul>\n<h3><strong>Teie andmete jagamine<\/strong><\/h3>\n<p>Me ei m\u00fc\u00fc, vaheta ega rendi teie isikuandmeid. V\u00f5ime jagada teie teavet kolmandate osapooltega ainult j\u00e4rgmistel juhtudel:<\/p>\n<ul>\n<li>Makse t\u00f6\u00f6tlemiseks usaldusv\u00e4\u00e4rsete makseteenuse pakkujate kaudu.<\/li>\n<li>Seaduslike v\u00f5i regulatiivsete n\u00f5uete t\u00e4itmiseks.<\/li>\n<li>Teenusepakkujatega, kes aitavad meil veebisaiti hallata v\u00f5i teenuseid pakkuda (nt turunduspartnerid v\u00f5i IT-teenusepakkujad).<\/li>\n<\/ul>\n<p>K\u00f5ik kolmandad osapooled on kohustatud j\u00e4rgima konfidentsiaalsuslepinguid ja k\u00e4sitlema teie andmeid vastavalt kehtivatele seadustele.<\/p>\n<h3><strong>Teie \u00f5igused<\/strong><\/h3>\n<p>Vastavalt kehtivatele andmekaitsealastele \u00f5igusaktidele on teil j\u00e4rgmised \u00f5igused:<\/p>\n<ul>\n<li><strong>\u00d5igus juurdep\u00e4\u00e4sule<\/strong>: n\u00f5uda teavet teie kohta kogutud isikuandmete kohta.<\/li>\n<li><strong>\u00d5igus parandusele<\/strong>: n\u00f5uda ebat\u00e4pse v\u00f5i puuduliku teabe parandamist.<\/li>\n<li><strong>\u00d5igus kustutamisele<\/strong>: n\u00f5uda teie isikuandmete kustutamist, kui seaduslikud n\u00f5uded seda ei takista.<\/li>\n<li><strong>\u00d5igus t\u00f6\u00f6tlemise piirangule<\/strong>: n\u00f5uda teie andmete t\u00f6\u00f6tlemise piiramist.<\/li>\n<li><strong>\u00d5igus vastuv\u00e4idetele<\/strong>: esitada vastuv\u00e4ide oma andmete t\u00f6\u00f6tlemisele teatud eesm\u00e4rkidel (nt turundus).<\/li>\n<li><strong>\u00d5igus andmete \u00fclekandmisele<\/strong>: n\u00f5uda oma andmete edastamist teisele teenusepakkujale.<\/li>\n<\/ul>\n<p>Nende \u00f5iguste kasutamiseks v\u00f5tke meiega \u00fchendust aadressil <a rel=\"noopener\">support@jackpotlottery.org<\/a>.<\/p>\n<h3><strong>Andmete turvalisus<\/strong><\/h3>\n<p>V\u00f5tame andmete turvalisust t\u00f5siselt ja rakendame tehnilisi ja organisatsioonilisi meetmeid, et kaitsta teie teavet volitamata juurdep\u00e4\u00e4su, muutmise v\u00f5i h\u00e4vitamise eest. Kuigi p\u00fc\u00fcame tagada k\u00f5rgeima turvalisuse taseme, ei ole \u00fckski s\u00fcsteem t\u00e4ielikult turvaline ning me ei saa tagada absoluutset kaitset.<\/p>\n<h3><strong>Andmete s\u00e4ilitamine<\/strong><\/h3>\n<p>S\u00e4ilitame teie andmeid ainult nii kaua, kui see on vajalik:<\/p>\n<ul>\n<li>Teenuste osutamiseks.<\/li>\n<li>\u00d5iguslike ja regulatiivsete n\u00f5uete t\u00e4itmiseks.<\/li>\n<\/ul>\n<h3><strong>K\u00fcpsised<\/strong><\/h3>\n<p>Jackpotlottery kasutab k\u00fcpsiseid, et parandada teie sirvimiskogemust ja koguda teavet veebisaidi kasutamise kohta. K\u00fcpsised aitavad meil:<\/p>\n<ul>\n<li>Teid \u00e4ra tunda, kui naasete veebisaidile.<\/li>\n<li>J\u00e4lgida ja anal\u00fc\u00fcsida veebisaidi toimivust ja kasutust.<\/li>\n<\/ul>\n<p>Saate hallata oma k\u00fcpsiste eelistusi oma brauseri seadetes.<\/p>\n<h3><strong>Selle privaatsuspoliitika muutmine<\/strong><\/h3>\n<p>V\u00f5ime aeg-ajalt seda privaatsuspoliitikat uuendada, et kajastada muudatusi meie tegevustes, seadustes v\u00f5i muudel teguritel. Muudatused postitatakse sellele lehele koos v\u00e4rskendatud kuup\u00e4evaga. Soovitame teil regulaarselt tutvuda privaatsuspoliitikaga, et olla kursis muudatustega.<\/p>\n<h3><strong>V\u00f5tke meiega \u00fchendust<\/strong><\/h3>\n<p>Kui teil on k\u00fcsimusi seoses selle privaatsuspoliitika v\u00f5i oma isikuandmetega, v\u00f5tke meiega \u00fchendust:<\/p>\n<ul>\n<li><strong>E-post<\/strong>: <a rel=\"noopener\">support@jackpotlottery.org<\/a><\/li>\n<li><strong>Postiaadress<\/strong>: LLL World Marketing Limited, Peiraios 30, 1. korrus, kontor 1, 2023 Strovolos, Nicosia \u2013 K\u00fcpros.<\/li>\n<\/ul>\n","protected":false},"excerpt":{"rendered":"<p>Jackpotlottery jaoks on teie privaatsus oluline. K\u00e4esolev privaatsuspoliitika kirjeldab, kuidas me kogume, kasutame ja kaitseme teie isikuandmeid, kui k\u00fclastate v\u00f5i kasutate meie veebisaiti (jackpotlottery.org). Veebisaidile juurdep\u00e4\u00e4suga ja selle kasutamisega n\u00f5ustute k\u00e4esoleva privaatsuspoliitika tingimustega. Kui te ei n\u00f5ustu, l\u00f5petage viivitamatult veebisaidi kasutamine. Millist teavet me kogume? Teie poolt esitatud teave Kogume isikuandmeid, mida te meile vabatahtlikult [&hellip;]<\/p>\n","protected":false},"author":7,"featured_media":0,"parent":0,"menu_order":0,"comment_status":"closed","ping_status":"closed","template":"","meta":{"_et_pb_use_builder":"","_et_pb_old_content":"","_et_gb_content_width":"","exclude_from_search":false,"footnotes":""},"class_list":["post-73145","page","type-page","status-publish","hentry"],"yoast_head":"<!-- This site is optimized with the Yoast SEO plugin v23.3 - https:\/\/yoast.com\/wordpress\/plugins\/seo\/ -->\n<title>Privaatsuspoliitika - Lotto Online - Crack The International Lottery Jackpots<\/title>\n<meta name=\"robots\" content=\"index, follow, max-snippet:-1, max-image-preview:large, max-video-preview:-1\" \/>\n<link rel=\"canonical\" href=\"https:\/\/jackpotlotteryonline.com\/et\/privaatsuspoliitika-2\/\" \/>\n<meta property=\"og:locale\" content=\"et_EE\" \/>\n<meta property=\"og:type\" content=\"article\" \/>\n<meta property=\"og:title\" content=\"Privaatsuspoliitika - Lotto Online - Crack The International Lottery Jackpots\" \/>\n<meta property=\"og:description\" content=\"Jackpotlottery jaoks on teie privaatsus oluline. K\u00e4esolev privaatsuspoliitika kirjeldab, kuidas me kogume, kasutame ja kaitseme teie isikuandmeid, kui k\u00fclastate v\u00f5i kasutate meie veebisaiti (jackpotlottery.org). Veebisaidile juurdep\u00e4\u00e4suga ja selle kasutamisega n\u00f5ustute k\u00e4esoleva privaatsuspoliitika tingimustega. Kui te ei n\u00f5ustu, l\u00f5petage viivitamatult veebisaidi kasutamine. Millist teavet me kogume? Teie poolt esitatud teave Kogume isikuandmeid, mida te meile vabatahtlikult [&hellip;]\" \/>\n<meta property=\"og:url\" content=\"https:\/\/jackpotlotteryonline.com\/et\/privaatsuspoliitika-2\/\" \/>\n<meta property=\"og:site_name\" content=\"Lotto Online - Crack The International Lottery Jackpots\" \/>\n<meta name=\"twitter:card\" content=\"summary_large_image\" \/>\n<meta name=\"twitter:label1\" content=\"Est. reading time\" \/>\n\t<meta name=\"twitter:data1\" content=\"3 minutit\" \/>\n<!-- \/ Yoast SEO plugin. -->","yoast_head_json":{"title":"Privaatsuspoliitika - Lotto Online - Crack The International Lottery Jackpots","robots":{"index":"index","follow":"follow","max-snippet":"max-snippet:-1","max-image-preview":"max-image-preview:large","max-video-preview":"max-video-preview:-1"},"canonical":"https:\/\/jackpotlotteryonline.com\/et\/privaatsuspoliitika-2\/","og_locale":"et_EE","og_type":"article","og_title":"Privaatsuspoliitika - Lotto Online - Crack The International Lottery Jackpots","og_description":"Jackpotlottery jaoks on teie privaatsus oluline. K\u00e4esolev privaatsuspoliitika kirjeldab, kuidas me kogume, kasutame ja kaitseme teie isikuandmeid, kui k\u00fclastate v\u00f5i kasutate meie veebisaiti (jackpotlottery.org). Veebisaidile juurdep\u00e4\u00e4suga ja selle kasutamisega n\u00f5ustute k\u00e4esoleva privaatsuspoliitika tingimustega. Kui te ei n\u00f5ustu, l\u00f5petage viivitamatult veebisaidi kasutamine. Millist teavet me kogume? Teie poolt esitatud teave Kogume isikuandmeid, mida te meile vabatahtlikult [&hellip;]","og_url":"https:\/\/jackpotlotteryonline.com\/et\/privaatsuspoliitika-2\/","og_site_name":"Lotto Online - Crack The International Lottery Jackpots","twitter_card":"summary_large_image","twitter_misc":{"Est. reading time":"3 minutit"},"schema":{"@context":"https:\/\/schema.org","@graph":[{"@type":"WebPage","@id":"https:\/\/jackpotlotteryonline.com\/et\/privaatsuspoliitika-2\/","url":"https:\/\/jackpotlotteryonline.com\/et\/privaatsuspoliitika-2\/","name":"Privaatsuspoliitika - Lotto Online - Crack The International Lottery Jackpots","isPartOf":{"@id":"https:\/\/jackpotlotteryonline.com\/#website"},"datePublished":"2025-02-03T06:12:23+00:00","dateModified":"2025-02-03T06:12:23+00:00","breadcrumb":{"@id":"https:\/\/jackpotlotteryonline.com\/et\/privaatsuspoliitika-2\/#breadcrumb"},"inLanguage":"et","potentialAction":[{"@type":"ReadAction","target":["https:\/\/jackpotlotteryonline.com\/et\/privaatsuspoliitika-2\/"]}]},{"@type":"BreadcrumbList","@id":"https:\/\/jackpotlotteryonline.com\/et\/privaatsuspoliitika-2\/#breadcrumb","itemListElement":[{"@type":"ListItem","position":1,"name":"Home","item":"https:\/\/jackpotlotteryonline.com\/et\/"},{"@type":"ListItem","position":2,"name":"Privaatsuspoliitika"}]},{"@type":"WebSite","@id":"https:\/\/jackpotlotteryonline.com\/#website","url":"https:\/\/jackpotlotteryonline.com\/","name":"Lotto Online - Crack The International Lottery Jackpots","description":"","potentialAction":[{"@type":"SearchAction","target":{"@type":"EntryPoint","urlTemplate":"https:\/\/jackpotlotteryonline.com\/?s={search_term_string}"},"query-input":"required name=search_term_string"}],"inLanguage":"et"}]}},"_links":{"self":[{"href":"https:\/\/jackpotlotteryonline.com\/et\/wp-json\/wp\/v2\/pages\/73145","targetHints":{"allow":["GET"]}}],"collection":[{"href":"https:\/\/jackpotlotteryonline.com\/et\/wp-json\/wp\/v2\/pages"}],"about":[{"href":"https:\/\/jackpotlotteryonline.com\/et\/wp-json\/wp\/v2\/types\/page"}],"author":[{"embeddable":true,"href":"https:\/\/jackpotlotteryonline.com\/et\/wp-json\/wp\/v2\/users\/7"}],"replies":[{"embeddable":true,"href":"https:\/\/jackpotlotteryonline.com\/et\/wp-json\/wp\/v2\/comments?post=73145"}],"version-history":[{"count":0,"href":"https:\/\/jackpotlotteryonline.com\/et\/wp-json\/wp\/v2\/pages\/73145\/revisions"}],"wp:attachment":[{"href":"https:\/\/jackpotlotteryonline.com\/et\/wp-json\/wp\/v2\/media?parent=73145"}],"curies":[{"name":"wp","href":"https:\/\/api.w.org\/{rel}","templated":true}]}}