{"id":77586,"date":"2025-03-21T17:23:34","date_gmt":"2025-03-21T17:23:34","guid":{"rendered":"https:\/\/jackpotlotteryonline.com\/?page_id=77586"},"modified":"2025-03-21T17:23:34","modified_gmt":"2025-03-21T17:23:34","slug":"kust-saab-osta-new-yorgi-loteriipileteid-valjaspool-usa-d","status":"publish","type":"page","link":"https:\/\/jackpotlotteryonline.com\/et\/kuidas-osta-loteriipileteid-internetis\/kust-saab-osta-new-yorgi-loteriipileteid-valjaspool-usa-d\/","title":{"rendered":"Kust saab osta New Yorgi loteriipileteid v\u00e4ljaspool USA-d?"},"content":{"rendered":"<p>Need New Yorgi jackpotid on t\u00e4iesti suured \u2013 need on peaaegu legendaarsed. Inimesed \u00fcle kogu maailma j\u00e4litavad neid! Kuidas on lood inimestega, kes ei asu USA-s? Kas saate osta New Yorgi loterii pileteid v\u00e4ljaspool USA-d Absoluutselt! Arva \u00e4ra, mida? JackpotLottery v\u00f5imaldab teil veebis osta t\u00f5elisi New Yorgi loteriipileteid, n\u00e4iteks k\u00f5ikjalt planeedil!<\/p>\n<h2>Kas New Yorgi loteriipileteid saab osta v\u00e4ljaspool USA-d?<\/h2>\n<p>T\u00e4iesti! Seega, isegi kui te ei viibi New Yorgis v\u00f5i isegi Ameerikas, v\u00f5ite siiski osaleda New Yorgi loteriis. JackpotLottery abil saavad rahvusvahelised m\u00e4ngijad loteriipileteid turvaliselt osta k\u00f5ikjalt. See \u00fchtlustab m\u00e4nguv\u00e4lja, andes teile samasugused v\u00f5iduv\u00f5imalused, nagu ostaksite pileti isiklikult. P\u00f5him\u00f5tteliselt laseb JackpotLottery teie eest pileti osta, n\u00e4iteks isiklikul loteriil ostjal. Saate oma kontole ametliku pileti skannitud koopia, mis t\u00f5endab selget ostu ja lisab turvalisust.<\/p>\n<h3>Kuidas osta New Yorgi loteriipileteid v\u00f5rgus JackpotLottery kaudu<img loading=\"lazy\" decoding=\"async\" class=\" wp-image-29318 alignright\" src=\"https:\/\/jackpotlotteryonline.com\/wp-content\/uploads\/2022\/11\/1_play_onlinelottery=\"4-300x20C.jpg, mille kaudu ostate Ti Yorksside'i USA\" width=\"262\" height=\"174\" \/><\/h3>\n<p>Rahvusvaheline New Yorgi loterii m\u00e4ngimine on Jackpotloterii kasutamisel v\u00e4ga k\u00e4ttesaadav. Need lihtsad juhised aitavad teil:<\/p>\n<p>1. Alustage registreerumisega. Alustage JackpotLotteryga, sisestades oma andmed ja kinnitades oma isiku kohe. Nii on k\u00f5ik turvaline ja teil ei teki probleeme v\u00f5itude k\u00e4ttesaamisega.<br \/>\n2. Valige jaotises Loteriid New Yorgi loterii. Kui otsite suurt jackpotti, on New Yorgi loto v\u00e4ga populaarne valik.<br \/>\n3. N\u00fc\u00fcd valige oma numbrid. Teil on v\u00f5imalik k\u00e4sitsi valida kuus numbrit vahemikus 1 kuni 59 v\u00f5i kasutada funktsiooni Quick Pick, et s\u00fcsteem need teie eest juhuslikult genereeriks.<br \/>\n4. J\u00e4tkake pileti ostmisega. Pileti mugavaks ostmiseks valige meie saadaolevate makseviiside hulgast. P\u00e4rast edukat ostukinnitust j\u00e4tkab JackpotLottery teie nimele ametliku pileti soetamist.<\/p>\n<p>5. Selgita v\u00e4lja loosimise tulemused.<br \/>\nTea kohe, kui oled saavutanud jackpoti.<br \/>\n6. Kinnitatud maksegarantii<br \/>\nV\u00e4ikesed v\u00f5idud laekuvad otse teie kontole ja suurte v\u00f5itude eest hoolitseb k\u00f5ige eest JackpotLottery.<\/p>\n<p><strong>M\u00e4ngige New Yorgi loteriid juba t\u00e4na<\/strong><br \/>\nN\u00fc\u00fcd teate, kuidas v\u00e4lismaalt m\u00e4ngida, minge edasi ja proovige New Yorgi loteriis suurt v\u00f5itu. Astuge tegevusse! Registreeruge JackpotLotteryga, haarake pilet ja osalege Ameerika p\u00f5nevas loteriis! Olete vaid \u00fche pileti kaugusel oma jackpoti unistuste elluviimisest.<\/p>\n","protected":false},"excerpt":{"rendered":"<p>Need New Yorgi jackpotid on t\u00e4iesti suured \u2013 need on peaaegu legendaarsed. Inimesed \u00fcle kogu maailma j\u00e4litavad neid! Kuidas on lood inimestega, kes ei asu USA-s? Kas saate osta New Yorgi loterii pileteid v\u00e4ljaspool USA-d Absoluutselt! Arva \u00e4ra, mida? JackpotLottery v\u00f5imaldab teil veebis osta t\u00f5elisi New Yorgi loteriipileteid, n\u00e4iteks k\u00f5ikjalt planeedil! Kas New Yorgi loteriipileteid [&hellip;]<\/p>\n","protected":false},"author":7,"featured_media":0,"parent":35747,"menu_order":0,"comment_status":"closed","ping_status":"closed","template":"","meta":{"_et_pb_use_builder":"","_et_pb_old_content":"","_et_gb_content_width":"","exclude_from_search":false,"footnotes":""},"class_list":["post-77586","page","type-page","status-publish","hentry"],"yoast_head":"<!-- This site is optimized with the Yoast SEO plugin v23.3 - https:\/\/yoast.com\/wordpress\/plugins\/seo\/ -->\n<title>Kas saate osta New Yorgi loteriipileteid v\u00e4ljaspool USA-d?<\/title>\n<meta name=\"description\" content=\"Kas soovite osta New Yorgi loteriipileteid v\u00e4ljastpoolt USA-d? Avastage parimad viisid v\u00f5rgus m\u00e4ngimiseks ja rahvusvaheliselt auhindu v\u00f5itmiseks!\" \/>\n<meta name=\"robots\" content=\"index, follow, max-snippet:-1, max-image-preview:large, max-video-preview:-1\" \/>\n<link rel=\"canonical\" href=\"https:\/\/jackpotlotteryonline.com\/where-can-you-buy-new-york-lottery-tickets-outside-the-usa\/\" \/>\n<meta property=\"og:locale\" content=\"et_EE\" \/>\n<meta property=\"og:type\" content=\"article\" \/>\n<meta property=\"og:title\" content=\"Kas saate osta New Yorgi loteriipileteid v\u00e4ljaspool USA-d?\" \/>\n<meta property=\"og:description\" content=\"Kas soovite osta New Yorgi loteriipileteid v\u00e4ljastpoolt USA-d? Avastage parimad viisid v\u00f5rgus m\u00e4ngimiseks ja rahvusvaheliselt auhindu v\u00f5itmiseks!\" \/>\n<meta property=\"og:url\" content=\"https:\/\/jackpotlotteryonline.com\/where-can-you-buy-new-york-lottery-tickets-outside-the-usa\/\" \/>\n<meta property=\"og:site_name\" content=\"Lotto Online - Crack The International Lottery Jackpots\" \/>\n<meta property=\"og:image\" content=\"https:\/\/jackpotlotteryonline.com\/wp-content\/uploads\/2022\/11\/1_play_onlinelottery=\" \/>\n<meta name=\"twitter:card\" content=\"summary_large_image\" \/>\n<!-- \/ Yoast SEO plugin. -->","yoast_head_json":{"title":"Kas saate osta New Yorgi loteriipileteid v\u00e4ljaspool USA-d?","description":"Kas soovite osta New Yorgi loteriipileteid v\u00e4ljastpoolt USA-d? Avastage parimad viisid v\u00f5rgus m\u00e4ngimiseks ja rahvusvaheliselt auhindu v\u00f5itmiseks!","robots":{"index":"index","follow":"follow","max-snippet":"max-snippet:-1","max-image-preview":"max-image-preview:large","max-video-preview":"max-video-preview:-1"},"canonical":"https:\/\/jackpotlotteryonline.com\/where-can-you-buy-new-york-lottery-tickets-outside-the-usa\/","og_locale":"et_EE","og_type":"article","og_title":"Kas saate osta New Yorgi loteriipileteid v\u00e4ljaspool USA-d?","og_description":"Kas soovite osta New Yorgi loteriipileteid v\u00e4ljastpoolt USA-d? Avastage parimad viisid v\u00f5rgus m\u00e4ngimiseks ja rahvusvaheliselt auhindu v\u00f5itmiseks!","og_url":"https:\/\/jackpotlotteryonline.com\/where-can-you-buy-new-york-lottery-tickets-outside-the-usa\/","og_site_name":"Lotto Online - Crack The International Lottery Jackpots","og_image":[{"url":"https:\/\/jackpotlotteryonline.com\/wp-content\/uploads\/2022\/11\/1_play_onlinelottery="}],"twitter_card":"summary_large_image","schema":{"@context":"https:\/\/schema.org","@graph":[{"@type":"WebPage","@id":"https:\/\/jackpotlotteryonline.com\/where-can-you-buy-new-york-lottery-tickets-outside-the-usa\/","url":"https:\/\/jackpotlotteryonline.com\/where-can-you-buy-new-york-lottery-tickets-outside-the-usa\/","name":"Kas saate osta New Yorgi loteriipileteid v\u00e4ljaspool USA-d?","isPartOf":{"@id":"https:\/\/jackpotlotteryonline.com\/#website"},"primaryImageOfPage":{"@id":"https:\/\/jackpotlotteryonline.com\/where-can-you-buy-new-york-lottery-tickets-outside-the-usa\/#primaryimage"},"image":{"@id":"https:\/\/jackpotlotteryonline.com\/where-can-you-buy-new-york-lottery-tickets-outside-the-usa\/#primaryimage"},"thumbnailUrl":"https:\/\/jackpotlotteryonline.com\/wp-content\/uploads\/2022\/11\/1_play_onlinelottery=","datePublished":"2025-03-21T17:23:34+00:00","dateModified":"2025-03-21T17:23:34+00:00","description":"Kas soovite osta New Yorgi loteriipileteid v\u00e4ljastpoolt USA-d? Avastage parimad viisid v\u00f5rgus m\u00e4ngimiseks ja rahvusvaheliselt auhindu v\u00f5itmiseks!","breadcrumb":{"@id":"https:\/\/jackpotlotteryonline.com\/where-can-you-buy-new-york-lottery-tickets-outside-the-usa\/#breadcrumb"},"inLanguage":"et","potentialAction":[{"@type":"ReadAction","target":["https:\/\/jackpotlotteryonline.com\/where-can-you-buy-new-york-lottery-tickets-outside-the-usa\/"]}]},{"@type":"ImageObject","inLanguage":"et","@id":"https:\/\/jackpotlotteryonline.com\/where-can-you-buy-new-york-lottery-tickets-outside-the-usa\/#primaryimage","url":"https:\/\/jackpotlotteryonline.com\/wp-content\/uploads\/2022\/11\/1_play_onlinelottery=","contentUrl":"https:\/\/jackpotlotteryonline.com\/wp-content\/uploads\/2022\/11\/1_play_onlinelottery="},{"@type":"BreadcrumbList","@id":"https:\/\/jackpotlotteryonline.com\/where-can-you-buy-new-york-lottery-tickets-outside-the-usa\/#breadcrumb","itemListElement":[{"@type":"ListItem","position":1,"name":"Home","item":"https:\/\/jackpotlotteryonline.com\/et\/"},{"@type":"ListItem","position":2,"name":"Kust saab osta New Yorgi loteriipileteid v\u00e4ljaspool USA-d?"}]},{"@type":"WebSite","@id":"https:\/\/jackpotlotteryonline.com\/#website","url":"https:\/\/jackpotlotteryonline.com\/","name":"Lotto Online - Crack The International Lottery Jackpots","description":"","potentialAction":[{"@type":"SearchAction","target":{"@type":"EntryPoint","urlTemplate":"https:\/\/jackpotlotteryonline.com\/?s={search_term_string}"},"query-input":"required name=search_term_string"}],"inLanguage":"et"}]}},"_links":{"self":[{"href":"https:\/\/jackpotlotteryonline.com\/et\/wp-json\/wp\/v2\/pages\/77586","targetHints":{"allow":["GET"]}}],"collection":[{"href":"https:\/\/jackpotlotteryonline.com\/et\/wp-json\/wp\/v2\/pages"}],"about":[{"href":"https:\/\/jackpotlotteryonline.com\/et\/wp-json\/wp\/v2\/types\/page"}],"author":[{"embeddable":true,"href":"https:\/\/jackpotlotteryonline.com\/et\/wp-json\/wp\/v2\/users\/7"}],"replies":[{"embeddable":true,"href":"https:\/\/jackpotlotteryonline.com\/et\/wp-json\/wp\/v2\/comments?post=77586"}],"version-history":[{"count":1,"href":"https:\/\/jackpotlotteryonline.com\/et\/wp-json\/wp\/v2\/pages\/77586\/revisions"}],"predecessor-version":[{"id":77587,"href":"https:\/\/jackpotlotteryonline.com\/et\/wp-json\/wp\/v2\/pages\/77586\/revisions\/77587"}],"up":[{"embeddable":true,"href":"https:\/\/jackpotlotteryonline.com\/et\/wp-json\/wp\/v2\/pages\/35747"}],"wp:attachment":[{"href":"https:\/\/jackpotlotteryonline.com\/et\/wp-json\/wp\/v2\/media?parent=77586"}],"curies":[{"name":"wp","href":"https:\/\/api.w.org\/{rel}","templated":true}]}}