{"id":77664,"date":"2025-03-22T07:31:20","date_gmt":"2025-03-22T07:31:20","guid":{"rendered":"https:\/\/jackpotlotteryonline.com\/?page_id=77664"},"modified":"2025-03-22T07:31:20","modified_gmt":"2025-03-22T07:31:20","slug":"uurige-valja-new-yorgi-loterii-tanased-tulemused","status":"publish","type":"page","link":"https:\/\/jackpotlotteryonline.com\/et\/winning-numbers\/uurige-valja-new-yorgi-loterii-tanased-tulemused\/","title":{"rendered":"Uurige v\u00e4lja New Yorgi loterii t\u00e4nased tulemused"},"content":{"rendered":"<p>Inimesed on New Yorgi loteriist alati p\u00f5nevil ja ootavad viimast loosimist. Kui vajate t\u00e4nap\u00e4eva New Yorgi loterii numbreid, olete t\u00e4pselt seal, kus peaksite olema. New Yorgi Lotto numbrite kontrollimine on kiire ja lihtne, vaid m\u00f5ne kl\u00f5psuga.<\/p>\n<h2>Kus ma saan n\u00e4ha New Yorgi loterii t\u00e4naseid tulemusi?<\/h2>\n<p>T\u00e4naseid New Yorgi loterii tulemusi on lihtne ja mugav kontrollida. Siit saate otsida v\u00f5idunumbreid;<br \/>\nToetuge JackpotLotteryle, et saada k\u00f5ige v\u00e4rskemad loterii tulemused ja v\u00f5imalus osta pileteid otse veebist. Kohe p\u00e4rast tulemuste avaldamist on need sellel platvormil tavaliselt saadaval. Lisaks teavitatakse teid kohe v\u00f5idu korral, tagades, et te ei j\u00e4\u00e4 oma v\u00f5idust ilma.<\/p>\n<p><strong>Millal on New Yorgi loterii loosimised?<img loading=\"lazy\" decoding=\"async\" class=\" wp-image-51568 alignright\" src=\"https:\/\/jackpotlotteryonline.com\/wp-content\/uploads\/2023\/09\/8.png\" alt=\"Kus ma saan n\u00e4ha New Yorgi loterii t\u00e4naseid tulemusi?\" width=\"233\" height=\"233\" srcset=\"https:\/\/jackpotlotteryonline.com\/wp-content\/uploads\/2023\/09\/8.png 300w, https:\/\/jackpotlotteryonline.com\/wp-content\/uploads\/2023\/09\/8-100x100.png 100w, https:\/\/jackpotlotteryonline.com\/wp-content\/uploads\/2023\/09\/8-150x150.png 150w\" sizes=\"auto, (max-width: 233px) 100vw, 233px\" \/><\/strong><\/p>\n<p>New Yorgi loto loosimist saate vaadata igal kolmap\u00e4eval ja laup\u00e4eval kell 23.21 ida aja j\u00e4rgi. Seda platvormi kasutades saate alati v\u00e4rskendusi. Loosimise loendur kuvatakse alati loterii k\u00f5rval.<\/p>\n<h3>Kuidas kontrollida, kas v\u00f5itsite New Yorgi loterii<\/h3>\n<ul>\n<li>Kui olete saanud New Yorgi loterii t\u00e4nased tulemused, juhendavad need sammud teid pileti kinnitamisel.<\/li>\n<li>V\u00f5rdlege oma numbreid: kontrollige, kas teie valitud numbrid on samad, mis joonistatud.<\/li>\n<li>Vaadake, kas teil on lisasid: m\u00f5nel m\u00e4ngul on boonusnumbrid ja kordajad.<\/li>\n<li>V\u00f5itude vastuv\u00f5tmiseks j\u00e4rgige meie sissen\u00f5udmismenetlust, mis s\u00f5ltub auhinnasummast, mis v\u00f5ib h\u00f5lmata v\u00e4iksemate summade taotlemist veebis v\u00f5i suurte jackpotide isiklikku kontrollimist.<\/li>\n<\/ul>\n<h2>Juhised New Yorgi loterii v\u00f5itjatele<\/h2>\n<p>Kui sa loterii v\u00f5idad, on sinu elu muutumas, seega pead sa tegema asju \u00f5igesti.<\/p>\n<ul>\n<li>P\u00fcsige tasemel ja kontrollige: enne t\u00e4histamist veenduge, et teie pilet vastaks ametlikele numbritele.<\/li>\n<li>Otsustage, kuidas soovite oma v\u00f5ite: jackpotid makstakse tavaliselt v\u00e4lja \u00fche maksena v\u00f5i iga-aastaste maksete seeriana.<\/li>\n<li>Tagage pikaajaline turvalisus: otsige finantsn\u00f5ustajalt n\u00f5u, et oma loteriiv\u00f5ite targalt hallata.<\/li>\n<li>Olge teadlik v\u00e4ljan\u00f5udmise t\u00e4htaegadest: veenduge, et v\u00f5tate oma auhinna kindlaks m\u00e4\u00e4ratud aja jooksul, kuna igal m\u00e4ngul on t\u00e4htaeg.<\/li>\n<\/ul>\n<p><strong>Hankige viivitamatult uusimad New Yorgi loterii tulemused!<\/strong><\/p>\n<p>N\u00fc\u00fcd, kui tead vastust; Kus ma saan n\u00e4ha New Yorgi loterii t\u00e4naseid tulemusi, kontrollige oma pileteid sageli. Viimaste loosimiste kohta kursis olemine suurendab teie eduv\u00f5imalusi, olenemata sellest, kas m\u00e4ngite juhuslikult v\u00f5i jackpoti nimel. Hankige k\u00f5ik v\u00e4rskeimad JackpotLottery v\u00e4rskendused ja suurendage oma v\u00f5iduv\u00f5imalusi! Soovime teile k\u00f5ike head.<\/p>\n","protected":false},"excerpt":{"rendered":"<p>Inimesed on New Yorgi loteriist alati p\u00f5nevil ja ootavad viimast loosimist. Kui vajate t\u00e4nap\u00e4eva New Yorgi loterii numbreid, olete t\u00e4pselt seal, kus peaksite olema. New Yorgi Lotto numbrite kontrollimine on kiire ja lihtne, vaid m\u00f5ne kl\u00f5psuga. Kus ma saan n\u00e4ha New Yorgi loterii t\u00e4naseid tulemusi? T\u00e4naseid New Yorgi loterii tulemusi on lihtne ja mugav kontrollida. [&hellip;]<\/p>\n","protected":false},"author":7,"featured_media":0,"parent":35822,"menu_order":0,"comment_status":"closed","ping_status":"closed","template":"","meta":{"_et_pb_use_builder":"","_et_pb_old_content":"","_et_gb_content_width":"","exclude_from_search":false,"footnotes":""},"class_list":["post-77664","page","type-page","status-publish","hentry"],"yoast_head":"<!-- This site is optimized with the Yoast SEO plugin v23.3 - https:\/\/yoast.com\/wordpress\/plugins\/seo\/ -->\n<title>Kust ma saan n\u00e4ha t\u00e4naseid New Yorgi loterii tulemusi?<\/title>\n<meta name=\"description\" content=\"Kust ma saan n\u00e4ha t\u00e4naseid New Yorgi loterii tulemusi? Siit saate teada, kust vaadata viivitamatult uusimaid v\u00f5idunumbreid ja olla kursis\" \/>\n<meta name=\"robots\" content=\"index, follow, max-snippet:-1, max-image-preview:large, max-video-preview:-1\" \/>\n<link rel=\"canonical\" href=\"https:\/\/jackpotlotteryonline.com\/find-out-todays-results-for-new-york-lottery-2\/\" \/>\n<meta property=\"og:locale\" content=\"et_EE\" \/>\n<meta property=\"og:type\" content=\"article\" \/>\n<meta property=\"og:title\" content=\"Kust ma saan n\u00e4ha t\u00e4naseid New Yorgi loterii tulemusi?\" \/>\n<meta property=\"og:description\" content=\"Kust ma saan n\u00e4ha t\u00e4naseid New Yorgi loterii tulemusi? Siit saate teada, kust vaadata viivitamatult uusimaid v\u00f5idunumbreid ja olla kursis\" \/>\n<meta property=\"og:url\" content=\"https:\/\/jackpotlotteryonline.com\/find-out-todays-results-for-new-york-lottery-2\/\" \/>\n<meta property=\"og:site_name\" content=\"Lotto Online - Crack The International Lottery Jackpots\" \/>\n<meta property=\"og:image\" content=\"https:\/\/jackpotlotteryonline.com\/wp-content\/uploads\/2023\/09\/8.png\" \/>\n<meta name=\"twitter:card\" content=\"summary_large_image\" \/>\n<!-- \/ Yoast SEO plugin. -->","yoast_head_json":{"title":"Kust ma saan n\u00e4ha t\u00e4naseid New Yorgi loterii tulemusi?","description":"Kust ma saan n\u00e4ha t\u00e4naseid New Yorgi loterii tulemusi? Siit saate teada, kust vaadata viivitamatult uusimaid v\u00f5idunumbreid ja olla kursis","robots":{"index":"index","follow":"follow","max-snippet":"max-snippet:-1","max-image-preview":"max-image-preview:large","max-video-preview":"max-video-preview:-1"},"canonical":"https:\/\/jackpotlotteryonline.com\/find-out-todays-results-for-new-york-lottery-2\/","og_locale":"et_EE","og_type":"article","og_title":"Kust ma saan n\u00e4ha t\u00e4naseid New Yorgi loterii tulemusi?","og_description":"Kust ma saan n\u00e4ha t\u00e4naseid New Yorgi loterii tulemusi? Siit saate teada, kust vaadata viivitamatult uusimaid v\u00f5idunumbreid ja olla kursis","og_url":"https:\/\/jackpotlotteryonline.com\/find-out-todays-results-for-new-york-lottery-2\/","og_site_name":"Lotto Online - Crack The International Lottery Jackpots","og_image":[{"url":"https:\/\/jackpotlotteryonline.com\/wp-content\/uploads\/2023\/09\/8.png"}],"twitter_card":"summary_large_image","schema":{"@context":"https:\/\/schema.org","@graph":[{"@type":"WebPage","@id":"https:\/\/jackpotlotteryonline.com\/find-out-todays-results-for-new-york-lottery-2\/","url":"https:\/\/jackpotlotteryonline.com\/find-out-todays-results-for-new-york-lottery-2\/","name":"Kust ma saan n\u00e4ha t\u00e4naseid New Yorgi loterii tulemusi?","isPartOf":{"@id":"https:\/\/jackpotlotteryonline.com\/#website"},"primaryImageOfPage":{"@id":"https:\/\/jackpotlotteryonline.com\/find-out-todays-results-for-new-york-lottery-2\/#primaryimage"},"image":{"@id":"https:\/\/jackpotlotteryonline.com\/find-out-todays-results-for-new-york-lottery-2\/#primaryimage"},"thumbnailUrl":"https:\/\/jackpotlotteryonline.com\/wp-content\/uploads\/2023\/09\/8.png","datePublished":"2025-03-22T07:31:20+00:00","dateModified":"2025-03-22T07:31:20+00:00","description":"Kust ma saan n\u00e4ha t\u00e4naseid New Yorgi loterii tulemusi? Siit saate teada, kust vaadata viivitamatult uusimaid v\u00f5idunumbreid ja olla kursis","breadcrumb":{"@id":"https:\/\/jackpotlotteryonline.com\/find-out-todays-results-for-new-york-lottery-2\/#breadcrumb"},"inLanguage":"et","potentialAction":[{"@type":"ReadAction","target":["https:\/\/jackpotlotteryonline.com\/find-out-todays-results-for-new-york-lottery-2\/"]}]},{"@type":"ImageObject","inLanguage":"et","@id":"https:\/\/jackpotlotteryonline.com\/find-out-todays-results-for-new-york-lottery-2\/#primaryimage","url":"https:\/\/jackpotlotteryonline.com\/wp-content\/uploads\/2023\/09\/8.png","contentUrl":"https:\/\/jackpotlotteryonline.com\/wp-content\/uploads\/2023\/09\/8.png"},{"@type":"BreadcrumbList","@id":"https:\/\/jackpotlotteryonline.com\/find-out-todays-results-for-new-york-lottery-2\/#breadcrumb","itemListElement":[{"@type":"ListItem","position":1,"name":"Home","item":"https:\/\/jackpotlotteryonline.com\/et\/"},{"@type":"ListItem","position":2,"name":"Uurige v\u00e4lja New Yorgi loterii t\u00e4nased tulemused"}]},{"@type":"WebSite","@id":"https:\/\/jackpotlotteryonline.com\/#website","url":"https:\/\/jackpotlotteryonline.com\/","name":"Lotto Online - Crack The International Lottery Jackpots","description":"","potentialAction":[{"@type":"SearchAction","target":{"@type":"EntryPoint","urlTemplate":"https:\/\/jackpotlotteryonline.com\/?s={search_term_string}"},"query-input":"required name=search_term_string"}],"inLanguage":"et"}]}},"_links":{"self":[{"href":"https:\/\/jackpotlotteryonline.com\/et\/wp-json\/wp\/v2\/pages\/77664","targetHints":{"allow":["GET"]}}],"collection":[{"href":"https:\/\/jackpotlotteryonline.com\/et\/wp-json\/wp\/v2\/pages"}],"about":[{"href":"https:\/\/jackpotlotteryonline.com\/et\/wp-json\/wp\/v2\/types\/page"}],"author":[{"embeddable":true,"href":"https:\/\/jackpotlotteryonline.com\/et\/wp-json\/wp\/v2\/users\/7"}],"replies":[{"embeddable":true,"href":"https:\/\/jackpotlotteryonline.com\/et\/wp-json\/wp\/v2\/comments?post=77664"}],"version-history":[{"count":2,"href":"https:\/\/jackpotlotteryonline.com\/et\/wp-json\/wp\/v2\/pages\/77664\/revisions"}],"predecessor-version":[{"id":77666,"href":"https:\/\/jackpotlotteryonline.com\/et\/wp-json\/wp\/v2\/pages\/77664\/revisions\/77666"}],"up":[{"embeddable":true,"href":"https:\/\/jackpotlotteryonline.com\/et\/wp-json\/wp\/v2\/pages\/35822"}],"wp:attachment":[{"href":"https:\/\/jackpotlotteryonline.com\/et\/wp-json\/wp\/v2\/media?parent=77664"}],"curies":[{"name":"wp","href":"https:\/\/api.w.org\/{rel}","templated":true}]}}