{"id":77732,"date":"2025-03-22T08:21:23","date_gmt":"2025-03-22T08:21:23","guid":{"rendered":"https:\/\/jackpotlotteryonline.com\/?page_id=77732"},"modified":"2025-03-22T08:21:23","modified_gmt":"2025-03-22T08:21:23","slug":"uurige-valja-kuidas-mangida-new-yorgi-loteriid-valjaspool-usa-d","status":"publish","type":"page","link":"https:\/\/jackpotlotteryonline.com\/et\/uurige-valja-kuidas-mangida-new-yorgi-loteriid-valjaspool-usa-d\/","title":{"rendered":"Uurige v\u00e4lja, kuidas m\u00e4ngida New Yorgi loteriid v\u00e4ljaspool USA-d"},"content":{"rendered":"<p>Kas soovite m\u00e4ngida New Yorgi loteriid isegi siis, kui olete poolel teel \u00fcle maakera? Need New Yorgi jackpotid on nii suured. Need pole naljaasi. Inimesed k\u00f5ikjalt unistavad v\u00f5itmisest. Olgu, kujutage ette seda: New Yorgi loterii, eks? Suured auhinnad, elumuutvad v\u00f5idud. Aga sa ei viibi just Times Square&#8217;il. Ei mingit higi! T\u00e4nu Jackpotlotteryonline&#8217;ile; kus saate osta New Yorgi loteriipileteid v\u00e4ljaspool USA-d, saate m\u00e4ngu t\u00e4ielikult h\u00fcpata k\u00f5ikjal, kus viibite.<\/p>\n<h2>Kas saate m\u00e4ngida New Yorgi loteriid v\u00e4ljaspool USA-d<img loading=\"lazy\" decoding=\"async\" class=\" wp-image-28535 alignright\" src=\"http:\/\/jackpotlotteryonline.com\/wp-content\/uploads\/2022\/11\/1_online_lottery_success-300x213.jpg\" M\u00e4ngi v\u00e4ljaspool USA-d\" width=\"220\" height=\"156\" srcset=\"https:\/\/jackpotlotteryonline.com\/wp-content\/uploads\/2022\/11\/1_online_lottery_success-300x213.jpg 300w, https:\/\/jackpotlotteryonline.com\/wp-content\/uploads\/2022\/11\/1_online_lottery_success.jpg 320w\" sizes=\"auto, (max-width: 220px) 100vw, 220px\" \/><\/h2>\n<p>Jah, ja te ei pea olema New Yorgis ega isegi USA-s. Meie platvorm v\u00f5imaldab teil pileteid haarata ja l\u00f5butsemisega liituda, t\u00e4pselt nagu keegi ostaks pileti nurgapealsest poest. Teil on sama v\u00f5imalus selle jackpoti saavutamisel.<\/p>\n<h3>Kuidas m\u00e4ngida New Yorgi loteriid v\u00e4ljaspool Ameerika \u00dchendriike<\/h3>\n<p>Jackpotlotteryonline&#8217;iga on see \u00fclilihtne:<\/p>\n<ul>\n<li>Looge konto: registreeruge, sisestage oma teave ja t\u00f5estage, et olete teie. Hoidke oma piletid ja sularaha turvalises kohas.<\/li>\n<li>Alustuseks leidke jaotis Loterii ja seej\u00e4rel valige m\u00e4ng New York Lotto.<\/li>\n<li>Valige oma \u00f5nnenumbrid: valige kuus numbrit (1\u201359) v\u00f5i vajutage nuppu &#8220;Kiire valiku funktsioon&#8221;.<\/li>\n<li>Ostke pilet: makske sellega, mis t\u00f6\u00f6tab, ja me saadame teile skannitud teie ametliku pileti.<\/li>\n<li>Oodake loosimist: loosimised toimuvad kolmap\u00e4eva ja laup\u00e4eva \u00f5htul. Kontrollige tulemusi sellel platvormil.<\/li>\n<\/ul>\n<h3>Miks ikkagi v\u00f5rgus m\u00e4ngida?<\/h3>\n<ul>\n<li>Lihtne: m\u00e4ngige oma diivanilt, pole vaja reisida.<\/li>\n<li>Kiirpiletid: ostke need kiiresti, ilma j\u00e4rjekordadeta.<\/li>\n<li>Kadunud pileteid pole: teie piletid on v\u00f5rgus, terved ja terved.<\/li>\n<li>V\u00f5itsite!: anname teile kohe teada ja v\u00e4ikesed v\u00f5idud l\u00e4hevad otse teie kontole.<br \/>\nTurvaline sularaha: hoolitseme selle eest, et saaksite oma v\u00f5idu k\u00e4tte, ilma naljaka asjata.<\/li>\n<\/ul>\n<p><strong>V\u00f5idu korral raha k\u00e4ttesaamine:<\/strong><\/p>\n<ul>\n<li>V\u00e4ikesed v\u00f5idud: anname selle otse teie kontole.<\/li>\n<li>Suured v\u00f5idud: aitame teil selle hankida, v\u00f5ib-olla isegi isiklikult.<\/li>\n<li>T\u00e4iesti turvaline: hoiame teie v\u00f5idud lukus.<\/li>\n<\/ul>\n<p><strong>Kas olete valmis oma \u00f5nne proovima?<\/strong><br \/>\nNew Yorgi loterii globaalne m\u00e4ngimine on n\u00fc\u00fcd uskumatult lihtne. Jackpotlotteryonline toob teieni New Yorgi loterii p\u00f5nevuse, olenemata sellest, kus te ka poleks. Numbrite valimine on imelihtne, olenemata sellest, kas valite need ise v\u00f5i kasutate funktsiooni Quick Pick, ning see on alati turvaline ja lihtne. N\u00fc\u00fcd, kui saate m\u00e4ngida New Yorgi loteriipileteid v\u00e4ljaspool USA-d, registreeruge v\u00f5i logige sisse meie platvormil, kui teil on juba meie juures konto ja liituge l\u00f5busaga. Kes teab, v\u00f5ite lihtsalt suure v\u00f5idu v\u00f5ita! Teie jackpoti unistus v\u00f5ib olla vaid m\u00f5ne hiirekl\u00f5psu kaugusel.<\/p>\n","protected":false},"excerpt":{"rendered":"<p>Kas soovite m\u00e4ngida New Yorgi loteriid isegi siis, kui olete poolel teel \u00fcle maakera? Need New Yorgi jackpotid on nii suured. Need pole naljaasi. Inimesed k\u00f5ikjalt unistavad v\u00f5itmisest. Olgu, kujutage ette seda: New Yorgi loterii, eks? Suured auhinnad, elumuutvad v\u00f5idud. Aga sa ei viibi just Times Square&#8217;il. Ei mingit higi! T\u00e4nu Jackpotlotteryonline&#8217;ile; kus saate osta [&hellip;]<\/p>\n","protected":false},"author":7,"featured_media":0,"parent":0,"menu_order":0,"comment_status":"closed","ping_status":"closed","template":"","meta":{"_et_pb_use_builder":"","_et_pb_old_content":"","_et_gb_content_width":"","exclude_from_search":false,"footnotes":""},"class_list":["post-77732","page","type-page","status-publish","hentry"],"yoast_head":"<!-- This site is optimized with the Yoast SEO plugin v23.3 - https:\/\/yoast.com\/wordpress\/plugins\/seo\/ -->\n<title>Kuidas m\u00e4ngida New Yorgi loteriid v\u00e4ljaspool Ameerika \u00dchendriike<\/title>\n<meta name=\"description\" content=\"Siit saate teada, kuidas m\u00e4ngida New Yorgi loteriid v\u00e4ljaspool USA-d. Avastage v\u00f5rguv\u00f5imalusi ja kuidas k\u00f5ikjalt auhindu vastu v\u00f5tta\" \/>\n<meta name=\"robots\" content=\"index, follow, max-snippet:-1, max-image-preview:large, max-video-preview:-1\" \/>\n<link rel=\"canonical\" href=\"https:\/\/jackpotlotteryonline.com\/find-out-how-to-play-the-new-york-lottery-from-outside-the-us\/\" \/>\n<meta property=\"og:locale\" content=\"et_EE\" \/>\n<meta property=\"og:type\" content=\"article\" \/>\n<meta property=\"og:title\" content=\"Kuidas m\u00e4ngida New Yorgi loteriid v\u00e4ljaspool Ameerika \u00dchendriike\" \/>\n<meta property=\"og:description\" content=\"Siit saate teada, kuidas m\u00e4ngida New Yorgi loteriid v\u00e4ljaspool USA-d. Avastage v\u00f5rguv\u00f5imalusi ja kuidas k\u00f5ikjalt auhindu vastu v\u00f5tta\" \/>\n<meta property=\"og:url\" content=\"https:\/\/jackpotlotteryonline.com\/find-out-how-to-play-the-new-york-lottery-from-outside-the-us\/\" \/>\n<meta property=\"og:site_name\" content=\"Lotto Online - Crack The International Lottery Jackpots\" \/>\n<meta property=\"og:image\" content=\"http:\/\/jackpotlotteryonline.com\/wp-content\/uploads\/2022\/11\/1_online_lottery_success-300x213.jpg\" \/>\n<meta name=\"twitter:card\" content=\"summary_large_image\" \/>\n<!-- \/ Yoast SEO plugin. -->","yoast_head_json":{"title":"Kuidas m\u00e4ngida New Yorgi loteriid v\u00e4ljaspool Ameerika \u00dchendriike","description":"Siit saate teada, kuidas m\u00e4ngida New Yorgi loteriid v\u00e4ljaspool USA-d. Avastage v\u00f5rguv\u00f5imalusi ja kuidas k\u00f5ikjalt auhindu vastu v\u00f5tta","robots":{"index":"index","follow":"follow","max-snippet":"max-snippet:-1","max-image-preview":"max-image-preview:large","max-video-preview":"max-video-preview:-1"},"canonical":"https:\/\/jackpotlotteryonline.com\/find-out-how-to-play-the-new-york-lottery-from-outside-the-us\/","og_locale":"et_EE","og_type":"article","og_title":"Kuidas m\u00e4ngida New Yorgi loteriid v\u00e4ljaspool Ameerika \u00dchendriike","og_description":"Siit saate teada, kuidas m\u00e4ngida New Yorgi loteriid v\u00e4ljaspool USA-d. Avastage v\u00f5rguv\u00f5imalusi ja kuidas k\u00f5ikjalt auhindu vastu v\u00f5tta","og_url":"https:\/\/jackpotlotteryonline.com\/find-out-how-to-play-the-new-york-lottery-from-outside-the-us\/","og_site_name":"Lotto Online - Crack The International Lottery Jackpots","og_image":[{"url":"http:\/\/jackpotlotteryonline.com\/wp-content\/uploads\/2022\/11\/1_online_lottery_success-300x213.jpg"}],"twitter_card":"summary_large_image","schema":{"@context":"https:\/\/schema.org","@graph":[{"@type":"WebPage","@id":"https:\/\/jackpotlotteryonline.com\/find-out-how-to-play-the-new-york-lottery-from-outside-the-us\/","url":"https:\/\/jackpotlotteryonline.com\/find-out-how-to-play-the-new-york-lottery-from-outside-the-us\/","name":"Kuidas m\u00e4ngida New Yorgi loteriid v\u00e4ljaspool Ameerika \u00dchendriike","isPartOf":{"@id":"https:\/\/jackpotlotteryonline.com\/#website"},"primaryImageOfPage":{"@id":"https:\/\/jackpotlotteryonline.com\/find-out-how-to-play-the-new-york-lottery-from-outside-the-us\/#primaryimage"},"image":{"@id":"https:\/\/jackpotlotteryonline.com\/find-out-how-to-play-the-new-york-lottery-from-outside-the-us\/#primaryimage"},"thumbnailUrl":"http:\/\/jackpotlotteryonline.com\/wp-content\/uploads\/2022\/11\/1_online_lottery_success-300x213.jpg","datePublished":"2025-03-22T08:21:23+00:00","dateModified":"2025-03-22T08:21:23+00:00","description":"Siit saate teada, kuidas m\u00e4ngida New Yorgi loteriid v\u00e4ljaspool USA-d. Avastage v\u00f5rguv\u00f5imalusi ja kuidas k\u00f5ikjalt auhindu vastu v\u00f5tta","breadcrumb":{"@id":"https:\/\/jackpotlotteryonline.com\/find-out-how-to-play-the-new-york-lottery-from-outside-the-us\/#breadcrumb"},"inLanguage":"et","potentialAction":[{"@type":"ReadAction","target":["https:\/\/jackpotlotteryonline.com\/find-out-how-to-play-the-new-york-lottery-from-outside-the-us\/"]}]},{"@type":"ImageObject","inLanguage":"et","@id":"https:\/\/jackpotlotteryonline.com\/find-out-how-to-play-the-new-york-lottery-from-outside-the-us\/#primaryimage","url":"http:\/\/jackpotlotteryonline.com\/wp-content\/uploads\/2022\/11\/1_online_lottery_success-300x213.jpg","contentUrl":"http:\/\/jackpotlotteryonline.com\/wp-content\/uploads\/2022\/11\/1_online_lottery_success-300x213.jpg"},{"@type":"BreadcrumbList","@id":"https:\/\/jackpotlotteryonline.com\/find-out-how-to-play-the-new-york-lottery-from-outside-the-us\/#breadcrumb","itemListElement":[{"@type":"ListItem","position":1,"name":"Home","item":"https:\/\/jackpotlotteryonline.com\/et\/"},{"@type":"ListItem","position":2,"name":"Uurige v\u00e4lja, kuidas m\u00e4ngida New Yorgi loteriid v\u00e4ljaspool USA-d"}]},{"@type":"WebSite","@id":"https:\/\/jackpotlotteryonline.com\/#website","url":"https:\/\/jackpotlotteryonline.com\/","name":"Lotto Online - Crack The International Lottery Jackpots","description":"","potentialAction":[{"@type":"SearchAction","target":{"@type":"EntryPoint","urlTemplate":"https:\/\/jackpotlotteryonline.com\/?s={search_term_string}"},"query-input":"required name=search_term_string"}],"inLanguage":"et"}]}},"_links":{"self":[{"href":"https:\/\/jackpotlotteryonline.com\/et\/wp-json\/wp\/v2\/pages\/77732","targetHints":{"allow":["GET"]}}],"collection":[{"href":"https:\/\/jackpotlotteryonline.com\/et\/wp-json\/wp\/v2\/pages"}],"about":[{"href":"https:\/\/jackpotlotteryonline.com\/et\/wp-json\/wp\/v2\/types\/page"}],"author":[{"embeddable":true,"href":"https:\/\/jackpotlotteryonline.com\/et\/wp-json\/wp\/v2\/users\/7"}],"replies":[{"embeddable":true,"href":"https:\/\/jackpotlotteryonline.com\/et\/wp-json\/wp\/v2\/comments?post=77732"}],"version-history":[{"count":1,"href":"https:\/\/jackpotlotteryonline.com\/et\/wp-json\/wp\/v2\/pages\/77732\/revisions"}],"predecessor-version":[{"id":77733,"href":"https:\/\/jackpotlotteryonline.com\/et\/wp-json\/wp\/v2\/pages\/77732\/revisions\/77733"}],"wp:attachment":[{"href":"https:\/\/jackpotlotteryonline.com\/et\/wp-json\/wp\/v2\/media?parent=77732"}],"curies":[{"name":"wp","href":"https:\/\/api.w.org\/{rel}","templated":true}]}}