{"id":73241,"date":"2025-02-03T07:37:55","date_gmt":"2025-02-03T07:37:55","guid":{"rendered":"https:\/\/jackpotlotteryonline.com\/?page_id=73241"},"modified":"2025-02-03T07:37:55","modified_gmt":"2025-02-03T07:37:55","slug":"mega-millions-usa","status":"publish","type":"page","link":"https:\/\/jackpotlotteryonline.com\/fa\/%d8%b1%d9%88%db%8c%d8%af%d8%a7%d8%af%d9%87%d8%a7-%d9%88-%d8%a8%d8%a7%d8%b2%db%8c%d9%87%d8%a7%db%8c-%d9%84%d8%a7%d8%aa%d8%a7%d8%b1%db%8c-%d8%a2%d9%86%d9%84%d8%a7%db%8c%d9%86\/mega-millions-usa\/","title":{"rendered":"Mega Millions USA"},"content":{"rendered":"<h2>The Mega Millions Online Lotto Jackpot<\/h2>\n<p> Mega Millions Jackpot Lotto spilles i Michigan, USA, og er tilgjengelig i 12 f\u00f8derale stater i USA. Trekningene finner sted hver tirsdag og fredag kveld kl. 20:00, og vinnersjansene kan v\u00e6re ganske h\u00f8ye for en heldig spiller. En Mega Millions billett er relativt billig, og den st\u00f8rste jackpotten som noen gang er utbetalt var p\u00e5 over 1,5 milliarder dollar.<br \/>\n<img loading=\"lazy\" decoding=\"async\" class=\"alignright size-full wp-image-17546\" src=\"http:\/\/jackpotlotteryonline.com\/wp-content\/uploads\/2022\/10\/logo_Mega_Millions_233x110.png\" alt=\"play mega millions online\" width=\"232\" height=\"110\" \/>Vel, hvis du vurderer \u00e5 spille Mega Millions, og det regelmessig, kan du forestille deg hvor mye tid og energi som kreves for \u00e5 l\u00f8pe til et lotteri to ganger i uken. Den beste m\u00e5ten \u00e5 fjerne komplikasjonene og spare tid p\u00e5, vil v\u00e6re \u00e5 spille online. <a href=\"https:\/\/jackpotlotteryonline.com\/buy-tickets\/mega-millions\">Kj\u00f8p billetten<\/a> med dine favorittnummer og f\u00e5 den levert rett til d\u00f8ren \u2013 det har aldri v\u00e6rt lettere. Med v\u00e5r hjelp kan alle i verden vinne Mega Millions Lotto Jackpot online!<\/p>\n<h2>Hvordan spille Mega Millions online<\/h2>\n<p> Mega Millions-lotteriet starter med et bel\u00f8p p\u00e5 20 millioner dollar og gikk inn i historien da det n\u00e5dde 1,5 milliarder dollar, den st\u00f8rste lotterijackpotten i amerikansk historie! Spillere kan velge fem tall mellom 1 og 56 (hvite baller) pluss ett s\u00e5kalt Mega-nummer mellom 1 og 46 (gullball).<br \/>\n<img loading=\"lazy\" decoding=\"async\" class=\"alignright size-full wp-image-19115\" src=\"http:\/\/jackpotlotteryonline.com\/wp-content\/uploads\/2022\/10\/2_ticket_mega_millions3.jpg\" alt=\"mega millions ticket scan\" width=\"180\" height=\"193\" \/>For \u00e5 vinne jackpotten, m\u00e5 du f\u00e5 alle fem tallene og Mega-tallet riktig. Men selv om du ikke vinner jackpotten, har du fortsatt en god sjanse til \u00e5 vinne, da 1 av 40 billetter vinner. Alle vil v\u00e6re enige om at det er veldig gode odds for \u00e5 vinne et lotteri.<\/p>\n<p>Jackpotten vil bli utbetalt i 26 \u00e5rlige betalinger, ogs\u00e5 kjent som annuitetsalternativet, eller du kan velge en engangsbetaling der du f\u00e5r utbetalt n\u00e5verdien av annuiteten. <a href=\"http:\/\/jackpotlotteryonline.com\/winning-numbers\/mega-millions\">Trekningene<\/a> finner vanligvis sted i Idaho (Georgia), men n\u00e5r jackpotten krysser 200 millioner dollar, holdes trekningen p\u00e5 Times Square (New York City).<\/p>\n<p>Du m\u00e5 v\u00e6re minst 18 \u00e5r for \u00e5 spille p\u00e5 dette lotteriet, men du trenger ikke \u00e5 v\u00e6re statsborger eller bosatt i USA. Med v\u00e5r hjelp kan du spille fra utenfor USA, fra hvor som helst i verden. Faktisk vil vi ogs\u00e5 hjelpe deg med \u00e5 f\u00e5 utbetalingen trygt til deg uten problemer.<\/p>\n<h2>Ekstra alternativer<\/h2>\n<p> I nesten alle jurisdiksjoner (42 av 43, unntatt California) for Mega Millions, har spillerne muligheten til \u00e5 aktivere en ekstra funksjon kalt Megaplier. Megaplier dobler innsatsen i spillet, og spillerne kan multiplisere premiene som ikke er jackpot med 2, 3 eller 4 ganger. Selvf\u00f8lgelig er det ikke n\u00f8dvendig \u00e5 nevne at oddsen reduseres.<br \/>\nS\u00e5, med s\u00e5 mye p\u00e5 spill, er det p\u00e5 tide at du vurderer \u00e5 spille Mega Millions, det kan hjelpe deg \u00e5 realisere dr\u00f8mmene dine. Registrer deg p\u00e5 nettstedet v\u00e5rt og pr\u00f8v lykken p\u00e5 den st\u00f8rste amerikanske lotterien noensinne.<\/p>\n<section class=\"layout\" style=\"border: solid 1px; width: 100%;\">\n<div class=\"img-div\" style=\"margin-top: 5px;\"><img decoding=\"async\" class=\"wp-image-17212 alignleft\" style=\"height: 45px; margin: 8px 8px 0px;\" src=\"http:\/\/jackpotlotteryonline.com\/wp-content\/uploads\/2022\/11\/read1.jpg\" alt=\"read\" width=\"\" height=\"\" \/><\/div>\n<div style=\"padding-left: 5px;\">\n<div style=\"font-size: 1.1em;\">\n<strong>Din nasjonale lotteri i internasjonal sammenligning<\/strong><\/p>\n<p style=\"font-size: 0.85em; margin-top: -1.5em;\">Ditt lokale lotteri kan v\u00e6re ditt d\u00e5rligste alternativ &#8211; hvorfor det gir mer mening \u00e5 betale mer, men g\u00e5 for st\u00f8rre jackpotter <a href=\"https:\/\/jackpotlotteryonline.com\/your-national-lottery-in-international-comparison\">les mer<\/a><\/p>\n<p>Spill Mega Millions Online<br \/>\nSpill Mega Millions Online fra utenfor USA<br \/>\nUS Mega Millions lotto jackpot er moren til alle lotterier, og du kan spille online n\u00e5, selv om du bor utenfor USA.<\/p>\n","protected":false},"excerpt":{"rendered":"<p>The Mega Millions Online Lotto Jackpot Mega Millions Jackpot Lotto spilles i Michigan, USA, og er tilgjengelig i 12 f\u00f8derale stater i USA. Trekningene finner sted hver tirsdag og fredag kveld kl. 20:00, og vinnersjansene kan v\u00e6re ganske h\u00f8ye for en heldig spiller. En Mega Millions billett er relativt billig, og den st\u00f8rste jackpotten som [&hellip;]<\/p>\n","protected":false},"author":7,"featured_media":0,"parent":73084,"menu_order":2,"comment_status":"closed","ping_status":"closed","template":"megamillion.php","meta":{"_et_pb_use_builder":"","_et_pb_old_content":"","_et_gb_content_width":"","exclude_from_search":false,"footnotes":""},"class_list":["post-73241","page","type-page","status-publish","hentry"],"yoast_head":"<!-- This site is optimized with the Yoast SEO plugin v23.3 - https:\/\/yoast.com\/wordpress\/plugins\/seo\/ -->\n<title>Mega Millions USA - Lotto Online - Crack The International Lottery Jackpots<\/title>\n<meta name=\"robots\" content=\"index, follow, max-snippet:-1, max-image-preview:large, max-video-preview:-1\" \/>\n<link rel=\"canonical\" href=\"https:\/\/jackpotlotteryonline.com\/fa\/\u0631\u0648\u06cc\u062f\u0627\u062f\u0647\u0627-\u0648-\u0628\u0627\u0632\u06cc\u0647\u0627\u06cc-\u0644\u0627\u062a\u0627\u0631\u06cc-\u0622\u0646\u0644\u0627\u06cc\u0646\/mega-millions-usa\/\" \/>\n<meta property=\"og:locale\" content=\"fa_IR\" \/>\n<meta property=\"og:type\" content=\"article\" \/>\n<meta property=\"og:title\" content=\"Mega Millions USA - Lotto Online - Crack The International Lottery Jackpots\" \/>\n<meta property=\"og:description\" content=\"The Mega Millions Online Lotto Jackpot Mega Millions Jackpot Lotto spilles i Michigan, USA, og er tilgjengelig i 12 f\u00f8derale stater i USA. Trekningene finner sted hver tirsdag og fredag kveld kl. 20:00, og vinnersjansene kan v\u00e6re ganske h\u00f8ye for en heldig spiller. En Mega Millions billett er relativt billig, og den st\u00f8rste jackpotten som [&hellip;]\" \/>\n<meta property=\"og:url\" content=\"https:\/\/jackpotlotteryonline.com\/fa\/\u0631\u0648\u06cc\u062f\u0627\u062f\u0647\u0627-\u0648-\u0628\u0627\u0632\u06cc\u0647\u0627\u06cc-\u0644\u0627\u062a\u0627\u0631\u06cc-\u0622\u0646\u0644\u0627\u06cc\u0646\/mega-millions-usa\/\" \/>\n<meta property=\"og:site_name\" content=\"Lotto Online - Crack The International Lottery Jackpots\" \/>\n<meta property=\"og:image\" content=\"http:\/\/jackpotlotteryonline.com\/wp-content\/uploads\/2022\/10\/logo_Mega_Millions_233x110.png\" \/>\n<meta name=\"twitter:card\" content=\"summary_large_image\" \/>\n<!-- \/ Yoast SEO plugin. -->","yoast_head_json":{"title":"Mega Millions USA - Lotto Online - Crack The International Lottery Jackpots","robots":{"index":"index","follow":"follow","max-snippet":"max-snippet:-1","max-image-preview":"max-image-preview:large","max-video-preview":"max-video-preview:-1"},"canonical":"https:\/\/jackpotlotteryonline.com\/fa\/\u0631\u0648\u06cc\u062f\u0627\u062f\u0647\u0627-\u0648-\u0628\u0627\u0632\u06cc\u0647\u0627\u06cc-\u0644\u0627\u062a\u0627\u0631\u06cc-\u0622\u0646\u0644\u0627\u06cc\u0646\/mega-millions-usa\/","og_locale":"fa_IR","og_type":"article","og_title":"Mega Millions USA - Lotto Online - Crack The International Lottery Jackpots","og_description":"The Mega Millions Online Lotto Jackpot Mega Millions Jackpot Lotto spilles i Michigan, USA, og er tilgjengelig i 12 f\u00f8derale stater i USA. Trekningene finner sted hver tirsdag og fredag kveld kl. 20:00, og vinnersjansene kan v\u00e6re ganske h\u00f8ye for en heldig spiller. En Mega Millions billett er relativt billig, og den st\u00f8rste jackpotten som [&hellip;]","og_url":"https:\/\/jackpotlotteryonline.com\/fa\/\u0631\u0648\u06cc\u062f\u0627\u062f\u0647\u0627-\u0648-\u0628\u0627\u0632\u06cc\u0647\u0627\u06cc-\u0644\u0627\u062a\u0627\u0631\u06cc-\u0622\u0646\u0644\u0627\u06cc\u0646\/mega-millions-usa\/","og_site_name":"Lotto Online - Crack The International Lottery Jackpots","og_image":[{"url":"http:\/\/jackpotlotteryonline.com\/wp-content\/uploads\/2022\/10\/logo_Mega_Millions_233x110.png"}],"twitter_card":"summary_large_image","schema":{"@context":"https:\/\/schema.org","@graph":[{"@type":"WebPage","@id":"https:\/\/jackpotlotteryonline.com\/fa\/%d8%b1%d9%88%db%8c%d8%af%d8%a7%d8%af%d9%87%d8%a7-%d9%88-%d8%a8%d8%a7%d8%b2%db%8c%d9%87%d8%a7%db%8c-%d9%84%d8%a7%d8%aa%d8%a7%d8%b1%db%8c-%d8%a2%d9%86%d9%84%d8%a7%db%8c%d9%86\/mega-millions-usa\/","url":"https:\/\/jackpotlotteryonline.com\/fa\/%d8%b1%d9%88%db%8c%d8%af%d8%a7%d8%af%d9%87%d8%a7-%d9%88-%d8%a8%d8%a7%d8%b2%db%8c%d9%87%d8%a7%db%8c-%d9%84%d8%a7%d8%aa%d8%a7%d8%b1%db%8c-%d8%a2%d9%86%d9%84%d8%a7%db%8c%d9%86\/mega-millions-usa\/","name":"Mega Millions USA - Lotto Online - Crack The International Lottery Jackpots","isPartOf":{"@id":"https:\/\/jackpotlotteryonline.com\/#website"},"primaryImageOfPage":{"@id":"https:\/\/jackpotlotteryonline.com\/fa\/%d8%b1%d9%88%db%8c%d8%af%d8%a7%d8%af%d9%87%d8%a7-%d9%88-%d8%a8%d8%a7%d8%b2%db%8c%d9%87%d8%a7%db%8c-%d9%84%d8%a7%d8%aa%d8%a7%d8%b1%db%8c-%d8%a2%d9%86%d9%84%d8%a7%db%8c%d9%86\/mega-millions-usa\/#primaryimage"},"image":{"@id":"https:\/\/jackpotlotteryonline.com\/fa\/%d8%b1%d9%88%db%8c%d8%af%d8%a7%d8%af%d9%87%d8%a7-%d9%88-%d8%a8%d8%a7%d8%b2%db%8c%d9%87%d8%a7%db%8c-%d9%84%d8%a7%d8%aa%d8%a7%d8%b1%db%8c-%d8%a2%d9%86%d9%84%d8%a7%db%8c%d9%86\/mega-millions-usa\/#primaryimage"},"thumbnailUrl":"http:\/\/jackpotlotteryonline.com\/wp-content\/uploads\/2022\/10\/logo_Mega_Millions_233x110.png","datePublished":"2025-02-03T07:37:55+00:00","dateModified":"2025-02-03T07:37:55+00:00","breadcrumb":{"@id":"https:\/\/jackpotlotteryonline.com\/fa\/%d8%b1%d9%88%db%8c%d8%af%d8%a7%d8%af%d9%87%d8%a7-%d9%88-%d8%a8%d8%a7%d8%b2%db%8c%d9%87%d8%a7%db%8c-%d9%84%d8%a7%d8%aa%d8%a7%d8%b1%db%8c-%d8%a2%d9%86%d9%84%d8%a7%db%8c%d9%86\/mega-millions-usa\/#breadcrumb"},"inLanguage":"fa-IR","potentialAction":[{"@type":"ReadAction","target":["https:\/\/jackpotlotteryonline.com\/fa\/%d8%b1%d9%88%db%8c%d8%af%d8%a7%d8%af%d9%87%d8%a7-%d9%88-%d8%a8%d8%a7%d8%b2%db%8c%d9%87%d8%a7%db%8c-%d9%84%d8%a7%d8%aa%d8%a7%d8%b1%db%8c-%d8%a2%d9%86%d9%84%d8%a7%db%8c%d9%86\/mega-millions-usa\/"]}]},{"@type":"ImageObject","inLanguage":"fa-IR","@id":"https:\/\/jackpotlotteryonline.com\/fa\/%d8%b1%d9%88%db%8c%d8%af%d8%a7%d8%af%d9%87%d8%a7-%d9%88-%d8%a8%d8%a7%d8%b2%db%8c%d9%87%d8%a7%db%8c-%d9%84%d8%a7%d8%aa%d8%a7%d8%b1%db%8c-%d8%a2%d9%86%d9%84%d8%a7%db%8c%d9%86\/mega-millions-usa\/#primaryimage","url":"http:\/\/jackpotlotteryonline.com\/wp-content\/uploads\/2022\/10\/logo_Mega_Millions_233x110.png","contentUrl":"http:\/\/jackpotlotteryonline.com\/wp-content\/uploads\/2022\/10\/logo_Mega_Millions_233x110.png"},{"@type":"BreadcrumbList","@id":"https:\/\/jackpotlotteryonline.com\/fa\/%d8%b1%d9%88%db%8c%d8%af%d8%a7%d8%af%d9%87%d8%a7-%d9%88-%d8%a8%d8%a7%d8%b2%db%8c%d9%87%d8%a7%db%8c-%d9%84%d8%a7%d8%aa%d8%a7%d8%b1%db%8c-%d8%a2%d9%86%d9%84%d8%a7%db%8c%d9%86\/mega-millions-usa\/#breadcrumb","itemListElement":[{"@type":"ListItem","position":1,"name":"Home","item":"https:\/\/jackpotlotteryonline.com\/fa\/"},{"@type":"ListItem","position":2,"name":"\u0631\u0648\u06cc\u062f\u0627\u062f\u0647\u0627 \u0648 \u0628\u0627\u0632\u06cc\u200c\u0647\u0627\u06cc \u0644\u0627\u062a\u0627\u0631\u06cc \u0622\u0646\u0644\u0627\u06cc\u0646","item":"https:\/\/jackpotlotteryonline.com\/fa\/%d8%b1%d9%88%db%8c%d8%af%d8%a7%d8%af%d9%87%d8%a7-%d9%88-%d8%a8%d8%a7%d8%b2%db%8c%d9%87%d8%a7%db%8c-%d9%84%d8%a7%d8%aa%d8%a7%d8%b1%db%8c-%d8%a2%d9%86%d9%84%d8%a7%db%8c%d9%86\/"},{"@type":"ListItem","position":3,"name":"Mega Millions USA"}]},{"@type":"WebSite","@id":"https:\/\/jackpotlotteryonline.com\/#website","url":"https:\/\/jackpotlotteryonline.com\/","name":"Lotto Online - Crack The International Lottery Jackpots","description":"","potentialAction":[{"@type":"SearchAction","target":{"@type":"EntryPoint","urlTemplate":"https:\/\/jackpotlotteryonline.com\/?s={search_term_string}"},"query-input":"required name=search_term_string"}],"inLanguage":"fa-IR"}]}},"_links":{"self":[{"href":"https:\/\/jackpotlotteryonline.com\/fa\/wp-json\/wp\/v2\/pages\/73241","targetHints":{"allow":["GET"]}}],"collection":[{"href":"https:\/\/jackpotlotteryonline.com\/fa\/wp-json\/wp\/v2\/pages"}],"about":[{"href":"https:\/\/jackpotlotteryonline.com\/fa\/wp-json\/wp\/v2\/types\/page"}],"author":[{"embeddable":true,"href":"https:\/\/jackpotlotteryonline.com\/fa\/wp-json\/wp\/v2\/users\/7"}],"replies":[{"embeddable":true,"href":"https:\/\/jackpotlotteryonline.com\/fa\/wp-json\/wp\/v2\/comments?post=73241"}],"version-history":[{"count":0,"href":"https:\/\/jackpotlotteryonline.com\/fa\/wp-json\/wp\/v2\/pages\/73241\/revisions"}],"up":[{"embeddable":true,"href":"https:\/\/jackpotlotteryonline.com\/fa\/wp-json\/wp\/v2\/pages\/73084"}],"wp:attachment":[{"href":"https:\/\/jackpotlotteryonline.com\/fa\/wp-json\/wp\/v2\/media?parent=73241"}],"curies":[{"name":"wp","href":"https:\/\/api.w.org\/{rel}","templated":true}]}}