{"id":73398,"date":"2025-02-03T11:51:00","date_gmt":"2025-02-03T11:51:00","guid":{"rendered":"https:\/\/jackpotlotteryonline.com\/?page_id=73398"},"modified":"2025-02-03T11:51:00","modified_gmt":"2025-02-03T11:51:00","slug":"tysk-lotto","status":"publish","type":"page","link":"https:\/\/jackpotlotteryonline.com\/fa\/%d8%b1%d9%88%db%8c%d8%af%d8%a7%d8%af%d9%87%d8%a7-%d9%88-%d8%a8%d8%a7%d8%b2%db%8c%d9%87%d8%a7%db%8c-%d9%84%d8%a7%d8%aa%d8%a7%d8%b1%db%8c-%d8%a2%d9%86%d9%84%d8%a7%db%8c%d9%86\/tysk-lotto\/","title":{"rendered":"Tysk Lotto"},"content":{"rendered":"<h2>Tysk Lotto er n\u00e5 tilgjengelig online<\/h2>\n<p> <img loading=\"lazy\" decoding=\"async\" class=\"alignright wp-image-18464 size-full\" src=\"http:\/\/jackpotlotteryonline.com\/wp-content\/uploads\/2022\/10\/win_lottery_online.jpg\" alt=\"spill tysk lotto online\" width=\"231\" height=\"130\" \/>Lotto i Tyskland har eksistert i mer enn 5 ti\u00e5r, og den tyske lottoen p\u00e5 nettet er organisert og administrert av Deutscher Lotto og Toto Block. Med en trekning to ganger i uken, p\u00e5 onsdager og l\u00f8rdager, tilbyr den tyske lottoen p\u00e5 nettet en av de st\u00f8rste europeiske jackpotene, oftere enn ikke. S\u00e5 det er alle grunner til at du b\u00f8r spille tysk lotto med en online billett hvis du bor utenfor Tyskland.<br \/>\nHvis du ikke bor i Tyskland, er det eneste alternativet for \u00e5 spille tysk lotto p\u00e5 nettet med oss. N\u00e5r du har registrert deg p\u00e5 nettstedet v\u00e5rt, kan du f\u00e5 all relevant informasjon om den tyske lottoen p\u00e5 nettet. Dette inkluderer gamle resultater, en lottonummergenerator, og omr\u00e5det for \u00e5 kj\u00f8pe billetten. De vil til og med hjelpe deg med \u00e5 kreve premien og f\u00e5 den levert.<\/p>\n<h2>Slik fungerer den tyske lottoen p\u00e5 nettet<\/h2>\n<p> Alt du trenger \u00e5 gj\u00f8re er \u00e5 <a href=\"https:\/\/jackpotlotteryonline.com\/buy-tickets\/lotto-germany\">kj\u00f8pe en billett til den tyske lottoen online<\/a> ved \u00e5 velge 6 tall fra en gruppe p\u00e5 49. Du vil ogs\u00e5 ha muligheten til \u00e5 velge et supernummer mellom 1 og 10. Hovedtrekningen er for basisnumrene, og deretter trekkes et supernummer. N\u00e5r de 6 basisnumrene samsvarer, vinner du f\u00f8rste premie. Den faktiske jackpotten tildeles n\u00e5r de 6 basisnumrene og supernummeret samsvarer med trekningen.<br \/>\nFolk fra andre land kan ogs\u00e5 spille den tyske lottoen online. P\u00e5 v\u00e5rt nettsted kan du benytte deg av denne muligheten for \u00e5 pr\u00f8ve lykken, og la oss ta oss av resten av logistikken. Du m\u00e5 v\u00e6re over 18 \u00e5r for \u00e5 spille den tyske lottoen med en online billett.<\/p>\n<h2>Vinster i den tyske lottoen online<\/h2>\n<p> <img loading=\"lazy\" decoding=\"async\" class=\"alignright size-medium wp-image-33350\" src=\"http:\/\/jackpotlotteryonline.com\/wp-content\/uploads\/2022\/11\/2_ticket_euromillions3-1-111x300.jpg\" alt=\"tysk lotto billett\" width=\"111\" height=\"300\" srcset=\"https:\/\/jackpotlotteryonline.com\/wp-content\/uploads\/2022\/11\/2_ticket_euromillions3-1-111x300.jpg 111w, https:\/\/jackpotlotteryonline.com\/wp-content\/uploads\/2022\/11\/2_ticket_euromillions3-1.jpg 180w\" sizes=\"auto, (max-width: 111px) 100vw, 111px\" \/>\u00c5 vinne den tyske lottoen online er et sp\u00f8rsm\u00e5l om flaks, men det er det samme med alle andre lotterier. Vi vil \u00f8ke sjansene dine for \u00e5 vinne den tyske lottoen p\u00e5 nettet ved \u00e5 bruke v\u00e5r lottonummergenerator og gi deg informasjon om tidligere resultater for \u00e5 hjelpe deg med \u00e5 velge dine heldige tall. All relevant informasjon om den tyske lottoen p\u00e5 nettet er tilgjengelig der, og du kan bruke den fullt ut for \u00e5 \u00f8ke sjansene dine.<br \/>\nDen tyske lottoen p\u00e5 nettet er ikke bare en av de st\u00f8rste jackpottene i Europa, men det er ogs\u00e5 det mest organiserte lotteriet i verden, og det drives p\u00e5 en veldig profesjonell m\u00e5te. N\u00e5r du spiller den tyske lottoen online og vinner, vil vi hjelpe deg med \u00e5 kreve premien din uten vanskeligheter og s\u00f8rge for at premiebel\u00f8pet blir levert til deg uten problemer.<\/p>\n<p>Selv om den tyske lottoen online er et av de eldste lotteriene i Europa, er det ikke s\u00e5 popul\u00e6rt som de andre. \u00c5rsaken er at det ikke markedsf\u00f8res s\u00e5 mye utenfor Tyskland. <strong>Likevel er dette ingen grunn til \u00e5 ikke spille den tyske lottoen online. Pr\u00f8v lykken din med den tyske lottoen i dag.<\/strong><\/p>\n<section class=\"layout\" style=\"border: solid 1px; width: 100%;\">\n<div class=\"img-div\" style=\"margin-top: 5px;\"><img decoding=\"async\" class=\"wp-image-17212 alignleft\" style=\"height: 45px; margin: 8px 8px 0px;\" src=\"http:\/\/jackpotlotteryonline.com\/wp-content\/uploads\/2022\/11\/read1.jpg\" alt=\"les\" width=\"\" height=\"\" \/><\/div>\n<div style=\"padding-left: 5px;\">\n<div style=\"font-size: 1.1em;\">\n<strong>Hvilken bil ville du kj\u00f8pt hvis du vant p\u00e5 lotto?<\/strong><\/p>\n<p style=\"font-size: 0.85em; margin-top: -1.5em;\">Vinn p\u00e5 lotto og f\u00e5 en ny bil &#8211; <a href=\"https:\/\/jackpotlotteryonline.com\/what-car-would-you-buy-if-you-win-the-lottery\">Les mer<\/a><\/p>\n","protected":false},"excerpt":{"rendered":"<p>Tysk Lotto er n\u00e5 tilgjengelig online Lotto i Tyskland har eksistert i mer enn 5 ti\u00e5r, og den tyske lottoen p\u00e5 nettet er organisert og administrert av Deutscher Lotto og Toto Block. Med en trekning to ganger i uken, p\u00e5 onsdager og l\u00f8rdager, tilbyr den tyske lottoen p\u00e5 nettet en av de st\u00f8rste europeiske jackpotene, [&hellip;]<\/p>\n","protected":false},"author":7,"featured_media":0,"parent":73084,"menu_order":8,"comment_status":"closed","ping_status":"closed","template":"lotto-german.php","meta":{"_et_pb_use_builder":"","_et_pb_old_content":"","_et_gb_content_width":"","exclude_from_search":false,"footnotes":""},"class_list":["post-73398","page","type-page","status-publish","hentry"],"yoast_head":"<!-- This site is optimized with the Yoast SEO plugin v23.3 - https:\/\/yoast.com\/wordpress\/plugins\/seo\/ -->\n<title>Spill den tyske lottoen med en online billett<\/title>\n<meta name=\"description\" content=\"Spill den tyske lottoen fra utenfor Tyskland, med en online billett\" \/>\n<meta name=\"robots\" content=\"index, follow, max-snippet:-1, max-image-preview:large, max-video-preview:-1\" \/>\n<link rel=\"canonical\" href=\"https:\/\/jackpotlotteryonline.com\/fa\/\u0631\u0648\u06cc\u062f\u0627\u062f\u0647\u0627-\u0648-\u0628\u0627\u0632\u06cc\u0647\u0627\u06cc-\u0644\u0627\u062a\u0627\u0631\u06cc-\u0622\u0646\u0644\u0627\u06cc\u0646\/tysk-lotto\/\" \/>\n<meta property=\"og:locale\" content=\"fa_IR\" \/>\n<meta property=\"og:type\" content=\"article\" \/>\n<meta property=\"og:title\" content=\"Spill den tyske lottoen med en online billett\" \/>\n<meta property=\"og:description\" content=\"Spill den tyske lottoen fra utenfor Tyskland, med en online billett\" \/>\n<meta property=\"og:url\" content=\"https:\/\/jackpotlotteryonline.com\/fa\/\u0631\u0648\u06cc\u062f\u0627\u062f\u0647\u0627-\u0648-\u0628\u0627\u0632\u06cc\u0647\u0627\u06cc-\u0644\u0627\u062a\u0627\u0631\u06cc-\u0622\u0646\u0644\u0627\u06cc\u0646\/tysk-lotto\/\" \/>\n<meta property=\"og:site_name\" content=\"Lotto Online - Crack The International Lottery Jackpots\" \/>\n<meta property=\"og:image\" content=\"http:\/\/jackpotlotteryonline.com\/wp-content\/uploads\/2022\/10\/win_lottery_online.jpg\" \/>\n<meta name=\"twitter:card\" content=\"summary_large_image\" \/>\n<!-- \/ Yoast SEO plugin. -->","yoast_head_json":{"title":"Spill den tyske lottoen med en online billett","description":"Spill den tyske lottoen fra utenfor Tyskland, med en online billett","robots":{"index":"index","follow":"follow","max-snippet":"max-snippet:-1","max-image-preview":"max-image-preview:large","max-video-preview":"max-video-preview:-1"},"canonical":"https:\/\/jackpotlotteryonline.com\/fa\/\u0631\u0648\u06cc\u062f\u0627\u062f\u0647\u0627-\u0648-\u0628\u0627\u0632\u06cc\u0647\u0627\u06cc-\u0644\u0627\u062a\u0627\u0631\u06cc-\u0622\u0646\u0644\u0627\u06cc\u0646\/tysk-lotto\/","og_locale":"fa_IR","og_type":"article","og_title":"Spill den tyske lottoen med en online billett","og_description":"Spill den tyske lottoen fra utenfor Tyskland, med en online billett","og_url":"https:\/\/jackpotlotteryonline.com\/fa\/\u0631\u0648\u06cc\u062f\u0627\u062f\u0647\u0627-\u0648-\u0628\u0627\u0632\u06cc\u0647\u0627\u06cc-\u0644\u0627\u062a\u0627\u0631\u06cc-\u0622\u0646\u0644\u0627\u06cc\u0646\/tysk-lotto\/","og_site_name":"Lotto Online - Crack The International Lottery Jackpots","og_image":[{"url":"http:\/\/jackpotlotteryonline.com\/wp-content\/uploads\/2022\/10\/win_lottery_online.jpg"}],"twitter_card":"summary_large_image","schema":{"@context":"https:\/\/schema.org","@graph":[{"@type":"WebPage","@id":"https:\/\/jackpotlotteryonline.com\/fa\/%d8%b1%d9%88%db%8c%d8%af%d8%a7%d8%af%d9%87%d8%a7-%d9%88-%d8%a8%d8%a7%d8%b2%db%8c%d9%87%d8%a7%db%8c-%d9%84%d8%a7%d8%aa%d8%a7%d8%b1%db%8c-%d8%a2%d9%86%d9%84%d8%a7%db%8c%d9%86\/tysk-lotto\/","url":"https:\/\/jackpotlotteryonline.com\/fa\/%d8%b1%d9%88%db%8c%d8%af%d8%a7%d8%af%d9%87%d8%a7-%d9%88-%d8%a8%d8%a7%d8%b2%db%8c%d9%87%d8%a7%db%8c-%d9%84%d8%a7%d8%aa%d8%a7%d8%b1%db%8c-%d8%a2%d9%86%d9%84%d8%a7%db%8c%d9%86\/tysk-lotto\/","name":"Spill den tyske lottoen med en online billett","isPartOf":{"@id":"https:\/\/jackpotlotteryonline.com\/#website"},"primaryImageOfPage":{"@id":"https:\/\/jackpotlotteryonline.com\/fa\/%d8%b1%d9%88%db%8c%d8%af%d8%a7%d8%af%d9%87%d8%a7-%d9%88-%d8%a8%d8%a7%d8%b2%db%8c%d9%87%d8%a7%db%8c-%d9%84%d8%a7%d8%aa%d8%a7%d8%b1%db%8c-%d8%a2%d9%86%d9%84%d8%a7%db%8c%d9%86\/tysk-lotto\/#primaryimage"},"image":{"@id":"https:\/\/jackpotlotteryonline.com\/fa\/%d8%b1%d9%88%db%8c%d8%af%d8%a7%d8%af%d9%87%d8%a7-%d9%88-%d8%a8%d8%a7%d8%b2%db%8c%d9%87%d8%a7%db%8c-%d9%84%d8%a7%d8%aa%d8%a7%d8%b1%db%8c-%d8%a2%d9%86%d9%84%d8%a7%db%8c%d9%86\/tysk-lotto\/#primaryimage"},"thumbnailUrl":"http:\/\/jackpotlotteryonline.com\/wp-content\/uploads\/2022\/10\/win_lottery_online.jpg","datePublished":"2025-02-03T11:51:00+00:00","dateModified":"2025-02-03T11:51:00+00:00","description":"Spill den tyske lottoen fra utenfor Tyskland, med en online billett","breadcrumb":{"@id":"https:\/\/jackpotlotteryonline.com\/fa\/%d8%b1%d9%88%db%8c%d8%af%d8%a7%d8%af%d9%87%d8%a7-%d9%88-%d8%a8%d8%a7%d8%b2%db%8c%d9%87%d8%a7%db%8c-%d9%84%d8%a7%d8%aa%d8%a7%d8%b1%db%8c-%d8%a2%d9%86%d9%84%d8%a7%db%8c%d9%86\/tysk-lotto\/#breadcrumb"},"inLanguage":"fa-IR","potentialAction":[{"@type":"ReadAction","target":["https:\/\/jackpotlotteryonline.com\/fa\/%d8%b1%d9%88%db%8c%d8%af%d8%a7%d8%af%d9%87%d8%a7-%d9%88-%d8%a8%d8%a7%d8%b2%db%8c%d9%87%d8%a7%db%8c-%d9%84%d8%a7%d8%aa%d8%a7%d8%b1%db%8c-%d8%a2%d9%86%d9%84%d8%a7%db%8c%d9%86\/tysk-lotto\/"]}]},{"@type":"ImageObject","inLanguage":"fa-IR","@id":"https:\/\/jackpotlotteryonline.com\/fa\/%d8%b1%d9%88%db%8c%d8%af%d8%a7%d8%af%d9%87%d8%a7-%d9%88-%d8%a8%d8%a7%d8%b2%db%8c%d9%87%d8%a7%db%8c-%d9%84%d8%a7%d8%aa%d8%a7%d8%b1%db%8c-%d8%a2%d9%86%d9%84%d8%a7%db%8c%d9%86\/tysk-lotto\/#primaryimage","url":"http:\/\/jackpotlotteryonline.com\/wp-content\/uploads\/2022\/10\/win_lottery_online.jpg","contentUrl":"http:\/\/jackpotlotteryonline.com\/wp-content\/uploads\/2022\/10\/win_lottery_online.jpg"},{"@type":"BreadcrumbList","@id":"https:\/\/jackpotlotteryonline.com\/fa\/%d8%b1%d9%88%db%8c%d8%af%d8%a7%d8%af%d9%87%d8%a7-%d9%88-%d8%a8%d8%a7%d8%b2%db%8c%d9%87%d8%a7%db%8c-%d9%84%d8%a7%d8%aa%d8%a7%d8%b1%db%8c-%d8%a2%d9%86%d9%84%d8%a7%db%8c%d9%86\/tysk-lotto\/#breadcrumb","itemListElement":[{"@type":"ListItem","position":1,"name":"Home","item":"https:\/\/jackpotlotteryonline.com\/fa\/"},{"@type":"ListItem","position":2,"name":"\u0631\u0648\u06cc\u062f\u0627\u062f\u0647\u0627 \u0648 \u0628\u0627\u0632\u06cc\u200c\u0647\u0627\u06cc \u0644\u0627\u062a\u0627\u0631\u06cc \u0622\u0646\u0644\u0627\u06cc\u0646","item":"https:\/\/jackpotlotteryonline.com\/fa\/%d8%b1%d9%88%db%8c%d8%af%d8%a7%d8%af%d9%87%d8%a7-%d9%88-%d8%a8%d8%a7%d8%b2%db%8c%d9%87%d8%a7%db%8c-%d9%84%d8%a7%d8%aa%d8%a7%d8%b1%db%8c-%d8%a2%d9%86%d9%84%d8%a7%db%8c%d9%86\/"},{"@type":"ListItem","position":3,"name":"Tysk Lotto"}]},{"@type":"WebSite","@id":"https:\/\/jackpotlotteryonline.com\/#website","url":"https:\/\/jackpotlotteryonline.com\/","name":"Lotto Online - Crack The International Lottery Jackpots","description":"","potentialAction":[{"@type":"SearchAction","target":{"@type":"EntryPoint","urlTemplate":"https:\/\/jackpotlotteryonline.com\/?s={search_term_string}"},"query-input":"required name=search_term_string"}],"inLanguage":"fa-IR"}]}},"_links":{"self":[{"href":"https:\/\/jackpotlotteryonline.com\/fa\/wp-json\/wp\/v2\/pages\/73398","targetHints":{"allow":["GET"]}}],"collection":[{"href":"https:\/\/jackpotlotteryonline.com\/fa\/wp-json\/wp\/v2\/pages"}],"about":[{"href":"https:\/\/jackpotlotteryonline.com\/fa\/wp-json\/wp\/v2\/types\/page"}],"author":[{"embeddable":true,"href":"https:\/\/jackpotlotteryonline.com\/fa\/wp-json\/wp\/v2\/users\/7"}],"replies":[{"embeddable":true,"href":"https:\/\/jackpotlotteryonline.com\/fa\/wp-json\/wp\/v2\/comments?post=73398"}],"version-history":[{"count":0,"href":"https:\/\/jackpotlotteryonline.com\/fa\/wp-json\/wp\/v2\/pages\/73398\/revisions"}],"up":[{"embeddable":true,"href":"https:\/\/jackpotlotteryonline.com\/fa\/wp-json\/wp\/v2\/pages\/73084"}],"wp:attachment":[{"href":"https:\/\/jackpotlotteryonline.com\/fa\/wp-json\/wp\/v2\/media?parent=73398"}],"curies":[{"name":"wp","href":"https:\/\/api.w.org\/{rel}","templated":true}]}}