{"id":74111,"date":"2025-02-05T13:59:33","date_gmt":"2025-02-05T13:59:33","guid":{"rendered":"https:\/\/jackpotlotteryonline.com\/?page_id=74111"},"modified":"2025-02-05T13:59:33","modified_gmt":"2025-02-05T13:59:33","slug":"kupite-powerball-australia-tikete","status":"publish","type":"page","link":"https:\/\/jackpotlotteryonline.com\/fa\/%da%86%da%af%d9%88%d9%86%d9%87-%d8%a8%d9%84%db%8c%d8%b7%d9%87%d8%a7%db%8c-%d9%82%d8%b1%d8%b9%d9%87%da%a9%d8%b4%db%8c-%d8%a2%d9%86%d9%84%d8%a7%db%8c%d9%86-%d8%ae%d8%b1%db%8c%d8%af\/kupite-powerball-australia-tikete\/","title":{"rendered":"Kupite Powerball Australia tikete"},"content":{"rendered":"<p>Kada pomislite na ovu lutriju, prva stvar koja vam padne na pamet je ameri\u010dka lutrija, a ne australijska verzija. Ova neverovatna lutrija omiljena je me\u0111u australijskim entuzijastima za loto. Powerball Australia brzo postaje jedna od popularnih me\u0111unarodnih lutrija jer ljudi \u0161irom sveta prepoznaju njen potencijal.<\/p>\n<p>Uz garantovani minimalni d\u017eekpot od 3 miliona dolara, iznos se prenosi ako nema pobednika nakon izvla\u010denja. Mo\u017ee da se prenosi vi\u0161e puta dok ne postane prili\u010dno veliki. Rekord za d\u017eekpot od 160 miliona dolara osvojio je jedan tiket u oktobru 2022. godine.<\/p>\n<p>Ako \u017eelite da pro\u0161irite svoj doseg kao igra\u010d lota, trebalo bi da razmislite o Powerball Australia. Zabavna je, puna duha i daje igra\u010dima priliku da osvoje velike nagrade bez ludih \u0161ansi koje ima ameri\u010dka verzija. Tako\u0111e, nije va\u017eno gde \u017eivite jer mo\u017eete da <a href=\"https:\/\/jackpotlotteryonline.com\/play-online\/powerball-australia\">igrate online na jackpotlotteryonline.com.<\/a><\/p>\n<h2>Kako funkcioni\u0161e Powerball Australia?<\/h2>\n<p><img loading=\"lazy\" decoding=\"async\" class=\"size-full wp-image-31181 alignright\" src=\"http:\/\/jackpotlotteryonline.com\/wp-content\/uploads\/2022\/11\/logo_powerball-300x50-1.jpg\" alt=\"igrati powerball\" width=\"300\" height=\"50\" \/><\/p>\n<p>Ova lutrija ima kuglice sa dva seta brojeva u dva razli\u010dita bureta. Kuglice se nasumi\u010dno izvla\u010de iz svakog bureta, a svaki tiket koji odgovara izvu\u010denim brojevima pobedjuje. Prvo bure ima 35 kuglica, a igra\u010di moraju da izaberu 7 brojeva unutar tog opsega. Drugo bure ima 20 brojeva, a igra\u010di moraju da izaberu JEDAN broj u tom opsegu.<\/p>\n<p>Jedan redak ima 8 brojeva, a tiket mo\u017ee da ima vi\u0161e od jednog reda. Zapravo, savetuje se da unesete vi\u0161e redova kako biste pove\u0107ali \u0161anse za pobedu. \u0160anse za dobijanje d\u017eekpota su 1 prema 134.490.400.<\/p>\n<p>Da, \u0161anse su prili\u010dno visoke, ali to je na\u010din na koji lutrija funkcioni\u0161e. To je igra brojeva i mnogo toga zavisi od sre\u0107e. Niko ne mo\u017ee da predvidi kada \u0107e sre\u0107a odlu\u010diti da favorizuje igra\u010da. Pored toga, ovo je zabavan hobi sve dok se dr\u017eite onoga \u0161to mo\u017eete da priu\u0161tite.<\/p>\n<h2>Mo\u017eete li pove\u0107ati svoje \u0161anse za pobedu?<\/h2>\n<p>Zanimljivo je da mo\u017eete pove\u0107ati svoje \u0161anse za osvajanje d\u017eekpota. Ne postoji garantovani metod, iako ve\u0107ina pobednika priznaje da su igrali vi\u0161e puta pre nego \u0161to su ne\u0161to osvojili. Tu le\u017ei tajna.<\/p>\n<p>Prema na\u0161im saznanjima, na\u010din da preokrenete \u0161anse u svoju korist je da kupite vi\u0161e ulaza. To zna\u010di vi\u0161e redova i vi\u0161e izvla\u010denja. Lutrija se izvodi jednom nedeljno, svakog \u010detvrtka. Ako kupite svoje tikete na na\u0161em sajtu, mo\u017eete da se prijavite za vi\u0161e nedeljnih izvla\u010denja.<\/p>\n<p>Druga opcija je da se pridru\u017eite lutrijskom sindikatu. Prednost pridru\u017eivanja sindikatu je u tome \u0161to va\u0161 novac ide mnogo dalje nego kada igrate sami. Naravno, ako tiket pobedi, svaki \u010dlan sindikata deli nagradu.<\/p>\n<section class=\"layout\" style=\"border: solid 1px; width: 100%;\">\n<div class=\"img-div\" style=\"margin-top: 5px;\">\n    <img decoding=\"async\" class=\"wp-image-17212 alignleft\" style=\"height: 45px; margin: 8px 8px 0px;\" src=\"http:\/\/jackpotlotteryonline.com\/wp-content\/uploads\/2022\/11\/read1.jpg\" alt=\"\u010ditaj\" width=\"\" height=\"\" \/>\n  <\/div>\n<div style=\"padding-left: 5px;\">\n<div style=\"font-size: 1.1em;\">\n      <strong>Izaberite pobedni\u010dke loto brojeve ru\u010dno ili koriste\u0107i RNG<\/strong><\/p>\n<p style=\"font-size: 0.85em; margin-top: -1.5em;\">\n        Kako generisati pobedni\u010dke loto brojeve? <a href=\"https:\/\/jackpotlotteryonline.com\/how-to-generate-winning-lotto-numbers\">Pro\u010ditajte vi\u0161e<\/a>\n      <\/p>\n<\/p><\/div>\n<\/p><\/div>\n<\/section>\n<h2>Kako igrati australijsku lutriju online<\/h2>\n<p><img loading=\"lazy\" decoding=\"async\" class=\"alignright size-medium wp-image-34538\" src=\"http:\/\/jackpotlotteryonline.com\/wp-content\/uploads\/2022\/11\/2_ticket_powerball_au-157x300.jpg\" alt=\"kupite powerball loto tiket\" width=\"157\" height=\"300\" srcset=\"https:\/\/jackpotlotteryonline.com\/wp-content\/uploads\/2022\/11\/2_ticket_powerball_au-157x300.jpg 157w, https:\/\/jackpotlotteryonline.com\/wp-content\/uploads\/2022\/11\/2_ticket_powerball_au.jpg 250w\" sizes=\"auto, (max-width: 157px) 100vw, 157px\" \/><\/p>\n<p>Igranje lutrije online je jednostavno i mo\u017eete to da uradite bilo gde. Kada posetite na\u0161 sajt na jackpotlotteryonline.com, lako mo\u017eete da kupite ulaznice za vrhunske me\u0111unarodne lutrije, uklju\u010duju\u0107i australijske lutrije. Da biste kupili svoje ulaznice, jednostavno izaberite svoje brojeve i prijavite se za izvla\u010denje. Niste sigurni koje brojeve da koristite? Koristite na\u0161 alat za brzi izbor kako biste generisali nasumi\u010dne brojeve.<\/p>\n<p>Kada stignete na stranicu za pla\u0107anje, tra\u017ei\u0107emo od vas da se registrujete. Ovo je kako bi va\u0161 tiket bio siguran na va\u0161em nalogu. Tako\u0111e mo\u017eete postaviti svoje loto igre na automatsko pla\u0107anje kako biste se automatski prijavili za izvla\u010denja po va\u0161em izboru. Ako osvojite nagradu, obavesti\u0107emo vas odmah, a zatim \u0107ete mo\u0107i da povu\u010dete svoju nagradu sa na\u0161e platforme.<\/p>\n<p>Trudimo se da vam pojednostavimo iskustvo lutrije kako biste mogli da se opustite i fokusirate na u\u017eivanje u zabavi.<\/p>\n<h2>Podela nagrada<\/h2>\n<p>Ova australijska lutrija ima 9 kategorija nagrada, a igra\u010di ne moraju da pogode svih 8 izvu\u010denih brojeva da bi osvojili nagradu. Iako d\u017eekpot po\u010dinje sa 3 miliona dolara, mo\u017ee da se prenosi nekoliko puta dok ne postane mnogo ve\u0107i.<\/p>\n<p>Napomena: Nema ograni\u010denja za veli\u010dinu d\u017eekpota, me\u0111utim, mo\u017ee se preneti najvi\u0161e 25 puta pre nego \u0161to se vrati na 3 miliona dolara.<\/p>\n<p>Nagrade u ni\u017eim kategorijama su procenat od ukupnog iznosa nagradnog fonda. Podeli\u0107emo prose\u010dnu isplatu da biste imali predstavu. Ovo nije garantovana isplata za svako izvla\u010denje, jer iznosi mogu varirati.<\/p>\n<p>&#8211; 7 glavnih brojeva + specijalni broj &#8211; 23.043.155,47 USD (prose\u010dna isplata)<br \/>\n&#8211; Samo 7 brojeva &#8211; 126.484,05 USD<br \/>\n&#8211; 6 brojeva + specijalni broj &#8211; 5.326,97 USD<br \/>\n&#8211; Samo 6 brojeva &#8211; 454,35 USD<br \/>\n&#8211; 5 brojeva + specijalni broj &#8211; 158,34 USD<br \/>\n&#8211; 4 broja + specijalni broj &#8211; 70,85 USD<br \/>\n&#8211; Samo 5 brojeva &#8211; 42,23 USD<br \/>\n&#8211; 3 broja + specijalni broj &#8211; 17,57 USD<br \/>\n&#8211; 2 broja + specijalni broj &#8211; 10,71 USD<\/p>\n<h2>Kako proveriti rezultate<\/h2>\n<p>Rezultati se objavljuju na na\u0161em sajtu nakon svake izvla\u010denja. Izvla\u010denja se odr\u017eavaju svakog \u010detvrtka u 19:25 AEST.<\/p>\n<p>Razumemo da ponekad \u017eivot donese neo\u010dekivane okolnosti i mo\u017eda ne\u0107ete mo\u0107i odmah da <a href=\"https:\/\/jackpotlotteryonline.com\/winning-numbers\/powerball-australia\">proverite rezultate izvla\u010denja<\/a>. Tako da, ako osvojite bilo koju nagradu, ne samo da \u0107emo vas obavestiti putem va\u0161eg naloga, ve\u0107 \u0107emo vam poslati i email. Na taj na\u010din, ne\u0107ete morati da propustite da preuzmete svoju nagradu.<\/p>\n<h2>Registrujte se kod nas da biste kupili Powerball Australia tikete online<\/h2>\n<p>Da li ste uzbu\u0111eni zbog mogu\u0107nosti da igrate ovu lutriju? Pa, i mi smo uzbu\u0111eni i sre\u0107ni smo \u0161to \u0107emo je doneti na ure\u0111aj u va\u0161oj ruci. Kada imate internet konekciju, mo\u017eete da kupite tiket za australijsku lutriju.<\/p>\n<p>Lutrija je zabavna igra, a pri\u010de o pobednicima lutrije postoje svuda. Mo\u017eda \u0107ete biti slede\u0107i pobednik, ali ne\u0107ete znati dok se ne prijavite za izvla\u010denja. Pojednostavili smo ceo proces da biste imali iskustvo bez stresa. Ne morate da napu\u0161tate na\u0161u stranicu da biste obavili bilo koji zadatak vezan za lutriju. To je tako jednostavno.<\/p>\n<p>Bez obzira gde se nalazite u svetu, mo\u017eete da kupite tiket za najve\u0107u australijsku lutriju upravo ovde na na\u0161em sajtu. Registrujte se danas.<\/p>\n","protected":false},"excerpt":{"rendered":"<p>Kada pomislite na ovu lutriju, prva stvar koja vam padne na pamet je ameri\u010dka lutrija, a ne australijska verzija. Ova neverovatna lutrija omiljena je me\u0111u australijskim entuzijastima za loto. Powerball Australia brzo postaje jedna od popularnih me\u0111unarodnih lutrija jer ljudi \u0161irom sveta prepoznaju njen potencijal. Uz garantovani minimalni d\u017eekpot od 3 miliona dolara, iznos se [&hellip;]<\/p>\n","protected":false},"author":7,"featured_media":0,"parent":73600,"menu_order":17,"comment_status":"closed","ping_status":"closed","template":"powerball-au-info.php","meta":{"_et_pb_use_builder":"","_et_pb_old_content":"","_et_gb_content_width":"","exclude_from_search":false,"footnotes":""},"class_list":["post-74111","page","type-page","status-publish","hentry"],"yoast_head":"<!-- This site is optimized with the Yoast SEO plugin v23.3 - https:\/\/yoast.com\/wordpress\/plugins\/seo\/ -->\n<title>Australijska verzija Powerball lutrije - mo\u017eete u\u010destvovati tako \u0161to \u0107ete jednostavno kupiti tiket online upravo ovde na na\u0161em sajtu.<\/title>\n<meta name=\"description\" content=\"Australijska verzija Powerball lutrije - mo\u017eete u\u010destvovati tako \u0161to \u0107ete jednostavno kupiti tiket online upravo ovde na na\u0161em sajtu.\" \/>\n<meta name=\"robots\" content=\"index, follow, max-snippet:-1, max-image-preview:large, max-video-preview:-1\" \/>\n<link rel=\"canonical\" href=\"https:\/\/jackpotlotteryonline.com\/fa\/\u0686\u06af\u0648\u0646\u0647-\u0628\u0644\u06cc\u0637\u0647\u0627\u06cc-\u0642\u0631\u0639\u0647\u06a9\u0634\u06cc-\u0622\u0646\u0644\u0627\u06cc\u0646-\u062e\u0631\u06cc\u062f\/kupite-powerball-australia-tikete\/\" \/>\n<meta property=\"og:locale\" content=\"fa_IR\" \/>\n<meta property=\"og:type\" content=\"article\" \/>\n<meta property=\"og:title\" content=\"Australijska verzija Powerball lutrije - mo\u017eete u\u010destvovati tako \u0161to \u0107ete jednostavno kupiti tiket online upravo ovde na na\u0161em sajtu.\" \/>\n<meta property=\"og:description\" content=\"Australijska verzija Powerball lutrije - mo\u017eete u\u010destvovati tako \u0161to \u0107ete jednostavno kupiti tiket online upravo ovde na na\u0161em sajtu.\" \/>\n<meta property=\"og:url\" content=\"https:\/\/jackpotlotteryonline.com\/fa\/\u0686\u06af\u0648\u0646\u0647-\u0628\u0644\u06cc\u0637\u0647\u0627\u06cc-\u0642\u0631\u0639\u0647\u06a9\u0634\u06cc-\u0622\u0646\u0644\u0627\u06cc\u0646-\u062e\u0631\u06cc\u062f\/kupite-powerball-australia-tikete\/\" \/>\n<meta property=\"og:site_name\" content=\"Lotto Online - Crack The International Lottery Jackpots\" \/>\n<meta property=\"og:image\" content=\"http:\/\/jackpotlotteryonline.com\/wp-content\/uploads\/2022\/11\/logo_powerball-300x50-1.jpg\" \/>\n<meta name=\"twitter:card\" content=\"summary_large_image\" \/>\n<!-- \/ Yoast SEO plugin. -->","yoast_head_json":{"title":"Australijska verzija Powerball lutrije - mo\u017eete u\u010destvovati tako \u0161to \u0107ete jednostavno kupiti tiket online upravo ovde na na\u0161em sajtu.","description":"Australijska verzija Powerball lutrije - mo\u017eete u\u010destvovati tako \u0161to \u0107ete jednostavno kupiti tiket online upravo ovde na na\u0161em sajtu.","robots":{"index":"index","follow":"follow","max-snippet":"max-snippet:-1","max-image-preview":"max-image-preview:large","max-video-preview":"max-video-preview:-1"},"canonical":"https:\/\/jackpotlotteryonline.com\/fa\/\u0686\u06af\u0648\u0646\u0647-\u0628\u0644\u06cc\u0637\u0647\u0627\u06cc-\u0642\u0631\u0639\u0647\u06a9\u0634\u06cc-\u0622\u0646\u0644\u0627\u06cc\u0646-\u062e\u0631\u06cc\u062f\/kupite-powerball-australia-tikete\/","og_locale":"fa_IR","og_type":"article","og_title":"Australijska verzija Powerball lutrije - mo\u017eete u\u010destvovati tako \u0161to \u0107ete jednostavno kupiti tiket online upravo ovde na na\u0161em sajtu.","og_description":"Australijska verzija Powerball lutrije - mo\u017eete u\u010destvovati tako \u0161to \u0107ete jednostavno kupiti tiket online upravo ovde na na\u0161em sajtu.","og_url":"https:\/\/jackpotlotteryonline.com\/fa\/\u0686\u06af\u0648\u0646\u0647-\u0628\u0644\u06cc\u0637\u0647\u0627\u06cc-\u0642\u0631\u0639\u0647\u06a9\u0634\u06cc-\u0622\u0646\u0644\u0627\u06cc\u0646-\u062e\u0631\u06cc\u062f\/kupite-powerball-australia-tikete\/","og_site_name":"Lotto Online - Crack The International Lottery Jackpots","og_image":[{"url":"http:\/\/jackpotlotteryonline.com\/wp-content\/uploads\/2022\/11\/logo_powerball-300x50-1.jpg"}],"twitter_card":"summary_large_image","schema":{"@context":"https:\/\/schema.org","@graph":[{"@type":"WebPage","@id":"https:\/\/jackpotlotteryonline.com\/fa\/%da%86%da%af%d9%88%d9%86%d9%87-%d8%a8%d9%84%db%8c%d8%b7%d9%87%d8%a7%db%8c-%d9%82%d8%b1%d8%b9%d9%87%da%a9%d8%b4%db%8c-%d8%a2%d9%86%d9%84%d8%a7%db%8c%d9%86-%d8%ae%d8%b1%db%8c%d8%af\/kupite-powerball-australia-tikete\/","url":"https:\/\/jackpotlotteryonline.com\/fa\/%da%86%da%af%d9%88%d9%86%d9%87-%d8%a8%d9%84%db%8c%d8%b7%d9%87%d8%a7%db%8c-%d9%82%d8%b1%d8%b9%d9%87%da%a9%d8%b4%db%8c-%d8%a2%d9%86%d9%84%d8%a7%db%8c%d9%86-%d8%ae%d8%b1%db%8c%d8%af\/kupite-powerball-australia-tikete\/","name":"Australijska verzija Powerball lutrije - mo\u017eete u\u010destvovati tako \u0161to \u0107ete jednostavno kupiti tiket online upravo ovde na na\u0161em sajtu.","isPartOf":{"@id":"https:\/\/jackpotlotteryonline.com\/#website"},"primaryImageOfPage":{"@id":"https:\/\/jackpotlotteryonline.com\/fa\/%da%86%da%af%d9%88%d9%86%d9%87-%d8%a8%d9%84%db%8c%d8%b7%d9%87%d8%a7%db%8c-%d9%82%d8%b1%d8%b9%d9%87%da%a9%d8%b4%db%8c-%d8%a2%d9%86%d9%84%d8%a7%db%8c%d9%86-%d8%ae%d8%b1%db%8c%d8%af\/kupite-powerball-australia-tikete\/#primaryimage"},"image":{"@id":"https:\/\/jackpotlotteryonline.com\/fa\/%da%86%da%af%d9%88%d9%86%d9%87-%d8%a8%d9%84%db%8c%d8%b7%d9%87%d8%a7%db%8c-%d9%82%d8%b1%d8%b9%d9%87%da%a9%d8%b4%db%8c-%d8%a2%d9%86%d9%84%d8%a7%db%8c%d9%86-%d8%ae%d8%b1%db%8c%d8%af\/kupite-powerball-australia-tikete\/#primaryimage"},"thumbnailUrl":"http:\/\/jackpotlotteryonline.com\/wp-content\/uploads\/2022\/11\/logo_powerball-300x50-1.jpg","datePublished":"2025-02-05T13:59:33+00:00","dateModified":"2025-02-05T13:59:33+00:00","description":"Australijska verzija Powerball lutrije - mo\u017eete u\u010destvovati tako \u0161to \u0107ete jednostavno kupiti tiket online upravo ovde na na\u0161em sajtu.","breadcrumb":{"@id":"https:\/\/jackpotlotteryonline.com\/fa\/%da%86%da%af%d9%88%d9%86%d9%87-%d8%a8%d9%84%db%8c%d8%b7%d9%87%d8%a7%db%8c-%d9%82%d8%b1%d8%b9%d9%87%da%a9%d8%b4%db%8c-%d8%a2%d9%86%d9%84%d8%a7%db%8c%d9%86-%d8%ae%d8%b1%db%8c%d8%af\/kupite-powerball-australia-tikete\/#breadcrumb"},"inLanguage":"fa-IR","potentialAction":[{"@type":"ReadAction","target":["https:\/\/jackpotlotteryonline.com\/fa\/%da%86%da%af%d9%88%d9%86%d9%87-%d8%a8%d9%84%db%8c%d8%b7%d9%87%d8%a7%db%8c-%d9%82%d8%b1%d8%b9%d9%87%da%a9%d8%b4%db%8c-%d8%a2%d9%86%d9%84%d8%a7%db%8c%d9%86-%d8%ae%d8%b1%db%8c%d8%af\/kupite-powerball-australia-tikete\/"]}]},{"@type":"ImageObject","inLanguage":"fa-IR","@id":"https:\/\/jackpotlotteryonline.com\/fa\/%da%86%da%af%d9%88%d9%86%d9%87-%d8%a8%d9%84%db%8c%d8%b7%d9%87%d8%a7%db%8c-%d9%82%d8%b1%d8%b9%d9%87%da%a9%d8%b4%db%8c-%d8%a2%d9%86%d9%84%d8%a7%db%8c%d9%86-%d8%ae%d8%b1%db%8c%d8%af\/kupite-powerball-australia-tikete\/#primaryimage","url":"http:\/\/jackpotlotteryonline.com\/wp-content\/uploads\/2022\/11\/logo_powerball-300x50-1.jpg","contentUrl":"http:\/\/jackpotlotteryonline.com\/wp-content\/uploads\/2022\/11\/logo_powerball-300x50-1.jpg"},{"@type":"BreadcrumbList","@id":"https:\/\/jackpotlotteryonline.com\/fa\/%da%86%da%af%d9%88%d9%86%d9%87-%d8%a8%d9%84%db%8c%d8%b7%d9%87%d8%a7%db%8c-%d9%82%d8%b1%d8%b9%d9%87%da%a9%d8%b4%db%8c-%d8%a2%d9%86%d9%84%d8%a7%db%8c%d9%86-%d8%ae%d8%b1%db%8c%d8%af\/kupite-powerball-australia-tikete\/#breadcrumb","itemListElement":[{"@type":"ListItem","position":1,"name":"Home","item":"https:\/\/jackpotlotteryonline.com\/fa\/"},{"@type":"ListItem","position":2,"name":"\u0686\u06af\u0648\u0646\u0647 \u0628\u0644\u06cc\u0637\u200c\u0647\u0627\u06cc \u0642\u0631\u0639\u0647\u200c\u06a9\u0634\u06cc \u0622\u0646\u0644\u0627\u06cc\u0646 \u062e\u0631\u06cc\u062f\u0627\u0631\u06cc \u06a9\u0646\u06cc\u0645","item":"https:\/\/jackpotlotteryonline.com\/fa\/%da%86%da%af%d9%88%d9%86%d9%87-%d8%a8%d9%84%db%8c%d8%b7%d9%87%d8%a7%db%8c-%d9%82%d8%b1%d8%b9%d9%87%da%a9%d8%b4%db%8c-%d8%a2%d9%86%d9%84%d8%a7%db%8c%d9%86-%d8%ae%d8%b1%db%8c%d8%af\/"},{"@type":"ListItem","position":3,"name":"Kupite Powerball Australia tikete"}]},{"@type":"WebSite","@id":"https:\/\/jackpotlotteryonline.com\/#website","url":"https:\/\/jackpotlotteryonline.com\/","name":"Lotto Online - Crack The International Lottery Jackpots","description":"","potentialAction":[{"@type":"SearchAction","target":{"@type":"EntryPoint","urlTemplate":"https:\/\/jackpotlotteryonline.com\/?s={search_term_string}"},"query-input":"required name=search_term_string"}],"inLanguage":"fa-IR"}]}},"_links":{"self":[{"href":"https:\/\/jackpotlotteryonline.com\/fa\/wp-json\/wp\/v2\/pages\/74111","targetHints":{"allow":["GET"]}}],"collection":[{"href":"https:\/\/jackpotlotteryonline.com\/fa\/wp-json\/wp\/v2\/pages"}],"about":[{"href":"https:\/\/jackpotlotteryonline.com\/fa\/wp-json\/wp\/v2\/types\/page"}],"author":[{"embeddable":true,"href":"https:\/\/jackpotlotteryonline.com\/fa\/wp-json\/wp\/v2\/users\/7"}],"replies":[{"embeddable":true,"href":"https:\/\/jackpotlotteryonline.com\/fa\/wp-json\/wp\/v2\/comments?post=74111"}],"version-history":[{"count":0,"href":"https:\/\/jackpotlotteryonline.com\/fa\/wp-json\/wp\/v2\/pages\/74111\/revisions"}],"up":[{"embeddable":true,"href":"https:\/\/jackpotlotteryonline.com\/fa\/wp-json\/wp\/v2\/pages\/73600"}],"wp:attachment":[{"href":"https:\/\/jackpotlotteryonline.com\/fa\/wp-json\/wp\/v2\/media?parent=74111"}],"curies":[{"name":"wp","href":"https:\/\/api.w.org\/{rel}","templated":true}]}}