{"id":26158,"date":"2022-11-01T08:25:09","date_gmt":"2022-11-01T08:25:09","guid":{"rendered":"https:\/\/jackpotlotteryonline.com\/?page_id=26158"},"modified":"2023-01-06T11:18:48","modified_gmt":"2023-01-06T11:18:48","slug":"home","status":"publish","type":"page","link":"https:\/\/jackpotlotteryonline.com\/fi\/","title":{"rendered":"Home"},"content":{"rendered":"<h2>Pelaa lottoa netiss\u00e4 ja paranna mahdollisuuksiasi<\/h2>\n<p>N\u00e4yt\u00e4mme sinulle keinot, joilla voit helposti <a href=\"https:\/\/jackpotlotteryonline.com\/fi\/kuinka-pelata\"><strong>pelata lottoa netiss\u00e4<\/strong> <\/a>&#8211; KAIKISTA valtavista j\u00e4ttipotista, lotossa ei vain omassa maassasi, vaan kaikkialla maailmassa. Kansallisessa lotossasi ei ole houkuttelevia lottoja? Se ei ole en\u00e4\u00e4 ongelma, mene vain todella suuriin voittoihin. \u00c4l\u00e4 tuhlaa rahojasi pieniin palkintoihin &#8211; on olemassa lottoja, joissa on valtavat j\u00e4ttipotit.<\/p>\n<p><strong>Tarkista sivustomme bannerit n\u00e4hd\u00e4ksesi suurimmat j\u00e4ttipotit, joista voit pelata t\u00e4ll\u00e4 hetkell\u00e4.<\/strong><br \/>\n<img loading=\"lazy\" decoding=\"async\" class=\"size-full wp-image-18302 alignright\" src=\"https:\/\/jackpotlotteryonline.com\/wp-content\/uploads\/2022\/10\/ticket_balls.jpg\" alt=\"pelata lottoa verkossa\" width=\"297\" height=\"101\" \/><\/p>\n<p>Kaikki nuo suuret jackpot-arpajaiset ovat nyt helposti saatavilla riippumatta siit\u00e4, miss\u00e4 asut. Klikkaa vain yht\u00e4 linkist\u00e4 pelataksesi lottoa verkossa ja rekister\u00f6idy RedFoxLottoon, josta voit ostaa lipun internetin kautta jokaiselle noista valtavista j\u00e4ttipoteista! RedFoxLoton avulla voit ostaa lipun kaikkiin maailman suurimpiin j\u00e4ttipotteihin asuinpaikastasi riippumatta. He ostavat lipun luotettavasti puolestasi ja varmistavat, ett\u00e4 saat voittosi.<\/p>\n<h2>P\u00e4\u00e4set k\u00e4siksi kansainv\u00e4lisiin arpajaisiin<\/h2>\n<p>Sivustollamme annamme sinulle yksityiskohtaista tietoa kaikista maailman suurista jackpot-arpajaisista, siit\u00e4, miten voit pelata verkossa, miten maksat, miten saat voittosi ja mit\u00e4 sinun on teht\u00e4v\u00e4, jos rikot j\u00e4ttipotin. Lue vain artikkelit osallistumisesta ja lottoarvostelut t\u00e4lt\u00e4 sivustolta (tarkista yl\u00e4valikosta), ja voit helposti valita itsellesi sopivan tapahtuman.<\/p>\n<h2>Pelaaminen verkossa on helppoa<\/h2>\n<p>Halusitpa sitten pelata Yhdysvaltain Powerball-j\u00e4ttipottia, EuroMillions-j\u00e4ttipottia, espanjalaista El Gordoa, italialaista SuperEnaLottoa tai mit\u00e4 tahansa muuta lottoa, voit <a href=\"https:\/\/jackpotlotteryonline.com\/fi\/osta-lippuja\">ostaa kaikki lippusi yhdest\u00e4 paikasta<\/a> &#8211; t\u00e4\u00e4lt\u00e4 verkkosivuiltamme osoitteesta<\/p>\n<p>Meid\u00e4n avullamme et ole en\u00e4\u00e4 rajoittunut vain kansalliseen lottoosi &#8211; voit nyt pelata netiss\u00e4 lottoa miss\u00e4 tahansa tapahtumassa internetin kautta. N\u00e4in voit valita sen j\u00e4ttipotin, joka on t\u00e4ll\u00e4 hetkell\u00e4 korkein, ja n\u00e4in lis\u00e4t\u00e4 mahdollisuuksiasi voittaa suuria summia. Tai valitse lotto, joka arvotaan seuraavaksi &#8211; n\u00e4in sinun ei tarvitse odottaa ikuisesti saadaksesi tiet\u00e4\u00e4, oletko voittanut! Se on niin helppoa kuin vain voi olla, lottoj\u00e4ttipotin valinnasta numeroiden valintaan ja maksamiseen.<\/p>\n<section class=\"layout\" style=\"border: solid 1px; width: 100%;\">\n<div class=\"img-div\" style=\"margin-top: 5px;\"><img decoding=\"async\" class=\"wp-image-17212 alignleft\" style=\"height: 45px; margin: 8px 8px 0px;\" src=\"https:\/\/jackpotlotteryonline.com\/wp-content\/uploads\/2022\/11\/read1.jpg\" alt=\"lue\" width=\"\" height=\"\" \/><\/div>\n<div style=\"padding-left: 5px;\">\n<div style=\"font-size: 1.1em;\">\n<p><strong>Onko laillista pelata muiden maiden lottoja verkossa?<\/strong><\/p>\n<p style=\"font-size: 0.85em; margin-top: -1.5em;\">Onko laillista hankkia lottokuponki netist\u00e4, ja saanko todella rahaa?\u00a0<a href=\"https:\/\/jackpotlotteryonline.com\/fi\/onko-laillista-pelata-muiden-maiden-arpajaisia-verkossa\"> Lue lis\u00e4\u00e4<\/a><\/p>\n<\/div>\n<\/div>\n<\/section>\n<h2>Online-lippupalvelu<\/h2>\n<p><strong>N\u00e4in se toimii:<\/strong> Tarjoamme kuriiripalvelua kansainv\u00e4lisille lottokuponkeille. Valitse lotto, jota haluat pelata verkossa, klikkaamalla yht\u00e4 yll\u00e4 olevista bannereista. Sitten valitset numerosi verkossa. Jos haluat, ett\u00e4 lottonumerot valitaan satunnaislukugeneraattorilla, voit tehd\u00e4 niinkin. Kun olet p\u00e4\u00e4tt\u00e4nyt numerot, rekister\u00f6idy tilille ja valitse tapa, jolla maksat lottokupongin. K\u00e4ytett\u00e4viss\u00e4 on useita turvallisia maksutapoja.<\/p>\n<p>T\u00e4m\u00e4n j\u00e4lkeen asiamiehemme ostavat lipun puolestasi ja l\u00e4hett\u00e4v\u00e4t sinulle vahvistuss\u00e4hk\u00f6postin todisteeksi ostoksestasi. Skannattu kopio lottokupongistasi n\u00e4kyy tilill\u00e4si pian oston j\u00e4lkeen.<\/p>\n<h2>Kansainv\u00e4listen arpajaisten pelaamisen edut verkossa<\/h2>\n<ul>\n<li>Enemm\u00e4n valinnanvaraa &#8211; sen sijaan, ett\u00e4 sinun olisi pakko pelata paikallista lottoa riippumatta siit\u00e4, kuinka suuri nykyinen j\u00e4ttipotti on, voit valita useista eri lotoista.<\/li>\n<li>Parempi vastine rahalle &#8211; sen sijaan, ett\u00e4 maksaisit esimerkiksi 2 euroa kupongista, jolla voit voittaa miljoona euroa, voit pelata 100 miljoonan euron Mega-Jackpotista tai paljon suuremmasta. Vaikka maksaisitkin korkeamman hinnan lippua kohden suuremmasta arvonnasta, matemaattisesti rahasi olisi parempi k\u00e4ytt\u00e4\u00e4 pelaamalla suuremmasta palkkiosta.<\/li>\n<li>Mukavuus &#8211; en\u00e4\u00e4 ei tarvitse l\u00e4hte\u00e4 kotoa hakemaan lippua. Voit ostaa lipun kotoa k\u00e4sin tai k\u00e4ytt\u00e4\u00e4 matkapuhelintasi lottopelaamiseen.<\/li>\n<li>Turvallisuus &#8211; verkkoarpa ei voi kadota, kuten fyysinen lottokuponki. Lottokupongit tallennetaan turvallisesti verkkotilillesi.<\/li>\n<\/ul>\n<h2>Milloin kaikkien n\u00e4iden arpajaisten arvonnat suoritetaan?<\/h2>\n<p>Tarkista alla olevasta kuvasta. Se n\u00e4ytt\u00e4\u00e4 yleiskatsauksen suurimpien lottojen arvontojen viikonp\u00e4ivist\u00e4.<br \/>\n<img loading=\"lazy\" decoding=\"async\" class=\"wp-image-17843 aligncenter\" src=\"https:\/\/jackpotlotteryonline.com\/wp-content\/uploads\/2022\/10\/Lotto-draw-calendar-UTC-300x50.jpg\" alt=\"lotto arvonta ajat\" width=\"684\" height=\"114\" srcset=\"https:\/\/jackpotlotteryonline.com\/wp-content\/uploads\/2022\/10\/Lotto-draw-calendar-UTC-300x50.jpg 300w, https:\/\/jackpotlotteryonline.com\/wp-content\/uploads\/2022\/10\/Lotto-draw-calendar-UTC-600x101.jpg 600w, https:\/\/jackpotlotteryonline.com\/wp-content\/uploads\/2022\/10\/Lotto-draw-calendar-UTC-1024x172.jpg 1024w, https:\/\/jackpotlotteryonline.com\/wp-content\/uploads\/2022\/10\/Lotto-draw-calendar-UTC-768x129.jpg 768w, https:\/\/jackpotlotteryonline.com\/wp-content\/uploads\/2022\/10\/Lotto-draw-calendar-UTC.jpg 1287w\" sizes=\"auto, (max-width: 684px) 100vw, 684px\" \/><\/p>\n<h2>Ent\u00e4 jos voitat lottovoiton?<\/h2>\n<p>Jos voitat, l\u00e4het\u00e4mme sinulle s\u00e4hk\u00f6posti-ilmoituksen voitostasi. Et voi koskaan j\u00e4\u00e4d\u00e4 paitsi voitosta tai kadottaa arpalippuasi. K\u00e4sittelemme korvausvaatimuksesi v\u00e4litt\u00e4m\u00e4ll\u00e4 maksupyynt\u00f6si arpajaisyhti\u00f6lle, joka sitten antaa sinulle shekin tai siirt\u00e4\u00e4 voiton pankkitilillesi. Jos voitat suuren j\u00e4ttipotin, sinua saatetaan joissakin tapauksissa vaatia saapumaan henkil\u00f6kohtaisesti lottokeskukseen. Eih\u00e4n se ole ongelma?<\/p>\n<p>Pienemm\u00e4t voitot 2500 euroon asti lis\u00e4t\u00e4\u00e4n pelitilillesi heti, ja voit joko lunastaa ne tai k\u00e4ytt\u00e4\u00e4 varat uusien lottokuponkien ostamiseen.<\/p>\n<p><strong>N\u00e4in se toimii. Oletko valmis voittamaan suuria summia? Hanki lippusi jo t\u00e4n\u00e4\u00e4n!<\/strong><\/p>\n<p>&nbsp;<\/p>\n","protected":false},"excerpt":{"rendered":"<p>Pelaa lottoa netiss\u00e4 ja paranna mahdollisuuksiasi N\u00e4yt\u00e4mme sinulle keinot, joilla voit helposti pelata lottoa netiss\u00e4 &#8211; KAIKISTA valtavista j\u00e4ttipotista, lotossa ei vain omassa maassasi, vaan kaikkialla maailmassa. Kansallisessa lotossasi ei ole houkuttelevia lottoja? Se ei ole en\u00e4\u00e4 ongelma, mene vain todella suuriin voittoihin. \u00c4l\u00e4 tuhlaa rahojasi pieniin palkintoihin &#8211; on olemassa lottoja, joissa on valtavat [&hellip;]<\/p>\n","protected":false},"author":1,"featured_media":0,"parent":0,"menu_order":1,"comment_status":"closed","ping_status":"closed","template":"lotto.php","meta":{"_et_pb_use_builder":"","_et_pb_old_content":"","_et_gb_content_width":"","exclude_from_search":false,"footnotes":""},"class_list":["post-26158","page","type-page","status-publish","hentry"],"yoast_head":"<!-- This site is optimized with the Yoast SEO plugin v23.3 - https:\/\/yoast.com\/wordpress\/plugins\/seo\/ -->\n<title>Pelaa lottoa netiss\u00e4 - Riko kansainv\u00e4liset lottoj\u00e4ttipotit!<\/title>\n<meta name=\"description\" content=\"Hanki lottokuponki lottoj\u00e4ttipotteihin maailmanlaajuisesti - pelaa niit\u00e4 kaikkia netiss\u00e4 ja voita miljoonia\" \/>\n<meta name=\"robots\" content=\"index, follow, max-snippet:-1, max-image-preview:large, max-video-preview:-1\" \/>\n<link rel=\"canonical\" href=\"https:\/\/jackpotlotteryonline.com\/fi\/\" \/>\n<meta property=\"og:locale\" content=\"fi_FI\" \/>\n<meta property=\"og:type\" content=\"article\" \/>\n<meta property=\"og:title\" content=\"Pelaa lottoa netiss\u00e4 - Riko kansainv\u00e4liset lottoj\u00e4ttipotit!\" \/>\n<meta property=\"og:description\" content=\"Hanki lottokuponki lottoj\u00e4ttipotteihin maailmanlaajuisesti - pelaa niit\u00e4 kaikkia netiss\u00e4 ja voita miljoonia\" \/>\n<meta property=\"og:url\" content=\"https:\/\/jackpotlotteryonline.com\/fi\/\" \/>\n<meta property=\"og:site_name\" content=\"Lotto Online - Crack The International Lottery Jackpots\" \/>\n<meta property=\"article:modified_time\" content=\"2023-01-06T11:18:48+00:00\" \/>\n<meta property=\"og:image\" content=\"https:\/\/jackpotlotteryonline.com\/wp-content\/uploads\/2022\/10\/ticket_balls.jpg\" \/>\n<meta name=\"twitter:card\" content=\"summary_large_image\" \/>\n<meta name=\"twitter:label1\" content=\"Arvioitu lukuaika\" \/>\n\t<meta name=\"twitter:data1\" content=\"3 minuuttia\" \/>\n<!-- \/ Yoast SEO plugin. -->","yoast_head_json":{"title":"Pelaa lottoa netiss\u00e4 - Riko kansainv\u00e4liset lottoj\u00e4ttipotit!","description":"Hanki lottokuponki lottoj\u00e4ttipotteihin maailmanlaajuisesti - pelaa niit\u00e4 kaikkia netiss\u00e4 ja voita miljoonia","robots":{"index":"index","follow":"follow","max-snippet":"max-snippet:-1","max-image-preview":"max-image-preview:large","max-video-preview":"max-video-preview:-1"},"canonical":"https:\/\/jackpotlotteryonline.com\/fi\/","og_locale":"fi_FI","og_type":"article","og_title":"Pelaa lottoa netiss\u00e4 - Riko kansainv\u00e4liset lottoj\u00e4ttipotit!","og_description":"Hanki lottokuponki lottoj\u00e4ttipotteihin maailmanlaajuisesti - pelaa niit\u00e4 kaikkia netiss\u00e4 ja voita miljoonia","og_url":"https:\/\/jackpotlotteryonline.com\/fi\/","og_site_name":"Lotto Online - Crack The International Lottery Jackpots","article_modified_time":"2023-01-06T11:18:48+00:00","og_image":[{"url":"https:\/\/jackpotlotteryonline.com\/wp-content\/uploads\/2022\/10\/ticket_balls.jpg"}],"twitter_card":"summary_large_image","twitter_misc":{"Arvioitu lukuaika":"3 minuuttia"},"schema":{"@context":"https:\/\/schema.org","@graph":[{"@type":"WebPage","@id":"https:\/\/jackpotlotteryonline.com\/fi\/","url":"https:\/\/jackpotlotteryonline.com\/fi\/","name":"Pelaa lottoa netiss\u00e4 - Riko kansainv\u00e4liset lottoj\u00e4ttipotit!","isPartOf":{"@id":"https:\/\/jackpotlotteryonline.com\/#website"},"primaryImageOfPage":{"@id":"https:\/\/jackpotlotteryonline.com\/fi\/#primaryimage"},"image":{"@id":"https:\/\/jackpotlotteryonline.com\/fi\/#primaryimage"},"thumbnailUrl":"https:\/\/jackpotlotteryonline.com\/wp-content\/uploads\/2022\/10\/ticket_balls.jpg","datePublished":"2022-11-01T08:25:09+00:00","dateModified":"2023-01-06T11:18:48+00:00","description":"Hanki lottokuponki lottoj\u00e4ttipotteihin maailmanlaajuisesti - pelaa niit\u00e4 kaikkia netiss\u00e4 ja voita miljoonia","breadcrumb":{"@id":"https:\/\/jackpotlotteryonline.com\/fi\/#breadcrumb"},"inLanguage":"fi","potentialAction":[{"@type":"ReadAction","target":["https:\/\/jackpotlotteryonline.com\/fi\/"]}]},{"@type":"ImageObject","inLanguage":"fi","@id":"https:\/\/jackpotlotteryonline.com\/fi\/#primaryimage","url":"https:\/\/jackpotlotteryonline.com\/wp-content\/uploads\/2022\/10\/ticket_balls.jpg","contentUrl":"https:\/\/jackpotlotteryonline.com\/wp-content\/uploads\/2022\/10\/ticket_balls.jpg"},{"@type":"BreadcrumbList","@id":"https:\/\/jackpotlotteryonline.com\/fi\/#breadcrumb","itemListElement":[{"@type":"ListItem","position":1,"name":"Home","item":"https:\/\/jackpotlotteryonline.com\/fi\/"},{"@type":"ListItem","position":2,"name":"Home"}]},{"@type":"WebSite","@id":"https:\/\/jackpotlotteryonline.com\/#website","url":"https:\/\/jackpotlotteryonline.com\/","name":"Lotto Online - Crack The International Lottery Jackpots","description":"","potentialAction":[{"@type":"SearchAction","target":{"@type":"EntryPoint","urlTemplate":"https:\/\/jackpotlotteryonline.com\/?s={search_term_string}"},"query-input":"required name=search_term_string"}],"inLanguage":"fi"}]}},"_links":{"self":[{"href":"https:\/\/jackpotlotteryonline.com\/fi\/wp-json\/wp\/v2\/pages\/26158","targetHints":{"allow":["GET"]}}],"collection":[{"href":"https:\/\/jackpotlotteryonline.com\/fi\/wp-json\/wp\/v2\/pages"}],"about":[{"href":"https:\/\/jackpotlotteryonline.com\/fi\/wp-json\/wp\/v2\/types\/page"}],"author":[{"embeddable":true,"href":"https:\/\/jackpotlotteryonline.com\/fi\/wp-json\/wp\/v2\/users\/1"}],"replies":[{"embeddable":true,"href":"https:\/\/jackpotlotteryonline.com\/fi\/wp-json\/wp\/v2\/comments?post=26158"}],"version-history":[{"count":0,"href":"https:\/\/jackpotlotteryonline.com\/fi\/wp-json\/wp\/v2\/pages\/26158\/revisions"}],"wp:attachment":[{"href":"https:\/\/jackpotlotteryonline.com\/fi\/wp-json\/wp\/v2\/media?parent=26158"}],"curies":[{"name":"wp","href":"https:\/\/api.w.org\/{rel}","templated":true}]}}