{"id":35688,"date":"2022-11-01T10:26:09","date_gmt":"2022-11-01T10:26:09","guid":{"rendered":"https:\/\/jackpotlotteryonline.com\/?page_id=35688"},"modified":"2022-12-19T06:52:34","modified_gmt":"2022-12-19T06:52:34","slug":"kuinka-pelata","status":"publish","type":"page","link":"https:\/\/jackpotlotteryonline.com\/fi\/kuinka-pelata\/","title":{"rendered":"Kuinka pelata"},"content":{"rendered":"<h2>Online Lottery tapahtumat ja pelit<\/h2>\n<p>Haluatko olla mukana mahdollisuudella olla miljon\u00e4\u00e4ri? Jos n\u00e4in on, liity miljoonien ihmisten joukkoon ymp\u00e4ri maailmaa ja ala pelata lottoa netiss\u00e4. Riippumatta siit\u00e4, miss\u00e4 olet, sijaitsitpa sitten Yhdysvalloissa, Yhdistyneess\u00e4 kuningaskunnassa, Australiassa tai Uudessa-Seelannissa, voit valita monista erilaisista kansainv\u00e4lisist\u00e4 lottopeleist\u00e4, joita voit pelata netiss\u00e4 ja joissa kaikissa on suuret j\u00e4ttipotit, joista sinulla on mahdollisuus voittaa.<br \/>\n<img loading=\"lazy\" decoding=\"async\" class=\"size-full wp-image-17816 alignright\" src=\"https:\/\/jackpotlotteryonline.com\/wp-content\/uploads\/2022\/10\/lotteryticket.jpg\" alt=\"play lottery online\" width=\"212\" height=\"142\" \/><\/p>\n<p>Loton pelaamisen aloittaminen verkossa on hyvin yksinkertaista. Yksi ensimm\u00e4isist\u00e4 asioista, jotka sinun on teht\u00e4v\u00e4, on k\u00e4yd\u00e4 verkkosivustollamme ja selata erilaisia saatavilla olevia lottoja. Voit tehd\u00e4 t\u00e4m\u00e4n helposti valitsemalla yhden tai useamman listatuista lotoista, joista joitakin ovat El Gordo Lottery, UK National Lottery, Thunderball Lotto, New York Lottery ja monet muut.<\/p>\n<p>Kustakin lottotyypist\u00e4 l\u00f6yd\u00e4t kaiken tarvittavan tiedon. Sitten voit k\u00e4ytt\u00e4\u00e4 palveluitamme <a href=\"https:\/\/jackpotlotteryonline.com\/fi\/osta-lippuja\">ostaaksesi lipun verkossa<\/a>.<\/p>\n<p>Jokaisesta lottokohtaisesta kuvauksesta l\u00f6yd\u00e4t esimerkiksi tiedot siit\u00e4, mik\u00e4 j\u00e4ttipotti on t\u00e4ll\u00e4 hetkell\u00e4, mist\u00e4 se alkaa voittamisen j\u00e4lkeen, kuinka monta numeroa sinun on osuttava kohdalleen voittaaksesi j\u00e4ttipotin ja mitk\u00e4 ovat muut palkintotasot. L\u00f6yd\u00e4t my\u00f6s tietoa esimerkiksi siit\u00e4, mink\u00e4 ik\u00e4isen\u00e4 sinun on oltava, jotta voit pelata lottopelej\u00e4 verkossa kunkin tyypin osalta, sek\u00e4 siit\u00e4, min\u00e4 p\u00e4ivin\u00e4 ja kellonaikoina arvonnat j\u00e4rjestet\u00e4\u00e4n.<\/p>\n<section class=\"layout\" style=\"border: solid 1px; width: 100%;\">\n<div class=\"img-div\" style=\"margin-top: 5px;\"><img decoding=\"async\" class=\"wp-image-17212 alignleft\" style=\"height: 45px; margin: 8px 8px 0px;\" src=\"https:\/\/jackpotlotteryonline.com\/wp-content\/uploads\/2022\/11\/read1.jpg\" alt=\"miten pelata\" width=\"\" height=\"\" \/><\/div>\n<div style=\"padding-left: 5px;\">\n<div style=\"font-size: 1.1em;\">\n<p><strong>Muutamia niksej\u00e4 ja vinkkej\u00e4 numeroiden valintaan<\/strong><\/p>\n<p style=\"font-size: 0.85em; margin-top: -1.5em;\">Lis\u00e4\u00e4 voittomahdollisuuksiasi &#8211; k\u00e4yt\u00e4 strategiaa numeroiden valitsemiseen.<a href=\"https:\/\/jackpotlotteryonline.com\/fi\/muutama-temppu-ja-vinkkeja-numeroiden-valintaan\"> Lue lis\u00e4\u00e4<\/a><\/p>\n<\/div>\n<\/div>\n<\/section>\n<h2>Kansainv\u00e4linen lotto<\/h2>\n<p>Maksimoidaksesi mahdollisuutesi voittaa mahdollisimman suuri j\u00e4ttipotti, l\u00f6yd\u00e4t, mitk\u00e4 ovat nykyiset j\u00e4ttipotit. T\u00e4m\u00e4 tarkoittaa, ett\u00e4 voit valita strategisesti, mit\u00e4 lottopelej\u00e4 pelaat verkossa, ja valita ne, joissa on korkeimmat saatavilla olevat j\u00e4ttipotit.<\/p>\n<p>Voit my\u00f6s pelata useita lottopelej\u00e4 verkossa. T\u00e4m\u00e4 tarkoittaa, ett\u00e4 sinun ei tarvitse asettaa lippua vain yhteen lottotyyppiin, vaan voit halutessasi pelata eri lottotyyppej\u00e4 samanaikaisesti. Voit esimerkiksi halutessasi pelata samaan aikaan yhdysvaltalaista ja brittil\u00e4ist\u00e4 lottoa, mik\u00e4 lis\u00e4\u00e4 huomattavasti mahdollisuuksiasi voittaa rahapalkinto.<br \/>\n<img loading=\"lazy\" decoding=\"async\" class=\"alignright size-full wp-image-18329\" src=\"https:\/\/jackpotlotteryonline.com\/wp-content\/uploads\/2022\/10\/ticket_numbers_pick.jpg\" alt=\"lottokuponki netiss\u00e4\" width=\"212\" height=\"142\" \/><\/p>\n<p>Sen lis\u00e4ksi, ett\u00e4 voit pelata kansainv\u00e4lisi\u00e4 lottopelej\u00e4 verkossa riippumatta siit\u00e4, miss\u00e4 olet, voit my\u00f6s tarkistaa lottopelien tulokset. Kaikkien <a href=\"https:\/\/jackpotlotteryonline.com\/fi\/voittonumerot\">lottopelien tulokset p\u00e4ivittyv\u00e4t<\/a> verkossa reaaliajassa riippumatta siit\u00e4, mik\u00e4 lottopeli on kyseess\u00e4. T\u00e4m\u00e4 tarkoittaa sit\u00e4, ett\u00e4 heti kun valitsemasi pelin arvonta on suoritettu, tulokset ovat n\u00e4ht\u00e4vill\u00e4 hyvin nopeasti sen j\u00e4lkeen.<\/p>\n<p>L\u00f6yd\u00e4t my\u00f6s yksityiskohtaiset tiedot siit\u00e4, miten kutakin lottopeli\u00e4 pelataan verkossa. Et voi esimerkiksi koskaan valita liian v\u00e4h\u00e4n tai liian monta numeroa &#8211; lippuj\u00e4rjestelm\u00e4mme n\u00e4ytt\u00e4\u00e4 sinulle viestin aina, kun teet t\u00e4llaisen virheen, ja n\u00e4ytt\u00e4\u00e4, miten voit korjata sen.<\/p>\n<p>Vaikka et olisikaan koskaan aiemmin pelannut tietyn maan lottoa, kaikki yksityiskohdat ovat helposti saatavilla, ja voit pelata kuin ammattilainen!<\/p>\n","protected":false},"excerpt":{"rendered":"<p>Online Lottery tapahtumat ja pelit Haluatko olla mukana mahdollisuudella olla miljon\u00e4\u00e4ri? Jos n\u00e4in on, liity miljoonien ihmisten joukkoon ymp\u00e4ri maailmaa ja ala pelata lottoa netiss\u00e4. Riippumatta siit\u00e4, miss\u00e4 olet, sijaitsitpa sitten Yhdysvalloissa, Yhdistyneess\u00e4 kuningaskunnassa, Australiassa tai Uudessa-Seelannissa, voit valita monista erilaisista kansainv\u00e4lisist\u00e4 lottopeleist\u00e4, joita voit pelata netiss\u00e4 ja joissa kaikissa on suuret j\u00e4ttipotit, joista sinulla [&hellip;]<\/p>\n","protected":false},"author":1,"featured_media":0,"parent":0,"menu_order":2,"comment_status":"closed","ping_status":"closed","template":"Play-all.php","meta":{"_et_pb_use_builder":"","_et_pb_old_content":"","_et_gb_content_width":"","exclude_from_search":false,"footnotes":""},"class_list":["post-35688","page","type-page","status-publish","hentry"],"yoast_head":"<!-- This site is optimized with the Yoast SEO plugin v23.3 - https:\/\/yoast.com\/wordpress\/plugins\/seo\/ -->\n<title>Voinko osallistua kansainv\u00e4lisiin lottotapahtumiin verkossa?<\/title>\n<meta name=\"description\" content=\"Sinun ei tarvitse olla maassa asuva henkil\u00f6 voidaksesi osallistua mink\u00e4\u00e4n maan lottoturnausten j\u00e4ttipotteihin.\" \/>\n<meta name=\"robots\" content=\"index, follow, max-snippet:-1, max-image-preview:large, max-video-preview:-1\" \/>\n<link rel=\"canonical\" href=\"https:\/\/jackpotlotteryonline.com\/play-online\/\" \/>\n<meta property=\"og:locale\" content=\"fi_FI\" \/>\n<meta property=\"og:type\" content=\"article\" \/>\n<meta property=\"og:title\" content=\"Voinko osallistua kansainv\u00e4lisiin lottotapahtumiin verkossa?\" \/>\n<meta property=\"og:description\" content=\"Sinun ei tarvitse olla maassa asuva henkil\u00f6 voidaksesi osallistua mink\u00e4\u00e4n maan lottoturnausten j\u00e4ttipotteihin.\" \/>\n<meta property=\"og:url\" content=\"https:\/\/jackpotlotteryonline.com\/play-online\/\" \/>\n<meta property=\"og:site_name\" content=\"Lotto Online - Crack The International Lottery Jackpots\" \/>\n<meta property=\"article:modified_time\" content=\"2022-12-19T06:52:34+00:00\" \/>\n<meta property=\"og:image\" content=\"https:\/\/jackpotlotteryonline.com\/wp-content\/uploads\/2022\/10\/lotteryticket.jpg\" \/>\n<meta name=\"twitter:card\" content=\"summary_large_image\" \/>\n<meta name=\"twitter:label1\" content=\"Arvioitu lukuaika\" \/>\n\t<meta name=\"twitter:data1\" content=\"2 minuuttia\" \/>\n<!-- \/ Yoast SEO plugin. -->","yoast_head_json":{"title":"Voinko osallistua kansainv\u00e4lisiin lottotapahtumiin verkossa?","description":"Sinun ei tarvitse olla maassa asuva henkil\u00f6 voidaksesi osallistua mink\u00e4\u00e4n maan lottoturnausten j\u00e4ttipotteihin.","robots":{"index":"index","follow":"follow","max-snippet":"max-snippet:-1","max-image-preview":"max-image-preview:large","max-video-preview":"max-video-preview:-1"},"canonical":"https:\/\/jackpotlotteryonline.com\/play-online\/","og_locale":"fi_FI","og_type":"article","og_title":"Voinko osallistua kansainv\u00e4lisiin lottotapahtumiin verkossa?","og_description":"Sinun ei tarvitse olla maassa asuva henkil\u00f6 voidaksesi osallistua mink\u00e4\u00e4n maan lottoturnausten j\u00e4ttipotteihin.","og_url":"https:\/\/jackpotlotteryonline.com\/play-online\/","og_site_name":"Lotto Online - Crack The International Lottery Jackpots","article_modified_time":"2022-12-19T06:52:34+00:00","og_image":[{"url":"https:\/\/jackpotlotteryonline.com\/wp-content\/uploads\/2022\/10\/lotteryticket.jpg"}],"twitter_card":"summary_large_image","twitter_misc":{"Arvioitu lukuaika":"2 minuuttia"},"schema":{"@context":"https:\/\/schema.org","@graph":[{"@type":"WebPage","@id":"https:\/\/jackpotlotteryonline.com\/play-online\/","url":"https:\/\/jackpotlotteryonline.com\/play-online\/","name":"Voinko osallistua kansainv\u00e4lisiin lottotapahtumiin verkossa?","isPartOf":{"@id":"https:\/\/jackpotlotteryonline.com\/#website"},"primaryImageOfPage":{"@id":"https:\/\/jackpotlotteryonline.com\/play-online\/#primaryimage"},"image":{"@id":"https:\/\/jackpotlotteryonline.com\/play-online\/#primaryimage"},"thumbnailUrl":"https:\/\/jackpotlotteryonline.com\/wp-content\/uploads\/2022\/10\/lotteryticket.jpg","datePublished":"2022-11-01T10:26:09+00:00","dateModified":"2022-12-19T06:52:34+00:00","description":"Sinun ei tarvitse olla maassa asuva henkil\u00f6 voidaksesi osallistua mink\u00e4\u00e4n maan lottoturnausten j\u00e4ttipotteihin.","breadcrumb":{"@id":"https:\/\/jackpotlotteryonline.com\/play-online\/#breadcrumb"},"inLanguage":"fi","potentialAction":[{"@type":"ReadAction","target":["https:\/\/jackpotlotteryonline.com\/play-online\/"]}]},{"@type":"ImageObject","inLanguage":"fi","@id":"https:\/\/jackpotlotteryonline.com\/play-online\/#primaryimage","url":"https:\/\/jackpotlotteryonline.com\/wp-content\/uploads\/2022\/10\/lotteryticket.jpg","contentUrl":"https:\/\/jackpotlotteryonline.com\/wp-content\/uploads\/2022\/10\/lotteryticket.jpg"},{"@type":"BreadcrumbList","@id":"https:\/\/jackpotlotteryonline.com\/play-online\/#breadcrumb","itemListElement":[{"@type":"ListItem","position":1,"name":"Home","item":"https:\/\/jackpotlotteryonline.com\/fi\/"},{"@type":"ListItem","position":2,"name":"Kuinka pelata"}]},{"@type":"WebSite","@id":"https:\/\/jackpotlotteryonline.com\/#website","url":"https:\/\/jackpotlotteryonline.com\/","name":"Lotto Online - Crack The International Lottery Jackpots","description":"","potentialAction":[{"@type":"SearchAction","target":{"@type":"EntryPoint","urlTemplate":"https:\/\/jackpotlotteryonline.com\/?s={search_term_string}"},"query-input":"required name=search_term_string"}],"inLanguage":"fi"}]}},"_links":{"self":[{"href":"https:\/\/jackpotlotteryonline.com\/fi\/wp-json\/wp\/v2\/pages\/35688","targetHints":{"allow":["GET"]}}],"collection":[{"href":"https:\/\/jackpotlotteryonline.com\/fi\/wp-json\/wp\/v2\/pages"}],"about":[{"href":"https:\/\/jackpotlotteryonline.com\/fi\/wp-json\/wp\/v2\/types\/page"}],"author":[{"embeddable":true,"href":"https:\/\/jackpotlotteryonline.com\/fi\/wp-json\/wp\/v2\/users\/1"}],"replies":[{"embeddable":true,"href":"https:\/\/jackpotlotteryonline.com\/fi\/wp-json\/wp\/v2\/comments?post=35688"}],"version-history":[{"count":0,"href":"https:\/\/jackpotlotteryonline.com\/fi\/wp-json\/wp\/v2\/pages\/35688\/revisions"}],"wp:attachment":[{"href":"https:\/\/jackpotlotteryonline.com\/fi\/wp-json\/wp\/v2\/media?parent=35688"}],"curies":[{"name":"wp","href":"https:\/\/api.w.org\/{rel}","templated":true}]}}