{"id":35749,"date":"2022-11-01T12:49:16","date_gmt":"2022-11-01T12:49:16","guid":{"rendered":"https:\/\/jackpotlotteryonline.com\/?page_id=35749"},"modified":"2022-12-19T10:28:33","modified_gmt":"2022-12-19T10:28:33","slug":"osta-lippuja","status":"publish","type":"page","link":"https:\/\/jackpotlotteryonline.com\/fi\/osta-lippuja\/","title":{"rendered":"Miten ostaa lottokuponkeja verkossa"},"content":{"rendered":"<p>Lottokuponkien ostamisesta netist\u00e4 on tullut nyt eritt\u00e4in suosittua. Lottofanit kaikkialta maailmasta k\u00e4ytt\u00e4v\u00e4t lottokuponkipalveluamme verkossa. Ja siihen on paljon hyvi\u00e4 syit\u00e4.<\/p>\n<p>Joillekin lottopelaajille se on ainoa tapa ostaa lottokuponkeja ylip\u00e4\u00e4t\u00e4\u00e4n, koska heid\u00e4n asuinmaassaan ei ole tarjolla lottoa. Niinp\u00e4 he etsiv\u00e4t tapoja, joilla heill\u00e4 on mahdollisuus voittaa suuria summia rahaa, ja sit\u00e4 varten he katsovat muiden maiden lottoja. Sivustollamme on monia lottotakapotteja, joista valita.<\/p>\n<p>Muilla lottoharrastajilla on lottoja omassa maassaan, mutta ne eiv\u00e4t ehk\u00e4 ole heille yht\u00e4 houkuttelevia. Usein n\u00e4iss\u00e4 paikallisissa lotoissa on pienemm\u00e4t p\u00e4\u00e4palkinnot ja j\u00e4ttipotit, tai niit\u00e4 pelataan vain kerran viikossa. Pelaajat etsiv\u00e4t siis muita, <a href=\"https:\/\/jackpotlotteryonline.com\/fi\/kuinka-pelata\">tuottoisampia vaihtoehtoja.<\/a><\/p>\n<h2>Muiden maiden arpajaisten tarjoamat korkeammat voitot<\/h2>\n<p><img loading=\"lazy\" decoding=\"async\" class=\"alignright wp-image-17212\" src=\"https:\/\/jackpotlotteryonline.com\/wp-content\/uploads\/2022\/10\/1_buy_ticket_online.jpg\" alt=\"osta lottokuponkeja netist\u00e4\" width=\"272\" height=\"204\" \/><\/p>\n<p>Tunnettu periaate on, ett\u00e4 on j\u00e4rkev\u00e4mp\u00e4\u00e4 sijoittaa rahaa lottokuponkiin silloin, kun j\u00e4ttipotit ovat hyvin suuria. Loppujen lopuksi, kun ostat arpalippusi, haluat mahdollisimman paljon vastinetta rahoillesi. Se tarkoittaa, ett\u00e4 jos arvan hinta on sama, mahdollisesti suurempi voitto antaa sinulle paremman vastineen rahalle.<\/p>\n<p>Mutta vaikka haluamasi lottopelin nettilippu olisi kaksi kertaa kalliimpi kuin paikallisen lottopelin lippu, useimmiten olisi silti j\u00e4rkev\u00e4\u00e4 ostaa kalliimpi nettilippu. Jos mahdollinen j\u00e4ttipotti on yli kaksi kertaa suurempi kuin paikallinen j\u00e4ttipotti, matemaattiset voittomahdollisuutesi ovat suuremmat siin\u00e4 lotossa, johon sinun on ostettava nettilippu.<\/p>\n<h2>Jossain p\u00e4in maailmaa on aina suuri j\u00e4ttipotti.<\/h2>\n<p>Ja se on t\u00e4rkein syy ostaa lottokuponkeja netist\u00e4. Kun niin monet arpajaiset ovat k\u00e4ytett\u00e4viss\u00e4si nettilippupalvelun kautta, l\u00f6yd\u00e4t aina suuren j\u00e4ttipotin, johon kannattaa panostaa. Itse asiassa suuri osa asiakkaistamme noudattaa yksinkertaista strategiaa: Se arpajainen, jossa on t\u00e4ll\u00e4 hetkell\u00e4 suurin j\u00e4ttipotti, on se arpajainen, johon he ostavat lippunsa. Eik\u00f6 olekin t\u00e4ysin j\u00e4rkev\u00e4\u00e4?<\/p>\n<section class=\"layout\" style=\"border: solid 1px; width: 100%;\">\n<div class=\"img-div\" style=\"margin-top: 5px;\"><img decoding=\"async\" class=\"wp-image-17212 alignleft\" style=\"height: 45px; margin: 8px 8px 0px;\" src=\"https:\/\/jackpotlotteryonline.com\/wp-content\/uploads\/2022\/11\/read1.jpg\" alt=\"varo huijausarpajaisia\" width=\"\" height=\"\" \/><\/div>\n<div style=\"padding-left: 5px;\">\n<div style=\"font-size: 1.1em;\">\n<p><strong>Lottohuijaukset, joista sinun tulisi olla tietoinen<\/strong><\/p>\n<p style=\"font-size: 0.85em; margin-top: -1.5em;\">\u00c4l\u00e4 lankea n\u00e4ihin lotto-ansoihin <a href=\"https:\/\/jackpotlotteryonline.com\/fi\/varo-online-arpajaiset-huijauksia\">Lue lis\u00e4\u00e4<\/a><\/p>\n<\/div>\n<\/div>\n<\/section>\n<h2>Onko laillista ostaa lippu netist\u00e4 johonkin n\u00e4ist\u00e4 arpajaisista?<\/h2>\n<p>Kyll\u00e4 on. Kuvittele, ett\u00e4 satut olemaan Yhdysvalloissa, ja paikallisessa Powerball-arvonnassa on valtava j\u00e4ttipotti. Menet ostamaan arvan, ja se voittaa. Loton on tietysti maksettava sinulle, vaikka et olisikaan en\u00e4\u00e4 <a href=\"https:\/\/jackpotlotteryonline.com\/fi\/voittonumerot\">maassa arvontahetkell\u00e4<\/a>. Olet ostanut arvan laillisesti. Sill\u00e4 ei ole merkityst\u00e4, asutko Yhdysvalloissa vai et. Ja sama p\u00e4tee kaikkiin muihin maailmanlaajuisiin arpajaisiin.<\/p>\n<p>Erona verkkopalvelussamme on se, ett\u00e4 me ostamme varsinaisen arvan puolestasi. Sin\u00e4 tilaat sen verkossa, ja yksi paikallisista edustajistamme ostaa fyysisen lipun puolestasi. He my\u00f6s skannaavat lippusi, ja se ladataan pelitilillesi, jotta n\u00e4et, ett\u00e4 ostimme sinulle todellisen lipun.<br \/>\n<img loading=\"lazy\" decoding=\"async\" class=\"alignright size-medium wp-image-25854\" src=\"https:\/\/jackpotlotteryonline.com\/wp-content\/uploads\/2022\/10\/1_results_tickets_lotto-300x212.jpg\" alt=\"arpajaislippu\" width=\"300\" height=\"212\" srcset=\"https:\/\/jackpotlotteryonline.com\/wp-content\/uploads\/2022\/10\/1_results_tickets_lotto-300x212.jpg 300w, https:\/\/jackpotlotteryonline.com\/wp-content\/uploads\/2022\/10\/1_results_tickets_lotto.jpg 320w\" sizes=\"auto, (max-width: 300px) 100vw, 300px\" \/><\/p>\n<p>Jos voitat suuren summan, on sinusta itsest\u00e4si kiinni, haluatko l\u00e4hte\u00e4 maahan, jossa arvonta j\u00e4rjestet\u00e4\u00e4n. Voit halutessasi noutaa lippusi meilt\u00e4 ja esitt\u00e4\u00e4 voittolapun henkil\u00f6kohtaisesti lottokomissiolle. Mist\u00e4 he tiet\u00e4v\u00e4t, kuka sen osti?<\/p>\n<p>Mutta itse asiassa sinun ei tarvitse tehd\u00e4 niin. Koska osa online-arpajaislippupalveluamme on se, ett\u00e4 voimme my\u00f6s hoitaa voitonmaksun puolestasi. K\u00e4sittelemme voittosi, ja lottokomissio joko l\u00e4hett\u00e4\u00e4 sinulle shekin tai siirt\u00e4\u00e4 voitot pankkitilillesi.<\/p>\n<p>Ja tiesitk\u00f6, ett\u00e4 kaikki pienemm\u00e4t voitot (alle 2500,00 \u20ac) hyvitet\u00e4\u00e4n v\u00e4litt\u00f6m\u00e4sti pelitilillesi verkkosivustollamme? Sinun ei tarvitse tehd\u00e4 mit\u00e4\u00e4n saadaksesi n\u00e4it\u00e4 pienempi\u00e4 voittoja. Ja voit pyyt\u00e4\u00e4 kotiutusta milloin tahansa, ja me maksamme n\u00e4m\u00e4 varat pankkitilillesi, luottokortillesi tai kryptovaluuttalompakkoosi (jos sinulla on sellainen).<\/p>\n<h2>Muita etuja lottokuponkien ostamisesta netist\u00e4<\/h2>\n<p>Lottokuponkipalvelussamme on muitakin, varsin ilmeisi\u00e4 etuja, jotka ovat:<\/p>\n<ul>\n<li>Sinun ei tarvitse poistua kotoa saadaksesi lippusi.<\/li>\n<li>Ei jonoja lottov\u00e4litt\u00e4j\u00e4ll\u00e4 tai -myym\u00e4l\u00e4ss\u00e4 (t\u00e4rke\u00e4\u00e4 erityisesti silloin, kun j\u00e4ttipotit ovat suuria!).<\/li>\n<li>Lottokuponkisi ei voi kadota, koska se on skannattu ja sit\u00e4 s\u00e4ilytet\u00e4\u00e4n turvallisessa holvissamme.<\/li>\n<\/ul>\n<p>Joten, mit\u00e4 sin\u00e4 odotat? Valitse arpajaiset ja osta nettiliput jo t\u00e4n\u00e4\u00e4n &#8211; pienell\u00e4 tuurilla voit olla huomisen j\u00e4ttipotin voittaja!<\/p>\n","protected":false},"excerpt":{"rendered":"<p>Lottokuponkien ostamisesta netist\u00e4 on tullut nyt eritt\u00e4in suosittua. Lottofanit kaikkialta maailmasta k\u00e4ytt\u00e4v\u00e4t lottokuponkipalveluamme verkossa. Ja siihen on paljon hyvi\u00e4 syit\u00e4. Joillekin lottopelaajille se on ainoa tapa ostaa lottokuponkeja ylip\u00e4\u00e4t\u00e4\u00e4n, koska heid\u00e4n asuinmaassaan ei ole tarjolla lottoa. Niinp\u00e4 he etsiv\u00e4t tapoja, joilla heill\u00e4 on mahdollisuus voittaa suuria summia rahaa, ja sit\u00e4 varten he katsovat muiden maiden [&hellip;]<\/p>\n","protected":false},"author":1,"featured_media":0,"parent":0,"menu_order":3,"comment_status":"closed","ping_status":"closed","template":"Information.php","meta":{"_et_pb_use_builder":"","_et_pb_old_content":"","_et_gb_content_width":"","exclude_from_search":false,"footnotes":""},"class_list":["post-35749","page","type-page","status-publish","hentry"],"yoast_head":"<!-- This site is optimized with the Yoast SEO plugin v23.3 - https:\/\/yoast.com\/wordpress\/plugins\/seo\/ -->\n<title>Kuinka ostaa lippuja netist\u00e4 maailmanlaajuisiin arpajaisiin<\/title>\n<meta name=\"description\" content=\"Mit\u00e4 kannattaa huomioida ostaessasi lippuja kansainv\u00e4lisiin arpajaisiin netist\u00e4. Jotkut nettilippupalvelut ovat v\u00e4hemm\u00e4n suositeltavia, ota selv\u00e4\u00e4, mitk\u00e4\" \/>\n<meta name=\"robots\" content=\"index, follow, max-snippet:-1, max-image-preview:large, max-video-preview:-1\" \/>\n<link rel=\"canonical\" href=\"https:\/\/jackpotlotteryonline.com\/fi\/osta-lippuja\/\" \/>\n<meta property=\"og:locale\" content=\"fi_FI\" \/>\n<meta property=\"og:type\" content=\"article\" \/>\n<meta property=\"og:title\" content=\"Kuinka ostaa lippuja netist\u00e4 maailmanlaajuisiin arpajaisiin\" \/>\n<meta property=\"og:description\" content=\"Mit\u00e4 kannattaa huomioida ostaessasi lippuja kansainv\u00e4lisiin arpajaisiin netist\u00e4. Jotkut nettilippupalvelut ovat v\u00e4hemm\u00e4n suositeltavia, ota selv\u00e4\u00e4, mitk\u00e4\" \/>\n<meta property=\"og:url\" content=\"https:\/\/jackpotlotteryonline.com\/fi\/osta-lippuja\/\" \/>\n<meta property=\"og:site_name\" content=\"Lotto Online - Crack The International Lottery Jackpots\" \/>\n<meta property=\"article:modified_time\" content=\"2022-12-19T10:28:33+00:00\" \/>\n<meta property=\"og:image\" content=\"https:\/\/jackpotlotteryonline.com\/wp-content\/uploads\/2022\/10\/1_buy_ticket_online.jpg\" \/>\n<meta name=\"twitter:card\" content=\"summary_large_image\" \/>\n<meta name=\"twitter:label1\" content=\"Arvioitu lukuaika\" \/>\n\t<meta name=\"twitter:data1\" content=\"3 minuuttia\" \/>\n<!-- \/ Yoast SEO plugin. -->","yoast_head_json":{"title":"Kuinka ostaa lippuja netist\u00e4 maailmanlaajuisiin arpajaisiin","description":"Mit\u00e4 kannattaa huomioida ostaessasi lippuja kansainv\u00e4lisiin arpajaisiin netist\u00e4. Jotkut nettilippupalvelut ovat v\u00e4hemm\u00e4n suositeltavia, ota selv\u00e4\u00e4, mitk\u00e4","robots":{"index":"index","follow":"follow","max-snippet":"max-snippet:-1","max-image-preview":"max-image-preview:large","max-video-preview":"max-video-preview:-1"},"canonical":"https:\/\/jackpotlotteryonline.com\/fi\/osta-lippuja\/","og_locale":"fi_FI","og_type":"article","og_title":"Kuinka ostaa lippuja netist\u00e4 maailmanlaajuisiin arpajaisiin","og_description":"Mit\u00e4 kannattaa huomioida ostaessasi lippuja kansainv\u00e4lisiin arpajaisiin netist\u00e4. Jotkut nettilippupalvelut ovat v\u00e4hemm\u00e4n suositeltavia, ota selv\u00e4\u00e4, mitk\u00e4","og_url":"https:\/\/jackpotlotteryonline.com\/fi\/osta-lippuja\/","og_site_name":"Lotto Online - Crack The International Lottery Jackpots","article_modified_time":"2022-12-19T10:28:33+00:00","og_image":[{"url":"https:\/\/jackpotlotteryonline.com\/wp-content\/uploads\/2022\/10\/1_buy_ticket_online.jpg"}],"twitter_card":"summary_large_image","twitter_misc":{"Arvioitu lukuaika":"3 minuuttia"},"schema":{"@context":"https:\/\/schema.org","@graph":[{"@type":"WebPage","@id":"https:\/\/jackpotlotteryonline.com\/fi\/osta-lippuja\/","url":"https:\/\/jackpotlotteryonline.com\/fi\/osta-lippuja\/","name":"Kuinka ostaa lippuja netist\u00e4 maailmanlaajuisiin arpajaisiin","isPartOf":{"@id":"https:\/\/jackpotlotteryonline.com\/#website"},"primaryImageOfPage":{"@id":"https:\/\/jackpotlotteryonline.com\/fi\/osta-lippuja\/#primaryimage"},"image":{"@id":"https:\/\/jackpotlotteryonline.com\/fi\/osta-lippuja\/#primaryimage"},"thumbnailUrl":"https:\/\/jackpotlotteryonline.com\/wp-content\/uploads\/2022\/10\/1_buy_ticket_online.jpg","datePublished":"2022-11-01T12:49:16+00:00","dateModified":"2022-12-19T10:28:33+00:00","description":"Mit\u00e4 kannattaa huomioida ostaessasi lippuja kansainv\u00e4lisiin arpajaisiin netist\u00e4. Jotkut nettilippupalvelut ovat v\u00e4hemm\u00e4n suositeltavia, ota selv\u00e4\u00e4, mitk\u00e4","breadcrumb":{"@id":"https:\/\/jackpotlotteryonline.com\/fi\/osta-lippuja\/#breadcrumb"},"inLanguage":"fi","potentialAction":[{"@type":"ReadAction","target":["https:\/\/jackpotlotteryonline.com\/fi\/osta-lippuja\/"]}]},{"@type":"ImageObject","inLanguage":"fi","@id":"https:\/\/jackpotlotteryonline.com\/fi\/osta-lippuja\/#primaryimage","url":"https:\/\/jackpotlotteryonline.com\/wp-content\/uploads\/2022\/10\/1_buy_ticket_online.jpg","contentUrl":"https:\/\/jackpotlotteryonline.com\/wp-content\/uploads\/2022\/10\/1_buy_ticket_online.jpg"},{"@type":"BreadcrumbList","@id":"https:\/\/jackpotlotteryonline.com\/fi\/osta-lippuja\/#breadcrumb","itemListElement":[{"@type":"ListItem","position":1,"name":"Home","item":"https:\/\/jackpotlotteryonline.com\/fi\/"},{"@type":"ListItem","position":2,"name":"Miten ostaa lottokuponkeja verkossa"}]},{"@type":"WebSite","@id":"https:\/\/jackpotlotteryonline.com\/#website","url":"https:\/\/jackpotlotteryonline.com\/","name":"Lotto Online - Crack The International Lottery Jackpots","description":"","potentialAction":[{"@type":"SearchAction","target":{"@type":"EntryPoint","urlTemplate":"https:\/\/jackpotlotteryonline.com\/?s={search_term_string}"},"query-input":"required name=search_term_string"}],"inLanguage":"fi"}]}},"_links":{"self":[{"href":"https:\/\/jackpotlotteryonline.com\/fi\/wp-json\/wp\/v2\/pages\/35749","targetHints":{"allow":["GET"]}}],"collection":[{"href":"https:\/\/jackpotlotteryonline.com\/fi\/wp-json\/wp\/v2\/pages"}],"about":[{"href":"https:\/\/jackpotlotteryonline.com\/fi\/wp-json\/wp\/v2\/types\/page"}],"author":[{"embeddable":true,"href":"https:\/\/jackpotlotteryonline.com\/fi\/wp-json\/wp\/v2\/users\/1"}],"replies":[{"embeddable":true,"href":"https:\/\/jackpotlotteryonline.com\/fi\/wp-json\/wp\/v2\/comments?post=35749"}],"version-history":[{"count":0,"href":"https:\/\/jackpotlotteryonline.com\/fi\/wp-json\/wp\/v2\/pages\/35749\/revisions"}],"wp:attachment":[{"href":"https:\/\/jackpotlotteryonline.com\/fi\/wp-json\/wp\/v2\/media?parent=35749"}],"curies":[{"name":"wp","href":"https:\/\/api.w.org\/{rel}","templated":true}]}}