{"id":35824,"date":"2022-11-02T06:48:54","date_gmt":"2022-11-02T06:48:54","guid":{"rendered":"https:\/\/jackpotlotteryonline.com\/?page_id=35824"},"modified":"2022-12-26T07:47:29","modified_gmt":"2022-12-26T07:47:29","slug":"voittonumerot","status":"publish","type":"page","link":"https:\/\/jackpotlotteryonline.com\/fi\/voittonumerot\/","title":{"rendered":"Lottotulokset"},"content":{"rendered":"<h2>Lottotulokset verkossa<\/h2>\n<p>Kun tarjolla on niin laaja valikoima lottoja, joita voit pelata, ja koska meill\u00e4 kaikilla on nyky\u00e4\u00e4n helppo p\u00e4\u00e4sy Internetiin, monet ihmiset haluavat tarkistaa lottotulokset nopeasti verkossa. Jos olet ostanut lottokupongin, haluat varmasti innokkaasti tiet\u00e4\u00e4, mitk\u00e4 ovat kyseisen arvonnan voittonumerot. <strong>Nyt voit helposti tarkistaa kansainv\u00e4listen lottoj\u00e4ttipottien tulokset verkossa muutamassa sekunnissa.<\/strong><\/p>\n<p>T\u00e4m\u00e4 palvelu on saatavilla kaikkialla maailmassa, joten olitpa miss\u00e4 tahansa, olitpa sitten lomalla, ty\u00f6matkalla ulkomailla tai vain t\u00f6iss\u00e4 tai ulkona yst\u00e4vien kanssa, sinun ei en\u00e4\u00e4 tarvitse etsi\u00e4 paikallislehte\u00e4 tai odottaa muutama p\u00e4iv\u00e4 saadaksesi selville, oletko j\u00e4ttipotin voittaja. Voit nyt yksinkertaisesti k\u00e4yd\u00e4 verkkosivustollamme ja valita sen lottopelin tulokset, johon olet asettanut panoksen, ja saada nopeasti selville, onko sinulla osunut numeroita.<\/p>\n<section class=\"layout\" style=\"border: solid 1px; width: 100%;\">\n<div class=\"img-div\" style=\"margin-top: 5px;\"><img decoding=\"async\" class=\"wp-image-17212 alignleft\" style=\"height: 45px; margin: 8px 8px 0px;\" src=\"https:\/\/jackpotlotteryonline.com\/wp-content\/uploads\/2022\/11\/read1.jpg\" alt=\"lue\" width=\"\" height=\"\" \/><\/div>\n<div style=\"padding-left: 5px;\">\n<div style=\"font-size: 1.1em;\">\n<p><strong>Katso lottonumeroiden arvonta suorana l\u00e4hetyksen\u00e4<\/strong><\/p>\n<p style=\"font-size: 0.85em; margin-top: -1.5em;\">Miten voit seurata suosikkilottojen live-arvontoja?\u00a0<a href=\"https:\/\/jackpotlotteryonline.com\/fi\/katsella-lottorivi-arvotaan-livena\"> Lue lis\u00e4\u00e4<\/a><\/p>\n<\/div>\n<\/div>\n<\/section>\n<h2>Kansainv\u00e4liset j\u00e4ttipotin voittaneet lottonumerot<\/h2>\n<p>Tarkista t\u00e4m\u00e4n viikon voittavat lottonumerot suurimmista kansainv\u00e4lisist\u00e4 lottoj\u00e4ttipoteista, jotka p\u00e4ivitet\u00e4\u00e4n p\u00e4ivitt\u00e4in verkkosivustollamme. Luettelemme planeetan parhaat ja suurimmat lotot, kuten El Gordo, Euromillions, Mega Millions, Powerball, SuperEnaLotto ja monet muut.<br \/>\n<img loading=\"lazy\" decoding=\"async\" class=\"alignright size-medium wp-image-19277\" src=\"https:\/\/jackpotlotteryonline.com\/wp-content\/uploads\/2022\/10\/2_ticket_powerball_au2-163x300.jpg\" alt=\"lottokupongin skannaus\" width=\"163\" height=\"300\" srcset=\"https:\/\/jackpotlotteryonline.com\/wp-content\/uploads\/2022\/10\/2_ticket_powerball_au2-163x300.jpg 163w, https:\/\/jackpotlotteryonline.com\/wp-content\/uploads\/2022\/10\/2_ticket_powerball_au2.jpg 250w\" sizes=\"auto, (max-width: 163px) 100vw, 163px\" \/><\/p>\n<p><strong>Saatat luulla, ett\u00e4 suurin osa n\u00e4ist\u00e4 lotoista ei ole k\u00e4ytett\u00e4viss\u00e4si, mutta se ei ole totta!<\/strong> Nyky\u00e4\u00e4n on helppo<a href=\"https:\/\/jackpotlotteryonline.com\/fi\/osta-lippuja\"> ostaa lippuja netist\u00e4<\/a> l\u00e4hes kaikkiin arpajaisiin. T\u00e4m\u00e4 tarkoittaa, ett\u00e4 sinun ei tarvitse asua siin\u00e4 maassa, jossa arpajaiset j\u00e4rjestet\u00e4\u00e4n.<\/p>\n<p><strong>T\u00e4m\u00e4n mahdollistaa meid\u00e4n tarjoamamme palvelu.<\/strong><\/p>\n<p>Napsauta vain mit\u00e4 tahansa yll\u00e4 olevaa <a href=\"https:\/\/jackpotlotteryonline.com\/fi\/kuinka-pelata\">&#8220;Pelaa&#8221;-painiketta<\/a>, ja p\u00e4\u00e4set kyseisen loton numeroiden valintasivulle. Valitse numerot, rekister\u00f6idy ja maksa verkossa &#8211; niin yksinkertaista se on! Saat vahvistuksen henkil\u00f6kohtaisesta arpajaislipustasi heti oston suorittamisen j\u00e4lkeen ja skannauslipustasi hieman my\u00f6hemmin. Varmistamme my\u00f6s, ett\u00e4 saat voittamasi summan. Nuo maailmanlaajuiset j\u00e4ttipotit voivat usein olla 100 kertaa suuremmat kuin paikallinen lottosi, joten mit\u00e4 sin\u00e4 odotat? Valitse itse!<\/p>\n<h2>Katso, oletko voittanut &#8211; vertaa lippuasi voittonumeroihin.<\/h2>\n<p>Voit tarkistaa lottotulokset verkossa kannettavasta tietokoneesta, p\u00f6yt\u00e4tietokoneesta tai jopa iPhonesta kotona tai toimistolla, mutta voit my\u00f6s tarkistaa monien lottojen tulokset heti yhdell\u00e4 sivulla.<\/p>\n<p>Kun kukin lottoarvonta on suoritettu, tulokset p\u00e4ivittyv\u00e4t reaaliajassa. T\u00e4m\u00e4 tarkoittaa, ett\u00e4 kansainv\u00e4listen jackpottien tulokset verkossa ovat k\u00e4ytett\u00e4viss\u00e4si hetken kuluttua arvonnan tapahtumisesta.<br \/>\n<img loading=\"lazy\" decoding=\"async\" class=\"alignright wp-image-19599\" src=\"https:\/\/jackpotlotteryonline.com\/wp-content\/uploads\/2022\/10\/1_balls_draw_lotto_numbers-200x300.jpg\" alt=\"lottovoittonumerot\" width=\"154\" height=\"231\" srcset=\"https:\/\/jackpotlotteryonline.com\/wp-content\/uploads\/2022\/10\/1_balls_draw_lotto_numbers-200x300.jpg 200w, https:\/\/jackpotlotteryonline.com\/wp-content\/uploads\/2022\/10\/1_balls_draw_lotto_numbers.jpg 320w\" sizes=\"auto, (max-width: 154px) 100vw, 154px\" \/><\/p>\n<p>Jos olet p\u00e4\u00e4tt\u00e4nyt ostaa lottokupongin netist\u00e4, olipa kyseess\u00e4 mink\u00e4lainen lotto tahansa, lottotulosten tarkistaminen netist\u00e4 t\u00e4\u00e4ll\u00e4 sivustollamme on entist\u00e4kin helpompaa. T\u00e4m\u00e4 johtuu siit\u00e4, ett\u00e4 kun asetat lottokupongin verkossa, sinun on annettava s\u00e4hk\u00f6postiosoitteesi. T\u00e4t\u00e4 ei tarvita ainoastaan, jotta voit avata pelitilin pelaamista varten, vaan sit\u00e4 tarvitaan my\u00f6s voitosta ilmoittamista varten.<\/p>\n<p>Kun lottoarvonta on suoritettu, sinulle ilmoitetaan automaattisesti s\u00e4hk\u00f6postitse, jos olet osunut johonkin numeroon, jonka perusteella olet saattanut voittaa k\u00e4teispalkinnon. Tarkista vain s\u00e4hk\u00f6postiisi saapuneet viestit.<\/p>\n<p>Jos olet ostanut lottokupongin netist\u00e4 t\u00e4\u00e4lt\u00e4, voit my\u00f6s kirjautua asiakastilillesi, ja tulokset n\u00e4kyv\u00e4t suoraan lottokupongin vieress\u00e4 vertailua varten. Ne arpasi numerot, jotka t\u00e4sm\u00e4\u00e4v\u00e4t arvontaan, korostetaan. T\u00e4m\u00e4 on niin k\u00e4tev\u00e4\u00e4 kuin vain mahdollista!<\/p>\n<p>Kun tarjolla on niin monia hienoja etuja ja k\u00e4tevi\u00e4 ominaisuuksia, kuten mahdollisuus tarkistaa lottotulokset nopeasti verkossa, <strong>monet ihmiset valitsevat nyt lottokuponkien ostamisen mieluummin verkosta kuin kaupasta.<\/strong><\/p>\n","protected":false},"excerpt":{"rendered":"<p>Lottotulokset verkossa Kun tarjolla on niin laaja valikoima lottoja, joita voit pelata, ja koska meill\u00e4 kaikilla on nyky\u00e4\u00e4n helppo p\u00e4\u00e4sy Internetiin, monet ihmiset haluavat tarkistaa lottotulokset nopeasti verkossa. Jos olet ostanut lottokupongin, haluat varmasti innokkaasti tiet\u00e4\u00e4, mitk\u00e4 ovat kyseisen arvonnan voittonumerot. Nyt voit helposti tarkistaa kansainv\u00e4listen lottoj\u00e4ttipottien tulokset verkossa muutamassa sekunnissa. T\u00e4m\u00e4 palvelu on saatavilla [&hellip;]<\/p>\n","protected":false},"author":1,"featured_media":0,"parent":0,"menu_order":4,"comment_status":"closed","ping_status":"closed","template":"Results.php","meta":{"_et_pb_use_builder":"","_et_pb_old_content":"","_et_gb_content_width":"","exclude_from_search":false,"footnotes":""},"class_list":["post-35824","page","type-page","status-publish","hentry"],"yoast_head":"<!-- This site is optimized with the Yoast SEO plugin v23.3 - https:\/\/yoast.com\/wordpress\/plugins\/seo\/ -->\n<title>Voittonumerot ja tulokset kansainv\u00e4liset lotto j\u00e4ttipotit online.<\/title>\n<meta name=\"description\" content=\"T\u00e4m\u00e4 sivu n\u00e4ytt\u00e4\u00e4 tulokset ja voittonumerot useimmista kansainv\u00e4lisist\u00e4 jackpot-arpajaisista netiss\u00e4\" \/>\n<meta name=\"robots\" content=\"index, follow, max-snippet:-1, max-image-preview:large, max-video-preview:-1\" \/>\n<link rel=\"canonical\" href=\"https:\/\/jackpotlotteryonline.com\/winning-numbers\/\" \/>\n<meta property=\"og:locale\" content=\"fi_FI\" \/>\n<meta property=\"og:type\" content=\"article\" \/>\n<meta property=\"og:title\" content=\"Voittonumerot ja tulokset kansainv\u00e4liset lotto j\u00e4ttipotit online.\" \/>\n<meta property=\"og:description\" content=\"T\u00e4m\u00e4 sivu n\u00e4ytt\u00e4\u00e4 tulokset ja voittonumerot useimmista kansainv\u00e4lisist\u00e4 jackpot-arpajaisista netiss\u00e4\" \/>\n<meta property=\"og:url\" content=\"https:\/\/jackpotlotteryonline.com\/winning-numbers\/\" \/>\n<meta property=\"og:site_name\" content=\"Lotto Online - Crack The International Lottery Jackpots\" \/>\n<meta property=\"article:modified_time\" content=\"2022-12-26T07:47:29+00:00\" \/>\n<meta property=\"og:image\" content=\"https:\/\/jackpotlotteryonline.com\/wp-content\/uploads\/2022\/11\/read1.jpg\" \/>\n<meta name=\"twitter:card\" content=\"summary_large_image\" \/>\n<meta name=\"twitter:label1\" content=\"Arvioitu lukuaika\" \/>\n\t<meta name=\"twitter:data1\" content=\"3 minuuttia\" \/>\n<!-- \/ Yoast SEO plugin. -->","yoast_head_json":{"title":"Voittonumerot ja tulokset kansainv\u00e4liset lotto j\u00e4ttipotit online.","description":"T\u00e4m\u00e4 sivu n\u00e4ytt\u00e4\u00e4 tulokset ja voittonumerot useimmista kansainv\u00e4lisist\u00e4 jackpot-arpajaisista netiss\u00e4","robots":{"index":"index","follow":"follow","max-snippet":"max-snippet:-1","max-image-preview":"max-image-preview:large","max-video-preview":"max-video-preview:-1"},"canonical":"https:\/\/jackpotlotteryonline.com\/winning-numbers\/","og_locale":"fi_FI","og_type":"article","og_title":"Voittonumerot ja tulokset kansainv\u00e4liset lotto j\u00e4ttipotit online.","og_description":"T\u00e4m\u00e4 sivu n\u00e4ytt\u00e4\u00e4 tulokset ja voittonumerot useimmista kansainv\u00e4lisist\u00e4 jackpot-arpajaisista netiss\u00e4","og_url":"https:\/\/jackpotlotteryonline.com\/winning-numbers\/","og_site_name":"Lotto Online - Crack The International Lottery Jackpots","article_modified_time":"2022-12-26T07:47:29+00:00","og_image":[{"url":"https:\/\/jackpotlotteryonline.com\/wp-content\/uploads\/2022\/11\/read1.jpg"}],"twitter_card":"summary_large_image","twitter_misc":{"Arvioitu lukuaika":"3 minuuttia"},"schema":{"@context":"https:\/\/schema.org","@graph":[{"@type":"WebPage","@id":"https:\/\/jackpotlotteryonline.com\/winning-numbers\/","url":"https:\/\/jackpotlotteryonline.com\/winning-numbers\/","name":"Voittonumerot ja tulokset kansainv\u00e4liset lotto j\u00e4ttipotit online.","isPartOf":{"@id":"https:\/\/jackpotlotteryonline.com\/#website"},"primaryImageOfPage":{"@id":"https:\/\/jackpotlotteryonline.com\/winning-numbers\/#primaryimage"},"image":{"@id":"https:\/\/jackpotlotteryonline.com\/winning-numbers\/#primaryimage"},"thumbnailUrl":"https:\/\/jackpotlotteryonline.com\/wp-content\/uploads\/2022\/11\/read1.jpg","datePublished":"2022-11-02T06:48:54+00:00","dateModified":"2022-12-26T07:47:29+00:00","description":"T\u00e4m\u00e4 sivu n\u00e4ytt\u00e4\u00e4 tulokset ja voittonumerot useimmista kansainv\u00e4lisist\u00e4 jackpot-arpajaisista netiss\u00e4","breadcrumb":{"@id":"https:\/\/jackpotlotteryonline.com\/winning-numbers\/#breadcrumb"},"inLanguage":"fi","potentialAction":[{"@type":"ReadAction","target":["https:\/\/jackpotlotteryonline.com\/winning-numbers\/"]}]},{"@type":"ImageObject","inLanguage":"fi","@id":"https:\/\/jackpotlotteryonline.com\/winning-numbers\/#primaryimage","url":"https:\/\/jackpotlotteryonline.com\/wp-content\/uploads\/2022\/11\/read1.jpg","contentUrl":"https:\/\/jackpotlotteryonline.com\/wp-content\/uploads\/2022\/11\/read1.jpg"},{"@type":"BreadcrumbList","@id":"https:\/\/jackpotlotteryonline.com\/winning-numbers\/#breadcrumb","itemListElement":[{"@type":"ListItem","position":1,"name":"Home","item":"https:\/\/jackpotlotteryonline.com\/fi\/"},{"@type":"ListItem","position":2,"name":"Lottotulokset"}]},{"@type":"WebSite","@id":"https:\/\/jackpotlotteryonline.com\/#website","url":"https:\/\/jackpotlotteryonline.com\/","name":"Lotto Online - Crack The International Lottery Jackpots","description":"","potentialAction":[{"@type":"SearchAction","target":{"@type":"EntryPoint","urlTemplate":"https:\/\/jackpotlotteryonline.com\/?s={search_term_string}"},"query-input":"required name=search_term_string"}],"inLanguage":"fi"}]}},"_links":{"self":[{"href":"https:\/\/jackpotlotteryonline.com\/fi\/wp-json\/wp\/v2\/pages\/35824","targetHints":{"allow":["GET"]}}],"collection":[{"href":"https:\/\/jackpotlotteryonline.com\/fi\/wp-json\/wp\/v2\/pages"}],"about":[{"href":"https:\/\/jackpotlotteryonline.com\/fi\/wp-json\/wp\/v2\/types\/page"}],"author":[{"embeddable":true,"href":"https:\/\/jackpotlotteryonline.com\/fi\/wp-json\/wp\/v2\/users\/1"}],"replies":[{"embeddable":true,"href":"https:\/\/jackpotlotteryonline.com\/fi\/wp-json\/wp\/v2\/comments?post=35824"}],"version-history":[{"count":0,"href":"https:\/\/jackpotlotteryonline.com\/fi\/wp-json\/wp\/v2\/pages\/35824\/revisions"}],"wp:attachment":[{"href":"https:\/\/jackpotlotteryonline.com\/fi\/wp-json\/wp\/v2\/media?parent=35824"}],"curies":[{"name":"wp","href":"https:\/\/api.w.org\/{rel}","templated":true}]}}