{"id":35876,"date":"2022-11-02T08:55:32","date_gmt":"2022-11-02T08:55:32","guid":{"rendered":"https:\/\/jackpotlotteryonline.com\/?page_id=35876"},"modified":"2022-12-19T08:53:39","modified_gmt":"2022-12-19T08:53:39","slug":"powerball","status":"publish","type":"page","link":"https:\/\/jackpotlotteryonline.com\/fi\/kuinka-pelata\/powerball\/","title":{"rendered":"Powerball USA"},"content":{"rendered":"<h2>Powerball arpajaisten j\u00e4ttipotti verkossa<\/h2>\n<p><img loading=\"lazy\" decoding=\"async\" class=\"alignright size-full wp-image-19358\" src=\"https:\/\/jackpotlotteryonline.com\/wp-content\/uploads\/2022\/10\/2_ticket_powerball3.jpg\" alt=\"Powerball-arpajaislippu\" width=\"180\" height=\"194\" \/><\/p>\n<p>Kyseess\u00e4 on yksi Yhdysvaltojen vanhimmista ja suurimmista arpajaisista. Powerball Lottery Jackpotin tarjoaa 41 Yhdysvaltain osavaltion muodostama moniosavaltioinen lottokomissio. Sit\u00e4 j\u00e4rjestet\u00e4\u00e4n kaikissa Yhdysvaltojen osavaltioissa (mukaan lukien Neitsytsaaret ja District of Columbia) lukuun ottamatta kahdeksaa muuta osavaltiota (Nevada, Kalifornia, Utah, Mississippi, Wyoming, Alabama, Havaiji ja Alaska).<\/p>\n<p>Powerball-arvonnan nettij\u00e4ttipotti on ylitt\u00e4nyt 300 miljoonan dollarin j\u00e4ttipotin m\u00e4\u00e4r\u00e4n useaan otteeseen, ja kaikkien aikojen korkein j\u00e4ttipotti oli 1500 miljoonaa dollaria. Normaalisti j\u00e4ttipotit alkavat 20 miljoonasta dollarista ja nousevat v\u00e4hint\u00e4\u00e4n 5 miljoonaa dollaria joka kerta, kun j\u00e4ttipottiin ei osunut.<\/p>\n<section class=\"layout\" style=\"border: solid 1px; width: 100%;\">\n<div class=\"img-div\" style=\"margin-top: 5px;\"><img decoding=\"async\" class=\"wp-image-17212 alignleft\" style=\"height: 45px; margin: 8px 8px 0px;\" src=\"https:\/\/jackpotlotteryonline.com\/wp-content\/uploads\/2022\/11\/read1.jpg\" alt=\"suurin lotto j\u00e4ttipotti\" width=\"\" height=\"\" \/><\/div>\n<div style=\"padding-left: 5px;\">\n<div style=\"font-size: 1.1em;\">\n<p><strong>Historialliset, enn\u00e4tykselliset lottoj\u00e4ttipotit<\/strong><\/p>\n<p style=\"font-size: 0.85em; margin-top: -1.5em;\">Historian suurimmat lottoj\u00e4ttipotit saavat p\u00e4\u00e4si py\u00f6r\u00e4lle. <a href=\"https:\/\/jackpotlotteryonline.com\/fi\/historian-suurimmat-lotto-jattipotit\">Lue lis\u00e4\u00e4<\/a><\/p>\n<\/div>\n<\/div>\n<\/section>\n<h2>Miten Powerball-arpajaisia pelataan<\/h2>\n<p>Voit helposti <strong><a href=\"https:\/\/jackpotlotteryonline.com\/fi\/osta-lippuja\/powerball\">hankkia lottokupongin verkossa<\/a> verkkosivustomme kautta<\/strong>. Pelataksesi ja voittaaksesi Powerball-arvonnan j\u00e4ttipotin sinun ei tarvitse olla Yhdysvaltain kansalainen &#8211; voit asua Yhdysvaltojen ulkopuolella, mutta sinun on oltava v\u00e4hint\u00e4\u00e4n 18-vuotias. Sinun tarvitsee vain napsauttaa yht\u00e4 lottobanneria, rekister\u00f6ity\u00e4 ja todentaa itsesi sek\u00e4 suorittaa maksu. Me hoidamme loput aina, kun teet tilauksen. Lipun osto, toimitus ja apu rahan logistiikassa ovat osa-alueita, joissa voit saada apua.<br \/>\n<img loading=\"lazy\" decoding=\"async\" class=\"alignright size-full wp-image-18167\" src=\"https:\/\/jackpotlotteryonline.com\/wp-content\/uploads\/2022\/10\/powerball_globe_logo.png\" alt=\"pelaa powerballia netiss\u00e4\" width=\"200\" height=\"212\" \/><\/p>\n<p>Powerball-arvonnan j\u00e4ttipotin voittamiseksi sinun on saatava viisi numeroa oikein 59:st\u00e4 sek\u00e4 Powerball-numero v\u00e4lilt\u00e4 1 ja 39. Voit voittaa yhdeks\u00e4ll\u00e4 tavalla, ja saat jo yhden hinnan, jos osut Powerball-numeroon.<\/p>\n<p><a href=\"https:\/\/jackpotlotteryonline.com\/fi\/osta-lippuja\/powerball\">Powerball-arpajaisj\u00e4ttipotti verkossa<\/a> on perinteinen kahden rummun lottopeli. Toisessa rummussa on 59 valkoista palloa toisessa rummussa on 39 punaista palloa. Sinun on valittava 5 valkoista palloa ja yksi punainen pallo. Pallot voidaan valita satunnaisesti, eik\u00e4 valintaj\u00e4rjestyksell\u00e4 ole merkityst\u00e4 tulokseen.<\/p>\n<p>Ehdottomasti Powerball-arvonnan j\u00e4ttipotin pelaamisella verkossa on omat etunsa, ja sen mahtavien voittokertoimien vuoksi t\u00e4m\u00e4n arvonnan kysynt\u00e4 on suuri.<\/p>\n<h2>On aika kokeilla onneasi Powerball-arvonnassa.<\/h2>\n<p>Jos olet henkil\u00f6, joka tykk\u00e4\u00e4 kokeilla onneaan onnenpeleiss\u00e4, Powerball-arpajaiset ovat varmasti oikea paikka aloittaa. Sivustollamme on paljon lis\u00e4tietoja, jotka voivat auttaa sinua p\u00e4\u00e4tt\u00e4m\u00e4\u00e4n, mitk\u00e4 numerot kannattaa valita ja pelata.<\/p>\n<p>Monilla ihmisill\u00e4 on taipumus ajatella, ett\u00e4 lotto on onnenpeli. Mutta he saattavat ajatella hieman toisin, kun he ymm\u00e4rt\u00e4v\u00e4t, miten Powerball-arpajaiset toimivat. <strong>Monet ovat jo voittaneet Powerballissa, eik\u00e4 ole mit\u00e4\u00e4n syyt\u00e4, miksi sin\u00e4k\u00e4\u00e4n et voisi olla yksi heist\u00e4. Aloita nyt&#8230;!<\/strong><\/p>\n","protected":false},"excerpt":{"rendered":"<p>Powerball arpajaisten j\u00e4ttipotti verkossa Kyseess\u00e4 on yksi Yhdysvaltojen vanhimmista ja suurimmista arpajaisista. Powerball Lottery Jackpotin tarjoaa 41 Yhdysvaltain osavaltion muodostama moniosavaltioinen lottokomissio. Sit\u00e4 j\u00e4rjestet\u00e4\u00e4n kaikissa Yhdysvaltojen osavaltioissa (mukaan lukien Neitsytsaaret ja District of Columbia) lukuun ottamatta kahdeksaa muuta osavaltiota (Nevada, Kalifornia, Utah, Mississippi, Wyoming, Alabama, Havaiji ja Alaska). Powerball-arvonnan nettij\u00e4ttipotti on ylitt\u00e4nyt 300 miljoonan dollarin [&hellip;]<\/p>\n","protected":false},"author":1,"featured_media":0,"parent":35688,"menu_order":1,"comment_status":"closed","ping_status":"closed","template":"powerball-usa.php","meta":{"_et_pb_use_builder":"","_et_pb_old_content":"","_et_gb_content_width":"","exclude_from_search":false,"footnotes":""},"class_list":["post-35876","page","type-page","status-publish","hentry"],"yoast_head":"<!-- This site is optimized with the Yoast SEO plugin v23.3 - https:\/\/yoast.com\/wordpress\/plugins\/seo\/ -->\n<title>Pelaa Powerball-lottoa verkossa, Yhdysvaltojen ulkopuolelta k\u00e4sin<\/title>\n<meta name=\"description\" content=\"Powerball-arpajaiset ovat yksi Yhdysvaltojen vanhimmista arpajaisista - lue t\u00e4st\u00e4, miten voit pelata netiss\u00e4 ja Yhdysvaltojen ulkopuolisesta maasta jo t\u00e4n\u00e4\u00e4n!\" \/>\n<meta name=\"robots\" content=\"index, follow, max-snippet:-1, max-image-preview:large, max-video-preview:-1\" \/>\n<link rel=\"canonical\" href=\"https:\/\/jackpotlotteryonline.com\/play-online\/powerball\/\" \/>\n<meta property=\"og:locale\" content=\"fi_FI\" \/>\n<meta property=\"og:type\" content=\"article\" \/>\n<meta property=\"og:title\" content=\"Pelaa Powerball-lottoa verkossa, Yhdysvaltojen ulkopuolelta k\u00e4sin\" \/>\n<meta property=\"og:description\" content=\"Powerball-arpajaiset ovat yksi Yhdysvaltojen vanhimmista arpajaisista - lue t\u00e4st\u00e4, miten voit pelata netiss\u00e4 ja Yhdysvaltojen ulkopuolisesta maasta jo t\u00e4n\u00e4\u00e4n!\" \/>\n<meta property=\"og:url\" content=\"https:\/\/jackpotlotteryonline.com\/play-online\/powerball\/\" \/>\n<meta property=\"og:site_name\" content=\"Lotto Online - Crack The International Lottery Jackpots\" \/>\n<meta property=\"article:modified_time\" content=\"2022-12-19T08:53:39+00:00\" \/>\n<meta property=\"og:image\" content=\"https:\/\/jackpotlotteryonline.com\/wp-content\/uploads\/2022\/10\/2_ticket_powerball3.jpg\" \/>\n<meta name=\"twitter:card\" content=\"summary_large_image\" \/>\n<meta name=\"twitter:label1\" content=\"Arvioitu lukuaika\" \/>\n\t<meta name=\"twitter:data1\" content=\"2 minuuttia\" \/>\n<!-- \/ Yoast SEO plugin. -->","yoast_head_json":{"title":"Pelaa Powerball-lottoa verkossa, Yhdysvaltojen ulkopuolelta k\u00e4sin","description":"Powerball-arpajaiset ovat yksi Yhdysvaltojen vanhimmista arpajaisista - lue t\u00e4st\u00e4, miten voit pelata netiss\u00e4 ja Yhdysvaltojen ulkopuolisesta maasta jo t\u00e4n\u00e4\u00e4n!","robots":{"index":"index","follow":"follow","max-snippet":"max-snippet:-1","max-image-preview":"max-image-preview:large","max-video-preview":"max-video-preview:-1"},"canonical":"https:\/\/jackpotlotteryonline.com\/play-online\/powerball\/","og_locale":"fi_FI","og_type":"article","og_title":"Pelaa Powerball-lottoa verkossa, Yhdysvaltojen ulkopuolelta k\u00e4sin","og_description":"Powerball-arpajaiset ovat yksi Yhdysvaltojen vanhimmista arpajaisista - lue t\u00e4st\u00e4, miten voit pelata netiss\u00e4 ja Yhdysvaltojen ulkopuolisesta maasta jo t\u00e4n\u00e4\u00e4n!","og_url":"https:\/\/jackpotlotteryonline.com\/play-online\/powerball\/","og_site_name":"Lotto Online - Crack The International Lottery Jackpots","article_modified_time":"2022-12-19T08:53:39+00:00","og_image":[{"url":"https:\/\/jackpotlotteryonline.com\/wp-content\/uploads\/2022\/10\/2_ticket_powerball3.jpg"}],"twitter_card":"summary_large_image","twitter_misc":{"Arvioitu lukuaika":"2 minuuttia"},"schema":{"@context":"https:\/\/schema.org","@graph":[{"@type":"WebPage","@id":"https:\/\/jackpotlotteryonline.com\/play-online\/powerball\/","url":"https:\/\/jackpotlotteryonline.com\/play-online\/powerball\/","name":"Pelaa Powerball-lottoa verkossa, Yhdysvaltojen ulkopuolelta k\u00e4sin","isPartOf":{"@id":"https:\/\/jackpotlotteryonline.com\/#website"},"primaryImageOfPage":{"@id":"https:\/\/jackpotlotteryonline.com\/play-online\/powerball\/#primaryimage"},"image":{"@id":"https:\/\/jackpotlotteryonline.com\/play-online\/powerball\/#primaryimage"},"thumbnailUrl":"https:\/\/jackpotlotteryonline.com\/wp-content\/uploads\/2022\/10\/2_ticket_powerball3.jpg","datePublished":"2022-11-02T08:55:32+00:00","dateModified":"2022-12-19T08:53:39+00:00","description":"Powerball-arpajaiset ovat yksi Yhdysvaltojen vanhimmista arpajaisista - lue t\u00e4st\u00e4, miten voit pelata netiss\u00e4 ja Yhdysvaltojen ulkopuolisesta maasta jo t\u00e4n\u00e4\u00e4n!","breadcrumb":{"@id":"https:\/\/jackpotlotteryonline.com\/play-online\/powerball\/#breadcrumb"},"inLanguage":"fi","potentialAction":[{"@type":"ReadAction","target":["https:\/\/jackpotlotteryonline.com\/play-online\/powerball\/"]}]},{"@type":"ImageObject","inLanguage":"fi","@id":"https:\/\/jackpotlotteryonline.com\/play-online\/powerball\/#primaryimage","url":"https:\/\/jackpotlotteryonline.com\/wp-content\/uploads\/2022\/10\/2_ticket_powerball3.jpg","contentUrl":"https:\/\/jackpotlotteryonline.com\/wp-content\/uploads\/2022\/10\/2_ticket_powerball3.jpg"},{"@type":"BreadcrumbList","@id":"https:\/\/jackpotlotteryonline.com\/play-online\/powerball\/#breadcrumb","itemListElement":[{"@type":"ListItem","position":1,"name":"Home","item":"https:\/\/jackpotlotteryonline.com\/fi\/"},{"@type":"ListItem","position":2,"name":"Kuinka pelata","item":"https:\/\/jackpotlotteryonline.com\/play-online\/"},{"@type":"ListItem","position":3,"name":"Powerball USA"}]},{"@type":"WebSite","@id":"https:\/\/jackpotlotteryonline.com\/#website","url":"https:\/\/jackpotlotteryonline.com\/","name":"Lotto Online - Crack The International Lottery Jackpots","description":"","potentialAction":[{"@type":"SearchAction","target":{"@type":"EntryPoint","urlTemplate":"https:\/\/jackpotlotteryonline.com\/?s={search_term_string}"},"query-input":"required name=search_term_string"}],"inLanguage":"fi"}]}},"_links":{"self":[{"href":"https:\/\/jackpotlotteryonline.com\/fi\/wp-json\/wp\/v2\/pages\/35876","targetHints":{"allow":["GET"]}}],"collection":[{"href":"https:\/\/jackpotlotteryonline.com\/fi\/wp-json\/wp\/v2\/pages"}],"about":[{"href":"https:\/\/jackpotlotteryonline.com\/fi\/wp-json\/wp\/v2\/types\/page"}],"author":[{"embeddable":true,"href":"https:\/\/jackpotlotteryonline.com\/fi\/wp-json\/wp\/v2\/users\/1"}],"replies":[{"embeddable":true,"href":"https:\/\/jackpotlotteryonline.com\/fi\/wp-json\/wp\/v2\/comments?post=35876"}],"version-history":[{"count":0,"href":"https:\/\/jackpotlotteryonline.com\/fi\/wp-json\/wp\/v2\/pages\/35876\/revisions"}],"up":[{"embeddable":true,"href":"https:\/\/jackpotlotteryonline.com\/fi\/wp-json\/wp\/v2\/pages\/35688"}],"wp:attachment":[{"href":"https:\/\/jackpotlotteryonline.com\/fi\/wp-json\/wp\/v2\/media?parent=35876"}],"curies":[{"name":"wp","href":"https:\/\/api.w.org\/{rel}","templated":true}]}}