{"id":35938,"date":"2022-11-02T10:31:14","date_gmt":"2022-11-02T10:31:14","guid":{"rendered":"https:\/\/jackpotlotteryonline.com\/?page_id=35938"},"modified":"2022-12-30T19:04:15","modified_gmt":"2022-12-30T19:04:15","slug":"mega-millions","status":"publish","type":"page","link":"https:\/\/jackpotlotteryonline.com\/fi\/kuinka-pelata\/mega-millions\/","title":{"rendered":"Mega Millions USA"},"content":{"rendered":"<h2>Mega Millions Online Lotto Jackpot<\/h2>\n<p>Mega Millions Jackpot Lotto sijaitsee Michiganissa Yhdysvalloissa ja sit\u00e4 pelataan 12 liittovaltion osavaltiossa Yhdysvalloissa. Arvonta suoritetaan joka tiistai- ja perjantai-iltana klo 20.00, joten onnekkaan pelaajan voittotiheys voi olla melko suuri. Mega Millions -lottokuponki on suhteellisen halpa, ja suurin koskaan maksettu j\u00e4ttipotti oli yli 1500 miljoonaa dollaria.<br \/>\n<img loading=\"lazy\" decoding=\"async\" class=\"alignright size-full wp-image-17546\" src=\"https:\/\/jackpotlotteryonline.com\/wp-content\/uploads\/2022\/10\/logo_Mega_Millions_233x110.png\" alt=\"pelaa Mega Millionsia netiss\u00e4\" width=\"232\" height=\"110\" \/><\/p>\n<p>No, jos harkitset Mega Millionsin pelaamista, ja viel\u00e4p\u00e4 s\u00e4\u00e4nn\u00f6llisesti, voit kuvitella, kuinka paljon aikaa ja energiaa lottopeliin juokseminen kahdesti viikossa vaatii. Paras tapa poistaa hankaluudet ja s\u00e4\u00e4st\u00e4\u00e4 aikaa olisi pelata verkossa. Koskaan ei ole ollut n\u00e4in helppoa<a href=\"https:\/\/jackpotlotteryonline.com\/fi\/voittonumerot\/mega-millions\"> ostaa lippua<\/a> suosikkinumeroillasi ja toimittaa se kotiovellesi. Meid\u00e4n avullamme Mega Millions Lotto Jackpotin voi voittaa verkossa kuka tahansa maailmassa!<\/p>\n<h2>Miten Mega Millionsia pelataan verkossa<\/h2>\n<p>Mega Millions -lotto alkaa 20 miljoonan dollarin summasta ja teki historiaa, kun se saavutti 1,5 miljardia dollaria, joka on Yhdysvaltain historian suurin lottoj\u00e4ttipotti! Pelaajat voivat valita viisi numeroa v\u00e4lilt\u00e4 1-56 (valkoinen pallo) sek\u00e4 yhden niin sanotun Mega-numeron v\u00e4lilt\u00e4 1-46 (kultainen pallo).<br \/>\n<img loading=\"lazy\" decoding=\"async\" class=\"alignright size-full wp-image-19115\" src=\"https:\/\/jackpotlotteryonline.com\/wp-content\/uploads\/2022\/10\/2_ticket_mega_millions3.jpg\" alt=\"mega millions lipun skannaus\" width=\"180\" height=\"193\" \/><\/p>\n<p>T\u00e4m\u00e4n j\u00e4ttipotin voittaminen edellytt\u00e4\u00e4, ett\u00e4 saat kaikki viisi numeroa ja meganumeron oikein. Mutta vaikka et saisikaan j\u00e4ttipottia rikki, sinulla on hyv\u00e4t mahdollisuudet voittaa, sill\u00e4 yksi 40 lipusta voittaa. Jokainen on varmasti samaa mielt\u00e4 siit\u00e4, ett\u00e4 n\u00e4m\u00e4 ovat eritt\u00e4in hyv\u00e4t mahdollisuudet voittaa lotossa.<\/p>\n<p>J\u00e4ttipotti maksetaan 26 vuosittaisena maksuna, jota kutsutaan my\u00f6s annuiteettivaihtoehdoksi, tai voit valita kokonaan k\u00e4teisvaroina maksettavan ratkaisun, jossa sinulle maksetaan annuiteetin nykyarvo. <a href=\"https:\/\/jackpotlotteryonline.com\/fi\/voittonumerot\/mega-millions\">Arvonta<\/a> suoritetaan yleens\u00e4 Idahossa (Georgia), mutta kun j\u00e4ttipotti ylitt\u00e4\u00e4 200 miljoonan dollarin rajan, arvonta suoritetaan Times Squarella (New York).<\/p>\n<p>Sinun on oltava v\u00e4hint\u00e4\u00e4n 18-vuotias voidaksesi pelata t\u00e4t\u00e4 lottoa, mutta sinun ei tarvitse olla Yhdysvaltojen kansalainen tai asua Yhdysvalloissa. Meid\u00e4n avullamme voit pelata USA:n ulkopuolelta, oikeastaan mist\u00e4 p\u00e4in maailmaa tahansa. Itse asiassa autamme sinua my\u00f6s saamaan voitetut palkintorahat turvallisesti sinulle ilman ongelmia.<\/p>\n<h2>Lis\u00e4maksut<\/h2>\n<p>L\u00e4hes kaikilla Mega Millionsin laink\u00e4ytt\u00f6alueilla (Kaliforniaa lukuun ottamatta 42:lla 43:sta) pelaajilla on mahdollisuus aktivoida lis\u00e4varuste, jota kutsutaan Megaplieriksi. Megakerroin kaksinkertaistaa peliss\u00e4 k\u00e4ytetyn panoksen, ja pelaajat voivat kerrata muut kuin jackpot-palkinnot 2,3 tai 4:ll\u00e4. T\u00e4ss\u00e4 yhteydess\u00e4 ei tietenk\u00e4\u00e4n tarvitse mainita, ett\u00e4 kertoimet laskevat.<\/p>\n<p>Kun panoksena on niin paljon, sinun on aika harkita Mega Millionsin pelaamista, sill\u00e4 se voi saada sinut toteuttamaan unelmasi. Rekister\u00f6idy sivustollamme ja kokeile Yhdysvaltain suurinta lottoa koskaan.<\/p>\n<section class=\"layout\" style=\"border: solid 1px; width: 100%;\">\n<div class=\"img-div\" style=\"margin-top: 5px;\"><img decoding=\"async\" class=\"wp-image-17212 alignleft\" style=\"height: 45px; margin: 8px 8px 0px;\" src=\"https:\/\/jackpotlotteryonline.com\/wp-content\/uploads\/2022\/11\/read1.jpg\" alt=\"lire\" width=\"\" height=\"\" \/><\/div>\n<div style=\"padding-left: 5px;\">\n<div style=\"font-size: 1.1em;\">\n<p><strong>Kansallinen lottosi kansainv\u00e4lisess\u00e4 vertailussa<\/strong><\/p>\n<p style=\"font-size: 0.85em; margin-top: -1.5em;\">Paikallinen lottopelisi voi olla huonoin vaihtoehtosi &#8211; miksi on j\u00e4rkev\u00e4mp\u00e4\u00e4 maksaa enemm\u00e4n, mutta tavoitella suurempia j\u00e4ttipotteja\u00a0<a href=\"https:\/\/jackpotlotteryonline.com\/fi\/kansallinen-arpajaisesi-kansainvalisessa-vertailussa\"> Lue lis\u00e4\u00e4<\/a><\/p>\n<\/div>\n<\/div>\n<\/section>\n","protected":false},"excerpt":{"rendered":"<p>Mega Millions Online Lotto Jackpot Mega Millions Jackpot Lotto sijaitsee Michiganissa Yhdysvalloissa ja sit\u00e4 pelataan 12 liittovaltion osavaltiossa Yhdysvalloissa. Arvonta suoritetaan joka tiistai- ja perjantai-iltana klo 20.00, joten onnekkaan pelaajan voittotiheys voi olla melko suuri. Mega Millions -lottokuponki on suhteellisen halpa, ja suurin koskaan maksettu j\u00e4ttipotti oli yli 1500 miljoonaa dollaria. No, jos harkitset Mega [&hellip;]<\/p>\n","protected":false},"author":1,"featured_media":0,"parent":35688,"menu_order":2,"comment_status":"closed","ping_status":"closed","template":"megamillion.php","meta":{"_et_pb_use_builder":"","_et_pb_old_content":"","_et_gb_content_width":"","exclude_from_search":false,"footnotes":""},"class_list":["post-35938","page","type-page","status-publish","hentry"],"yoast_head":"<!-- This site is optimized with the Yoast SEO plugin v23.3 - https:\/\/yoast.com\/wordpress\/plugins\/seo\/ -->\n<title>Pelaa Mega Millionsia verkossa Yhdysvaltojen ulkopuolelta<\/title>\n<meta name=\"description\" content=\"Yhdysvaltain Mega Millions -loton j\u00e4ttipotti on kaikkien lottojen \u00e4iti ja voit pelata sit\u00e4 nyt verkossa, vaikka asuisitkin Yhdysvaltojen ulkopuolella.\" \/>\n<meta name=\"robots\" content=\"index, follow, max-snippet:-1, max-image-preview:large, max-video-preview:-1\" \/>\n<link rel=\"canonical\" href=\"https:\/\/jackpotlotteryonline.com\/play-online\/mega-millions\/\" \/>\n<meta property=\"og:locale\" content=\"fi_FI\" \/>\n<meta property=\"og:type\" content=\"article\" \/>\n<meta property=\"og:title\" content=\"Pelaa Mega Millionsia verkossa Yhdysvaltojen ulkopuolelta\" \/>\n<meta property=\"og:description\" content=\"Yhdysvaltain Mega Millions -loton j\u00e4ttipotti on kaikkien lottojen \u00e4iti ja voit pelata sit\u00e4 nyt verkossa, vaikka asuisitkin Yhdysvaltojen ulkopuolella.\" \/>\n<meta property=\"og:url\" content=\"https:\/\/jackpotlotteryonline.com\/play-online\/mega-millions\/\" \/>\n<meta property=\"og:site_name\" content=\"Lotto Online - Crack The International Lottery Jackpots\" \/>\n<meta property=\"article:modified_time\" content=\"2022-12-30T19:04:15+00:00\" \/>\n<meta property=\"og:image\" content=\"https:\/\/jackpotlotteryonline.com\/wp-content\/uploads\/2022\/10\/logo_Mega_Millions_233x110.png\" \/>\n<meta name=\"twitter:card\" content=\"summary_large_image\" \/>\n<meta name=\"twitter:label1\" content=\"Arvioitu lukuaika\" \/>\n\t<meta name=\"twitter:data1\" content=\"3 minuuttia\" \/>\n<!-- \/ Yoast SEO plugin. -->","yoast_head_json":{"title":"Pelaa Mega Millionsia verkossa Yhdysvaltojen ulkopuolelta","description":"Yhdysvaltain Mega Millions -loton j\u00e4ttipotti on kaikkien lottojen \u00e4iti ja voit pelata sit\u00e4 nyt verkossa, vaikka asuisitkin Yhdysvaltojen ulkopuolella.","robots":{"index":"index","follow":"follow","max-snippet":"max-snippet:-1","max-image-preview":"max-image-preview:large","max-video-preview":"max-video-preview:-1"},"canonical":"https:\/\/jackpotlotteryonline.com\/play-online\/mega-millions\/","og_locale":"fi_FI","og_type":"article","og_title":"Pelaa Mega Millionsia verkossa Yhdysvaltojen ulkopuolelta","og_description":"Yhdysvaltain Mega Millions -loton j\u00e4ttipotti on kaikkien lottojen \u00e4iti ja voit pelata sit\u00e4 nyt verkossa, vaikka asuisitkin Yhdysvaltojen ulkopuolella.","og_url":"https:\/\/jackpotlotteryonline.com\/play-online\/mega-millions\/","og_site_name":"Lotto Online - Crack The International Lottery Jackpots","article_modified_time":"2022-12-30T19:04:15+00:00","og_image":[{"url":"https:\/\/jackpotlotteryonline.com\/wp-content\/uploads\/2022\/10\/logo_Mega_Millions_233x110.png"}],"twitter_card":"summary_large_image","twitter_misc":{"Arvioitu lukuaika":"3 minuuttia"},"schema":{"@context":"https:\/\/schema.org","@graph":[{"@type":"WebPage","@id":"https:\/\/jackpotlotteryonline.com\/play-online\/mega-millions\/","url":"https:\/\/jackpotlotteryonline.com\/play-online\/mega-millions\/","name":"Pelaa Mega Millionsia verkossa Yhdysvaltojen ulkopuolelta","isPartOf":{"@id":"https:\/\/jackpotlotteryonline.com\/#website"},"primaryImageOfPage":{"@id":"https:\/\/jackpotlotteryonline.com\/play-online\/mega-millions\/#primaryimage"},"image":{"@id":"https:\/\/jackpotlotteryonline.com\/play-online\/mega-millions\/#primaryimage"},"thumbnailUrl":"https:\/\/jackpotlotteryonline.com\/wp-content\/uploads\/2022\/10\/logo_Mega_Millions_233x110.png","datePublished":"2022-11-02T10:31:14+00:00","dateModified":"2022-12-30T19:04:15+00:00","description":"Yhdysvaltain Mega Millions -loton j\u00e4ttipotti on kaikkien lottojen \u00e4iti ja voit pelata sit\u00e4 nyt verkossa, vaikka asuisitkin Yhdysvaltojen ulkopuolella.","breadcrumb":{"@id":"https:\/\/jackpotlotteryonline.com\/play-online\/mega-millions\/#breadcrumb"},"inLanguage":"fi","potentialAction":[{"@type":"ReadAction","target":["https:\/\/jackpotlotteryonline.com\/play-online\/mega-millions\/"]}]},{"@type":"ImageObject","inLanguage":"fi","@id":"https:\/\/jackpotlotteryonline.com\/play-online\/mega-millions\/#primaryimage","url":"https:\/\/jackpotlotteryonline.com\/wp-content\/uploads\/2022\/10\/logo_Mega_Millions_233x110.png","contentUrl":"https:\/\/jackpotlotteryonline.com\/wp-content\/uploads\/2022\/10\/logo_Mega_Millions_233x110.png"},{"@type":"BreadcrumbList","@id":"https:\/\/jackpotlotteryonline.com\/play-online\/mega-millions\/#breadcrumb","itemListElement":[{"@type":"ListItem","position":1,"name":"Home","item":"https:\/\/jackpotlotteryonline.com\/fi\/"},{"@type":"ListItem","position":2,"name":"Kuinka pelata","item":"https:\/\/jackpotlotteryonline.com\/play-online\/"},{"@type":"ListItem","position":3,"name":"Mega Millions USA"}]},{"@type":"WebSite","@id":"https:\/\/jackpotlotteryonline.com\/#website","url":"https:\/\/jackpotlotteryonline.com\/","name":"Lotto Online - Crack The International Lottery Jackpots","description":"","potentialAction":[{"@type":"SearchAction","target":{"@type":"EntryPoint","urlTemplate":"https:\/\/jackpotlotteryonline.com\/?s={search_term_string}"},"query-input":"required name=search_term_string"}],"inLanguage":"fi"}]}},"_links":{"self":[{"href":"https:\/\/jackpotlotteryonline.com\/fi\/wp-json\/wp\/v2\/pages\/35938","targetHints":{"allow":["GET"]}}],"collection":[{"href":"https:\/\/jackpotlotteryonline.com\/fi\/wp-json\/wp\/v2\/pages"}],"about":[{"href":"https:\/\/jackpotlotteryonline.com\/fi\/wp-json\/wp\/v2\/types\/page"}],"author":[{"embeddable":true,"href":"https:\/\/jackpotlotteryonline.com\/fi\/wp-json\/wp\/v2\/users\/1"}],"replies":[{"embeddable":true,"href":"https:\/\/jackpotlotteryonline.com\/fi\/wp-json\/wp\/v2\/comments?post=35938"}],"version-history":[{"count":0,"href":"https:\/\/jackpotlotteryonline.com\/fi\/wp-json\/wp\/v2\/pages\/35938\/revisions"}],"up":[{"embeddable":true,"href":"https:\/\/jackpotlotteryonline.com\/fi\/wp-json\/wp\/v2\/pages\/35688"}],"wp:attachment":[{"href":"https:\/\/jackpotlotteryonline.com\/fi\/wp-json\/wp\/v2\/media?parent=35938"}],"curies":[{"name":"wp","href":"https:\/\/api.w.org\/{rel}","templated":true}]}}