{"id":36009,"date":"2022-11-03T07:56:28","date_gmt":"2022-11-03T07:56:28","guid":{"rendered":"https:\/\/jackpotlotteryonline.com\/?page_id=36009"},"modified":"2022-12-30T19:58:44","modified_gmt":"2022-12-30T19:58:44","slug":"euromillions","status":"publish","type":"page","link":"https:\/\/jackpotlotteryonline.com\/fi\/kuinka-pelata\/euromillions\/","title":{"rendered":"Pelaa Euro Millions"},"content":{"rendered":"<h2>Hanki lippu Euromillions verkossa<\/h2>\n<p><img loading=\"lazy\" decoding=\"async\" class=\"alignright wp-image-18926\" src=\"http:\/\/jackpotlotteryonline.com\/wp-content\/uploads\/2022\/10\/2_ticket_euromillions3-111x300.jpg\" alt=\"euromillions lippu\" width=\"83\" height=\"224\" srcset=\"https:\/\/jackpotlotteryonline.com\/wp-content\/uploads\/2022\/10\/2_ticket_euromillions3-111x300.jpg 111w, https:\/\/jackpotlotteryonline.com\/wp-content\/uploads\/2022\/10\/2_ticket_euromillions3.jpg 180w\" sizes=\"auto, (max-width: 83px) 100vw, 83px\" \/><\/p>\n<p>Euromillions on arvonta, joka j\u00e4rjestet\u00e4\u00e4n useissa Euroopan maissa, kuten Ranskassa, Isossa-Britanniassa, Espanjassa, Irlannissa, Belgiassa, Luxemburgissa ja Sveitsiss\u00e4. Euromillions Online -loton j\u00e4ttipotti alkaa 15 miljoonan euron summasta ja enn\u00e4tysj\u00e4ttipotti on 190 miljoonaa euroa.<\/p>\n<p>Euromillions-j\u00e4ttipottiarpajaisten pelaaminen edellytt\u00e4\u00e4 v\u00e4hint\u00e4\u00e4n 18 vuoden ik\u00e4\u00e4, mutta voit pelata sit\u00e4 mist\u00e4 tahansa maailman maasta k\u00e4ytt\u00e4m\u00e4ll\u00e4 t\u00e4ll\u00e4 verkkosivustolla tarjoamaamme palvelua. Tarjoamamme on siin\u00e4 mieless\u00e4 ainutlaatuinen, ett\u00e4 se antaa kaikille ymp\u00e4ri maailmaa, mukaan lukien Saksan, Alankomaiden ja Italian kaltaiset maat ja jopa Euroopan ulkopuoliset maat, mahdollisuuden pelata ja voittaa j\u00e4ttipotti verkossa. Tarjoamalla lucky pick -vaihtoehdon on helpompi valita satunnaisnumerot sen sijaan, ett\u00e4 painostaisit omia harmaita solujasi.<\/p>\n<h2>Miten voit ostaa lippusi Euromillionsin j\u00e4ttipottiin Euroopan ulkopuolelta?<\/h2>\n<p><a href=\"https:\/\/jackpotlotteryonline.com\/fi\/osta-lippuja\/euromillions\">Lippujen ostaminen Euromillionsin online-arvonnan j\u00e4ttipottiin<\/a> voi olla v\u00e4hemm\u00e4n ty\u00f6l\u00e4st\u00e4 meid\u00e4n kauttamme. Kun olet rekister\u00f6itynyt sivustollemme ja saanut vahvistuksen, sinun tarvitsee vain valita arpajaisesi ja suorittaa vaadittu maksu. Kun t\u00e4m\u00e4 on tehty, arpa ostetaan puolestasi ja skannaus ladataan tilillesi, kun olet maksanut valitsemallasi maksuv\u00e4lineell\u00e4.<\/p>\n<p>Lis\u00e4ksi, jos olet kiinnostunut jatkamaan Euromillionsin online-j\u00e4ttipotin pelaamista jonkin aikaa, voit valita numerosi tai satunnaistaa ne ja voit osallistua useisiin arvontoihin, mutta sinun tarvitsee maksaa vain kerran muutaman viikon v\u00e4lein.<\/p>\n<h2>Miten Euromillions-arpajaisten nettij\u00e4ttipotti toimii<\/h2>\n<p><img loading=\"lazy\" decoding=\"async\" class=\"alignright wp-image-17411\" src=\"http:\/\/jackpotlotteryonline.com\/wp-content\/uploads\/2022\/10\/euromillions.png\" alt=\"pelata euromillions verkossa\" width=\"143\" height=\"152\" \/><\/p>\n<p>Sinun on valittava viisi numeroa v\u00e4lilt\u00e4 1 ja 50 sek\u00e4 kaksi ylim\u00e4\u00e4r\u00e4ist\u00e4 Lucky Star -numeroa (v\u00e4lilt\u00e4 1 ja 9) voittaaksesi j\u00e4ttipotin. <a href=\"http:\/\/jackpotlotteryonline.com\/fi\/voittonumerot\/euromillions\">Euromillionsin j\u00e4ttipottiarvonta<\/a> suoritetaan joka perjantai-ilta, ja j\u00e4ttipotin lis\u00e4ksi on 11 palkintotasoa. Todenn\u00e4k\u00f6isyys voittaa ainakin jokin palkinto on yksi 24:st\u00e4.<\/p>\n<h2>Tulosten tarkistaminen<\/h2>\n<p>Voit tarkistaa tulokset verkossa milloin tahansa arvonnan p\u00e4\u00e4tytty\u00e4. Voit itse asiassa k\u00e4ytt\u00e4\u00e4 iPadia, iPhonea tai mit\u00e4 tahansa vastaavaa laitetta pit\u00e4m\u00e4\u00e4n asiat ajan tasalla. Kun olet onnekas ja voitat palkinnon tai Euromillions-arvonnan nettij\u00e4ttipotin, autamme sinua my\u00f6s lunastamaan palkinnon ja varmistamme, ett\u00e4 se toimitetaan sinulle.<\/p>\n<section class=\"layout\" style=\"border: solid 1px; width: 100%;\">\n<div class=\"img-div\" style=\"margin-top: 5px;\"><img decoding=\"async\" class=\"wp-image-17212 alignleft\" style=\"height: 45px; margin: 8px 8px 0px;\" src=\"http:\/\/jackpotlotteryonline.com\/wp-content\/uploads\/2022\/11\/read1.jpg\" alt=\"lue\" width=\"\" height=\"\" \/><\/div>\n<div style=\"padding-left: 5px;\">\n<div style=\"font-size: 1.1em;\">\n<p><strong>Lotot, joilla on parhaat mahdollisuudet voittaa suuria summia<\/strong><\/p>\n<p style=\"font-size: 0.85em; margin-top: -1.5em;\">Miss\u00e4 lotossa on parhaat voittomahdollisuudet? <a href=\"https:\/\/jackpotlotteryonline.com\/fi\/mika-arpajaiset-on-parhaat-voittomahdollisuudet\">Lue lis\u00e4\u00e4<\/a><\/p>\n<\/div>\n<\/div>\n<\/section>\n<h2>Euromillions-arpajaisten nettij\u00e4ttipotti<\/h2>\n<p>Euromillions-j\u00e4ttipotti lanseerattiin alun perin 7. helmikuuta 2004, ja sen ensimm\u00e4inen arvonta suoritettiin Pariisissa 13. helmikuuta 2004. Merkitt\u00e4vin j\u00e4ttipotin voitto saatiin yhdess\u00e4 viimeisimmist\u00e4 arvonnoista (12. hein\u00e4kuuta 2011), ja 185.000.000 euron suuruisen summan saivat Colin ja Chris Weir Glasgow&#8217;sta (Yhdistynyt kuningaskunta).<\/p>\n<p>Euromillions-arpajaisten nettij\u00e4ttipotti ei ole ollut vailla skandaaleja &#8211; l\u00e4hinn\u00e4 Belgiassa vuonna 2009 tapahtuneessa skandaalissa. Niihin ei kuitenkaan ole ollut mit\u00e4\u00e4n pysyv\u00e4\u00e4 syyt\u00e4, ja ne on sittemmin saatu loppumaan. On siis aika kokeilla onneasi yhdess\u00e4 kaikkien aikojen suurimmista rahapalkinnoista.<\/p>\n","protected":false},"excerpt":{"rendered":"<p>Hanki lippu Euromillions verkossa Euromillions on arvonta, joka j\u00e4rjestet\u00e4\u00e4n useissa Euroopan maissa, kuten Ranskassa, Isossa-Britanniassa, Espanjassa, Irlannissa, Belgiassa, Luxemburgissa ja Sveitsiss\u00e4. Euromillions Online -loton j\u00e4ttipotti alkaa 15 miljoonan euron summasta ja enn\u00e4tysj\u00e4ttipotti on 190 miljoonaa euroa. Euromillions-j\u00e4ttipottiarpajaisten pelaaminen edellytt\u00e4\u00e4 v\u00e4hint\u00e4\u00e4n 18 vuoden ik\u00e4\u00e4, mutta voit pelata sit\u00e4 mist\u00e4 tahansa maailman maasta k\u00e4ytt\u00e4m\u00e4ll\u00e4 t\u00e4ll\u00e4 verkkosivustolla tarjoamaamme [&hellip;]<\/p>\n","protected":false},"author":1,"featured_media":0,"parent":35688,"menu_order":3,"comment_status":"closed","ping_status":"closed","template":"euromillions.php","meta":{"_et_pb_use_builder":"","_et_pb_old_content":"","_et_gb_content_width":"","exclude_from_search":false,"footnotes":""},"class_list":["post-36009","page","type-page","status-publish","hentry"],"yoast_head":"<!-- This site is optimized with the Yoast SEO plugin v23.3 - https:\/\/yoast.com\/wordpress\/plugins\/seo\/ -->\n<title>Pelaa Euromillionsia netiss\u00e4 mist\u00e4 tahansa, jopa Euroopan ulkopuolelta.<\/title>\n<meta name=\"description\" content=\"Euromillions-arpajaiset on yksi halutuimmista arpajaisista. Voit pelata nyt nettilipulla, vaikka olisit Euroopan ulkopuolella\" \/>\n<meta name=\"robots\" content=\"index, follow, max-snippet:-1, max-image-preview:large, max-video-preview:-1\" \/>\n<link rel=\"canonical\" href=\"https:\/\/jackpotlotteryonline.com\/play-online\/euromillions\/\" \/>\n<meta property=\"og:locale\" content=\"fi_FI\" \/>\n<meta property=\"og:type\" content=\"article\" \/>\n<meta property=\"og:title\" content=\"Pelaa Euromillionsia netiss\u00e4 mist\u00e4 tahansa, jopa Euroopan ulkopuolelta.\" \/>\n<meta property=\"og:description\" content=\"Euromillions-arpajaiset on yksi halutuimmista arpajaisista. Voit pelata nyt nettilipulla, vaikka olisit Euroopan ulkopuolella\" \/>\n<meta property=\"og:url\" content=\"https:\/\/jackpotlotteryonline.com\/play-online\/euromillions\/\" \/>\n<meta property=\"og:site_name\" content=\"Lotto Online - Crack The International Lottery Jackpots\" \/>\n<meta property=\"article:modified_time\" content=\"2022-12-30T19:58:44+00:00\" \/>\n<meta property=\"og:image\" content=\"http:\/\/jackpotlotteryonline.com\/wp-content\/uploads\/2022\/10\/2_ticket_euromillions3-111x300.jpg\" \/>\n<meta name=\"twitter:card\" content=\"summary_large_image\" \/>\n<meta name=\"twitter:label1\" content=\"Arvioitu lukuaika\" \/>\n\t<meta name=\"twitter:data1\" content=\"2 minuuttia\" \/>\n<!-- \/ Yoast SEO plugin. -->","yoast_head_json":{"title":"Pelaa Euromillionsia netiss\u00e4 mist\u00e4 tahansa, jopa Euroopan ulkopuolelta.","description":"Euromillions-arpajaiset on yksi halutuimmista arpajaisista. Voit pelata nyt nettilipulla, vaikka olisit Euroopan ulkopuolella","robots":{"index":"index","follow":"follow","max-snippet":"max-snippet:-1","max-image-preview":"max-image-preview:large","max-video-preview":"max-video-preview:-1"},"canonical":"https:\/\/jackpotlotteryonline.com\/play-online\/euromillions\/","og_locale":"fi_FI","og_type":"article","og_title":"Pelaa Euromillionsia netiss\u00e4 mist\u00e4 tahansa, jopa Euroopan ulkopuolelta.","og_description":"Euromillions-arpajaiset on yksi halutuimmista arpajaisista. Voit pelata nyt nettilipulla, vaikka olisit Euroopan ulkopuolella","og_url":"https:\/\/jackpotlotteryonline.com\/play-online\/euromillions\/","og_site_name":"Lotto Online - Crack The International Lottery Jackpots","article_modified_time":"2022-12-30T19:58:44+00:00","og_image":[{"url":"http:\/\/jackpotlotteryonline.com\/wp-content\/uploads\/2022\/10\/2_ticket_euromillions3-111x300.jpg"}],"twitter_card":"summary_large_image","twitter_misc":{"Arvioitu lukuaika":"2 minuuttia"},"schema":{"@context":"https:\/\/schema.org","@graph":[{"@type":"WebPage","@id":"https:\/\/jackpotlotteryonline.com\/play-online\/euromillions\/","url":"https:\/\/jackpotlotteryonline.com\/play-online\/euromillions\/","name":"Pelaa Euromillionsia netiss\u00e4 mist\u00e4 tahansa, jopa Euroopan ulkopuolelta.","isPartOf":{"@id":"https:\/\/jackpotlotteryonline.com\/#website"},"primaryImageOfPage":{"@id":"https:\/\/jackpotlotteryonline.com\/play-online\/euromillions\/#primaryimage"},"image":{"@id":"https:\/\/jackpotlotteryonline.com\/play-online\/euromillions\/#primaryimage"},"thumbnailUrl":"http:\/\/jackpotlotteryonline.com\/wp-content\/uploads\/2022\/10\/2_ticket_euromillions3-111x300.jpg","datePublished":"2022-11-03T07:56:28+00:00","dateModified":"2022-12-30T19:58:44+00:00","description":"Euromillions-arpajaiset on yksi halutuimmista arpajaisista. Voit pelata nyt nettilipulla, vaikka olisit Euroopan ulkopuolella","breadcrumb":{"@id":"https:\/\/jackpotlotteryonline.com\/play-online\/euromillions\/#breadcrumb"},"inLanguage":"fi","potentialAction":[{"@type":"ReadAction","target":["https:\/\/jackpotlotteryonline.com\/play-online\/euromillions\/"]}]},{"@type":"ImageObject","inLanguage":"fi","@id":"https:\/\/jackpotlotteryonline.com\/play-online\/euromillions\/#primaryimage","url":"http:\/\/jackpotlotteryonline.com\/wp-content\/uploads\/2022\/10\/2_ticket_euromillions3-111x300.jpg","contentUrl":"http:\/\/jackpotlotteryonline.com\/wp-content\/uploads\/2022\/10\/2_ticket_euromillions3-111x300.jpg"},{"@type":"BreadcrumbList","@id":"https:\/\/jackpotlotteryonline.com\/play-online\/euromillions\/#breadcrumb","itemListElement":[{"@type":"ListItem","position":1,"name":"Home","item":"https:\/\/jackpotlotteryonline.com\/fi\/"},{"@type":"ListItem","position":2,"name":"Kuinka pelata","item":"https:\/\/jackpotlotteryonline.com\/play-online\/"},{"@type":"ListItem","position":3,"name":"Pelaa Euro Millions"}]},{"@type":"WebSite","@id":"https:\/\/jackpotlotteryonline.com\/#website","url":"https:\/\/jackpotlotteryonline.com\/","name":"Lotto Online - Crack The International Lottery Jackpots","description":"","potentialAction":[{"@type":"SearchAction","target":{"@type":"EntryPoint","urlTemplate":"https:\/\/jackpotlotteryonline.com\/?s={search_term_string}"},"query-input":"required name=search_term_string"}],"inLanguage":"fi"}]}},"_links":{"self":[{"href":"https:\/\/jackpotlotteryonline.com\/fi\/wp-json\/wp\/v2\/pages\/36009","targetHints":{"allow":["GET"]}}],"collection":[{"href":"https:\/\/jackpotlotteryonline.com\/fi\/wp-json\/wp\/v2\/pages"}],"about":[{"href":"https:\/\/jackpotlotteryonline.com\/fi\/wp-json\/wp\/v2\/types\/page"}],"author":[{"embeddable":true,"href":"https:\/\/jackpotlotteryonline.com\/fi\/wp-json\/wp\/v2\/users\/1"}],"replies":[{"embeddable":true,"href":"https:\/\/jackpotlotteryonline.com\/fi\/wp-json\/wp\/v2\/comments?post=36009"}],"version-history":[{"count":0,"href":"https:\/\/jackpotlotteryonline.com\/fi\/wp-json\/wp\/v2\/pages\/36009\/revisions"}],"up":[{"embeddable":true,"href":"https:\/\/jackpotlotteryonline.com\/fi\/wp-json\/wp\/v2\/pages\/35688"}],"wp:attachment":[{"href":"https:\/\/jackpotlotteryonline.com\/fi\/wp-json\/wp\/v2\/media?parent=36009"}],"curies":[{"name":"wp","href":"https:\/\/api.w.org\/{rel}","templated":true}]}}