{"id":36062,"date":"2022-11-03T09:31:20","date_gmt":"2022-11-03T09:31:20","guid":{"rendered":"https:\/\/jackpotlotteryonline.com\/?page_id=36062"},"modified":"2022-12-30T20:43:29","modified_gmt":"2022-12-30T20:43:29","slug":"eurojackpot","status":"publish","type":"page","link":"https:\/\/jackpotlotteryonline.com\/fi\/kuinka-pelata\/eurojackpot\/","title":{"rendered":"EuroJackpot"},"content":{"rendered":"<h2>Miten osallistua Eurojackpotiin mist\u00e4 tahansa maasta k\u00e4sin tahansa<\/h2>\n<p><strong>Eurojackpot<\/strong> on Euromillionsin ohella yksi koko Euroopan suurimmista ja suosituimmista arpajaisista, ja miljoonat ihmiset ymp\u00e4ri maailmaa pelaavat sit\u00e4 joka viikko. Eurojackpot luotiin ensimm\u00e4isen kerran vuonna 1994, mutta sen s\u00e4\u00e4nt\u00f6j\u00e4 ja muotoa muutettiin useaan otteeseen, mink\u00e4 vuoksi se viiv\u00e4styi muutamalla vuodella, kunnes se vihdoin k\u00e4ynnistettiin ja oli valmis pelattavaksi Euroopassa vuonna 2004.<br \/>\n<img loading=\"lazy\" decoding=\"async\" class=\"alignright wp-image-18574\" src=\"http:\/\/jackpotlotteryonline.com\/wp-content\/uploads\/2022\/10\/1_online_ticket_eurojackpot2.jpg\" alt=\"pelaa eurojackpotia netiss\u00e4\" width=\"260\" height=\"173\" \/><\/p>\n<p>Siit\u00e4 l\u00e4htien, kun ensimm\u00e4inen arvonta j\u00e4rjestettiin vuonna 2004, miljoonat ihmiset ovat pelanneet t\u00e4t\u00e4 uskomatonta onnenpeli\u00e4, ja on ollut monia jackpot-voittajia, joista jotkut ovat olleet niin onnekkaita, ett\u00e4 he ovat napanneet yli 180 miljoonan euron jackpot-palkinnot!<\/p>\n<p>Kun tavallinen jackpot-palkinto on 15 miljoonaa euroa, ei ole ihme, ett\u00e4 miljoonat ihmiset pelaavat EuroJackpotia verkossa joka viikko. S\u00e4\u00e4nn\u00f6t ovat hyvin yksinkertaiset &#8211; pelataksesi ja voittaaksesi j\u00e4ttipotin sinun on valittava oikein 5 numeroa v\u00e4lilt\u00e4 1-50, mink\u00e4 lis\u00e4ksi sinun on osuttava oikein kahteen muuhun numeroon, jotka on nimetty &#8220;onnen t\u00e4hdiksi&#8221; v\u00e4lilt\u00e4 1-11.<\/p>\n<p><a href=\"https:\/\/jackpotlotteryonline.com\/fi\/osta-lippuja\/euromillions\">Hanki nettilippusi nyt<\/a> palvelumme kautta &#8211; kuka tahansa voi osallistua ja voittaa!<\/p>\n<section class=\"layout\" style=\"border: solid 1px; width: 100%;\">\n<div class=\"img-div\" style=\"margin-top: 5px;\"><img decoding=\"async\" class=\"wp-image-17212 alignleft\" style=\"height: 45px; margin: 8px 8px 0px;\" src=\"http:\/\/jackpotlotteryonline.com\/wp-content\/uploads\/2022\/11\/read1.jpg\" alt=\"lue\" width=\"\" height=\"\" \/><\/div>\n<div style=\"padding-left: 5px;\">\n<div style=\"font-size: 1.1em;\">\n<p><strong>Mik\u00e4 kansainv\u00e4linen lotto on paras?<\/strong><\/p>\n<p style=\"font-size: 0.85em; margin-top: -1.5em;\">Mill\u00e4 kansainv\u00e4lisist\u00e4 arpajaisista on parhaat mahdollisuudet voittaa <a href=\"https:\/\/jackpotlotteryonline.com\/fi\/mika-kansainvalinen-arpajaiset-on-paras\">\u00a0Lue lis\u00e4\u00e4<\/a><\/p>\n<\/div>\n<\/div>\n<\/section>\n<h2>Osta lippu EuroJackpotiin verkossa<\/h2>\n<p><strong>EuroJackpotin pelaamisessa netiss\u00e4 on se hieno<\/strong> puoli, ett\u00e4 tarjolla on monia palkintoja, joten jos et olekaan j\u00e4ttipotin voittaja, \u00e4l\u00e4 huoli, sill\u00e4 sinulla voi hyvinkin olla mahdollisuus voittaa suuria rahapalkintoja. Suuren jackpot-palkinnon lis\u00e4ksi, jonka voit voittaa ostaessasi lipun EuroJackpotin nettipeliin, voit voittaa 13 erilaista palkintoa.<br \/>\n<img loading=\"lazy\" decoding=\"async\" class=\"alignright size-medium wp-image-18736\" src=\"http:\/\/jackpotlotteryonline.com\/wp-content\/uploads\/2022\/10\/2_ticket_eurojackpot-141x300.jpg\" alt=\"eurojackpot lippu\" width=\"141\" height=\"300\" srcset=\"https:\/\/jackpotlotteryonline.com\/wp-content\/uploads\/2022\/10\/2_ticket_eurojackpot-141x300.jpg 141w, https:\/\/jackpotlotteryonline.com\/wp-content\/uploads\/2022\/10\/2_ticket_eurojackpot.jpg 150w\" sizes=\"auto, (max-width: 141px) 100vw, 141px\" \/><\/p>\n<p>Jos p\u00e4\u00e4palkintoa ei voita kukaan, Eurojackpot siirtyy toiselle viikolle. T\u00e4m\u00e4n vuoksi aiemmin on ollut valtavia, 100 miljoonan euron tai sit\u00e4 suurempia j\u00e4ttipotteja. Lottoa pelaavat yleens\u00e4 Euroopan maiden asukkaat, joten joka viikko osallistujat esimerkiksi Yhdistyneess\u00e4 kuningaskunnassa, Ranskassa, Saksassa ja Sveitsiss\u00e4 ostavat Eurojackpotin lippuja netist\u00e4.<\/p>\n<p>Lottokupongin ostamisesta netist\u00e4 on nopeasti tulossa suosituin tapa pelata Eurojackpot-arpajaisia. S\u00e4\u00e4nn\u00f6t ovat samat, mutta koko peliprosessi on kuitenkin paljon nopeampi ja helpompi lipun ostamisen kannalta. Sen sijaan, ett\u00e4 l\u00e4htisit esimerkiksi paikalliseen kauppaan ostamaan fyysist\u00e4 lippua, voit yksinkertaisesti kirjautua pelisivustolle ja valita omat numerosi mukavasti kotoa tai jopa toimistosta k\u00e4sin muutamassa sekunnissa.<\/p>\n<p>Kun olet valinnut onnennumerosi, tai jopa useita numerosarjoja, jos todella haluat lis\u00e4t\u00e4 <a href=\"http:\/\/jackpotlotteryonline.com\/fi\/voittonumerot\/euromillions\">voittomahdollisuuksiasi, voit my\u00f6s maksaa lippusi turvallisesti ja varmasti verkossa. Jokaisen Eurojackpot-arvonnan<\/a> j\u00e4lkeen tulokset p\u00e4ivitet\u00e4\u00e4n verkossa hetken kuluttua siit\u00e4, kun viimeinen numero on paljastettu joka viikko. T\u00e4m\u00e4 tarkoittaa, ett\u00e4 voit yksinkertaisesti kirjautua tilillesi uudelleen ja tarkastella voittonumeroita muutamassa sekunnissa, jolloin sinun ei tarvitse mets\u00e4st\u00e4\u00e4 tuloksia sanomalehdist\u00e4.<\/p>\n<p>Kun pelaat EuroJackpotia verkossa kanssamme, saat my\u00f6s automaattisesti s\u00e4hk\u00f6postia, jos olet osunut johonkin numeroon.<\/p>\n","protected":false},"excerpt":{"rendered":"<p>Miten osallistua Eurojackpotiin mist\u00e4 tahansa maasta k\u00e4sin tahansa Eurojackpot on Euromillionsin ohella yksi koko Euroopan suurimmista ja suosituimmista arpajaisista, ja miljoonat ihmiset ymp\u00e4ri maailmaa pelaavat sit\u00e4 joka viikko. Eurojackpot luotiin ensimm\u00e4isen kerran vuonna 1994, mutta sen s\u00e4\u00e4nt\u00f6j\u00e4 ja muotoa muutettiin useaan otteeseen, mink\u00e4 vuoksi se viiv\u00e4styi muutamalla vuodella, kunnes se vihdoin k\u00e4ynnistettiin ja oli valmis [&hellip;]<\/p>\n","protected":false},"author":1,"featured_media":0,"parent":35688,"menu_order":4,"comment_status":"closed","ping_status":"closed","template":"eurojackpot.php","meta":{"_et_pb_use_builder":"","_et_pb_old_content":"","_et_gb_content_width":"","exclude_from_search":false,"footnotes":""},"class_list":["post-36062","page","type-page","status-publish","hentry"],"yoast_head":"<!-- This site is optimized with the Yoast SEO plugin v23.3 - https:\/\/yoast.com\/wordpress\/plugins\/seo\/ -->\n<title>Pelaa Eurojackpotia netiss\u00e4 my\u00f6s Euroopan ulkopuolelta k\u00e4sin<\/title>\n<meta name=\"description\" content=\"Eurojackpotin pelaaminen netiss\u00e4 tuo sinut l\u00e4hemm\u00e4s miljon\u00e4\u00e4riksi tulemista!\" \/>\n<meta name=\"robots\" content=\"index, follow, max-snippet:-1, max-image-preview:large, max-video-preview:-1\" \/>\n<link rel=\"canonical\" href=\"https:\/\/jackpotlotteryonline.com\/play-online\/eurojackpot\/\" \/>\n<meta property=\"og:locale\" content=\"fi_FI\" \/>\n<meta property=\"og:type\" content=\"article\" \/>\n<meta property=\"og:title\" content=\"Pelaa Eurojackpotia netiss\u00e4 my\u00f6s Euroopan ulkopuolelta k\u00e4sin\" \/>\n<meta property=\"og:description\" content=\"Eurojackpotin pelaaminen netiss\u00e4 tuo sinut l\u00e4hemm\u00e4s miljon\u00e4\u00e4riksi tulemista!\" \/>\n<meta property=\"og:url\" content=\"https:\/\/jackpotlotteryonline.com\/play-online\/eurojackpot\/\" \/>\n<meta property=\"og:site_name\" content=\"Lotto Online - Crack The International Lottery Jackpots\" \/>\n<meta property=\"article:modified_time\" content=\"2022-12-30T20:43:29+00:00\" \/>\n<meta property=\"og:image\" content=\"http:\/\/jackpotlotteryonline.com\/wp-content\/uploads\/2022\/10\/1_online_ticket_eurojackpot2.jpg\" \/>\n<meta name=\"twitter:card\" content=\"summary_large_image\" \/>\n<meta name=\"twitter:label1\" content=\"Arvioitu lukuaika\" \/>\n\t<meta name=\"twitter:data1\" content=\"3 minuuttia\" \/>\n<!-- \/ Yoast SEO plugin. -->","yoast_head_json":{"title":"Pelaa Eurojackpotia netiss\u00e4 my\u00f6s Euroopan ulkopuolelta k\u00e4sin","description":"Eurojackpotin pelaaminen netiss\u00e4 tuo sinut l\u00e4hemm\u00e4s miljon\u00e4\u00e4riksi tulemista!","robots":{"index":"index","follow":"follow","max-snippet":"max-snippet:-1","max-image-preview":"max-image-preview:large","max-video-preview":"max-video-preview:-1"},"canonical":"https:\/\/jackpotlotteryonline.com\/play-online\/eurojackpot\/","og_locale":"fi_FI","og_type":"article","og_title":"Pelaa Eurojackpotia netiss\u00e4 my\u00f6s Euroopan ulkopuolelta k\u00e4sin","og_description":"Eurojackpotin pelaaminen netiss\u00e4 tuo sinut l\u00e4hemm\u00e4s miljon\u00e4\u00e4riksi tulemista!","og_url":"https:\/\/jackpotlotteryonline.com\/play-online\/eurojackpot\/","og_site_name":"Lotto Online - Crack The International Lottery Jackpots","article_modified_time":"2022-12-30T20:43:29+00:00","og_image":[{"url":"http:\/\/jackpotlotteryonline.com\/wp-content\/uploads\/2022\/10\/1_online_ticket_eurojackpot2.jpg"}],"twitter_card":"summary_large_image","twitter_misc":{"Arvioitu lukuaika":"3 minuuttia"},"schema":{"@context":"https:\/\/schema.org","@graph":[{"@type":"WebPage","@id":"https:\/\/jackpotlotteryonline.com\/play-online\/eurojackpot\/","url":"https:\/\/jackpotlotteryonline.com\/play-online\/eurojackpot\/","name":"Pelaa Eurojackpotia netiss\u00e4 my\u00f6s Euroopan ulkopuolelta k\u00e4sin","isPartOf":{"@id":"https:\/\/jackpotlotteryonline.com\/#website"},"primaryImageOfPage":{"@id":"https:\/\/jackpotlotteryonline.com\/play-online\/eurojackpot\/#primaryimage"},"image":{"@id":"https:\/\/jackpotlotteryonline.com\/play-online\/eurojackpot\/#primaryimage"},"thumbnailUrl":"http:\/\/jackpotlotteryonline.com\/wp-content\/uploads\/2022\/10\/1_online_ticket_eurojackpot2.jpg","datePublished":"2022-11-03T09:31:20+00:00","dateModified":"2022-12-30T20:43:29+00:00","description":"Eurojackpotin pelaaminen netiss\u00e4 tuo sinut l\u00e4hemm\u00e4s miljon\u00e4\u00e4riksi tulemista!","breadcrumb":{"@id":"https:\/\/jackpotlotteryonline.com\/play-online\/eurojackpot\/#breadcrumb"},"inLanguage":"fi","potentialAction":[{"@type":"ReadAction","target":["https:\/\/jackpotlotteryonline.com\/play-online\/eurojackpot\/"]}]},{"@type":"ImageObject","inLanguage":"fi","@id":"https:\/\/jackpotlotteryonline.com\/play-online\/eurojackpot\/#primaryimage","url":"http:\/\/jackpotlotteryonline.com\/wp-content\/uploads\/2022\/10\/1_online_ticket_eurojackpot2.jpg","contentUrl":"http:\/\/jackpotlotteryonline.com\/wp-content\/uploads\/2022\/10\/1_online_ticket_eurojackpot2.jpg"},{"@type":"BreadcrumbList","@id":"https:\/\/jackpotlotteryonline.com\/play-online\/eurojackpot\/#breadcrumb","itemListElement":[{"@type":"ListItem","position":1,"name":"Home","item":"https:\/\/jackpotlotteryonline.com\/fi\/"},{"@type":"ListItem","position":2,"name":"Kuinka pelata","item":"https:\/\/jackpotlotteryonline.com\/play-online\/"},{"@type":"ListItem","position":3,"name":"EuroJackpot"}]},{"@type":"WebSite","@id":"https:\/\/jackpotlotteryonline.com\/#website","url":"https:\/\/jackpotlotteryonline.com\/","name":"Lotto Online - Crack The International Lottery Jackpots","description":"","potentialAction":[{"@type":"SearchAction","target":{"@type":"EntryPoint","urlTemplate":"https:\/\/jackpotlotteryonline.com\/?s={search_term_string}"},"query-input":"required name=search_term_string"}],"inLanguage":"fi"}]}},"_links":{"self":[{"href":"https:\/\/jackpotlotteryonline.com\/fi\/wp-json\/wp\/v2\/pages\/36062","targetHints":{"allow":["GET"]}}],"collection":[{"href":"https:\/\/jackpotlotteryonline.com\/fi\/wp-json\/wp\/v2\/pages"}],"about":[{"href":"https:\/\/jackpotlotteryonline.com\/fi\/wp-json\/wp\/v2\/types\/page"}],"author":[{"embeddable":true,"href":"https:\/\/jackpotlotteryonline.com\/fi\/wp-json\/wp\/v2\/users\/1"}],"replies":[{"embeddable":true,"href":"https:\/\/jackpotlotteryonline.com\/fi\/wp-json\/wp\/v2\/comments?post=36062"}],"version-history":[{"count":0,"href":"https:\/\/jackpotlotteryonline.com\/fi\/wp-json\/wp\/v2\/pages\/36062\/revisions"}],"up":[{"embeddable":true,"href":"https:\/\/jackpotlotteryonline.com\/fi\/wp-json\/wp\/v2\/pages\/35688"}],"wp:attachment":[{"href":"https:\/\/jackpotlotteryonline.com\/fi\/wp-json\/wp\/v2\/media?parent=36062"}],"curies":[{"name":"wp","href":"https:\/\/api.w.org\/{rel}","templated":true}]}}