{"id":36115,"date":"2022-11-03T11:08:25","date_gmt":"2022-11-03T11:08:25","guid":{"rendered":"https:\/\/jackpotlotteryonline.com\/?page_id=36115"},"modified":"2022-12-31T07:10:41","modified_gmt":"2022-12-31T07:10:41","slug":"superenalotto","status":"publish","type":"page","link":"https:\/\/jackpotlotteryonline.com\/fi\/kuinka-pelata\/superenalotto\/","title":{"rendered":"SuperEnaLotto Italia"},"content":{"rendered":"<h2>Superenalotto Italia<\/h2>\n<p>Kyseess\u00e4 on Italian jackpot-arpajaiset, jotka arvottiin ensimm\u00e4isen kerran 3. joulukuuta 1997, ja <strong>Superenalotto nettijackpotissa<\/strong> p\u00e4\u00e4st\u00e4\u00e4n hyvin usein t\u00e4htitieteellisiin summiin. Se arvotaan joka tiistai, torstai ja lauantai tasan klo 20.00. Kun mukana on suurimmat jackpot-summat, t\u00e4m\u00e4n loton voittokertoimet ovat pienimpien joukossa.<strong> Superenalotto Italian<\/strong> tiedet\u00e4\u00e4n saavuttavan yli 250 miljoonan euron j\u00e4ttipotit.<\/p>\n<section class=\"layout\" style=\"border: solid 1px; width: 100%;\">\n<div class=\"img-div\" style=\"margin-top: 5px;\"><img decoding=\"async\" class=\"wp-image-17212 alignleft\" style=\"height: 45px; margin: 8px 8px 0px;\" src=\"https:\/\/jackpotlotteryonline.com\/wp-content\/uploads\/2022\/11\/read1.jpg\" alt=\"lue\" width=\"\" height=\"\" \/><\/div>\n<div style=\"padding-left: 5px;\">\n<div style=\"font-size: 1.1em;\">\n<p><strong>Euroopan arpajaiset<\/strong><\/p>\n<p style=\"font-size: 0.85em; margin-top: -1.5em;\">Mitk\u00e4 eurooppalaiset lotot ovat parhaita? <a href=\"https:\/\/jackpotlotteryonline.com\/fi\/mitka-eurooppalaiset-arpajaiset-ovat-parhaita\"> Lue lis\u00e4\u00e4<\/a><\/p>\n<\/div>\n<\/div>\n<\/section>\n<h2>Miten Superenalotto toimii<\/h2>\n<p><img loading=\"lazy\" decoding=\"async\" class=\"alignright wp-image-17735\" src=\"https:\/\/jackpotlotteryonline.com\/wp-content\/uploads\/2022\/10\/logo_superenalotto.png\" alt=\"pelaa superenalottoa netiss\u00e4\" width=\"168\" height=\"178\" \/><\/p>\n<p><strong>Superenalotto<\/strong> edellytt\u00e4\u00e4 6 numeron t\u00e4sm\u00e4\u00e4mist\u00e4 90 numerosta. <a href=\"https:\/\/jackpotlotteryonline.com\/fi\/voittonumerot\/superenalotto\">P\u00e4\u00e4arvonnassa arvotaan<\/a> kaikki 6 numeroa, joihin sis\u00e4ltyy Jolly-numero, ja sen j\u00e4lkeen suoritetaan toinen ja itsen\u00e4inen arvonta Superstar-numerolle. Jotta<strong> Superenalotto Italia<\/strong> -arvonnassa olisi mahdollisuuksia voittaa jotain, on osuttava v\u00e4hint\u00e4\u00e4n kolmeen numeroon, ja todenn\u00e4k\u00f6isyys t\u00e4h\u00e4n on 1:327. J\u00e4ttipotin voittamisen todenn\u00e4k\u00f6isyys on 1:622 miljoonaa.<\/p>\n<p>Superstar-numeron pelaaminen maksaa ylim\u00e4\u00e4r\u00e4ist\u00e4, mutta jos olet tarpeeksi onnekas ja osut siihen, se voi kasvattaa voittosumman 100-kertaiseksi. Itse asiassa, jos osut Superstar-numeroon etk\u00e4 vastaa kuutta perusnumeroa, voit my\u00f6s voittaa kiinte\u00e4n summan palkintorahaa.<\/p>\n<h2>Mit\u00e4 voit voittaa Superenalotto Jackpotilla?<\/h2>\n<p>Vuonna 2022 on t\u00e4ll\u00e4 hetkell\u00e4 <strong>Superenalotto Italian kaikkien aikojen suurin j\u00e4ttipotti, joka on t\u00e4ll\u00e4 hetkell\u00e4<\/strong> 295 miljoonaa euroa. T\u00e4m\u00e4 on ylivoimaisesti suurin j\u00e4ttipotti, joka on voitettu Italian lottohistoriassa, eik\u00e4 t\u00e4m\u00e4n sivun p\u00e4ivityshetkell\u00e4 voittajaa ole viel\u00e4 l\u00f6ydetty!<br \/>\n<img loading=\"lazy\" decoding=\"async\" class=\"alignright size-medium wp-image-19493\" src=\"https:\/\/jackpotlotteryonline.com\/wp-content\/uploads\/2022\/10\/2_ticket_superenalotto4-211x300.jpg\" alt=\"superenalotto lippu\" width=\"211\" height=\"300\" srcset=\"https:\/\/jackpotlotteryonline.com\/wp-content\/uploads\/2022\/10\/2_ticket_superenalotto4-211x300.jpg 211w, https:\/\/jackpotlotteryonline.com\/wp-content\/uploads\/2022\/10\/2_ticket_superenalotto4.jpg 300w\" sizes=\"auto, (max-width: 211px) 100vw, 211px\" \/><\/p>\n<p>Ei kuitenkaan ole syyt\u00e4 lannistua. Itse asiassa mit\u00e4 suuremmat kertoimet, sit\u00e4 suurempi on voitettava j\u00e4ttipotti ja sit\u00e4 parempi on adrenaliinip\u00f6hin\u00e4. Lotto on aina ollut onnenpeli, ja on mahdollista, ett\u00e4 sin\u00e4 olet seuraava onnekas.<\/p>\n<p>Parasta <strong>Superena-loton nettij\u00e4ttipotissa<\/strong> on se, ett\u00e4 kuka tahansa mist\u00e4 p\u00e4in maailmaa tahansa voi osallistua siihen, jopa Italian ulkopuolelta, ja ainoa osallistumisperuste on, ett\u00e4 on oltava yli 18-vuotias. <strong>Verkkosivustomme antaa<\/strong> sinulle <a href=\"https:\/\/jackpotlotteryonline.com\/fi\/osta-lippuja\/superenalotto\">parhaan mahdollisuuden voittaa Superenalotto Italia<\/a> -lottoa, ja jos et ole viel\u00e4 pelannut sit\u00e4, koettelet onneasi v\u00e4\u00e4r\u00e4ss\u00e4 paikassa.<\/p>\n<p>Kun olet rekister\u00f6itynyt verkkosivustollamme ja tarkistanut valtakirjasi, sinun tarvitsee vain valita numerosi ja suorittaa maksu varmistaaksesi, ett\u00e4 olet varannut paikkasi miljoonien bussissa. Paikallinen edustajamme ostaa lippusi paikallisesti m\u00e4\u00e4rittelemill\u00e4si numeroilla ja varmistaa, ett\u00e4 n\u00e4et pian sen j\u00e4lkeen skannauksen lipusta.<\/p>\n<p>Vaikka <strong>Superenalotto Italian<\/strong> voittaminen on ep\u00e4suotuisten todenn\u00e4k\u00f6isyyksien asia, voit tutustua my\u00f6s muihin arpajaisiin eri puolilla maailmaa, joita voit pelata verkossa palvelumme avulla.<\/p>\n<p>Valitse suosikkilottopelisi ja nosta voittoprosenttiasi liittym\u00e4ll\u00e4 k\u00e4ytt\u00e4j\u00e4yhteis\u00f6\u00f6mme jo t\u00e4n\u00e4\u00e4n. On aika laittaa onneasi \u00e4\u00e4rimm\u00e4iseen testiin.<\/p>\n","protected":false},"excerpt":{"rendered":"<p>Superenalotto Italia Kyseess\u00e4 on Italian jackpot-arpajaiset, jotka arvottiin ensimm\u00e4isen kerran 3. joulukuuta 1997, ja Superenalotto nettijackpotissa p\u00e4\u00e4st\u00e4\u00e4n hyvin usein t\u00e4htitieteellisiin summiin. Se arvotaan joka tiistai, torstai ja lauantai tasan klo 20.00. Kun mukana on suurimmat jackpot-summat, t\u00e4m\u00e4n loton voittokertoimet ovat pienimpien joukossa. Superenalotto Italian tiedet\u00e4\u00e4n saavuttavan yli 250 miljoonan euron j\u00e4ttipotit. Euroopan arpajaiset Mitk\u00e4 eurooppalaiset [&hellip;]<\/p>\n","protected":false},"author":1,"featured_media":0,"parent":35688,"menu_order":5,"comment_status":"closed","ping_status":"closed","template":"superenalotto.php","meta":{"_et_pb_use_builder":"","_et_pb_old_content":"","_et_gb_content_width":"","exclude_from_search":false,"footnotes":""},"class_list":["post-36115","page","type-page","status-publish","hentry"],"yoast_head":"<!-- This site is optimized with the Yoast SEO plugin v23.3 - https:\/\/yoast.com\/wordpress\/plugins\/seo\/ -->\n<title>Pelaa SuperEnaLottoa verkossa Italian ulkopuolelta<\/title>\n<meta name=\"description\" content=\"Superenalotto voi vaikuttaa kovalta p\u00e4hkin\u00e4lt\u00e4, mutta jos osut j\u00e4ttipottiin, voitat isosti. Pelaa Superenalottoa Italian ulkopuolelta t\u00e4\u00e4ll\u00e4!\" \/>\n<meta name=\"robots\" content=\"index, follow, max-snippet:-1, max-image-preview:large, max-video-preview:-1\" \/>\n<link rel=\"canonical\" href=\"https:\/\/jackpotlotteryonline.com\/play-online\/superenalotto\/\" \/>\n<meta property=\"og:locale\" content=\"fi_FI\" \/>\n<meta property=\"og:type\" content=\"article\" \/>\n<meta property=\"og:title\" content=\"Pelaa SuperEnaLottoa verkossa Italian ulkopuolelta\" \/>\n<meta property=\"og:description\" content=\"Superenalotto voi vaikuttaa kovalta p\u00e4hkin\u00e4lt\u00e4, mutta jos osut j\u00e4ttipottiin, voitat isosti. Pelaa Superenalottoa Italian ulkopuolelta t\u00e4\u00e4ll\u00e4!\" \/>\n<meta property=\"og:url\" content=\"https:\/\/jackpotlotteryonline.com\/play-online\/superenalotto\/\" \/>\n<meta property=\"og:site_name\" content=\"Lotto Online - Crack The International Lottery Jackpots\" \/>\n<meta property=\"article:modified_time\" content=\"2022-12-31T07:10:41+00:00\" \/>\n<meta property=\"og:image\" content=\"https:\/\/jackpotlotteryonline.com\/wp-content\/uploads\/2022\/11\/read1.jpg\" \/>\n<meta name=\"twitter:card\" content=\"summary_large_image\" \/>\n<meta name=\"twitter:label1\" content=\"Arvioitu lukuaika\" \/>\n\t<meta name=\"twitter:data1\" content=\"3 minuuttia\" \/>\n<!-- \/ Yoast SEO plugin. -->","yoast_head_json":{"title":"Pelaa SuperEnaLottoa verkossa Italian ulkopuolelta","description":"Superenalotto voi vaikuttaa kovalta p\u00e4hkin\u00e4lt\u00e4, mutta jos osut j\u00e4ttipottiin, voitat isosti. Pelaa Superenalottoa Italian ulkopuolelta t\u00e4\u00e4ll\u00e4!","robots":{"index":"index","follow":"follow","max-snippet":"max-snippet:-1","max-image-preview":"max-image-preview:large","max-video-preview":"max-video-preview:-1"},"canonical":"https:\/\/jackpotlotteryonline.com\/play-online\/superenalotto\/","og_locale":"fi_FI","og_type":"article","og_title":"Pelaa SuperEnaLottoa verkossa Italian ulkopuolelta","og_description":"Superenalotto voi vaikuttaa kovalta p\u00e4hkin\u00e4lt\u00e4, mutta jos osut j\u00e4ttipottiin, voitat isosti. Pelaa Superenalottoa Italian ulkopuolelta t\u00e4\u00e4ll\u00e4!","og_url":"https:\/\/jackpotlotteryonline.com\/play-online\/superenalotto\/","og_site_name":"Lotto Online - Crack The International Lottery Jackpots","article_modified_time":"2022-12-31T07:10:41+00:00","og_image":[{"url":"https:\/\/jackpotlotteryonline.com\/wp-content\/uploads\/2022\/11\/read1.jpg"}],"twitter_card":"summary_large_image","twitter_misc":{"Arvioitu lukuaika":"3 minuuttia"},"schema":{"@context":"https:\/\/schema.org","@graph":[{"@type":"WebPage","@id":"https:\/\/jackpotlotteryonline.com\/play-online\/superenalotto\/","url":"https:\/\/jackpotlotteryonline.com\/play-online\/superenalotto\/","name":"Pelaa SuperEnaLottoa verkossa Italian ulkopuolelta","isPartOf":{"@id":"https:\/\/jackpotlotteryonline.com\/#website"},"primaryImageOfPage":{"@id":"https:\/\/jackpotlotteryonline.com\/play-online\/superenalotto\/#primaryimage"},"image":{"@id":"https:\/\/jackpotlotteryonline.com\/play-online\/superenalotto\/#primaryimage"},"thumbnailUrl":"https:\/\/jackpotlotteryonline.com\/wp-content\/uploads\/2022\/11\/read1.jpg","datePublished":"2022-11-03T11:08:25+00:00","dateModified":"2022-12-31T07:10:41+00:00","description":"Superenalotto voi vaikuttaa kovalta p\u00e4hkin\u00e4lt\u00e4, mutta jos osut j\u00e4ttipottiin, voitat isosti. Pelaa Superenalottoa Italian ulkopuolelta t\u00e4\u00e4ll\u00e4!","breadcrumb":{"@id":"https:\/\/jackpotlotteryonline.com\/play-online\/superenalotto\/#breadcrumb"},"inLanguage":"fi","potentialAction":[{"@type":"ReadAction","target":["https:\/\/jackpotlotteryonline.com\/play-online\/superenalotto\/"]}]},{"@type":"ImageObject","inLanguage":"fi","@id":"https:\/\/jackpotlotteryonline.com\/play-online\/superenalotto\/#primaryimage","url":"https:\/\/jackpotlotteryonline.com\/wp-content\/uploads\/2022\/11\/read1.jpg","contentUrl":"https:\/\/jackpotlotteryonline.com\/wp-content\/uploads\/2022\/11\/read1.jpg"},{"@type":"BreadcrumbList","@id":"https:\/\/jackpotlotteryonline.com\/play-online\/superenalotto\/#breadcrumb","itemListElement":[{"@type":"ListItem","position":1,"name":"Home","item":"https:\/\/jackpotlotteryonline.com\/fi\/"},{"@type":"ListItem","position":2,"name":"Kuinka pelata","item":"https:\/\/jackpotlotteryonline.com\/play-online\/"},{"@type":"ListItem","position":3,"name":"SuperEnaLotto Italia"}]},{"@type":"WebSite","@id":"https:\/\/jackpotlotteryonline.com\/#website","url":"https:\/\/jackpotlotteryonline.com\/","name":"Lotto Online - Crack The International Lottery Jackpots","description":"","potentialAction":[{"@type":"SearchAction","target":{"@type":"EntryPoint","urlTemplate":"https:\/\/jackpotlotteryonline.com\/?s={search_term_string}"},"query-input":"required name=search_term_string"}],"inLanguage":"fi"}]}},"_links":{"self":[{"href":"https:\/\/jackpotlotteryonline.com\/fi\/wp-json\/wp\/v2\/pages\/36115","targetHints":{"allow":["GET"]}}],"collection":[{"href":"https:\/\/jackpotlotteryonline.com\/fi\/wp-json\/wp\/v2\/pages"}],"about":[{"href":"https:\/\/jackpotlotteryonline.com\/fi\/wp-json\/wp\/v2\/types\/page"}],"author":[{"embeddable":true,"href":"https:\/\/jackpotlotteryonline.com\/fi\/wp-json\/wp\/v2\/users\/1"}],"replies":[{"embeddable":true,"href":"https:\/\/jackpotlotteryonline.com\/fi\/wp-json\/wp\/v2\/comments?post=36115"}],"version-history":[{"count":0,"href":"https:\/\/jackpotlotteryonline.com\/fi\/wp-json\/wp\/v2\/pages\/36115\/revisions"}],"up":[{"embeddable":true,"href":"https:\/\/jackpotlotteryonline.com\/fi\/wp-json\/wp\/v2\/pages\/35688"}],"wp:attachment":[{"href":"https:\/\/jackpotlotteryonline.com\/fi\/wp-json\/wp\/v2\/media?parent=36115"}],"curies":[{"name":"wp","href":"https:\/\/api.w.org\/{rel}","templated":true}]}}