{"id":36174,"date":"2022-11-04T06:12:29","date_gmt":"2022-11-04T06:12:29","guid":{"rendered":"https:\/\/jackpotlotteryonline.com\/?page_id=36174"},"modified":"2023-01-03T08:22:02","modified_gmt":"2023-01-03T08:22:02","slug":"el-gordo","status":"publish","type":"page","link":"https:\/\/jackpotlotteryonline.com\/fi\/kuinka-pelata\/el-gordo\/","title":{"rendered":"Pelaa El Gordo Lotto Espanja"},"content":{"rendered":"<h2>El Gordo Online Lotto Jackpot<\/h2>\n<p><img loading=\"lazy\" decoding=\"async\" class=\"alignright wp-image-18709\" src=\"http:\/\/jackpotlotteryonline.com\/wp-content\/uploads\/2022\/10\/2_ticket_el_gordo3-218x300.jpg\" alt=\"el gordo lottokuponki\" width=\"174\" height=\"239\" srcset=\"https:\/\/jackpotlotteryonline.com\/wp-content\/uploads\/2022\/10\/2_ticket_el_gordo3-218x300.jpg 218w, https:\/\/jackpotlotteryonline.com\/wp-content\/uploads\/2022\/10\/2_ticket_el_gordo3.jpg 570w\" sizes=\"auto, (max-width: 174px) 100vw, 174px\" \/>Keskim\u00e4\u00e4r\u00e4inen espanjalainen k\u00e4ytti El Gordo lotto j\u00e4ttipottiin vuonna 2009 huikeat 60 euroa. No, luku 60 euroa ei ehk\u00e4 tunnu kovin suurelta, mutta jos sen kertoo Espanjan v\u00e4kiluvulla, voi olla h\u00e4keltynyt. El Gordo -lotto tunnetaan parhaiten Espanjan joululottopainoksesta, mutta se on my\u00f6s viikoittainen tapahtuma.<\/p>\n<p>Siin\u00e4 arvotaan <a href=\"http:\/\/jackpotlotteryonline.com\/fi\/voittonumerot\/el-gordo-draw-results\">yksi numero viikossa (joka sunnuntai)<\/a>, ja sinun on valittava 5 numeroa 54 numeron joukosta. Nimi El Gordo on muuten espanjaksi &#8220;The Big One&#8221;.<\/p>\n<h2>El Gordon jouluarvonta<\/h2>\n<p>El Gordo Navidad pelataan kerran vuodessa joulun aikaan, ja se eroaa hyvin paljon muista vastaavista lotoista maailmassa, sill\u00e4 k\u00e4ytett\u00e4viss\u00e4 on vain 85000 lottonumeroa (00000-84999), ja arvonta on hyvin erityinen tapahtuma, jonka j\u00e4rjest\u00e4minen ja toteuttaminen kest\u00e4\u00e4 kauan.<\/p>\n<section class=\"layout\" style=\"border: solid 1px; width: 100%;\">\n<div class=\"img-div\" style=\"margin-top: 5px;\"><img decoding=\"async\" class=\"wp-image-17212 alignleft\" style=\"height: 45px; margin: 8px 8px 0px;\" src=\"http:\/\/jackpotlotteryonline.com\/wp-content\/uploads\/2022\/11\/read1.jpg\" alt=\"lue\" width=\"\" height=\"\" \/><\/div>\n<div style=\"padding-left: 5px;\">\n<div style=\"font-size: 1.1em;\">\n<p><strong>\u00c4l\u00e4 missaa maailman suurimpien lottoj\u00e4ttipottien arvonta-aikoja<\/strong><\/p>\n<p style=\"font-size: 0.85em; margin-top: -1.5em;\">Luettelo kansainv\u00e4listen arpajaisten arvonta-ajoista\u00a0<a href=\"https:\/\/jackpotlotteryonline.com\/fi\/milloin-kansainvalisten-arpajaisten-arvonta-ajat-ovat\"> Lue lis\u00e4\u00e4<\/a><\/p>\n<\/div>\n<\/div>\n<\/section>\n<h2>Miksi jouluinen El Gordo on ainutlaatuinen?<\/h2>\n<p><img loading=\"lazy\" decoding=\"async\" class=\"alignright size-full wp-image-17870\" src=\"http:\/\/jackpotlotteryonline.com\/wp-content\/uploads\/2022\/10\/lotto_euros.jpg\" alt=\"voittaa joulun El Gordo\" width=\"225\" height=\"134\" \/><\/p>\n<p>Itse arvonta on hyvin ainutlaatuinen ja erilainen. Siihen ei liiemmin liity mit\u00e4\u00e4n koneita tai teknologiaa. Valtava pallo t\u00e4ytet\u00e4\u00e4n puupalloilla, joista jokaisessa on yksi 5-numeroinen numero. Toinen pallo sis\u00e4lt\u00e4\u00e4 pallot, joissa on palkinnot. Arvonta suoritetaan kahden lapsen toimesta, jotka ottavat kummastakin pallosta yhden pallon, joka m\u00e4\u00e4rittelee voittajanumeron ja palkinnon, jonka kyseinen numero on voittanut.<\/p>\n<p>El Gordo Online -loton j\u00e4ttipotti on t\u00e4ysin ihmisk\u00e4den arpomana hyvin ainutlaatuinen ja yksi Manner-Euroopan halutuimmista. P\u00e4\u00e4palkintoja on kolme ja pienempi\u00e4 yli 1000, ja numerot, jotka vastaavat osittain kolmea p\u00e4\u00e4palkintonumeroa, voittavat my\u00f6s jotain. T\u00e4m\u00e4 siis lis\u00e4\u00e4 voittomahdollisuuksia melkoisesti.<\/p>\n<p>El Gordo on yksi maailman suurimmista lottop\u00e4\u00e4voitoista, ja sen kokonaispalkintosumma on yli 3 miljardia euroa joka vuosi (t\u00e4ll\u00e4 hetkell\u00e4, ja se nousee jatkuvasti). Sinun ei tarvitse olla Espanjan tai Euroopan kansalainen, kuka tahansa yli 18-vuotias voi pelata El Gordo -lottoa.<\/p>\n<h2>Miten ja miksi sinun pit\u00e4isi pelata El Gordoa verkossa?<\/h2>\n<p>Rekister\u00f6idy verkkosivuillamme t\u00e4n\u00e4\u00e4n varmistaaksesi, ett\u00e4 varaat paikkasi rikkauksiin. Autamme Espanjan ulkopuolelta tulevia pelaajia osallistumaan El Gordo -lottoon. Sinun tarvitsee vain perustaa tilisi, valita numerot ja suorittaa maksu. Sitten varmistamme, <a href=\"https:\/\/jackpotlotteryonline.com\/fi\/osta-lippuja\/el-gordo\">ett\u00e4 puolestasi ostetaan lippu El Gordo -loton j\u00e4ttipottiin<\/a>. Valitsemillasi numeroilla varustettu lippu skannataan puolestasi, ja jos voitat omaisuuden, autamme my\u00f6s varmistamaan, ett\u00e4 rahat menev\u00e4t sinulle mahdollisimman nopeasti. On suositeltavaa, ett\u00e4 varaat lippusi suosikkinumeroillasi jo t\u00e4n\u00e4\u00e4n.<\/p>\n","protected":false},"excerpt":{"rendered":"<p>El Gordo Online Lotto Jackpot Keskim\u00e4\u00e4r\u00e4inen espanjalainen k\u00e4ytti El Gordo lotto j\u00e4ttipottiin vuonna 2009 huikeat 60 euroa. No, luku 60 euroa ei ehk\u00e4 tunnu kovin suurelta, mutta jos sen kertoo Espanjan v\u00e4kiluvulla, voi olla h\u00e4keltynyt. El Gordo -lotto tunnetaan parhaiten Espanjan joululottopainoksesta, mutta se on my\u00f6s viikoittainen tapahtuma. Siin\u00e4 arvotaan yksi numero viikossa (joka sunnuntai), [&hellip;]<\/p>\n","protected":false},"author":1,"featured_media":0,"parent":35688,"menu_order":6,"comment_status":"closed","ping_status":"closed","template":"el-gordo.php","meta":{"_et_pb_use_builder":"","_et_pb_old_content":"","_et_gb_content_width":"","exclude_from_search":false,"footnotes":""},"class_list":["post-36174","page","type-page","status-publish","hentry"],"yoast_head":"<!-- This site is optimized with the Yoast SEO plugin v23.3 - https:\/\/yoast.com\/wordpress\/plugins\/seo\/ -->\n<title>Pelaa Espanjan El Gordo Lotto netiss\u00e4 - jopa Espanjan ulkopuolelta k\u00e4sin<\/title>\n<meta name=\"description\" content=\"El Gordo -nettilottoj\u00e4ttipotti on yksi maailman suurimmista j\u00e4ttipoteista, ja sit\u00e4 voi pelata netiss\u00e4 my\u00f6s Espanjan ulkopuolisista maista.\" \/>\n<meta name=\"robots\" content=\"index, follow, max-snippet:-1, max-image-preview:large, max-video-preview:-1\" \/>\n<link rel=\"canonical\" href=\"https:\/\/jackpotlotteryonline.com\/play-online\/el-gordo\/\" \/>\n<meta property=\"og:locale\" content=\"fi_FI\" \/>\n<meta property=\"og:type\" content=\"article\" \/>\n<meta property=\"og:title\" content=\"Pelaa Espanjan El Gordo Lotto netiss\u00e4 - jopa Espanjan ulkopuolelta k\u00e4sin\" \/>\n<meta property=\"og:description\" content=\"El Gordo -nettilottoj\u00e4ttipotti on yksi maailman suurimmista j\u00e4ttipoteista, ja sit\u00e4 voi pelata netiss\u00e4 my\u00f6s Espanjan ulkopuolisista maista.\" \/>\n<meta property=\"og:url\" content=\"https:\/\/jackpotlotteryonline.com\/play-online\/el-gordo\/\" \/>\n<meta property=\"og:site_name\" content=\"Lotto Online - Crack The International Lottery Jackpots\" \/>\n<meta property=\"article:modified_time\" content=\"2023-01-03T08:22:02+00:00\" \/>\n<meta property=\"og:image\" content=\"http:\/\/jackpotlotteryonline.com\/wp-content\/uploads\/2022\/10\/2_ticket_el_gordo3-218x300.jpg\" \/>\n<meta name=\"twitter:card\" content=\"summary_large_image\" \/>\n<meta name=\"twitter:label1\" content=\"Arvioitu lukuaika\" \/>\n\t<meta name=\"twitter:data1\" content=\"3 minuuttia\" \/>\n<!-- \/ Yoast SEO plugin. -->","yoast_head_json":{"title":"Pelaa Espanjan El Gordo Lotto netiss\u00e4 - jopa Espanjan ulkopuolelta k\u00e4sin","description":"El Gordo -nettilottoj\u00e4ttipotti on yksi maailman suurimmista j\u00e4ttipoteista, ja sit\u00e4 voi pelata netiss\u00e4 my\u00f6s Espanjan ulkopuolisista maista.","robots":{"index":"index","follow":"follow","max-snippet":"max-snippet:-1","max-image-preview":"max-image-preview:large","max-video-preview":"max-video-preview:-1"},"canonical":"https:\/\/jackpotlotteryonline.com\/play-online\/el-gordo\/","og_locale":"fi_FI","og_type":"article","og_title":"Pelaa Espanjan El Gordo Lotto netiss\u00e4 - jopa Espanjan ulkopuolelta k\u00e4sin","og_description":"El Gordo -nettilottoj\u00e4ttipotti on yksi maailman suurimmista j\u00e4ttipoteista, ja sit\u00e4 voi pelata netiss\u00e4 my\u00f6s Espanjan ulkopuolisista maista.","og_url":"https:\/\/jackpotlotteryonline.com\/play-online\/el-gordo\/","og_site_name":"Lotto Online - Crack The International Lottery Jackpots","article_modified_time":"2023-01-03T08:22:02+00:00","og_image":[{"url":"http:\/\/jackpotlotteryonline.com\/wp-content\/uploads\/2022\/10\/2_ticket_el_gordo3-218x300.jpg"}],"twitter_card":"summary_large_image","twitter_misc":{"Arvioitu lukuaika":"3 minuuttia"},"schema":{"@context":"https:\/\/schema.org","@graph":[{"@type":"WebPage","@id":"https:\/\/jackpotlotteryonline.com\/play-online\/el-gordo\/","url":"https:\/\/jackpotlotteryonline.com\/play-online\/el-gordo\/","name":"Pelaa Espanjan El Gordo Lotto netiss\u00e4 - jopa Espanjan ulkopuolelta k\u00e4sin","isPartOf":{"@id":"https:\/\/jackpotlotteryonline.com\/#website"},"primaryImageOfPage":{"@id":"https:\/\/jackpotlotteryonline.com\/play-online\/el-gordo\/#primaryimage"},"image":{"@id":"https:\/\/jackpotlotteryonline.com\/play-online\/el-gordo\/#primaryimage"},"thumbnailUrl":"http:\/\/jackpotlotteryonline.com\/wp-content\/uploads\/2022\/10\/2_ticket_el_gordo3-218x300.jpg","datePublished":"2022-11-04T06:12:29+00:00","dateModified":"2023-01-03T08:22:02+00:00","description":"El Gordo -nettilottoj\u00e4ttipotti on yksi maailman suurimmista j\u00e4ttipoteista, ja sit\u00e4 voi pelata netiss\u00e4 my\u00f6s Espanjan ulkopuolisista maista.","breadcrumb":{"@id":"https:\/\/jackpotlotteryonline.com\/play-online\/el-gordo\/#breadcrumb"},"inLanguage":"fi","potentialAction":[{"@type":"ReadAction","target":["https:\/\/jackpotlotteryonline.com\/play-online\/el-gordo\/"]}]},{"@type":"ImageObject","inLanguage":"fi","@id":"https:\/\/jackpotlotteryonline.com\/play-online\/el-gordo\/#primaryimage","url":"http:\/\/jackpotlotteryonline.com\/wp-content\/uploads\/2022\/10\/2_ticket_el_gordo3-218x300.jpg","contentUrl":"http:\/\/jackpotlotteryonline.com\/wp-content\/uploads\/2022\/10\/2_ticket_el_gordo3-218x300.jpg"},{"@type":"BreadcrumbList","@id":"https:\/\/jackpotlotteryonline.com\/play-online\/el-gordo\/#breadcrumb","itemListElement":[{"@type":"ListItem","position":1,"name":"Home","item":"https:\/\/jackpotlotteryonline.com\/fi\/"},{"@type":"ListItem","position":2,"name":"Kuinka pelata","item":"https:\/\/jackpotlotteryonline.com\/play-online\/"},{"@type":"ListItem","position":3,"name":"Pelaa El Gordo Lotto Espanja"}]},{"@type":"WebSite","@id":"https:\/\/jackpotlotteryonline.com\/#website","url":"https:\/\/jackpotlotteryonline.com\/","name":"Lotto Online - Crack The International Lottery Jackpots","description":"","potentialAction":[{"@type":"SearchAction","target":{"@type":"EntryPoint","urlTemplate":"https:\/\/jackpotlotteryonline.com\/?s={search_term_string}"},"query-input":"required name=search_term_string"}],"inLanguage":"fi"}]}},"_links":{"self":[{"href":"https:\/\/jackpotlotteryonline.com\/fi\/wp-json\/wp\/v2\/pages\/36174","targetHints":{"allow":["GET"]}}],"collection":[{"href":"https:\/\/jackpotlotteryonline.com\/fi\/wp-json\/wp\/v2\/pages"}],"about":[{"href":"https:\/\/jackpotlotteryonline.com\/fi\/wp-json\/wp\/v2\/types\/page"}],"author":[{"embeddable":true,"href":"https:\/\/jackpotlotteryonline.com\/fi\/wp-json\/wp\/v2\/users\/1"}],"replies":[{"embeddable":true,"href":"https:\/\/jackpotlotteryonline.com\/fi\/wp-json\/wp\/v2\/comments?post=36174"}],"version-history":[{"count":0,"href":"https:\/\/jackpotlotteryonline.com\/fi\/wp-json\/wp\/v2\/pages\/36174\/revisions"}],"up":[{"embeddable":true,"href":"https:\/\/jackpotlotteryonline.com\/fi\/wp-json\/wp\/v2\/pages\/35688"}],"wp:attachment":[{"href":"https:\/\/jackpotlotteryonline.com\/fi\/wp-json\/wp\/v2\/media?parent=36174"}],"curies":[{"name":"wp","href":"https:\/\/api.w.org\/{rel}","templated":true}]}}