{"id":36232,"date":"2022-11-04T07:54:28","date_gmt":"2022-11-04T07:54:28","guid":{"rendered":"https:\/\/jackpotlotteryonline.com\/?page_id=36232"},"modified":"2022-12-31T10:35:44","modified_gmt":"2022-12-31T10:35:44","slug":"france-lotto","status":"publish","type":"page","link":"https:\/\/jackpotlotteryonline.com\/fi\/kuinka-pelata\/france-lotto\/","title":{"rendered":"Pelaa Ranskan lottoa"},"content":{"rendered":"<h2>Ranska Lotto verkossa<\/h2>\n<p><img loading=\"lazy\" decoding=\"async\" class=\"alignright size-full wp-image-18410\" src=\"https:\/\/jackpotlotteryonline.com\/wp-content\/uploads\/2022\/10\/win_big.jpg\" alt=\"pelaa ranskan lottoa netiss\u00e4\" width=\"224\" height=\"134\" \/><\/p>\n<p>France Lotto on yksi vanhimmista j\u00e4rjestetyist\u00e4 eurooppalaisista lotoista, ja sen j\u00e4rjest\u00e4\u00e4 ja hallinnoi Francaise des Jeux Group. Se on eritt\u00e4in suosittu Ranskassa ja muualla Euroopassa. Ranskalaiset ovat eritt\u00e4in intohimoisia onnenpelin yst\u00e4vi\u00e4, ja <a href=\"https:\/\/jackpotlotteryonline.com\/fi\/voittonumerot\/france-lotto-2\">France Lotto online -lotto arvotaan kolme kertaa viikossa (maanantaisin, keskiviikkoisin ja lauantaisin)<\/a>, toisin kuin useimmat muut eurooppalaiset lotot, jotka arvotaan vain kahdesti viikossa. Ranskan lotossa jaettavien palkintojen kokonaism\u00e4\u00e4r\u00e4n arvioidaan olevan yli 4,4 miljardia vuodessa, ja se sis\u00e4lt\u00e4\u00e4 suuren j\u00e4ttipotin.<\/p>\n<p>Sinun ei tarvitse asua Ranskassa &#8211; <strong>Ranskan loton pelaaminen Ranskan ulkopuolelta on mahdollista verkossa apumme avulla.<\/strong><\/p>\n<p>Muihin eurooppalaisiin lottoihin verrattuna Ranskan lotto netiss\u00e4 on merkitt\u00e4v\u00e4 lis\u00e4ys sen tarjoamiin j\u00e4ttipotteihin, sill\u00e4 j\u00e4ttipotti kasvaa miljoonalla eurolla. Kolmen viikoittaisen arvonnan my\u00f6t\u00e4 se kertyy ja nousee melko nopeasti, kunnes se voitetaan. Se, ett\u00e4 j\u00e4ttipottia ei lasketa suurimmaksi lottojen joukossa, todistaa, ett\u00e4 j\u00e4ttipotti voitetaan enemm\u00e4n kuin muissa lotoissa.<\/p>\n<p>France Lotto online -loton sanotaan luoneen enemm\u00e4n miljon\u00e4\u00e4rej\u00e4 kuin useimpien muiden vastaavien lottojen Euroopassa. Kannattaa tarttua tilaisuuteen ja <a href=\"https:\/\/jackpotlotteryonline.com\/fi\/osta-lippuja\/lotto-france\">ostaa lippu verkossa France Lotto<\/a> ja tulla seuraavaksi miljon\u00e4\u00e4riksi.<\/p>\n<p>Olemme t\u00e4\u00e4ll\u00e4 auttamassa sinua pelaamaan Ranskan lottoa verkossa. T\u00e4m\u00e4n pelin pelaaminen on yht\u00e4 helppoa kuin ABC, ja he auttavat sinua koko matkan ajan.<\/p>\n<section class=\"layout\" style=\"border: solid 1px; width: 100%;\">\n<div class=\"img-div\" style=\"margin-top: 5px;\"><img decoding=\"async\" class=\"wp-image-17212 alignleft\" style=\"height: 45px; margin: 8px 8px 0px;\" src=\"https:\/\/jackpotlotteryonline.com\/wp-content\/uploads\/2022\/11\/read1.jpg\" alt=\"lue\" width=\"\" height=\"\" \/><\/div>\n<div style=\"padding-left: 5px;\">\n<div style=\"font-size: 1.1em;\">\n<p><strong>Katso lottonumeroiden arvonta suorana l\u00e4hetyksen\u00e4<\/strong><\/p>\n<p style=\"font-size: 0.85em; margin-top: -1.5em;\">Miten voit seurata suosikkilottojen live-arvontoja?\u00a0 <a href=\"https:\/\/jackpotlotteryonline.com\/fi\/katsella-lottorivi-arvotaan-livena\"> Lue lis\u00e4\u00e4<\/a><\/p>\n<\/div>\n<\/div>\n<\/section>\n<h2>Kuinka pelata Ranska-lottoa verkossa?<\/h2>\n<p><img loading=\"lazy\" decoding=\"async\" class=\"alignright wp-image-27131\" src=\"https:\/\/jackpotlotteryonline.com\/wp-content\/uploads\/2022\/11\/1_jckpot_win_online.jpg\" alt=\"ranska lotto j\u00e4ttipotti\" width=\"159\" height=\"159\" srcset=\"https:\/\/jackpotlotteryonline.com\/wp-content\/uploads\/2022\/11\/1_jckpot_win_online.jpg 300w, https:\/\/jackpotlotteryonline.com\/wp-content\/uploads\/2022\/11\/1_jckpot_win_online-100x100.jpg 100w, https:\/\/jackpotlotteryonline.com\/wp-content\/uploads\/2022\/11\/1_jckpot_win_online-150x150.jpg 150w\" sizes=\"auto, (max-width: 159px) 100vw, 159px\" \/><\/p>\n<p>Kuten miss\u00e4 tahansa muussa lotossa, my\u00f6s Ranskan lotossa valitaan 5 numeroa 49:st\u00e4 ja yksi numero toisesta 10 numeron ryhm\u00e4st\u00e4. Lipun ostaminen on helppoa, kun tilaat kauttamme, me ostamme lipun puolestasi. Heti oston j\u00e4lkeen n\u00e4et valitsemasi numerot tilill\u00e4si, ja hieman my\u00f6hemmin my\u00f6s skannauksesi n\u00e4kyy tilill\u00e4si.<\/p>\n<p>Jos olet skeptinen numeroiden valinnan suhteen, meill\u00e4 on my\u00f6s lottonumerogeneraattori, ja France Lotto -verkkopelin Quick Pick -vaihtoehto mahdollistaa satunnaislukujen pelaamisen.<\/p>\n<p>Sinun on oltava yli 18-vuotias voidaksesi ostaa Ranskan lotto netiss\u00e4 -lottokupongin, ja ennen kuin teet sen meid\u00e4n kauttamme, voit tehd\u00e4 tutkimusta aiemmista tuloksista, jotta voit valita omat onnennumerosi.<\/p>\n<h2>Palkintojen ker\u00e4\u00e4minen Ranskan nettilotosta<\/h2>\n<p>P\u00e4\u00e4voiton lis\u00e4ksi France Lotto online tarjoaa my\u00f6s muita palkintoja numeroiden t\u00e4sm\u00e4\u00e4misest\u00e4. Toisin kuin amerikkalaisissa lotoissa, palkinnot maksetaan kokonaisuudessaan ja k\u00e4teisen\u00e4. Sinun on teht\u00e4v\u00e4 korvaushakemuksesi 2 kuukauden kuluessa arvontap\u00e4iv\u00e4st\u00e4, ja me autamme sinua siin\u00e4. Alle 2500 euron palkintorahat hyvitet\u00e4\u00e4n tilillesi verkkosivustollamme. T\u00e4m\u00e4n summan ylitt\u00e4v\u00e4t palkintorahat on toimitettava Francaise des Jeux -maksukeskukseen.<\/p>\n<p>Jos pelaat meid\u00e4n kauttamme, autamme sinua my\u00f6s lunastamaan palkintosi hakemalla ne puolestasi ja varmistamme, ett\u00e4 palkinto toimitetaan sinulle mahdollisimman nopeasti. Tule rekister\u00f6itym\u00e4\u00e4n ilmaiseksi jo t\u00e4n\u00e4\u00e4n ja lunasta odottamattomat edut&#8230;!<\/p>\n<p>Kaikki France Lotossa voitetut palkinnot maksetaan verovapaasti!<\/p>\n","protected":false},"excerpt":{"rendered":"<p>Ranska Lotto verkossa France Lotto on yksi vanhimmista j\u00e4rjestetyist\u00e4 eurooppalaisista lotoista, ja sen j\u00e4rjest\u00e4\u00e4 ja hallinnoi Francaise des Jeux Group. Se on eritt\u00e4in suosittu Ranskassa ja muualla Euroopassa. Ranskalaiset ovat eritt\u00e4in intohimoisia onnenpelin yst\u00e4vi\u00e4, ja France Lotto online -lotto arvotaan kolme kertaa viikossa (maanantaisin, keskiviikkoisin ja lauantaisin), toisin kuin useimmat muut eurooppalaiset lotot, jotka arvotaan [&hellip;]<\/p>\n","protected":false},"author":1,"featured_media":0,"parent":35688,"menu_order":9,"comment_status":"closed","ping_status":"closed","template":"lotto-fr.php","meta":{"_et_pb_use_builder":"","_et_pb_old_content":"","_et_gb_content_width":"","exclude_from_search":false,"footnotes":""},"class_list":["post-36232","page","type-page","status-publish","hentry"],"yoast_head":"<!-- This site is optimized with the Yoast SEO plugin v23.3 - https:\/\/yoast.com\/wordpress\/plugins\/seo\/ -->\n<title>Osallistu France Lottoon verkossa, Ranskan ulkopuolelta k\u00e4sin<\/title>\n<meta name=\"description\" content=\"Osta lippu Ranskan lottoon t\u00e4\u00e4lt\u00e4 - mahdollistamme Ranskan ulkopuolelta tulevien lottofanien saada lippu t\u00e4h\u00e4n suosittuun lottoon\" \/>\n<meta name=\"robots\" content=\"index, follow, max-snippet:-1, max-image-preview:large, max-video-preview:-1\" \/>\n<link rel=\"canonical\" href=\"https:\/\/jackpotlotteryonline.com\/play-online\/france-lotto\/\" \/>\n<meta property=\"og:locale\" content=\"fi_FI\" \/>\n<meta property=\"og:type\" content=\"article\" \/>\n<meta property=\"og:title\" content=\"Osallistu France Lottoon verkossa, Ranskan ulkopuolelta k\u00e4sin\" \/>\n<meta property=\"og:description\" content=\"Osta lippu Ranskan lottoon t\u00e4\u00e4lt\u00e4 - mahdollistamme Ranskan ulkopuolelta tulevien lottofanien saada lippu t\u00e4h\u00e4n suosittuun lottoon\" \/>\n<meta property=\"og:url\" content=\"https:\/\/jackpotlotteryonline.com\/play-online\/france-lotto\/\" \/>\n<meta property=\"og:site_name\" content=\"Lotto Online - Crack The International Lottery Jackpots\" \/>\n<meta property=\"article:modified_time\" content=\"2022-12-31T10:35:44+00:00\" \/>\n<meta property=\"og:image\" content=\"https:\/\/jackpotlotteryonline.com\/wp-content\/uploads\/2022\/10\/win_big.jpg\" \/>\n<meta name=\"twitter:card\" content=\"summary_large_image\" \/>\n<meta name=\"twitter:label1\" content=\"Arvioitu lukuaika\" \/>\n\t<meta name=\"twitter:data1\" content=\"3 minuuttia\" \/>\n<!-- \/ Yoast SEO plugin. -->","yoast_head_json":{"title":"Osallistu France Lottoon verkossa, Ranskan ulkopuolelta k\u00e4sin","description":"Osta lippu Ranskan lottoon t\u00e4\u00e4lt\u00e4 - mahdollistamme Ranskan ulkopuolelta tulevien lottofanien saada lippu t\u00e4h\u00e4n suosittuun lottoon","robots":{"index":"index","follow":"follow","max-snippet":"max-snippet:-1","max-image-preview":"max-image-preview:large","max-video-preview":"max-video-preview:-1"},"canonical":"https:\/\/jackpotlotteryonline.com\/play-online\/france-lotto\/","og_locale":"fi_FI","og_type":"article","og_title":"Osallistu France Lottoon verkossa, Ranskan ulkopuolelta k\u00e4sin","og_description":"Osta lippu Ranskan lottoon t\u00e4\u00e4lt\u00e4 - mahdollistamme Ranskan ulkopuolelta tulevien lottofanien saada lippu t\u00e4h\u00e4n suosittuun lottoon","og_url":"https:\/\/jackpotlotteryonline.com\/play-online\/france-lotto\/","og_site_name":"Lotto Online - Crack The International Lottery Jackpots","article_modified_time":"2022-12-31T10:35:44+00:00","og_image":[{"url":"https:\/\/jackpotlotteryonline.com\/wp-content\/uploads\/2022\/10\/win_big.jpg"}],"twitter_card":"summary_large_image","twitter_misc":{"Arvioitu lukuaika":"3 minuuttia"},"schema":{"@context":"https:\/\/schema.org","@graph":[{"@type":"WebPage","@id":"https:\/\/jackpotlotteryonline.com\/play-online\/france-lotto\/","url":"https:\/\/jackpotlotteryonline.com\/play-online\/france-lotto\/","name":"Osallistu France Lottoon verkossa, Ranskan ulkopuolelta k\u00e4sin","isPartOf":{"@id":"https:\/\/jackpotlotteryonline.com\/#website"},"primaryImageOfPage":{"@id":"https:\/\/jackpotlotteryonline.com\/play-online\/france-lotto\/#primaryimage"},"image":{"@id":"https:\/\/jackpotlotteryonline.com\/play-online\/france-lotto\/#primaryimage"},"thumbnailUrl":"https:\/\/jackpotlotteryonline.com\/wp-content\/uploads\/2022\/10\/win_big.jpg","datePublished":"2022-11-04T07:54:28+00:00","dateModified":"2022-12-31T10:35:44+00:00","description":"Osta lippu Ranskan lottoon t\u00e4\u00e4lt\u00e4 - mahdollistamme Ranskan ulkopuolelta tulevien lottofanien saada lippu t\u00e4h\u00e4n suosittuun lottoon","breadcrumb":{"@id":"https:\/\/jackpotlotteryonline.com\/play-online\/france-lotto\/#breadcrumb"},"inLanguage":"fi","potentialAction":[{"@type":"ReadAction","target":["https:\/\/jackpotlotteryonline.com\/play-online\/france-lotto\/"]}]},{"@type":"ImageObject","inLanguage":"fi","@id":"https:\/\/jackpotlotteryonline.com\/play-online\/france-lotto\/#primaryimage","url":"https:\/\/jackpotlotteryonline.com\/wp-content\/uploads\/2022\/10\/win_big.jpg","contentUrl":"https:\/\/jackpotlotteryonline.com\/wp-content\/uploads\/2022\/10\/win_big.jpg"},{"@type":"BreadcrumbList","@id":"https:\/\/jackpotlotteryonline.com\/play-online\/france-lotto\/#breadcrumb","itemListElement":[{"@type":"ListItem","position":1,"name":"Home","item":"https:\/\/jackpotlotteryonline.com\/fi\/"},{"@type":"ListItem","position":2,"name":"Kuinka pelata","item":"https:\/\/jackpotlotteryonline.com\/play-online\/"},{"@type":"ListItem","position":3,"name":"Pelaa Ranskan lottoa"}]},{"@type":"WebSite","@id":"https:\/\/jackpotlotteryonline.com\/#website","url":"https:\/\/jackpotlotteryonline.com\/","name":"Lotto Online - Crack The International Lottery Jackpots","description":"","potentialAction":[{"@type":"SearchAction","target":{"@type":"EntryPoint","urlTemplate":"https:\/\/jackpotlotteryonline.com\/?s={search_term_string}"},"query-input":"required name=search_term_string"}],"inLanguage":"fi"}]}},"_links":{"self":[{"href":"https:\/\/jackpotlotteryonline.com\/fi\/wp-json\/wp\/v2\/pages\/36232","targetHints":{"allow":["GET"]}}],"collection":[{"href":"https:\/\/jackpotlotteryonline.com\/fi\/wp-json\/wp\/v2\/pages"}],"about":[{"href":"https:\/\/jackpotlotteryonline.com\/fi\/wp-json\/wp\/v2\/types\/page"}],"author":[{"embeddable":true,"href":"https:\/\/jackpotlotteryonline.com\/fi\/wp-json\/wp\/v2\/users\/1"}],"replies":[{"embeddable":true,"href":"https:\/\/jackpotlotteryonline.com\/fi\/wp-json\/wp\/v2\/comments?post=36232"}],"version-history":[{"count":0,"href":"https:\/\/jackpotlotteryonline.com\/fi\/wp-json\/wp\/v2\/pages\/36232\/revisions"}],"up":[{"embeddable":true,"href":"https:\/\/jackpotlotteryonline.com\/fi\/wp-json\/wp\/v2\/pages\/35688"}],"wp:attachment":[{"href":"https:\/\/jackpotlotteryonline.com\/fi\/wp-json\/wp\/v2\/media?parent=36232"}],"curies":[{"name":"wp","href":"https:\/\/api.w.org\/{rel}","templated":true}]}}