{"id":36289,"date":"2022-11-04T09:28:47","date_gmt":"2022-11-04T09:28:47","guid":{"rendered":"https:\/\/jackpotlotteryonline.com\/?page_id=36289"},"modified":"2022-12-31T09:48:03","modified_gmt":"2022-12-31T09:48:03","slug":"german-lotto","status":"publish","type":"page","link":"https:\/\/jackpotlotteryonline.com\/fi\/kuinka-pelata\/german-lotto\/","title":{"rendered":"Saksan Lotto"},"content":{"rendered":"<h2>Saksan Lotto on nyt saatavilla verkossa<\/h2>\n<p><img loading=\"lazy\" decoding=\"async\" class=\"alignright wp-image-18464 size-full\" src=\"http:\/\/jackpotlotteryonline.com\/wp-content\/uploads\/2022\/10\/win_lottery_online.jpg\" alt=\"pelaa saksalaista lottoa netiss\u00e4\" width=\"231\" height=\"130\" \/><\/p>\n<p>Lotto Saksassa on yli 5 vuosikymment\u00e4 vanha ja Saksan lotto verkossa j\u00e4rjest\u00e4v\u00e4t ja hallinnoivat Deutscher Lotto ja Toto Block. Kaksi kertaa viikossa keskiviikkona ja lauantaina <a href=\"https:\/\/jackpotlotteryonline.com\/fi\/voittonumerot\/german-lotto\">arvottavassa Saksan lotto netiss\u00e4<\/a> on useimmiten yksi Euroopan suurimmista j\u00e4ttipoteista. Sinulla on siis kaikki syyt pelata Saksan lottoa nettilipulla, jos asut Saksan ulkopuolella.<\/p>\n<p>Jos et asu Saksassa, ainoa vaihtoehtosi pelata saksalaista lottoa verkossa on meid\u00e4n avullamme. Kun olet rekister\u00f6itynyt sivustollemme, saat kaikki Saksan lottoa koskevat tiedot. Siihen kuuluvat vanhat tulokset, lottonumerogeneraattori ja alue, josta voit ostaa arvan. He jopa auttavat sinua lunastamaan ja saamaan palkinnon perille.<\/p>\n<h2>Miten Saksan lotto verkossa toimii<\/h2>\n<p>Sinun tarvitsee vain <a href=\"https:\/\/jackpotlotteryonline.com\/fi\/osta-lippuja\/lotto-germany\">ostaa lippu Saksan lottoon verkossa<\/a> valitsemalla 6 numeroa 49 numeron joukosta. Sinulla on my\u00f6s mahdollisuus valita supernumero v\u00e4lilt\u00e4 1-10. P\u00e4\u00e4arvonnassa arvotaan perusnumerot ja sen j\u00e4lkeen arvotaan supernumero. Kun 6 perusnumeroa t\u00e4sm\u00e4\u00e4v\u00e4t, voitat ensimm\u00e4isen palkinnon. Varsinainen j\u00e4ttipotti my\u00f6nnet\u00e4\u00e4n, kun 6 perusnumeroa ja supernumero t\u00e4sm\u00e4\u00e4v\u00e4t arvonnassa.<\/p>\n<p>My\u00f6s Saksan ulkopuolella asuvat ihmiset voivat pelata Saksan lottoa verkossa. Sivustollamme voit hy\u00f6dynt\u00e4\u00e4 t\u00e4t\u00e4 mahdollisuutta kokeilla onneasi ja j\u00e4tt\u00e4\u00e4 loput logistiikasta meille. Sinun on oltava yli 18-vuotias voidaksesi pelata Saksan lottoa nettilipulla.<\/p>\n<section class=\"layout\" style=\"border: solid 1px; width: 100%;\">\n<div class=\"img-div\" style=\"margin-top: 5px;\"><img decoding=\"async\" class=\"wp-image-17212 alignleft\" style=\"height: 45px; margin: 8px 8px 0px;\" src=\"http:\/\/jackpotlotteryonline.com\/wp-content\/uploads\/2022\/11\/read1.jpg\" alt=\"lue\" width=\"\" height=\"\" \/><\/div>\n<div style=\"padding-left: 5px;\">\n<div style=\"font-size: 1.1em;\">\n<p><strong>Mink\u00e4 auton ostaisit, jos voittaisit lotossa?<\/strong><\/p>\n<p style=\"font-size: 0.85em; margin-top: -1.5em;\">Voita lotossa ja hanki uusi auto\u00a0<a href=\"https:\/\/jackpotlotteryonline.com\/fi\/minka-auton-ostaisit-jos-voittaisit-lotossa\"> Lue lis\u00e4\u00e4<\/a><\/p>\n<\/div>\n<\/div>\n<\/section>\n<h2>Saksan lottovoitto verkossa<\/h2>\n<p><img loading=\"lazy\" decoding=\"async\" class=\"alignright size-medium wp-image-33350\" src=\"http:\/\/jackpotlotteryonline.com\/wp-content\/uploads\/2022\/11\/2_ticket_euromillions3-1-111x300.jpg\" alt=\"saksalainen lottokuponki\" width=\"111\" height=\"300\" srcset=\"https:\/\/jackpotlotteryonline.com\/wp-content\/uploads\/2022\/11\/2_ticket_euromillions3-1-111x300.jpg 111w, https:\/\/jackpotlotteryonline.com\/wp-content\/uploads\/2022\/11\/2_ticket_euromillions3-1.jpg 180w\" sizes=\"auto, (max-width: 111px) 100vw, 111px\" \/><\/p>\n<p>Saksan lottovoitto verkossa on sattuman varassa, mutta niin on mik\u00e4 tahansa muukin lotto. Parannamme mahdollisuuksiasi voittaa Saksan lotto verkossa k\u00e4ytt\u00e4m\u00e4ll\u00e4 lottonumerogeneraattoria ja antamalla sinulle tietoa aiemmista tuloksista, jotta voit valita onnenumerosi. Kaikki Saksan lottoa verkossa koskevat olennaiset tiedot ovat saatavilla, ja voit k\u00e4ytt\u00e4\u00e4 niit\u00e4 t\u00e4ysim\u00e4\u00e4r\u00e4isesti mahdollisuuksiesi parantamiseksi.<\/p>\n<p>Saksan nettilotto ei ole vain yksi Euroopan suurimmista j\u00e4ttipotista, vaan se on my\u00f6s maailman j\u00e4rjest\u00e4ytynein lotto, jota hoidetaan eritt\u00e4in ammattimaisesti. Kun pelaat Saksan lottoa verkossa ja jos voitat, autamme sinua lunastamaan palkintosi ilman vaikeuksia ja varmistamme, ett\u00e4 palkintosumma toimitetaan sinulle ongelmitta.<\/p>\n<p>Vaikka saksalainen nettilotto on yksi Euroopan vanhimmista lotoista, se ei ole yht\u00e4 suosittu kuin muut. Syyn\u00e4 on se, ett\u00e4 sit\u00e4 ei mainosteta yht\u00e4 paljon Saksan ulkopuolella. <strong>T\u00e4m\u00e4 ei kuitenkaan ole mik\u00e4\u00e4n syy olla pelaamatta saksalaista nettilottoa. Kokeile onneasi Saksan lotossa jo t\u00e4n\u00e4\u00e4n.<\/strong><\/p>\n","protected":false},"excerpt":{"rendered":"<p>Saksan Lotto on nyt saatavilla verkossa Lotto Saksassa on yli 5 vuosikymment\u00e4 vanha ja Saksan lotto verkossa j\u00e4rjest\u00e4v\u00e4t ja hallinnoivat Deutscher Lotto ja Toto Block. Kaksi kertaa viikossa keskiviikkona ja lauantaina arvottavassa Saksan lotto netiss\u00e4 on useimmiten yksi Euroopan suurimmista j\u00e4ttipoteista. Sinulla on siis kaikki syyt pelata Saksan lottoa nettilipulla, jos asut Saksan ulkopuolella. Jos [&hellip;]<\/p>\n","protected":false},"author":1,"featured_media":0,"parent":35688,"menu_order":8,"comment_status":"closed","ping_status":"closed","template":"lotto-german.php","meta":{"_et_pb_use_builder":"","_et_pb_old_content":"","_et_gb_content_width":"","exclude_from_search":false,"footnotes":""},"class_list":["post-36289","page","type-page","status-publish","hentry"],"yoast_head":"<!-- This site is optimized with the Yoast SEO plugin v23.3 - https:\/\/yoast.com\/wordpress\/plugins\/seo\/ -->\n<title>Pelaa Saksan lottoa Saksan ulkopuolelta nettilipulla<\/title>\n<meta name=\"description\" content=\"Asutko Saksan ulkopuolella? Ei ole ongelma - pelaa Saksan lottoa meilt\u00e4 saatavalla nettilipulla.\" \/>\n<meta name=\"robots\" content=\"index, follow, max-snippet:-1, max-image-preview:large, max-video-preview:-1\" \/>\n<link rel=\"canonical\" href=\"https:\/\/jackpotlotteryonline.com\/play-online\/german-lotto\/\" \/>\n<meta property=\"og:locale\" content=\"fi_FI\" \/>\n<meta property=\"og:type\" content=\"article\" \/>\n<meta property=\"og:title\" content=\"Pelaa Saksan lottoa Saksan ulkopuolelta nettilipulla\" \/>\n<meta property=\"og:description\" content=\"Asutko Saksan ulkopuolella? Ei ole ongelma - pelaa Saksan lottoa meilt\u00e4 saatavalla nettilipulla.\" \/>\n<meta property=\"og:url\" content=\"https:\/\/jackpotlotteryonline.com\/play-online\/german-lotto\/\" \/>\n<meta property=\"og:site_name\" content=\"Lotto Online - Crack The International Lottery Jackpots\" \/>\n<meta property=\"article:modified_time\" content=\"2022-12-31T09:48:03+00:00\" \/>\n<meta property=\"og:image\" content=\"http:\/\/jackpotlotteryonline.com\/wp-content\/uploads\/2022\/10\/win_lottery_online.jpg\" \/>\n<meta name=\"twitter:card\" content=\"summary_large_image\" \/>\n<meta name=\"twitter:label1\" content=\"Arvioitu lukuaika\" \/>\n\t<meta name=\"twitter:data1\" content=\"2 minuuttia\" \/>\n<!-- \/ Yoast SEO plugin. -->","yoast_head_json":{"title":"Pelaa Saksan lottoa Saksan ulkopuolelta nettilipulla","description":"Asutko Saksan ulkopuolella? Ei ole ongelma - pelaa Saksan lottoa meilt\u00e4 saatavalla nettilipulla.","robots":{"index":"index","follow":"follow","max-snippet":"max-snippet:-1","max-image-preview":"max-image-preview:large","max-video-preview":"max-video-preview:-1"},"canonical":"https:\/\/jackpotlotteryonline.com\/play-online\/german-lotto\/","og_locale":"fi_FI","og_type":"article","og_title":"Pelaa Saksan lottoa Saksan ulkopuolelta nettilipulla","og_description":"Asutko Saksan ulkopuolella? Ei ole ongelma - pelaa Saksan lottoa meilt\u00e4 saatavalla nettilipulla.","og_url":"https:\/\/jackpotlotteryonline.com\/play-online\/german-lotto\/","og_site_name":"Lotto Online - Crack The International Lottery Jackpots","article_modified_time":"2022-12-31T09:48:03+00:00","og_image":[{"url":"http:\/\/jackpotlotteryonline.com\/wp-content\/uploads\/2022\/10\/win_lottery_online.jpg"}],"twitter_card":"summary_large_image","twitter_misc":{"Arvioitu lukuaika":"2 minuuttia"},"schema":{"@context":"https:\/\/schema.org","@graph":[{"@type":"WebPage","@id":"https:\/\/jackpotlotteryonline.com\/play-online\/german-lotto\/","url":"https:\/\/jackpotlotteryonline.com\/play-online\/german-lotto\/","name":"Pelaa Saksan lottoa Saksan ulkopuolelta nettilipulla","isPartOf":{"@id":"https:\/\/jackpotlotteryonline.com\/#website"},"primaryImageOfPage":{"@id":"https:\/\/jackpotlotteryonline.com\/play-online\/german-lotto\/#primaryimage"},"image":{"@id":"https:\/\/jackpotlotteryonline.com\/play-online\/german-lotto\/#primaryimage"},"thumbnailUrl":"http:\/\/jackpotlotteryonline.com\/wp-content\/uploads\/2022\/10\/win_lottery_online.jpg","datePublished":"2022-11-04T09:28:47+00:00","dateModified":"2022-12-31T09:48:03+00:00","description":"Asutko Saksan ulkopuolella? Ei ole ongelma - pelaa Saksan lottoa meilt\u00e4 saatavalla nettilipulla.","breadcrumb":{"@id":"https:\/\/jackpotlotteryonline.com\/play-online\/german-lotto\/#breadcrumb"},"inLanguage":"fi","potentialAction":[{"@type":"ReadAction","target":["https:\/\/jackpotlotteryonline.com\/play-online\/german-lotto\/"]}]},{"@type":"ImageObject","inLanguage":"fi","@id":"https:\/\/jackpotlotteryonline.com\/play-online\/german-lotto\/#primaryimage","url":"http:\/\/jackpotlotteryonline.com\/wp-content\/uploads\/2022\/10\/win_lottery_online.jpg","contentUrl":"http:\/\/jackpotlotteryonline.com\/wp-content\/uploads\/2022\/10\/win_lottery_online.jpg"},{"@type":"BreadcrumbList","@id":"https:\/\/jackpotlotteryonline.com\/play-online\/german-lotto\/#breadcrumb","itemListElement":[{"@type":"ListItem","position":1,"name":"Home","item":"https:\/\/jackpotlotteryonline.com\/fi\/"},{"@type":"ListItem","position":2,"name":"Kuinka pelata","item":"https:\/\/jackpotlotteryonline.com\/play-online\/"},{"@type":"ListItem","position":3,"name":"Saksan Lotto"}]},{"@type":"WebSite","@id":"https:\/\/jackpotlotteryonline.com\/#website","url":"https:\/\/jackpotlotteryonline.com\/","name":"Lotto Online - Crack The International Lottery Jackpots","description":"","potentialAction":[{"@type":"SearchAction","target":{"@type":"EntryPoint","urlTemplate":"https:\/\/jackpotlotteryonline.com\/?s={search_term_string}"},"query-input":"required name=search_term_string"}],"inLanguage":"fi"}]}},"_links":{"self":[{"href":"https:\/\/jackpotlotteryonline.com\/fi\/wp-json\/wp\/v2\/pages\/36289","targetHints":{"allow":["GET"]}}],"collection":[{"href":"https:\/\/jackpotlotteryonline.com\/fi\/wp-json\/wp\/v2\/pages"}],"about":[{"href":"https:\/\/jackpotlotteryonline.com\/fi\/wp-json\/wp\/v2\/types\/page"}],"author":[{"embeddable":true,"href":"https:\/\/jackpotlotteryonline.com\/fi\/wp-json\/wp\/v2\/users\/1"}],"replies":[{"embeddable":true,"href":"https:\/\/jackpotlotteryonline.com\/fi\/wp-json\/wp\/v2\/comments?post=36289"}],"version-history":[{"count":0,"href":"https:\/\/jackpotlotteryonline.com\/fi\/wp-json\/wp\/v2\/pages\/36289\/revisions"}],"up":[{"embeddable":true,"href":"https:\/\/jackpotlotteryonline.com\/fi\/wp-json\/wp\/v2\/pages\/35688"}],"wp:attachment":[{"href":"https:\/\/jackpotlotteryonline.com\/fi\/wp-json\/wp\/v2\/media?parent=36289"}],"curies":[{"name":"wp","href":"https:\/\/api.w.org\/{rel}","templated":true}]}}