{"id":36394,"date":"2022-11-04T12:38:53","date_gmt":"2022-11-04T12:38:53","guid":{"rendered":"https:\/\/jackpotlotteryonline.com\/?page_id=36394"},"modified":"2022-12-19T15:50:51","modified_gmt":"2022-12-19T15:50:51","slug":"powerball","status":"publish","type":"page","link":"https:\/\/jackpotlotteryonline.com\/fi\/osta-lippuja\/powerball\/","title":{"rendered":"Yhdysvaltain Powerball-arpajaiset"},"content":{"rendered":"<h2>Miten hankkia Powerball-lippuja Yhdysvaltojen ulkopuolelta?<\/h2>\n<p>L\u00e4hes jokaisessa maailman maassa on lotto, mutta kaikki lotot eiv\u00e4t ole samanlaisia kuin Powerball ja Mega Millions, Yhdysvaltain suuret lotot. Loton j\u00e4ttipotit Yhdysvalloissa ovat saavuttaneet jopa 1,5 miljardin dollarin suuruisia summia (vuonna 2016). Muiden maiden lottojen j\u00e4ttipotit eiv\u00e4t ole koskaan ylt\u00e4neet t\u00e4llaiseen summaan, joten aina kun lottoajat lukevat jostakin uudesta enn\u00e4tyksellisest\u00e4 lottoj\u00e4ttipotista Yhdysvalloissa, he kysyv\u00e4t itselt\u00e4\u00e4n yhden kysymyksen: Voinko <a href=\"https:\/\/jackpotlotteryonline.com\/fi\/kuinka-pelata\/powerball\">pelata Powerballia USA:<\/a><strong><a href=\"https:\/\/jackpotlotteryonline.com\/fi\/kuinka-pelata\/powerball\">n ulkopuolelta<\/a>, kenties verkossa?<\/strong><\/p>\n<p><strong>No, yksinkertainen vastaus on kyll\u00e4 &#8211; vaikka asuisit Yhdysvaltojen ulkopuolella<\/strong>, voit silti pelata Powerballia. Olemme hyv\u00e4maineinen palvelu, jonka avulla voit ostaa lippuja n\u00e4ihin valtaviin arpajaisiin tai moniin muihin kansainv\u00e4lisiin arpajaisiin. Se on niin yksinkertaista kuin vain voi olla &#8211; valitset numerosi verkossa, ja me l\u00e4het\u00e4mme agenttimme Yhdysvaltojen sis\u00e4ll\u00e4 ostamaan lippuja puolestasi. Nuo lottokupongit kuuluvat sinulle, joten sinulla on laillinen vaatimus itse lottokomissiota vastaan. Jos voitat, autamme sinua my\u00f6s saamaan rahasi.<\/p>\n<p>T\u00e4rkeint\u00e4 on se, ett\u00e4 saat t\u00e4\u00e4lt\u00e4 alkuper\u00e4isen lottokupongin, etk\u00e4 osallistu mihink\u00e4\u00e4n lottohuijaukseen!<\/p>\n<h2>Lottokupongin ostoprosessi verkossa<\/h2>\n<p><img loading=\"lazy\" decoding=\"async\" class=\"alignright size-full wp-image-34943\" src=\"https:\/\/jackpotlotteryonline.com\/wp-content\/uploads\/2022\/11\/2_ticket_powerball3-1.jpg\" alt=\"Powerball-lipun\" width=\"180\" height=\"194\" \/><\/p>\n<p><strong>Ensin katsot verkkosivustomme yl\u00e4osaan<\/strong>, jossa klikkaat yht\u00e4 banneria ja valitset lottoa, johon haluat osallistua. Sivustomme on saatavilla yli 20 eri kielell\u00e4. Useimmat asiakkaat ostavat lippuja yhdysvaltalaisiin arpajaisiin Powerball ja\/tai Mega Millions, mutta hyvin usein my\u00f6s muissa kansainv\u00e4lisiss\u00e4 arpajaisissa on valtavia j\u00e4ttipotteja. Voit lajitella ne j\u00e4ttipotin koon mukaan ja yksinkertaisesti pelata sit\u00e4 lottoa, jossa on t\u00e4ll\u00e4 hetkell\u00e4 suurin summa. Jos haluat pelata useita lottoja, sekin on helppoa &#8211; voit esimerkiksi ostaa yhden arvan Powerballia varten ja toisen Espanjan El Gordoa varten.<\/p>\n<p>Seuraavaksi valitset numerot &#8211; t\u00e4m\u00e4 on helppoa, sill\u00e4 verkkosivustomme n\u00e4ytt\u00e4\u00e4 sinulle, kuinka monta numeroa sinun on valittava. K\u00e4yt\u00f6ss\u00e4 on pikavalintatoiminto, joka luo numerot satunnaisesti, jos se on sinulle parempi vaihtoehto. T\u00e4m\u00e4n j\u00e4lkeen voit valita, kuinka monta lippua haluat ostaa ja <a href=\"https:\/\/jackpotlotteryonline.com\/fi\/voittonumerot\/powerball\">kuinka monta arvontakertaa (viikkoa)<\/a> haluat lippusi olevan voimassa. Riippuen siit\u00e4, kuinka monta viikkoa lippusi osallistuu, saat alennusta lipusta maksamastasi hinnasta.<\/p>\n<p>Kun olet valinnut kaikki vaihtoehdot, n\u00e4et kokonaishinnan, ja seuraava vaihe on rekister\u00f6id\u00e4 asiakastili. My\u00f6s arpalippujen maksaminen on helppoa &#8211; useimmat asiakkaat valitsevat luottokorttimaksuvaihtoehdon, mutta tarjolla on my\u00f6s muita vaihtoehtoja, kuten (maasta riippuen) v\u00e4lit\u00f6n pankkisiirto tai kryptovaluutat.<\/p>\n<p>Maksuihin k\u00e4ytet\u00e4\u00e4n uusimpia ja turvallisimpia protokollia, joten sinun ei tarvitse pel\u00e4t\u00e4 luottokorttipetoksia. Halutessasi voit valita vaihtoehdon, jossa saat lipun useisiin arvontoihin, numerosi osallistuvat Powerballiin tai mihin tahansa valitsemaasi arvontaan 2, 4, 6 tai jopa 8 arvontaan per\u00e4kk\u00e4in.\u00a0 T\u00e4m\u00e4 on kuitenkin vain vaihtoehto &#8211; jos et rastita t\u00e4t\u00e4 ruutua, sinulta veloitetaan vain yhden arvonnan verran!<\/p>\n<p>Useimmat ihmiset Yhdysvaltojen ulkopuolella pelaavat vain paikallista lottoa tiet\u00e4m\u00e4tt\u00e4 t\u00e4st\u00e4 mahdollisuudesta pelata kansainv\u00e4list\u00e4 lottoa verkossa. Mutta nyt kun olet tietoinen, mik\u00e4 est\u00e4\u00e4 sinua pelaamasta j\u00e4ttipotista, joka on usein 100 kertaa suurempi kuin mit\u00e4 voit voittaa asuinmaassasi? Ehk\u00e4 sinusta tulee seuraava Powerball-j\u00e4ttipotin voittaja!<\/p>\n<section class=\"layout\" style=\"border: solid 1px; width: 100%;\">\n<div class=\"img-div\" style=\"margin-top: 5px;\"><img decoding=\"async\" class=\"wp-image-17212 alignleft\" style=\"height: 45px; margin: 8px 8px 0px;\" src=\"https:\/\/jackpotlotteryonline.com\/wp-content\/uploads\/2022\/11\/read1.jpg\" alt=\"pelata Powerballia USA:n ulkopuolelta\" width=\"\" height=\"\" \/><\/div>\n<div style=\"padding-left: 5px;\">\n<div style=\"font-size: 1.1em;\">\n<p><strong>Onko laillista pelata muiden maiden lottoja verkossa?<\/strong><\/p>\n<p style=\"font-size: 0.85em; margin-top: -1.5em;\">Onko laillista hankkia lottokuponki netist\u00e4, ja saanko todella rahaa? \u00a0<a href=\"https:\/\/jackpotlotteryonline.com\/fi\/onko-laillista-pelata-muiden-maiden-arpajaisia-verkossa\">Lue lis\u00e4\u00e4<\/a><\/p>\n<\/div>\n<\/div>\n<\/section>\n<h2>Lotto USA Online -katsaus<\/h2>\n<p>Yhdysvalloissa on 43 osavaltiota sek\u00e4 District of Columbia, Yhdysvaltain Neitsytsaaret ja Puerto Rico, joissa j\u00e4rjestet\u00e4\u00e4n lottoja. Jokaisella n\u00e4ist\u00e4 alueista on osavaltioiden lottoja, jotka kuuluvat <strong>Lotto USA:n kategoriaan<\/strong>. Joitakin t\u00e4rkeimpi\u00e4 Lotto USA:n j\u00e4rjest\u00e4mi\u00e4 lottoja ovat Mega Millions ja Powerball. N\u00e4m\u00e4 ovat massiivisia arpajaisia, jotka ovat kaikkien Yhdysvaltojen asukkaiden saatavilla, ja nyt my\u00f6s ulkomailta tulevat pelaajat voivat osallistua niihin verkossa t\u00e4m\u00e4n palvelumme kautta.<\/p>\n<h2>Powerball Lotto USA<\/h2>\n<p><img loading=\"lazy\" decoding=\"async\" class=\"alignright size-full wp-image-31721\" src=\"https:\/\/jackpotlotteryonline.com\/wp-content\/uploads\/2022\/11\/powerball_globe_logo.png\" alt=\"ostaa powerball verkossa\" width=\"200\" height=\"212\" \/><\/p>\n<p>Suosituin Lotto USA -peli on Powerball. Powerball arvotaan Universal Studiosissa Floridassa, Yhdysvalloissa, mutta siin\u00e4 ei ole asuinpaikkavaatimusta, mik\u00e4 tarkoittaa, ett\u00e4 Powerballin ulkopuolisten osavaltioiden asukkaat ja jopa pelaajat Yhdysvaltojen ulkopuolella voivat osallistua t\u00e4h\u00e4n Lotto USA -peliin.<\/p>\n<p>Jotta pelaajat voivat pelata Powerballia, heid\u00e4n on oltava v\u00e4hint\u00e4\u00e4n 18-vuotiaita. Pelaajien on valittava kuusi numeroa &#8211; viisi numeroa v\u00e4lilt\u00e4 1-59 ja yksi PowerBall-numero v\u00e4lilt\u00e4 1-39. Pelaajat voivat k\u00e4ytt\u00e4\u00e4 Quick Pick -toimintoa, joka valitsee 6 numeroa satunnaisesti puolestasi.<\/p>\n<p>Powerballin j\u00e4ttipotit ovat tyypillisesti kymmeni\u00e4 miljoonia dollareita, vaikka ne ovatkin menneisyydess\u00e4 ylitt\u00e4neet usein 200 miljoonaa dollaria.<\/p>\n<h2>Mega Millions Lotto Yhdysvallat<\/h2>\n<p>Mega Millions on toinen <strong>Lotto USA:n lotto<\/strong>, joka j\u00e4rjestet\u00e4\u00e4n Yhdysvalloissa ja joka itse asiassa arvotaan Atlantassa, Georgiassa. T\u00e4st\u00e4 huolimatta Mega Millionsissa ei ole asuinpaikkavaatimusta, mik\u00e4 tarkoittaa, ett\u00e4 muiden kuin Mega Millionsin osavaltioiden asukkaat ja jopa muut kuin Yhdysvalloissa asuvat henkil\u00f6t voivat osallistua Mega Millions Lotto USA:han ja voittaa sen.<\/p>\n<p>Jotta voit pelata Mega Million Lotto USA:ta, sinun on oltava v\u00e4hint\u00e4\u00e4n 18-vuotias. Sinun on valittava 6 numeroa &#8211; viisi numeroa v\u00e4lilt\u00e4 1-56 ja yksi Mega Ball -numero v\u00e4lilt\u00e4 1-46. Voit k\u00e4ytt\u00e4\u00e4 Quick Pick -vaihtoehtoa, joka valitsee numerot satunnaisesti puolestasi.<\/p>\n<p>Mega Million Lotto USA -peliss\u00e4 on tarjolla k\u00e4teispalkintoja sek\u00e4 j\u00e4ttipotti. El\u00e4m\u00e4\u00e4 mullistavan j\u00e4ttipotin tiedet\u00e4\u00e4n nousevan satoihin miljooniin dollareihin, mik\u00e4 tekee siit\u00e4 eritt\u00e4in suositun.<\/p>\n<h2>NASPL &#8211; USA:n lottoyhdistys<\/h2>\n<p>North American Association of State and Provincial Lotteries (NASPL) edustaa kaikkia Yhdysvaltojen osavaltioiden ja maakuntien lottoyhti\u00f6it\u00e4 sek\u00e4 Kanadan lottoyhti\u00f6it\u00e4. Lotto USA:ta hallinnoidaan tehokkaammin NASPL:n kautta. Se toimii Lotto USA:n rajapintana, tarjoaa tietoa, tekee tutkimusta ja kehityst\u00e4, varmistaa turvallisuuden ja kouluttaa Lotto USA:n henkil\u00f6kuntaa. Kaikki USA:n suurimmat lotot ovat NASPL:n j\u00e4seni\u00e4.<\/p>\n","protected":false},"excerpt":{"rendered":"<p>Miten hankkia Powerball-lippuja Yhdysvaltojen ulkopuolelta? L\u00e4hes jokaisessa maailman maassa on lotto, mutta kaikki lotot eiv\u00e4t ole samanlaisia kuin Powerball ja Mega Millions, Yhdysvaltain suuret lotot. Loton j\u00e4ttipotit Yhdysvalloissa ovat saavuttaneet jopa 1,5 miljardin dollarin suuruisia summia (vuonna 2016). Muiden maiden lottojen j\u00e4ttipotit eiv\u00e4t ole koskaan ylt\u00e4neet t\u00e4llaiseen summaan, joten aina kun lottoajat lukevat jostakin uudesta [&hellip;]<\/p>\n","protected":false},"author":1,"featured_media":0,"parent":35749,"menu_order":1,"comment_status":"closed","ping_status":"closed","template":"powerball-usa-info.php","meta":{"_et_pb_use_builder":"","_et_pb_old_content":"","_et_gb_content_width":"","exclude_from_search":false,"footnotes":""},"class_list":["post-36394","page","type-page","status-publish","hentry"],"yoast_head":"<!-- This site is optimized with the Yoast SEO plugin v23.3 - https:\/\/yoast.com\/wordpress\/plugins\/seo\/ -->\n<title>Osta Powerball-arpoja netist\u00e4 mist\u00e4 tahansa muusta maasta Yhdysvaltojen<\/title>\n<meta name=\"description\" content=\"Selvit\u00e4, miten muiden maiden asukkaat voivat pelata valtavista Powerball-arvonnan j\u00e4ttipotista verkossa - voit olla Yhdysvaltojen ulkopuolella ja silti pelata\" \/>\n<meta name=\"robots\" content=\"index, follow, max-snippet:-1, max-image-preview:large, max-video-preview:-1\" \/>\n<link rel=\"canonical\" href=\"https:\/\/jackpotlotteryonline.com\/fi\/osta-lippuja\/powerball\/\" \/>\n<meta property=\"og:locale\" content=\"fi_FI\" \/>\n<meta property=\"og:type\" content=\"article\" \/>\n<meta property=\"og:title\" content=\"Osta Powerball-arpoja netist\u00e4 mist\u00e4 tahansa muusta maasta Yhdysvaltojen\" \/>\n<meta property=\"og:description\" content=\"Selvit\u00e4, miten muiden maiden asukkaat voivat pelata valtavista Powerball-arvonnan j\u00e4ttipotista verkossa - voit olla Yhdysvaltojen ulkopuolella ja silti pelata\" \/>\n<meta property=\"og:url\" content=\"https:\/\/jackpotlotteryonline.com\/fi\/osta-lippuja\/powerball\/\" \/>\n<meta property=\"og:site_name\" content=\"Lotto Online - Crack The International Lottery Jackpots\" \/>\n<meta property=\"article:modified_time\" content=\"2022-12-19T15:50:51+00:00\" \/>\n<meta property=\"og:image\" content=\"https:\/\/jackpotlotteryonline.com\/wp-content\/uploads\/2022\/11\/2_ticket_powerball3-1.jpg\" \/>\n<meta name=\"twitter:card\" content=\"summary_large_image\" \/>\n<meta name=\"twitter:label1\" content=\"Arvioitu lukuaika\" \/>\n\t<meta name=\"twitter:data1\" content=\"4 minuuttia\" \/>\n<!-- \/ Yoast SEO plugin. -->","yoast_head_json":{"title":"Osta Powerball-arpoja netist\u00e4 mist\u00e4 tahansa muusta maasta Yhdysvaltojen","description":"Selvit\u00e4, miten muiden maiden asukkaat voivat pelata valtavista Powerball-arvonnan j\u00e4ttipotista verkossa - voit olla Yhdysvaltojen ulkopuolella ja silti pelata","robots":{"index":"index","follow":"follow","max-snippet":"max-snippet:-1","max-image-preview":"max-image-preview:large","max-video-preview":"max-video-preview:-1"},"canonical":"https:\/\/jackpotlotteryonline.com\/fi\/osta-lippuja\/powerball\/","og_locale":"fi_FI","og_type":"article","og_title":"Osta Powerball-arpoja netist\u00e4 mist\u00e4 tahansa muusta maasta Yhdysvaltojen","og_description":"Selvit\u00e4, miten muiden maiden asukkaat voivat pelata valtavista Powerball-arvonnan j\u00e4ttipotista verkossa - voit olla Yhdysvaltojen ulkopuolella ja silti pelata","og_url":"https:\/\/jackpotlotteryonline.com\/fi\/osta-lippuja\/powerball\/","og_site_name":"Lotto Online - Crack The International Lottery Jackpots","article_modified_time":"2022-12-19T15:50:51+00:00","og_image":[{"url":"https:\/\/jackpotlotteryonline.com\/wp-content\/uploads\/2022\/11\/2_ticket_powerball3-1.jpg"}],"twitter_card":"summary_large_image","twitter_misc":{"Arvioitu lukuaika":"4 minuuttia"},"schema":{"@context":"https:\/\/schema.org","@graph":[{"@type":"WebPage","@id":"https:\/\/jackpotlotteryonline.com\/fi\/osta-lippuja\/powerball\/","url":"https:\/\/jackpotlotteryonline.com\/fi\/osta-lippuja\/powerball\/","name":"Osta Powerball-arpoja netist\u00e4 mist\u00e4 tahansa muusta maasta Yhdysvaltojen","isPartOf":{"@id":"https:\/\/jackpotlotteryonline.com\/#website"},"primaryImageOfPage":{"@id":"https:\/\/jackpotlotteryonline.com\/fi\/osta-lippuja\/powerball\/#primaryimage"},"image":{"@id":"https:\/\/jackpotlotteryonline.com\/fi\/osta-lippuja\/powerball\/#primaryimage"},"thumbnailUrl":"https:\/\/jackpotlotteryonline.com\/wp-content\/uploads\/2022\/11\/2_ticket_powerball3-1.jpg","datePublished":"2022-11-04T12:38:53+00:00","dateModified":"2022-12-19T15:50:51+00:00","description":"Selvit\u00e4, miten muiden maiden asukkaat voivat pelata valtavista Powerball-arvonnan j\u00e4ttipotista verkossa - voit olla Yhdysvaltojen ulkopuolella ja silti pelata","breadcrumb":{"@id":"https:\/\/jackpotlotteryonline.com\/fi\/osta-lippuja\/powerball\/#breadcrumb"},"inLanguage":"fi","potentialAction":[{"@type":"ReadAction","target":["https:\/\/jackpotlotteryonline.com\/fi\/osta-lippuja\/powerball\/"]}]},{"@type":"ImageObject","inLanguage":"fi","@id":"https:\/\/jackpotlotteryonline.com\/fi\/osta-lippuja\/powerball\/#primaryimage","url":"https:\/\/jackpotlotteryonline.com\/wp-content\/uploads\/2022\/11\/2_ticket_powerball3-1.jpg","contentUrl":"https:\/\/jackpotlotteryonline.com\/wp-content\/uploads\/2022\/11\/2_ticket_powerball3-1.jpg"},{"@type":"BreadcrumbList","@id":"https:\/\/jackpotlotteryonline.com\/fi\/osta-lippuja\/powerball\/#breadcrumb","itemListElement":[{"@type":"ListItem","position":1,"name":"Home","item":"https:\/\/jackpotlotteryonline.com\/fi\/"},{"@type":"ListItem","position":2,"name":"Miten ostaa lottokuponkeja verkossa","item":"https:\/\/jackpotlotteryonline.com\/fi\/osta-lippuja\/"},{"@type":"ListItem","position":3,"name":"Yhdysvaltain Powerball-arpajaiset"}]},{"@type":"WebSite","@id":"https:\/\/jackpotlotteryonline.com\/#website","url":"https:\/\/jackpotlotteryonline.com\/","name":"Lotto Online - Crack The International Lottery Jackpots","description":"","potentialAction":[{"@type":"SearchAction","target":{"@type":"EntryPoint","urlTemplate":"https:\/\/jackpotlotteryonline.com\/?s={search_term_string}"},"query-input":"required name=search_term_string"}],"inLanguage":"fi"}]}},"_links":{"self":[{"href":"https:\/\/jackpotlotteryonline.com\/fi\/wp-json\/wp\/v2\/pages\/36394","targetHints":{"allow":["GET"]}}],"collection":[{"href":"https:\/\/jackpotlotteryonline.com\/fi\/wp-json\/wp\/v2\/pages"}],"about":[{"href":"https:\/\/jackpotlotteryonline.com\/fi\/wp-json\/wp\/v2\/types\/page"}],"author":[{"embeddable":true,"href":"https:\/\/jackpotlotteryonline.com\/fi\/wp-json\/wp\/v2\/users\/1"}],"replies":[{"embeddable":true,"href":"https:\/\/jackpotlotteryonline.com\/fi\/wp-json\/wp\/v2\/comments?post=36394"}],"version-history":[{"count":0,"href":"https:\/\/jackpotlotteryonline.com\/fi\/wp-json\/wp\/v2\/pages\/36394\/revisions"}],"up":[{"embeddable":true,"href":"https:\/\/jackpotlotteryonline.com\/fi\/wp-json\/wp\/v2\/pages\/35749"}],"wp:attachment":[{"href":"https:\/\/jackpotlotteryonline.com\/fi\/wp-json\/wp\/v2\/media?parent=36394"}],"curies":[{"name":"wp","href":"https:\/\/api.w.org\/{rel}","templated":true}]}}