{"id":36454,"date":"2022-11-07T08:15:04","date_gmt":"2022-11-07T08:15:04","guid":{"rendered":"https:\/\/jackpotlotteryonline.com\/?page_id=36454"},"modified":"2022-12-19T18:47:27","modified_gmt":"2022-12-19T18:47:27","slug":"euromillions","status":"publish","type":"page","link":"https:\/\/jackpotlotteryonline.com\/fi\/osta-lippuja\/euromillions\/","title":{"rendered":"Voinko saada Euromillions-lipun Euroopan ulkopuolelta?"},"content":{"rendered":"<h2>Euroopan suurin arpajaiset on Euromillions.<\/h2>\n<p><img loading=\"lazy\" decoding=\"async\" class=\"alignright wp-image-17411 size-full\" src=\"http:\/\/jackpotlotteryonline.com\/wp-content\/uploads\/2022\/10\/euromillions.png\" alt=\"osta euromillions netist\u00e4\" width=\"200\" height=\"212\" \/><\/p>\n<p><a href=\"https:\/\/jackpotlotteryonline.com\/fi\/kuinka-pelata\/euromillions\">Euromillions<\/a> on arvonta, jota tarjotaan eri Euroopan maissa. Se on suunniteltu tarjoamaan huomattavasti suurempia j\u00e4ttipotteja kuin kyseisten yksitt\u00e4isten maiden kansalliset lotot. T\u00e4m\u00e4 saavutettiin luomalla arpajaisrakenne, jossa todenn\u00e4k\u00f6isyys on pienempi, mik\u00e4 tarkoittaa useampia mahdollisia numeroyhdistelmi\u00e4. Se, ett\u00e4 t\u00e4llaisten j\u00e4ttipottien murtaminen kest\u00e4\u00e4 yleens\u00e4 kauemmin, yhdistettyn\u00e4 suurempaan 10 miljoonan euron aloitusj\u00e4ttipottiin, on johtanut siihen, ett\u00e4 j\u00e4ttipotit ovat s\u00e4\u00e4nn\u00f6llisesti yli 100 miljoonan euron suuruisia.<\/p>\n<h2>Miksi tarvitset nettilippupalvelun pelaamiseen?<\/h2>\n<p>No, jos asut jossakin osallistuvista Euroopan maista, et tarvitse meid\u00e4n kaltaistamme palvelua. Mutta jos et asu, tai jos olet jopa Euroopan ulkopuolella, ainoa tapa hankkia lippu Euromillions-tapahtumaan on verkossa. Sinun tarvitsee vain napsauttaa yl\u00e4reunassa <strong>olevaa Euromillions-banneria<\/strong> ja tilata lippusi, niin osallistumisesi on varmistettu. Muuten, me ostamme varsinaiset Euromillions-liput Euroopassa sijaitsevan virallisen lipunmyyj\u00e4n kautta.<\/p>\n<section class=\"layout\" style=\"border: solid 1px; width: 100%;\">\n<div class=\"img-div\" style=\"margin-top: 5px;\"><img decoding=\"async\" class=\"wp-image-17212 alignleft\" style=\"height: 45px; margin: 8px 8px 0px;\" src=\"http:\/\/jackpotlotteryonline.com\/wp-content\/uploads\/2022\/11\/read1.jpg\" alt=\"pelata Euromillions\" width=\"\" height=\"\" \/><\/div>\n<div style=\"padding-left: 5px;\">\n<div style=\"font-size: 1.1em;\">\n<p><strong>Lotot, joilla on parhaat mahdollisuudet voittaa suuria summia<\/strong><\/p>\n<p style=\"font-size: 0.85em; margin-top: -1.5em;\">Miss\u00e4 lotossa on parhaat voittomahdollisuudet?\u00a0<a href=\"https:\/\/jackpotlotteryonline.com\/fi\/mika-arpajaiset-on-parhaat-voittomahdollisuudet\"> Lue lis\u00e4\u00e4<\/a><\/p>\n<\/div>\n<\/div>\n<\/section>\n<h2>Tietoja Euromillionsista<\/h2>\n<p><a href=\"https:\/\/jackpotlotteryonline.com\/fi\/voittonumerot\/euromillions\">T\u00e4ss\u00e4 arvonnassa on kaksi viikoittaista arvontakertaa<\/a> tiistaisin ja perjantaisin. Se on rakenteeltaan samanlainen kuin Eurojackpot, paitsi ett\u00e4 j\u00e4ttipotilla ei ole yl\u00e4rajaa ja sinun on valittava kaksi lis\u00e4numeroa v\u00e4lilt\u00e4 1-12. Siin\u00e4 on my\u00f6s 13 palkintotasoa.<\/p>\n<h2>Kansainv\u00e4listen arpajaisten lipunostopalvelu<\/h2>\n<p><img loading=\"lazy\" decoding=\"async\" class=\"alignright size-full wp-image-33431\" src=\"http:\/\/jackpotlotteryonline.com\/wp-content\/uploads\/2022\/11\/2_ticket_euromillions-112x300-1.jpg\" alt=\"euromillions lippu\" width=\"112\" height=\"300\" \/><\/p>\n<p>Sen lis\u00e4ksi, ett\u00e4 tarjoamme sinulle Euromillions- ja Eurojackpot-arpajaisten nettilippuja, meill\u00e4 on yhteens\u00e4 yli 20 arpajaista, joista voit valita. Vaikka haluat ehk\u00e4 aina valita sen, jossa on suurimmat j\u00e4ttipotit, joitakin &#8220;pienempi\u00e4&#8221; lottoja kannattaa my\u00f6s harkita. Ne saattavat tarjota edullisempia voittokertoimia tai alhaisempia lippujen hintoja.<\/p>\n<p>Sinun ei my\u00f6sk\u00e4\u00e4n tarvitse huolehtia maksu- ja tietoturvasta. K\u00e4yt\u00e4mme eritt\u00e4in turvallisia protokollia maksujen k\u00e4sittelyyn. Hyv\u00e4ksymme maksun luottokorteilla, kryptovaluutoilla, pankkisiirrolla ja monilla muilla vaihtoehdoilla.<\/p>\n","protected":false},"excerpt":{"rendered":"<p>Euroopan suurin arpajaiset on Euromillions. Euromillions on arvonta, jota tarjotaan eri Euroopan maissa. Se on suunniteltu tarjoamaan huomattavasti suurempia j\u00e4ttipotteja kuin kyseisten yksitt\u00e4isten maiden kansalliset lotot. T\u00e4m\u00e4 saavutettiin luomalla arpajaisrakenne, jossa todenn\u00e4k\u00f6isyys on pienempi, mik\u00e4 tarkoittaa useampia mahdollisia numeroyhdistelmi\u00e4. Se, ett\u00e4 t\u00e4llaisten j\u00e4ttipottien murtaminen kest\u00e4\u00e4 yleens\u00e4 kauemmin, yhdistettyn\u00e4 suurempaan 10 miljoonan euron aloitusj\u00e4ttipottiin, on johtanut [&hellip;]<\/p>\n","protected":false},"author":1,"featured_media":0,"parent":35749,"menu_order":3,"comment_status":"closed","ping_status":"closed","template":"euromillions-info.php","meta":{"_et_pb_use_builder":"","_et_pb_old_content":"","_et_gb_content_width":"","exclude_from_search":false,"footnotes":""},"class_list":["post-36454","page","type-page","status-publish","hentry"],"yoast_head":"<!-- This site is optimized with the Yoast SEO plugin v23.3 - https:\/\/yoast.com\/wordpress\/plugins\/seo\/ -->\n<title>Hanki lippu Euromillions-arvontaan Euroopan ulkopuolelta<\/title>\n<meta name=\"description\" content=\"Miten voit osallistua Euromillions-verkkokilpailuun Euroopan ulkopuolelta - osta yksinkertaisesti lippusi verkossa verkkosivuiltamme.\" \/>\n<meta name=\"robots\" content=\"index, follow, max-snippet:-1, max-image-preview:large, max-video-preview:-1\" \/>\n<link rel=\"canonical\" href=\"https:\/\/jackpotlotteryonline.com\/buy-tickets\/euromillions\/\" \/>\n<meta property=\"og:locale\" content=\"fi_FI\" \/>\n<meta property=\"og:type\" content=\"article\" \/>\n<meta property=\"og:title\" content=\"Hanki lippu Euromillions-arvontaan Euroopan ulkopuolelta\" \/>\n<meta property=\"og:description\" content=\"Miten voit osallistua Euromillions-verkkokilpailuun Euroopan ulkopuolelta - osta yksinkertaisesti lippusi verkossa verkkosivuiltamme.\" \/>\n<meta property=\"og:url\" content=\"https:\/\/jackpotlotteryonline.com\/buy-tickets\/euromillions\/\" \/>\n<meta property=\"og:site_name\" content=\"Lotto Online - Crack The International Lottery Jackpots\" \/>\n<meta property=\"article:modified_time\" content=\"2022-12-19T18:47:27+00:00\" \/>\n<meta property=\"og:image\" content=\"http:\/\/jackpotlotteryonline.com\/wp-content\/uploads\/2022\/10\/euromillions.png\" \/>\n<meta name=\"twitter:card\" content=\"summary_large_image\" \/>\n<meta name=\"twitter:label1\" content=\"Arvioitu lukuaika\" \/>\n\t<meta name=\"twitter:data1\" content=\"2 minuuttia\" \/>\n<!-- \/ Yoast SEO plugin. -->","yoast_head_json":{"title":"Hanki lippu Euromillions-arvontaan Euroopan ulkopuolelta","description":"Miten voit osallistua Euromillions-verkkokilpailuun Euroopan ulkopuolelta - osta yksinkertaisesti lippusi verkossa verkkosivuiltamme.","robots":{"index":"index","follow":"follow","max-snippet":"max-snippet:-1","max-image-preview":"max-image-preview:large","max-video-preview":"max-video-preview:-1"},"canonical":"https:\/\/jackpotlotteryonline.com\/buy-tickets\/euromillions\/","og_locale":"fi_FI","og_type":"article","og_title":"Hanki lippu Euromillions-arvontaan Euroopan ulkopuolelta","og_description":"Miten voit osallistua Euromillions-verkkokilpailuun Euroopan ulkopuolelta - osta yksinkertaisesti lippusi verkossa verkkosivuiltamme.","og_url":"https:\/\/jackpotlotteryonline.com\/buy-tickets\/euromillions\/","og_site_name":"Lotto Online - Crack The International Lottery Jackpots","article_modified_time":"2022-12-19T18:47:27+00:00","og_image":[{"url":"http:\/\/jackpotlotteryonline.com\/wp-content\/uploads\/2022\/10\/euromillions.png"}],"twitter_card":"summary_large_image","twitter_misc":{"Arvioitu lukuaika":"2 minuuttia"},"schema":{"@context":"https:\/\/schema.org","@graph":[{"@type":"WebPage","@id":"https:\/\/jackpotlotteryonline.com\/buy-tickets\/euromillions\/","url":"https:\/\/jackpotlotteryonline.com\/buy-tickets\/euromillions\/","name":"Hanki lippu Euromillions-arvontaan Euroopan ulkopuolelta","isPartOf":{"@id":"https:\/\/jackpotlotteryonline.com\/#website"},"primaryImageOfPage":{"@id":"https:\/\/jackpotlotteryonline.com\/buy-tickets\/euromillions\/#primaryimage"},"image":{"@id":"https:\/\/jackpotlotteryonline.com\/buy-tickets\/euromillions\/#primaryimage"},"thumbnailUrl":"http:\/\/jackpotlotteryonline.com\/wp-content\/uploads\/2022\/10\/euromillions.png","datePublished":"2022-11-07T08:15:04+00:00","dateModified":"2022-12-19T18:47:27+00:00","description":"Miten voit osallistua Euromillions-verkkokilpailuun Euroopan ulkopuolelta - osta yksinkertaisesti lippusi verkossa verkkosivuiltamme.","breadcrumb":{"@id":"https:\/\/jackpotlotteryonline.com\/buy-tickets\/euromillions\/#breadcrumb"},"inLanguage":"fi","potentialAction":[{"@type":"ReadAction","target":["https:\/\/jackpotlotteryonline.com\/buy-tickets\/euromillions\/"]}]},{"@type":"ImageObject","inLanguage":"fi","@id":"https:\/\/jackpotlotteryonline.com\/buy-tickets\/euromillions\/#primaryimage","url":"http:\/\/jackpotlotteryonline.com\/wp-content\/uploads\/2022\/10\/euromillions.png","contentUrl":"http:\/\/jackpotlotteryonline.com\/wp-content\/uploads\/2022\/10\/euromillions.png"},{"@type":"BreadcrumbList","@id":"https:\/\/jackpotlotteryonline.com\/buy-tickets\/euromillions\/#breadcrumb","itemListElement":[{"@type":"ListItem","position":1,"name":"Home","item":"https:\/\/jackpotlotteryonline.com\/fi\/"},{"@type":"ListItem","position":2,"name":"Miten ostaa lottokuponkeja verkossa","item":"https:\/\/jackpotlotteryonline.com\/fi\/osta-lippuja\/"},{"@type":"ListItem","position":3,"name":"Voinko saada Euromillions-lipun Euroopan ulkopuolelta?"}]},{"@type":"WebSite","@id":"https:\/\/jackpotlotteryonline.com\/#website","url":"https:\/\/jackpotlotteryonline.com\/","name":"Lotto Online - Crack The International Lottery Jackpots","description":"","potentialAction":[{"@type":"SearchAction","target":{"@type":"EntryPoint","urlTemplate":"https:\/\/jackpotlotteryonline.com\/?s={search_term_string}"},"query-input":"required name=search_term_string"}],"inLanguage":"fi"}]}},"_links":{"self":[{"href":"https:\/\/jackpotlotteryonline.com\/fi\/wp-json\/wp\/v2\/pages\/36454","targetHints":{"allow":["GET"]}}],"collection":[{"href":"https:\/\/jackpotlotteryonline.com\/fi\/wp-json\/wp\/v2\/pages"}],"about":[{"href":"https:\/\/jackpotlotteryonline.com\/fi\/wp-json\/wp\/v2\/types\/page"}],"author":[{"embeddable":true,"href":"https:\/\/jackpotlotteryonline.com\/fi\/wp-json\/wp\/v2\/users\/1"}],"replies":[{"embeddable":true,"href":"https:\/\/jackpotlotteryonline.com\/fi\/wp-json\/wp\/v2\/comments?post=36454"}],"version-history":[{"count":0,"href":"https:\/\/jackpotlotteryonline.com\/fi\/wp-json\/wp\/v2\/pages\/36454\/revisions"}],"up":[{"embeddable":true,"href":"https:\/\/jackpotlotteryonline.com\/fi\/wp-json\/wp\/v2\/pages\/35749"}],"wp:attachment":[{"href":"https:\/\/jackpotlotteryonline.com\/fi\/wp-json\/wp\/v2\/media?parent=36454"}],"curies":[{"name":"wp","href":"https:\/\/api.w.org\/{rel}","templated":true}]}}