{"id":36508,"date":"2022-11-07T09:46:38","date_gmt":"2022-11-07T09:46:38","guid":{"rendered":"https:\/\/jackpotlotteryonline.com\/?page_id=36508"},"modified":"2023-01-03T19:53:35","modified_gmt":"2023-01-03T19:53:35","slug":"eurojackpot","status":"publish","type":"page","link":"https:\/\/jackpotlotteryonline.com\/fi\/osta-lippuja\/eurojackpot\/","title":{"rendered":"Osta lippuja Eurojackpotiin osallistuvien maiden ulkopuolelta"},"content":{"rendered":"<h2>Tietoa Eurojackpotista<\/h2>\n<p><a href=\"https:\/\/jackpotlotteryonline.com\/fi\/kuinka-pelata\/eurojackpot\">Eurojackpotilla<\/a> on yksi j\u00e4nnitt\u00e4v\u00e4 ominaisuus, joka sinun tulisi tiet\u00e4\u00e4: Aina kun j\u00e4ttipotti nousee 90 miljoonaan, voittavalle j\u00e4ttipotille on asetettu raja. T\u00e4m\u00e4 tarkoittaa, ett\u00e4 kaikki 90 miljoonaa euroa ylitt\u00e4v\u00e4t lippujen myynnist\u00e4 saadut varat lis\u00e4t\u00e4\u00e4n kakkosrahaan. T\u00e4m\u00e4 toisen tason hinta on t\u00e4ll\u00f6in huomattavasti korkeampi. Kun otetaan huomioon, ett\u00e4 voit voittaa t\u00e4m\u00e4n palkinnon 10 kertaa todenn\u00e4k\u00f6isemmin kuin j\u00e4ttipotin, on aina hyv\u00e4 strategia keskitty\u00e4 t\u00e4h\u00e4n lottoon, kun se on saavuttanut 90 miljoonan euron rajan.<\/p>\n<p><a href=\"https:\/\/jackpotlotteryonline.com\/fi\/voittonumerot\/eurojackpot\">Eurojackpotissa on vain yksi viikoittainen arvontap\u00e4iv\u00e4<\/a>, joka on perjantai. Valitse 5 numeroa 50:st\u00e4 sek\u00e4 kaksi lis\u00e4numeroa v\u00e4lilt\u00e4 1-10, ja olet matkalla voittamaan palkinnon yhteens\u00e4 12 tasosta.<\/p>\n<h2>Miten ostaa Eurojackpot-lippuja<\/h2>\n<p><img loading=\"lazy\" decoding=\"async\" class=\"wp-image-26077 size-medium alignright\" src=\"https:\/\/jackpotlotteryonline.com\/wp-content\/uploads\/2022\/11\/1_buy_eurojackpot_ticket-300x99.jpg\" alt=\"osta eurojackpot-lippuja netist\u00e4\" width=\"300\" height=\"99\" srcset=\"https:\/\/jackpotlotteryonline.com\/wp-content\/uploads\/2022\/11\/1_buy_eurojackpot_ticket-300x99.jpg 300w, https:\/\/jackpotlotteryonline.com\/wp-content\/uploads\/2022\/11\/1_buy_eurojackpot_ticket.jpg 350w\" sizes=\"auto, (max-width: 300px) 100vw, 300px\" \/><\/p>\n<p>Eurojackpot on eurooppalainen arpajaiset, ja p\u00e4\u00e4sylippuja myyd\u00e4\u00e4n enimm\u00e4kseen Eurojackpot-maissa. Eurojackpot-arvontaan osallistuu 18 maata, ja kuka tahansa n\u00e4iss\u00e4 maissa asuva voi osallistua arvontaan. Eurojackpot-maita ovat Alankomaat, Espanja, Islanti, Italia, Kroatia, Kroatia, Latvia, Liettua, Norja, Ruotsi, Saksa, Slovenia, Suomi, Tanska, Viro ja Ruotsi.<\/p>\n<p>Vaikka Eurojackpotin j\u00e4senmaita on 18, lottokuponkeja myyd\u00e4\u00e4n joissakin maanosan maissa, jotka eiv\u00e4t osallistu Eurojackpotiin. Pelaajat miss\u00e4 tahansa n\u00e4ist\u00e4 maista voivat k\u00e4vell\u00e4 mihin tahansa arpajaismyyj\u00e4\u00e4n ja ostaa arpalipukkeita. T\u00e4m\u00e4 ei koske niit\u00e4 Euroopan ulkopuolisia pelaajia, jotka haluavat osallistua Eurojackpotiin.<\/p>\n<h2>Mit\u00e4 tehd\u00e4, jos asut Euroopan ulkopuolella<\/h2>\n<p>Jos asut mantereen ulkopuolella ja haluat osallistua Eurojackpotiin, paras vaihtoehto on menn\u00e4 verkkoon. Voit tehd\u00e4 sen joko verkon kautta tai mobiililaitteella. Sinun on vain l\u00f6ydett\u00e4v\u00e4 lottosivusto, ostettava lippu ja osallistuttava arvontaan. Odota sitten, oletko voittanut. Prosessi on yksinkertainen, mutta on muutama asia, joita kannattaa varoa.<\/p>\n<p>Eurojackpot-arvontoja myyd\u00e4\u00e4n useilla sivustoilla internetiss\u00e4, mutta on t\u00e4rke\u00e4\u00e4 etsi\u00e4 laillinen verkkokauppias. Internet antaa sinulle p\u00e4\u00e4syn h\u00e4mm\u00e4stytt\u00e4viin kansainv\u00e4lisiin arpajaisiin, ei vain Eurojackpotiin. Sinun on kuitenkin oltava varma, ett\u00e4 olet osallistunut Eurojackpotiin sen sijaan, ett\u00e4 veikkaisit lottotulosta vastaan. Kyll\u00e4, siin\u00e4 on ero.<\/p>\n<section class=\"layout\" style=\"border: solid 1px; width: 100%;\">\n<div class=\"img-div\" style=\"margin-top: 5px;\"><img decoding=\"async\" class=\"wp-image-17212 alignleft\" style=\"height: 45px; margin: 8px 8px 0px;\" src=\"https:\/\/jackpotlotteryonline.com\/wp-content\/uploads\/2022\/11\/read1.jpg\" alt=\"Lue\" width=\"\" height=\"\" \/><\/div>\n<div style=\"padding-left: 5px;\">\n<div style=\"font-size: 1.1em;\">\n<p><strong>Mik\u00e4 kansainv\u00e4linen lotto on paras?<\/strong><\/p>\n<p style=\"font-size: 0.85em; margin-top: -1.5em;\">Mill\u00e4 kansainv\u00e4lisist\u00e4 arpajaisista on parhaat mahdollisuudet voittaa\u00a0<a href=\"https:\/\/jackpotlotteryonline.com\/fi\/mika-kansainvalinen-arpajaiset-on-paras\"> Lue lis\u00e4\u00e4<\/a><\/p>\n<\/div>\n<\/div>\n<\/section>\n<h2>Mist\u00e4 saat Eurojackpot-lippuja<\/h2>\n<p>Kun menet nettiin etsim\u00e4\u00e4n Eurojackpot-myyj\u00e4\u00e4, \u00e4l\u00e4 kiirehdi ostamaan Eurojackpot-merkint\u00e4\u00e4, ellet tied\u00e4, ett\u00e4 kyseess\u00e4 on concierge-sivusto. T\u00e4llaiset sivustot antavat pelaajille p\u00e4\u00e4syn Eurojackpotin kaltaisiin kansainv\u00e4lisiin huippulottoihin tarjoamalla lottokuponkeja.<\/p>\n<p>On mahdollista ostaa Eurojackpot-lappu internetin kautta, mutta ei silti p\u00e4\u00e4st\u00e4 mukaan arvontaan. T\u00e4m\u00e4 johtuu siit\u00e4, ett\u00e4 n\u00e4m\u00e4 sivustot antavat pelaajien ly\u00f6d\u00e4 vetoa vain arvonnan tuloksesta. Me jackpotlotteryonline.com-sivustolla varmistamme, ett\u00e4 voit osallistua Eurojackpot-arvontaan miss\u00e4 tahansa oletkin.<\/p>\n<p>Kun ostat meilt\u00e4 osallistumisoikeuden, asiamiehemme sis\u00e4ll\u00f6st\u00e4 menev\u00e4t ostamaan fyysisen Eurojackpot-lottolapun, jossa on vastaavat numerot. N\u00e4in p\u00e4\u00e4set mukaan Eurojackpot-arvontaan, vaikka et olisikaan fyysisesti l\u00e4sn\u00e4 maassa. Jos lappusi vastaa arvottuja numeroita, voitat palkinnon. Sinun ei my\u00f6sk\u00e4\u00e4n tarvitse huolehtia Eurojackpot-palkintosi lunastamisesta, koska me hoidamme sen puolestasi. Sinun tarvitsee vain nostaa palkintosi alustaltamme online-tilillesi.<\/p>\n<h2>Jackpotlotteryonline.com-sivustolle rekister\u00f6itymisen edut<\/h2>\n<p><img loading=\"lazy\" decoding=\"async\" class=\"alignright size-medium wp-image-28886\" src=\"https:\/\/jackpotlotteryonline.com\/wp-content\/uploads\/2022\/11\/1_pick_for_eurojackpot-300x100.jpg\" alt=\"eurojackpot-lippu\" width=\"300\" height=\"100\" srcset=\"https:\/\/jackpotlotteryonline.com\/wp-content\/uploads\/2022\/11\/1_pick_for_eurojackpot-300x100.jpg 300w, https:\/\/jackpotlotteryonline.com\/wp-content\/uploads\/2022\/11\/1_pick_for_eurojackpot-600x200.jpg 600w, https:\/\/jackpotlotteryonline.com\/wp-content\/uploads\/2022\/11\/1_pick_for_eurojackpot.jpg 734w\" sizes=\"auto, (max-width: 300px) 100vw, 300px\" \/><\/p>\n<p>Jackpotlotteryonline.com on concierge-sivusto, joten mahdollistamme asiakkaidemme osallistumisen arpajaisiin ymp\u00e4ri maailmaa. Uskomme, ett\u00e4 Eurojackpotin pit\u00e4isi olla kaikkien t\u00e4ysi-ik\u00e4isten ja toimintakykyisten saatavilla, ja olemme tuoneet t\u00e4m\u00e4n intohimon osaksi palveluntarjontaamme. Kun rekister\u00f6idyt meille, saat seuraavaa:<\/p>\n<ul>\n<li>P\u00e4\u00e4syn yli kahteen tusinaan kansainv\u00e4liseen arpajaiseen, mukaan lukien Eurojackpot.<\/li>\n<li>Saumattoman tavan pelata lottoa<\/li>\n<li>Voit pelata useita lottoja ja osallistua useisiin arvontoihin yhdess\u00e4 paikassa<\/li>\n<li>Sinun ei tarvitse pit\u00e4\u00e4 kirjaa kaikista Eurojackpot-arpajaislipuista, me teemme sen puolestasi.<\/li>\n<li>Pid\u00e4mme my\u00f6s kirjaa voitoistasi ja varoitamme sinua, jotta et j\u00e4\u00e4 paitsi palkintosi lunastamisesta.<\/li>\n<li>Voit helposti lunastaa palkintosi alustaltamme online-tilillesi.<\/li>\n<\/ul>\n<p>Keskitymme varmistamaan, ett\u00e4 sinulla on nautinnollinen kokemus, kun pelaat lottoa. Olemme hienos\u00e4\u00e4t\u00e4neet palveluitamme ja jatkamme prosessin hiomista, jotta se olisi pelaajillemme entist\u00e4 intuitiivisempi.<\/p>\n<h2>Seuraa n\u00e4it\u00e4 ohjeita sy\u00f6tt\u00e4\u00e4 Eurojackpot<\/h2>\n<p><strong>Vaihe 1:<\/strong> k\u00e4y osoitteessa jackpotlotteryonline.com ja siirry arvontaan, johon haluat osallistua, t\u00e4ss\u00e4 tapauksessa Eurojackpotiin. Klikkaa sit\u00e4.<\/p>\n<p><strong>Vaihe 2:<\/strong> Valitse 5 p\u00e4\u00e4numeroa ja 2 lis\u00e4numeroa. Voit valita useita sy\u00f6tt\u00f6rivej\u00e4 lis\u00e4t\u00e4ksesi voittomahdollisuuksiasi Eurojackpotissa. Jos sinulla ei ole tietty\u00e4 numeroa, k\u00e4yt\u00e4 &#8220;Quick Pick All&#8221; -toimintoa nopeuttaaksesi valintaprosessia.<\/p>\n<p><strong>Vaihe 3:<\/strong> Valitse haluamasi lipputyyppi. Voit hankkia joko yksitt\u00e4isen arvan tai ostaa monilipun, jolla p\u00e4\u00e4set osallistumaan useisiin arvontoihin. Jos osallistut useisiin arvontoihin, sinulla on suurempi mahdollisuus voittaa Eurojackpot.<\/p>\n<p><strong>Vaihe 4:<\/strong> Siirry maksusivulle. Maksusivulla sinua pyydet\u00e4\u00e4n rekister\u00f6itym\u00e4\u00e4n tai rekister\u00f6itym\u00e4\u00e4n. T\u00e4h\u00e4n on kolme syyt\u00e4:<\/p>\n<ol>\n<li>Varmistaaksesi, ett\u00e4 p\u00e4\u00e4set aina k\u00e4siksi Eurojackpot-laskuusi, koska se on ainoa tapa, jolla voit lunastaa palkinnon.<\/li>\n<li>Jotta voimme ilmoittaa sinulle, jos voitat Eurojackpotin tai jonkin muun palkinnon. Teemme sen foorumin kautta ja my\u00f6s s\u00e4hk\u00f6postisi kautta.<\/li>\n<li>Jotta sinun olisi helppo lunastaa ja nostaa palkintosi.<\/li>\n<\/ol>\n<p>Siin\u00e4 kaikki. Eurojackpotiin osallistuminen mist\u00e4 tahansa oletkin, on yht\u00e4 yksinkertaista kuin n\u00e4iden kolmen vaiheen noudattaminen. Nyt voit nauttia turvallisesta ja vaivattomasta vedonly\u00f6nnist\u00e4 mukavasti tietokoneen tai mobiililaitteen \u00e4\u00e4relt\u00e4.<\/p>\n<p>Mikset rekister\u00f6ityisi meille jo t\u00e4n\u00e4\u00e4n ostaaksesi Eurojackpot-lippuja Euroopan ulkopuolelta? Lottopelaaminen on j\u00e4nnitt\u00e4v\u00e4\u00e4, etk\u00e4 koskaan tied\u00e4, milloin sinua onnistaa. Jos haluat tilaisuuden tulla miljon\u00e4\u00e4riksi, k\u00e4y verkossa ja osallistu Eurojackpotiin jo t\u00e4n\u00e4\u00e4n.<\/p>\n","protected":false},"excerpt":{"rendered":"<p>Tietoa Eurojackpotista Eurojackpotilla on yksi j\u00e4nnitt\u00e4v\u00e4 ominaisuus, joka sinun tulisi tiet\u00e4\u00e4: Aina kun j\u00e4ttipotti nousee 90 miljoonaan, voittavalle j\u00e4ttipotille on asetettu raja. T\u00e4m\u00e4 tarkoittaa, ett\u00e4 kaikki 90 miljoonaa euroa ylitt\u00e4v\u00e4t lippujen myynnist\u00e4 saadut varat lis\u00e4t\u00e4\u00e4n kakkosrahaan. T\u00e4m\u00e4 toisen tason hinta on t\u00e4ll\u00f6in huomattavasti korkeampi. Kun otetaan huomioon, ett\u00e4 voit voittaa t\u00e4m\u00e4n palkinnon 10 kertaa todenn\u00e4k\u00f6isemmin [&hellip;]<\/p>\n","protected":false},"author":1,"featured_media":0,"parent":35749,"menu_order":4,"comment_status":"closed","ping_status":"closed","template":"eurojackpot-info.php","meta":{"_et_pb_use_builder":"","_et_pb_old_content":"","_et_gb_content_width":"","exclude_from_search":false,"footnotes":""},"class_list":["post-36508","page","type-page","status-publish","hentry"],"yoast_head":"<!-- This site is optimized with the Yoast SEO plugin v23.3 - https:\/\/yoast.com\/wordpress\/plugins\/seo\/ -->\n<title>Osta Eurojackpotin lippuja Euroopan ulkopuolelta | Hanki liput netist\u00e4<\/title>\n<meta name=\"description\" content=\"Joissakin Euroopan maissa voit ostaa Eurojackpot-lippuja kaupasta. Mutta t\u00e4\u00e4lt\u00e4 voit hankkia lippuja my\u00f6s Euroopan ulkopuolelta.\" \/>\n<meta name=\"robots\" content=\"index, follow, max-snippet:-1, max-image-preview:large, max-video-preview:-1\" \/>\n<link rel=\"canonical\" href=\"https:\/\/jackpotlotteryonline.com\/buy-tickets\/eurojackpot\/\" \/>\n<meta property=\"og:locale\" content=\"fi_FI\" \/>\n<meta property=\"og:type\" content=\"article\" \/>\n<meta property=\"og:title\" content=\"Osta Eurojackpotin lippuja Euroopan ulkopuolelta | Hanki liput netist\u00e4\" \/>\n<meta property=\"og:description\" content=\"Joissakin Euroopan maissa voit ostaa Eurojackpot-lippuja kaupasta. Mutta t\u00e4\u00e4lt\u00e4 voit hankkia lippuja my\u00f6s Euroopan ulkopuolelta.\" \/>\n<meta property=\"og:url\" content=\"https:\/\/jackpotlotteryonline.com\/buy-tickets\/eurojackpot\/\" \/>\n<meta property=\"og:site_name\" content=\"Lotto Online - Crack The International Lottery Jackpots\" \/>\n<meta property=\"article:modified_time\" content=\"2023-01-03T19:53:35+00:00\" \/>\n<meta property=\"og:image\" content=\"https:\/\/jackpotlotteryonline.com\/wp-content\/uploads\/2022\/11\/1_buy_eurojackpot_ticket-300x99.jpg\" \/>\n<meta name=\"twitter:card\" content=\"summary_large_image\" \/>\n<meta name=\"twitter:label1\" content=\"Arvioitu lukuaika\" \/>\n\t<meta name=\"twitter:data1\" content=\"4 minuuttia\" \/>\n<!-- \/ Yoast SEO plugin. -->","yoast_head_json":{"title":"Osta Eurojackpotin lippuja Euroopan ulkopuolelta | Hanki liput netist\u00e4","description":"Joissakin Euroopan maissa voit ostaa Eurojackpot-lippuja kaupasta. Mutta t\u00e4\u00e4lt\u00e4 voit hankkia lippuja my\u00f6s Euroopan ulkopuolelta.","robots":{"index":"index","follow":"follow","max-snippet":"max-snippet:-1","max-image-preview":"max-image-preview:large","max-video-preview":"max-video-preview:-1"},"canonical":"https:\/\/jackpotlotteryonline.com\/buy-tickets\/eurojackpot\/","og_locale":"fi_FI","og_type":"article","og_title":"Osta Eurojackpotin lippuja Euroopan ulkopuolelta | Hanki liput netist\u00e4","og_description":"Joissakin Euroopan maissa voit ostaa Eurojackpot-lippuja kaupasta. Mutta t\u00e4\u00e4lt\u00e4 voit hankkia lippuja my\u00f6s Euroopan ulkopuolelta.","og_url":"https:\/\/jackpotlotteryonline.com\/buy-tickets\/eurojackpot\/","og_site_name":"Lotto Online - Crack The International Lottery Jackpots","article_modified_time":"2023-01-03T19:53:35+00:00","og_image":[{"url":"https:\/\/jackpotlotteryonline.com\/wp-content\/uploads\/2022\/11\/1_buy_eurojackpot_ticket-300x99.jpg"}],"twitter_card":"summary_large_image","twitter_misc":{"Arvioitu lukuaika":"4 minuuttia"},"schema":{"@context":"https:\/\/schema.org","@graph":[{"@type":"WebPage","@id":"https:\/\/jackpotlotteryonline.com\/buy-tickets\/eurojackpot\/","url":"https:\/\/jackpotlotteryonline.com\/buy-tickets\/eurojackpot\/","name":"Osta Eurojackpotin lippuja Euroopan ulkopuolelta | Hanki liput netist\u00e4","isPartOf":{"@id":"https:\/\/jackpotlotteryonline.com\/#website"},"primaryImageOfPage":{"@id":"https:\/\/jackpotlotteryonline.com\/buy-tickets\/eurojackpot\/#primaryimage"},"image":{"@id":"https:\/\/jackpotlotteryonline.com\/buy-tickets\/eurojackpot\/#primaryimage"},"thumbnailUrl":"https:\/\/jackpotlotteryonline.com\/wp-content\/uploads\/2022\/11\/1_buy_eurojackpot_ticket-300x99.jpg","datePublished":"2022-11-07T09:46:38+00:00","dateModified":"2023-01-03T19:53:35+00:00","description":"Joissakin Euroopan maissa voit ostaa Eurojackpot-lippuja kaupasta. Mutta t\u00e4\u00e4lt\u00e4 voit hankkia lippuja my\u00f6s Euroopan ulkopuolelta.","breadcrumb":{"@id":"https:\/\/jackpotlotteryonline.com\/buy-tickets\/eurojackpot\/#breadcrumb"},"inLanguage":"fi","potentialAction":[{"@type":"ReadAction","target":["https:\/\/jackpotlotteryonline.com\/buy-tickets\/eurojackpot\/"]}]},{"@type":"ImageObject","inLanguage":"fi","@id":"https:\/\/jackpotlotteryonline.com\/buy-tickets\/eurojackpot\/#primaryimage","url":"https:\/\/jackpotlotteryonline.com\/wp-content\/uploads\/2022\/11\/1_buy_eurojackpot_ticket-300x99.jpg","contentUrl":"https:\/\/jackpotlotteryonline.com\/wp-content\/uploads\/2022\/11\/1_buy_eurojackpot_ticket-300x99.jpg"},{"@type":"BreadcrumbList","@id":"https:\/\/jackpotlotteryonline.com\/buy-tickets\/eurojackpot\/#breadcrumb","itemListElement":[{"@type":"ListItem","position":1,"name":"Home","item":"https:\/\/jackpotlotteryonline.com\/fi\/"},{"@type":"ListItem","position":2,"name":"Miten ostaa lottokuponkeja verkossa","item":"https:\/\/jackpotlotteryonline.com\/fi\/osta-lippuja\/"},{"@type":"ListItem","position":3,"name":"Osta lippuja Eurojackpotiin osallistuvien maiden ulkopuolelta"}]},{"@type":"WebSite","@id":"https:\/\/jackpotlotteryonline.com\/#website","url":"https:\/\/jackpotlotteryonline.com\/","name":"Lotto Online - Crack The International Lottery Jackpots","description":"","potentialAction":[{"@type":"SearchAction","target":{"@type":"EntryPoint","urlTemplate":"https:\/\/jackpotlotteryonline.com\/?s={search_term_string}"},"query-input":"required name=search_term_string"}],"inLanguage":"fi"}]}},"_links":{"self":[{"href":"https:\/\/jackpotlotteryonline.com\/fi\/wp-json\/wp\/v2\/pages\/36508","targetHints":{"allow":["GET"]}}],"collection":[{"href":"https:\/\/jackpotlotteryonline.com\/fi\/wp-json\/wp\/v2\/pages"}],"about":[{"href":"https:\/\/jackpotlotteryonline.com\/fi\/wp-json\/wp\/v2\/types\/page"}],"author":[{"embeddable":true,"href":"https:\/\/jackpotlotteryonline.com\/fi\/wp-json\/wp\/v2\/users\/1"}],"replies":[{"embeddable":true,"href":"https:\/\/jackpotlotteryonline.com\/fi\/wp-json\/wp\/v2\/comments?post=36508"}],"version-history":[{"count":0,"href":"https:\/\/jackpotlotteryonline.com\/fi\/wp-json\/wp\/v2\/pages\/36508\/revisions"}],"up":[{"embeddable":true,"href":"https:\/\/jackpotlotteryonline.com\/fi\/wp-json\/wp\/v2\/pages\/35749"}],"wp:attachment":[{"href":"https:\/\/jackpotlotteryonline.com\/fi\/wp-json\/wp\/v2\/media?parent=36508"}],"curies":[{"name":"wp","href":"https:\/\/api.w.org\/{rel}","templated":true}]}}