{"id":36561,"date":"2022-11-07T13:09:56","date_gmt":"2022-11-07T13:09:56","guid":{"rendered":"https:\/\/jackpotlotteryonline.com\/?page_id=36561"},"modified":"2023-01-03T20:23:40","modified_gmt":"2023-01-03T20:23:40","slug":"superenalotto","status":"publish","type":"page","link":"https:\/\/jackpotlotteryonline.com\/fi\/osta-lippuja\/superenalotto\/","title":{"rendered":"Osta Superenalotto lippuja"},"content":{"rendered":"<h2>Miksi Superenalotto?<\/h2>\n<p>Oletko miettinyt, miten voit ostaa Superenalotto-lippuja Italian ulkopuolelta? Superenalotto on yksi Euroopan mantereen suosituimmista arpajaisista. Ei ole yll\u00e4tt\u00e4v\u00e4\u00e4, ett\u00e4 pelaajat ymp\u00e4ri maailmaa ly\u00f6v\u00e4t s\u00e4\u00e4nn\u00f6llisesti vetoja lotossa.<\/p>\n<p>Me jackpotlotteryonline.comissa annamme pelaajille p\u00e4\u00e4syn kansainv\u00e4lisiin huippulottoihin, kuten Superenalottoon. Me mahdollistamme sen, ett\u00e4 voit ostaa lippuja, tarkistaa arvontatulokset ja p\u00e4\u00e4st\u00e4 k\u00e4siksi voittoihisi.<\/p>\n<p>Maailmanlaajuisten arpajaisten yleistyess\u00e4, miksi pelaaja p\u00e4\u00e4tt\u00e4isi ly\u00f6d\u00e4 vetoa Superenalottoon? K\u00e4sittelemme joitakin syit\u00e4, joiden vuoksi Superenalotto on nopeasti nousemassa vedonly\u00f6jien suosimaksi lotoksi. Jos sinulla on kiire ly\u00f6d\u00e4 vetoa, voit vierailla meill\u00e4 nyt, jotta sinulla on mahdollisuus voittaa isoja summia Superenalotossa.<\/p>\n<h2>Superenalotossa on uskomattomia j\u00e4ttipotteja<\/h2>\n<p>Syy numero yksi siihen, miksi pelaajat rakastavat italialaista Superenalottoa, on luultavasti uskomaton j\u00e4ttipottipalkinto. Mielenkiintoista on, ett\u00e4 j\u00e4ttipotti alkaa v\u00e4hint\u00e4\u00e4n 2 miljoonan euron suuruisesta summasta. Se ei tunnu vaikuttavalta luvulta, kun otetaan huomioon, ett\u00e4 monet lotot tarjoavat tuon summan.<\/p>\n<p>Myyntivaltti on kuitenkin se, ett\u00e4 Superenaloton j\u00e4ttipotille ei ole yl\u00e4rajaa. Jos voittajaa ei l\u00f6ydy arvonnan j\u00e4lkeen, se kierr\u00e4tet\u00e4\u00e4n ja kierr\u00e4tet\u00e4\u00e4n joka arvonnan j\u00e4lkeen, kunnes voittaja l\u00f6ytyy. T\u00e4m\u00e4n vuoksi Superenalotto lotossa on <a href=\"https:\/\/jackpotlotteryonline.com\/fi\/voittonumerot\/superenalotto\">kolme arvontakertaa viikossa<\/a>. On l\u00e4hes rajaton m\u00e4\u00e4r\u00e4, kuinka monta kertaa j\u00e4ttipotti voi kierr\u00e4tt\u00e4\u00e4.<\/p>\n<p>Itse asiassa j\u00e4ttipotti py\u00f6r\u00e4hti muutama vuosi sitten niin monta kertaa, ett\u00e4 enn\u00e4tysj\u00e4ttipotti oli 209,1 miljoonaa euroa vuonna 2019.<\/p>\n<h2>Mainitsimmeko jo kolme arvontakertaa viikossa?<\/h2>\n<p>Kun pelaat Superenalottoa, sinulla on kolme mahdollisuutta voittaa suuria summia joka viikko. T\u00e4m\u00e4 johtuu siit\u00e4, ett\u00e4 Superenalotto arpajaisissa arvotaan kolme kertaa viikossa tiistaisin, torstaisin ja lauantaisin.<\/p>\n<p>T\u00e4m\u00e4 tarkoittaa, ett\u00e4 jos voittajaa ei ole, j\u00e4ttipotin m\u00e4\u00e4r\u00e4 kasvaa nopeammin. Superenaloton j\u00e4ttipotti on voinut kolminkertaistua vain yhden lyhyen viikon aikana. Se riitt\u00e4\u00e4 saamaan vedonly\u00f6j\u00e4t kiirehtim\u00e4\u00e4n panostamaan.<\/p>\n<p>Etk\u00f6 halua h\u00e4vit\u00e4 seuraavassa arvonnassa? Mikset menisi osoitteeseen jackpotlotteryonline.com ja ly\u00f6 vetoa Superenalottoon nyt? Koskaan ei voi tiet\u00e4\u00e4, milloin onnetar suosii sinua.<\/p>\n<h2>Top 5 Superenaloton voittajaa<\/h2>\n<p><img loading=\"lazy\" decoding=\"async\" class=\"alignright size-full wp-image-31316\" src=\"https:\/\/jackpotlotteryonline.com\/wp-content\/uploads\/2022\/11\/logo_superenalotto.png\" alt=\"Superenalotto lottopallo\" width=\"200\" height=\"212\" \/><\/p>\n<p>Etk\u00f6 viel\u00e4k\u00e4\u00e4n ole varma, haluatko ly\u00f6d\u00e4 vetoa Superenalotto lotossa? Se ei ole ongelma. Sinua innostetaan, kun luet suussa sulavista summista, joita aiemmat voittajat ovat vieneet kotiin.<\/p>\n<p>Suurimman j\u00e4ttipotin voitti vuonna 2019 lottoyhtym\u00e4, ja summa oli 209,1 miljoonaa euroa. Mainitsimme sen jo lyhyesti, mutta jotain muuta emme maininneet. Tuon j\u00e4ttipotin voitti yksi arvan haltija. Voitko kuvitella menev\u00e4si kotiin yli kaksisataa miljoonaa euroa?<\/p>\n<p>Toiseksi suurimman j\u00e4ttipotin voitti lottosyndikaatti vuonna 2010, ja summa oli 177,7 miljoonaa euroa. T\u00e4t\u00e4 seuraa 163,5 miljoonan euron j\u00e4ttipotti, jonka voitti yksi arpa vuonna 2016. Seuraavaksi suurimman j\u00e4ttipotin voitti toinen yksitt\u00e4isen arvan haltija vuonna 2009, ja summa oli 147,8 miljoonaa euroa. Lopuksi kaksi lippua jakoi 139 miljoonan euron j\u00e4ttipotin vuonna 2010.<\/p>\n<h2>Kuinka pelata Superenalottoa<\/h2>\n<p><a href=\"https:\/\/jackpotlotteryonline.com\/fi\/kuinka-pelata\/superenalotto\">Pelataksesi Superenalottoa<\/a> valitse kuusi p\u00e4\u00e4numeroa v\u00e4lilt\u00e4 1-90. Voit valita useita numerorivej\u00e4 lis\u00e4t\u00e4ksesi mahdollisuuksiasi voittaa lotossa. Valitse seuraavaksi arvontojen m\u00e4\u00e4r\u00e4, joihin haluat osallistua. Voit halutessasi osallistua jokaiseen arvontaan joka viikko seuraavien 5 viikon ajan. Mit\u00e4 useampaan arvontaan osallistut, sit\u00e4 suuremmat mahdollisuudet sinulla on voittaa palkinto.<\/p>\n<p>Lis\u00e4ksi on olemassa niin sanottu SuperStar, joka on vaihtoehto, joka auttaa parantamaan voittomahdollisuuksiasi. Voit my\u00f6s ostaa &#8220;Jolly-numeron&#8221;, joka valitaan 1:st\u00e4 90:een. Jolly-numero ei vaikuta j\u00e4ttipottiin, mutta sit\u00e4 k\u00e4ytet\u00e4\u00e4n p\u00e4\u00e4tett\u00e4ess\u00e4 toisen palkintoluokan voittajaa.<\/p>\n<p>Kun olet valinnut numerosi, maksa lippusi ja odota arvontoja. Kun rekister\u00f6idyt meille, automatisoimme prosessin saumattomamman kokemuksen takaamiseksi. Otamme stressin pois operaatiosta, jotta voit nauttia hauskanpidosta ilman vaivann\u00e4k\u00f6\u00e4.<\/p>\n<section class=\"layout\" style=\"border: solid 1px; width: 100%;\">\n<div class=\"img-div\" style=\"margin-top: 5px;\"><img decoding=\"async\" class=\"wp-image-17212 alignleft\" style=\"height: 45px; margin: 8px 8px 0px;\" src=\"https:\/\/jackpotlotteryonline.com\/wp-content\/uploads\/2022\/11\/read1.jpg\" alt=\"lue\" width=\"\" height=\"\" \/><\/div>\n<div style=\"padding-left: 5px;\">\n<div style=\"font-size: 1.1em;\">\n<p><strong>Valitse voittavat lottonumerot manuaalisesti tai k\u00e4ytt\u00e4m\u00e4ll\u00e4 RNG:t\u00e4.<\/strong><\/p>\n<p style=\"font-size: 0.85em; margin-top: -1.5em;\">Miten luoda voittavat lottonumerot? \u00a0<a href=\"https:\/\/jackpotlotteryonline.com\/fi\/miten-luoda-voittaa-lotto-numerot\">Lue lis\u00e4\u00e4<\/a><\/p>\n<\/div>\n<\/div>\n<\/section>\n<h2>Mitk\u00e4 ovat mahdollisuudet voittaa Superenalotto?<\/h2>\n<p>Yleisesti ottaen lotossa ei tunneta suuria voittokertoimia pelaajille. Totuus on, ett\u00e4 voittomahdollisuudet eiv\u00e4t ole kovin suuret. Mielenkiintoista kyll\u00e4, se tekee lottopelaamisesta paljon j\u00e4nnitt\u00e4v\u00e4mp\u00e4\u00e4. Koska voittaminen silloin, kun n\u00e4ytt\u00e4\u00e4 silt\u00e4, ett\u00e4 kertoimet eiv\u00e4t ole sinun eduksesi, antaa pelaajille huuman. Se on my\u00f6s hieno tapa tiet\u00e4\u00e4, ett\u00e4 sinulla on onni puolellasi.<\/p>\n<p>Todenn\u00e4k\u00f6isyys voittaa Superenaloton j\u00e4ttipotti on 1:622 614 630. Palkintoluokkia on kuitenkin 6 ja 25 euron pikavoittoluokka. Kun otat n\u00e4m\u00e4 huomioon, todenn\u00e4k\u00f6isyys voittaa mik\u00e4 tahansa palkinto on 1:16.<\/p>\n<p>Jokainen vedonly\u00f6j\u00e4 on varmasti samaa mielt\u00e4 siit\u00e4, ett\u00e4 n\u00e4m\u00e4 ovat uskomattomia kertoimia, jotka suosivat pelaajaa.<\/p>\n<h2>Superenalotto-palkintoluokat<\/h2>\n<p><img loading=\"lazy\" decoding=\"async\" class=\"size-medium wp-image-35376 alignright\" src=\"https:\/\/jackpotlotteryonline.com\/wp-content\/uploads\/2022\/11\/2_ticket_superenalotto4-1-211x300.jpg\" alt=\"Superenalotto palkintolippu\" width=\"211\" height=\"300\" srcset=\"https:\/\/jackpotlotteryonline.com\/wp-content\/uploads\/2022\/11\/2_ticket_superenalotto4-1-211x300.jpg 211w, https:\/\/jackpotlotteryonline.com\/wp-content\/uploads\/2022\/11\/2_ticket_superenalotto4-1.jpg 300w\" sizes=\"auto, (max-width: 211px) 100vw, 211px\" \/><\/p>\n<p>Arvonnan aikana kuusi numeroa valitaan satunnaisesti rummusta, jossa on numeroita 1-90 sis\u00e4lt\u00e4vi\u00e4 palloja. Jokainen arpa, joka vastaa arvottuja numeroita, voittaa j\u00e4ttipotin.<\/p>\n<p>Superenaloton j\u00e4ttipotti alkaa 2 miljoonasta eurosta, mutta yleens\u00e4 se nousee paljon korkeammaksi, koska se kierr\u00e4tet\u00e4\u00e4n. Muut palkintoluokat m\u00e4\u00e4r\u00e4ytyv\u00e4t k\u00e4ytett\u00e4viss\u00e4 olevien varojen prosenttiosuuden mukaan. Ei siis ole mahdollista, kuinka paljon jaettaisiin kussakin arvonnassa.<\/p>\n<p>6 numeroa &#8211; j\u00e4ttipotti (17,4 % kokonaisvaroista).<br \/>\n5 + Jolly-numero &#8211; 13 %<br \/>\n5 numeroa &#8211; 4,2 %<br \/>\n4 numeroa &#8211; 4,2 %<br \/>\n3 numeroa &#8211; 12,8 %<br \/>\n2 numeroa &#8211; 40 %<\/p>\n<p><strong>Paremman perspektiivin saamiseksi t\u00e4ss\u00e4 on keskim\u00e4\u00e4r\u00e4inen summa per arvonta.<\/strong><\/p>\n<p>6 numeroa &#8211; 92 056 091,66 \u20ac.<br \/>\n5 + Jolly-numero &#8211; 594 951,95 \u20ac.<br \/>\n5 numeroa &#8211; 49 736,38 \u20ac.<br \/>\n4 numeroa &#8211; 354,83 \u20ac<br \/>\n3 numeroa &#8211; 27,15 \u20ac<br \/>\n2 numeroa &#8211; 5,48 euroa<\/p>\n<h2>Pelaa Superenalottoa internetiss\u00e4<\/h2>\n<p>Superenalotto on italialainen arpajaiset ja osallistumisia myyd\u00e4\u00e4n vain Italiassa. N\u00e4in ollen, jos asut Italian ulkopuolella, ainoa tapa p\u00e4\u00e4st\u00e4 Superenalottoon on ostaa osallistumisoikeus netist\u00e4. Voit tehd\u00e4 sen internet-arpajaisten myyj\u00e4lt\u00e4, kuten jackpotlotteryonline.com:lta.<\/p>\n<h2>Superenalotto-osuuksien ostamisen edut verkossa<\/h2>\n<ul>\n<li>Saat nopean ja v\u00e4litt\u00f6m\u00e4n p\u00e4\u00e4syn arvontaan<\/li>\n<li>Se on eritt\u00e4in k\u00e4tev\u00e4\u00e4, koska sinun ei tarvitse poistua kodin mukavuudesta k\u00e4sin<\/li>\n<li>Se on my\u00f6s turvallisempaa, koska lippusi tallennetaan digitaalisesti. T\u00e4m\u00e4 on t\u00e4rke\u00e4\u00e4, koska se on ainoa tapa lunastaa voittosi.<\/li>\n<li>Sinun ei tarvitse missata voittoasi, koska ilmoitamme sinulle v\u00e4litt\u00f6m\u00e4sti, jos voitat mink\u00e4 tahansa palkinnon<\/li>\n<li>Voit helposti kotiuttaa mink\u00e4 tahansa voiton verkossa menem\u00e4tt\u00e4 minnek\u00e4\u00e4n<\/li>\n<\/ul>\n<h2>Rekister\u00f6idy kanssamme pelaamaan Superenalottoa<\/h2>\n<p>Jos asut muualla kuin Italiassa ja haluat ostaa p\u00e4\u00e4syn Superenalotto-lottoon, voit tehd\u00e4 sen rekister\u00f6itym\u00e4ll\u00e4 meille. Tarjoamme concierge-palvelun, joka antaa sinulle v\u00e4litt\u00f6m\u00e4n p\u00e4\u00e4syn kansainv\u00e4lisiin huippulottoihin, mukaan lukien Superenalotto.<\/p>\n<p>Tavoitteenamme on tehd\u00e4 lottokokemuksesta miellytt\u00e4v\u00e4 kokemus asiakkaillemme. Otamme stressin pois yksinkertaisista asioista ja j\u00e4t\u00e4mme sinut nauttimaan vedonly\u00f6nnist\u00e4si. Osta lottokuponkeja meilt\u00e4 nyt, niin sinulla on mahdollisuus voittaa suuria summia Superenalotossa.<\/p>\n","protected":false},"excerpt":{"rendered":"<p>Miksi Superenalotto? Oletko miettinyt, miten voit ostaa Superenalotto-lippuja Italian ulkopuolelta? Superenalotto on yksi Euroopan mantereen suosituimmista arpajaisista. Ei ole yll\u00e4tt\u00e4v\u00e4\u00e4, ett\u00e4 pelaajat ymp\u00e4ri maailmaa ly\u00f6v\u00e4t s\u00e4\u00e4nn\u00f6llisesti vetoja lotossa. Me jackpotlotteryonline.comissa annamme pelaajille p\u00e4\u00e4syn kansainv\u00e4lisiin huippulottoihin, kuten Superenalottoon. Me mahdollistamme sen, ett\u00e4 voit ostaa lippuja, tarkistaa arvontatulokset ja p\u00e4\u00e4st\u00e4 k\u00e4siksi voittoihisi. Maailmanlaajuisten arpajaisten yleistyess\u00e4, miksi pelaaja [&hellip;]<\/p>\n","protected":false},"author":1,"featured_media":0,"parent":35749,"menu_order":5,"comment_status":"closed","ping_status":"closed","template":"superenalotto.php","meta":{"_et_pb_use_builder":"","_et_pb_old_content":"","_et_gb_content_width":"","exclude_from_search":false,"footnotes":""},"class_list":["post-36561","page","type-page","status-publish","hentry"],"yoast_head":"<!-- This site is optimized with the Yoast SEO plugin v23.3 - https:\/\/yoast.com\/wordpress\/plugins\/seo\/ -->\n<title>Osta Superenalotto lippuja Italian ulkopuolelta | Hanki liput netist\u00e4<\/title>\n<meta name=\"description\" content=\"Et asu Italiassa, mutta haluat osallistua Superenalottoon? Hanki online-lippusi Superenalottoon kauttamme.\" \/>\n<meta name=\"robots\" content=\"index, follow, max-snippet:-1, max-image-preview:large, max-video-preview:-1\" \/>\n<link rel=\"canonical\" href=\"https:\/\/jackpotlotteryonline.com\/buy-tickets\/superenalotto\/\" \/>\n<meta property=\"og:locale\" content=\"fi_FI\" \/>\n<meta property=\"og:type\" content=\"article\" \/>\n<meta property=\"og:title\" content=\"Osta Superenalotto lippuja Italian ulkopuolelta | Hanki liput netist\u00e4\" \/>\n<meta property=\"og:description\" content=\"Et asu Italiassa, mutta haluat osallistua Superenalottoon? Hanki online-lippusi Superenalottoon kauttamme.\" \/>\n<meta property=\"og:url\" content=\"https:\/\/jackpotlotteryonline.com\/buy-tickets\/superenalotto\/\" \/>\n<meta property=\"og:site_name\" content=\"Lotto Online - Crack The International Lottery Jackpots\" \/>\n<meta property=\"article:modified_time\" content=\"2023-01-03T20:23:40+00:00\" \/>\n<meta property=\"og:image\" content=\"https:\/\/jackpotlotteryonline.com\/wp-content\/uploads\/2022\/11\/logo_superenalotto.png\" \/>\n<meta name=\"twitter:card\" content=\"summary_large_image\" \/>\n<meta name=\"twitter:label1\" content=\"Arvioitu lukuaika\" \/>\n\t<meta name=\"twitter:data1\" content=\"5 minuuttia\" \/>\n<!-- \/ Yoast SEO plugin. -->","yoast_head_json":{"title":"Osta Superenalotto lippuja Italian ulkopuolelta | Hanki liput netist\u00e4","description":"Et asu Italiassa, mutta haluat osallistua Superenalottoon? Hanki online-lippusi Superenalottoon kauttamme.","robots":{"index":"index","follow":"follow","max-snippet":"max-snippet:-1","max-image-preview":"max-image-preview:large","max-video-preview":"max-video-preview:-1"},"canonical":"https:\/\/jackpotlotteryonline.com\/buy-tickets\/superenalotto\/","og_locale":"fi_FI","og_type":"article","og_title":"Osta Superenalotto lippuja Italian ulkopuolelta | Hanki liput netist\u00e4","og_description":"Et asu Italiassa, mutta haluat osallistua Superenalottoon? Hanki online-lippusi Superenalottoon kauttamme.","og_url":"https:\/\/jackpotlotteryonline.com\/buy-tickets\/superenalotto\/","og_site_name":"Lotto Online - Crack The International Lottery Jackpots","article_modified_time":"2023-01-03T20:23:40+00:00","og_image":[{"url":"https:\/\/jackpotlotteryonline.com\/wp-content\/uploads\/2022\/11\/logo_superenalotto.png"}],"twitter_card":"summary_large_image","twitter_misc":{"Arvioitu lukuaika":"5 minuuttia"},"schema":{"@context":"https:\/\/schema.org","@graph":[{"@type":"WebPage","@id":"https:\/\/jackpotlotteryonline.com\/buy-tickets\/superenalotto\/","url":"https:\/\/jackpotlotteryonline.com\/buy-tickets\/superenalotto\/","name":"Osta Superenalotto lippuja Italian ulkopuolelta | Hanki liput netist\u00e4","isPartOf":{"@id":"https:\/\/jackpotlotteryonline.com\/#website"},"primaryImageOfPage":{"@id":"https:\/\/jackpotlotteryonline.com\/buy-tickets\/superenalotto\/#primaryimage"},"image":{"@id":"https:\/\/jackpotlotteryonline.com\/buy-tickets\/superenalotto\/#primaryimage"},"thumbnailUrl":"https:\/\/jackpotlotteryonline.com\/wp-content\/uploads\/2022\/11\/logo_superenalotto.png","datePublished":"2022-11-07T13:09:56+00:00","dateModified":"2023-01-03T20:23:40+00:00","description":"Et asu Italiassa, mutta haluat osallistua Superenalottoon? Hanki online-lippusi Superenalottoon kauttamme.","breadcrumb":{"@id":"https:\/\/jackpotlotteryonline.com\/buy-tickets\/superenalotto\/#breadcrumb"},"inLanguage":"fi","potentialAction":[{"@type":"ReadAction","target":["https:\/\/jackpotlotteryonline.com\/buy-tickets\/superenalotto\/"]}]},{"@type":"ImageObject","inLanguage":"fi","@id":"https:\/\/jackpotlotteryonline.com\/buy-tickets\/superenalotto\/#primaryimage","url":"https:\/\/jackpotlotteryonline.com\/wp-content\/uploads\/2022\/11\/logo_superenalotto.png","contentUrl":"https:\/\/jackpotlotteryonline.com\/wp-content\/uploads\/2022\/11\/logo_superenalotto.png"},{"@type":"BreadcrumbList","@id":"https:\/\/jackpotlotteryonline.com\/buy-tickets\/superenalotto\/#breadcrumb","itemListElement":[{"@type":"ListItem","position":1,"name":"Home","item":"https:\/\/jackpotlotteryonline.com\/fi\/"},{"@type":"ListItem","position":2,"name":"Miten ostaa lottokuponkeja verkossa","item":"https:\/\/jackpotlotteryonline.com\/fi\/osta-lippuja\/"},{"@type":"ListItem","position":3,"name":"Osta Superenalotto lippuja"}]},{"@type":"WebSite","@id":"https:\/\/jackpotlotteryonline.com\/#website","url":"https:\/\/jackpotlotteryonline.com\/","name":"Lotto Online - Crack The International Lottery Jackpots","description":"","potentialAction":[{"@type":"SearchAction","target":{"@type":"EntryPoint","urlTemplate":"https:\/\/jackpotlotteryonline.com\/?s={search_term_string}"},"query-input":"required name=search_term_string"}],"inLanguage":"fi"}]}},"_links":{"self":[{"href":"https:\/\/jackpotlotteryonline.com\/fi\/wp-json\/wp\/v2\/pages\/36561","targetHints":{"allow":["GET"]}}],"collection":[{"href":"https:\/\/jackpotlotteryonline.com\/fi\/wp-json\/wp\/v2\/pages"}],"about":[{"href":"https:\/\/jackpotlotteryonline.com\/fi\/wp-json\/wp\/v2\/types\/page"}],"author":[{"embeddable":true,"href":"https:\/\/jackpotlotteryonline.com\/fi\/wp-json\/wp\/v2\/users\/1"}],"replies":[{"embeddable":true,"href":"https:\/\/jackpotlotteryonline.com\/fi\/wp-json\/wp\/v2\/comments?post=36561"}],"version-history":[{"count":0,"href":"https:\/\/jackpotlotteryonline.com\/fi\/wp-json\/wp\/v2\/pages\/36561\/revisions"}],"up":[{"embeddable":true,"href":"https:\/\/jackpotlotteryonline.com\/fi\/wp-json\/wp\/v2\/pages\/35749"}],"wp:attachment":[{"href":"https:\/\/jackpotlotteryonline.com\/fi\/wp-json\/wp\/v2\/media?parent=36561"}],"curies":[{"name":"wp","href":"https:\/\/api.w.org\/{rel}","templated":true}]}}