{"id":36615,"date":"2022-11-08T07:44:26","date_gmt":"2022-11-08T07:44:26","guid":{"rendered":"https:\/\/jackpotlotteryonline.com\/?page_id=36615"},"modified":"2023-01-03T20:40:35","modified_gmt":"2023-01-03T20:40:35","slug":"el-gordo","status":"publish","type":"page","link":"https:\/\/jackpotlotteryonline.com\/fi\/osta-lippuja\/el-gordo\/","title":{"rendered":"Osta El Gordo lippuja"},"content":{"rendered":"<h2>H\u00e4mm\u00e4stytt\u00e4v\u00e4 espanjalainen arpajaiset<\/h2>\n<p>El Gordo on kulman takana, eiv\u00e4tk\u00e4 kaikki ole niin onnekkaita, ett\u00e4 voivat asua Espanjassa tai matkustaa sinne. Silti, vedonly\u00f6j\u00e4t kaikkialla ovat innoissaan ajatuksesta osallistua hauskanpitoon ja juhlallisuuksiin, jotka liittyv\u00e4t t\u00e4h\u00e4n arpajaisiin. My\u00f6s maan ulkopuolella asuvat pelaajat voivat osallistua t\u00e4h\u00e4n lottoon, ja me n\u00e4yt\u00e4mme, miten se onnistuu.<\/p>\n<p>Jos olet uusi <a href=\"https:\/\/jackpotlotteryonline.com\/fi\/kuinka-pelata\/el-gordo\">lottopelaaja<\/a>, sinua saattaa kiinnostaa tiet\u00e4\u00e4, ett\u00e4 kyseess\u00e4 on espanjalainen lotto. Sen nimi on El Gordo, joka tarkoittaa &#8220;Paksua&#8221; suuren j\u00e4ttipotin vuoksi. Sen sanotaan olevan maailman suurin j\u00e4ttipotti.<\/p>\n<p>Miten voit siis p\u00e4\u00e4st\u00e4 osalliseksi, vaikka et asu Espanjassa? Jatka lukemista, niin kerromme sinulle kaiken.<\/p>\n<h2>Miten ostaa El Gordo -lippuja Espanjan ulkopuolelta?<\/h2>\n<p><img loading=\"lazy\" decoding=\"async\" class=\"size-full wp-image-17870 alignright\" src=\"https:\/\/jackpotlotteryonline.com\/wp-content\/uploads\/2022\/10\/lotto_euros.jpg\" alt=\"Osta El Gordo lippu verkossa\" width=\"225\" height=\"134\" \/><\/p>\n<p>Helpoin tapa ostaa lippuja El Gordo -lottoon on ostaa lippuja internetin kautta online-arpajaismyyj\u00e4lt\u00e4, kuten jackpotlotteryonline.com. Tarjoamme saumatonta palvelua, joka tekee kansainv\u00e4listen huippulottojen pelaamisesta vaivattoman kokemuksen. Kun rekister\u00f6idyt meille, saat r\u00e4\u00e4t\u00e4l\u00f6idyn alustan, joka on r\u00e4\u00e4t\u00e4l\u00f6ity juuri sinun tarpeisiisi.<\/p>\n<p>Haluamme varmistaa, ett\u00e4 asiakkaamme kokevat lottopelaamisen ilon. Kun osallistut El Gordoon, sinusta tulee osa historiaa ja perinteit\u00e4. T\u00e4m\u00e4 espanjalainen arpajaiset tunnetaan my\u00f6s joululottona, eik\u00e4 vuodenaika ole sama ilman sit\u00e4.<\/p>\n<p>Espanjan joululottoon osallistuminen voi olla hieman h\u00e4mment\u00e4v\u00e4\u00e4, jos se on ensimm\u00e4inen kerta. Toisin kuin muissa arpajaisissa, et saa valita numeroitasi. Jokaiseen lappuun on jo painettu numerot. H\u00e4mmennyst\u00e4 lis\u00e4\u00e4 se, ett\u00e4 El Gordo -arvonnassa on 100 000 numeroa. Jackpotlotteryonline.com-sivustolla opastamme sinua joka vaiheessa.<\/p>\n<h2>Miksi sinun pit\u00e4isi osallistua El Gordoon<\/h2>\n<p>On useita syit\u00e4, miksi pelaajat kaikkialla rakastavat El Gordoa. Mainitsimme sen, ett\u00e4 se on t\u00e4ynn\u00e4 historiaa ja perinteit\u00e4. Arpajaiset j\u00e4rjestettiin ensimm\u00e4isen kerran vuonna 1812; se on siis yli 200 vuotta vanha. El Gordo on maailman toiseksi vanhin k\u00e4ynniss\u00e4 oleva arpajaiset, ja siit\u00e4 on tullut osa Espanjan kulttuuria.<\/p>\n<p><a href=\"https:\/\/jackpotlotteryonline.com\/fi\/voittonumerot\/el-gordo-draw-results\">Arvonta<\/a> suoritetaan joka vuosi joulukuun 22. p\u00e4iv\u00e4n\u00e4, joten se on loistava tapa tuoda v\u00e4ri\u00e4 juhlakaudelle. Itse arvonta on my\u00f6s hieno tapahtuma, sill\u00e4 San Ildefonson koulun oppilaat laulavat arvonnan tulokset. Mainitsimmeko jo, ett\u00e4 El Gordo on t\u00e4ynn\u00e4 perinteit\u00e4? Se on varmasti jotain, mit\u00e4 vanhat ja uudet pelaajat odottavat joka vuosi innolla.<\/p>\n<p>Sen lis\u00e4ksi El Gordo on arpajaiset, jotka edist\u00e4v\u00e4t ja juhlistavat yhteis\u00f6llisyytt\u00e4. Arvat on jaettu useisiin osa-alueisiin, ja on varsin tavallista, ett\u00e4 naapurustot osallistuvat osa-alueeseen. Miksi et siis tekisi jotain erityist\u00e4 perheellesi ja yst\u00e4villesi osallistumalla El Gordoon yhdess\u00e4? Se on ihana tapa juhlia joulua.<\/p>\n<section class=\"layout\" style=\"border: solid 1px; width: 100%;\">\n<div class=\"img-div\" style=\"margin-top: 5px;\"><img decoding=\"async\" class=\"wp-image-17212 alignleft\" style=\"height: 45px; margin: 8px 8px 0px;\" src=\"https:\/\/jackpotlotteryonline.com\/wp-content\/uploads\/2022\/11\/read1.jpg\" alt=\"lue\" width=\"\" height=\"\" \/><\/div>\n<div style=\"padding-left: 5px;\">\n<div style=\"font-size: 1.1em;\">\n<p><strong>\u00c4l\u00e4 missaa maailman suurimpien lottoj\u00e4ttipottien arvonta-aikoja<\/strong><\/p>\n<p style=\"font-size: 0.85em; margin-top: -1.5em;\">Luettelo kansainv\u00e4listen arpajaisten arvonta-ajoista <a href=\"https:\/\/jackpotlotteryonline.com\/fi\/milloin-kansainvalisten-arpajaisten-arvonta-ajat-ovat\">Lue lis\u00e4\u00e4<\/a><\/p>\n<\/div>\n<\/div>\n<\/section>\n<h2>Pelaaminen El Gordo<\/h2>\n<p><img loading=\"lazy\" decoding=\"async\" class=\"alignright size-full wp-image-32459\" src=\"https:\/\/jackpotlotteryonline.com\/wp-content\/uploads\/2022\/11\/2_ticket_el_gordo-1.jpg\" alt=\"El Gordo arpajaislippu\" width=\"213\" height=\"300\" \/><\/p>\n<p>Kun osallistut espanjalaiseen jouluarvontaan, lappusi numerot saattavat olla v\u00e4lill\u00e4 00000 &#8211; 99999. Jokainen arpa on jaettu kymmeneen osaan, jotka on jaettu edelleen. Joten budjetistasi riippumatta sinulla on varaa ostaa lippu.<\/p>\n<p>Yht\u00e4 mielenkiintoista on se, ett\u00e4 El Gordon pelaajilla on eritt\u00e4in suuri mahdollisuus voittaa. Kokonaisj\u00e4ttipotti on miljardeja euroja ja kertoimet ovat uskomattomat. Pelaajat voivat siis l\u00e4hte\u00e4 kotiin tuhansien eurojen kanssa, vaikka he eiv\u00e4t voittaisikaan p\u00e4\u00e4palkintoa.<\/p>\n<p>Kun olet ostanut lippusi, sinun tarvitsee vain odottaa 22. joulukuuta suoritettavia arvontoja. Sivustollamme pyyd\u00e4mme asiakkaitamme rekister\u00f6itym\u00e4\u00e4n, jotta voimme ilmoittaa heille heti, kun he ovat voittaneet palkinnon. My\u00f6s voittojen lunastaminen on helppoa, sill\u00e4 voit tehd\u00e4 sen alustaltamme.<\/p>\n<h2>Vaiheet El Gordon pelaamiseen verkossa<\/h2>\n<ol>\n<li>Nyt kun olet yht\u00e4 innoissasi espanjalaisesta joululotosta kuin mekin, k\u00e4ymme l\u00e4pi sen vaiheet.<\/li>\n<li>Osta El Gordo -lippusi sivustoltamme<\/li>\n<li>Rekister\u00f6idy, jotta voimme ottaa sinuun yhteytt\u00e4, jos voitat<\/li>\n<li>Odota arvontoja<\/li>\n<\/ol>\n<h2>Nosta voittosi, jos voitat.<\/h2>\n<p>Se on niin yksinkertaista, kun rekister\u00f6idyt meille. Otamme pois kaiken mutkikkuuden, jotta sinulle j\u00e4\u00e4 vain pelin hauskuus. Jos etsit lottopeli\u00e4, jossa on hyv\u00e4t kertoimet ja josta voit nauttia, \u00e4l\u00e4 katso en\u00e4\u00e4 pidemm\u00e4lle.<\/p>\n<p>On syyt\u00e4 mainita, ett\u00e4 vaikka El Gordolla on hyv\u00e4t kertoimet, kyseess\u00e4 on uhkapeli. Ei ole mit\u00e4\u00e4n keinoa taata, ett\u00e4 voitat, eik\u00e4 ole mit\u00e4\u00e4n, mik\u00e4 sanoisi, ettet my\u00f6sk\u00e4\u00e4n voittaisi. Ainoa tapa, jolla voit saada mahdollisuuden voittaa palkinnon, on kuitenkin se, ett\u00e4 ylip\u00e4\u00e4t\u00e4\u00e4n osallistut arvontaan. Rekister\u00f6idy siis meille nyt ostaaksesi Espanjan jouluarvontaliput.<\/p>\n","protected":false},"excerpt":{"rendered":"<p>H\u00e4mm\u00e4stytt\u00e4v\u00e4 espanjalainen arpajaiset El Gordo on kulman takana, eiv\u00e4tk\u00e4 kaikki ole niin onnekkaita, ett\u00e4 voivat asua Espanjassa tai matkustaa sinne. Silti, vedonly\u00f6j\u00e4t kaikkialla ovat innoissaan ajatuksesta osallistua hauskanpitoon ja juhlallisuuksiin, jotka liittyv\u00e4t t\u00e4h\u00e4n arpajaisiin. My\u00f6s maan ulkopuolella asuvat pelaajat voivat osallistua t\u00e4h\u00e4n lottoon, ja me n\u00e4yt\u00e4mme, miten se onnistuu. Jos olet uusi lottopelaaja, sinua saattaa [&hellip;]<\/p>\n","protected":false},"author":1,"featured_media":0,"parent":35749,"menu_order":6,"comment_status":"closed","ping_status":"closed","template":"el-gordo-info.php","meta":{"_et_pb_use_builder":"","_et_pb_old_content":"","_et_gb_content_width":"","exclude_from_search":false,"footnotes":""},"class_list":["post-36615","page","type-page","status-publish","hentry"],"yoast_head":"<!-- This site is optimized with the Yoast SEO plugin v23.3 - https:\/\/yoast.com\/wordpress\/plugins\/seo\/ -->\n<title>Osta El Gordo lippuja Espanjan ulkopuolelta | El Gordo liput netist\u00e4<\/title>\n<meta name=\"description\" content=\"Voit ostaa El Gordon lippuja verkossa, jos asut Espanjan ulkopuolella - t\u00e4\u00e4ll\u00e4 t\u00e4m\u00e4n online-lippupalvelun kautta.\" \/>\n<meta name=\"robots\" content=\"index, follow, max-snippet:-1, max-image-preview:large, max-video-preview:-1\" \/>\n<link rel=\"canonical\" href=\"https:\/\/jackpotlotteryonline.com\/buy-tickets\/el-gordo\/\" \/>\n<meta property=\"og:locale\" content=\"fi_FI\" \/>\n<meta property=\"og:type\" content=\"article\" \/>\n<meta property=\"og:title\" content=\"Osta El Gordo lippuja Espanjan ulkopuolelta | El Gordo liput netist\u00e4\" \/>\n<meta property=\"og:description\" content=\"Voit ostaa El Gordon lippuja verkossa, jos asut Espanjan ulkopuolella - t\u00e4\u00e4ll\u00e4 t\u00e4m\u00e4n online-lippupalvelun kautta.\" \/>\n<meta property=\"og:url\" content=\"https:\/\/jackpotlotteryonline.com\/buy-tickets\/el-gordo\/\" \/>\n<meta property=\"og:site_name\" content=\"Lotto Online - Crack The International Lottery Jackpots\" \/>\n<meta property=\"article:modified_time\" content=\"2023-01-03T20:40:35+00:00\" \/>\n<meta property=\"og:image\" content=\"https:\/\/jackpotlotteryonline.com\/wp-content\/uploads\/2022\/10\/lotto_euros.jpg\" \/>\n<meta name=\"twitter:card\" content=\"summary_large_image\" \/>\n<meta name=\"twitter:label1\" content=\"Arvioitu lukuaika\" \/>\n\t<meta name=\"twitter:data1\" content=\"4 minuuttia\" \/>\n<!-- \/ Yoast SEO plugin. -->","yoast_head_json":{"title":"Osta El Gordo lippuja Espanjan ulkopuolelta | El Gordo liput netist\u00e4","description":"Voit ostaa El Gordon lippuja verkossa, jos asut Espanjan ulkopuolella - t\u00e4\u00e4ll\u00e4 t\u00e4m\u00e4n online-lippupalvelun kautta.","robots":{"index":"index","follow":"follow","max-snippet":"max-snippet:-1","max-image-preview":"max-image-preview:large","max-video-preview":"max-video-preview:-1"},"canonical":"https:\/\/jackpotlotteryonline.com\/buy-tickets\/el-gordo\/","og_locale":"fi_FI","og_type":"article","og_title":"Osta El Gordo lippuja Espanjan ulkopuolelta | El Gordo liput netist\u00e4","og_description":"Voit ostaa El Gordon lippuja verkossa, jos asut Espanjan ulkopuolella - t\u00e4\u00e4ll\u00e4 t\u00e4m\u00e4n online-lippupalvelun kautta.","og_url":"https:\/\/jackpotlotteryonline.com\/buy-tickets\/el-gordo\/","og_site_name":"Lotto Online - Crack The International Lottery Jackpots","article_modified_time":"2023-01-03T20:40:35+00:00","og_image":[{"url":"https:\/\/jackpotlotteryonline.com\/wp-content\/uploads\/2022\/10\/lotto_euros.jpg"}],"twitter_card":"summary_large_image","twitter_misc":{"Arvioitu lukuaika":"4 minuuttia"},"schema":{"@context":"https:\/\/schema.org","@graph":[{"@type":"WebPage","@id":"https:\/\/jackpotlotteryonline.com\/buy-tickets\/el-gordo\/","url":"https:\/\/jackpotlotteryonline.com\/buy-tickets\/el-gordo\/","name":"Osta El Gordo lippuja Espanjan ulkopuolelta | El Gordo liput netist\u00e4","isPartOf":{"@id":"https:\/\/jackpotlotteryonline.com\/#website"},"primaryImageOfPage":{"@id":"https:\/\/jackpotlotteryonline.com\/buy-tickets\/el-gordo\/#primaryimage"},"image":{"@id":"https:\/\/jackpotlotteryonline.com\/buy-tickets\/el-gordo\/#primaryimage"},"thumbnailUrl":"https:\/\/jackpotlotteryonline.com\/wp-content\/uploads\/2022\/10\/lotto_euros.jpg","datePublished":"2022-11-08T07:44:26+00:00","dateModified":"2023-01-03T20:40:35+00:00","description":"Voit ostaa El Gordon lippuja verkossa, jos asut Espanjan ulkopuolella - t\u00e4\u00e4ll\u00e4 t\u00e4m\u00e4n online-lippupalvelun kautta.","breadcrumb":{"@id":"https:\/\/jackpotlotteryonline.com\/buy-tickets\/el-gordo\/#breadcrumb"},"inLanguage":"fi","potentialAction":[{"@type":"ReadAction","target":["https:\/\/jackpotlotteryonline.com\/buy-tickets\/el-gordo\/"]}]},{"@type":"ImageObject","inLanguage":"fi","@id":"https:\/\/jackpotlotteryonline.com\/buy-tickets\/el-gordo\/#primaryimage","url":"https:\/\/jackpotlotteryonline.com\/wp-content\/uploads\/2022\/10\/lotto_euros.jpg","contentUrl":"https:\/\/jackpotlotteryonline.com\/wp-content\/uploads\/2022\/10\/lotto_euros.jpg"},{"@type":"BreadcrumbList","@id":"https:\/\/jackpotlotteryonline.com\/buy-tickets\/el-gordo\/#breadcrumb","itemListElement":[{"@type":"ListItem","position":1,"name":"Home","item":"https:\/\/jackpotlotteryonline.com\/fi\/"},{"@type":"ListItem","position":2,"name":"Miten ostaa lottokuponkeja verkossa","item":"https:\/\/jackpotlotteryonline.com\/fi\/osta-lippuja\/"},{"@type":"ListItem","position":3,"name":"Osta El Gordo lippuja"}]},{"@type":"WebSite","@id":"https:\/\/jackpotlotteryonline.com\/#website","url":"https:\/\/jackpotlotteryonline.com\/","name":"Lotto Online - Crack The International Lottery Jackpots","description":"","potentialAction":[{"@type":"SearchAction","target":{"@type":"EntryPoint","urlTemplate":"https:\/\/jackpotlotteryonline.com\/?s={search_term_string}"},"query-input":"required name=search_term_string"}],"inLanguage":"fi"}]}},"_links":{"self":[{"href":"https:\/\/jackpotlotteryonline.com\/fi\/wp-json\/wp\/v2\/pages\/36615","targetHints":{"allow":["GET"]}}],"collection":[{"href":"https:\/\/jackpotlotteryonline.com\/fi\/wp-json\/wp\/v2\/pages"}],"about":[{"href":"https:\/\/jackpotlotteryonline.com\/fi\/wp-json\/wp\/v2\/types\/page"}],"author":[{"embeddable":true,"href":"https:\/\/jackpotlotteryonline.com\/fi\/wp-json\/wp\/v2\/users\/1"}],"replies":[{"embeddable":true,"href":"https:\/\/jackpotlotteryonline.com\/fi\/wp-json\/wp\/v2\/comments?post=36615"}],"version-history":[{"count":0,"href":"https:\/\/jackpotlotteryonline.com\/fi\/wp-json\/wp\/v2\/pages\/36615\/revisions"}],"up":[{"embeddable":true,"href":"https:\/\/jackpotlotteryonline.com\/fi\/wp-json\/wp\/v2\/pages\/35749"}],"wp:attachment":[{"href":"https:\/\/jackpotlotteryonline.com\/fi\/wp-json\/wp\/v2\/media?parent=36615"}],"curies":[{"name":"wp","href":"https:\/\/api.w.org\/{rel}","templated":true}]}}