{"id":36667,"date":"2022-11-08T09:28:01","date_gmt":"2022-11-08T09:28:01","guid":{"rendered":"https:\/\/jackpotlotteryonline.com\/?page_id=36667"},"modified":"2023-01-03T20:57:26","modified_gmt":"2023-01-03T20:57:26","slug":"lotto-germany","status":"publish","type":"page","link":"https:\/\/jackpotlotteryonline.com\/fi\/osta-lippuja\/lotto-germany\/","title":{"rendered":"Osta lippuja Lotto Saksa"},"content":{"rendered":"<p>Saksan ulkopuolella asuvien pelaajien saattaa olla hieman vaikeaa ostaa lippuja Saksan lottoon, mutta sen ei tarvitse olla niin. Saksan Lotto tunnetaan my\u00f6s nimell\u00e4 6 aus 49, ja se on yksi Euroopan pisimp\u00e4\u00e4n k\u00e4ynniss\u00e4 olleista lotoista. Se perustettiin vuonna 1955, ja siit\u00e4 on tullut nopeasti maan johtava lottopeli.<\/p>\n<p>Osallistumismaksuja t\u00e4h\u00e4n lottoon saa valtuutetuilta myyjilt\u00e4 Saksassa. Mutta jos asut muualla maailmassa, sinun on luotettava luotettavaan online-lottosivustoon, kuten jackpotlotteryoneline.com.<\/p>\n<p><a href=\"https:\/\/jackpotlotteryonline.com\/fi\/kuinka-pelata\/german-lotto\">Loton pelaaminen verkossa<\/a> on yksinkertaista, ja kun k\u00e4yt\u00e4t sivustoamme, siit\u00e4 tulee saumaton ja miellytt\u00e4v\u00e4 kokemus.<\/p>\n<h2>Kuinka pelata Saksan lottoa sivustollamme<\/h2>\n<p><img loading=\"lazy\" decoding=\"async\" class=\"alignright size-medium wp-image-33350\" src=\"https:\/\/jackpotlotteryonline.com\/wp-content\/uploads\/2022\/11\/2_ticket_euromillions3-1-111x300.jpg\" alt=\"saksalainen lottokuponki\" width=\"111\" height=\"300\" srcset=\"https:\/\/jackpotlotteryonline.com\/wp-content\/uploads\/2022\/11\/2_ticket_euromillions3-1-111x300.jpg 111w, https:\/\/jackpotlotteryonline.com\/wp-content\/uploads\/2022\/11\/2_ticket_euromillions3-1.jpg 180w\" sizes=\"auto, (max-width: 111px) 100vw, 111px\" \/><\/p>\n<p>6 aus 49:n kirjaimellinen k\u00e4\u00e4nn\u00f6s on kuusi 49:st\u00e4. Pelataksesi saksalaista lottoa sinun on valittava kuusi numeroa v\u00e4lilt\u00e4 1-49 ja bonusnumero v\u00e4lilt\u00e4 0-9. T\u00e4m\u00e4 on sama riippumatta siit\u00e4, pelaatko offline- vai internetiss\u00e4.<\/p>\n<p>Kun ostat osallistumisoikeuden saksalaiseen lottoon sivustollamme, saat valita 6 numeroa 49:st\u00e4. Voit valita useamman kuin yhden numerorivin, sill\u00e4 jokainen numero lasketaan osallistumisoikeudeksi, mik\u00e4 antaa sinulle paremmat mahdollisuudet. Seuraavaksi voit valita, haluatko osallistua yhteen vai useampaan arvontaan.<\/p>\n<p><a href=\"https:\/\/jackpotlotteryonline.com\/et\/winning-numbers\/german-lotto\">Saksan arpajaisissa on kaksi arvontakertaa viikossa<\/a> keskiviikkona ja lauantaina; voit p\u00e4\u00e4tt\u00e4\u00e4, osallistutko yhteen vai useampaan arvontaan. Kun olet tehnyt valintasi, seuraava vaihe on maksaa ostoksesi. Pyyd\u00e4mme sinua t\u00e4ss\u00e4 vaiheessa rekister\u00f6itym\u00e4\u00e4n meille. T\u00e4m\u00e4 on tarpeen useista syist\u00e4:<\/p>\n<ul>\n<li>Rekister\u00f6itym\u00e4ll\u00e4 voit s\u00e4ilytt\u00e4\u00e4 osallistumislappusi turvassa, sill\u00e4 tarvitset sit\u00e4 lunastaaksesi mahdolliset voitot.<\/li>\n<li>Voit helposti tarkistaa arvontatulokset, vaikka jos voitat palkinnon, ilmoitamme siit\u00e4 sinulle kojelaudallasi ja s\u00e4hk\u00f6postitse.<\/li>\n<li>Voit my\u00f6s lunastaa voittosi suoraan alustallamme.<\/li>\n<\/ul>\n<h2>Miten voittaa arpajaiset<\/h2>\n<p>Arpajaisten aikana arvotaan kuusi numeroa v\u00e4lilt\u00e4 1 &#8211; 49. Bonusnumero, joka tunnetaan nimell\u00e4 Superzahl, arvotaan toisesta koneesta. Jos numerosi vastaavat arvottuja numeroita, voitat j\u00e4ttipotin.<\/p>\n<p>On t\u00e4rke\u00e4\u00e4 todeta, ett\u00e4 j\u00e4ttipotti ei ole ainoa palkinto, jonka pelaajat voivat voittaa pelatessaan saksalaista lottoa. T\u00e4ss\u00e4 eurooppalaisessa lotossa on 10 eri palkintoluokkaa, ja palkinto on olemassa vain kahden numeron ja bonusnumeron yhteensovittamisesta.<\/p>\n<p>Kuten aiemmin mainitsimme, t\u00e4m\u00e4n loton voittomahdollisuudet ovat melko hyv\u00e4t. Todenn\u00e4k\u00f6isyys voittaa j\u00e4ttipotti on 1:139 838 160 ja yleinen todenn\u00e4k\u00f6isyys voittaa palkinto on 1:31. Jos et ole koskaan pelannut saksalaista 6 aus 49 -lottoa, nyt on hyv\u00e4 hetki harkita vedonly\u00f6nti\u00e4. Voit tehd\u00e4 sen ostamalla osallistumisoikeuden arvontaan osoitteessa jackpotlotteryoneline.com.<\/p>\n<section class=\"layout\" style=\"border: solid 1px; width: 100%;\">\n<div class=\"img-div\" style=\"margin-top: 5px;\"><img decoding=\"async\" class=\"wp-image-17212 alignleft\" style=\"height: 45px; margin: 8px 8px 0px;\" src=\"https:\/\/jackpotlotteryonline.com\/wp-content\/uploads\/2022\/11\/read1.jpg\" alt=\"lue\" width=\"\" height=\"\" \/><\/div>\n<div style=\"padding-left: 5px;\">\n<div style=\"font-size: 1.1em;\">\n<p><strong>Mink\u00e4 auton ostaisit, jos voittaisit lotossa?<\/strong><\/p>\n<p style=\"font-size: 0.85em; margin-top: -1.5em;\">Voita lotossa ja hanki uusi auto\u00a0<a href=\"https:\/\/jackpotlotteryonline.com\/fi\/minka-auton-ostaisit-jos-voittaisit-lotossa\"> Lue lis\u00e4\u00e4<\/a><\/p>\n<\/div>\n<\/div>\n<\/section>\n<h2>Mist\u00e4 tied\u00e4n, ett\u00e4 minulla on oikea arpa?<\/h2>\n<p><img loading=\"lazy\" decoding=\"async\" class=\"size-medium wp-image-27698 alignright\" src=\"https:\/\/jackpotlotteryonline.com\/wp-content\/uploads\/2022\/11\/1_lottery_results-300x150.jpg\" alt=\"saksa-lottopallot\" width=\"300\" height=\"150\" srcset=\"https:\/\/jackpotlotteryonline.com\/wp-content\/uploads\/2022\/11\/1_lottery_results-300x150.jpg 300w, https:\/\/jackpotlotteryonline.com\/wp-content\/uploads\/2022\/11\/1_lottery_results.jpg 350w\" sizes=\"auto, (max-width: 300px) 100vw, 300px\" \/><\/p>\n<p>T\u00e4m\u00e4 on eritt\u00e4in t\u00e4rke\u00e4 kysymys varsinkin silloin, kun ostat saksalaisia lottokuponkeja netist\u00e4. On mahdollista ostaa arpajaislippu, jonka luulet olevan osallistumisoikeus, mutta et silti p\u00e4\u00e4se mukaan arpajaisiin.<\/p>\n<p>Lotossa on sarjanumerot painettu jokaiseen arpalippuun, ja ne ovat t\u00e4rkeit\u00e4 m\u00e4\u00e4ritett\u00e4ess\u00e4, onko lippu aito. Jackpotlotteryonline.com-sivustolla tarjoamme asiakkaillemme concierge-palvelua. Tarkoitamme sit\u00e4, ett\u00e4 kun ostat meilt\u00e4 online-lottokuponkeja, kupongissasi on Saksan lotosta per\u00e4isin olevat sarjanumerot.<\/p>\n<p>Toisin sanoen, palvelumme avulla p\u00e4\u00e4set lottoon. Jos t\u00e4sm\u00e4\u00e4v\u00e4t arvotut numerot, voitat j\u00e4ttipotin.<\/p>\n<h2>Miten lunastan voittoni?<\/h2>\n<p>Meid\u00e4n kanssamme lottopelaamisen etuna on se, ett\u00e4 sinun ei tarvitse huolehtia voittojen lunastamisesta. Ensinn\u00e4kin lottokuponkisi on turvassa tilill\u00e4si, eik\u00e4 ole pelkoa sen menett\u00e4misest\u00e4. Koska tarvitset kuittia lunastaaksesi voittosi, t\u00e4m\u00e4 on hyv\u00e4 asia. Vuonna 2021 11,3 miljoonan euron j\u00e4ttipottipalkinto palasi takaisin pooliin, koska se oli j\u00e4\u00e4nyt lunastamatta 3 vuoden ajan. Emme halua, ett\u00e4 sinulle k\u00e4y niin.<\/p>\n<p>Toiseksi, jos voitat jotakin, ilmoitamme sinulle v\u00e4litt\u00f6m\u00e4sti, ja kun kirjaudut seuraavan kerran tilillesi, rahasi ovat siell\u00e4 odottamassa sinua. Nosta vain varat pankkitilillesi ja olet valmis nauttimaan voitoistasi.<\/p>\n<p>Tied\u00e4mme, ett\u00e4 kun pelaat lottoa, olet huolissasi siit\u00e4, ett\u00e4 sinulla on hauskaa. Onhan sen tarkoitus olla hauska peli. Siksi teemme v\u00e4sym\u00e4tt\u00e4 t\u00f6it\u00e4, jotta prosessi olisi saumaton ja vaivaton, jolloin voit nauttia pelist\u00e4.<\/p>\n<h2>6 aus 49 palkintotasoa<\/h2>\n<p>Haluatko tiet\u00e4\u00e4, mit\u00e4 voit voittaa pelatessasi saksalaista lottoa? T\u00e4ss\u00e4 ovat eri palkintoportaat ja kullekin portaalle kohdennettu prosenttiosuus palkintorahasta.<\/p>\n<p>Ottelu 6 + Superzahl &#8211; 12,80 % (j\u00e4ttipotti)<br \/>\nPelkk\u00e4 ottelu 6 &#8211; 10 %<br \/>\nOttelu 5 + Superzahl &#8211; 5 %<br \/>\nVain ottelu 5 &#8211; 15 %<br \/>\nOttelu 4 + Superzahl &#8211; 5 %<br \/>\nVain ottelu 4 &#8211; 10 %<br \/>\nOttelu 3 + Superzahl &#8211; 10%<br \/>\nVain ottelu 3 &#8211; 45 %<br \/>\nOttelu 2 + Superzahl &#8211; 6 \u20ac<\/p>\n<p>Huomaa, ett\u00e4 muut palkinnot m\u00e4\u00e4r\u00e4ytyv\u00e4t sen j\u00e4lkeen, kun j\u00e4ttipotti on poistettu palkintopotista.<\/p>\n<h2>Kuinka suuri on j\u00e4ttipotti?<\/h2>\n<p>Saksan lotossa j\u00e4ttipotti alkaa 2 miljoonasta eurosta, ja se kierr\u00e4tet\u00e4\u00e4n jokaisen arvonnan j\u00e4lkeen, jos voittajaa ei ole. N\u00e4in ollen j\u00e4ttipotti kasvaa, kunnes se saavuttaa suussa sulavan summan.<\/p>\n<p>Esimerkiksi lokakuussa 2020 yhden arvan haltija voitti 42 583 626 euron j\u00e4ttipotin. Kyseinen voitto oli Saksan lottohistorian suurin j\u00e4ttipotti. L\u00e4hell\u00e4 sen kannoilla oli 33 832 008 euron p\u00e4\u00e4voitto, jonka voitti my\u00f6s yksi lottopelaaja.<\/p>\n<p>Useat muut saksalaiset lottokupongin haltijat ovat voittaneet miljoonien eurojen arvoisia j\u00e4ttipottipalkintoja. Ei siis ole yll\u00e4tt\u00e4v\u00e4\u00e4, ett\u00e4 vedonly\u00f6j\u00e4t ymp\u00e4ri maailmaa kiirehtiv\u00e4t osallistumaan viikoittaisiin arvontoihin.<\/p>\n<h2>Rekister\u00f6idy meille ja pelaa lottoa verkossa<\/h2>\n<p>Sinun ei tarvitse asua Saksassa voidaksesi osallistua Saksan lottoon. Kun rekister\u00f6idyt meille, saat p\u00e4\u00e4syn kansainv\u00e4lisiin huippulottoihin. Se todella avaa mahdollisuuksien maailman. Huomaa my\u00f6s, ett\u00e4 lotosta saadut varat eiv\u00e4t ole veronalaisia Saksassa. Suosittelemme kuitenkin, ett\u00e4 tarkistat asuinpaikkasi verolait.<\/p>\n<p>Joten, mit\u00e4 sin\u00e4 odotat? Rekister\u00f6idy meille ostaaksesi saksalaiset lottokupongit netist\u00e4 ja hypp\u00e4\u00e4 kansainv\u00e4listen lottopelien j\u00e4nnitt\u00e4v\u00e4\u00e4n maailmaan.<\/p>\n","protected":false},"excerpt":{"rendered":"<p>Saksan ulkopuolella asuvien pelaajien saattaa olla hieman vaikeaa ostaa lippuja Saksan lottoon, mutta sen ei tarvitse olla niin. Saksan Lotto tunnetaan my\u00f6s nimell\u00e4 6 aus 49, ja se on yksi Euroopan pisimp\u00e4\u00e4n k\u00e4ynniss\u00e4 olleista lotoista. Se perustettiin vuonna 1955, ja siit\u00e4 on tullut nopeasti maan johtava lottopeli. Osallistumismaksuja t\u00e4h\u00e4n lottoon saa valtuutetuilta myyjilt\u00e4 Saksassa. Mutta [&hellip;]<\/p>\n","protected":false},"author":1,"featured_media":0,"parent":35749,"menu_order":8,"comment_status":"closed","ping_status":"closed","template":"lotto-german-info.php","meta":{"_et_pb_use_builder":"","_et_pb_old_content":"","_et_gb_content_width":"","exclude_from_search":false,"footnotes":""},"class_list":["post-36667","page","type-page","status-publish","hentry"],"yoast_head":"<!-- This site is optimized with the Yoast SEO plugin v23.3 - https:\/\/yoast.com\/wordpress\/plugins\/seo\/ -->\n<title>Osta lippuja Saksan lottoon Saksan ulkopuolelta | Saksan Lotto netiss\u00e4<\/title>\n<meta name=\"description\" content=\"Saksan Lotto 6\/49:n liput saatavilla t\u00e4\u00e4lt\u00e4, voit ostaa ne turvallisesti netist\u00e4 t\u00e4\u00e4lt\u00e4, Saksan ulkopuolelta.\" \/>\n<meta name=\"robots\" content=\"index, follow, max-snippet:-1, max-image-preview:large, max-video-preview:-1\" \/>\n<link rel=\"canonical\" href=\"https:\/\/jackpotlotteryonline.com\/buy-tickets\/lotto-germany\/\" \/>\n<meta property=\"og:locale\" content=\"fi_FI\" \/>\n<meta property=\"og:type\" content=\"article\" \/>\n<meta property=\"og:title\" content=\"Osta lippuja Saksan lottoon Saksan ulkopuolelta | Saksan Lotto netiss\u00e4\" \/>\n<meta property=\"og:description\" content=\"Saksan Lotto 6\/49:n liput saatavilla t\u00e4\u00e4lt\u00e4, voit ostaa ne turvallisesti netist\u00e4 t\u00e4\u00e4lt\u00e4, Saksan ulkopuolelta.\" \/>\n<meta property=\"og:url\" content=\"https:\/\/jackpotlotteryonline.com\/buy-tickets\/lotto-germany\/\" \/>\n<meta property=\"og:site_name\" content=\"Lotto Online - Crack The International Lottery Jackpots\" \/>\n<meta property=\"article:modified_time\" content=\"2023-01-03T20:57:26+00:00\" \/>\n<meta property=\"og:image\" content=\"https:\/\/jackpotlotteryonline.com\/wp-content\/uploads\/2022\/11\/2_ticket_euromillions3-1-111x300.jpg\" \/>\n<meta name=\"twitter:card\" content=\"summary_large_image\" \/>\n<meta name=\"twitter:label1\" content=\"Arvioitu lukuaika\" \/>\n\t<meta name=\"twitter:data1\" content=\"4 minuuttia\" \/>\n<!-- \/ Yoast SEO plugin. -->","yoast_head_json":{"title":"Osta lippuja Saksan lottoon Saksan ulkopuolelta | Saksan Lotto netiss\u00e4","description":"Saksan Lotto 6\/49:n liput saatavilla t\u00e4\u00e4lt\u00e4, voit ostaa ne turvallisesti netist\u00e4 t\u00e4\u00e4lt\u00e4, Saksan ulkopuolelta.","robots":{"index":"index","follow":"follow","max-snippet":"max-snippet:-1","max-image-preview":"max-image-preview:large","max-video-preview":"max-video-preview:-1"},"canonical":"https:\/\/jackpotlotteryonline.com\/buy-tickets\/lotto-germany\/","og_locale":"fi_FI","og_type":"article","og_title":"Osta lippuja Saksan lottoon Saksan ulkopuolelta | Saksan Lotto netiss\u00e4","og_description":"Saksan Lotto 6\/49:n liput saatavilla t\u00e4\u00e4lt\u00e4, voit ostaa ne turvallisesti netist\u00e4 t\u00e4\u00e4lt\u00e4, Saksan ulkopuolelta.","og_url":"https:\/\/jackpotlotteryonline.com\/buy-tickets\/lotto-germany\/","og_site_name":"Lotto Online - Crack The International Lottery Jackpots","article_modified_time":"2023-01-03T20:57:26+00:00","og_image":[{"url":"https:\/\/jackpotlotteryonline.com\/wp-content\/uploads\/2022\/11\/2_ticket_euromillions3-1-111x300.jpg"}],"twitter_card":"summary_large_image","twitter_misc":{"Arvioitu lukuaika":"4 minuuttia"},"schema":{"@context":"https:\/\/schema.org","@graph":[{"@type":"WebPage","@id":"https:\/\/jackpotlotteryonline.com\/buy-tickets\/lotto-germany\/","url":"https:\/\/jackpotlotteryonline.com\/buy-tickets\/lotto-germany\/","name":"Osta lippuja Saksan lottoon Saksan ulkopuolelta | Saksan Lotto netiss\u00e4","isPartOf":{"@id":"https:\/\/jackpotlotteryonline.com\/#website"},"primaryImageOfPage":{"@id":"https:\/\/jackpotlotteryonline.com\/buy-tickets\/lotto-germany\/#primaryimage"},"image":{"@id":"https:\/\/jackpotlotteryonline.com\/buy-tickets\/lotto-germany\/#primaryimage"},"thumbnailUrl":"https:\/\/jackpotlotteryonline.com\/wp-content\/uploads\/2022\/11\/2_ticket_euromillions3-1-111x300.jpg","datePublished":"2022-11-08T09:28:01+00:00","dateModified":"2023-01-03T20:57:26+00:00","description":"Saksan Lotto 6\/49:n liput saatavilla t\u00e4\u00e4lt\u00e4, voit ostaa ne turvallisesti netist\u00e4 t\u00e4\u00e4lt\u00e4, Saksan ulkopuolelta.","breadcrumb":{"@id":"https:\/\/jackpotlotteryonline.com\/buy-tickets\/lotto-germany\/#breadcrumb"},"inLanguage":"fi","potentialAction":[{"@type":"ReadAction","target":["https:\/\/jackpotlotteryonline.com\/buy-tickets\/lotto-germany\/"]}]},{"@type":"ImageObject","inLanguage":"fi","@id":"https:\/\/jackpotlotteryonline.com\/buy-tickets\/lotto-germany\/#primaryimage","url":"https:\/\/jackpotlotteryonline.com\/wp-content\/uploads\/2022\/11\/2_ticket_euromillions3-1-111x300.jpg","contentUrl":"https:\/\/jackpotlotteryonline.com\/wp-content\/uploads\/2022\/11\/2_ticket_euromillions3-1-111x300.jpg"},{"@type":"BreadcrumbList","@id":"https:\/\/jackpotlotteryonline.com\/buy-tickets\/lotto-germany\/#breadcrumb","itemListElement":[{"@type":"ListItem","position":1,"name":"Home","item":"https:\/\/jackpotlotteryonline.com\/fi\/"},{"@type":"ListItem","position":2,"name":"Miten ostaa lottokuponkeja verkossa","item":"https:\/\/jackpotlotteryonline.com\/fi\/osta-lippuja\/"},{"@type":"ListItem","position":3,"name":"Osta lippuja Lotto Saksa"}]},{"@type":"WebSite","@id":"https:\/\/jackpotlotteryonline.com\/#website","url":"https:\/\/jackpotlotteryonline.com\/","name":"Lotto Online - Crack The International Lottery Jackpots","description":"","potentialAction":[{"@type":"SearchAction","target":{"@type":"EntryPoint","urlTemplate":"https:\/\/jackpotlotteryonline.com\/?s={search_term_string}"},"query-input":"required name=search_term_string"}],"inLanguage":"fi"}]}},"_links":{"self":[{"href":"https:\/\/jackpotlotteryonline.com\/fi\/wp-json\/wp\/v2\/pages\/36667","targetHints":{"allow":["GET"]}}],"collection":[{"href":"https:\/\/jackpotlotteryonline.com\/fi\/wp-json\/wp\/v2\/pages"}],"about":[{"href":"https:\/\/jackpotlotteryonline.com\/fi\/wp-json\/wp\/v2\/types\/page"}],"author":[{"embeddable":true,"href":"https:\/\/jackpotlotteryonline.com\/fi\/wp-json\/wp\/v2\/users\/1"}],"replies":[{"embeddable":true,"href":"https:\/\/jackpotlotteryonline.com\/fi\/wp-json\/wp\/v2\/comments?post=36667"}],"version-history":[{"count":0,"href":"https:\/\/jackpotlotteryonline.com\/fi\/wp-json\/wp\/v2\/pages\/36667\/revisions"}],"up":[{"embeddable":true,"href":"https:\/\/jackpotlotteryonline.com\/fi\/wp-json\/wp\/v2\/pages\/35749"}],"wp:attachment":[{"href":"https:\/\/jackpotlotteryonline.com\/fi\/wp-json\/wp\/v2\/media?parent=36667"}],"curies":[{"name":"wp","href":"https:\/\/api.w.org\/{rel}","templated":true}]}}