{"id":36721,"date":"2022-11-08T11:27:15","date_gmt":"2022-11-08T11:27:15","guid":{"rendered":"https:\/\/jackpotlotteryonline.com\/?page_id=36721"},"modified":"2022-12-21T14:38:21","modified_gmt":"2022-12-21T14:38:21","slug":"la-primitiva","status":"publish","type":"page","link":"https:\/\/jackpotlotteryonline.com\/fi\/osta-lippuja\/la-primitiva\/","title":{"rendered":"Osta La Primitiva lippuja"},"content":{"rendered":"<h2>La Primitiva Online<\/h2>\n<p>Espanjalaiset arpajaiset ovat aina kiehtoneet monia, eik\u00e4 La Primitiva ole poikkeus. Ja nyt voit <strong>ostaa La Primitivan lipun netist\u00e4 Espanjan ulkopuolelta.<\/strong> Aiemmin La Primitiva oli rajoitettu vain Espanjan kansalaisille, mutta viestinn\u00e4n yleistymisen my\u00f6t\u00e4 se on siirtynyt seuraavalle sukupolvelle ja sit\u00e4 tarjotaan kaikille yli 18-vuotiaille.<\/p>\n<p>Verkkosivustomme kautta La Primitiva -lottoa voi nyt pelata verkossa. Se on yksi suurimmista eurooppalaisista arpajaisista, ja siin\u00e4 on valtavia voittoja.<\/p>\n<p>Jos haluat ostaa La Primitiva -lottokupongin netist\u00e4 ja asut Espanjan ulkopuolella, ainoa vaihtoehtosi on ostaa se meilt\u00e4. Meill\u00e4 on paljon asiakkaita eri puolilta maailmaa, ja me tarjoamme sinulle parhaat palvelut, joihin kuuluu La Primitiva -loton lipun ostaminen puolestasi, numeroiden valinnassa auttaminen ja sen varmistaminen, ett\u00e4 palkintorahat toimitetaan sinulle turvallisesti.<\/p>\n<section class=\"layout\" style=\"border: solid 1px; width: 100%;\">\n<div class=\"img-div\" style=\"margin-top: 5px;\"><img decoding=\"async\" class=\"wp-image-17212 alignleft\" style=\"height: 45px; margin: 8px 8px 0px;\" src=\"http:\/\/jackpotlotteryonline.com\/wp-content\/uploads\/2022\/11\/read1.jpg\" alt=\"lue\" width=\"\" height=\"\" \/><\/div>\n<div style=\"padding-left: 5px;\">\n<div style=\"font-size: 1.1em;\">\n<p><strong>Mik\u00e4 on lottomenestyksen salaisuus?<\/strong><\/p>\n<p style=\"font-size: 0.85em; margin-top: -1.5em;\">Kuinka pelata lottoa menestyksekk\u00e4\u00e4sti \u00a0<a href=\"https:\/\/jackpotlotteryonline.com\/fi\/mika-on-lottomenestyksen-salaisuus\">Lue lis\u00e4\u00e4<\/a><\/p>\n<\/div>\n<\/div>\n<\/section>\n<h2>Miksi pelata La Primitivaa netiss\u00e4<\/h2>\n<p><a href=\"https:\/\/jackpotlotteryonline.com\/fi\/voittonumerot\/la-primitiva\">La Primitiva Online arpoo<\/a> kolme kertaa viikossa. N\u00e4in j\u00e4ttipotit ehtiv\u00e4t nousta nopeasti. Samalla voittomahdollisuudet ovat melko hyv\u00e4t, jopa ylimmill\u00e4 palkintotasoilla. Jokaisella La Primitiva Onlineen osallistuvalla lottofanilla on 1:6 todenn\u00e4k\u00f6isyys voittaa rahapalkinto.<\/p>\n<h2>La Primitiva vs. El Gordo vs. Espanjan joululotot<\/h2>\n<p>Ylivoimaisesti yksi suurimmista lotoista tarjottujen palkintojen suhteen, La Primitiva on yksi halutuimmista monista lottoj\u00e4ttipoteista, joita voit <a href=\"https:\/\/jackpotlotteryonline.com\/fi\/kuinka-pelata\/la-primitiva-2\">pelata sivustollamme<\/a>. Ei ole mit\u00e4\u00e4n syyt\u00e4 menett\u00e4\u00e4 toivoa tai mahdollisuutta, vaikka et asuisi Espanjassa. Voit pelata mist\u00e4 p\u00e4in maailmaa tahansa, jos olet yli 18-vuotias.<\/p>\n<p>El Gordo on t\u00e4ysin eri lotto, mutta voit pelata sit\u00e4kin sivustollamme. El Gordo arvotaan vain kerran viikossa, sunnuntaisin.<\/p>\n<p>La Primitivan ja El Gordon s\u00e4\u00e4nn\u00f6llisten viikoittaisten arvontojen lis\u00e4ksi on El Gordon joulunumero, joka arvotaan vain kerran vuodessa, 22. joulukuuta.<\/p>\n","protected":false},"excerpt":{"rendered":"<p>La Primitiva Online Espanjalaiset arpajaiset ovat aina kiehtoneet monia, eik\u00e4 La Primitiva ole poikkeus. Ja nyt voit ostaa La Primitivan lipun netist\u00e4 Espanjan ulkopuolelta. Aiemmin La Primitiva oli rajoitettu vain Espanjan kansalaisille, mutta viestinn\u00e4n yleistymisen my\u00f6t\u00e4 se on siirtynyt seuraavalle sukupolvelle ja sit\u00e4 tarjotaan kaikille yli 18-vuotiaille. Verkkosivustomme kautta La Primitiva -lottoa voi nyt pelata [&hellip;]<\/p>\n","protected":false},"author":1,"featured_media":0,"parent":35749,"menu_order":7,"comment_status":"closed","ping_status":"closed","template":"la-primitiva-info.php","meta":{"_et_pb_use_builder":"","_et_pb_old_content":"","_et_gb_content_width":"","exclude_from_search":false,"footnotes":""},"class_list":["post-36721","page","type-page","status-publish","hentry"],"yoast_head":"<!-- This site is optimized with the Yoast SEO plugin v23.3 - https:\/\/yoast.com\/wordpress\/plugins\/seo\/ -->\n<title>Osta lippu La Primitiva Lottoon verkossa ja Espanjan ulkopuolelta<\/title>\n<meta name=\"description\" content=\"Osta lippuja La Primitiva Lottoon Espanjan ulkopuolelta, laita sormet ristiin, odota ja tee iso voitto!\" \/>\n<meta name=\"robots\" content=\"index, follow, max-snippet:-1, max-image-preview:large, max-video-preview:-1\" \/>\n<link rel=\"canonical\" href=\"https:\/\/jackpotlotteryonline.com\/buy-tickets\/la-primitiva\/\" \/>\n<meta property=\"og:locale\" content=\"fi_FI\" \/>\n<meta property=\"og:type\" content=\"article\" \/>\n<meta property=\"og:title\" content=\"Osta lippu La Primitiva Lottoon verkossa ja Espanjan ulkopuolelta\" \/>\n<meta property=\"og:description\" content=\"Osta lippuja La Primitiva Lottoon Espanjan ulkopuolelta, laita sormet ristiin, odota ja tee iso voitto!\" \/>\n<meta property=\"og:url\" content=\"https:\/\/jackpotlotteryonline.com\/buy-tickets\/la-primitiva\/\" \/>\n<meta property=\"og:site_name\" content=\"Lotto Online - Crack The International Lottery Jackpots\" \/>\n<meta property=\"article:modified_time\" content=\"2022-12-21T14:38:21+00:00\" \/>\n<meta property=\"og:image\" content=\"http:\/\/jackpotlotteryonline.com\/wp-content\/uploads\/2022\/11\/read1.jpg\" \/>\n<meta name=\"twitter:card\" content=\"summary_large_image\" \/>\n<meta name=\"twitter:label1\" content=\"Arvioitu lukuaika\" \/>\n\t<meta name=\"twitter:data1\" content=\"2 minuuttia\" \/>\n<!-- \/ Yoast SEO plugin. -->","yoast_head_json":{"title":"Osta lippu La Primitiva Lottoon verkossa ja Espanjan ulkopuolelta","description":"Osta lippuja La Primitiva Lottoon Espanjan ulkopuolelta, laita sormet ristiin, odota ja tee iso voitto!","robots":{"index":"index","follow":"follow","max-snippet":"max-snippet:-1","max-image-preview":"max-image-preview:large","max-video-preview":"max-video-preview:-1"},"canonical":"https:\/\/jackpotlotteryonline.com\/buy-tickets\/la-primitiva\/","og_locale":"fi_FI","og_type":"article","og_title":"Osta lippu La Primitiva Lottoon verkossa ja Espanjan ulkopuolelta","og_description":"Osta lippuja La Primitiva Lottoon Espanjan ulkopuolelta, laita sormet ristiin, odota ja tee iso voitto!","og_url":"https:\/\/jackpotlotteryonline.com\/buy-tickets\/la-primitiva\/","og_site_name":"Lotto Online - Crack The International Lottery Jackpots","article_modified_time":"2022-12-21T14:38:21+00:00","og_image":[{"url":"http:\/\/jackpotlotteryonline.com\/wp-content\/uploads\/2022\/11\/read1.jpg"}],"twitter_card":"summary_large_image","twitter_misc":{"Arvioitu lukuaika":"2 minuuttia"},"schema":{"@context":"https:\/\/schema.org","@graph":[{"@type":"WebPage","@id":"https:\/\/jackpotlotteryonline.com\/buy-tickets\/la-primitiva\/","url":"https:\/\/jackpotlotteryonline.com\/buy-tickets\/la-primitiva\/","name":"Osta lippu La Primitiva Lottoon verkossa ja Espanjan ulkopuolelta","isPartOf":{"@id":"https:\/\/jackpotlotteryonline.com\/#website"},"primaryImageOfPage":{"@id":"https:\/\/jackpotlotteryonline.com\/buy-tickets\/la-primitiva\/#primaryimage"},"image":{"@id":"https:\/\/jackpotlotteryonline.com\/buy-tickets\/la-primitiva\/#primaryimage"},"thumbnailUrl":"http:\/\/jackpotlotteryonline.com\/wp-content\/uploads\/2022\/11\/read1.jpg","datePublished":"2022-11-08T11:27:15+00:00","dateModified":"2022-12-21T14:38:21+00:00","description":"Osta lippuja La Primitiva Lottoon Espanjan ulkopuolelta, laita sormet ristiin, odota ja tee iso voitto!","breadcrumb":{"@id":"https:\/\/jackpotlotteryonline.com\/buy-tickets\/la-primitiva\/#breadcrumb"},"inLanguage":"fi","potentialAction":[{"@type":"ReadAction","target":["https:\/\/jackpotlotteryonline.com\/buy-tickets\/la-primitiva\/"]}]},{"@type":"ImageObject","inLanguage":"fi","@id":"https:\/\/jackpotlotteryonline.com\/buy-tickets\/la-primitiva\/#primaryimage","url":"http:\/\/jackpotlotteryonline.com\/wp-content\/uploads\/2022\/11\/read1.jpg","contentUrl":"http:\/\/jackpotlotteryonline.com\/wp-content\/uploads\/2022\/11\/read1.jpg"},{"@type":"BreadcrumbList","@id":"https:\/\/jackpotlotteryonline.com\/buy-tickets\/la-primitiva\/#breadcrumb","itemListElement":[{"@type":"ListItem","position":1,"name":"Home","item":"https:\/\/jackpotlotteryonline.com\/fi\/"},{"@type":"ListItem","position":2,"name":"Miten ostaa lottokuponkeja verkossa","item":"https:\/\/jackpotlotteryonline.com\/fi\/osta-lippuja\/"},{"@type":"ListItem","position":3,"name":"Osta La Primitiva lippuja"}]},{"@type":"WebSite","@id":"https:\/\/jackpotlotteryonline.com\/#website","url":"https:\/\/jackpotlotteryonline.com\/","name":"Lotto Online - Crack The International Lottery Jackpots","description":"","potentialAction":[{"@type":"SearchAction","target":{"@type":"EntryPoint","urlTemplate":"https:\/\/jackpotlotteryonline.com\/?s={search_term_string}"},"query-input":"required name=search_term_string"}],"inLanguage":"fi"}]}},"_links":{"self":[{"href":"https:\/\/jackpotlotteryonline.com\/fi\/wp-json\/wp\/v2\/pages\/36721","targetHints":{"allow":["GET"]}}],"collection":[{"href":"https:\/\/jackpotlotteryonline.com\/fi\/wp-json\/wp\/v2\/pages"}],"about":[{"href":"https:\/\/jackpotlotteryonline.com\/fi\/wp-json\/wp\/v2\/types\/page"}],"author":[{"embeddable":true,"href":"https:\/\/jackpotlotteryonline.com\/fi\/wp-json\/wp\/v2\/users\/1"}],"replies":[{"embeddable":true,"href":"https:\/\/jackpotlotteryonline.com\/fi\/wp-json\/wp\/v2\/comments?post=36721"}],"version-history":[{"count":0,"href":"https:\/\/jackpotlotteryonline.com\/fi\/wp-json\/wp\/v2\/pages\/36721\/revisions"}],"up":[{"embeddable":true,"href":"https:\/\/jackpotlotteryonline.com\/fi\/wp-json\/wp\/v2\/pages\/35749"}],"wp:attachment":[{"href":"https:\/\/jackpotlotteryonline.com\/fi\/wp-json\/wp\/v2\/media?parent=36721"}],"curies":[{"name":"wp","href":"https:\/\/api.w.org\/{rel}","templated":true}]}}