{"id":36776,"date":"2022-11-09T06:34:10","date_gmt":"2022-11-09T06:34:10","guid":{"rendered":"https:\/\/jackpotlotteryonline.com\/?page_id=36776"},"modified":"2023-01-03T21:32:45","modified_gmt":"2023-01-03T21:32:45","slug":"lotto-france","status":"publish","type":"page","link":"https:\/\/jackpotlotteryonline.com\/fi\/osta-lippuja\/lotto-france\/","title":{"rendered":"Osta Lotto Ranska lippuja"},"content":{"rendered":"<p>Voiko Ranskan Loton lippuja ostaa Euroopan maan ulkopuolelta? Ehk\u00e4 olet kokenut vedonly\u00f6j\u00e4 tai vasta-alkaja ja mietit, miksi juuri kyseinen lotto kiinnostaisi sinua. Kerromme sinulle muutamia syit\u00e4, miksi uskomme, ett\u00e4 Ranskan kansallinen lotto on loistava peli pelata. Jos olet pelaaja jostain muualta maailmasta, saat tiet\u00e4\u00e4, miten voit ostaa osallistumisia my\u00f6s t\u00e4h\u00e4n lottoon.<\/p>\n<p>Lotto on onnenpeli, ja joskus sinun on ehk\u00e4 levitett\u00e4v\u00e4 verkkoasi saadaksesi isomman kalan kiinni. Periaatteessa t\u00e4m\u00e4 tarkoittaa muiden lottojen tutkimista, jotta voit lis\u00e4t\u00e4 voittomahdollisuuksiasi. Ranskan arpajaiset ovat hyv\u00e4 lotto, jota kannattaa kokeilla monista syist\u00e4, ja k\u00e4sittelemme niit\u00e4 t\u00e4ss\u00e4 artikkelissa.<\/p>\n<h2>H\u00e4mm\u00e4stytt\u00e4v\u00e4t j\u00e4ttipotit<\/h2>\n<p>Ranskan lotossa, jota kutsutaan my\u00f6s nimell\u00e4 France Lotto tai lyhyesti vain Loto, on eritt\u00e4in houkuttelevia j\u00e4ttipotteja, jotka vet\u00e4v\u00e4t pelaajia ymp\u00e4ri maailmaa. Jackpotin l\u00e4ht\u00f6summa on 2 miljoonaa euroa, ja sill\u00e4 on mahdollisuus kasvaa paljon suuremmaksi, jos sit\u00e4 ei voiteta jokaisen arvonnan j\u00e4lkeen.<\/p>\n<p>Ranskalaisen loton j\u00e4ttipotti kierr\u00e4tet\u00e4\u00e4n, kun voittajaa ei ole, ja se kasvaa jatkuvasti, kunnes se saavuttaa huomattavan summan. Kun pelaat t\u00e4t\u00e4 eurooppalaista lottoa, voit voittaa v\u00e4hint\u00e4\u00e4n 11 miljoonan euron j\u00e4ttipotin.<\/p>\n<p>Jackpot kasvaa 1 miljoonalla eurolla jokaisen arvonnan j\u00e4lkeen, ja se voi kasvaa 34 kertaa per\u00e4kk\u00e4in, ennen kuin se lakkaa py\u00f6rim\u00e4st\u00e4. Yrit\u00e4 kuvitella, kuinka paljon se voi olla, ja viel\u00e4p\u00e4 melko nopeasti.<\/p>\n<h2>Useita arvontoja viikossa<\/h2>\n<p>Syy siihen, miksi j\u00e4ttipotti kasvaa niin nopeasti, on arvontojen m\u00e4\u00e4r\u00e4.<a href=\"https:\/\/jackpotlotteryonline.com\/fi\/voittonumerot\/france-lotto-2\"> Ranskan lotossa on kolme arvontakertaa viikossa<\/a>, mik\u00e4 antaa pelaajille useita mahdollisuuksia voittaa suuria summia. Arvonta suoritetaan maanantaina, keskiviikkona ja lauantaina.<\/p>\n<p>Jos p\u00e4\u00e4t\u00e4t osallistua t\u00e4h\u00e4n lottoon, suosittelemme osallistumaan useisiin arvontoihin, sill\u00e4 se on hyv\u00e4 tapa lis\u00e4t\u00e4 voittomahdollisuuksiasi.<\/p>\n<h2>10 eri palkintoluokkaa<\/h2>\n<p><img loading=\"lazy\" decoding=\"async\" class=\"alignright size-full wp-image-30344\" src=\"https:\/\/jackpotlotteryonline.com\/wp-content\/uploads\/2022\/11\/1_winning_numbers_euromillions.jpg\" alt=\"Ranska lotto palkintoluokka\" width=\"300\" height=\"300\" srcset=\"https:\/\/jackpotlotteryonline.com\/wp-content\/uploads\/2022\/11\/1_winning_numbers_euromillions.jpg 300w, https:\/\/jackpotlotteryonline.com\/wp-content\/uploads\/2022\/11\/1_winning_numbers_euromillions-100x100.jpg 100w, https:\/\/jackpotlotteryonline.com\/wp-content\/uploads\/2022\/11\/1_winning_numbers_euromillions-150x150.jpg 150w\" sizes=\"auto, (max-width: 300px) 100vw, 300px\" \/><\/p>\n<p>Jackpot-palkinto on houkutteleva, mutta se ei ole ainoa asia, jonka voit voittaa<a href=\"https:\/\/jackpotlotteryonline.com\/fi\/kuinka-pelata\/france-lotto\"> pelatessasi Ranskan lottoa<\/a>. T\u00e4ss\u00e4 vuonna 1978 perustetussa lotossa on kymmenen eri palkintoluokkaa. On jopa palkinto, joka my\u00f6nnet\u00e4\u00e4n sattumanumeron t\u00e4sm\u00e4\u00e4misest\u00e4.<\/p>\n<p>Palkintoluokat on lueteltu alla.<\/p>\n<p>Vastaavat 5 numeroa + sattumanumero &#8211; Jackpot<br \/>\nVain 5 numeroa &#8211; 8,44 % palkintorahasta.<br \/>\nOsuma 4 numeroa + sattumanumero &#8211; 2,06 % palkintorahoista.<br \/>\nVain 4 numeroa &#8211; 7,43 % palkintorahaston m\u00e4\u00e4r\u00e4st\u00e4.<br \/>\nOttelussa 3 numeroa + satunnaisnumero &#8211; 4,44 % palkintorahaston m\u00e4\u00e4r\u00e4st\u00e4.<br \/>\nVain 3 numeroa &#8211; 15,98 % palkintorahasta<br \/>\nOttelu 2 numeroa + satunnaisnumero &#8211; 12,43 % palkintorahaston m\u00e4\u00e4r\u00e4st\u00e4.<br \/>\nVain 2 numeroa &#8211; 49,22 % palkintorahasta<br \/>\nOttelu 1 numero + satunnaisnumero &#8211; 2,20 \u20ac.<br \/>\nVain satunnaisnumero &#8211; 2,20 \u20ac<\/p>\n<h2>Helppo pelata offline ja online<\/h2>\n<p>Toinen syy harkita ranskalaisen loton pelaamista on se, ett\u00e4 lottoon osallistuminen on melko helppoa. Jos asut Ranskassa, lottoon osallistuminen on yht\u00e4 yksinkertaista kuin menn\u00e4 rekister\u00f6ityneeseen lottomyyj\u00e4\u00e4n ostamaan lottolappu. Lappuun merkit\u00e4\u00e4n 5 p\u00e4\u00e4numeroa ja yksi sattumanumero. Voit valita useamman kuin yhden numerorivin lis\u00e4t\u00e4ksesi mahdollisuuksiasi voittaa lotossa.<\/p>\n<p>Jos asut Ranskan ulkopuolella, lottoon osallistuminen ei ole yht\u00e4 yksinkertaista. Et voi k\u00e4vell\u00e4 kauppaan ostamaan lottokuponkeja t\u00e4h\u00e4n arvontaan, joten vaihtoehtona on ostaa liput netist\u00e4. Jos osallistut lottoon internetin kautta, sama periaate p\u00e4tee. Eli valitse 5 p\u00e4\u00e4numeroa ja yksi sattumanumero.<\/p>\n<p>Riippumatta siit\u00e4, pelaatko arpajaisia offline- vai online, sinun on valittava arvontojen m\u00e4\u00e4r\u00e4, joihin haluat osallistua. Arvontojen p\u00e4\u00e4tteeksi arpajaiset voittaa arpa, joka vastaa arvottuja numeroita.<\/p>\n<section class=\"layout\" style=\"border: solid 1px; width: 100%;\">\n<div class=\"img-div\" style=\"margin-top: 5px;\"><img decoding=\"async\" class=\"wp-image-17212 alignleft\" style=\"height: 45px; margin: 8px 8px 0px;\" src=\"https:\/\/jackpotlotteryonline.com\/wp-content\/uploads\/2022\/11\/read1.jpg\" alt=\"lue\" width=\"\" height=\"\" \/><\/div>\n<div style=\"padding-left: 5px;\">\n<div style=\"font-size: 1.1em;\">\n<p><strong>Katso lottonumeroiden arvonta suorana l\u00e4hetyksen\u00e4<\/strong><\/p>\n<p style=\"font-size: 0.85em; margin-top: -1.5em;\">Miten voit seurata suosikkilottojen live-arvontoja?\u00a0\u00a0<a href=\"https:\/\/jackpotlotteryonline.com\/fi\/katsella-lottorivi-arvotaan-livena\"> Lue lis\u00e4\u00e4<\/a><\/p>\n<\/div>\n<\/div>\n<\/section>\n<h2>Pelaa Ranskan lottoa jackpotlotteryonline.com-sivuston avulla.<\/h2>\n<p>Jos olet uusi lottopelaaja internetin kautta, asiat voivat menn\u00e4 hyvin nopeasti sekaviksi. Miten lajittelet kaikkien eri sivustojen joukosta, jotka v\u00e4itt\u00e4v\u00e4t myyv\u00e4ns\u00e4 lottokuponkeja, aidot myyj\u00e4t? Se on yksinkertaista. Etsi sivusto, joka tarjoaa concierge-palveluja.<\/p>\n<p>Me jackpotlotteryoneline.com-sivustolla tarjoamme asiakkaillemme concierge-palveluja varmistaaksemme, ett\u00e4 he p\u00e4\u00e4sev\u00e4t valitsemiinsa arpajaisiin. Kun ostat merkinn\u00e4n sivustoltamme, Ranskassa toimivat edustajamme ostavat fyysiset lottokupongit valitsemallasi numerolla.<\/p>\n<p>Syy t\u00e4h\u00e4n on sen varmistaminen, ett\u00e4 et vain ly\u00f6 vetoa lottotuloksesta, vaan ett\u00e4 todella osallistut arvontoihin saadaksesi mahdollisuuden voittaa j\u00e4ttipotin.<\/p>\n<h2>Vinkkej\u00e4 voittomahdollisuuksien lis\u00e4\u00e4miseksi<\/h2>\n<p><img loading=\"lazy\" decoding=\"async\" class=\"alignright size-full wp-image-35051\" src=\"https:\/\/jackpotlotteryonline.com\/wp-content\/uploads\/2022\/11\/2_ticket_saturday_lotto_au-1-166x300-1.jpg\" alt=\"Ranska lottokuponki\" width=\"166\" height=\"300\" \/><\/p>\n<p>Lotto on numeropeli. Mit\u00e4 enemm\u00e4n pelaat, sit\u00e4 suuremmat voittomahdollisuutesi ovat. Suuri osa lottovoittajista paljasti, ett\u00e4 he olivat pelanneet useita vuosia ennen voittoa. T\u00e4ss\u00e4 on siis muutamia tapoja, joilla voit lis\u00e4t\u00e4 mahdollisuuksiasi voittaa lotossa.<\/p>\n<ul>\n<li>Osta useita merkint\u00f6j\u00e4 lottoon. T\u00e4m\u00e4 tuntuu niin itsest\u00e4\u00e4n selv\u00e4lt\u00e4, mutta on ihmisi\u00e4, jotka ostavat yhden merkinn\u00e4n yhteen arvontaan ja ovat sitten pettyneit\u00e4, koska eiv\u00e4t voittaneet. Jos haluat lis\u00e4t\u00e4 voittomahdollisuuksiasi, sinun on ostettava useita merkint\u00f6j\u00e4.<\/li>\n<li>Osallistu my\u00f6s useisiin arvontoihin. Logiikka on sama arvontojen osalta. Mit\u00e4 useampaan arvontaan osallistut, sit\u00e4 suuremmat mahdollisuudet sinulla on voittaa suuria summia.<\/li>\n<li>Kokeile liitty\u00e4 lottoyhtym\u00e4\u00e4n. T\u00e4m\u00e4 on ryhm\u00e4 ihmisi\u00e4, jotka kokoontuvat yhteen yhdist\u00e4\u00e4kseen voimavaransa, jotta he voivat pelata lottoa. Yhdistetyill\u00e4 resursseilla he voivat ostaa enemm\u00e4n osallistumisoikeuksia ja osallistua useisiin arvontoihin. Mielenkiintoista on, ett\u00e4 monet lottosyndikaatit ovat voittaneet uskomattomia j\u00e4ttipotteja vuosien varrella, joten se on hyv\u00e4 vaihtoehto kokeilla.<\/li>\n<li>Usko, ett\u00e4 voitat. Vetovoiman laki on olemassa, ja monet lottovoittajat kertoisivat, ett\u00e4 he uskoivat lottovoittoon. Jos aiot viett\u00e4\u00e4 aikaa lottopeliss\u00e4, on hyv\u00e4 olla vahva usko siihen, ett\u00e4 voitat.<\/li>\n<li>\u00c4l\u00e4 anna periksi. On houkuttelevaa luovuttaa, kun pelaat muutaman kerran voittamatta. Mutta jos todella haluat voittaa suuria voittoja, sinun on oltava johdonmukainen. Panosta vain sen verran, mihin sinulla on varaa.<\/li>\n<li>Muista pit\u00e4\u00e4 hauskaa lottoa pelatessasi. Loppujen lopuksi kyseess\u00e4 on kuitenkin peli, ja kunhan nautit kokemuksesta, se on sen arvoista.<\/li>\n<\/ul>\n<h2>Osta Ranskan lottokuponkeja nyt<\/h2>\n<p>Jos olet innostunut Ranskan lotosta kuten mekin, on aika ostaa osallistumisesi lottoon. Onneksi sill\u00e4 ei ole en\u00e4\u00e4 v\u00e4li\u00e4, miss\u00e4 asut, sill\u00e4 voit ostaa lippusi verkossa.<\/p>\n<p>Kun rekister\u00f6idyt meille, sinun ei tarvitse huolehtia siit\u00e4, ett\u00e4 kadotat lippusi tai unohdat tarkistaa tulokset. Me hoidamme kaiken t\u00e4m\u00e4n puolestasi ja ilmoitamme sinulle mahdollisista voitoistasi. Voit my\u00f6s nostaa voittosi helposti alustamme kautta.<\/p>\n<p>Lottopelaaminen on saumaton ja stressit\u00f6n kokemus, kun pelaat sivustollamme. Koskaan ei voi tiet\u00e4\u00e4, onko t\u00e4m\u00e4 se p\u00e4iv\u00e4, jolloin onni on puolellasi. Joten miksi et rekister\u00f6ityisi meille jo t\u00e4n\u00e4\u00e4n ostaaksesi lippuja Ranskan lottoon?<\/p>\n","protected":false},"excerpt":{"rendered":"<p>Voiko Ranskan Loton lippuja ostaa Euroopan maan ulkopuolelta? Ehk\u00e4 olet kokenut vedonly\u00f6j\u00e4 tai vasta-alkaja ja mietit, miksi juuri kyseinen lotto kiinnostaisi sinua. Kerromme sinulle muutamia syit\u00e4, miksi uskomme, ett\u00e4 Ranskan kansallinen lotto on loistava peli pelata. Jos olet pelaaja jostain muualta maailmasta, saat tiet\u00e4\u00e4, miten voit ostaa osallistumisia my\u00f6s t\u00e4h\u00e4n lottoon. Lotto on onnenpeli, ja [&hellip;]<\/p>\n","protected":false},"author":1,"featured_media":0,"parent":35749,"menu_order":9,"comment_status":"closed","ping_status":"closed","template":"lotto-fr-info.php","meta":{"_et_pb_use_builder":"","_et_pb_old_content":"","_et_gb_content_width":"","exclude_from_search":false,"footnotes":""},"class_list":["post-36776","page","type-page","status-publish","hentry"],"yoast_head":"<!-- This site is optimized with the Yoast SEO plugin v23.3 - https:\/\/yoast.com\/wordpress\/plugins\/seo\/ -->\n<title>Osta lippuja Ranskan lottoon Ranskan ulkopuolelta | Hanki Ranskan lottokuponkeja netist\u00e4<\/title>\n<meta name=\"description\" content=\"Ostaaksesi lippuja France Lotto, sinun ei tarvitse olla Ranskassa. Hanki liput Ranskan lottoon netist\u00e4 t\u00e4\u00e4lt\u00e4!\" \/>\n<meta name=\"robots\" content=\"index, follow, max-snippet:-1, max-image-preview:large, max-video-preview:-1\" \/>\n<link rel=\"canonical\" href=\"https:\/\/jackpotlotteryonline.com\/buy-tickets\/lotto-france\/\" \/>\n<meta property=\"og:locale\" content=\"fi_FI\" \/>\n<meta property=\"og:type\" content=\"article\" \/>\n<meta property=\"og:title\" content=\"Osta lippuja Ranskan lottoon Ranskan ulkopuolelta | Hanki Ranskan lottokuponkeja netist\u00e4\" \/>\n<meta property=\"og:description\" content=\"Ostaaksesi lippuja France Lotto, sinun ei tarvitse olla Ranskassa. Hanki liput Ranskan lottoon netist\u00e4 t\u00e4\u00e4lt\u00e4!\" \/>\n<meta property=\"og:url\" content=\"https:\/\/jackpotlotteryonline.com\/buy-tickets\/lotto-france\/\" \/>\n<meta property=\"og:site_name\" content=\"Lotto Online - Crack The International Lottery Jackpots\" \/>\n<meta property=\"article:modified_time\" content=\"2023-01-03T21:32:45+00:00\" \/>\n<meta property=\"og:image\" content=\"https:\/\/jackpotlotteryonline.com\/wp-content\/uploads\/2022\/11\/1_winning_numbers_euromillions.jpg\" \/>\n<meta name=\"twitter:card\" content=\"summary_large_image\" \/>\n<meta name=\"twitter:label1\" content=\"Arvioitu lukuaika\" \/>\n\t<meta name=\"twitter:data1\" content=\"5 minuuttia\" \/>\n<!-- \/ Yoast SEO plugin. -->","yoast_head_json":{"title":"Osta lippuja Ranskan lottoon Ranskan ulkopuolelta | Hanki Ranskan lottokuponkeja netist\u00e4","description":"Ostaaksesi lippuja France Lotto, sinun ei tarvitse olla Ranskassa. Hanki liput Ranskan lottoon netist\u00e4 t\u00e4\u00e4lt\u00e4!","robots":{"index":"index","follow":"follow","max-snippet":"max-snippet:-1","max-image-preview":"max-image-preview:large","max-video-preview":"max-video-preview:-1"},"canonical":"https:\/\/jackpotlotteryonline.com\/buy-tickets\/lotto-france\/","og_locale":"fi_FI","og_type":"article","og_title":"Osta lippuja Ranskan lottoon Ranskan ulkopuolelta | Hanki Ranskan lottokuponkeja netist\u00e4","og_description":"Ostaaksesi lippuja France Lotto, sinun ei tarvitse olla Ranskassa. Hanki liput Ranskan lottoon netist\u00e4 t\u00e4\u00e4lt\u00e4!","og_url":"https:\/\/jackpotlotteryonline.com\/buy-tickets\/lotto-france\/","og_site_name":"Lotto Online - Crack The International Lottery Jackpots","article_modified_time":"2023-01-03T21:32:45+00:00","og_image":[{"url":"https:\/\/jackpotlotteryonline.com\/wp-content\/uploads\/2022\/11\/1_winning_numbers_euromillions.jpg"}],"twitter_card":"summary_large_image","twitter_misc":{"Arvioitu lukuaika":"5 minuuttia"},"schema":{"@context":"https:\/\/schema.org","@graph":[{"@type":"WebPage","@id":"https:\/\/jackpotlotteryonline.com\/buy-tickets\/lotto-france\/","url":"https:\/\/jackpotlotteryonline.com\/buy-tickets\/lotto-france\/","name":"Osta lippuja Ranskan lottoon Ranskan ulkopuolelta | Hanki Ranskan lottokuponkeja netist\u00e4","isPartOf":{"@id":"https:\/\/jackpotlotteryonline.com\/#website"},"primaryImageOfPage":{"@id":"https:\/\/jackpotlotteryonline.com\/buy-tickets\/lotto-france\/#primaryimage"},"image":{"@id":"https:\/\/jackpotlotteryonline.com\/buy-tickets\/lotto-france\/#primaryimage"},"thumbnailUrl":"https:\/\/jackpotlotteryonline.com\/wp-content\/uploads\/2022\/11\/1_winning_numbers_euromillions.jpg","datePublished":"2022-11-09T06:34:10+00:00","dateModified":"2023-01-03T21:32:45+00:00","description":"Ostaaksesi lippuja France Lotto, sinun ei tarvitse olla Ranskassa. Hanki liput Ranskan lottoon netist\u00e4 t\u00e4\u00e4lt\u00e4!","breadcrumb":{"@id":"https:\/\/jackpotlotteryonline.com\/buy-tickets\/lotto-france\/#breadcrumb"},"inLanguage":"fi","potentialAction":[{"@type":"ReadAction","target":["https:\/\/jackpotlotteryonline.com\/buy-tickets\/lotto-france\/"]}]},{"@type":"ImageObject","inLanguage":"fi","@id":"https:\/\/jackpotlotteryonline.com\/buy-tickets\/lotto-france\/#primaryimage","url":"https:\/\/jackpotlotteryonline.com\/wp-content\/uploads\/2022\/11\/1_winning_numbers_euromillions.jpg","contentUrl":"https:\/\/jackpotlotteryonline.com\/wp-content\/uploads\/2022\/11\/1_winning_numbers_euromillions.jpg"},{"@type":"BreadcrumbList","@id":"https:\/\/jackpotlotteryonline.com\/buy-tickets\/lotto-france\/#breadcrumb","itemListElement":[{"@type":"ListItem","position":1,"name":"Home","item":"https:\/\/jackpotlotteryonline.com\/fi\/"},{"@type":"ListItem","position":2,"name":"Miten ostaa lottokuponkeja verkossa","item":"https:\/\/jackpotlotteryonline.com\/fi\/osta-lippuja\/"},{"@type":"ListItem","position":3,"name":"Osta Lotto Ranska lippuja"}]},{"@type":"WebSite","@id":"https:\/\/jackpotlotteryonline.com\/#website","url":"https:\/\/jackpotlotteryonline.com\/","name":"Lotto Online - Crack The International Lottery Jackpots","description":"","potentialAction":[{"@type":"SearchAction","target":{"@type":"EntryPoint","urlTemplate":"https:\/\/jackpotlotteryonline.com\/?s={search_term_string}"},"query-input":"required name=search_term_string"}],"inLanguage":"fi"}]}},"_links":{"self":[{"href":"https:\/\/jackpotlotteryonline.com\/fi\/wp-json\/wp\/v2\/pages\/36776","targetHints":{"allow":["GET"]}}],"collection":[{"href":"https:\/\/jackpotlotteryonline.com\/fi\/wp-json\/wp\/v2\/pages"}],"about":[{"href":"https:\/\/jackpotlotteryonline.com\/fi\/wp-json\/wp\/v2\/types\/page"}],"author":[{"embeddable":true,"href":"https:\/\/jackpotlotteryonline.com\/fi\/wp-json\/wp\/v2\/users\/1"}],"replies":[{"embeddable":true,"href":"https:\/\/jackpotlotteryonline.com\/fi\/wp-json\/wp\/v2\/comments?post=36776"}],"version-history":[{"count":0,"href":"https:\/\/jackpotlotteryonline.com\/fi\/wp-json\/wp\/v2\/pages\/36776\/revisions"}],"up":[{"embeddable":true,"href":"https:\/\/jackpotlotteryonline.com\/fi\/wp-json\/wp\/v2\/pages\/35749"}],"wp:attachment":[{"href":"https:\/\/jackpotlotteryonline.com\/fi\/wp-json\/wp\/v2\/media?parent=36776"}],"curies":[{"name":"wp","href":"https:\/\/api.w.org\/{rel}","templated":true}]}}