{"id":36828,"date":"2022-11-09T08:23:37","date_gmt":"2022-11-09T08:23:37","guid":{"rendered":"https:\/\/jackpotlotteryonline.com\/?page_id=36828"},"modified":"2023-01-04T09:04:24","modified_gmt":"2023-01-04T09:04:24","slug":"lotto-america","status":"publish","type":"page","link":"https:\/\/jackpotlotteryonline.com\/fi\/osta-lippuja\/lotto-america\/","title":{"rendered":"Lotto America liput verkossa"},"content":{"rendered":"<p>Maaliskuussa 2018 er\u00e4s perhe voitti 23 miljoonan dollarin j\u00e4ttipotin Lotto Amerikassa. Se on suurin palkinto, jonka kukaan pelaaja on t\u00e4h\u00e4n menness\u00e4 voittanut, mutta se on kuitenkin her\u00e4tt\u00e4nyt huomiota t\u00e4h\u00e4n lottoon. Seitsem\u00e4n amerikkalaisen osavaltion vuonna 1988 perustama lotto on liittynyt mukaan useissa muissa osavaltioissa. Vuosien varrella se on tuottanut useita miljon\u00e4\u00e4rej\u00e4.<\/p>\n<p>Voit ostaa lippuja t\u00e4h\u00e4n lottoon miss\u00e4 tahansa osallistuvassa osavaltiossa. Mielenkiintoista on, ett\u00e4 t\u00e4m\u00e4 ei ole ainoa lotto Yhdysvalloissa, mutta se on jatkuvasti houkutellut pelaajia kaikkialta. Jos olet pelaaja Pohjois-Amerikan ulkopuolella, saatat mietti\u00e4, miten voit ostaa lippuja t\u00e4h\u00e4n arpajaisiin.<\/p>\n<p>Me opastamme sinua <a href=\"https:\/\/jackpotlotteryonline.com\/fi\/kuinka-pelata\/lotto-america-2\">pelaamaan t\u00e4t\u00e4 lottoa menestyksekk\u00e4\u00e4sti Yhdysvaltojen ulkopuolelta<\/a>. Teemme my\u00f6s parhaamme vastataksemme kaikkiin kysymyksiin, joita sinulla saattaa olla Lotto Americasta ja siit\u00e4, miten osallistua lottoon.<\/p>\n<h2>Miten arpajaiset toimivat?<\/h2>\n<p><img loading=\"lazy\" decoding=\"async\" class=\"size-full wp-image-29993 alignright\" src=\"http:\/\/jackpotlotteryonline.com\/wp-content\/uploads\/2022\/11\/1_win_lottery_usa_online.jpg\" alt=\"Lotto America liput netiss\u00e4\" width=\"300\" height=\"200\" \/><\/p>\n<p>Kuten useimmat lottopelit, t\u00e4m\u00e4kin on numeropeli useammalla kuin yhdell\u00e4 tavalla. Se on numeropeli siin\u00e4 mieless\u00e4, ett\u00e4 pelaajilla ei ole suuria voittomahdollisuuksia. Mutta sellaista lotto on, eik\u00e4 kukaan voi tiet\u00e4\u00e4, milloin onni suosii pelaajaa. Se on numeropeli my\u00f6s siin\u00e4 mieless\u00e4, miten peli\u00e4 pelataan.<\/p>\n<p>T\u00e4ss\u00e4 Yhdysvaltain arvonnassa pelaajien on valittava viisi p\u00e4\u00e4numeroa v\u00e4lilt\u00e4 1-52. Lis\u00e4ksi on valittava Star Ball -numero v\u00e4lilt\u00e4 1-10. T\u00e4m\u00e4 on yhteens\u00e4 6 numeroa. Jos et ole varma, mitk\u00e4 numerot valitset, voit k\u00e4ytt\u00e4\u00e4 automaattista numeronvalintaohjelmaa, joka nopeuttaa valintaa. Voit my\u00f6s valita useita numerorivej\u00e4 lis\u00e4t\u00e4ksesi voittomahdollisuuksiasi.<\/p>\n<p>Seuraavaksi valitset, kuinka moneen arvontaan haluat osallistua. T\u00e4ss\u00e4 amerikkalaisessa lotossa suoritetaan kolme arvontakertaa viikossa maanantaina, keskiviikkona ja lauantaina. Voit osallistua useisiin arvontoihin.<\/p>\n<h2>All Star -bonuksen pelaaminen<\/h2>\n<p>All Star Bonus on tapa moninkertaistaa voittosi. Kun valitset numeroita, voit ottaa All Star -bonuksen mukaan lis\u00e4maksusta. T\u00e4m\u00e4 on erityisen hy\u00f6dyllist\u00e4 niille, jotka voittavat palkintoja muissa kategorioissa, sill\u00e4 se voi kasvattaa heid\u00e4n voittom\u00e4\u00e4r\u00e4\u00e4ns\u00e4 huomattavasti.<\/p>\n<p>All Star -bonus valitaan satunnaisesti ja ilmoitetaan <a href=\"https:\/\/jackpotlotteryonline.com\/fi\/voittonumerot\/lotto-america\">arvontap\u00e4iv\u00e4n\u00e4<\/a>. Huomaa, ett\u00e4 et voi ottaa sit\u00e4 mukaan sen j\u00e4lkeen, kun olet jo tehnyt ostoksesi. Se on sis\u00e4llytett\u00e4v\u00e4 lipun oston yhteydess\u00e4.<\/p>\n<section class=\"layout\" style=\"border: solid 1px; width: 100%;\">\n<div class=\"img-div\" style=\"margin-top: 5px;\"><img decoding=\"async\" class=\"wp-image-17212 alignleft\" style=\"height: 45px; margin: 8px 8px 0px;\" src=\"http:\/\/jackpotlotteryonline.com\/wp-content\/uploads\/2022\/11\/read1.jpg\" alt=\"lue\" width=\"\" height=\"\" \/><\/div>\n<div style=\"padding-left: 5px;\">\n<div style=\"font-size: 1.1em;\">\n<p><strong>Jotkut lottovoittajat antoivat takaisin yhteis\u00f6lle<\/strong><\/p>\n<p style=\"font-size: 0.85em; margin-top: -1.5em;\">Joitakin mielenkiintoisia ja syd\u00e4nt\u00e4l\u00e4mmitt\u00e4vi\u00e4 tarinoita lottovoittajista, jotka antavat rahaa takaisin\u00a0 <a href=\"https:\/\/jackpotlotteryonline.com\/fi\/tarinoita-lottovoittajista-jotka-antavat-takaisin\"> Lue lis\u00e4\u00e4<\/a><\/p>\n<\/div>\n<\/div>\n<\/section>\n<h2>Jackpotin voittaminen<\/h2>\n<p>Jackpot alkaa 2 miljoonasta dollarista. Jos arvonnan j\u00e4lkeen ei ole voittajaa, se siirtyy seuraavaan arvontaan. Se jatkuu, kunnes se on 10 miljoonaa dollaria. Kuten alussa mainitsimme, se voi nousta paljon yli 10 miljoonan dollarin.<\/p>\n<p>On hy\u00f6dyllist\u00e4 huomata, ett\u00e4 j\u00e4ttipotti ei ole ainoa palkinto, jonka pelaaja voi voittaa pelatessaan t\u00e4t\u00e4 amerikkalaista lottoa. Siin\u00e4 on kahdeksan muuta palkintotasoa, mukaan lukien palkinto pelk\u00e4st\u00e4\u00e4n t\u00e4htipallon t\u00e4sm\u00e4\u00e4misest\u00e4. Kun se yhdistet\u00e4\u00e4n All Star -bonukseen, pelaaja, joka voittaa sivupalkinnon, voi l\u00e4hte\u00e4 kotiin paljon rikkaampana.<\/p>\n<h2>Kun voitat<\/h2>\n<p>Lotto American verkkosivuston mukaan voit lunastaa palkinnon vain siin\u00e4 osavaltiossa, jossa voitit. Jos siis ostit lippusi esimerkiksi Mainessa, sinun on ment\u00e4v\u00e4 kyseiseen osavaltioon lunastaaksesi voittosi. Jos kuitenkin asut Yhdysvaltojen ulkopuolella, asiat ovat hieman toisin.<\/p>\n<h2>Miten ostaa Amerikan lottokuponkeja Yhdysvaltojen ulkopuolelta?<\/h2>\n<p><img loading=\"lazy\" decoding=\"async\" class=\"alignright size-medium wp-image-34079\" src=\"http:\/\/jackpotlotteryonline.com\/wp-content\/uploads\/2022\/11\/2_ticket_mon_wed_lotto_au-176x300.jpg\" alt=\"Lotto America liput USA:n ulkopuolelta\" width=\"176\" height=\"300\" srcset=\"https:\/\/jackpotlotteryonline.com\/wp-content\/uploads\/2022\/11\/2_ticket_mon_wed_lotto_au-176x300.jpg 176w, https:\/\/jackpotlotteryonline.com\/wp-content\/uploads\/2022\/11\/2_ticket_mon_wed_lotto_au.jpg 250w\" sizes=\"auto, (max-width: 176px) 100vw, 176px\" \/><\/p>\n<p>T\u00e4h\u00e4n lottoon voi osallistua vain kahdella tavalla. Ensimm\u00e4inen on ostaa lippu myyj\u00e4lt\u00e4 miss\u00e4 tahansa osavaltiossa, jossa lippuja myyd\u00e4\u00e4n. Kun taas toinen vaihtoehto on p\u00e4\u00e4st\u00e4 mukaan lottoon internetin kautta. Yh\u00e4 useammat vedonly\u00f6j\u00e4t osallistuvat kansainv\u00e4lisiin arpajaisiin verkossa.<\/p>\n<p>On olemassa arpajaissivustoja, jotka antavat pelaajille laillisen p\u00e4\u00e4syn arpajaisiin ymp\u00e4ri maailmaa. Ennen kuin k\u00e4yt\u00e4t jotakin n\u00e4ist\u00e4 sivustoista, on t\u00e4rke\u00e4\u00e4 selvitt\u00e4\u00e4 ensin, onko kyseess\u00e4 concierge-sivusto. N\u00e4in v\u00e4lt\u00e4t sen, ett\u00e4 p\u00e4\u00e4dyt lottovedonly\u00f6nnin tuloksista lottoon osallistumisen sijaan.<\/p>\n<p>Kun ostat arpalipun meilt\u00e4, p\u00e4\u00e4set mukaan valitsemaasi lottoon. Meill\u00e4 on concierge-palvelu, jolla on agentteja ymp\u00e4ri maailmaa. Kun olet ostanut arpasi verkossa, kyseisen maan agenttimme saavat my\u00f6s fyysisen lottolapun, jossa on vastaavat numerot. Olitpa miss\u00e4 tahansa, voit luottaa siihen, ett\u00e4 sinulla on mahdollisuus voittaa suuria summia.<\/p>\n","protected":false},"excerpt":{"rendered":"<p>Maaliskuussa 2018 er\u00e4s perhe voitti 23 miljoonan dollarin j\u00e4ttipotin Lotto Amerikassa. Se on suurin palkinto, jonka kukaan pelaaja on t\u00e4h\u00e4n menness\u00e4 voittanut, mutta se on kuitenkin her\u00e4tt\u00e4nyt huomiota t\u00e4h\u00e4n lottoon. Seitsem\u00e4n amerikkalaisen osavaltion vuonna 1988 perustama lotto on liittynyt mukaan useissa muissa osavaltioissa. Vuosien varrella se on tuottanut useita miljon\u00e4\u00e4rej\u00e4. Voit ostaa lippuja t\u00e4h\u00e4n lottoon [&hellip;]<\/p>\n","protected":false},"author":1,"featured_media":0,"parent":35749,"menu_order":13,"comment_status":"closed","ping_status":"closed","template":"lotto-america-info.php","meta":{"_et_pb_use_builder":"","_et_pb_old_content":"","_et_gb_content_width":"","exclude_from_search":false,"footnotes":""},"class_list":["post-36828","page","type-page","status-publish","hentry"],"yoast_head":"<!-- This site is optimized with the Yoast SEO plugin v23.3 - https:\/\/yoast.com\/wordpress\/plugins\/seo\/ -->\n<title>Osta Lotto America -lippuja USA:n ulkopuolelta | Lotto America verkossa<\/title>\n<meta name=\"description\" content=\"Lotto Americaa voi pelata USA:n ulkopuolelta - osta vain Lotto America -lippusi verkkolippupalvelumme kautta.\" \/>\n<meta name=\"robots\" content=\"index, follow, max-snippet:-1, max-image-preview:large, max-video-preview:-1\" \/>\n<link rel=\"canonical\" href=\"https:\/\/jackpotlotteryonline.com\/buy-tickets\/lotto-america\/\" \/>\n<meta property=\"og:locale\" content=\"fi_FI\" \/>\n<meta property=\"og:type\" content=\"article\" \/>\n<meta property=\"og:title\" content=\"Osta Lotto America -lippuja USA:n ulkopuolelta | Lotto America verkossa\" \/>\n<meta property=\"og:description\" content=\"Lotto Americaa voi pelata USA:n ulkopuolelta - osta vain Lotto America -lippusi verkkolippupalvelumme kautta.\" \/>\n<meta property=\"og:url\" content=\"https:\/\/jackpotlotteryonline.com\/buy-tickets\/lotto-america\/\" \/>\n<meta property=\"og:site_name\" content=\"Lotto Online - Crack The International Lottery Jackpots\" \/>\n<meta property=\"article:modified_time\" content=\"2023-01-04T09:04:24+00:00\" \/>\n<meta property=\"og:image\" content=\"http:\/\/jackpotlotteryonline.com\/wp-content\/uploads\/2022\/11\/1_win_lottery_usa_online.jpg\" \/>\n<meta name=\"twitter:card\" content=\"summary_large_image\" \/>\n<meta name=\"twitter:label1\" content=\"Arvioitu lukuaika\" \/>\n\t<meta name=\"twitter:data1\" content=\"3 minuuttia\" \/>\n<!-- \/ Yoast SEO plugin. -->","yoast_head_json":{"title":"Osta Lotto America -lippuja USA:n ulkopuolelta | Lotto America verkossa","description":"Lotto Americaa voi pelata USA:n ulkopuolelta - osta vain Lotto America -lippusi verkkolippupalvelumme kautta.","robots":{"index":"index","follow":"follow","max-snippet":"max-snippet:-1","max-image-preview":"max-image-preview:large","max-video-preview":"max-video-preview:-1"},"canonical":"https:\/\/jackpotlotteryonline.com\/buy-tickets\/lotto-america\/","og_locale":"fi_FI","og_type":"article","og_title":"Osta Lotto America -lippuja USA:n ulkopuolelta | Lotto America verkossa","og_description":"Lotto Americaa voi pelata USA:n ulkopuolelta - osta vain Lotto America -lippusi verkkolippupalvelumme kautta.","og_url":"https:\/\/jackpotlotteryonline.com\/buy-tickets\/lotto-america\/","og_site_name":"Lotto Online - Crack The International Lottery Jackpots","article_modified_time":"2023-01-04T09:04:24+00:00","og_image":[{"url":"http:\/\/jackpotlotteryonline.com\/wp-content\/uploads\/2022\/11\/1_win_lottery_usa_online.jpg"}],"twitter_card":"summary_large_image","twitter_misc":{"Arvioitu lukuaika":"3 minuuttia"},"schema":{"@context":"https:\/\/schema.org","@graph":[{"@type":"WebPage","@id":"https:\/\/jackpotlotteryonline.com\/buy-tickets\/lotto-america\/","url":"https:\/\/jackpotlotteryonline.com\/buy-tickets\/lotto-america\/","name":"Osta Lotto America -lippuja USA:n ulkopuolelta | Lotto America verkossa","isPartOf":{"@id":"https:\/\/jackpotlotteryonline.com\/#website"},"primaryImageOfPage":{"@id":"https:\/\/jackpotlotteryonline.com\/buy-tickets\/lotto-america\/#primaryimage"},"image":{"@id":"https:\/\/jackpotlotteryonline.com\/buy-tickets\/lotto-america\/#primaryimage"},"thumbnailUrl":"http:\/\/jackpotlotteryonline.com\/wp-content\/uploads\/2022\/11\/1_win_lottery_usa_online.jpg","datePublished":"2022-11-09T08:23:37+00:00","dateModified":"2023-01-04T09:04:24+00:00","description":"Lotto Americaa voi pelata USA:n ulkopuolelta - osta vain Lotto America -lippusi verkkolippupalvelumme kautta.","breadcrumb":{"@id":"https:\/\/jackpotlotteryonline.com\/buy-tickets\/lotto-america\/#breadcrumb"},"inLanguage":"fi","potentialAction":[{"@type":"ReadAction","target":["https:\/\/jackpotlotteryonline.com\/buy-tickets\/lotto-america\/"]}]},{"@type":"ImageObject","inLanguage":"fi","@id":"https:\/\/jackpotlotteryonline.com\/buy-tickets\/lotto-america\/#primaryimage","url":"http:\/\/jackpotlotteryonline.com\/wp-content\/uploads\/2022\/11\/1_win_lottery_usa_online.jpg","contentUrl":"http:\/\/jackpotlotteryonline.com\/wp-content\/uploads\/2022\/11\/1_win_lottery_usa_online.jpg"},{"@type":"BreadcrumbList","@id":"https:\/\/jackpotlotteryonline.com\/buy-tickets\/lotto-america\/#breadcrumb","itemListElement":[{"@type":"ListItem","position":1,"name":"Home","item":"https:\/\/jackpotlotteryonline.com\/fi\/"},{"@type":"ListItem","position":2,"name":"Miten ostaa lottokuponkeja verkossa","item":"https:\/\/jackpotlotteryonline.com\/fi\/osta-lippuja\/"},{"@type":"ListItem","position":3,"name":"Lotto America liput verkossa"}]},{"@type":"WebSite","@id":"https:\/\/jackpotlotteryonline.com\/#website","url":"https:\/\/jackpotlotteryonline.com\/","name":"Lotto Online - Crack The International Lottery Jackpots","description":"","potentialAction":[{"@type":"SearchAction","target":{"@type":"EntryPoint","urlTemplate":"https:\/\/jackpotlotteryonline.com\/?s={search_term_string}"},"query-input":"required name=search_term_string"}],"inLanguage":"fi"}]}},"_links":{"self":[{"href":"https:\/\/jackpotlotteryonline.com\/fi\/wp-json\/wp\/v2\/pages\/36828","targetHints":{"allow":["GET"]}}],"collection":[{"href":"https:\/\/jackpotlotteryonline.com\/fi\/wp-json\/wp\/v2\/pages"}],"about":[{"href":"https:\/\/jackpotlotteryonline.com\/fi\/wp-json\/wp\/v2\/types\/page"}],"author":[{"embeddable":true,"href":"https:\/\/jackpotlotteryonline.com\/fi\/wp-json\/wp\/v2\/users\/1"}],"replies":[{"embeddable":true,"href":"https:\/\/jackpotlotteryonline.com\/fi\/wp-json\/wp\/v2\/comments?post=36828"}],"version-history":[{"count":0,"href":"https:\/\/jackpotlotteryonline.com\/fi\/wp-json\/wp\/v2\/pages\/36828\/revisions"}],"up":[{"embeddable":true,"href":"https:\/\/jackpotlotteryonline.com\/fi\/wp-json\/wp\/v2\/pages\/35749"}],"wp:attachment":[{"href":"https:\/\/jackpotlotteryonline.com\/fi\/wp-json\/wp\/v2\/media?parent=36828"}],"curies":[{"name":"wp","href":"https:\/\/api.w.org\/{rel}","templated":true}]}}