{"id":36881,"date":"2022-11-09T09:46:13","date_gmt":"2022-11-09T09:46:13","guid":{"rendered":"https:\/\/jackpotlotteryonline.com\/?page_id=36881"},"modified":"2022-12-22T11:57:18","modified_gmt":"2022-12-22T11:57:18","slug":"uk-lottery","status":"publish","type":"page","link":"https:\/\/jackpotlotteryonline.com\/fi\/osta-lippuja\/uk-lottery\/","title":{"rendered":"UK Lottery"},"content":{"rendered":"<h2>Lottery UK Online yleiskatsaus<\/h2>\n<p><strong>UK Lottery<\/strong> on suosittu peli sen kyvyst\u00e4 tehd\u00e4 miljon\u00e4\u00e4rej\u00e4. Sit\u00e4 voi pelata my\u00f6s verkossa. <a href=\"https:\/\/jackpotlotteryonline.com\/fi\/voittonumerot\/uk-lottery\">Peli arvotaan kahdesti viikossa<\/a> keskiviikkoisin ja lauantaisin.<\/p>\n<h2>Miten UK Lottery toimii<\/h2>\n<p>Kunkin pelaajan on valittava 6 numeroa arpalippuunsa numeroiden 1-49 joukosta. Kun arvonta suoritetaan, valitaan kuusi numeroa ja yksi bonusnumero. Suhteellisen pienen voittoprosentin vuoksi emme suosittele t\u00e4t\u00e4 arpajaista. Verkossa on paljon muita kansainv\u00e4lisi\u00e4 lottopelej\u00e4, joissa on paremmat voitot ja suuremmat j\u00e4ttipotit.<\/p>\n<section class=\"layout\" style=\"border: solid 1px; width: 100%;\">\n<div class=\"img-div\" style=\"margin-top: 5px;\"><img decoding=\"async\" class=\"wp-image-17212 alignleft\" style=\"height: 45px; margin: 8px 8px 0px;\" src=\"https:\/\/jackpotlotteryonline.com\/wp-content\/uploads\/2022\/11\/read1.jpg\" alt=\"lue\" width=\"\" height=\"\" \/><\/div>\n<div style=\"padding-left: 5px;\">\n<div style=\"font-size: 1.1em;\">\n<p><strong>Euroopan arpajaiset<\/strong><\/p>\n<p style=\"font-size: 0.85em; margin-top: -1.5em;\">Mitk\u00e4 eurooppalaiset lotot ovat parhaita? \u00a0<a href=\"https:\/\/jackpotlotteryonline.com\/fi\/mitka-eurooppalaiset-arpajaiset-ovat-parhaita\">Lue lis\u00e4\u00e4<\/a><\/p>\n<\/div>\n<\/div>\n<\/section>\n<h2>Yhdistyneen kuningaskunnan lottovoitto<\/h2>\n<p><img loading=\"lazy\" decoding=\"async\" class=\"alignright size-medium wp-image-19520\" src=\"https:\/\/jackpotlotteryonline.com\/wp-content\/uploads\/2022\/10\/2_ticket_uk_lottery-192x300.jpg\" alt=\"osta UK arpajaislippu\" width=\"192\" height=\"300\" srcset=\"https:\/\/jackpotlotteryonline.com\/wp-content\/uploads\/2022\/10\/2_ticket_uk_lottery-192x300.jpg 192w, https:\/\/jackpotlotteryonline.com\/wp-content\/uploads\/2022\/10\/2_ticket_uk_lottery.jpg 250w\" sizes=\"auto, (max-width: 192px) 100vw, 192px\" \/><\/p>\n<p>Sinun on osuttava v\u00e4hint\u00e4\u00e4n kolmeen arvottuun p\u00e4\u00e4numeroon, jotta voit voittaa palkinnon. Bonusnumerolla on merkityst\u00e4 vain, jos saat arvonnassa v\u00e4hint\u00e4\u00e4n viisi p\u00e4\u00e4numeroa.<\/p>\n<p>Voittojen lunastaminen on helppoa. Jos voitat enint\u00e4\u00e4n 2500 euroa, voitot maksetaan suoraan lottopelitilillesi t\u00e4\u00e4ll\u00e4 sivustollamme. Yli 2.500 \u20ac:n voitoista asiakastukemme ottaa sinuun yhteytt\u00e4 ja j\u00e4rjest\u00e4\u00e4 suoran maksun lottoyhti\u00f6lt\u00e4.<\/p>\n<p>Noin 45 % kaikista Yhdistyneen kuningaskunnan lottovaroista menee palkintorahoihin. Jos osuma on kuusi p\u00e4\u00e4numeroa, sinulle maksetaan 52 % lottopotin rahastosta; jos osuma on viisi p\u00e4\u00e4numeroa plus bonusnumero, sinulle maksetaan 16 % lottopotin j\u00e4ljell\u00e4 olevasta rahastosta; jos osuma on viisi p\u00e4\u00e4numeroa, sinulle maksetaan 10 % lottopotin j\u00e4ljell\u00e4 olevasta rahastosta; jos osuma on nelj\u00e4 p\u00e4\u00e4numeroa, sinulle maksetaan 22 % lottopotin j\u00e4ljell\u00e4 olevasta rahastosta, ja jos osuma on kolme p\u00e4\u00e4numeroa, sinulle maksetaan yleens\u00e4 10 \u00a3. UK Lotto tarjoaa my\u00f6s online-pikavoittopelej\u00e4.<\/p>\n<h2>Ison-Britannian lottopelin pelaaminen verkossa<\/h2>\n<p>Voit<a href=\"https:\/\/jackpotlotteryonline.com\/fi\/kuinka-pelata\/uk-lottery\"> pelata Yhdistyneen kuningaskunnan lottoa verkossa<\/a>, mik\u00e4 tekee siit\u00e4 helpommin l\u00e4hestytt\u00e4v\u00e4n ja k\u00e4tev\u00e4mm\u00e4n. Sinun ei en\u00e4\u00e4 tarvitse l\u00e4hte\u00e4 ostamaan Yhdistyneen kuningaskunnan lottokuponkia j\u00e4lleenmyyj\u00e4lt\u00e4, vaan voit nyt ostaa lippuja mukavasti omasta kodistasi, eik\u00e4 se ole riippuvainen siit\u00e4, asutko Yhdistyneess\u00e4 kuningaskunnassa.<\/p>\n<p>Jos haluat pelata Yhdistyneen kuningaskunnan lottoa verkossa ja Yhdistyneen kuningaskunnan ulkopuolelta, sinun on napsautettava yll\u00e4 olevaa Yhdistyneen kuningaskunnan loton banneria. Sinun tarvitsee vain rekister\u00f6ity\u00e4 ja suorittaa sitten verkkomaksu.<\/p>\n<h2>Miksi useimmat kansainv\u00e4liset lottoj\u00e4ttipotit ovat houkuttelevampia kuin Yhdistyneen kuningaskunnan lotto<\/h2>\n<ul>\n<li>J\u00e4ttipotit ovat paljon suurempia kansainv\u00e4lisiss\u00e4 arpajaisissa (tarkista summat yl\u00e4puolella olevasta bannerista).<\/li>\n<li>UK Lotto jakaa vain 45 % varoista voitoina<\/li>\n<li>Verkkosivuillamme sinulla on valittavana useita megalottoja ja valtavia j\u00e4ttipotteja!<\/li>\n<\/ul>\n","protected":false},"excerpt":{"rendered":"<p>Lottery UK Online yleiskatsaus UK Lottery on suosittu peli sen kyvyst\u00e4 tehd\u00e4 miljon\u00e4\u00e4rej\u00e4. Sit\u00e4 voi pelata my\u00f6s verkossa. Peli arvotaan kahdesti viikossa keskiviikkoisin ja lauantaisin. Miten UK Lottery toimii Kunkin pelaajan on valittava 6 numeroa arpalippuunsa numeroiden 1-49 joukosta. Kun arvonta suoritetaan, valitaan kuusi numeroa ja yksi bonusnumero. Suhteellisen pienen voittoprosentin vuoksi emme suosittele t\u00e4t\u00e4 [&hellip;]<\/p>\n","protected":false},"author":1,"featured_media":0,"parent":35749,"menu_order":10,"comment_status":"closed","ping_status":"closed","template":"lotto-uk-info.php","meta":{"_et_pb_use_builder":"","_et_pb_old_content":"","_et_gb_content_width":"","exclude_from_search":false,"footnotes":""},"class_list":["post-36881","page","type-page","status-publish","hentry"],"yoast_head":"<!-- This site is optimized with the Yoast SEO plugin v23.3 - https:\/\/yoast.com\/wordpress\/plugins\/seo\/ -->\n<title>Osta lippuja verkossa Yhdistyneen kuningaskunnan lottoon Yhdistyneen kuningaskunnan ulkopuolelta<\/title>\n<meta name=\"description\" content=\"Miten UK Lottery toimii ja miten voit ostaa lipun ja voittaa verkossa Yhdistyneen kuningaskunnan ulkopuolelta.\" \/>\n<meta name=\"robots\" content=\"index, follow, max-snippet:-1, max-image-preview:large, max-video-preview:-1\" \/>\n<link rel=\"canonical\" href=\"https:\/\/jackpotlotteryonline.com\/fi\/osta-lippuja\/uk-lottery\/\" \/>\n<meta property=\"og:locale\" content=\"fi_FI\" \/>\n<meta property=\"og:type\" content=\"article\" \/>\n<meta property=\"og:title\" content=\"Osta lippuja verkossa Yhdistyneen kuningaskunnan lottoon Yhdistyneen kuningaskunnan ulkopuolelta\" \/>\n<meta property=\"og:description\" content=\"Miten UK Lottery toimii ja miten voit ostaa lipun ja voittaa verkossa Yhdistyneen kuningaskunnan ulkopuolelta.\" \/>\n<meta property=\"og:url\" content=\"https:\/\/jackpotlotteryonline.com\/fi\/osta-lippuja\/uk-lottery\/\" \/>\n<meta property=\"og:site_name\" content=\"Lotto Online - Crack The International Lottery Jackpots\" \/>\n<meta property=\"article:modified_time\" content=\"2022-12-22T11:57:18+00:00\" \/>\n<meta property=\"og:image\" content=\"https:\/\/jackpotlotteryonline.com\/wp-content\/uploads\/2022\/11\/read1.jpg\" \/>\n<meta name=\"twitter:card\" content=\"summary_large_image\" \/>\n<meta name=\"twitter:label1\" content=\"Arvioitu lukuaika\" \/>\n\t<meta name=\"twitter:data1\" content=\"2 minuuttia\" \/>\n<!-- \/ Yoast SEO plugin. -->","yoast_head_json":{"title":"Osta lippuja verkossa Yhdistyneen kuningaskunnan lottoon Yhdistyneen kuningaskunnan ulkopuolelta","description":"Miten UK Lottery toimii ja miten voit ostaa lipun ja voittaa verkossa Yhdistyneen kuningaskunnan ulkopuolelta.","robots":{"index":"index","follow":"follow","max-snippet":"max-snippet:-1","max-image-preview":"max-image-preview:large","max-video-preview":"max-video-preview:-1"},"canonical":"https:\/\/jackpotlotteryonline.com\/fi\/osta-lippuja\/uk-lottery\/","og_locale":"fi_FI","og_type":"article","og_title":"Osta lippuja verkossa Yhdistyneen kuningaskunnan lottoon Yhdistyneen kuningaskunnan ulkopuolelta","og_description":"Miten UK Lottery toimii ja miten voit ostaa lipun ja voittaa verkossa Yhdistyneen kuningaskunnan ulkopuolelta.","og_url":"https:\/\/jackpotlotteryonline.com\/fi\/osta-lippuja\/uk-lottery\/","og_site_name":"Lotto Online - Crack The International Lottery Jackpots","article_modified_time":"2022-12-22T11:57:18+00:00","og_image":[{"url":"https:\/\/jackpotlotteryonline.com\/wp-content\/uploads\/2022\/11\/read1.jpg"}],"twitter_card":"summary_large_image","twitter_misc":{"Arvioitu lukuaika":"2 minuuttia"},"schema":{"@context":"https:\/\/schema.org","@graph":[{"@type":"WebPage","@id":"https:\/\/jackpotlotteryonline.com\/fi\/osta-lippuja\/uk-lottery\/","url":"https:\/\/jackpotlotteryonline.com\/fi\/osta-lippuja\/uk-lottery\/","name":"Osta lippuja verkossa Yhdistyneen kuningaskunnan lottoon Yhdistyneen kuningaskunnan ulkopuolelta","isPartOf":{"@id":"https:\/\/jackpotlotteryonline.com\/#website"},"primaryImageOfPage":{"@id":"https:\/\/jackpotlotteryonline.com\/fi\/osta-lippuja\/uk-lottery\/#primaryimage"},"image":{"@id":"https:\/\/jackpotlotteryonline.com\/fi\/osta-lippuja\/uk-lottery\/#primaryimage"},"thumbnailUrl":"https:\/\/jackpotlotteryonline.com\/wp-content\/uploads\/2022\/11\/read1.jpg","datePublished":"2022-11-09T09:46:13+00:00","dateModified":"2022-12-22T11:57:18+00:00","description":"Miten UK Lottery toimii ja miten voit ostaa lipun ja voittaa verkossa Yhdistyneen kuningaskunnan ulkopuolelta.","breadcrumb":{"@id":"https:\/\/jackpotlotteryonline.com\/fi\/osta-lippuja\/uk-lottery\/#breadcrumb"},"inLanguage":"fi","potentialAction":[{"@type":"ReadAction","target":["https:\/\/jackpotlotteryonline.com\/fi\/osta-lippuja\/uk-lottery\/"]}]},{"@type":"ImageObject","inLanguage":"fi","@id":"https:\/\/jackpotlotteryonline.com\/fi\/osta-lippuja\/uk-lottery\/#primaryimage","url":"https:\/\/jackpotlotteryonline.com\/wp-content\/uploads\/2022\/11\/read1.jpg","contentUrl":"https:\/\/jackpotlotteryonline.com\/wp-content\/uploads\/2022\/11\/read1.jpg"},{"@type":"BreadcrumbList","@id":"https:\/\/jackpotlotteryonline.com\/fi\/osta-lippuja\/uk-lottery\/#breadcrumb","itemListElement":[{"@type":"ListItem","position":1,"name":"Home","item":"https:\/\/jackpotlotteryonline.com\/fi\/"},{"@type":"ListItem","position":2,"name":"Miten ostaa lottokuponkeja verkossa","item":"https:\/\/jackpotlotteryonline.com\/fi\/osta-lippuja\/"},{"@type":"ListItem","position":3,"name":"UK Lottery"}]},{"@type":"WebSite","@id":"https:\/\/jackpotlotteryonline.com\/#website","url":"https:\/\/jackpotlotteryonline.com\/","name":"Lotto Online - Crack The International Lottery Jackpots","description":"","potentialAction":[{"@type":"SearchAction","target":{"@type":"EntryPoint","urlTemplate":"https:\/\/jackpotlotteryonline.com\/?s={search_term_string}"},"query-input":"required name=search_term_string"}],"inLanguage":"fi"}]}},"_links":{"self":[{"href":"https:\/\/jackpotlotteryonline.com\/fi\/wp-json\/wp\/v2\/pages\/36881","targetHints":{"allow":["GET"]}}],"collection":[{"href":"https:\/\/jackpotlotteryonline.com\/fi\/wp-json\/wp\/v2\/pages"}],"about":[{"href":"https:\/\/jackpotlotteryonline.com\/fi\/wp-json\/wp\/v2\/types\/page"}],"author":[{"embeddable":true,"href":"https:\/\/jackpotlotteryonline.com\/fi\/wp-json\/wp\/v2\/users\/1"}],"replies":[{"embeddable":true,"href":"https:\/\/jackpotlotteryonline.com\/fi\/wp-json\/wp\/v2\/comments?post=36881"}],"version-history":[{"count":0,"href":"https:\/\/jackpotlotteryonline.com\/fi\/wp-json\/wp\/v2\/pages\/36881\/revisions"}],"up":[{"embeddable":true,"href":"https:\/\/jackpotlotteryonline.com\/fi\/wp-json\/wp\/v2\/pages\/35749"}],"wp:attachment":[{"href":"https:\/\/jackpotlotteryonline.com\/fi\/wp-json\/wp\/v2\/media?parent=36881"}],"curies":[{"name":"wp","href":"https:\/\/api.w.org\/{rel}","templated":true}]}}