{"id":36934,"date":"2022-11-09T10:57:18","date_gmt":"2022-11-09T10:57:18","guid":{"rendered":"https:\/\/jackpotlotteryonline.com\/?page_id=36934"},"modified":"2023-01-04T08:10:27","modified_gmt":"2023-01-04T08:10:27","slug":"set-for-life","status":"publish","type":"page","link":"https:\/\/jackpotlotteryonline.com\/fi\/osta-lippuja\/set-for-life\/","title":{"rendered":"Osta Set for Life -lippuja"},"content":{"rendered":"<p>Oletko valmis mahdollisuuteen olla set for life? Nyt on paras hetki yritt\u00e4\u00e4 voittaa 10 000 puntaa joka kuukausi seuraavien 30 vuoden ajan, ja kaikki alkaa<a href=\"https:\/\/jackpotlotteryonline.com\/fi\/kuinka-pelata\/set-for-life\"> pelaamalla Ison-Britannian lottoa<\/a>.<\/p>\n<p>T\u00e4t\u00e4 lottoa hallinnoi UK National Lottery, ja sen ensimm\u00e4inen arvonta suoritettiin vuonna 1999. Siit\u00e4 l\u00e4htien se on ollut brittil\u00e4isten lottopelaajien suosikki, sill\u00e4 10 000 punnan veto kuukaudessa 30 vuoden ajan tuntuu l\u00e4hes liian vaikealta vastustettavaksi. Eik\u00e4 sinunkaan pit\u00e4isi, jos sin\u00e4k\u00e4\u00e4n. T\u00e4m\u00e4n loton voittaminen on melkein kuin joulupukki tulisi joka kuukausi kotiisi.<br \/>\n<img loading=\"lazy\" decoding=\"async\" class=\"alignright size-medium wp-image-35457\" src=\"https:\/\/jackpotlotteryonline.com\/wp-content\/uploads\/2022\/11\/2_ticket_uk_lottery-192x300.jpg\" alt=\"Set for Life -liput\" width=\"192\" height=\"300\" srcset=\"https:\/\/jackpotlotteryonline.com\/wp-content\/uploads\/2022\/11\/2_ticket_uk_lottery-192x300.jpg 192w, https:\/\/jackpotlotteryonline.com\/wp-content\/uploads\/2022\/11\/2_ticket_uk_lottery.jpg 250w\" sizes=\"auto, (max-width: 192px) 100vw, 192px\" \/><\/p>\n<p>T\u00e4m\u00e4n brittil\u00e4isen loton lippuja myyd\u00e4\u00e4n maan laajassa myyj\u00e4verkostossa. Jos kuitenkin asut Yhdistyneen kuningaskunnan ulkopuolella, ei ole mit\u00e4\u00e4n syyt\u00e4, miksi sin\u00e4k\u00e4\u00e4n et voisi ostaa lippuja t\u00e4h\u00e4n lottoon. Jackpotlotteryonline.com tarjoaa lottoharrastajille p\u00e4\u00e4syn kansainv\u00e4lisiin huippulottoihin mukavasti tietokoneen tai mobiililaitteen \u00e4\u00e4relt\u00e4.<\/p>\n<p>Rekister\u00f6idy meille ja aloita lottopelaaminen Yhdistyneess\u00e4 kuningaskunnassa ja muualla maailmassa.<\/p>\n<h2>Miten pelata Set for Life verkossa<\/h2>\n<p>T\u00e4m\u00e4 eroaa muista lotoista, koska kyseess\u00e4 on annuiteettilotto, joten voittajat eiv\u00e4t l\u00e4hde kotiin miljoonien eurojen tai puntien kanssa. Ainoa ero on kuitenkin palkinnon jakotavassa. Kuten muissakin arpajaisissa, pelaajan on valittava p\u00e4\u00e4numerot tietyst\u00e4 alueesta ja yksi erikoisnumero.<\/p>\n<p>Saadaksesi Set for Life -arpoja netist\u00e4, k\u00e4y valitsemallasi sivustolla ja valitse viisi p\u00e4\u00e4numeroa v\u00e4lilt\u00e4 1-47. Valitse ylim\u00e4\u00e4r\u00e4inen bonusnumero, jota kutsutaan &#8220;Life Ball -numeroksi&#8221;, v\u00e4lilt\u00e4 1-10. Voit joko k\u00e4ytt\u00e4\u00e4 onnenumeroitasi tai k\u00e4ytt\u00e4\u00e4 automaattista valintaty\u00f6kalua satunnaisen numerorivin valitsemiseen. Voit my\u00f6s valita useita numerorivej\u00e4 lis\u00e4t\u00e4ksesi voittomahdollisuuksiasi.<\/p>\n<p>Voittaaksesi lottovoiton sinun on l\u00f6ydett\u00e4v\u00e4 kaikki 6 arvottua numeroa. Jos rekister\u00f6idyt meille, voit <a href=\"https:\/\/jackpotlotteryonline.com\/fi\/voittonumerot\/set-for-life\">osallistua arvontoihin useita viikkoja etuk\u00e4teen.<\/a><\/p>\n<h2>Palkinnot<\/h2>\n<p><img loading=\"lazy\" decoding=\"async\" class=\"size-medium wp-image-30128 alignright\" src=\"https:\/\/jackpotlotteryonline.com\/wp-content\/uploads\/2022\/11\/1_win_online_lottery_jackpot-300x182.jpg\" alt=\"Britannian lottovoitto\" width=\"300\" height=\"182\" srcset=\"https:\/\/jackpotlotteryonline.com\/wp-content\/uploads\/2022\/11\/1_win_online_lottery_jackpot-300x182.jpg 300w, https:\/\/jackpotlotteryonline.com\/wp-content\/uploads\/2022\/11\/1_win_online_lottery_jackpot.jpg 320w\" sizes=\"auto, (max-width: 300px) 100vw, 300px\" \/><\/p>\n<p>Olemme siis puhuneet j\u00e4ttipotista, joka on 10 000 puntaa joka kuukausi 30 vuoden ajan. Mutta se ei ole ainoa palkinto t\u00e4m\u00e4n loton pelaajille. Jos l\u00f6yd\u00e4t esimerkiksi vain 5 p\u00e4\u00e4numeroa, saat 10 000 puntaa joka kuukausi vuoden ajan. Ei hassumpi, vai mit\u00e4?<\/p>\n<p>Katsotaanpa palkintojen jakautumista ja sit\u00e4, mit\u00e4 pelaajat voivat odottaa voittavansa ostaessaan lippuja t\u00e4h\u00e4n brittil\u00e4iseen lottoon.<\/p>\n<p>5 p\u00e4\u00e4numeroa + Life Ball &#8211; 10 000 puntaa joka kuukausi 30 vuoden ajan.<br \/>\nVain 5 p\u00e4\u00e4numeroa &#8211; 10 000 puntaa joka kuukausi 1 vuoden ajan.<br \/>\n4 p\u00e4\u00e4numeroa + Life Ball &#8211; 250 puntaa<br \/>\nVain 4 p\u00e4\u00e4numeroa &#8211; 50 puntaa<br \/>\n3 p\u00e4\u00e4numeroa + Life Ball &#8211; 30 puntaa<br \/>\nVain 3 p\u00e4\u00e4numeroa &#8211; 20 puntaa<br \/>\nOttelu 2 p\u00e4\u00e4numeroa + Life Ball &#8211; \u00a310<br \/>\nVain 2 p\u00e4\u00e4numeroa &#8211; \u00a35<\/p>\n<h2>Palkintosi lunastaminen<\/h2>\n<p>Sinulla on 180 p\u00e4iv\u00e4\u00e4 aikaa lunastaa palkintosi tai et voi en\u00e4\u00e4 lunastaa sit\u00e4. Yhdistyneess\u00e4 kuningaskunnassa lottovoitot ovat verovapaita, joten voit nauttia voitoistasi haluamallasi tavalla. Maan ulkopuolelta pelaavien on kuitenkin hyv\u00e4 ottaa selv\u00e4\u00e4 asuinpaikkansa verolains\u00e4\u00e4d\u00e4nn\u00f6st\u00e4.<\/p>\n<section class=\"layout\" style=\"border: solid 1px; width: 100%;\">\n<div class=\"img-div\" style=\"margin-top: 5px;\"><img decoding=\"async\" class=\"wp-image-17212 alignleft\" style=\"height: 45px; margin: 8px 8px 0px;\" src=\"https:\/\/jackpotlotteryonline.com\/wp-content\/uploads\/2022\/11\/read1.jpg\" alt=\"lue\" width=\"\" height=\"\" \/><\/div>\n<div style=\"padding-left: 5px;\">\n<div style=\"font-size: 1.1em;\">\n<p><strong>Lottovoittojen verot<\/strong><\/p>\n<p style=\"font-size: 0.85em; margin-top: -1.5em;\">Pit\u00e4\u00e4k\u00f6 minun maksaa veroja lottovoitoista?\u00a0 <a href=\"https:\/\/jackpotlotteryonline.com\/fi\/pitaako-minun-maksaa-veroja-lottovoitoista\">Lue lis\u00e4\u00e4<\/a><\/p>\n<\/div>\n<\/div>\n<\/section>\n<h2>H\u00e4mm\u00e4stytt\u00e4v\u00e4 tilaisuus el\u00e4m\u00e4ss\u00e4si<\/h2>\n<p>Mahdollisuus voittaa Set for Life on elinik\u00e4inen tilaisuus. Se tarkoittaa, ettei sinun tarvitse en\u00e4\u00e4 koskaan huolehtia raha-asioistasi, jos voitat. On olemassa tarinoita lottovoittajista, jotka ovat k\u00e4ytt\u00e4neet koko omaisuutensa ja ovat nyt konkurssissa. T\u00e4m\u00e4n arvonnan avulla niin ei tarvitse k\u00e4yd\u00e4 sinulle. Vaikka k\u00e4ytt\u00e4isit kaiken ensimm\u00e4isen\u00e4 kuukautena, tied\u00e4t, ett\u00e4 voit k\u00e4ytt\u00e4\u00e4 sen paremmin seuraavana kuukautena.<\/p>\n<p>Ajattele, mit\u00e4 merkitsisi, jos saisit tuollaisen summan joka ikinen kuukausi 30 vuoden ajan.<\/p>\n<h2>Rekister\u00f6idy ja pelaa Set for Lifea<\/h2>\n<p>Lipun hankkiminen Yhdistyneen kuningaskunnan annuiteettilottoon mist\u00e4 tahansa ei ole koskaan ollut helpompaa. Kun rekister\u00f6idyt meille, teemme sinulle helpoksi pelata maailman huippulottoja saumattomasti ja huolettomasti. Meille on t\u00e4rke\u00e4\u00e4 luoda asiakkaillemme ikimuistoisia kokemuksia. Rekister\u00f6idy siis meille jo t\u00e4n\u00e4\u00e4n ostaaksesi Set for Life -arpoja mist\u00e4 p\u00e4in maailmaa tahansa.<\/p>\n","protected":false},"excerpt":{"rendered":"<p>Oletko valmis mahdollisuuteen olla set for life? Nyt on paras hetki yritt\u00e4\u00e4 voittaa 10 000 puntaa joka kuukausi seuraavien 30 vuoden ajan, ja kaikki alkaa pelaamalla Ison-Britannian lottoa. T\u00e4t\u00e4 lottoa hallinnoi UK National Lottery, ja sen ensimm\u00e4inen arvonta suoritettiin vuonna 1999. Siit\u00e4 l\u00e4htien se on ollut brittil\u00e4isten lottopelaajien suosikki, sill\u00e4 10 000 punnan veto kuukaudessa [&hellip;]<\/p>\n","protected":false},"author":1,"featured_media":0,"parent":35749,"menu_order":11,"comment_status":"closed","ping_status":"closed","template":"set-for-life-info.php","meta":{"_et_pb_use_builder":"","_et_pb_old_content":"","_et_gb_content_width":"","exclude_from_search":false,"footnotes":""},"class_list":["post-36934","page","type-page","status-publish","hentry"],"yoast_head":"<!-- This site is optimized with the Yoast SEO plugin v23.3 - https:\/\/yoast.com\/wordpress\/plugins\/seo\/ -->\n<title>Osta Set for life -lippuja Ison-Britannian ulkopuolelta | Hanki Set for life -lippuja netist\u00e4.<\/title>\n<meta name=\"description\" content=\"Set for Life on hyvin erityinen arvonta, mutta osallistuaksesi siihen Ison-Britannian ulkopuolelta sinun on ostettava lippu netist\u00e4 t\u00e4\u00e4lt\u00e4\" \/>\n<meta name=\"robots\" content=\"index, follow, max-snippet:-1, max-image-preview:large, max-video-preview:-1\" \/>\n<link rel=\"canonical\" href=\"https:\/\/jackpotlotteryonline.com\/fi\/osta-lippuja\/set-for-life\/\" \/>\n<meta property=\"og:locale\" content=\"fi_FI\" \/>\n<meta property=\"og:type\" content=\"article\" \/>\n<meta property=\"og:title\" content=\"Osta Set for life -lippuja Ison-Britannian ulkopuolelta | Hanki Set for life -lippuja netist\u00e4.\" \/>\n<meta property=\"og:description\" content=\"Set for Life on hyvin erityinen arvonta, mutta osallistuaksesi siihen Ison-Britannian ulkopuolelta sinun on ostettava lippu netist\u00e4 t\u00e4\u00e4lt\u00e4\" \/>\n<meta property=\"og:url\" content=\"https:\/\/jackpotlotteryonline.com\/fi\/osta-lippuja\/set-for-life\/\" \/>\n<meta property=\"og:site_name\" content=\"Lotto Online - Crack The International Lottery Jackpots\" \/>\n<meta property=\"article:modified_time\" content=\"2023-01-04T08:10:27+00:00\" \/>\n<meta property=\"og:image\" content=\"https:\/\/jackpotlotteryonline.com\/wp-content\/uploads\/2022\/11\/2_ticket_uk_lottery-192x300.jpg\" \/>\n<meta name=\"twitter:card\" content=\"summary_large_image\" \/>\n<meta name=\"twitter:label1\" content=\"Arvioitu lukuaika\" \/>\n\t<meta name=\"twitter:data1\" content=\"3 minuuttia\" \/>\n<!-- \/ Yoast SEO plugin. -->","yoast_head_json":{"title":"Osta Set for life -lippuja Ison-Britannian ulkopuolelta | Hanki Set for life -lippuja netist\u00e4.","description":"Set for Life on hyvin erityinen arvonta, mutta osallistuaksesi siihen Ison-Britannian ulkopuolelta sinun on ostettava lippu netist\u00e4 t\u00e4\u00e4lt\u00e4","robots":{"index":"index","follow":"follow","max-snippet":"max-snippet:-1","max-image-preview":"max-image-preview:large","max-video-preview":"max-video-preview:-1"},"canonical":"https:\/\/jackpotlotteryonline.com\/fi\/osta-lippuja\/set-for-life\/","og_locale":"fi_FI","og_type":"article","og_title":"Osta Set for life -lippuja Ison-Britannian ulkopuolelta | Hanki Set for life -lippuja netist\u00e4.","og_description":"Set for Life on hyvin erityinen arvonta, mutta osallistuaksesi siihen Ison-Britannian ulkopuolelta sinun on ostettava lippu netist\u00e4 t\u00e4\u00e4lt\u00e4","og_url":"https:\/\/jackpotlotteryonline.com\/fi\/osta-lippuja\/set-for-life\/","og_site_name":"Lotto Online - Crack The International Lottery Jackpots","article_modified_time":"2023-01-04T08:10:27+00:00","og_image":[{"url":"https:\/\/jackpotlotteryonline.com\/wp-content\/uploads\/2022\/11\/2_ticket_uk_lottery-192x300.jpg"}],"twitter_card":"summary_large_image","twitter_misc":{"Arvioitu lukuaika":"3 minuuttia"},"schema":{"@context":"https:\/\/schema.org","@graph":[{"@type":"WebPage","@id":"https:\/\/jackpotlotteryonline.com\/fi\/osta-lippuja\/set-for-life\/","url":"https:\/\/jackpotlotteryonline.com\/fi\/osta-lippuja\/set-for-life\/","name":"Osta Set for life -lippuja Ison-Britannian ulkopuolelta | Hanki Set for life -lippuja netist\u00e4.","isPartOf":{"@id":"https:\/\/jackpotlotteryonline.com\/#website"},"primaryImageOfPage":{"@id":"https:\/\/jackpotlotteryonline.com\/fi\/osta-lippuja\/set-for-life\/#primaryimage"},"image":{"@id":"https:\/\/jackpotlotteryonline.com\/fi\/osta-lippuja\/set-for-life\/#primaryimage"},"thumbnailUrl":"https:\/\/jackpotlotteryonline.com\/wp-content\/uploads\/2022\/11\/2_ticket_uk_lottery-192x300.jpg","datePublished":"2022-11-09T10:57:18+00:00","dateModified":"2023-01-04T08:10:27+00:00","description":"Set for Life on hyvin erityinen arvonta, mutta osallistuaksesi siihen Ison-Britannian ulkopuolelta sinun on ostettava lippu netist\u00e4 t\u00e4\u00e4lt\u00e4","breadcrumb":{"@id":"https:\/\/jackpotlotteryonline.com\/fi\/osta-lippuja\/set-for-life\/#breadcrumb"},"inLanguage":"fi","potentialAction":[{"@type":"ReadAction","target":["https:\/\/jackpotlotteryonline.com\/fi\/osta-lippuja\/set-for-life\/"]}]},{"@type":"ImageObject","inLanguage":"fi","@id":"https:\/\/jackpotlotteryonline.com\/fi\/osta-lippuja\/set-for-life\/#primaryimage","url":"https:\/\/jackpotlotteryonline.com\/wp-content\/uploads\/2022\/11\/2_ticket_uk_lottery-192x300.jpg","contentUrl":"https:\/\/jackpotlotteryonline.com\/wp-content\/uploads\/2022\/11\/2_ticket_uk_lottery-192x300.jpg"},{"@type":"BreadcrumbList","@id":"https:\/\/jackpotlotteryonline.com\/fi\/osta-lippuja\/set-for-life\/#breadcrumb","itemListElement":[{"@type":"ListItem","position":1,"name":"Home","item":"https:\/\/jackpotlotteryonline.com\/fi\/"},{"@type":"ListItem","position":2,"name":"Miten ostaa lottokuponkeja verkossa","item":"https:\/\/jackpotlotteryonline.com\/fi\/osta-lippuja\/"},{"@type":"ListItem","position":3,"name":"Osta Set for Life -lippuja"}]},{"@type":"WebSite","@id":"https:\/\/jackpotlotteryonline.com\/#website","url":"https:\/\/jackpotlotteryonline.com\/","name":"Lotto Online - Crack The International Lottery Jackpots","description":"","potentialAction":[{"@type":"SearchAction","target":{"@type":"EntryPoint","urlTemplate":"https:\/\/jackpotlotteryonline.com\/?s={search_term_string}"},"query-input":"required name=search_term_string"}],"inLanguage":"fi"}]}},"_links":{"self":[{"href":"https:\/\/jackpotlotteryonline.com\/fi\/wp-json\/wp\/v2\/pages\/36934","targetHints":{"allow":["GET"]}}],"collection":[{"href":"https:\/\/jackpotlotteryonline.com\/fi\/wp-json\/wp\/v2\/pages"}],"about":[{"href":"https:\/\/jackpotlotteryonline.com\/fi\/wp-json\/wp\/v2\/types\/page"}],"author":[{"embeddable":true,"href":"https:\/\/jackpotlotteryonline.com\/fi\/wp-json\/wp\/v2\/users\/1"}],"replies":[{"embeddable":true,"href":"https:\/\/jackpotlotteryonline.com\/fi\/wp-json\/wp\/v2\/comments?post=36934"}],"version-history":[{"count":0,"href":"https:\/\/jackpotlotteryonline.com\/fi\/wp-json\/wp\/v2\/pages\/36934\/revisions"}],"up":[{"embeddable":true,"href":"https:\/\/jackpotlotteryonline.com\/fi\/wp-json\/wp\/v2\/pages\/35749"}],"wp:attachment":[{"href":"https:\/\/jackpotlotteryonline.com\/fi\/wp-json\/wp\/v2\/media?parent=36934"}],"curies":[{"name":"wp","href":"https:\/\/api.w.org\/{rel}","templated":true}]}}