{"id":36987,"date":"2022-11-09T12:40:18","date_gmt":"2022-11-09T12:40:18","guid":{"rendered":"https:\/\/jackpotlotteryonline.com\/?page_id=36987"},"modified":"2022-12-24T08:21:48","modified_gmt":"2022-12-24T08:21:48","slug":"mega-sena","status":"publish","type":"page","link":"https:\/\/jackpotlotteryonline.com\/fi\/osta-lippuja\/mega-sena\/","title":{"rendered":"Osta Mega Sena lippuja"},"content":{"rendered":"<p>Mega Sena on Brasilian suurin lotto, jolla on yksi maailman suurimmista j\u00e4ttipotista. Ei ihme, ett\u00e4 vedonly\u00f6j\u00e4t kaikkialla maailmassa haluavat innokkaasti voittaa j\u00e4ttipotin. Mielenkiintoista on, ett\u00e4 Mega Sena on my\u00f6s helppo lotto pelata, helpompi kuin monet muut kansainv\u00e4liset lotot. Lotossa pelaamisen helppous, suuri j\u00e4ttipotti ja suotuisat kertoimet tekev\u00e4t t\u00e4st\u00e4 lotosta eritt\u00e4in houkuttelevan pelaajille kaikkialla maailmassa.<\/p>\n<p><a href=\"https:\/\/jackpotlotteryonline.com\/fi\/kuinka-pelata\/mega-sena-2\">Mega Sena -loton pelaaminen<\/a> on yht\u00e4 yksinkertaista kuin kuuden arvotun numeron yhteensovittaminen. T\u00e4t\u00e4 lottoa pelattaessa ei ole erikois- tai bonusnumeroita. Valitse vain 6 numeroa v\u00e4lilt\u00e4 1-60 ja<a href=\"https:\/\/jackpotlotteryonline.com\/fi\/voittonumerot\/mega-sena\"> osallistu arvontaan<\/a>.<\/p>\n<p>Vaikka sinun on valittava kuusi numeroa osallistuaksesi arvontaan, rivej\u00e4 ei ole rajoitettu. Voit siis valita kymmenen kuuden numeron rivi\u00e4 ja lis\u00e4t\u00e4 n\u00e4in mahdollisuuksiasi voittaa arpajaiset.<\/p>\n<h2>Mist\u00e4 ostaa Mega Sena -lippuja<\/h2>\n<p><img loading=\"lazy\" decoding=\"async\" class=\"alignright size-full wp-image-28778\" src=\"https:\/\/jackpotlotteryonline.com\/wp-content\/uploads\/2022\/11\/1_online_ticket_eurojackpot2.jpg\" alt=\"osta Mega Sena lippuja\" width=\"300\" height=\"200\" \/><\/p>\n<p>Jos asut Brasiliassa, t\u00e4h\u00e4n arvontaan osallistuminen on yht\u00e4 yksinkertaista kuin k\u00e4vell\u00e4 lottokaupan myyj\u00e4lle ostamaan lippusi. T\u00e4m\u00e4 saattaa kuitenkin olla hieman haastavaa pelaajille, jotka asuvat maan ulkopuolella. Jos asut kyseisen laink\u00e4ytt\u00f6alueen ulkopuolella, sinulla on yksi vaihtoehto. Sinun on ostettava lippusi verkossa.<\/p>\n<h2>Mega Sena -lippujen ostaminen verkosta<\/h2>\n<p>Lottopelaaminen verkossa on melko yksinkertaista, ja se antaa pelaajille mahdollisuuden osallistua lottoihin ymp\u00e4ri maailmaa. Tavallisesti pelaajat, jotka eiv\u00e4t asu jossakin tietyss\u00e4 maassa, eiv\u00e4t voi pelata kyseisen maan lottoa. Internet on demokratisoinut arpajaisiin osallistumisen tarjoamalla mahdollisuuden pelaajille, jotka ovat aiemmin olleet maantieteellisten rajojen vuoksi vailla oikeuksia.<\/p>\n<p>Nyt Mega Sena -loton pelaaminen on yht\u00e4 yksinkertaista kuin k\u00e4ynti nettilottosivustolla, kuten jackpotlotteryonline.com. Siell\u00e4 voit ostaa lippusi valitsemalla numerot ja p\u00e4\u00e4tt\u00e4m\u00e4ll\u00e4 sitten, kuinka moneen arvontaan haluat osallistua. Kun t\u00e4m\u00e4 on tehty, sinun tarvitsee vain odottaa arvonnan tuloksia.<\/p>\n<h2>Mik\u00e4 on t\u00e4m\u00e4n arvonnan j\u00e4ttipotti?<\/h2>\n<p>Mainitsimmeko jo, ett\u00e4 Mega Sena on yksi maailman suurimmista arpajaisista? Sit\u00e4 voi tuntua vaikealta uskoa, kun otetaan huomioon 450,00 dollarin aloitusj\u00e4ttipotti, varsinkin kun se asetetaan joidenkin muiden, suurempia aloitusj\u00e4ttipotteja tarjoavien arpajaisten rinnalle.<\/p>\n<p>Mega Sena -loton kauneus on kuitenkin siin\u00e4, ett\u00e4 j\u00e4ttipotit voivat kasvaa uskomattoman suuriksi. Jotkut Mega Sena -pelaajien voittamista suurimmista j\u00e4ttipotista ovat nousseet miljooniin Yhdysvaltain dollareihin. Suurin j\u00e4ttipotti oli hieman yli 73 miljoonaa dollaria.<\/p>\n<p>Kun otat t\u00e4m\u00e4n huomioon, on selv\u00e4\u00e4, ett\u00e4 Mega Sena -loton pelaaminen saattaa olla eritt\u00e4in hyv\u00e4 vaihtoehto, kun etsit lottoja, joihin osallistua.<\/p>\n<section class=\"layout\" style=\"border: solid 1px; width: 100%;\">\n<div class=\"img-div\" style=\"margin-top: 5px;\"><img decoding=\"async\" class=\"wp-image-17212 alignleft\" style=\"height: 45px; margin: 8px 8px 0px;\" src=\"https:\/\/jackpotlotteryonline.com\/wp-content\/uploads\/2022\/11\/read1.jpg\" alt=\"lue\" width=\"\" height=\"\" \/><\/div>\n<div style=\"padding-left: 5px;\">\n<div style=\"font-size: 1.1em;\">\n<p><strong>Muutamia niksej\u00e4 ja vinkkej\u00e4 numeroiden valintaan<\/strong><\/p>\n<p style=\"font-size: 0.85em; margin-top: -1.5em;\">Lis\u00e4\u00e4 voittomahdollisuuksiasi &#8211; k\u00e4yt\u00e4 strategiaa numeroiden valitsemiseen \u00a0<a href=\"https:\/\/jackpotlotteryonline.com\/fi\/muutama-temppu-ja-vinkkeja-numeroiden-valintaan\">Lue lis\u00e4\u00e4<\/a><\/p>\n<\/div>\n<\/div>\n<\/section>\n<h2>Mit\u00e4 tapahtuu, jos voitat lotossa?<\/h2>\n<p>T\u00e4h\u00e4n kysymykseen t\u00f6rm\u00e4\u00e4mme usein, erityisesti niilt\u00e4, jotka ostavat Mega Sena -arpoja Etel\u00e4-Amerikan maan ulkopuolelta. Saatat mietti\u00e4, pit\u00e4\u00e4k\u00f6 sinun lent\u00e4\u00e4 koko matka kyseiseen Etel\u00e4-Amerikan maahan lunastaaksesi voittosi. Se ei kuitenkaan ole lainkaan v\u00e4ltt\u00e4m\u00e4t\u00f6nt\u00e4, vaikka jos haluat k\u00e4yd\u00e4 nauttimassa n\u00e4ht\u00e4vyyksist\u00e4, varaa ehdottomasti lento.<\/p>\n<p>Jos kuitenkin etsit vaivatonta tapaa pelata lottoa ja lunastaa voittosi ilman stressi\u00e4, netiss\u00e4 pelaaminen on loistava tapa tehd\u00e4 se.<\/p>\n<p>Kun rekister\u00f6idyt meille, menemme askeleen pidemm\u00e4lle varmistamalla, ett\u00e4 voit osallistua haluamiisi kansainv\u00e4lisiin arpajaisiin, mukaan lukien Mega Sena -arpajaisiin. Sen lis\u00e4ksi voit my\u00f6s helposti nostaa voittosi sivustoltamme tilillesi. Lotossa pelaaminen ei ole koskaan ollut helpompaa.<\/p>\n<h2>Ent\u00e4 Mega da Virada?<\/h2>\n<p><img loading=\"lazy\" decoding=\"async\" class=\"alignright size-full wp-image-35593\" src=\"https:\/\/jackpotlotteryonline.com\/wp-content\/uploads\/2022\/11\/2_ticket_uk_lottery2-1-190x300-1.jpg\" alt=\"Mega Sena arpajaislippu\" width=\"190\" height=\"300\" \/><\/p>\n<p>Olemme erityisen iloisia siit\u00e4, ett\u00e4 kysyit siit\u00e4, koska se on yksi suurimmista j\u00e4ttipoteista. Itse asiassa se on vuoden suurin j\u00e4ttipotti Brasiliassa, ja summa voi nousta jopa 60 miljoonaan dollariin.<\/p>\n<p>Mega da Virada on Mega Sena -loton erityinen j\u00e4ttipotti, joka arvotaan kerran vuodessa. Mega Virada -arvonta on joka vuosi 31. lokakuuta, ja se antaa pelaajille mahdollisuuden voittaa suuria summia.<\/p>\n<p>Mega da Virada ei my\u00f6sk\u00e4\u00e4n jatku, joten palkinto on voitettava tai se on kadonnut koko vuodeksi.<\/p>\n<h2>S\u00e4\u00e4nn\u00f6lliset Mega Sena -arvontap\u00e4iv\u00e4t<\/h2>\n<p>Kun ostat Mega Sena -lippuja, sinulla on mahdollisuus osallistua arvontaan keskiviikkona tai lauantaina. Voit tietysti osallistua molempiin, mit\u00e4 suosittelemme, koska se lis\u00e4\u00e4 mahdollisuuksiasi voittaa palkinto.<\/p>\n<p>Jos todella haluat lis\u00e4t\u00e4 mahdollisuuksiasi voittaa j\u00e4ttipotti, sinun kannattaa harkita liittymist\u00e4 lottoyhtym\u00e4\u00e4n. Etuna on se, ett\u00e4 sinulla olisi p\u00e4\u00e4sy yhteenliittym\u00e4\u00e4n, jolloin voit osallistua useisiin arvontoihin k\u00e4ytt\u00e4m\u00e4tt\u00e4 kaikkia varojasi.<\/p>\n<h2>Palkintoluokat<\/h2>\n<p>Mega Sena -arvonnassa on kolme palkintotasoa, joihin sis\u00e4ltyy j\u00e4ttipotti. Se tarkoittaa, ett\u00e4 jackpot-palkinnon lis\u00e4ksi pelaajilla on mahdollisuus voittaa palkintoja kahdessa muussa kategoriassa. Luettelemme ne alla ja n\u00e4yt\u00e4mme, miten voit voittaa kyseisill\u00e4 tasoilla.<\/p>\n<p>T\u00e4sm\u00e4\u00e4 6 numeroa &#8211; Jackpot &#8211; 35 % palkintopotin rahoista<br \/>\nOsuma 5 numeroa &#8211; taso 2 &#8211; 19 % palkintopotin rahoista<br \/>\nOttelunumerot 4 &#8211; taso 3 &#8211; 19 % palkintopotin rahoista.<\/p>\n<p><strong>Mielenkiintoinen tosiasia: kun pelaat yhdell\u00e4 lipulla 6 numeroa, voiton todenn\u00e4k\u00f6isyys on 1:2 298.<\/strong><\/p>\n<h2>Rekister\u00f6idy kanssamme Mega Sena -arvontaan osallistumiseksi.<\/h2>\n<p>\u00c4l\u00e4 anna sen, ett\u00e4 et asu Etel\u00e4-Amerikassa, est\u00e4\u00e4 sinua nauttimasta Mega Sena -arvonnasta. Voittokertoimet ovat suuret ja palkinnot houkuttelevat. Jos siis asut Brasilian ulkopuolella, voit ostaa Mega Sena -lottokuponkeja sivustollamme rekister\u00f6itym\u00e4ll\u00e4 meille.<\/p>\n<p>Tarjoamme yhden luukun ratkaisun, joka yksinkertaistaa koko lottopeliprosessia. Voit nyt rentoutua ja ly\u00f6d\u00e4 vetoa helposti, koska me hoidamme stressaavan osan puolestasi. Mikset ostaisi Mega Sena -lippuja nyt, jotta sinulla olisi mahdollisuus voittaa suuria summia?<\/p>\n","protected":false},"excerpt":{"rendered":"<p>Mega Sena on Brasilian suurin lotto, jolla on yksi maailman suurimmista j\u00e4ttipotista. Ei ihme, ett\u00e4 vedonly\u00f6j\u00e4t kaikkialla maailmassa haluavat innokkaasti voittaa j\u00e4ttipotin. Mielenkiintoista on, ett\u00e4 Mega Sena on my\u00f6s helppo lotto pelata, helpompi kuin monet muut kansainv\u00e4liset lotot. Lotossa pelaamisen helppous, suuri j\u00e4ttipotti ja suotuisat kertoimet tekev\u00e4t t\u00e4st\u00e4 lotosta eritt\u00e4in houkuttelevan pelaajille kaikkialla maailmassa. Mega [&hellip;]<\/p>\n","protected":false},"author":1,"featured_media":0,"parent":35749,"menu_order":15,"comment_status":"closed","ping_status":"closed","template":"megasena-info.php","meta":{"_et_pb_use_builder":"","_et_pb_old_content":"","_et_gb_content_width":"","exclude_from_search":false,"footnotes":""},"class_list":["post-36987","page","type-page","status-publish","hentry"],"yoast_head":"<!-- This site is optimized with the Yoast SEO plugin v23.3 - https:\/\/yoast.com\/wordpress\/plugins\/seo\/ -->\n<title>Osta Mega Sena lippuja Brasilian ulkopuolelta | Hanki Mega Sena liput netist\u00e4<\/title>\n<meta name=\"description\" content=\"Sinun ei tarvitse olla Brasiliassa osallistuaksesi Mega Sena -tapahtumaan, osta Mega Sena -lippusi verkossa verkkosivuiltamme.\" \/>\n<meta name=\"robots\" content=\"index, follow, max-snippet:-1, max-image-preview:large, max-video-preview:-1\" \/>\n<link rel=\"canonical\" href=\"https:\/\/jackpotlotteryonline.com\/fi\/osta-lippuja\/mega-sena\/\" \/>\n<meta property=\"og:locale\" content=\"fi_FI\" \/>\n<meta property=\"og:type\" content=\"article\" \/>\n<meta property=\"og:title\" content=\"Osta Mega Sena lippuja Brasilian ulkopuolelta | Hanki Mega Sena liput netist\u00e4\" \/>\n<meta property=\"og:description\" content=\"Sinun ei tarvitse olla Brasiliassa osallistuaksesi Mega Sena -tapahtumaan, osta Mega Sena -lippusi verkossa verkkosivuiltamme.\" \/>\n<meta property=\"og:url\" content=\"https:\/\/jackpotlotteryonline.com\/fi\/osta-lippuja\/mega-sena\/\" \/>\n<meta property=\"og:site_name\" content=\"Lotto Online - Crack The International Lottery Jackpots\" \/>\n<meta property=\"article:modified_time\" content=\"2022-12-24T08:21:48+00:00\" \/>\n<meta property=\"og:image\" content=\"https:\/\/jackpotlotteryonline.com\/wp-content\/uploads\/2022\/11\/1_online_ticket_eurojackpot2.jpg\" \/>\n<meta name=\"twitter:card\" content=\"summary_large_image\" \/>\n<meta name=\"twitter:label1\" content=\"Arvioitu lukuaika\" \/>\n\t<meta name=\"twitter:data1\" content=\"4 minuuttia\" \/>\n<!-- \/ Yoast SEO plugin. -->","yoast_head_json":{"title":"Osta Mega Sena lippuja Brasilian ulkopuolelta | Hanki Mega Sena liput netist\u00e4","description":"Sinun ei tarvitse olla Brasiliassa osallistuaksesi Mega Sena -tapahtumaan, osta Mega Sena -lippusi verkossa verkkosivuiltamme.","robots":{"index":"index","follow":"follow","max-snippet":"max-snippet:-1","max-image-preview":"max-image-preview:large","max-video-preview":"max-video-preview:-1"},"canonical":"https:\/\/jackpotlotteryonline.com\/fi\/osta-lippuja\/mega-sena\/","og_locale":"fi_FI","og_type":"article","og_title":"Osta Mega Sena lippuja Brasilian ulkopuolelta | Hanki Mega Sena liput netist\u00e4","og_description":"Sinun ei tarvitse olla Brasiliassa osallistuaksesi Mega Sena -tapahtumaan, osta Mega Sena -lippusi verkossa verkkosivuiltamme.","og_url":"https:\/\/jackpotlotteryonline.com\/fi\/osta-lippuja\/mega-sena\/","og_site_name":"Lotto Online - Crack The International Lottery Jackpots","article_modified_time":"2022-12-24T08:21:48+00:00","og_image":[{"url":"https:\/\/jackpotlotteryonline.com\/wp-content\/uploads\/2022\/11\/1_online_ticket_eurojackpot2.jpg"}],"twitter_card":"summary_large_image","twitter_misc":{"Arvioitu lukuaika":"4 minuuttia"},"schema":{"@context":"https:\/\/schema.org","@graph":[{"@type":"WebPage","@id":"https:\/\/jackpotlotteryonline.com\/fi\/osta-lippuja\/mega-sena\/","url":"https:\/\/jackpotlotteryonline.com\/fi\/osta-lippuja\/mega-sena\/","name":"Osta Mega Sena lippuja Brasilian ulkopuolelta | Hanki Mega Sena liput netist\u00e4","isPartOf":{"@id":"https:\/\/jackpotlotteryonline.com\/#website"},"primaryImageOfPage":{"@id":"https:\/\/jackpotlotteryonline.com\/fi\/osta-lippuja\/mega-sena\/#primaryimage"},"image":{"@id":"https:\/\/jackpotlotteryonline.com\/fi\/osta-lippuja\/mega-sena\/#primaryimage"},"thumbnailUrl":"https:\/\/jackpotlotteryonline.com\/wp-content\/uploads\/2022\/11\/1_online_ticket_eurojackpot2.jpg","datePublished":"2022-11-09T12:40:18+00:00","dateModified":"2022-12-24T08:21:48+00:00","description":"Sinun ei tarvitse olla Brasiliassa osallistuaksesi Mega Sena -tapahtumaan, osta Mega Sena -lippusi verkossa verkkosivuiltamme.","breadcrumb":{"@id":"https:\/\/jackpotlotteryonline.com\/fi\/osta-lippuja\/mega-sena\/#breadcrumb"},"inLanguage":"fi","potentialAction":[{"@type":"ReadAction","target":["https:\/\/jackpotlotteryonline.com\/fi\/osta-lippuja\/mega-sena\/"]}]},{"@type":"ImageObject","inLanguage":"fi","@id":"https:\/\/jackpotlotteryonline.com\/fi\/osta-lippuja\/mega-sena\/#primaryimage","url":"https:\/\/jackpotlotteryonline.com\/wp-content\/uploads\/2022\/11\/1_online_ticket_eurojackpot2.jpg","contentUrl":"https:\/\/jackpotlotteryonline.com\/wp-content\/uploads\/2022\/11\/1_online_ticket_eurojackpot2.jpg"},{"@type":"BreadcrumbList","@id":"https:\/\/jackpotlotteryonline.com\/fi\/osta-lippuja\/mega-sena\/#breadcrumb","itemListElement":[{"@type":"ListItem","position":1,"name":"Home","item":"https:\/\/jackpotlotteryonline.com\/fi\/"},{"@type":"ListItem","position":2,"name":"Miten ostaa lottokuponkeja verkossa","item":"https:\/\/jackpotlotteryonline.com\/fi\/osta-lippuja\/"},{"@type":"ListItem","position":3,"name":"Osta Mega Sena lippuja"}]},{"@type":"WebSite","@id":"https:\/\/jackpotlotteryonline.com\/#website","url":"https:\/\/jackpotlotteryonline.com\/","name":"Lotto Online - Crack The International Lottery Jackpots","description":"","potentialAction":[{"@type":"SearchAction","target":{"@type":"EntryPoint","urlTemplate":"https:\/\/jackpotlotteryonline.com\/?s={search_term_string}"},"query-input":"required name=search_term_string"}],"inLanguage":"fi"}]}},"_links":{"self":[{"href":"https:\/\/jackpotlotteryonline.com\/fi\/wp-json\/wp\/v2\/pages\/36987","targetHints":{"allow":["GET"]}}],"collection":[{"href":"https:\/\/jackpotlotteryonline.com\/fi\/wp-json\/wp\/v2\/pages"}],"about":[{"href":"https:\/\/jackpotlotteryonline.com\/fi\/wp-json\/wp\/v2\/types\/page"}],"author":[{"embeddable":true,"href":"https:\/\/jackpotlotteryonline.com\/fi\/wp-json\/wp\/v2\/users\/1"}],"replies":[{"embeddable":true,"href":"https:\/\/jackpotlotteryonline.com\/fi\/wp-json\/wp\/v2\/comments?post=36987"}],"version-history":[{"count":0,"href":"https:\/\/jackpotlotteryonline.com\/fi\/wp-json\/wp\/v2\/pages\/36987\/revisions"}],"up":[{"embeddable":true,"href":"https:\/\/jackpotlotteryonline.com\/fi\/wp-json\/wp\/v2\/pages\/35749"}],"wp:attachment":[{"href":"https:\/\/jackpotlotteryonline.com\/fi\/wp-json\/wp\/v2\/media?parent=36987"}],"curies":[{"name":"wp","href":"https:\/\/api.w.org\/{rel}","templated":true}]}}