{"id":37041,"date":"2022-11-10T06:33:57","date_gmt":"2022-11-10T06:33:57","guid":{"rendered":"https:\/\/jackpotlotteryonline.com\/?page_id=37041"},"modified":"2023-01-06T09:37:32","modified_gmt":"2023-01-06T09:37:32","slug":"new-york-lottery","status":"publish","type":"page","link":"https:\/\/jackpotlotteryonline.com\/fi\/osta-lippuja\/new-york-lottery\/","title":{"rendered":"Liput New Yorkin arpajaisiin"},"content":{"rendered":"<p>Jos etsit lottoa, jolla on v\u00e4rik\u00e4s historia, New Yorkin lotto on paras vaihtoehto. T\u00e4m\u00e4 historiaan ja skandaaleihin upotettu lotto on my\u00f6s lotto, joka on perustettu hyv\u00e4n asian puolesta. <a href=\"https:\/\/jackpotlotteryonline.com\/fi\/kuinka-pelata\/new-york-lottery-2\">Lotossa pelaaminen<\/a> on hyv\u00e4 tapa pit\u00e4\u00e4 hauskaa, ja se antaa sinulle my\u00f6s jotain, mit\u00e4 odottaa.<\/p>\n<p>Yhdysvaltojen ulkopuolella asuvat pelaajat, jotka haluavat ostaa lippuja t\u00e4h\u00e4n lottoon, voivat tehd\u00e4 sen k\u00e4ym\u00e4ll\u00e4 osoitteessa jackpotlotteryonline.com. Tarjoamme pelaajille p\u00e4\u00e4syn kansainv\u00e4lisiin huippulottoihin riippumatta siit\u00e4, miss\u00e4 p\u00e4in maailmaa he ovat.<\/p>\n<h2>Lyhyt historia New Yorkin lotosta<\/h2>\n<p>T\u00e4m\u00e4 on New Yorkin osavaltion hallituksen Yhdysvalloissa j\u00e4rjest\u00e4m\u00e4 arpajaiset. Se perustettiin vuonna 1967 keinoksi rahoittaa osavaltion koulutusta. Osavaltion kansalaiset \u00e4\u00e4nestiv\u00e4t kansan\u00e4\u00e4nestyksell\u00e4 perustuslain muuttamisesta siten, ett\u00e4 osavaltiossa voitiin j\u00e4rjest\u00e4\u00e4 lotto. Mielenkiintoista on, ett\u00e4 loton ensimm\u00e4inen iskulause oli &#8220;El\u00e4m\u00e4si tilaisuus auttaa koulutusta&#8221;.<\/p>\n<p>Jos siis haluat tuntea olosi hyv\u00e4ksi lottoa pelatessasi, t\u00e4m\u00e4 arpajaiset ovat sinulle hyv\u00e4 tilaisuus. Et ainoastaan saisi mahdollisuutta voittaa suuria summia, vaan tiet\u00e4isit tekev\u00e4si samalla hyv\u00e4\u00e4.<\/p>\n<p>Toinen mielenkiintoinen seikka on se, ett\u00e4 alkuvaiheessa t\u00e4m\u00e4 lotto joutui skandaalin kohteeksi, ei kertaakaan vaan kahdesti. Vuonna 1975-6 myynti keskeytettiin, koska havaittiin, ett\u00e4 myym\u00e4tt\u00e4 j\u00e4\u00e4neet liput julistettiin voittajiksi. Sitten 1980-luvulla valtion ty\u00f6ntekij\u00e4t manipuloivat tuloksia perheenj\u00e4senten ja yst\u00e4vien hyv\u00e4ksi. N\u00e4m\u00e4 ajat ovat jo kauan takanap\u00e4in, ja siit\u00e4 on tullut yksi maan luotettavimmista arpajaisista.<\/p>\n<h2>Miten ostaa lottokuponkeja Yhdysvaltojen ulkopuolelta<\/h2>\n<p><img loading=\"lazy\" decoding=\"async\" class=\"alignright size-full wp-image-26402\" src=\"https:\/\/jackpotlotteryonline.com\/wp-content\/uploads\/2022\/11\/1_buy_online_ticket_powerball.jpg\" alt=\"New Yorkin lottopalkinto\" width=\"300\" height=\"194\" \/><\/p>\n<p>Jos asut Yhdysvaltojen ulkopuolella, on vain yksi laillinen tapa ostaa lottokuponkeja. Se on ostamalla ne internetin kautta lottoverkon myyj\u00e4lt\u00e4, kuten jackpotlotteryonline.com-sivustolta.<\/p>\n<p>Ostaaksesi liput k\u00e4y yksinkertaisesti sivustolla ja klikkaa haluamaasi lottoa. Valitse seuraavaksi kuusi numeroa v\u00e4lilt\u00e4 1 ja 59. Voit vapaasti ostaa useampia rivej\u00e4 lis\u00e4t\u00e4ksesi voittomahdollisuuksiasi. Kun olet valinnut numerot, siirry haluamaasi arvontaan ja suorita maksu.<\/p>\n<p>Lottopelaaminen Yhdysvaltojen ulkopuolelta internetin kautta on laillista ja oikeutettua. Se my\u00f6s avaa pelaajille ymp\u00e4ri maailmaa monenlaisia mahdollisuuksia. Sinun ei en\u00e4\u00e4 tarvitse rajoittaa itse\u00e4si maantieteellisesti, sill\u00e4 voit helposti ly\u00f6d\u00e4 vetoa ilman rajoja.<\/p>\n<h2>Bonusnumero<\/h2>\n<p>Kyll\u00e4, on olemassa bonusnumero, ja se on seitsem\u00e4s numero, joka arvotaan. Bonusnumeroa ei kuitenkaan k\u00e4ytet\u00e4 jackpot-palkinnon m\u00e4\u00e4ritt\u00e4miseen, vaan sit\u00e4 k\u00e4ytet\u00e4\u00e4n toiseen palkintoon. Voittaakseen toisen palkintoluokan pelaajan on l\u00f6ydett\u00e4v\u00e4 kuusi arvottua numeroa ja bonusnumero.<\/p>\n<section class=\"layout\" style=\"border: solid 1px; width: 100%;\">\n<div class=\"img-div\" style=\"margin-top: 5px;\"><img decoding=\"async\" class=\"wp-image-17212 alignleft\" style=\"height: 45px; margin: 8px 8px 0px;\" src=\"https:\/\/jackpotlotteryonline.com\/wp-content\/uploads\/2022\/11\/read1.jpg\" alt=\"lue\" width=\"\" height=\"\" \/><\/div>\n<div style=\"padding-left: 5px;\">\n<div style=\"font-size: 1.1em;\">\n<p><strong>Lottovinkkej\u00e4<\/strong><\/p>\n<p style=\"font-size: 0.85em; margin-top: -1.5em;\">Vinkkej\u00e4, jotka auttavat sinua voittamaan lotossa\u00a0 <a href=\"https:\/\/jackpotlotteryonline.com\/fi\/vinkkeja-jotka-auttavat-sinua-voittamaan-lotossa\"> Lue lis\u00e4\u00e4<\/a><\/p>\n<\/div>\n<\/div>\n<\/section>\n<h2>Palkintoluokat<\/h2>\n<p>Kokonaispalkinnon voittomahdollisuus on 1:92,05. Palkintojen jako riippuu kokonaismyynnist\u00e4. N\u00e4in ollen 40 prosenttia myynnist\u00e4 jaetaan jokaisessa lotossa palkintorahoina. J\u00e4ttipotti on prosenttiosuus t\u00e4st\u00e4, eik\u00e4 se ole lukittu summa. Palkintoluokat on esitetty j\u00e4ljemp\u00e4n\u00e4:<\/p>\n<p>Luokka 1: 6 numeroa &#8211; j\u00e4ttipotti (30 %).<br \/>\nLuokka 2: 5 + bonusnumero &#8211; 2,9 % myynnist\u00e4.<br \/>\nLuokka 3: 5 numeroa &#8211; 2,2 % myynnist\u00e4.<br \/>\nLuokka 4: 4 numeroa &#8211; 2,5 % myynnist\u00e4.<br \/>\nLuokka 5: 3 numeroa &#8211; 2,4 % myynnist\u00e4.<\/p>\n<h2>New Yorkin lottoarvontap\u00e4iv\u00e4t<\/h2>\n<p><a href=\"https:\/\/jackpotlotteryonline.com\/fi\/voittonumerot\/new-york-lottery\">New Yorkin lotossa (kuten sit\u00e4 joskus kutsutaan) on kaksi arvontap\u00e4iv\u00e4\u00e4 viikossa<\/a>. Ne ovat keskiviikkoisin ja lauantaisin. Voit siis osallistua useisiin arvontap\u00e4iviin useita viikkoja etuk\u00e4teen.<\/p>\n<p>Jos haluat tiet\u00e4\u00e4, oletko voittanut palkinnon, voit katsoa arvontoja televisiosta tai tarkistaa uutisista arvontatulokset. T\u00e4m\u00e4 voi kuitenkin k\u00e4yd\u00e4 helposti rasittavaksi, varsinkin jos olet kiireinen tuohon aikaan. Yksinkertaisempi vaihtoehto on rekister\u00f6ity\u00e4 meille, ja me ilmoitamme sinulle v\u00e4litt\u00f6m\u00e4sti, jos voitat.<\/p>\n<h2>Miksi sinun pit\u00e4isi pelata New Yorkin lottoa?<\/h2>\n<p>Kun ajattelet sit\u00e4, ett\u00e4 palkintorahat m\u00e4\u00e4r\u00e4ytyv\u00e4t myynnin mukaan, saatat lannistua. Mit\u00e4 tapahtuu, jos myynti ei ole hyv\u00e4? Se tarkoittaa, ett\u00e4 j\u00e4ttipottipalkinto saattaa pienenty\u00e4 huomattavasti. T\u00e4m\u00e4 on todellinen pelko, jonka vedonly\u00f6j\u00e4t kohtaavat pelatessaan t\u00e4t\u00e4 lottoa.<\/p>\n<p>On kuitenkin useita asioita, jotka puoltavat New Yorkin osavaltion hallituksen j\u00e4rjest\u00e4m\u00e4\u00e4 lottoa. Ensimm\u00e4inen on se, ett\u00e4 t\u00e4m\u00e4 arpajaiset kiinnostavat paljon, joten myynti on edelleen melko hyv\u00e4. J\u00e4ttipotti ei ole yht\u00e4 suuri kuin joissakin muissa kansainv\u00e4lisiss\u00e4 arpajaisissa, mutta pelaajat voivat voittaa jopa 10 miljoonaa dollaria.<\/p>\n<p>My\u00f6s voittomahdollisuudet ovat paljon suuremmat kuin muissa lotoissa, joissa on suuremmat j\u00e4ttipotit. Vaikka jotkut vedonly\u00f6j\u00e4t eiv\u00e4t ehk\u00e4 pid\u00e4 t\u00e4t\u00e4 vedonly\u00f6nti\u00e4 suurten panosten panoksena, suotuisat kertoimet varmasti sulostuttavat sopimusta. Lis\u00e4ksi j\u00e4ttipottipalkinto ei ole lainkaan huono, ja se voi silti tehd\u00e4 voittajista miljon\u00e4\u00e4rej\u00e4.<\/p>\n<h2>Rekister\u00f6idy kanssamme stressit\u00f6nt\u00e4 kokemusta varten<\/h2>\n<p><img loading=\"lazy\" decoding=\"async\" class=\"size-full wp-image-35321 alignright\" src=\"https:\/\/jackpotlotteryonline.com\/wp-content\/uploads\/2022\/11\/2_ticket_superenalotto-1.jpg\" alt=\"New Yorkin lottokuponki\" width=\"228\" height=\"300\" \/><\/p>\n<p>New York Loton pelaaminen on helppoa ja vaivatonta, kun rekister\u00f6idyt meille. Kun vierailet sivustollamme, l\u00f6yd\u00e4t laajan valikoiman kansainv\u00e4lisi\u00e4 lottoja, joihin voit osallistua. Hanki lippu ja ly\u00f6 vetoa haluamassasi lotossa ja valitse halutessasi useita osallistumisia. Jos et ole varma valittavista numeroista, automaattinen valintaty\u00f6kalumme auttaa sinua siin\u00e4.<\/p>\n<p>Kun olet valinnut numerot, osallistu arvontaan ja siirry maksualueelle. Siin\u00e4 vaiheessa pyyd\u00e4mme sinua rekister\u00f6itym\u00e4\u00e4n. T\u00e4m\u00e4 tapahtuu seuraavista syist\u00e4:<\/p>\n<ul>\n<li>Kun rekister\u00f6idyt, voit varmistaa, ett\u00e4 lippusi ovat turvassa, jotta voit helposti lunastaa voittamasi palkinnot.<\/li>\n<li>Jos voitat palkinnon, saat ilmoituksen kojelaudallesi ja s\u00e4hk\u00f6postitse.<\/li>\n<li>Palkintosi nostaminen ei ole koskaan ollut helpompaa, sill\u00e4 voit tehd\u00e4 sen suoraan alustallamme.<\/li>\n<\/ul>\n<h2>Mist\u00e4 tied\u00e4t, ett\u00e4 osallistut arvontaan?<\/h2>\n<p>T\u00e4m\u00e4 on oikeutettu kysymys, sill\u00e4 on olemassa useita palveluita, jotka myyv\u00e4t arpalippuja, mutta eiv\u00e4t anna sinulle p\u00e4\u00e4sy\u00e4 arpajaisiin. Se, mit\u00e4 ne tekev\u00e4t, on se, ett\u00e4 ne antavat sinulle mahdollisuuden ly\u00f6d\u00e4 vetoa j\u00e4ttipottia vastaan. Vaikka siis voittaisitkin, voit saada vain murto-osan j\u00e4ttipotin m\u00e4\u00e4r\u00e4st\u00e4. Me emme tee niin.<\/p>\n<p>Meill\u00e4 on concierge-palvelu, joka varmistaa, ett\u00e4 asiakkaamme saavat reaaliaikaisen p\u00e4\u00e4syn haluamiinsa arpajaisiin. Kun ostat merkinn\u00e4n, New Yorkin agenttimme ostavat my\u00f6s fyysisen lipun, jossa on haluamasi numerot. T\u00e4m\u00e4 tarkoittaa sit\u00e4, ett\u00e4 jos numerosi vastaavat arvottuja numeroita, olet voittanut j\u00e4ttipotin.<\/p>\n<p>T\u00e4m\u00e4 tuntuu olevan hyv\u00e4 hetki mainita, ett\u00e4 arpajaiset ovat onnenpeli\u00e4. N\u00e4in ollen ei ole mit\u00e4\u00e4n keinoa m\u00e4\u00e4ritt\u00e4\u00e4, kuka voittaa. Tied\u00e4mme kuitenkin, ett\u00e4 ainoa tapa saada mahdollisuus voittaa on ly\u00f6d\u00e4 vetoa. Siksi teemme kaikkemme varmistaaksemme, ett\u00e4 asiakkaillamme on t\u00e4m\u00e4 mahdollisuus.<\/p>\n<h2>Pelaa New Yorkin lottoa verkossa jo t\u00e4n\u00e4\u00e4n<\/h2>\n<p>On aika lakata miettim\u00e4st\u00e4 lottokupongin hankkimista ja hankkia sellainen. T\u00e4m\u00e4 voi olla alku el\u00e4m\u00e4si seikkailulle. Joten miksi et k\u00e4visi t\u00e4n\u00e4\u00e4n osoitteessa jackpotlotteryonline.com ja ly\u00f6 vetoa mist\u00e4 p\u00e4in maailmaa tahansa? Koskaan ei voi tiet\u00e4\u00e4, milloin voitat lotossa.<\/p>\n","protected":false},"excerpt":{"rendered":"<p>Jos etsit lottoa, jolla on v\u00e4rik\u00e4s historia, New Yorkin lotto on paras vaihtoehto. T\u00e4m\u00e4 historiaan ja skandaaleihin upotettu lotto on my\u00f6s lotto, joka on perustettu hyv\u00e4n asian puolesta. Lotossa pelaaminen on hyv\u00e4 tapa pit\u00e4\u00e4 hauskaa, ja se antaa sinulle my\u00f6s jotain, mit\u00e4 odottaa. Yhdysvaltojen ulkopuolella asuvat pelaajat, jotka haluavat ostaa lippuja t\u00e4h\u00e4n lottoon, voivat tehd\u00e4 [&hellip;]<\/p>\n","protected":false},"author":1,"featured_media":0,"parent":35749,"menu_order":14,"comment_status":"closed","ping_status":"closed","template":"newyork-info.php","meta":{"_et_pb_use_builder":"","_et_pb_old_content":"","_et_gb_content_width":"","exclude_from_search":false,"footnotes":""},"class_list":["post-37041","page","type-page","status-publish","hentry"],"yoast_head":"<!-- This site is optimized with the Yoast SEO plugin v23.3 - https:\/\/yoast.com\/wordpress\/plugins\/seo\/ -->\n<title>Osta lippuja New York Lotteryyn Yhdysvaltojen ulkopuolelta | Hanki New York Lotery liput netist\u00e4<\/title>\n<meta name=\"description\" content=\"Haluatko ostaa lipun New York Lottery, mutta asut Yhdysvaltojen ulkopuolella? Hanki lottokuponkeja verkossa t\u00e4\u00e4lt\u00e4\" \/>\n<meta name=\"robots\" content=\"index, follow, max-snippet:-1, max-image-preview:large, max-video-preview:-1\" \/>\n<link rel=\"canonical\" href=\"https:\/\/jackpotlotteryonline.com\/fi\/osta-lippuja\/new-york-lottery\/\" \/>\n<meta property=\"og:locale\" content=\"fi_FI\" \/>\n<meta property=\"og:type\" content=\"article\" \/>\n<meta property=\"og:title\" content=\"Osta lippuja New York Lotteryyn Yhdysvaltojen ulkopuolelta | Hanki New York Lotery liput netist\u00e4\" \/>\n<meta property=\"og:description\" content=\"Haluatko ostaa lipun New York Lottery, mutta asut Yhdysvaltojen ulkopuolella? Hanki lottokuponkeja verkossa t\u00e4\u00e4lt\u00e4\" \/>\n<meta property=\"og:url\" content=\"https:\/\/jackpotlotteryonline.com\/fi\/osta-lippuja\/new-york-lottery\/\" \/>\n<meta property=\"og:site_name\" content=\"Lotto Online - Crack The International Lottery Jackpots\" \/>\n<meta property=\"article:modified_time\" content=\"2023-01-06T09:37:32+00:00\" \/>\n<meta property=\"og:image\" content=\"https:\/\/jackpotlotteryonline.com\/wp-content\/uploads\/2022\/11\/1_buy_online_ticket_powerball.jpg\" \/>\n<meta name=\"twitter:card\" content=\"summary_large_image\" \/>\n<meta name=\"twitter:label1\" content=\"Arvioitu lukuaika\" \/>\n\t<meta name=\"twitter:data1\" content=\"5 minuuttia\" \/>\n<!-- \/ Yoast SEO plugin. -->","yoast_head_json":{"title":"Osta lippuja New York Lotteryyn Yhdysvaltojen ulkopuolelta | Hanki New York Lotery liput netist\u00e4","description":"Haluatko ostaa lipun New York Lottery, mutta asut Yhdysvaltojen ulkopuolella? Hanki lottokuponkeja verkossa t\u00e4\u00e4lt\u00e4","robots":{"index":"index","follow":"follow","max-snippet":"max-snippet:-1","max-image-preview":"max-image-preview:large","max-video-preview":"max-video-preview:-1"},"canonical":"https:\/\/jackpotlotteryonline.com\/fi\/osta-lippuja\/new-york-lottery\/","og_locale":"fi_FI","og_type":"article","og_title":"Osta lippuja New York Lotteryyn Yhdysvaltojen ulkopuolelta | Hanki New York Lotery liput netist\u00e4","og_description":"Haluatko ostaa lipun New York Lottery, mutta asut Yhdysvaltojen ulkopuolella? Hanki lottokuponkeja verkossa t\u00e4\u00e4lt\u00e4","og_url":"https:\/\/jackpotlotteryonline.com\/fi\/osta-lippuja\/new-york-lottery\/","og_site_name":"Lotto Online - Crack The International Lottery Jackpots","article_modified_time":"2023-01-06T09:37:32+00:00","og_image":[{"url":"https:\/\/jackpotlotteryonline.com\/wp-content\/uploads\/2022\/11\/1_buy_online_ticket_powerball.jpg"}],"twitter_card":"summary_large_image","twitter_misc":{"Arvioitu lukuaika":"5 minuuttia"},"schema":{"@context":"https:\/\/schema.org","@graph":[{"@type":"WebPage","@id":"https:\/\/jackpotlotteryonline.com\/fi\/osta-lippuja\/new-york-lottery\/","url":"https:\/\/jackpotlotteryonline.com\/fi\/osta-lippuja\/new-york-lottery\/","name":"Osta lippuja New York Lotteryyn Yhdysvaltojen ulkopuolelta | Hanki New York Lotery liput netist\u00e4","isPartOf":{"@id":"https:\/\/jackpotlotteryonline.com\/#website"},"primaryImageOfPage":{"@id":"https:\/\/jackpotlotteryonline.com\/fi\/osta-lippuja\/new-york-lottery\/#primaryimage"},"image":{"@id":"https:\/\/jackpotlotteryonline.com\/fi\/osta-lippuja\/new-york-lottery\/#primaryimage"},"thumbnailUrl":"https:\/\/jackpotlotteryonline.com\/wp-content\/uploads\/2022\/11\/1_buy_online_ticket_powerball.jpg","datePublished":"2022-11-10T06:33:57+00:00","dateModified":"2023-01-06T09:37:32+00:00","description":"Haluatko ostaa lipun New York Lottery, mutta asut Yhdysvaltojen ulkopuolella? Hanki lottokuponkeja verkossa t\u00e4\u00e4lt\u00e4","breadcrumb":{"@id":"https:\/\/jackpotlotteryonline.com\/fi\/osta-lippuja\/new-york-lottery\/#breadcrumb"},"inLanguage":"fi","potentialAction":[{"@type":"ReadAction","target":["https:\/\/jackpotlotteryonline.com\/fi\/osta-lippuja\/new-york-lottery\/"]}]},{"@type":"ImageObject","inLanguage":"fi","@id":"https:\/\/jackpotlotteryonline.com\/fi\/osta-lippuja\/new-york-lottery\/#primaryimage","url":"https:\/\/jackpotlotteryonline.com\/wp-content\/uploads\/2022\/11\/1_buy_online_ticket_powerball.jpg","contentUrl":"https:\/\/jackpotlotteryonline.com\/wp-content\/uploads\/2022\/11\/1_buy_online_ticket_powerball.jpg"},{"@type":"BreadcrumbList","@id":"https:\/\/jackpotlotteryonline.com\/fi\/osta-lippuja\/new-york-lottery\/#breadcrumb","itemListElement":[{"@type":"ListItem","position":1,"name":"Home","item":"https:\/\/jackpotlotteryonline.com\/fi\/"},{"@type":"ListItem","position":2,"name":"Miten ostaa lottokuponkeja verkossa","item":"https:\/\/jackpotlotteryonline.com\/fi\/osta-lippuja\/"},{"@type":"ListItem","position":3,"name":"Liput New Yorkin arpajaisiin"}]},{"@type":"WebSite","@id":"https:\/\/jackpotlotteryonline.com\/#website","url":"https:\/\/jackpotlotteryonline.com\/","name":"Lotto Online - Crack The International Lottery Jackpots","description":"","potentialAction":[{"@type":"SearchAction","target":{"@type":"EntryPoint","urlTemplate":"https:\/\/jackpotlotteryonline.com\/?s={search_term_string}"},"query-input":"required name=search_term_string"}],"inLanguage":"fi"}]}},"_links":{"self":[{"href":"https:\/\/jackpotlotteryonline.com\/fi\/wp-json\/wp\/v2\/pages\/37041","targetHints":{"allow":["GET"]}}],"collection":[{"href":"https:\/\/jackpotlotteryonline.com\/fi\/wp-json\/wp\/v2\/pages"}],"about":[{"href":"https:\/\/jackpotlotteryonline.com\/fi\/wp-json\/wp\/v2\/types\/page"}],"author":[{"embeddable":true,"href":"https:\/\/jackpotlotteryonline.com\/fi\/wp-json\/wp\/v2\/users\/1"}],"replies":[{"embeddable":true,"href":"https:\/\/jackpotlotteryonline.com\/fi\/wp-json\/wp\/v2\/comments?post=37041"}],"version-history":[{"count":0,"href":"https:\/\/jackpotlotteryonline.com\/fi\/wp-json\/wp\/v2\/pages\/37041\/revisions"}],"up":[{"embeddable":true,"href":"https:\/\/jackpotlotteryonline.com\/fi\/wp-json\/wp\/v2\/pages\/35749"}],"wp:attachment":[{"href":"https:\/\/jackpotlotteryonline.com\/fi\/wp-json\/wp\/v2\/media?parent=37041"}],"curies":[{"name":"wp","href":"https:\/\/api.w.org\/{rel}","templated":true}]}}