{"id":37093,"date":"2022-11-10T08:50:22","date_gmt":"2022-11-10T08:50:22","guid":{"rendered":"https:\/\/jackpotlotteryonline.com\/?page_id=37093"},"modified":"2023-01-04T08:37:54","modified_gmt":"2023-01-04T08:37:54","slug":"thunderball","status":"publish","type":"page","link":"https:\/\/jackpotlotteryonline.com\/fi\/osta-lippuja\/thunderball\/","title":{"rendered":"Osta Thunderball lippuja"},"content":{"rendered":"<p>Yhdistyneess\u00e4 kuningaskunnassa ei ole pulaa pelaajille suunnatuista arpajaisista. Lottopeleist\u00e4 annuiteettipeleihin, jokaiselle l\u00f6ytyy jotakin ja melkein joka p\u00e4iv\u00e4. Mutta yksi vedonly\u00f6jien suosikkipeleist\u00e4 on Thunderball. Se on mielenkiintoinen, koska kyseess\u00e4 on lotto, joka ei tarjoa miljoonien punnan arvoisia j\u00e4ttipotteja. Itse asiassa voimme taata, ett\u00e4 vaikka voittaisitkin j\u00e4ttipotin, sinusta ei tule miljon\u00e4\u00e4ri\u00e4. Miksi pelaajat sitten n\u00e4ytt\u00e4v\u00e4t rakastavan t\u00e4t\u00e4 lottoa?<\/p>\n<p>Syy on yksinkertainen: kertoimet ovat paljon paremmat kuin muissa peleiss\u00e4, joissa on suuremmat j\u00e4ttipotit. Nelj\u00e4 viikoittaista arvontakierrosta ja siisti j\u00e4ttipotti, joten ei ole ihme, ett\u00e4 lottoharrastajat ker\u00e4\u00e4ntyv\u00e4t t\u00e4m\u00e4n loton pariin joka viikko.<\/p>\n<p>Jos asut Yhdistyneen kuningaskunnan ulkopuolella, voit osallistua my\u00f6s mihin tahansa arvontaan. K\u00e4y osoitteessa jackpotlotteryonline.com, niin saat tehokkaan ja stressitt\u00f6m\u00e4n tavan ostaa lottokuponkeja miss\u00e4 tahansa oletkin.<\/p>\n<h2>Miten Thunderball toimii?<\/h2>\n<p><img loading=\"lazy\" decoding=\"async\" class=\"alignright size-medium wp-image-30425\" src=\"http:\/\/jackpotlotteryonline.com\/wp-content\/uploads\/2022\/11\/1_you_win_jackpot-300x300.jpg\" alt=\"Kuinka pelata Thunderballia\" width=\"300\" height=\"300\" srcset=\"https:\/\/jackpotlotteryonline.com\/wp-content\/uploads\/2022\/11\/1_you_win_jackpot-300x300.jpg 300w, https:\/\/jackpotlotteryonline.com\/wp-content\/uploads\/2022\/11\/1_you_win_jackpot-100x100.jpg 100w, https:\/\/jackpotlotteryonline.com\/wp-content\/uploads\/2022\/11\/1_you_win_jackpot-150x150.jpg 150w, https:\/\/jackpotlotteryonline.com\/wp-content\/uploads\/2022\/11\/1_you_win_jackpot.jpg 320w\" sizes=\"auto, (max-width: 300px) 100vw, 300px\" \/><\/p>\n<p>T\u00e4m\u00e4 brittilotto on suoraviivainen ja helppo pelata, eik\u00e4 kokeneilla lottopelaajilla pit\u00e4isi olla ongelmia t\u00e4m\u00e4n brittiloton kanssa.<\/p>\n<p><a href=\"https:\/\/jackpotlotteryonline.com\/fi\/kuinka-pelata\/thunderball\">Pelatakseen t\u00e4t\u00e4 brittil\u00e4ist\u00e4 lottoa<\/a> pelaajien on valittava viisi p\u00e4\u00e4numeroa v\u00e4lilt\u00e4 1-39 ja yksi erikoisnumero v\u00e4lilt\u00e4 1-14. Erikoisnumero on nimelt\u00e4\u00e4n Thunderball.<\/p>\n<p>Kun olet valinnut numerot, seuraava vaihe on<a href=\"https:\/\/jackpotlotteryonline.com\/fi\/voittonumerot\/thunderball\"> osallistua arvontaan<\/a> ja odottaa tuloksia. Olemme jo maininneet, ett\u00e4 se tarjoaa nelj\u00e4 viikoittaista arvontakierrosta. Se tarkoittaa nelj\u00e4\u00e4 mahdollisuutta voittaa j\u00e4ttipotti! Arvonta suoritetaan tiistaina, keskiviikkona, torstaina ja lauantaina.<\/p>\n<h2>Onko laillista ostaa Yhdistyneen kuningaskunnan lottokuponki netist\u00e4?<\/h2>\n<p>Kysymys siit\u00e4, voiko lottoon osallistua internetin kautta, on aiheellinen huolenaihe. On totta, ett\u00e4 huijauksia on olemassa, ja olisi typer\u00e4\u00e4 j\u00e4tt\u00e4\u00e4 se huomiotta. On kuitenkin olemassa laillisia lottosivustoja, jotka myyv\u00e4t lippuja arpajaisiin ymp\u00e4ri maailmaa, ja t\u00e4m\u00e4 on t\u00e4ysin laillista.<\/p>\n<p>Ensinn\u00e4kin t\u00e4m\u00e4 brittil\u00e4inen arpajaiset ei ole rajoitettu Yhdistyneen kuningaskunnan kansalaisiin. Ainoa rajoitus on maantieteellinen siin\u00e4 mieless\u00e4, ett\u00e4 fyysisi\u00e4 lottokuponkeja myyv\u00e4t maassa olevat myyj\u00e4t. Lippujen ostaminen verkosta on ainoa tapa pelata lottoa maan ulkopuolelta.<\/p>\n<p>Ennen kuin ostat lottokupongin, varmista, ett\u00e4 k\u00e4yt\u00e4t laillista lottomyyj\u00e4\u00e4, erityisesti sellaista, jolla on hyv\u00e4 maine. Hyv\u00e4 tapa tarkistaa on katsoa, onko heill\u00e4 ollut tapana maksaa voittoja, jotta et menet\u00e4 voittojasi.<\/p>\n<section class=\"layout\" style=\"border: solid 1px; width: 100%;\">\n<div class=\"img-div\" style=\"margin-top: 5px;\"><img decoding=\"async\" class=\"wp-image-17212 alignleft\" style=\"height: 45px; margin: 8px 8px 0px;\" src=\"http:\/\/jackpotlotteryonline.com\/wp-content\/uploads\/2022\/11\/read1.jpg\" alt=\"lue\" width=\"\" height=\"\" \/><\/div>\n<div style=\"padding-left: 5px;\">\n<div style=\"font-size: 1.1em;\">\n<p><strong>Kansallinen lottosi kansainv\u00e4lisess\u00e4 vertailussa<\/strong><\/p>\n<p style=\"font-size: 0.85em; margin-top: -1.5em;\">Paikallinen lottopelisi voi olla huonoin vaihtoehtosi &#8211; miksi on j\u00e4rkev\u00e4mp\u00e4\u00e4 maksaa enemm\u00e4n, mutta tavoitella suurempia j\u00e4ttipotteja\u00a0 <a href=\"https:\/\/jackpotlotteryonline.com\/fi\/kansallinen-arpajaisesi-kansainvalisessa-vertailussa\">Lue lis\u00e4\u00e4<\/a><\/p>\n<\/div>\n<\/div>\n<\/section>\n<h2>Jackpot ja palkinnot<\/h2>\n<p>Mik\u00e4 t\u00e4m\u00e4n brittil\u00e4isen loton jackpot-palkinto tarkalleen ottaen on? Jackpot-palkinto on viisisataatuhatta puntaa, ja se on taattu jokaisessa arvonnassa. Jokainen lippu, joka vastaa viitt\u00e4 arvottua numeroa ja erikoisnumeroa, voittaa j\u00e4ttipotin.<\/p>\n<p>J\u00e4ttipotti ei ole ainoa palkinto, jonka pelaajat voivat voittaa t\u00e4ss\u00e4 lotossa, sill\u00e4 on muitakin palkintotasoja. Toisen tason palkinto on my\u00f6s kiinte\u00e4 viiden tuhannen punnan summa, joka on todella hieno. Palkintotasoja on kaikkiaan yhdeks\u00e4n, ja on olemassa palkinto vain erityisnumeron t\u00e4sm\u00e4\u00e4misest\u00e4.<\/p>\n<p>T\u00e4m\u00e4nkin loton kertoimet ovat uskomattomat, mink\u00e4 vuoksi se on tuottanut niin monia voittajia ensimm\u00e4isest\u00e4 arvonnasta vuonna 1999 l\u00e4htien. Loton suuren kysynn\u00e4n vuoksi se on muuttunut yhdest\u00e4 viikoittaisesta arvonnasta nelj\u00e4\u00e4n viikoittaiseen arvontaan. Jos siis pelaat t\u00e4t\u00e4 brittil\u00e4ist\u00e4 lottoa, todenn\u00e4k\u00f6isyys voittaa j\u00e4ttipotti on 1:8 060 598, kun taas todenn\u00e4k\u00f6isyys voittaa mik\u00e4 tahansa palkinto on 1:13.<br \/>\n<img loading=\"lazy\" decoding=\"async\" class=\"alignright size-medium wp-image-35457\" src=\"http:\/\/jackpotlotteryonline.com\/wp-content\/uploads\/2022\/11\/2_ticket_uk_lottery-192x300.jpg\" alt=\"Thunderball-lippu\" width=\"192\" height=\"300\" srcset=\"https:\/\/jackpotlotteryonline.com\/wp-content\/uploads\/2022\/11\/2_ticket_uk_lottery-192x300.jpg 192w, https:\/\/jackpotlotteryonline.com\/wp-content\/uploads\/2022\/11\/2_ticket_uk_lottery.jpg 250w\" sizes=\"auto, (max-width: 192px) 100vw, 192px\" \/><\/p>\n<p><strong>Kun pelaat t\u00e4t\u00e4 lottoa, voit odottaa voittavasi seuraavaa:<\/strong><\/p>\n<p>\u00a3 500,000 (Jackpot): 5 numeroa + erikoisnumero &#8211; \u00a3 500,000 (Jackpot).<br \/>\nVain 5 numeroa &#8211; 5000 puntaa<br \/>\n4 numeroa + erikoisnumero &#8211; 250 puntaa<br \/>\nVain 4 numeroa &#8211; 100 puntaa<br \/>\n3 numeroa + erikoisnumero &#8211; \u00a320<br \/>\nVain 3 numeroa &#8211; \u00a310<br \/>\nVastaavat 2 numeroa + erikoisnumero &#8211; \u00a310<br \/>\n1 numero + erikoisnumero &#8211; \u00a35<br \/>\nVastaava 0-numero + erikoisnumero &#8211; \u00a33<\/p>\n<h2>Kuinka lunastaa palkintosi<\/h2>\n<p>Miten lunastat palkintosi riippuu siit\u00e4, miten ostit arpasi. Jos osallistuit arvontaan sivustomme kautta, voit lunastaa palkintosi kirjautumalla tilillesi ja nostamalla voittosi alustaltamme.<\/p>\n<p>Ennen kuin lunastat palkintosi, on t\u00e4rke\u00e4\u00e4 tiet\u00e4\u00e4 muutamia asioita lottopelaamisesta Yhdistyneess\u00e4 kuningaskunnassa. Tied\u00e4mme jo, ett\u00e4 arpajaiset ovat avoimia kaikille kansalaisuudesta riippumatta, mutta t\u00e4ss\u00e4 on kuitenkin muutama huomioitava asia:<\/p>\n<ul>\n<li>Arpajaiset ovat avoimia yli 16-vuotiaille pelaajille.<\/li>\n<li>Palkinnot maksetaan kertakorvauksena<\/li>\n<li>Lottovoittoja ei veroteta maassa. Jos kuitenkin pelaat maan ulkopuolelta, sinun on tarkistettava oman maasi verolains\u00e4\u00e4d\u00e4nt\u00f6.<\/li>\n<li>Sinulla on 180 p\u00e4iv\u00e4\u00e4 aikaa lunastaa voitto ennen kuin se palautuu takaisin voittopottiin.<\/li>\n<li>Jos osallistuit arpajaisiin fyysisen myyj\u00e4n kautta, sinun on ehk\u00e4 otettava yhteytt\u00e4 arpajaisten j\u00e4rjest\u00e4jiin lunastaaksesi voittosi.<\/li>\n<\/ul>\n<h2>Miksi sinun pit\u00e4isi pelata lottoa kanssamme<\/h2>\n<p>Olemme r\u00e4\u00e4t\u00e4l\u00f6ity concierge-palvelu, joka tarjoaa p\u00e4\u00e4syn kansainv\u00e4lisiin huippulottoihin pelaajille ymp\u00e4ri maailmaa. Olemme k\u00e4ytt\u00e4neet vuosia prosessin hiomiseen varmistaaksemme, ett\u00e4 asiakkaamme saavat j\u00e4nnitt\u00e4v\u00e4n kokemuksen, joka on miellytt\u00e4v\u00e4 ja stressit\u00f6n.<\/p>\n<p>Kun rekister\u00f6idyt meille, voit osallistua useisiin arpajaisiin k\u00e4tev\u00e4sti yhdelt\u00e4 verkkoalustalta. Tarjoamme lis\u00e4varmuutta siit\u00e4, ett\u00e4 osallistumislappusi on turvassa, joten sinun ei tarvitse huolehtia sen menett\u00e4misest\u00e4. Voit my\u00f6s rentoutua tiet\u00e4en, ettet j\u00e4\u00e4 paitsi mist\u00e4\u00e4n voitosta, sill\u00e4 ilmoitamme sinulle heti, kun olet voittanut palkinnon.<\/p>\n<p>Periaatteessa me poistamme kaikki lottopelaamiseen liittyv\u00e4t pultit ja narinat, ja j\u00e4t\u00e4mme sinut vapaaksi tekem\u00e4\u00e4n sit\u00e4, mist\u00e4 nautit eniten: pit\u00e4m\u00e4\u00e4n hauskaa. Sill\u00e4 ei ole v\u00e4li\u00e4, miss\u00e4 p\u00e4in maailmaa olet, sill\u00e4 kun sinulla on internet-yhteys, voit osallistua kansainv\u00e4lisiin huippulottoihin.<\/p>\n<p>Jackpotlotteryonline.com-sivustolla saat useita vaihtoehtoja. Voit pelata yht\u00e4 tai useampaa arpajaista, osallistua yhteen tai useampaan arvontaan ja jopa tehd\u00e4 tilauksen, jotta osallistumisesi toimivat automaattiohjauksella. Mikset k\u00e4visi t\u00e4n\u00e4\u00e4n ostamassa Thunderball-arpoja Ison-Britannian ulkopuolelta?<\/p>\n","protected":false},"excerpt":{"rendered":"<p>Yhdistyneess\u00e4 kuningaskunnassa ei ole pulaa pelaajille suunnatuista arpajaisista. Lottopeleist\u00e4 annuiteettipeleihin, jokaiselle l\u00f6ytyy jotakin ja melkein joka p\u00e4iv\u00e4. Mutta yksi vedonly\u00f6jien suosikkipeleist\u00e4 on Thunderball. Se on mielenkiintoinen, koska kyseess\u00e4 on lotto, joka ei tarjoa miljoonien punnan arvoisia j\u00e4ttipotteja. Itse asiassa voimme taata, ett\u00e4 vaikka voittaisitkin j\u00e4ttipotin, sinusta ei tule miljon\u00e4\u00e4ri\u00e4. Miksi pelaajat sitten n\u00e4ytt\u00e4v\u00e4t rakastavan t\u00e4t\u00e4 [&hellip;]<\/p>\n","protected":false},"author":1,"featured_media":0,"parent":35749,"menu_order":12,"comment_status":"closed","ping_status":"closed","template":"thunderball-info.php","meta":{"_et_pb_use_builder":"","_et_pb_old_content":"","_et_gb_content_width":"","exclude_from_search":false,"footnotes":""},"class_list":["post-37093","page","type-page","status-publish","hentry"],"yoast_head":"<!-- This site is optimized with the Yoast SEO plugin v23.3 - https:\/\/yoast.com\/wordpress\/plugins\/seo\/ -->\n<title>Osta Thunderball lippuja Ison-Britannian ulkopuolelta | Thunderball arpajaiset netiss\u00e4<\/title>\n<meta name=\"description\" content=\"Hanki Thunderball-lippu Ison-Britannian ulkopuolelta ostamalla se netist\u00e4 t\u00e4\u00e4lt\u00e4! Hanki skannattu Thunderball-lippusi laillisen palvelumme kautta.\" \/>\n<meta name=\"robots\" content=\"index, follow, max-snippet:-1, max-image-preview:large, max-video-preview:-1\" \/>\n<link rel=\"canonical\" href=\"https:\/\/jackpotlotteryonline.com\/fi\/osta-lippuja\/thunderball\/\" \/>\n<meta property=\"og:locale\" content=\"fi_FI\" \/>\n<meta property=\"og:type\" content=\"article\" \/>\n<meta property=\"og:title\" content=\"Osta Thunderball lippuja Ison-Britannian ulkopuolelta | Thunderball arpajaiset netiss\u00e4\" \/>\n<meta property=\"og:description\" content=\"Hanki Thunderball-lippu Ison-Britannian ulkopuolelta ostamalla se netist\u00e4 t\u00e4\u00e4lt\u00e4! Hanki skannattu Thunderball-lippusi laillisen palvelumme kautta.\" \/>\n<meta property=\"og:url\" content=\"https:\/\/jackpotlotteryonline.com\/fi\/osta-lippuja\/thunderball\/\" \/>\n<meta property=\"og:site_name\" content=\"Lotto Online - Crack The International Lottery Jackpots\" \/>\n<meta property=\"article:modified_time\" content=\"2023-01-04T08:37:54+00:00\" \/>\n<meta property=\"og:image\" content=\"http:\/\/jackpotlotteryonline.com\/wp-content\/uploads\/2022\/11\/1_you_win_jackpot-300x300.jpg\" \/>\n<meta name=\"twitter:card\" content=\"summary_large_image\" \/>\n<meta name=\"twitter:label1\" content=\"Arvioitu lukuaika\" \/>\n\t<meta name=\"twitter:data1\" content=\"4 minuuttia\" \/>\n<!-- \/ Yoast SEO plugin. -->","yoast_head_json":{"title":"Osta Thunderball lippuja Ison-Britannian ulkopuolelta | Thunderball arpajaiset netiss\u00e4","description":"Hanki Thunderball-lippu Ison-Britannian ulkopuolelta ostamalla se netist\u00e4 t\u00e4\u00e4lt\u00e4! Hanki skannattu Thunderball-lippusi laillisen palvelumme kautta.","robots":{"index":"index","follow":"follow","max-snippet":"max-snippet:-1","max-image-preview":"max-image-preview:large","max-video-preview":"max-video-preview:-1"},"canonical":"https:\/\/jackpotlotteryonline.com\/fi\/osta-lippuja\/thunderball\/","og_locale":"fi_FI","og_type":"article","og_title":"Osta Thunderball lippuja Ison-Britannian ulkopuolelta | Thunderball arpajaiset netiss\u00e4","og_description":"Hanki Thunderball-lippu Ison-Britannian ulkopuolelta ostamalla se netist\u00e4 t\u00e4\u00e4lt\u00e4! Hanki skannattu Thunderball-lippusi laillisen palvelumme kautta.","og_url":"https:\/\/jackpotlotteryonline.com\/fi\/osta-lippuja\/thunderball\/","og_site_name":"Lotto Online - Crack The International Lottery Jackpots","article_modified_time":"2023-01-04T08:37:54+00:00","og_image":[{"url":"http:\/\/jackpotlotteryonline.com\/wp-content\/uploads\/2022\/11\/1_you_win_jackpot-300x300.jpg"}],"twitter_card":"summary_large_image","twitter_misc":{"Arvioitu lukuaika":"4 minuuttia"},"schema":{"@context":"https:\/\/schema.org","@graph":[{"@type":"WebPage","@id":"https:\/\/jackpotlotteryonline.com\/fi\/osta-lippuja\/thunderball\/","url":"https:\/\/jackpotlotteryonline.com\/fi\/osta-lippuja\/thunderball\/","name":"Osta Thunderball lippuja Ison-Britannian ulkopuolelta | Thunderball arpajaiset netiss\u00e4","isPartOf":{"@id":"https:\/\/jackpotlotteryonline.com\/#website"},"primaryImageOfPage":{"@id":"https:\/\/jackpotlotteryonline.com\/fi\/osta-lippuja\/thunderball\/#primaryimage"},"image":{"@id":"https:\/\/jackpotlotteryonline.com\/fi\/osta-lippuja\/thunderball\/#primaryimage"},"thumbnailUrl":"http:\/\/jackpotlotteryonline.com\/wp-content\/uploads\/2022\/11\/1_you_win_jackpot-300x300.jpg","datePublished":"2022-11-10T08:50:22+00:00","dateModified":"2023-01-04T08:37:54+00:00","description":"Hanki Thunderball-lippu Ison-Britannian ulkopuolelta ostamalla se netist\u00e4 t\u00e4\u00e4lt\u00e4! Hanki skannattu Thunderball-lippusi laillisen palvelumme kautta.","breadcrumb":{"@id":"https:\/\/jackpotlotteryonline.com\/fi\/osta-lippuja\/thunderball\/#breadcrumb"},"inLanguage":"fi","potentialAction":[{"@type":"ReadAction","target":["https:\/\/jackpotlotteryonline.com\/fi\/osta-lippuja\/thunderball\/"]}]},{"@type":"ImageObject","inLanguage":"fi","@id":"https:\/\/jackpotlotteryonline.com\/fi\/osta-lippuja\/thunderball\/#primaryimage","url":"http:\/\/jackpotlotteryonline.com\/wp-content\/uploads\/2022\/11\/1_you_win_jackpot-300x300.jpg","contentUrl":"http:\/\/jackpotlotteryonline.com\/wp-content\/uploads\/2022\/11\/1_you_win_jackpot-300x300.jpg"},{"@type":"BreadcrumbList","@id":"https:\/\/jackpotlotteryonline.com\/fi\/osta-lippuja\/thunderball\/#breadcrumb","itemListElement":[{"@type":"ListItem","position":1,"name":"Home","item":"https:\/\/jackpotlotteryonline.com\/fi\/"},{"@type":"ListItem","position":2,"name":"Miten ostaa lottokuponkeja verkossa","item":"https:\/\/jackpotlotteryonline.com\/fi\/osta-lippuja\/"},{"@type":"ListItem","position":3,"name":"Osta Thunderball lippuja"}]},{"@type":"WebSite","@id":"https:\/\/jackpotlotteryonline.com\/#website","url":"https:\/\/jackpotlotteryonline.com\/","name":"Lotto Online - Crack The International Lottery Jackpots","description":"","potentialAction":[{"@type":"SearchAction","target":{"@type":"EntryPoint","urlTemplate":"https:\/\/jackpotlotteryonline.com\/?s={search_term_string}"},"query-input":"required name=search_term_string"}],"inLanguage":"fi"}]}},"_links":{"self":[{"href":"https:\/\/jackpotlotteryonline.com\/fi\/wp-json\/wp\/v2\/pages\/37093","targetHints":{"allow":["GET"]}}],"collection":[{"href":"https:\/\/jackpotlotteryonline.com\/fi\/wp-json\/wp\/v2\/pages"}],"about":[{"href":"https:\/\/jackpotlotteryonline.com\/fi\/wp-json\/wp\/v2\/types\/page"}],"author":[{"embeddable":true,"href":"https:\/\/jackpotlotteryonline.com\/fi\/wp-json\/wp\/v2\/users\/1"}],"replies":[{"embeddable":true,"href":"https:\/\/jackpotlotteryonline.com\/fi\/wp-json\/wp\/v2\/comments?post=37093"}],"version-history":[{"count":0,"href":"https:\/\/jackpotlotteryonline.com\/fi\/wp-json\/wp\/v2\/pages\/37093\/revisions"}],"up":[{"embeddable":true,"href":"https:\/\/jackpotlotteryonline.com\/fi\/wp-json\/wp\/v2\/pages\/35749"}],"wp:attachment":[{"href":"https:\/\/jackpotlotteryonline.com\/fi\/wp-json\/wp\/v2\/media?parent=37093"}],"curies":[{"name":"wp","href":"https:\/\/api.w.org\/{rel}","templated":true}]}}