{"id":37148,"date":"2022-11-10T11:44:09","date_gmt":"2022-11-10T11:44:09","guid":{"rendered":"https:\/\/jackpotlotteryonline.com\/?page_id=37148"},"modified":"2022-12-24T14:45:11","modified_gmt":"2022-12-24T14:45:11","slug":"powerball-australia","status":"publish","type":"page","link":"https:\/\/jackpotlotteryonline.com\/fi\/osta-lippuja\/powerball-australia\/","title":{"rendered":"Osta Powerball Australia lippuja"},"content":{"rendered":"<p>Kun ajattelet t\u00e4t\u00e4 lottoa, tulee ensimm\u00e4isen\u00e4 mieleen USA:n lotto eik\u00e4 Aussie-versio. T\u00e4t\u00e4 h\u00e4mm\u00e4stytt\u00e4v\u00e4\u00e4 lottoa rakastavat aussilaiset lottoharrastajat. Powerball Australiasta on nopeasti tulossa yksi suosituimmista kansainv\u00e4lisist\u00e4 lotoista, sill\u00e4 vedonly\u00f6j\u00e4t ymp\u00e4ri maailmaa tunnistavat sen potentiaalin.<\/p>\n<p>Takuuvarmalla 3 miljoonan dollarin minimij\u00e4ttipotilla summaa kierr\u00e4tet\u00e4\u00e4n, jos voittajaa ei ole arvonnan j\u00e4lkeen. Se voi py\u00f6r\u00e4ht\u00e4\u00e4 useita kertoja, kunnes siit\u00e4 tulee melko suuri. Enn\u00e4tysj\u00e4ttipotti 160 miljoonaa dollaria voitettiin lokakuussa 2022 yhdell\u00e4 arvalla.<\/p>\n<p>Jos haluat laajentaa ulottuvuuksiasi lottopelaajana, kannattaa harkita Powerball Australiaa. Se on hauska, t\u00e4ynn\u00e4 henke\u00e4 ja antaa pelaajille mahdollisuuden voittaa suuria summia ilman Yhdysvaltain version hulluja kertoimia. Lis\u00e4ksi sill\u00e4 ei ole v\u00e4li\u00e4, miss\u00e4 asut, sill\u00e4 voit <a href=\"https:\/\/jackpotlotteryonline.com\/fi\/kuinka-pelata\/powerball-australia\">pelata verkossa osoitteessa jackpotlotteryonline.com.<\/a><\/p>\n<h2>Miten Powerball Australia toimii?<\/h2>\n<p><img loading=\"lazy\" decoding=\"async\" class=\"size-full wp-image-31181 alignright\" src=\"https:\/\/jackpotlotteryonline.com\/wp-content\/uploads\/2022\/11\/logo_powerball-300x50-1.jpg\" alt=\"Powerball Australia\" width=\"300\" height=\"50\" \/><\/p>\n<p>T\u00e4ss\u00e4 lotossa on palloja, joissa on kaksi numerosarjaa kahdessa eri tynnyriss\u00e4. Pallot arvotaan satunnaisesti kummastakin tynnyrist\u00e4, ja jokainen arvottuihin numeroihin t\u00e4sm\u00e4\u00e4v\u00e4 panos voittaa. Ensimm\u00e4isess\u00e4 tynnyriss\u00e4 on 35 palloa, ja pelaajien on valittava 7 numeroa t\u00e4st\u00e4 valikoimasta. Toisessa tynnyriss\u00e4 on 20 numeroa, ja pelaajat valitsevat yhden numeron kyseiselt\u00e4 alueelta.<\/p>\n<p>Merkint\u00e4rivill\u00e4 on 8 numeroa, ja lipussa voi olla useampi kuin yksi merkint\u00e4rivi. Itse asiassa on suositeltavaa sy\u00f6tt\u00e4\u00e4 useita rivej\u00e4 voittomahdollisuuksien lis\u00e4\u00e4miseksi. Todenn\u00e4k\u00f6isyys voittaa j\u00e4ttipotti on 1:1:134 490 400.<\/p>\n<p>Kyll\u00e4, kertoimet ovat melko korkeat, mutta niin arpajaiset toimivat. Se on numeropeli, ja paljon on kiinni tuurista. Ei voi tiet\u00e4\u00e4, milloin onni p\u00e4\u00e4tt\u00e4\u00e4 suosia pelaajaa. Lis\u00e4ksi se on hauska harrastus, kunhan pysyt siin\u00e4, mihin sinulla on varaa.<\/p>\n<h2>Voitko lis\u00e4t\u00e4 voittomahdollisuuksiasi?<\/h2>\n<p>Mielenkiintoista on, ett\u00e4 voit lis\u00e4t\u00e4 mahdollisuuksiasi voittaa j\u00e4ttipotti. Mit\u00e4\u00e4n takuuvarmoja menetelmi\u00e4 ei ole, vaikka useimmat voittajat my\u00f6nt\u00e4v\u00e4tkin pelanneensa useita kertoja ennen kuin he voittivat mit\u00e4\u00e4n. Siin\u00e4 piilee salaisuus.<\/p>\n<p>Tietojemme mukaan tapa kallistaa voittomahdollisuuksia omaksi eduksesi on ostaa lis\u00e4\u00e4 osallistumisia. Se tarkoittaa useita osallistumisrivi\u00e4 ja useita arvontoja. Lotossa arvotaan kerran viikossa torstaisin. Jos hankit lippusi sivustoltamme, voit osallistua arvontoihin useita viikkoja etuk\u00e4teen.<\/p>\n<p>Toinen vaihtoehto on liitty\u00e4 arpajaissyndikaattiin. Syndikaattiin liittymisen etuna on, ett\u00e4 rahasi riitt\u00e4v\u00e4t paljon pidemm\u00e4lle kuin jos pelaat yksin. Jos lippu voittaa, jokainen syndikaatin j\u00e4sen jakaa tietenkin voitot.<\/p>\n<section class=\"layout\" style=\"border: solid 1px; width: 100%;\">\n<div class=\"img-div\" style=\"margin-top: 5px;\"><img decoding=\"async\" class=\"wp-image-17212 alignleft\" style=\"height: 45px; margin: 8px 8px 0px;\" src=\"https:\/\/jackpotlotteryonline.com\/wp-content\/uploads\/2022\/11\/read1.jpg\" alt=\"lue\" width=\"\" height=\"\" \/><\/div>\n<div style=\"padding-left: 5px;\">\n<div style=\"font-size: 1.1em;\">\n<p><strong>Valitse voittavat lottonumerot manuaalisesti tai k\u00e4ytt\u00e4m\u00e4ll\u00e4 RNG:t\u00e4.<\/strong><\/p>\n<p style=\"font-size: 0.85em; margin-top: -1.5em;\">Miten luoda voittavat lottonumerot?\u00a0<a href=\"https:\/\/jackpotlotteryonline.com\/fi\/miten-luoda-voittaa-lotto-numerot\"> Lue lis\u00e4\u00e4<\/a><\/p>\n<\/div>\n<\/div>\n<\/section>\n<h2>Kuinka pelata Aussie-lottoa verkossa<\/h2>\n<p><img loading=\"lazy\" decoding=\"async\" class=\"alignright size-medium wp-image-34538\" src=\"https:\/\/jackpotlotteryonline.com\/wp-content\/uploads\/2022\/11\/2_ticket_powerball_au-157x300.jpg\" alt=\"Aussie lottokuponki\" width=\"157\" height=\"300\" srcset=\"https:\/\/jackpotlotteryonline.com\/wp-content\/uploads\/2022\/11\/2_ticket_powerball_au-157x300.jpg 157w, https:\/\/jackpotlotteryonline.com\/wp-content\/uploads\/2022\/11\/2_ticket_powerball_au.jpg 250w\" sizes=\"auto, (max-width: 157px) 100vw, 157px\" \/><\/p>\n<p>Loton pelaaminen verkossa on yksinkertaista, ja voit tehd\u00e4 sen miss\u00e4 tahansa oletkin. Kun vierailet meill\u00e4 osoitteessa jackpotlotteryonline.com, voit helposti ostaa osallistumismaksuja kansainv\u00e4lisiin huippulottoihin, mukaan lukien Aussie-arpajaiset. Ostaaksesi osallistumisesi, valitse vain numerot ja osallistu arvontaan. Jos et ole varma, mit\u00e4 numeroita k\u00e4ytt\u00e4isit, k\u00e4yt\u00e4 pikavalintaty\u00f6kalua satunnaislukujen luomiseksi.<\/p>\n<p>Kun p\u00e4\u00e4set maksusivulle, pyyd\u00e4mme sinua rekister\u00f6itym\u00e4\u00e4n. T\u00e4m\u00e4 tehd\u00e4\u00e4n, jotta lippusi pysyy turvassa tilill\u00e4si. Voit my\u00f6s asettaa lottopelisi automaattiohjaukseen, jotta p\u00e4\u00e4set automaattisesti valitsemiisi arvontoihin. Jos voitat palkinnon, ilmoitamme siit\u00e4 sinulle viipym\u00e4tt\u00e4, mink\u00e4 j\u00e4lkeen voit nostaa palkinnon alustaltamme.<\/p>\n<p>Teemme kovasti t\u00f6it\u00e4 yksinkertaistaaksemme lottokokemusta sinulle, jotta voit rentoutua ja keskitty\u00e4 pit\u00e4m\u00e4\u00e4n hauskaa.<\/p>\n<h2>Palkintojaksot<\/h2>\n<p>T\u00e4ss\u00e4 Aussie-arvonnassa on 9 palkinto-osastoa, eik\u00e4 pelaajien tarvitse saada kaikkia 8 arvottua numeroa voittaakseen palkinnon. Vaikka j\u00e4ttipottipalkinto alkaa 3 miljoonasta dollarista, se voi kiert\u00e4\u00e4 useita kertoja, kunnes se on paljon suurempi palkinto.<\/p>\n<p>Huomaa, ett\u00e4 j\u00e4ttipotin koolla ei ole mit\u00e4\u00e4n rajaa, mutta se voi kuitenkin ylitty\u00e4 vain 25 kertaa ennen kuin se palaa 3 miljoonaan dollariin.<\/p>\n<p>Alempien divisioonien palkinnot ovat prosenttiosuus palkintopotista. Jaamme keskim\u00e4\u00e4r\u00e4isen voiton, jotta saat k\u00e4sityksen. T\u00e4m\u00e4 ei ole taattu voitto jokaisessa arvonnassa, sill\u00e4 summat voivat vaihdella.<\/p>\n<p>7 p\u00e4\u00e4numeroa + erikoisnumero &#8211; 23 043 155,47 dollaria (keskim\u00e4\u00e4r\u00e4inen voitto)<br \/>\nPelk\u00e4t 7 numeroa &#8211; 126 484,05 dollaria.<br \/>\nOsuma 6 numeroa + erikoisnumero &#8211; 5 326,97 dollaria.<br \/>\nVain 6 numeroa &#8211; 454,35 dollaria.<br \/>\n5 numeroa + erikoisnumero &#8211; $158,34<br \/>\nOttelussa 4 numeroa + erikoisnumero &#8211; 70,85 dollaria.<br \/>\nVain 5 numeroa &#8211; 42,23 dollaria<br \/>\nVastaavat 3 numeroa + erikoisnumero &#8211; 17,57 dollaria.<br \/>\nVastaavat 2 numeroa + erikoisnumero &#8211; 10,71 dollaria.<\/p>\n<h2>Kuinka tarkistaa tulokset<\/h2>\n<p>Tulokset julkaistaan sivustollamme jokaisen arvonnan j\u00e4lkeen. Arvonta suoritetaan joka torstai klo 19:25 AEST.<\/p>\n<p>Ymm\u00e4rr\u00e4mme, ett\u00e4 joskus el\u00e4m\u00e4ss\u00e4 sattuu ja et ehk\u00e4 pysty<a href=\"https:\/\/jackpotlotteryonline.com\/fi\/voittonumerot\/powerball-australia\"> tarkistamaan arvontatuloksia heti<\/a>. Jos siis voitat jonkin palkinnon, emme ainoastaan ilmoita siit\u00e4 tilill\u00e4si, vaan l\u00e4het\u00e4mme sinulle my\u00f6s s\u00e4hk\u00f6postiviestin. N\u00e4in sinun ei tarvitse j\u00e4\u00e4d\u00e4 paitsi palkintosi lunastamisesta.<\/p>\n<h2>Rekister\u00f6idy meille ostaa Powerball Australia lippuja verkossa<\/h2>\n<p>Oletko innoissasi mahdollisuudesta pelata t\u00e4t\u00e4 lottoa? No, niin mekin olemme, ja tuomme sen mielell\u00e4mme mobiililaitteeseen l\u00e4hellesi. Kun sinulla on internet-yhteys, voit ostaa osallistumislipun Aussie-arvontaan.<\/p>\n<p>Lotto on hauska peli, ja tarinoita lottovoittajista on kaikkialla. Sinusta voi tulla seuraava voittaja, mutta et saa tiet\u00e4\u00e4 sit\u00e4, ellet osallistu arvontaan. Olemme yksinkertaistaneet prosessia, jotta se olisi sinulle stressit\u00f6n kokemus. Sinun ei tarvitse poistua sivultamme suorittaaksesi mit\u00e4\u00e4n lottoon liittyvi\u00e4 teht\u00e4vi\u00e4. Se on niin yksinkertaista.<\/p>\n<p>Olitpa miss\u00e4 p\u00e4in maailmaa tahansa, voit ostaa osallistumisoikeuden suurimpaan Aussie-arvontaan t\u00e4\u00e4ll\u00e4 sivustollamme. Rekister\u00f6idy kanssamme jo t\u00e4n\u00e4\u00e4n.<\/p>\n","protected":false},"excerpt":{"rendered":"<p>Kun ajattelet t\u00e4t\u00e4 lottoa, tulee ensimm\u00e4isen\u00e4 mieleen USA:n lotto eik\u00e4 Aussie-versio. T\u00e4t\u00e4 h\u00e4mm\u00e4stytt\u00e4v\u00e4\u00e4 lottoa rakastavat aussilaiset lottoharrastajat. Powerball Australiasta on nopeasti tulossa yksi suosituimmista kansainv\u00e4lisist\u00e4 lotoista, sill\u00e4 vedonly\u00f6j\u00e4t ymp\u00e4ri maailmaa tunnistavat sen potentiaalin. Takuuvarmalla 3 miljoonan dollarin minimij\u00e4ttipotilla summaa kierr\u00e4tet\u00e4\u00e4n, jos voittajaa ei ole arvonnan j\u00e4lkeen. Se voi py\u00f6r\u00e4ht\u00e4\u00e4 useita kertoja, kunnes siit\u00e4 tulee melko [&hellip;]<\/p>\n","protected":false},"author":1,"featured_media":0,"parent":35749,"menu_order":17,"comment_status":"closed","ping_status":"closed","template":"powerball-au-info.php","meta":{"_et_pb_use_builder":"","_et_pb_old_content":"","_et_gb_content_width":"","exclude_from_search":false,"footnotes":""},"class_list":["post-37148","page","type-page","status-publish","hentry"],"yoast_head":"<!-- This site is optimized with the Yoast SEO plugin v23.3 - https:\/\/yoast.com\/wordpress\/plugins\/seo\/ -->\n<title>Osta Powerball Australia lippuja Australian ulkopuolelta<\/title>\n<meta name=\"description\" content=\"Australian versio Powerball-arvonnasta - voit osallistua, jos yksinkertaisesti ostat lipun netist\u00e4 suoraan t\u00e4\u00e4lt\u00e4 verkkosivuiltamme\" \/>\n<meta name=\"robots\" content=\"index, follow, max-snippet:-1, max-image-preview:large, max-video-preview:-1\" \/>\n<link rel=\"canonical\" href=\"https:\/\/jackpotlotteryonline.com\/fi\/osta-lippuja\/powerball-australia\/\" \/>\n<meta property=\"og:locale\" content=\"fi_FI\" \/>\n<meta property=\"og:type\" content=\"article\" \/>\n<meta property=\"og:title\" content=\"Osta Powerball Australia lippuja Australian ulkopuolelta\" \/>\n<meta property=\"og:description\" content=\"Australian versio Powerball-arvonnasta - voit osallistua, jos yksinkertaisesti ostat lipun netist\u00e4 suoraan t\u00e4\u00e4lt\u00e4 verkkosivuiltamme\" \/>\n<meta property=\"og:url\" content=\"https:\/\/jackpotlotteryonline.com\/fi\/osta-lippuja\/powerball-australia\/\" \/>\n<meta property=\"og:site_name\" content=\"Lotto Online - Crack The International Lottery Jackpots\" \/>\n<meta property=\"article:modified_time\" content=\"2022-12-24T14:45:11+00:00\" \/>\n<meta property=\"og:image\" content=\"https:\/\/jackpotlotteryonline.com\/wp-content\/uploads\/2022\/11\/logo_powerball-300x50-1.jpg\" \/>\n<meta name=\"twitter:card\" content=\"summary_large_image\" \/>\n<meta name=\"twitter:label1\" content=\"Arvioitu lukuaika\" \/>\n\t<meta name=\"twitter:data1\" content=\"4 minuuttia\" \/>\n<!-- \/ Yoast SEO plugin. -->","yoast_head_json":{"title":"Osta Powerball Australia lippuja Australian ulkopuolelta","description":"Australian versio Powerball-arvonnasta - voit osallistua, jos yksinkertaisesti ostat lipun netist\u00e4 suoraan t\u00e4\u00e4lt\u00e4 verkkosivuiltamme","robots":{"index":"index","follow":"follow","max-snippet":"max-snippet:-1","max-image-preview":"max-image-preview:large","max-video-preview":"max-video-preview:-1"},"canonical":"https:\/\/jackpotlotteryonline.com\/fi\/osta-lippuja\/powerball-australia\/","og_locale":"fi_FI","og_type":"article","og_title":"Osta Powerball Australia lippuja Australian ulkopuolelta","og_description":"Australian versio Powerball-arvonnasta - voit osallistua, jos yksinkertaisesti ostat lipun netist\u00e4 suoraan t\u00e4\u00e4lt\u00e4 verkkosivuiltamme","og_url":"https:\/\/jackpotlotteryonline.com\/fi\/osta-lippuja\/powerball-australia\/","og_site_name":"Lotto Online - Crack The International Lottery Jackpots","article_modified_time":"2022-12-24T14:45:11+00:00","og_image":[{"url":"https:\/\/jackpotlotteryonline.com\/wp-content\/uploads\/2022\/11\/logo_powerball-300x50-1.jpg"}],"twitter_card":"summary_large_image","twitter_misc":{"Arvioitu lukuaika":"4 minuuttia"},"schema":{"@context":"https:\/\/schema.org","@graph":[{"@type":"WebPage","@id":"https:\/\/jackpotlotteryonline.com\/fi\/osta-lippuja\/powerball-australia\/","url":"https:\/\/jackpotlotteryonline.com\/fi\/osta-lippuja\/powerball-australia\/","name":"Osta Powerball Australia lippuja Australian ulkopuolelta","isPartOf":{"@id":"https:\/\/jackpotlotteryonline.com\/#website"},"primaryImageOfPage":{"@id":"https:\/\/jackpotlotteryonline.com\/fi\/osta-lippuja\/powerball-australia\/#primaryimage"},"image":{"@id":"https:\/\/jackpotlotteryonline.com\/fi\/osta-lippuja\/powerball-australia\/#primaryimage"},"thumbnailUrl":"https:\/\/jackpotlotteryonline.com\/wp-content\/uploads\/2022\/11\/logo_powerball-300x50-1.jpg","datePublished":"2022-11-10T11:44:09+00:00","dateModified":"2022-12-24T14:45:11+00:00","description":"Australian versio Powerball-arvonnasta - voit osallistua, jos yksinkertaisesti ostat lipun netist\u00e4 suoraan t\u00e4\u00e4lt\u00e4 verkkosivuiltamme","breadcrumb":{"@id":"https:\/\/jackpotlotteryonline.com\/fi\/osta-lippuja\/powerball-australia\/#breadcrumb"},"inLanguage":"fi","potentialAction":[{"@type":"ReadAction","target":["https:\/\/jackpotlotteryonline.com\/fi\/osta-lippuja\/powerball-australia\/"]}]},{"@type":"ImageObject","inLanguage":"fi","@id":"https:\/\/jackpotlotteryonline.com\/fi\/osta-lippuja\/powerball-australia\/#primaryimage","url":"https:\/\/jackpotlotteryonline.com\/wp-content\/uploads\/2022\/11\/logo_powerball-300x50-1.jpg","contentUrl":"https:\/\/jackpotlotteryonline.com\/wp-content\/uploads\/2022\/11\/logo_powerball-300x50-1.jpg"},{"@type":"BreadcrumbList","@id":"https:\/\/jackpotlotteryonline.com\/fi\/osta-lippuja\/powerball-australia\/#breadcrumb","itemListElement":[{"@type":"ListItem","position":1,"name":"Home","item":"https:\/\/jackpotlotteryonline.com\/fi\/"},{"@type":"ListItem","position":2,"name":"Miten ostaa lottokuponkeja verkossa","item":"https:\/\/jackpotlotteryonline.com\/fi\/osta-lippuja\/"},{"@type":"ListItem","position":3,"name":"Osta Powerball Australia lippuja"}]},{"@type":"WebSite","@id":"https:\/\/jackpotlotteryonline.com\/#website","url":"https:\/\/jackpotlotteryonline.com\/","name":"Lotto Online - Crack The International Lottery Jackpots","description":"","potentialAction":[{"@type":"SearchAction","target":{"@type":"EntryPoint","urlTemplate":"https:\/\/jackpotlotteryonline.com\/?s={search_term_string}"},"query-input":"required name=search_term_string"}],"inLanguage":"fi"}]}},"_links":{"self":[{"href":"https:\/\/jackpotlotteryonline.com\/fi\/wp-json\/wp\/v2\/pages\/37148","targetHints":{"allow":["GET"]}}],"collection":[{"href":"https:\/\/jackpotlotteryonline.com\/fi\/wp-json\/wp\/v2\/pages"}],"about":[{"href":"https:\/\/jackpotlotteryonline.com\/fi\/wp-json\/wp\/v2\/types\/page"}],"author":[{"embeddable":true,"href":"https:\/\/jackpotlotteryonline.com\/fi\/wp-json\/wp\/v2\/users\/1"}],"replies":[{"embeddable":true,"href":"https:\/\/jackpotlotteryonline.com\/fi\/wp-json\/wp\/v2\/comments?post=37148"}],"version-history":[{"count":0,"href":"https:\/\/jackpotlotteryonline.com\/fi\/wp-json\/wp\/v2\/pages\/37148\/revisions"}],"up":[{"embeddable":true,"href":"https:\/\/jackpotlotteryonline.com\/fi\/wp-json\/wp\/v2\/pages\/35749"}],"wp:attachment":[{"href":"https:\/\/jackpotlotteryonline.com\/fi\/wp-json\/wp\/v2\/media?parent=37148"}],"curies":[{"name":"wp","href":"https:\/\/api.w.org\/{rel}","templated":true}]}}