{"id":37201,"date":"2022-11-11T06:11:45","date_gmt":"2022-11-11T06:11:45","guid":{"rendered":"https:\/\/jackpotlotteryonline.com\/?page_id=37201"},"modified":"2022-12-24T10:13:14","modified_gmt":"2022-12-24T10:13:14","slug":"oz-lotto","status":"publish","type":"page","link":"https:\/\/jackpotlotteryonline.com\/fi\/osta-lippuja\/oz-lotto\/","title":{"rendered":"Osta Oz Lotto liput"},"content":{"rendered":"<p>Oz Lotto on Australian ensimm\u00e4inen kansallinen lotto. Se alkoi vuonna 1994, ja siit\u00e4 on tullut suosittu vedonly\u00f6jien keskuudessa kaikkialla anteliaan j\u00e4ttipotin ansiosta. Pelaajiin vetoaa muutakin kuin vain suuri j\u00e4ttipotti.<\/p>\n<p>Eri lotoilla on omat s\u00e4\u00e4nt\u00f6ns\u00e4 ja menetelm\u00e4ns\u00e4, mutta yksi yhteinen asia on, ett\u00e4 kertoimet eiv\u00e4t aina ole suotuisat. N\u00e4in ei kuitenkaan ole t\u00e4ss\u00e4 australialaisessa lotossa. Jos etsit lottoa, jossa on uskomattomat kertoimet, pelaa t\u00e4t\u00e4 Oz-lottoa.<\/p>\n<p>Yleisesti ottaen arpajaiset ovat avoinna sen maan asukkaille, jossa arpajaiset j\u00e4rjestet\u00e4\u00e4n. N\u00e4in ollen t\u00e4m\u00e4 lotto on avoin Australiassa asuville. Sinun ei tarvitse olla maan kansalainen voidaksesi osallistua lottoon. Jos asut kuitenkin maan ulkopuolella, sinun on ostettava arpasi netist\u00e4.<\/p>\n<h2>Kuinka ostaa Oz-lottokuponkeja ymp\u00e4ri maailmaa<\/h2>\n<p><img loading=\"lazy\" decoding=\"async\" class=\"alignright size-full wp-image-31532\" src=\"https:\/\/jackpotlotteryonline.com\/wp-content\/uploads\/2022\/11\/lottoballs.jpg\" alt=\"Oz Lotto\" width=\"245\" height=\"123\" \/><\/p>\n<p>K\u00e4tevin ja suoraviivaisin tapa p\u00e4\u00e4st\u00e4 mukaan Oz Lotteryyn Australian ulkopuolelta on internetin kautta. On olemassa online-arpajaismyyji\u00e4, jotka antavat pelaajille p\u00e4\u00e4syn kansainv\u00e4lisiin huippulottoihin. N\u00e4m\u00e4 sivustot tarjoavat laillisen tavan pelaajille ymp\u00e4ri maailmaa kokeilla miljoonavoittoja.<\/p>\n<p>Internet tarjoaa l\u00e4hes loputtomien mahdollisuuksien maailman, eiv\u00e4tk\u00e4 kaikki ole positiivisia. Mink\u00e4 tahansa satunnaisen lottosivuston etsiminen voi johtaa ik\u00e4viin kokemuksiin. Siksi on aina hyv\u00e4 idea etsi\u00e4 luotettavia sivustoja, joilla on kokemusta vedonly\u00f6jien kanssa. Alla jaamme vinkkej\u00e4, jotka auttavat sinua valitsemaan oikean lottomyyj\u00e4n internetiss\u00e4.<\/p>\n<h2>Vinkkej\u00e4 oikean lottosivuston k\u00e4ytt\u00e4miseen<\/h2>\n<p>K\u00e4yt\u00e4 vain lain mukaan rekister\u00f6ityj\u00e4 myyji\u00e4. Laillisella arpajaismyyj\u00e4ll\u00e4 on toimilupa ja rekister\u00f6ity toimipaikka. N\u00e4iden tietojen tulisi n\u00e4ky\u00e4 verkkosivustolla aitouden varmistamiseksi.<\/p>\n<p>Varmista, ett\u00e4 heill\u00e4 on laaja valikoima kansainv\u00e4lisi\u00e4 arpajaisia. Ei ole mit\u00e4\u00e4n j\u00e4rke\u00e4 rekister\u00f6ity\u00e4 sivustolle, joka n\u00e4ytt\u00e4\u00e4 vain kourallisen arpajaisia. <a href=\"https:\/\/jackpotlotteryonline.com\/fi\/kuinka-pelata\/oz-lotto\">Internetiss\u00e4 lottoa<\/a> pelattaessa t\u00e4rkeint\u00e4 on saavutettavuus ja mukavuus. Mik\u00e4 onkaan k\u00e4tev\u00e4mp\u00e4\u00e4 kuin mahdollisuus osallistua useisiin kansainv\u00e4lisiin arpajaisiin yhdest\u00e4 ainoasta verkkopaikasta k\u00e4sin?<\/p>\n<p>Jos haluat osallistua lottoon, k\u00e4yt\u00e4 concierge-sivustoa. T\u00e4m\u00e4 viimeinen vinkki on eritt\u00e4in t\u00e4rke\u00e4, koska voit erota rahoistasi osallistumatta itse lottoon. T\u00e4m\u00e4 johtuu siit\u00e4, ett\u00e4 joillakin lottosivustoilla pelaajat voivat ly\u00f6d\u00e4 vetoa tuloksesta. Vaikka numerosi t\u00e4sm\u00e4\u00e4v\u00e4tkin, olet siis oikeutettu vain murto-osaan j\u00e4ttipotista, koska et osallistunut lottoon.<\/p>\n<section class=\"layout\" style=\"border: solid 1px; width: 100%;\">\n<div class=\"img-div\" style=\"margin-top: 5px;\"><img decoding=\"async\" class=\"wp-image-17212 alignleft\" style=\"height: 45px; margin: 8px 8px 0px;\" src=\"https:\/\/jackpotlotteryonline.com\/wp-content\/uploads\/2022\/11\/read1.jpg\" alt=\"lue\" width=\"\" height=\"\" \/><\/div>\n<div style=\"padding-left: 5px;\">\n<div style=\"font-size: 1.1em;\">\n<p><strong>Lottohuijaukset, joista sinun tulisi olla tietoinen<\/strong><\/p>\n<p style=\"font-size: 0.85em; margin-top: -1.5em;\">\u00c4l\u00e4 lankea n\u00e4ihin lotto-ansoihin <a href=\"https:\/\/jackpotlotteryonline.com\/fi\/varo-online-arpajaiset-huijauksia\">Lue lis\u00e4\u00e4<\/a><\/p>\n<\/div>\n<\/div>\n<\/section>\n<h2>Rekister\u00f6idy meille ja osallistu lottoon verkossa<\/h2>\n<p><img loading=\"lazy\" decoding=\"async\" class=\"size-medium wp-image-34403 alignright\" src=\"https:\/\/jackpotlotteryonline.com\/wp-content\/uploads\/2022\/11\/2_ticket_oz_lotto2-179x300.jpg\" alt=\"Oz Lotto liput\" width=\"179\" height=\"300\" srcset=\"https:\/\/jackpotlotteryonline.com\/wp-content\/uploads\/2022\/11\/2_ticket_oz_lotto2-179x300.jpg 179w, https:\/\/jackpotlotteryonline.com\/wp-content\/uploads\/2022\/11\/2_ticket_oz_lotto2.jpg 250w\" sizes=\"auto, (max-width: 179px) 100vw, 179px\" \/><\/p>\n<p>Lottokuponkien ostaminen internetist\u00e4 tai mobiilisovelluksen kautta on yksinkertaista ja vaivatonta. Kun olet tunnistanut haluamasi myyj\u00e4n, k\u00e4y heid\u00e4n sivustollaan ja valitse haluamasi arpajaiset. Seuraava vaihe on numeroiden valitseminen. Oz Lotossa sinun on valittava kymmenen numeroa v\u00e4lilt\u00e4 1-47.<\/p>\n<p><a href=\"https:\/\/jackpotlotteryonline.com\/fi\/voittonumerot\/oz-lotto\">Osallistu arvontaan ja suorita maksu<\/a>. Arvonta suoritetaan kerran viikossa tiistaina. Mielenkiintoista nettipelaamisessa on se, ett\u00e4 voit ostaa useita lippuja ja osallistua useisiin arvontoihin etuk\u00e4teen. Jos et ole varma, mink\u00e4 numeron valitsisit, voit my\u00f6s helposti k\u00e4ytt\u00e4\u00e4 automaattista numeronvalintaohjelmaa.<\/p>\n<p>Kuten sanottu, lottopelaaminen internetin kautta on k\u00e4tev\u00e4 ja stressit\u00f6n tapa saada ihastuttava kokemus. Olitpa sitten kokenut vedonly\u00f6j\u00e4 tai vasta-alkaja, voit kokea ihanan matkan juuri t\u00e4\u00e4ll\u00e4. Asiamiespalvelumme antavat pelaajille laillisen tavan osallistua lottoon. Kun ostat Oz-lottokupongin meilt\u00e4, saat oikean lottokupongin.<\/p>\n","protected":false},"excerpt":{"rendered":"<p>Oz Lotto on Australian ensimm\u00e4inen kansallinen lotto. Se alkoi vuonna 1994, ja siit\u00e4 on tullut suosittu vedonly\u00f6jien keskuudessa kaikkialla anteliaan j\u00e4ttipotin ansiosta. Pelaajiin vetoaa muutakin kuin vain suuri j\u00e4ttipotti. Eri lotoilla on omat s\u00e4\u00e4nt\u00f6ns\u00e4 ja menetelm\u00e4ns\u00e4, mutta yksi yhteinen asia on, ett\u00e4 kertoimet eiv\u00e4t aina ole suotuisat. N\u00e4in ei kuitenkaan ole t\u00e4ss\u00e4 australialaisessa lotossa. Jos [&hellip;]<\/p>\n","protected":false},"author":1,"featured_media":0,"parent":35749,"menu_order":16,"comment_status":"closed","ping_status":"closed","template":"","meta":{"_et_pb_use_builder":"","_et_pb_old_content":"","_et_gb_content_width":"","exclude_from_search":false,"footnotes":""},"class_list":["post-37201","page","type-page","status-publish","hentry"],"yoast_head":"<!-- This site is optimized with the Yoast SEO plugin v23.3 - https:\/\/yoast.com\/wordpress\/plugins\/seo\/ -->\n<title>Osta Oz Lotto lippuja Australian ulkopuolelta | Oz Lotto liput netist\u00e4<\/title>\n<meta name=\"description\" content=\"OZ Lotto on pelattavissa sinulle, jos et asu Australiassa, voimme hankkia sinulle laillisen lipun t\u00e4h\u00e4n Aussie arpajaisiin netiss\u00e4\" \/>\n<meta name=\"robots\" content=\"index, follow, max-snippet:-1, max-image-preview:large, max-video-preview:-1\" \/>\n<link rel=\"canonical\" href=\"https:\/\/jackpotlotteryonline.com\/fi\/osta-lippuja\/oz-lotto\/\" \/>\n<meta property=\"og:locale\" content=\"fi_FI\" \/>\n<meta property=\"og:type\" content=\"article\" \/>\n<meta property=\"og:title\" content=\"Osta Oz Lotto lippuja Australian ulkopuolelta | Oz Lotto liput netist\u00e4\" \/>\n<meta property=\"og:description\" content=\"OZ Lotto on pelattavissa sinulle, jos et asu Australiassa, voimme hankkia sinulle laillisen lipun t\u00e4h\u00e4n Aussie arpajaisiin netiss\u00e4\" \/>\n<meta property=\"og:url\" content=\"https:\/\/jackpotlotteryonline.com\/fi\/osta-lippuja\/oz-lotto\/\" \/>\n<meta property=\"og:site_name\" content=\"Lotto Online - Crack The International Lottery Jackpots\" \/>\n<meta property=\"article:modified_time\" content=\"2022-12-24T10:13:14+00:00\" \/>\n<meta property=\"og:image\" content=\"https:\/\/jackpotlotteryonline.com\/wp-content\/uploads\/2022\/11\/lottoballs.jpg\" \/>\n<meta name=\"twitter:card\" content=\"summary_large_image\" \/>\n<meta name=\"twitter:label1\" content=\"Arvioitu lukuaika\" \/>\n\t<meta name=\"twitter:data1\" content=\"3 minuuttia\" \/>\n<!-- \/ Yoast SEO plugin. -->","yoast_head_json":{"title":"Osta Oz Lotto lippuja Australian ulkopuolelta | Oz Lotto liput netist\u00e4","description":"OZ Lotto on pelattavissa sinulle, jos et asu Australiassa, voimme hankkia sinulle laillisen lipun t\u00e4h\u00e4n Aussie arpajaisiin netiss\u00e4","robots":{"index":"index","follow":"follow","max-snippet":"max-snippet:-1","max-image-preview":"max-image-preview:large","max-video-preview":"max-video-preview:-1"},"canonical":"https:\/\/jackpotlotteryonline.com\/fi\/osta-lippuja\/oz-lotto\/","og_locale":"fi_FI","og_type":"article","og_title":"Osta Oz Lotto lippuja Australian ulkopuolelta | Oz Lotto liput netist\u00e4","og_description":"OZ Lotto on pelattavissa sinulle, jos et asu Australiassa, voimme hankkia sinulle laillisen lipun t\u00e4h\u00e4n Aussie arpajaisiin netiss\u00e4","og_url":"https:\/\/jackpotlotteryonline.com\/fi\/osta-lippuja\/oz-lotto\/","og_site_name":"Lotto Online - Crack The International Lottery Jackpots","article_modified_time":"2022-12-24T10:13:14+00:00","og_image":[{"url":"https:\/\/jackpotlotteryonline.com\/wp-content\/uploads\/2022\/11\/lottoballs.jpg"}],"twitter_card":"summary_large_image","twitter_misc":{"Arvioitu lukuaika":"3 minuuttia"},"schema":{"@context":"https:\/\/schema.org","@graph":[{"@type":"WebPage","@id":"https:\/\/jackpotlotteryonline.com\/fi\/osta-lippuja\/oz-lotto\/","url":"https:\/\/jackpotlotteryonline.com\/fi\/osta-lippuja\/oz-lotto\/","name":"Osta Oz Lotto lippuja Australian ulkopuolelta | Oz Lotto liput netist\u00e4","isPartOf":{"@id":"https:\/\/jackpotlotteryonline.com\/#website"},"primaryImageOfPage":{"@id":"https:\/\/jackpotlotteryonline.com\/fi\/osta-lippuja\/oz-lotto\/#primaryimage"},"image":{"@id":"https:\/\/jackpotlotteryonline.com\/fi\/osta-lippuja\/oz-lotto\/#primaryimage"},"thumbnailUrl":"https:\/\/jackpotlotteryonline.com\/wp-content\/uploads\/2022\/11\/lottoballs.jpg","datePublished":"2022-11-11T06:11:45+00:00","dateModified":"2022-12-24T10:13:14+00:00","description":"OZ Lotto on pelattavissa sinulle, jos et asu Australiassa, voimme hankkia sinulle laillisen lipun t\u00e4h\u00e4n Aussie arpajaisiin netiss\u00e4","breadcrumb":{"@id":"https:\/\/jackpotlotteryonline.com\/fi\/osta-lippuja\/oz-lotto\/#breadcrumb"},"inLanguage":"fi","potentialAction":[{"@type":"ReadAction","target":["https:\/\/jackpotlotteryonline.com\/fi\/osta-lippuja\/oz-lotto\/"]}]},{"@type":"ImageObject","inLanguage":"fi","@id":"https:\/\/jackpotlotteryonline.com\/fi\/osta-lippuja\/oz-lotto\/#primaryimage","url":"https:\/\/jackpotlotteryonline.com\/wp-content\/uploads\/2022\/11\/lottoballs.jpg","contentUrl":"https:\/\/jackpotlotteryonline.com\/wp-content\/uploads\/2022\/11\/lottoballs.jpg"},{"@type":"BreadcrumbList","@id":"https:\/\/jackpotlotteryonline.com\/fi\/osta-lippuja\/oz-lotto\/#breadcrumb","itemListElement":[{"@type":"ListItem","position":1,"name":"Home","item":"https:\/\/jackpotlotteryonline.com\/fi\/"},{"@type":"ListItem","position":2,"name":"Miten ostaa lottokuponkeja verkossa","item":"https:\/\/jackpotlotteryonline.com\/fi\/osta-lippuja\/"},{"@type":"ListItem","position":3,"name":"Osta Oz Lotto liput"}]},{"@type":"WebSite","@id":"https:\/\/jackpotlotteryonline.com\/#website","url":"https:\/\/jackpotlotteryonline.com\/","name":"Lotto Online - Crack The International Lottery Jackpots","description":"","potentialAction":[{"@type":"SearchAction","target":{"@type":"EntryPoint","urlTemplate":"https:\/\/jackpotlotteryonline.com\/?s={search_term_string}"},"query-input":"required name=search_term_string"}],"inLanguage":"fi"}]}},"_links":{"self":[{"href":"https:\/\/jackpotlotteryonline.com\/fi\/wp-json\/wp\/v2\/pages\/37201","targetHints":{"allow":["GET"]}}],"collection":[{"href":"https:\/\/jackpotlotteryonline.com\/fi\/wp-json\/wp\/v2\/pages"}],"about":[{"href":"https:\/\/jackpotlotteryonline.com\/fi\/wp-json\/wp\/v2\/types\/page"}],"author":[{"embeddable":true,"href":"https:\/\/jackpotlotteryonline.com\/fi\/wp-json\/wp\/v2\/users\/1"}],"replies":[{"embeddable":true,"href":"https:\/\/jackpotlotteryonline.com\/fi\/wp-json\/wp\/v2\/comments?post=37201"}],"version-history":[{"count":0,"href":"https:\/\/jackpotlotteryonline.com\/fi\/wp-json\/wp\/v2\/pages\/37201\/revisions"}],"up":[{"embeddable":true,"href":"https:\/\/jackpotlotteryonline.com\/fi\/wp-json\/wp\/v2\/pages\/35749"}],"wp:attachment":[{"href":"https:\/\/jackpotlotteryonline.com\/fi\/wp-json\/wp\/v2\/media?parent=37201"}],"curies":[{"name":"wp","href":"https:\/\/api.w.org\/{rel}","templated":true}]}}